{"id":16,"date":"2025-04-26T15:02:08","date_gmt":"2025-04-26T18:02:08","guid":{"rendered":"https:\/\/bioflexnutrition.com.br\/?page_id=16"},"modified":"2025-04-26T15:17:52","modified_gmt":"2025-04-26T18:17:52","slug":"politica-de-troca-e-devolucao","status":"publish","type":"page","link":"https:\/\/bioflexnutrition.com.br\/en\/politica-de-troca-e-devolucao\/","title":{"rendered":"Pol\u00edtica de Troca e Devolu\u00e7\u00e3o"},"content":{"rendered":"<div data-elementor-type=\"wp-page\" data-elementor-id=\"16\" class=\"elementor elementor-16\">\n\t\t\t\t<div class=\"elementor-element elementor-element-5e83699f e-flex e-con-boxed e-con e-parent\" data-id=\"5e83699f\" data-element_type=\"container\" data-e-type=\"container\">\n\t\t\t\t\t<div class=\"e-con-inner\">\n\t\t\t\t<div class=\"elementor-element elementor-element-c15046e elementor-widget elementor-widget-text-editor\" data-id=\"c15046e\" data-element_type=\"widget\" data-e-type=\"widget\" data-widget_type=\"text-editor.default\">\n\t\t\t\t<div class=\"elementor-widget-container\">\n\t\t\t\t\t\t\t\t\t\n<h2><b>Sua satisfa\u00e7\u00e3o garantida: trocas e devolu\u00e7\u00f5es sem complica\u00e7\u00f5es<\/b><\/h2>\n<p><span style=\"font-weight: 400;\">A presente Pol\u00edtica de Trocas e Devolu\u00e7\u00f5es da Colocar o nome da empresa ( raz\u00e3o social ) &#8211; Bio Flex Nutrition ) &#8211; CNPJ ( 55.760.489\/0001-91)\u00a0<\/span><span style=\"font-weight: 400;\">\u00e9 aplic\u00e1vel a todas as compras feitas pelo consumidor <\/span><span style=\"font-weight: 400;\">final conforme definido nos termos do Art. 2\u00ba do C\u00f3digo de Defesa do <\/span><span style=\"font-weight: 400;\">Consumidor (CDC), atrav\u00e9s do site <\/span><a href=\"https:\/\/bioflexnutrition.com.br\/en\/\"><span style=\"font-weight: 400;\">www.bioflexnutrition.com.br<\/span><\/a><\/p>\n<p><span style=\"font-weight: 400;\">A desist\u00eancia de compra por arrependimento ou insatisfa\u00e7\u00e3o s\u00f3 \u00e9 v\u00e1lida para pedidos realizados no site da Puravida. Produtos comprados em revendas n\u00e3o ser\u00e3o trocados pela loja online, devendo o consumidor dirigir-se ao local onde o produto foi adquirido.<\/span><\/p>\n<p><span style=\"font-weight: 400;\"><strong>Como Proceder:<\/strong> O cliente deve comunicar a desist\u00eancia de compra entrando em contato com nossa Central de Atendimento em um prazo de at\u00e9 7 (sete) dias corridos a partir da data de recebimento do produto.<\/span><\/p>\n<p><span style=\"font-weight: 400;\">Ap\u00f3s isso, nossa equipe de Atendimento ir\u00e1 informar um c\u00f3digo de postagem via correios com validade de 14 dias, (n\u00e3o haver\u00e1 custo para o envio). O cliente deve devolver o produto em perfeito estado de conserva\u00e7\u00e3o e em sua embalagem original, sem ind\u00edcios de uso, sem viola\u00e7\u00e3o ou modifica\u00e7\u00e3o e acompanhado da DANFE (Documento Auxiliar da Nota Fiscal Eletr\u00f4nica) e embalado conforme recomenda\u00e7\u00f5es dos correios.<\/span><\/p>\n<p><span style=\"font-weight: 400;\">O produto estar\u00e1 sujeito a uma an\u00e1lise do Controle de Qualidade da Bioflex. A restitui\u00e7\u00e3o do valor pago somente ser\u00e1 liberada ap\u00f3s aprova\u00e7\u00e3o do Controle de Qualidade da Bioflex. Caso seja identificada qualquer diverg\u00eancia ou viola\u00e7\u00e3o do produto, n\u00e3o ser\u00e1 aceita a devolu\u00e7\u00e3o e o produto ser\u00e1 devolvido ao cliente.<\/span><\/p>\n<p><span style=\"font-weight: 400;\">O cliente poder\u00e1 acompanhar a devolu\u00e7\u00e3o atrav\u00e9s do rastreio dos correios desde a postagem at\u00e9 a chegada em nosso Centro de Distribui\u00e7\u00e3o.<\/span><\/p>\n<p><span style=\"font-weight: 400;\">Ap\u00f3s o recebimento e checagem do pedido, nossa Central de Atendimento entrar\u00e1 em contato com o cliente para alinhar a forma de ressarcimento do valor pago.<\/span><\/p>\n<p><span style=\"font-weight: 400;\">Na devolu\u00e7\u00e3o dos produtos, a restitui\u00e7\u00e3o do valor pago n\u00e3o incluir\u00e1 o valor pago pelo frete e ser\u00e1 realizada por meio da mesma modalidade de pagamento utilizado no fechamento do pedido.<\/span><\/p>\n<p><span style=\"font-weight: 400;\">O valor correspondente \u00e0 restitui\u00e7\u00e3o do valor pago poder\u00e1 ser convertido em \u201cCr\u00e9dito\u201d para a utiliza\u00e7\u00e3o exclusivamente no site da Bioflex no prazo de at\u00e9 2 meses, contados a partir de sua emiss\u00e3o ou reembolsado de acordo com o m\u00e9todo de pagamento utilizado no ato da compra.<\/span><\/p>\n<h4><strong>DESIST\u00caNCIA DE COMPRA COM O PEDIDO EM TR\u00c2NSITO<\/strong><\/h4>\n<p><span style=\"font-weight: 400;\">Caso o cliente tenha desistido da sua compra e o pedido estiver em tr\u00e2nsito, ser\u00e1 necess\u00e1rio efetuar a recusa do pedido no momento da entrega para que o mesmo seja devolvido ao nosso Centro de Distribui\u00e7\u00e3o da forma como foi enviado.<\/span><\/p>\n<p><span style=\"font-weight: 400;\">Ap\u00f3s o recebimento e checagem do pedido, nossa Central de Atendimento entrar\u00e1 em contato com o cliente para definir a forma de ressarcimento do valor pago.<\/span><\/p>\n<p><span style=\"font-weight: 400;\">A troca de produtos \u00e9 v\u00e1lida somente para pedidos realizados via internet. Produtos comprados em revendas n\u00e3o ser\u00e3o trocados pela loja online, devendo o consumidor dirigir-se ao local onde o produto foi adquirido.<\/span><\/p>\n<p><span style=\"font-weight: 400;\">O cliente deve comunicar a solicita\u00e7\u00e3o de troca entrando em contato com nossa Central de Atendimento em um prazo de at\u00e9 15 (quinze) dias corridos, a partir da data de recebimento do produto, explicando o motivo da troca.<\/span><\/p>\n<p><span style=\"font-weight: 400;\">Ap\u00f3s isso, a equipe de Atendimento ir\u00e1 informar um c\u00f3digo de postagem via correios com validade de 14 dias, (n\u00e3o haver\u00e1 custo para o envio). O cliente deve devolver o produto a ser trocado em perfeito estado de conserva\u00e7\u00e3o e em sua embalagem original, sem ind\u00edcios de uso, sem viola\u00e7\u00e3o ou modifica\u00e7\u00e3o e acompanhado da DANFE (Documento Auxiliar da Nota Fiscal Eletr\u00f4nica) e embalado conforme recomenda\u00e7\u00f5es dos correios.<\/span><\/p>\n<p><span style=\"font-weight: 400;\">No verso da nota fiscal a ser devolvida\/trocada, o cliente deve informar o motivo da devolu\u00e7\u00e3o\/troca, o nome de quem est\u00e1 devolvendo, CPF e a data da devolu\u00e7\u00e3o.<\/span><\/p>\n<p><span style=\"font-weight: 400;\">A aus\u00eancia da nota fiscal com a descri\u00e7\u00e3o impedir\u00e1 a identifica\u00e7\u00e3o da sua solicita\u00e7\u00e3o, gerando atrasos no processo de troca. Por isso, n\u00e3o deixe de descrever o motivo da devolu\u00e7\u00e3o no verso da nota fiscal e encaminh\u00e1-la com o produto.<\/span><\/p>\n<p><span style=\"font-weight: 400;\">O cliente poder\u00e1 acompanhar a devolu\u00e7\u00e3o atrav\u00e9s do rastreio dos correios desde a postagem at\u00e9 a chegada em nosso Centro de Distribui\u00e7\u00e3o.<\/span><\/p>\n<p><span style=\"font-weight: 400;\">Ap\u00f3s o recebimento e checagem do(s) produto(s), havendo produto em estoque, ser\u00e1 enviado automaticamente outro produto ao cliente.<\/span><\/p>\n<p><span style=\"font-weight: 400;\">Na falta do produto em estoque, ser\u00e3o oferecidas as seguintes maneiras de resolu\u00e7\u00e3o: troca por outro produto, devolu\u00e7\u00e3o do valor pago ou cr\u00e9dito no valor do produto para usar em nosso site.<\/span><\/p>\n<p><span style=\"font-weight: 400;\">Ressaltamos que a troca ser\u00e1 efetuada apenas se o produto estiver na sua embalagem original, sem ind\u00edcios de uso e sem viola\u00e7\u00e3o ou modifica\u00e7\u00e3o.<\/span><\/p>\n<h4><strong>TROCA POR DEFEITO \/ INCONFORMIDADE<\/strong><\/h4>\n<p><span style=\"font-weight: 400;\">Caso o cliente constate qualquer defeito de fabrica\u00e7\u00e3o ou inconformidade em um produto adquirido, dever\u00e1 entrar em contato com nossa Central de Atendimento no prazo de at\u00e9 7 dias ap\u00f3s o recebimento do produto (nos termos do Art. 26, II do CDC) e, seguindo as instru\u00e7\u00f5es que lhe forem passadas, as marcas como Essential, True Source, Pura Vida, a troca \u00e9 feita diretamente pela SAC da marca mediante apresenta\u00e7\u00e3o da nota fiscal. J\u00e1 as demais reenviar o produto \u00e0 BioFlex em sua embalagem original. Os produtos devolvidos ser\u00e3o analisados e, caso seja confirmado qualquer defeito de fabrica\u00e7\u00e3o, a Bio Flex far\u00e1 a troca do produto ou restitui\u00e7\u00e3o do valor pago no prazo de at\u00e9 90 (noventa) dias corridos contados da solicita\u00e7\u00e3o feita pelo cliente. A respectiva troca n\u00e3o ser\u00e1 efetuada caso sejam constatados quaisquer ind\u00edcios de uso ou m\u00e1 manipula\u00e7\u00e3o do produto. Caso n\u00e3o sejam constatados defeitos de fabrica\u00e7\u00e3o ou caso sejam constatados que os defeitos no produto decorrem de m\u00e1 manipula\u00e7\u00e3o ou mau uso pelo cliente, a Bio Flex enviar\u00e1 o produto de volta ao cliente sem o correspondente reembolso dos valores pagos.<\/span><\/p>\n<h4><strong>RECUSA DO PEDIDO<\/strong><\/h4>\n<p><span style=\"font-weight: 400;\">O cliente deve observar o produto no ato recebimento e caso sejam observadas alguma das hip\u00f3teses abaixo, deve recusar o recebimento imediatamente e escrever o motivo no verso da nota fiscal:<\/span><\/p>\n<ul>\n<li><span style=\"font-weight: 400;\">Embalagem aberta<\/span><\/li>\n<li><span style=\"font-weight: 400;\">Embalagem avariada<\/span><\/li>\n<\/ul>\n<p><span style=\"font-weight: 400;\">Caso tenha aceitado o produto nessas condi\u00e7\u00f5es, pedimos que entre em contato com nossa Central de Atendimento em at\u00e9 48 horas para solucionarmos o problema.<\/span><\/p>\n<h4><strong>PRAZO PARA RESOLU\u00c7\u00c3O DA TROCA<\/strong><\/h4>\n<p><span style=\"font-weight: 400;\">A Bio Flex tem at\u00e9 30 (trinta) dias corridos, contados a partir da data do recebimento do produto no Centro de Distribui\u00e7\u00e3o, para verificar se a solicita\u00e7\u00e3o preenche os requisitos da Pol\u00edtica de Trocas e Devolu\u00e7\u00f5es.<\/span><\/p>\n<h4><strong>FORMA DE RESTITUI\u00c7\u00c3O DOS VALORES PAGOS<\/strong><\/h4>\n<p><span style=\"font-weight: 400;\">Pagamentos com Cart\u00e3o de Cr\u00e9dito: a BioFlex notificar\u00e1 a administradora do cart\u00e3o utilizado pelo cliente e o estorno ocorrer\u00e1 em at\u00e9 02 (duas) faturas subsequentes. Este procedimento \u00e9 de responsabilidade da administradora do cart\u00e3o.<\/span><\/p>\n<p><span style=\"font-weight: 400;\">Pagamentos com Boleto Banc\u00e1rio: o reembolso ser\u00e1 feito na conta corrente indicada pelo Cliente no prazo de at\u00e9 30 dias \u00fateis contados do recebimento pela Puravida do produto devolvido. \u00c9 necess\u00e1rio que o CPF do titular seja o mesmo que consta no pedido (CPF do cliente). N\u00e3o ser\u00e1 concedido cr\u00e9dito a terceiros. Os dados banc\u00e1rios para o ressarcimento dever\u00e3o ser enviados pelo cliente direto \u00e0 BioFlex, que enviar\u00e1 um e-mail solicitando os mesmos.<\/span><\/p>\n<p><span style=\"font-weight: 400;\">Em caso de devolu\u00e7\u00e3o para restitui\u00e7\u00e3o do valor, o estorno ser\u00e1 processado somente ap\u00f3s o recebimento do(s) produto(s) em nosso Centro de Distribui\u00e7\u00e3o.<\/span><\/p>\n<p><span style=\"font-weight: 400;\">Pagamentos com Boleto Banc\u00e1rio: o reembolso ser\u00e1 feito na conta corrente indicada pelo Cliente no prazo de at\u00e9 10 dias \u00fateis contados do recebimento pela Puravida do produto devolvido. \u00c9 necess\u00e1rio que o CPF do titular seja o mesmo que consta no pedido (CPF do cliente). N\u00e3o ser\u00e1 concedido cr\u00e9dito a terceiros. Os dados banc\u00e1rios para o ressarcimento dever\u00e3o ser enviados pelo cliente direto \u00e0 BioFlex, que enviar\u00e1 um e-mail solicitando os mesmos.<\/span><\/p>\n<h4><strong>IMPORTANTE<\/strong><\/h4>\n<p><span style=\"font-weight: 400;\">A troca ou devolu\u00e7\u00e3o de produtos adquiridos na Bio Flex \u00e9 garantido quando o contato com nossa Central de Atendimento ocorrer dentro dos prazos descritos acima.<\/span><\/p>\n<h4><strong>DISPOSI\u00c7\u00d5ES GERAIS<\/strong><\/h4>\n<p><span style=\"font-weight: 400;\">As disposi\u00e7\u00f5es desta Pol\u00edtica de Trocas e Devolu\u00e7\u00f5es poder\u00e3o ser atualizadas ou modificadas a qualquer momento, portanto sugerimos a verifica\u00e7\u00e3o pelo internauta\/cliente sempre que efetuar o acesso ao Portal. Em caso de qualquer d\u00favida com rela\u00e7\u00e3o \u00e0 Pol\u00edtica de Trocas e Devolu\u00e7\u00f5es, o cliente\/internauta poder\u00e1 entrar em contato com nossa Central de Atendimento a qualquer momento..<\/span><\/p>\n<h4><strong>TERMOS E CONDI\u00c7\u00d5ES DE USO<\/strong><\/h4>\n<p><strong>CANCELAMENTOS<\/strong><\/p>\n<ul>\n<li><span style=\"font-weight: 400;\">A BioFlex se reserva o direito de cancelar pedidos, reembolsando integralmente o valor pago pelo cliente, em casos de mau funcionamento das plataformas eletr\u00f4nicas, erros de digita\u00e7\u00e3o ou problemas de estoque alheios ao nosso controle.<\/span><\/li>\n<\/ul>\n<p><strong>ALTERA\u00c7\u00c3O DE PEDIDOS<\/strong><\/p>\n<ul>\n<li><span style=\"font-weight: 400;\">Caso seu pedido j\u00e1 tenha sido conclu\u00eddo, n\u00e3o ser\u00e1 poss\u00edvel fazer a altera\u00e7\u00e3o do endere\u00e7o do destinat\u00e1rio, incluir\/substituir produtos do pedido ou alterar a modalidade de pagamento.<\/span><\/li>\n<\/ul>\n<p><strong>PAGAMENTOS COM BOLETOS<\/strong><\/p>\n<ul>\n<li><span style=\"font-weight: 400;\">Os boletos gerados em nosso site tem validade de 3 dias \u00fateis, ap\u00f3s esse prazo o pedido ser\u00e1 automaticamente cancelado e os produtos retornar\u00e3o para nosso estoque.<\/span><\/li>\n<\/ul>\n\t\t\t\t\t\t\t\t<\/div>\n\t\t\t\t<\/div>\n\t\t\t\t\t<\/div>\n\t\t\t\t<\/div>\n\t\t\t\t<\/div>","protected":false},"excerpt":{"rendered":"<p>Sua satisfa\u00e7\u00e3o garantida: trocas e devolu\u00e7\u00f5es sem complica\u00e7\u00f5es A presente Pol\u00edtica de Trocas e Devolu\u00e7\u00f5es da Colocar o nome da empresa ( raz\u00e3o social ) &#8211; Bio Flex Nutrition ) &#8211; CNPJ ( 55.760.489\/0001-91)\u00a0\u00e9 aplic\u00e1vel a todas as compras feitas pelo consumidor final conforme definido nos termos do Art. 2\u00ba do C\u00f3digo de Defesa do&hellip;<\/p>","protected":false},"author":1,"featured_media":0,"parent":0,"menu_order":0,"comment_status":"closed","ping_status":"closed","template":"","meta":{"_joinchat":[],"footnotes":""},"class_list":["post-16","page","type-page","status-publish","hentry"],"yoast_head":"<!-- This site is optimized with the Yoast SEO plugin v27.3 - https:\/\/yoast.com\/product\/yoast-seo-wordpress\/ -->\n<title>Pol\u00edtica de Troca e Devolu\u00e7\u00e3o - Bioflex Nutrition<\/title>\n<meta name=\"robots\" content=\"index, follow, max-snippet:-1, max-image-preview:large, max-video-preview:-1\" \/>\n<link rel=\"canonical\" href=\"https:\/\/bioflexnutrition.com.br\/en\/politica-de-troca-e-devolucao\/\" \/>\n<meta property=\"og:locale\" content=\"en_US\" \/>\n<meta property=\"og:type\" content=\"article\" \/>\n<meta property=\"og:title\" content=\"Pol\u00edtica de Troca e Devolu\u00e7\u00e3o - Bioflex Nutrition\" \/>\n<meta property=\"og:description\" content=\"Sua satisfa\u00e7\u00e3o garantida: trocas e devolu\u00e7\u00f5es sem complica\u00e7\u00f5es A presente Pol\u00edtica de Trocas e Devolu\u00e7\u00f5es da Colocar o nome da empresa ( raz\u00e3o social ) &#8211; Bio Flex Nutrition ) &#8211; CNPJ ( 55.760.489\/0001-91)\u00a0\u00e9 aplic\u00e1vel a todas as compras feitas pelo consumidor final conforme definido nos termos do Art. 2\u00ba do C\u00f3digo de Defesa do&hellip;\" \/>\n<meta property=\"og:url\" content=\"https:\/\/bioflexnutrition.com.br\/en\/politica-de-troca-e-devolucao\/\" \/>\n<meta property=\"og:site_name\" content=\"Bioflex Nutrition\" \/>\n<meta property=\"article:modified_time\" content=\"2025-04-26T18:17:52+00:00\" \/>\n<meta name=\"twitter:card\" content=\"summary_large_image\" \/>\n<meta name=\"twitter:label1\" content=\"Est. reading time\" \/>\n\t<meta name=\"twitter:data1\" content=\"8 minutes\" \/>\n<script type=\"application\/ld+json\" class=\"yoast-schema-graph\">{\"@context\":\"https:\\\/\\\/schema.org\",\"@graph\":[{\"@type\":\"WebPage\",\"@id\":\"https:\\\/\\\/bioflexnutrition.com.br\\\/politica-de-troca-e-devolucao\\\/\",\"url\":\"https:\\\/\\\/bioflexnutrition.com.br\\\/politica-de-troca-e-devolucao\\\/\",\"name\":\"Pol\u00edtica de Troca e Devolu\u00e7\u00e3o - Bioflex Nutrition\",\"isPartOf\":{\"@id\":\"https:\\\/\\\/bioflexnutrition.com.br\\\/#website\"},\"datePublished\":\"2025-04-26T18:02:08+00:00\",\"dateModified\":\"2025-04-26T18:17:52+00:00\",\"breadcrumb\":{\"@id\":\"https:\\\/\\\/bioflexnutrition.com.br\\\/politica-de-troca-e-devolucao\\\/#breadcrumb\"},\"inLanguage\":\"en-US\",\"potentialAction\":[{\"@type\":\"ReadAction\",\"target\":[\"https:\\\/\\\/bioflexnutrition.com.br\\\/politica-de-troca-e-devolucao\\\/\"]}]},{\"@type\":\"BreadcrumbList\",\"@id\":\"https:\\\/\\\/bioflexnutrition.com.br\\\/politica-de-troca-e-devolucao\\\/#breadcrumb\",\"itemListElement\":[{\"@type\":\"ListItem\",\"position\":1,\"name\":\"In\u00edcio\",\"item\":\"https:\\\/\\\/bioflexnutrition.com.br\\\/\"},{\"@type\":\"ListItem\",\"position\":2,\"name\":\"Pol\u00edtica de Troca e Devolu\u00e7\u00e3o\"}]},{\"@type\":\"WebSite\",\"@id\":\"https:\\\/\\\/bioflexnutrition.com.br\\\/#website\",\"url\":\"https:\\\/\\\/bioflexnutrition.com.br\\\/\",\"name\":\"Bioflex Nutrition\",\"description\":\"Sua loja online de Nutri\u00e7\u00e3o e Sa\u00fade\",\"publisher\":{\"@id\":\"https:\\\/\\\/bioflexnutrition.com.br\\\/#organization\"},\"potentialAction\":[{\"@type\":\"SearchAction\",\"target\":{\"@type\":\"EntryPoint\",\"urlTemplate\":\"https:\\\/\\\/bioflexnutrition.com.br\\\/?s={search_term_string}\"},\"query-input\":{\"@type\":\"PropertyValueSpecification\",\"valueRequired\":true,\"valueName\":\"search_term_string\"}}],\"inLanguage\":\"en-US\"},{\"@type\":\"Organization\",\"@id\":\"https:\\\/\\\/bioflexnutrition.com.br\\\/#organization\",\"name\":\"Bioflex Nutrition\",\"url\":\"https:\\\/\\\/bioflexnutrition.com.br\\\/\",\"logo\":{\"@type\":\"ImageObject\",\"inLanguage\":\"en-US\",\"@id\":\"https:\\\/\\\/bioflexnutrition.com.br\\\/#\\\/schema\\\/logo\\\/image\\\/\",\"url\":\"https:\\\/\\\/bioflexnutrition.com.br\\\/wp-content\\\/uploads\\\/2025\\\/04\\\/fav.webp\",\"contentUrl\":\"https:\\\/\\\/bioflexnutrition.com.br\\\/wp-content\\\/uploads\\\/2025\\\/04\\\/fav.webp\",\"width\":1150,\"height\":1000,\"caption\":\"Bioflex Nutrition\"},\"image\":{\"@id\":\"https:\\\/\\\/bioflexnutrition.com.br\\\/#\\\/schema\\\/logo\\\/image\\\/\"},\"sameAs\":[\"https:\\\/\\\/www.instagram.com\\\/bioflexnh\\\/\"]}]}<\/script>\n<!-- \/ Yoast SEO plugin. -->","yoast_head_json":{"title":"Pol\u00edtica de Troca e Devolu\u00e7\u00e3o - Bioflex Nutrition","robots":{"index":"index","follow":"follow","max-snippet":"max-snippet:-1","max-image-preview":"max-image-preview:large","max-video-preview":"max-video-preview:-1"},"canonical":"https:\/\/bioflexnutrition.com.br\/en\/politica-de-troca-e-devolucao\/","og_locale":"en_US","og_type":"article","og_title":"Pol\u00edtica de Troca e Devolu\u00e7\u00e3o - Bioflex Nutrition","og_description":"Sua satisfa\u00e7\u00e3o garantida: trocas e devolu\u00e7\u00f5es sem complica\u00e7\u00f5es A presente Pol\u00edtica de Trocas e Devolu\u00e7\u00f5es da Colocar o nome da empresa ( raz\u00e3o social ) &#8211; Bio Flex Nutrition ) &#8211; CNPJ ( 55.760.489\/0001-91)\u00a0\u00e9 aplic\u00e1vel a todas as compras feitas pelo consumidor final conforme definido nos termos do Art. 2\u00ba do C\u00f3digo de Defesa do&hellip;","og_url":"https:\/\/bioflexnutrition.com.br\/en\/politica-de-troca-e-devolucao\/","og_site_name":"Bioflex Nutrition","article_modified_time":"2025-04-26T18:17:52+00:00","twitter_card":"summary_large_image","twitter_misc":{"Est. reading time":"8 minutes"},"schema":{"@context":"https:\/\/schema.org","@graph":[{"@type":"WebPage","@id":"https:\/\/bioflexnutrition.com.br\/politica-de-troca-e-devolucao\/","url":"https:\/\/bioflexnutrition.com.br\/politica-de-troca-e-devolucao\/","name":"Pol\u00edtica de Troca e Devolu\u00e7\u00e3o - Bioflex Nutrition","isPartOf":{"@id":"https:\/\/bioflexnutrition.com.br\/#website"},"datePublished":"2025-04-26T18:02:08+00:00","dateModified":"2025-04-26T18:17:52+00:00","breadcrumb":{"@id":"https:\/\/bioflexnutrition.com.br\/politica-de-troca-e-devolucao\/#breadcrumb"},"inLanguage":"en-US","potentialAction":[{"@type":"ReadAction","target":["https:\/\/bioflexnutrition.com.br\/politica-de-troca-e-devolucao\/"]}]},{"@type":"BreadcrumbList","@id":"https:\/\/bioflexnutrition.com.br\/politica-de-troca-e-devolucao\/#breadcrumb","itemListElement":[{"@type":"ListItem","position":1,"name":"In\u00edcio","item":"https:\/\/bioflexnutrition.com.br\/"},{"@type":"ListItem","position":2,"name":"Pol\u00edtica de Troca e Devolu\u00e7\u00e3o"}]},{"@type":"WebSite","@id":"https:\/\/bioflexnutrition.com.br\/#website","url":"https:\/\/bioflexnutrition.com.br\/","name":"Bioflex Nutrition","description":"Sua loja online de Nutri\u00e7\u00e3o e Sa\u00fade","publisher":{"@id":"https:\/\/bioflexnutrition.com.br\/#organization"},"potentialAction":[{"@type":"SearchAction","target":{"@type":"EntryPoint","urlTemplate":"https:\/\/bioflexnutrition.com.br\/?s={search_term_string}"},"query-input":{"@type":"PropertyValueSpecification","valueRequired":true,"valueName":"search_term_string"}}],"inLanguage":"en-US"},{"@type":"Organization","@id":"https:\/\/bioflexnutrition.com.br\/#organization","name":"Bioflex Nutrition","url":"https:\/\/bioflexnutrition.com.br\/","logo":{"@type":"ImageObject","inLanguage":"en-US","@id":"https:\/\/bioflexnutrition.com.br\/#\/schema\/logo\/image\/","url":"https:\/\/bioflexnutrition.com.br\/wp-content\/uploads\/2025\/04\/fav.webp","contentUrl":"https:\/\/bioflexnutrition.com.br\/wp-content\/uploads\/2025\/04\/fav.webp","width":1150,"height":1000,"caption":"Bioflex Nutrition"},"image":{"@id":"https:\/\/bioflexnutrition.com.br\/#\/schema\/logo\/image\/"},"sameAs":["https:\/\/www.instagram.com\/bioflexnh\/"]}]}},"_links":{"self":[{"href":"https:\/\/bioflexnutrition.com.br\/en\/wp-json\/wp\/v2\/pages\/16","targetHints":{"allow":["GET"]}}],"collection":[{"href":"https:\/\/bioflexnutrition.com.br\/en\/wp-json\/wp\/v2\/pages"}],"about":[{"href":"https:\/\/bioflexnutrition.com.br\/en\/wp-json\/wp\/v2\/types\/page"}],"author":[{"embeddable":true,"href":"https:\/\/bioflexnutrition.com.br\/en\/wp-json\/wp\/v2\/users\/1"}],"replies":[{"embeddable":true,"href":"https:\/\/bioflexnutrition.com.br\/en\/wp-json\/wp\/v2\/comments?post=16"}],"version-history":[{"count":0,"href":"https:\/\/bioflexnutrition.com.br\/en\/wp-json\/wp\/v2\/pages\/16\/revisions"}],"wp:attachment":[{"href":"https:\/\/bioflexnutrition.com.br\/en\/wp-json\/wp\/v2\/media?parent=16"}],"curies":[{"name":"wp","href":"https:\/\/api.w.org\/{rel}","templated":true}]}}