{"id":4036,"date":"2025-04-25T06:38:53","date_gmt":"2025-04-25T09:38:53","guid":{"rendered":"http:\/\/demo2.drfuri.com\/martfury13\/?page_id=2"},"modified":"2025-04-26T15:28:53","modified_gmt":"2025-04-26T18:28:53","slug":"politica-de-privacidade","status":"publish","type":"page","link":"https:\/\/bioflexnutrition.com.br\/en\/politica-de-privacidade\/","title":{"rendered":"Pol\u00edtica de Privacidade"},"content":{"rendered":"<div data-elementor-type=\"wp-page\" data-elementor-id=\"4036\" class=\"elementor elementor-4036\">\n\t\t\t\t<div class=\"elementor-element elementor-element-3217f9c1 e-flex e-con-boxed e-con e-parent\" data-id=\"3217f9c1\" data-element_type=\"container\" data-e-type=\"container\">\n\t\t\t\t\t<div class=\"e-con-inner\">\n\t\t\t\t<div class=\"elementor-element elementor-element-4f3970d4 elementor-widget elementor-widget-text-editor\" data-id=\"4f3970d4\" data-element_type=\"widget\" data-e-type=\"widget\" data-widget_type=\"text-editor.default\">\n\t\t\t\t<div class=\"elementor-widget-container\">\n\t\t\t\t\t\t\t\t\t<h2><strong>Pol\u00edtica de privacidade<\/strong><\/h2><p><b>OBTEN\u00c7\u00c3O E USO DAS INFORMA\u00c7\u00d5ES<\/b><\/p><p><span style=\"font-weight: 400;\">Todos os dados que voc\u00ea, usu\u00e1rio, informa no site da <\/span><b>Bio Flex Nutrition<\/b><span style=\"font-weight: 400;\"> s\u00e3o sigilosos e utilizados exclusivamente para o processo de entrega, cobran\u00e7a ou para participa\u00e7\u00e3o em promo\u00e7\u00f5es solicitadas por voc\u00ea.<\/span><span style=\"font-weight: 400;\"><br \/><\/span><span style=\"font-weight: 400;\"> Os dados solicitados no momento do cadastro no site s\u00e3o necess\u00e1rios para os pagamentos e para que sua encomenda seja entregue com seguran\u00e7a no local desejado, dentro do prazo estabelecido.<\/span><\/p><p><span style=\"font-weight: 400;\">Voc\u00ea, usu\u00e1rio, declara estar de acordo com nossa pol\u00edtica de obten\u00e7\u00e3o e uso das informa\u00e7\u00f5es e tem ci\u00eancia de que esses dados poder\u00e3o ser utilizados para fins de comunica\u00e7\u00e3o da empresa conosco.<\/span><span style=\"font-weight: 400;\"><br \/><\/span><span style=\"font-weight: 400;\"> Voc\u00ea garante a veracidade e exatid\u00e3o das informa\u00e7\u00f5es fornecidas no nosso site, assumindo total responsabilidade em caso de dados incorretos, e compromete-se a mant\u00ea-los sempre atualizados. A <\/span><b>Bio Flex Nutrition<\/b><span style=\"font-weight: 400;\"> n\u00e3o assume qualquer responsabilidade por eventuais inexatid\u00f5es nos dados fornecidos durante o cadastro.<\/span><\/p><p><span style=\"font-weight: 400;\">Nosso site garante a privacidade dos dados pessoais armazenados, comprometendo-se a utilizar tecnologias adequadas para a prote\u00e7\u00e3o dessas informa\u00e7\u00f5es e mantendo um ambiente seguro com o uso de ferramentas apropriadas.<\/span><\/p><p><span style=\"font-weight: 400;\">Empresas parceiras poder\u00e3o confirmar os dados pessoais informados por voc\u00ea por meio de consultas a entidades p\u00fablicas, companhias especializadas ou bancos de dados, estando expressamente autorizadas para isso. No entanto, tal procedimento n\u00e3o isenta nem reduz sua responsabilidade quanto \u00e0 veracidade das informa\u00e7\u00f5es fornecidas. Caso sejam detectadas inexatid\u00f5es, a <\/span><b>Bio Flex Nutrition<\/b><span style=\"font-weight: 400;\"> poder\u00e1, a seu exclusivo crit\u00e9rio, suspender e\/ou cancelar o seu cadastro de usu\u00e1rio a qualquer momento.<\/span><\/p><p><span style=\"font-weight: 400;\">Voc\u00ea, usu\u00e1rio, compromete-se a utilizar os conte\u00fados disponibilizados no site da <\/span><b>Bio Flex Nutrition<\/b><span style=\"font-weight: 400;\"> conforme a legisla\u00e7\u00e3o vigente, os termos aqui descritos e demais regulamentos ou instru\u00e7\u00f5es. Em especial, compromete-se a n\u00e3o reproduzir, copiar, distribuir, transformar ou modificar os conte\u00fados do site sem autoriza\u00e7\u00e3o pr\u00e9via ou permiss\u00e3o legal. Da mesma forma, compromete-se a n\u00e3o suprimir, manipular ou de qualquer forma alterar direitos autorais, marcas, dispositivos t\u00e9cnicos de prote\u00e7\u00e3o, marcas digitais ou quaisquer mecanismos de identifica\u00e7\u00e3o contidos no site da <\/span><b>Bio Flex Nutrition<\/b><span style=\"font-weight: 400;\">.<\/span><\/p><p><b>ENVIO DE COMUNICADOS E MENSAGENS PUBLICIT\u00c1RIAS<\/b><\/p><p><span style=\"font-weight: 400;\">Conforme sua autoriza\u00e7\u00e3o no momento do cadastro, a BioFlex poder\u00e1 enviar comunicados e mensagens publicit\u00e1rias aos usu\u00e1rios cadastrados em nosso site, utilizando-se de todos os meios de comunica\u00e7\u00e3o dispon\u00edveis, como e-mail, SMS, MMS, mala direta, entre outros.<\/span><\/p><p><span style=\"font-weight: 400;\">Todos os comunicados, newsletters, avisos de ofertas e mensagens publicit\u00e1rias enviados por e-mail incluir\u00e3o a op\u00e7\u00e3o de cancelamento do recebimento. A solicita\u00e7\u00e3o ser\u00e1 processada no menor prazo poss\u00edvel.<\/span><\/p><p><span style=\"font-weight: 400;\">O opt-out \u00e9 feito por meio do e-mail do usu\u00e1rio. Assim, usu\u00e1rios com mais de um cadastro poder\u00e3o continuar a receber comunica\u00e7\u00f5es no e-mail que n\u00e3o foi desativado.<\/span><\/p><p><span style=\"font-weight: 400;\">Lembramos que o endere\u00e7o de e-mail informado no momento do cadastro ser\u00e1 utilizado para envio de comunicados durante todo o processo de compra \u2014 por exemplo, para informa\u00e7\u00f5es sobre o pedido, status da entrega, cupons de desconto e promo\u00e7\u00f5es exclusivas. Por isso, recomendamos que adicione nosso endere\u00e7o de e-mail \u00e0 sua lista de remetentes confi\u00e1veis, para evitar que nossas mensagens sejam bloqueadas por filtros de spam.<\/span><\/p><p><b>MODIFICA\u00c7\u00d5ES DE NOSSA POL\u00cdTICA DE PRIVACIDADE<\/b><\/p><p><span style=\"font-weight: 400;\">Em busca de constante aprimoramento, a <\/span><b>Bio Flex Nutrition<\/b><span style=\"font-weight: 400;\"> poder\u00e1 alterar sua pol\u00edtica de privacidade a qualquer momento. Sempre que isso ocorrer, as altera\u00e7\u00f5es ser\u00e3o divulgadas em nosso site.<\/span><\/p><p><span style=\"font-weight: 400;\">Ao utilizar os servi\u00e7os do nosso site, voc\u00ea concorda e aceita os termos da pol\u00edtica de privacidade vigente na data, sendo de sua responsabilidade verific\u00e1-la periodicamente.<\/span><\/p>\t\t\t\t\t\t\t\t<\/div>\n\t\t\t\t<\/div>\n\t\t\t\t\t<\/div>\n\t\t\t\t<\/div>\n\t\t\t\t<\/div>","protected":false},"excerpt":{"rendered":"<p>Pol\u00edtica de privacidade OBTEN\u00c7\u00c3O E USO DAS INFORMA\u00c7\u00d5ES Todos os dados que voc\u00ea, usu\u00e1rio, informa no site da Bio Flex Nutrition s\u00e3o sigilosos e utilizados exclusivamente para o processo de entrega, cobran\u00e7a ou para participa\u00e7\u00e3o em promo\u00e7\u00f5es solicitadas por voc\u00ea. Os dados solicitados no momento do cadastro no site s\u00e3o necess\u00e1rios para os pagamentos e&hellip;<\/p>","protected":false},"author":1,"featured_media":0,"parent":0,"menu_order":0,"comment_status":"closed","ping_status":"closed","template":"","meta":{"_joinchat":[],"footnotes":""},"class_list":["post-4036","page","type-page","status-publish","hentry"],"yoast_head":"<!-- This site is optimized with the Yoast SEO plugin v27.3 - https:\/\/yoast.com\/product\/yoast-seo-wordpress\/ -->\n<title>Pol\u00edtica de Privacidade - Bioflex Nutrition<\/title>\n<meta name=\"robots\" content=\"index, follow, max-snippet:-1, max-image-preview:large, max-video-preview:-1\" \/>\n<link rel=\"canonical\" href=\"https:\/\/bioflexnutrition.com.br\/en\/politica-de-privacidade\/\" \/>\n<meta property=\"og:locale\" content=\"en_US\" \/>\n<meta property=\"og:type\" content=\"article\" \/>\n<meta property=\"og:title\" content=\"Pol\u00edtica de Privacidade - Bioflex Nutrition\" \/>\n<meta property=\"og:description\" content=\"Pol\u00edtica de privacidade OBTEN\u00c7\u00c3O E USO DAS INFORMA\u00c7\u00d5ES Todos os dados que voc\u00ea, usu\u00e1rio, informa no site da Bio Flex Nutrition s\u00e3o sigilosos e utilizados exclusivamente para o processo de entrega, cobran\u00e7a ou para participa\u00e7\u00e3o em promo\u00e7\u00f5es solicitadas por voc\u00ea. Os dados solicitados no momento do cadastro no site s\u00e3o necess\u00e1rios para os pagamentos e&hellip;\" \/>\n<meta property=\"og:url\" content=\"https:\/\/bioflexnutrition.com.br\/en\/politica-de-privacidade\/\" \/>\n<meta property=\"og:site_name\" content=\"Bioflex Nutrition\" \/>\n<meta property=\"article:modified_time\" content=\"2025-04-26T18:28:53+00:00\" \/>\n<meta name=\"twitter:card\" content=\"summary_large_image\" \/>\n<meta name=\"twitter:label1\" content=\"Est. reading time\" \/>\n\t<meta name=\"twitter:data1\" content=\"3 minutes\" \/>\n<script type=\"application\/ld+json\" class=\"yoast-schema-graph\">{\"@context\":\"https:\\\/\\\/schema.org\",\"@graph\":[{\"@type\":\"WebPage\",\"@id\":\"https:\\\/\\\/bioflexnutrition.com.br\\\/politica-de-privacidade\\\/\",\"url\":\"https:\\\/\\\/bioflexnutrition.com.br\\\/politica-de-privacidade\\\/\",\"name\":\"Pol\u00edtica de Privacidade - Bioflex Nutrition\",\"isPartOf\":{\"@id\":\"https:\\\/\\\/bioflexnutrition.com.br\\\/#website\"},\"datePublished\":\"2025-04-25T09:38:53+00:00\",\"dateModified\":\"2025-04-26T18:28:53+00:00\",\"breadcrumb\":{\"@id\":\"https:\\\/\\\/bioflexnutrition.com.br\\\/politica-de-privacidade\\\/#breadcrumb\"},\"inLanguage\":\"en-US\",\"potentialAction\":[{\"@type\":\"ReadAction\",\"target\":[\"https:\\\/\\\/bioflexnutrition.com.br\\\/politica-de-privacidade\\\/\"]}]},{\"@type\":\"BreadcrumbList\",\"@id\":\"https:\\\/\\\/bioflexnutrition.com.br\\\/politica-de-privacidade\\\/#breadcrumb\",\"itemListElement\":[{\"@type\":\"ListItem\",\"position\":1,\"name\":\"In\u00edcio\",\"item\":\"https:\\\/\\\/bioflexnutrition.com.br\\\/\"},{\"@type\":\"ListItem\",\"position\":2,\"name\":\"Pol\u00edtica de Privacidade\"}]},{\"@type\":\"WebSite\",\"@id\":\"https:\\\/\\\/bioflexnutrition.com.br\\\/#website\",\"url\":\"https:\\\/\\\/bioflexnutrition.com.br\\\/\",\"name\":\"Bioflex Nutrition\",\"description\":\"Sua loja online de Nutri\u00e7\u00e3o e Sa\u00fade\",\"publisher\":{\"@id\":\"https:\\\/\\\/bioflexnutrition.com.br\\\/#organization\"},\"potentialAction\":[{\"@type\":\"SearchAction\",\"target\":{\"@type\":\"EntryPoint\",\"urlTemplate\":\"https:\\\/\\\/bioflexnutrition.com.br\\\/?s={search_term_string}\"},\"query-input\":{\"@type\":\"PropertyValueSpecification\",\"valueRequired\":true,\"valueName\":\"search_term_string\"}}],\"inLanguage\":\"en-US\"},{\"@type\":\"Organization\",\"@id\":\"https:\\\/\\\/bioflexnutrition.com.br\\\/#organization\",\"name\":\"Bioflex Nutrition\",\"url\":\"https:\\\/\\\/bioflexnutrition.com.br\\\/\",\"logo\":{\"@type\":\"ImageObject\",\"inLanguage\":\"en-US\",\"@id\":\"https:\\\/\\\/bioflexnutrition.com.br\\\/#\\\/schema\\\/logo\\\/image\\\/\",\"url\":\"https:\\\/\\\/bioflexnutrition.com.br\\\/wp-content\\\/uploads\\\/2025\\\/04\\\/fav.webp\",\"contentUrl\":\"https:\\\/\\\/bioflexnutrition.com.br\\\/wp-content\\\/uploads\\\/2025\\\/04\\\/fav.webp\",\"width\":1150,\"height\":1000,\"caption\":\"Bioflex Nutrition\"},\"image\":{\"@id\":\"https:\\\/\\\/bioflexnutrition.com.br\\\/#\\\/schema\\\/logo\\\/image\\\/\"},\"sameAs\":[\"https:\\\/\\\/www.instagram.com\\\/bioflexnh\\\/\"]}]}<\/script>\n<!-- \/ Yoast SEO plugin. -->","yoast_head_json":{"title":"Pol\u00edtica de Privacidade - Bioflex Nutrition","robots":{"index":"index","follow":"follow","max-snippet":"max-snippet:-1","max-image-preview":"max-image-preview:large","max-video-preview":"max-video-preview:-1"},"canonical":"https:\/\/bioflexnutrition.com.br\/en\/politica-de-privacidade\/","og_locale":"en_US","og_type":"article","og_title":"Pol\u00edtica de Privacidade - Bioflex Nutrition","og_description":"Pol\u00edtica de privacidade OBTEN\u00c7\u00c3O E USO DAS INFORMA\u00c7\u00d5ES Todos os dados que voc\u00ea, usu\u00e1rio, informa no site da Bio Flex Nutrition s\u00e3o sigilosos e utilizados exclusivamente para o processo de entrega, cobran\u00e7a ou para participa\u00e7\u00e3o em promo\u00e7\u00f5es solicitadas por voc\u00ea. Os dados solicitados no momento do cadastro no site s\u00e3o necess\u00e1rios para os pagamentos e&hellip;","og_url":"https:\/\/bioflexnutrition.com.br\/en\/politica-de-privacidade\/","og_site_name":"Bioflex Nutrition","article_modified_time":"2025-04-26T18:28:53+00:00","twitter_card":"summary_large_image","twitter_misc":{"Est. reading time":"3 minutes"},"schema":{"@context":"https:\/\/schema.org","@graph":[{"@type":"WebPage","@id":"https:\/\/bioflexnutrition.com.br\/politica-de-privacidade\/","url":"https:\/\/bioflexnutrition.com.br\/politica-de-privacidade\/","name":"Pol\u00edtica de Privacidade - Bioflex Nutrition","isPartOf":{"@id":"https:\/\/bioflexnutrition.com.br\/#website"},"datePublished":"2025-04-25T09:38:53+00:00","dateModified":"2025-04-26T18:28:53+00:00","breadcrumb":{"@id":"https:\/\/bioflexnutrition.com.br\/politica-de-privacidade\/#breadcrumb"},"inLanguage":"en-US","potentialAction":[{"@type":"ReadAction","target":["https:\/\/bioflexnutrition.com.br\/politica-de-privacidade\/"]}]},{"@type":"BreadcrumbList","@id":"https:\/\/bioflexnutrition.com.br\/politica-de-privacidade\/#breadcrumb","itemListElement":[{"@type":"ListItem","position":1,"name":"In\u00edcio","item":"https:\/\/bioflexnutrition.com.br\/"},{"@type":"ListItem","position":2,"name":"Pol\u00edtica de Privacidade"}]},{"@type":"WebSite","@id":"https:\/\/bioflexnutrition.com.br\/#website","url":"https:\/\/bioflexnutrition.com.br\/","name":"Bioflex Nutrition","description":"Sua loja online de Nutri\u00e7\u00e3o e Sa\u00fade","publisher":{"@id":"https:\/\/bioflexnutrition.com.br\/#organization"},"potentialAction":[{"@type":"SearchAction","target":{"@type":"EntryPoint","urlTemplate":"https:\/\/bioflexnutrition.com.br\/?s={search_term_string}"},"query-input":{"@type":"PropertyValueSpecification","valueRequired":true,"valueName":"search_term_string"}}],"inLanguage":"en-US"},{"@type":"Organization","@id":"https:\/\/bioflexnutrition.com.br\/#organization","name":"Bioflex Nutrition","url":"https:\/\/bioflexnutrition.com.br\/","logo":{"@type":"ImageObject","inLanguage":"en-US","@id":"https:\/\/bioflexnutrition.com.br\/#\/schema\/logo\/image\/","url":"https:\/\/bioflexnutrition.com.br\/wp-content\/uploads\/2025\/04\/fav.webp","contentUrl":"https:\/\/bioflexnutrition.com.br\/wp-content\/uploads\/2025\/04\/fav.webp","width":1150,"height":1000,"caption":"Bioflex Nutrition"},"image":{"@id":"https:\/\/bioflexnutrition.com.br\/#\/schema\/logo\/image\/"},"sameAs":["https:\/\/www.instagram.com\/bioflexnh\/"]}]}},"_links":{"self":[{"href":"https:\/\/bioflexnutrition.com.br\/en\/wp-json\/wp\/v2\/pages\/4036","targetHints":{"allow":["GET"]}}],"collection":[{"href":"https:\/\/bioflexnutrition.com.br\/en\/wp-json\/wp\/v2\/pages"}],"about":[{"href":"https:\/\/bioflexnutrition.com.br\/en\/wp-json\/wp\/v2\/types\/page"}],"author":[{"embeddable":true,"href":"https:\/\/bioflexnutrition.com.br\/en\/wp-json\/wp\/v2\/users\/1"}],"replies":[{"embeddable":true,"href":"https:\/\/bioflexnutrition.com.br\/en\/wp-json\/wp\/v2\/comments?post=4036"}],"version-history":[{"count":0,"href":"https:\/\/bioflexnutrition.com.br\/en\/wp-json\/wp\/v2\/pages\/4036\/revisions"}],"wp:attachment":[{"href":"https:\/\/bioflexnutrition.com.br\/en\/wp-json\/wp\/v2\/media?parent=4036"}],"curies":[{"name":"wp","href":"https:\/\/api.w.org\/{rel}","templated":true}]}}