{"id":4895,"date":"2025-04-26T15:27:23","date_gmt":"2025-04-26T18:27:23","guid":{"rendered":"https:\/\/bioflexnutrition.com.br\/?page_id=4895"},"modified":"2025-04-26T15:29:02","modified_gmt":"2025-04-26T18:29:02","slug":"politicas-de-entrega","status":"publish","type":"page","link":"https:\/\/bioflexnutrition.com.br\/en\/politicas-de-entrega\/","title":{"rendered":"Pol\u00edticas de Entrega"},"content":{"rendered":"<div data-elementor-type=\"wp-page\" data-elementor-id=\"4895\" class=\"elementor elementor-4895\">\n\t\t\t\t<div class=\"elementor-element elementor-element-2ef8ec0 e-flex e-con-boxed e-con e-parent\" data-id=\"2ef8ec0\" data-element_type=\"container\" data-e-type=\"container\">\n\t\t\t\t\t<div class=\"e-con-inner\">\n\t\t\t\t<div class=\"elementor-element elementor-element-8c59f15 elementor-widget elementor-widget-text-editor\" data-id=\"8c59f15\" data-element_type=\"widget\" data-e-type=\"widget\" data-widget_type=\"text-editor.default\">\n\t\t\t\t<div class=\"elementor-widget-container\">\n\t\t\t\t\t\t\t\t\t<h3><b>Pol\u00edticas de entrega<\/b><\/h3><p><strong>FRETES E PRAZOS DE ENTREGA<\/strong><\/p><p><span style=\"font-weight: 400;\">As compras feitas no site da BioFlex s\u00e3o enviadas para todo o Brasil via Correios, para garantir agilidade e qualidade de entrega em todo o territ\u00f3rio nacional. Os prazos de entrega<\/span> <span style=\"font-weight: 400;\">podem variar de acordo com as regi\u00f5es, mas variam de 2 a 7 dias \u00fateis.<\/span><\/p><p><span style=\"font-weight: 400;\">O cliente saber\u00e1 o prazo ap\u00f3s informar o endere\u00e7o na p\u00e1gina de checkout. O prazo informado passa a valer a partir da aprova\u00e7\u00e3o do pagamento. Para contagem do prazo de entrega, consideramos como dias \u00fateis de segunda \u00e0 sexta-feira, das 8h \u00e0s 18h, exceto feriados.<\/span><\/p><p><span style=\"font-weight: 400;\">Frete Gr\u00e1tis \u2013 a condi\u00e7\u00e3o de frete gr\u00e1tis se aplica para todas as compras feitas no site com valor final <\/span><span style=\"font-weight: 400;\">acima de R$ 200,00 Validos para regi\u00e3o sul e sudeste<\/span><span style=\"font-weight: 400;\">. Caso o cliente possua um cupom, o valor final da compra ser\u00e1 considerado ap\u00f3s o cupom aplicado.<\/span><\/p><p><b>RASTREAMENTO E ACOMPANHAMENTO DO PEDIDO<\/b><\/p><p><span style=\"font-weight: 400;\">O cliente consegue acompanhar todos os passos de sua encomenda diretamente no site da BioFlex, para isso, basta clicar no \u00edcone \u201cMeu Perfil\u201d, no canto superior direito da p\u00e1gina, fazer seu login e clicar em \u201cPedidos&#8221;, dentro deste ambiente o cliente ter\u00e1 todas as informa\u00e7\u00f5es referentes \u00e0 seus pedidos.<\/span><\/p><p><!-- \/wp:paragraph --><\/p>\t\t\t\t\t\t\t\t<\/div>\n\t\t\t\t<\/div>\n\t\t\t\t\t<\/div>\n\t\t\t\t<\/div>\n\t\t\t\t<\/div>","protected":false},"excerpt":{"rendered":"<p>Pol\u00edticas de entrega FRETES E PRAZOS DE ENTREGA As compras feitas no site da BioFlex s\u00e3o enviadas para todo o Brasil via Correios, para garantir agilidade e qualidade de entrega em todo o territ\u00f3rio nacional. Os prazos de entrega podem variar de acordo com as regi\u00f5es, mas variam de 2 a 7 dias \u00fateis. O&hellip;<\/p>","protected":false},"author":1,"featured_media":0,"parent":0,"menu_order":0,"comment_status":"closed","ping_status":"closed","template":"","meta":{"_joinchat":[],"footnotes":""},"class_list":["post-4895","page","type-page","status-publish","hentry"],"yoast_head":"<!-- This site is optimized with the Yoast SEO plugin v27.3 - https:\/\/yoast.com\/product\/yoast-seo-wordpress\/ -->\n<title>Pol\u00edticas de Entrega - Bioflex Nutrition<\/title>\n<meta name=\"robots\" content=\"index, follow, max-snippet:-1, max-image-preview:large, max-video-preview:-1\" \/>\n<link rel=\"canonical\" href=\"https:\/\/bioflexnutrition.com.br\/en\/politicas-de-entrega\/\" \/>\n<meta property=\"og:locale\" content=\"en_US\" \/>\n<meta property=\"og:type\" content=\"article\" \/>\n<meta property=\"og:title\" content=\"Pol\u00edticas de Entrega - Bioflex Nutrition\" \/>\n<meta property=\"og:description\" content=\"Pol\u00edticas de entrega FRETES E PRAZOS DE ENTREGA As compras feitas no site da BioFlex s\u00e3o enviadas para todo o Brasil via Correios, para garantir agilidade e qualidade de entrega em todo o territ\u00f3rio nacional. Os prazos de entrega podem variar de acordo com as regi\u00f5es, mas variam de 2 a 7 dias \u00fateis. O&hellip;\" \/>\n<meta property=\"og:url\" content=\"https:\/\/bioflexnutrition.com.br\/en\/politicas-de-entrega\/\" \/>\n<meta property=\"og:site_name\" content=\"Bioflex Nutrition\" \/>\n<meta property=\"article:modified_time\" content=\"2025-04-26T18:29:02+00:00\" \/>\n<meta name=\"twitter:card\" content=\"summary_large_image\" \/>\n<meta name=\"twitter:label1\" content=\"Est. reading time\" \/>\n\t<meta name=\"twitter:data1\" content=\"1 minute\" \/>\n<script type=\"application\/ld+json\" class=\"yoast-schema-graph\">{\"@context\":\"https:\\\/\\\/schema.org\",\"@graph\":[{\"@type\":\"WebPage\",\"@id\":\"https:\\\/\\\/bioflexnutrition.com.br\\\/politicas-de-entrega\\\/\",\"url\":\"https:\\\/\\\/bioflexnutrition.com.br\\\/politicas-de-entrega\\\/\",\"name\":\"Pol\u00edticas de Entrega - Bioflex Nutrition\",\"isPartOf\":{\"@id\":\"https:\\\/\\\/bioflexnutrition.com.br\\\/#website\"},\"datePublished\":\"2025-04-26T18:27:23+00:00\",\"dateModified\":\"2025-04-26T18:29:02+00:00\",\"breadcrumb\":{\"@id\":\"https:\\\/\\\/bioflexnutrition.com.br\\\/politicas-de-entrega\\\/#breadcrumb\"},\"inLanguage\":\"en-US\",\"potentialAction\":[{\"@type\":\"ReadAction\",\"target\":[\"https:\\\/\\\/bioflexnutrition.com.br\\\/politicas-de-entrega\\\/\"]}]},{\"@type\":\"BreadcrumbList\",\"@id\":\"https:\\\/\\\/bioflexnutrition.com.br\\\/politicas-de-entrega\\\/#breadcrumb\",\"itemListElement\":[{\"@type\":\"ListItem\",\"position\":1,\"name\":\"In\u00edcio\",\"item\":\"https:\\\/\\\/bioflexnutrition.com.br\\\/\"},{\"@type\":\"ListItem\",\"position\":2,\"name\":\"Pol\u00edticas de Entrega\"}]},{\"@type\":\"WebSite\",\"@id\":\"https:\\\/\\\/bioflexnutrition.com.br\\\/#website\",\"url\":\"https:\\\/\\\/bioflexnutrition.com.br\\\/\",\"name\":\"Bioflex Nutrition\",\"description\":\"Sua loja online de Nutri\u00e7\u00e3o e Sa\u00fade\",\"publisher\":{\"@id\":\"https:\\\/\\\/bioflexnutrition.com.br\\\/#organization\"},\"potentialAction\":[{\"@type\":\"SearchAction\",\"target\":{\"@type\":\"EntryPoint\",\"urlTemplate\":\"https:\\\/\\\/bioflexnutrition.com.br\\\/?s={search_term_string}\"},\"query-input\":{\"@type\":\"PropertyValueSpecification\",\"valueRequired\":true,\"valueName\":\"search_term_string\"}}],\"inLanguage\":\"en-US\"},{\"@type\":\"Organization\",\"@id\":\"https:\\\/\\\/bioflexnutrition.com.br\\\/#organization\",\"name\":\"Bioflex Nutrition\",\"url\":\"https:\\\/\\\/bioflexnutrition.com.br\\\/\",\"logo\":{\"@type\":\"ImageObject\",\"inLanguage\":\"en-US\",\"@id\":\"https:\\\/\\\/bioflexnutrition.com.br\\\/#\\\/schema\\\/logo\\\/image\\\/\",\"url\":\"https:\\\/\\\/bioflexnutrition.com.br\\\/wp-content\\\/uploads\\\/2025\\\/04\\\/fav.webp\",\"contentUrl\":\"https:\\\/\\\/bioflexnutrition.com.br\\\/wp-content\\\/uploads\\\/2025\\\/04\\\/fav.webp\",\"width\":1150,\"height\":1000,\"caption\":\"Bioflex Nutrition\"},\"image\":{\"@id\":\"https:\\\/\\\/bioflexnutrition.com.br\\\/#\\\/schema\\\/logo\\\/image\\\/\"},\"sameAs\":[\"https:\\\/\\\/www.instagram.com\\\/bioflexnh\\\/\"]}]}<\/script>\n<!-- \/ Yoast SEO plugin. -->","yoast_head_json":{"title":"Pol\u00edticas de Entrega - Bioflex Nutrition","robots":{"index":"index","follow":"follow","max-snippet":"max-snippet:-1","max-image-preview":"max-image-preview:large","max-video-preview":"max-video-preview:-1"},"canonical":"https:\/\/bioflexnutrition.com.br\/en\/politicas-de-entrega\/","og_locale":"en_US","og_type":"article","og_title":"Pol\u00edticas de Entrega - Bioflex Nutrition","og_description":"Pol\u00edticas de entrega FRETES E PRAZOS DE ENTREGA As compras feitas no site da BioFlex s\u00e3o enviadas para todo o Brasil via Correios, para garantir agilidade e qualidade de entrega em todo o territ\u00f3rio nacional. Os prazos de entrega podem variar de acordo com as regi\u00f5es, mas variam de 2 a 7 dias \u00fateis. O&hellip;","og_url":"https:\/\/bioflexnutrition.com.br\/en\/politicas-de-entrega\/","og_site_name":"Bioflex Nutrition","article_modified_time":"2025-04-26T18:29:02+00:00","twitter_card":"summary_large_image","twitter_misc":{"Est. reading time":"1 minute"},"schema":{"@context":"https:\/\/schema.org","@graph":[{"@type":"WebPage","@id":"https:\/\/bioflexnutrition.com.br\/politicas-de-entrega\/","url":"https:\/\/bioflexnutrition.com.br\/politicas-de-entrega\/","name":"Pol\u00edticas de Entrega - Bioflex Nutrition","isPartOf":{"@id":"https:\/\/bioflexnutrition.com.br\/#website"},"datePublished":"2025-04-26T18:27:23+00:00","dateModified":"2025-04-26T18:29:02+00:00","breadcrumb":{"@id":"https:\/\/bioflexnutrition.com.br\/politicas-de-entrega\/#breadcrumb"},"inLanguage":"en-US","potentialAction":[{"@type":"ReadAction","target":["https:\/\/bioflexnutrition.com.br\/politicas-de-entrega\/"]}]},{"@type":"BreadcrumbList","@id":"https:\/\/bioflexnutrition.com.br\/politicas-de-entrega\/#breadcrumb","itemListElement":[{"@type":"ListItem","position":1,"name":"In\u00edcio","item":"https:\/\/bioflexnutrition.com.br\/"},{"@type":"ListItem","position":2,"name":"Pol\u00edticas de Entrega"}]},{"@type":"WebSite","@id":"https:\/\/bioflexnutrition.com.br\/#website","url":"https:\/\/bioflexnutrition.com.br\/","name":"Bioflex Nutrition","description":"Sua loja online de Nutri\u00e7\u00e3o e Sa\u00fade","publisher":{"@id":"https:\/\/bioflexnutrition.com.br\/#organization"},"potentialAction":[{"@type":"SearchAction","target":{"@type":"EntryPoint","urlTemplate":"https:\/\/bioflexnutrition.com.br\/?s={search_term_string}"},"query-input":{"@type":"PropertyValueSpecification","valueRequired":true,"valueName":"search_term_string"}}],"inLanguage":"en-US"},{"@type":"Organization","@id":"https:\/\/bioflexnutrition.com.br\/#organization","name":"Bioflex Nutrition","url":"https:\/\/bioflexnutrition.com.br\/","logo":{"@type":"ImageObject","inLanguage":"en-US","@id":"https:\/\/bioflexnutrition.com.br\/#\/schema\/logo\/image\/","url":"https:\/\/bioflexnutrition.com.br\/wp-content\/uploads\/2025\/04\/fav.webp","contentUrl":"https:\/\/bioflexnutrition.com.br\/wp-content\/uploads\/2025\/04\/fav.webp","width":1150,"height":1000,"caption":"Bioflex Nutrition"},"image":{"@id":"https:\/\/bioflexnutrition.com.br\/#\/schema\/logo\/image\/"},"sameAs":["https:\/\/www.instagram.com\/bioflexnh\/"]}]}},"_links":{"self":[{"href":"https:\/\/bioflexnutrition.com.br\/en\/wp-json\/wp\/v2\/pages\/4895","targetHints":{"allow":["GET"]}}],"collection":[{"href":"https:\/\/bioflexnutrition.com.br\/en\/wp-json\/wp\/v2\/pages"}],"about":[{"href":"https:\/\/bioflexnutrition.com.br\/en\/wp-json\/wp\/v2\/types\/page"}],"author":[{"embeddable":true,"href":"https:\/\/bioflexnutrition.com.br\/en\/wp-json\/wp\/v2\/users\/1"}],"replies":[{"embeddable":true,"href":"https:\/\/bioflexnutrition.com.br\/en\/wp-json\/wp\/v2\/comments?post=4895"}],"version-history":[{"count":0,"href":"https:\/\/bioflexnutrition.com.br\/en\/wp-json\/wp\/v2\/pages\/4895\/revisions"}],"wp:attachment":[{"href":"https:\/\/bioflexnutrition.com.br\/en\/wp-json\/wp\/v2\/media?parent=4895"}],"curies":[{"name":"wp","href":"https:\/\/api.w.org\/{rel}","templated":true}]}}