{"id":6267,"date":"2025-06-05T11:49:10","date_gmt":"2025-06-05T14:49:10","guid":{"rendered":"https:\/\/bioflexnutrition.com.br\/produto\/vitamini-d-pote-180g-60un-essential\/"},"modified":"2026-04-01T15:17:17","modified_gmt":"2026-04-01T18:17:17","slug":"vitamini-d-pote-180g-60un-essential","status":"publish","type":"product","link":"https:\/\/bioflexnutrition.com.br\/en\/product\/vitamini-d-pote-180g-60un-essential\/","title":{"rendered":"Vitamini D Pote 180g\/60un Essential"},"content":{"rendered":"<h2>O que \u00e9 VITAMINI D3 GUMMY<\/h2>\n<p>As gominhas VITAMINI D3 GUMMY oferecem vitamina D3 ativa em uma forma divertida e saborosa para crian\u00e7as, sem adi\u00e7\u00e3o de a\u00e7\u00facar, gl\u00faten, lactose ou subst\u00e2ncias artificiais. Dispon\u00edveis nos sabores morango, manga e ma\u00e7\u00e3 verde, elas ajudam a manter n\u00edveis adequados de vitamina D, essencial para o desenvolvimento infantil.<\/p>\n<h3>Benef\u00edcios da Vitamina D3<\/h3>\n<ul>\n<li>Auxilia no funcionamento do sistema imune<\/li>\n<li>Contribui para a forma\u00e7\u00e3o de ossos e dentes<\/li>\n<li>Mant\u00e9m n\u00edveis saud\u00e1veis de c\u00e1lcio no sangue<\/li>\n<li>Facilita a absor\u00e7\u00e3o de c\u00e1lcio e f\u00f3sforo<\/li>\n<li>Suporta o funcionamento muscular<\/li>\n<\/ul>\n<h3>Tabela Nutricional<\/h3>\n<p>Por\u00e7\u00f5es por embalagem: 60 gominhas<br \/>Por\u00e7\u00e3o: 3,5\u202fg (1 goma)<\/p>\n<table>\n<thead>\n<tr>\n<th>Nutriente<\/th>\n<th>4 a 8\u00a0anos<br \/>(3,5\u202fg \/ %VD*)<\/th>\n<th>9 a 18\u00a0anos<br \/>(3,5\u202fg \/ %VD*)<\/th>\n<\/tr>\n<\/thead>\n<tbody>\n<tr>\n<td>Valor energ\u00e9tico<\/td>\n<td>5\u202fkcal\u00a0\/\u00a00%<\/td>\n<td>5\u202fkcal\u00a0\/\u00a00%<\/td>\n<\/tr>\n<tr>\n<td>Carboidratos<\/td>\n<td>1,6\u202fg\u00a0\/\u00a01%<\/td>\n<td>1,6\u202fg\u00a0\/\u00a00%<\/td>\n<\/tr>\n<tr>\n<td>A\u00e7\u00facares totais<\/td>\n<td>0\u202fg<\/td>\n<td>0\u202fg<\/td>\n<\/tr>\n<tr>\n<td>A\u00e7\u00facares adicionados<\/td>\n<td>0\u202fg\u00a0\/\u00a00%<\/td>\n<td>0\u202fg\u00a0\/\u00a00%<\/td>\n<\/tr>\n<tr>\n<td>Poli\u00f3is totais<\/td>\n<td>1,5\u202fg<\/td>\n<td>1,5\u202fg<\/td>\n<\/tr>\n<tr>\n<td>Fibras alimentares<\/td>\n<td>0,9\u202fg\u00a0\/\u00a04%<\/td>\n<td>0,9\u202fg\u00a0\/\u00a02%<\/td>\n<\/tr>\n<tr>\n<td>Vitamina D3<\/td>\n<td>10\u202f\u00b5g\u00a0\/\u00a067%<\/td>\n<td>10\u202f\u00b5g\u00a0\/\u00a067%<\/td>\n<\/tr>\n<\/tbody>\n<\/table>\n<p><em>*Percentual de valores di\u00e1rios de refer\u00eancia para crian\u00e7as.<\/em><\/p>\n<h3>Ingredientes por Sabor<\/h3>\n<h4>Sabor Ma\u00e7\u00e3 Verde<\/h4>\n<p>Xarope de fibra de tapioca; gelatina; colecalciferol; xarope de maltitol; edulcorantes xilitol e glicos\u00eddeos de esteviol (est\u00e9via); aromas naturais; corante natural clorofila; acidulante \u00e1cido c\u00edtrico; glaceante cera de carna\u00faba; gelificante pectina.<\/p>\n<p><strong>N\u00e3o cont\u00e9m gl\u00faten.<\/strong><\/p>\n<h4>Sabor Manga<\/h4>\n<p>Xarope de fibra de tapioca; gelatina; colecalciferol; xarope de maltitol; edulcorantes xilitol e glicos\u00eddeos de esteviol (est\u00e9via); aromas naturais; corante natural curcumina; acidulante \u00e1cido c\u00edtrico; glaceante cera de carna\u00faba; gelificante pectina.<\/p>\n<p><strong>N\u00e3o cont\u00e9m gl\u00faten.<\/strong><\/p>\n<h4>Sabor Morango<\/h4>\n<p>Xarope de fibra de tapioca; gelatina; colecalciferol; xarope de maltitol; edulcorantes xilitol e glicos\u00eddeos de esteviol (est\u00e9via); aromas naturais; corante natural carmim; acidulante \u00e1cido c\u00edtrico; glaceante cera de carna\u00faba; gelificante pectina.<\/p>\n<p><strong>N\u00e3o cont\u00e9m gl\u00faten.<\/strong><\/p>\n<h3>Modo de Uso<\/h3>\n<p>Consumir 1 goma ao dia ou conforme orienta\u00e7\u00e3o de m\u00e9dico ou nutricionista.<\/p>\n<h3>Aten\u00e7\u00e3o<\/h3>\n<p>A colora\u00e7\u00e3o da goma poder\u00e1 variar devido \u00e0 presen\u00e7a de ingredientes naturais, sem comprometer a efic\u00e1cia da formula\u00e7\u00e3o.<br \/>Este produto \u00e9 recomendado para pessoas de 4 a 18\u00a0anos.<br \/>Manter este produto bem fechado em local fresco, seco e ao abrigo da luz solar (n\u00e3o expor a mais de 30\u00a0\u00b0C).<br \/>Ap\u00f3s aberto, consumir em at\u00e9 60\u00a0dias.<br \/>\u201cEste produto n\u00e3o \u00e9 um medicamento.\u201d<br \/>\u201cN\u00e3o exceder a recomenda\u00e7\u00e3o di\u00e1ria de consumo indicada na embalagem.\u201d<br \/>\u201cMantenha fora do alcance de crian\u00e7as.\u201d<\/p>","protected":false},"excerpt":{"rendered":"<p>Vitamini D3 Gummy<\/p>\n<p>\u00a0<\/p>\n<p>Gominhas de morango, de manga e de ma\u00e7\u00e3-verde, com 400UI de Vit D por unidade. Pensada especialmente para crian\u00e7as. Sem a\u00e7\u00facar, gl\u00faten, lactose, conservantes, corantes e aromas artificiais.<\/p>","protected":false},"featured_media":6261,"comment_status":"open","ping_status":"closed","template":"","meta":{"_joinchat":[]},"product_cat":[248,160,284,157,164,230,280],"product_tag":[],"class_list":{"0":"post-6267","1":"product","2":"type-product","3":"status-publish","4":"has-post-thumbnail","6":"product_cat-categorias-e","7":"product_cat-essential","8":"product_cat-imunidade","9":"product_cat-marcas","10":"product_cat-objetivos-especificos","11":"product_cat-saude-e-bem-estar","12":"product_cat-vitaminas","14":"first","15":"instock","16":"shipping-taxable","17":"purchasable","18":"product-type-simple","19":"col-xs-6 col-sm-4","20":"col-md-3 col-lg-3","21":"un-4-cols"},"yoast_head":"<!-- This site is optimized with the Yoast SEO plugin v27.3 - https:\/\/yoast.com\/product\/yoast-seo-wordpress\/ -->\n<title>Vitamini D Pote 180g\/60un Essential - Bioflex Nutrition<\/title>\n<meta name=\"robots\" content=\"index, follow, max-snippet:-1, max-image-preview:large, max-video-preview:-1\" \/>\n<link rel=\"canonical\" href=\"https:\/\/bioflexnutrition.com.br\/en\/product\/vitamini-d-pote-180g-60un-essential\/\" \/>\n<meta property=\"og:locale\" content=\"en_US\" \/>\n<meta property=\"og:type\" content=\"article\" \/>\n<meta property=\"og:title\" content=\"Vitamini D Pote 180g\/60un Essential - Bioflex Nutrition\" \/>\n<meta property=\"og:description\" content=\"Vitamini D3 Gummy \u00a0 Gominhas de morango, de manga e de ma\u00e7\u00e3-verde, com 400UI de Vit D por unidade. Pensada especialmente para crian\u00e7as. Sem a\u00e7\u00facar, gl\u00faten, lactose, conservantes, corantes e aromas artificiais.\" \/>\n<meta property=\"og:url\" content=\"https:\/\/bioflexnutrition.com.br\/en\/product\/vitamini-d-pote-180g-60un-essential\/\" \/>\n<meta property=\"og:site_name\" content=\"Bioflex Nutrition\" \/>\n<meta property=\"article:modified_time\" content=\"2026-04-01T18:17:17+00:00\" \/>\n<meta property=\"og:image\" content=\"https:\/\/bioflexnutrition.com.br\/wp-content\/uploads\/2025\/06\/15347120118-vitaminid3-pote.png\" \/>\n\t<meta property=\"og:image:width\" content=\"1800\" \/>\n\t<meta property=\"og:image:height\" content=\"1800\" \/>\n\t<meta property=\"og:image:type\" content=\"image\/png\" \/>\n<meta name=\"twitter:card\" content=\"summary_large_image\" \/>\n<meta name=\"twitter:label1\" content=\"Est. reading time\" \/>\n\t<meta name=\"twitter:data1\" content=\"3 minutes\" \/>\n<script type=\"application\/ld+json\" class=\"yoast-schema-graph\">{\"@context\":\"https:\\\/\\\/schema.org\",\"@graph\":[{\"@type\":[\"WebPage\",\"ItemPage\"],\"@id\":\"https:\\\/\\\/bioflexnutrition.com.br\\\/produto\\\/vitamini-d-pote-180g-60un-essential\\\/\",\"url\":\"https:\\\/\\\/bioflexnutrition.com.br\\\/produto\\\/vitamini-d-pote-180g-60un-essential\\\/\",\"name\":\"Vitamini D Pote 180g\\\/60un Essential - Bioflex Nutrition\",\"isPartOf\":{\"@id\":\"https:\\\/\\\/bioflexnutrition.com.br\\\/#website\"},\"primaryImageOfPage\":{\"@id\":\"https:\\\/\\\/bioflexnutrition.com.br\\\/produto\\\/vitamini-d-pote-180g-60un-essential\\\/#primaryimage\"},\"image\":{\"@id\":\"https:\\\/\\\/bioflexnutrition.com.br\\\/produto\\\/vitamini-d-pote-180g-60un-essential\\\/#primaryimage\"},\"thumbnailUrl\":\"https:\\\/\\\/bioflexnutrition.com.br\\\/wp-content\\\/uploads\\\/2025\\\/06\\\/15347120118-vitaminid3-pote.png\",\"datePublished\":\"2025-06-05T14:49:10+00:00\",\"dateModified\":\"2026-04-01T18:17:17+00:00\",\"breadcrumb\":{\"@id\":\"https:\\\/\\\/bioflexnutrition.com.br\\\/produto\\\/vitamini-d-pote-180g-60un-essential\\\/#breadcrumb\"},\"inLanguage\":\"en-US\",\"potentialAction\":[{\"@type\":\"ReadAction\",\"target\":[\"https:\\\/\\\/bioflexnutrition.com.br\\\/produto\\\/vitamini-d-pote-180g-60un-essential\\\/\"]}]},{\"@type\":\"ImageObject\",\"inLanguage\":\"en-US\",\"@id\":\"https:\\\/\\\/bioflexnutrition.com.br\\\/produto\\\/vitamini-d-pote-180g-60un-essential\\\/#primaryimage\",\"url\":\"https:\\\/\\\/bioflexnutrition.com.br\\\/wp-content\\\/uploads\\\/2025\\\/06\\\/15347120118-vitaminid3-pote.png\",\"contentUrl\":\"https:\\\/\\\/bioflexnutrition.com.br\\\/wp-content\\\/uploads\\\/2025\\\/06\\\/15347120118-vitaminid3-pote.png\",\"width\":1800,\"height\":1800},{\"@type\":\"BreadcrumbList\",\"@id\":\"https:\\\/\\\/bioflexnutrition.com.br\\\/produto\\\/vitamini-d-pote-180g-60un-essential\\\/#breadcrumb\",\"itemListElement\":[{\"@type\":\"ListItem\",\"position\":1,\"name\":\"In\u00edcio\",\"item\":\"https:\\\/\\\/bioflexnutrition.com.br\\\/\"},{\"@type\":\"ListItem\",\"position\":2,\"name\":\"Loja\",\"item\":\"https:\\\/\\\/bioflexnutrition.com.br\\\/todos\\\/\"},{\"@type\":\"ListItem\",\"position\":3,\"name\":\"Vitamini D Pote 180g\\\/60un Essential\"}]},{\"@type\":\"WebSite\",\"@id\":\"https:\\\/\\\/bioflexnutrition.com.br\\\/#website\",\"url\":\"https:\\\/\\\/bioflexnutrition.com.br\\\/\",\"name\":\"Bioflex Nutrition\",\"description\":\"Sua loja online de Nutri\u00e7\u00e3o e Sa\u00fade\",\"publisher\":{\"@id\":\"https:\\\/\\\/bioflexnutrition.com.br\\\/#organization\"},\"potentialAction\":[{\"@type\":\"SearchAction\",\"target\":{\"@type\":\"EntryPoint\",\"urlTemplate\":\"https:\\\/\\\/bioflexnutrition.com.br\\\/?s={search_term_string}\"},\"query-input\":{\"@type\":\"PropertyValueSpecification\",\"valueRequired\":true,\"valueName\":\"search_term_string\"}}],\"inLanguage\":\"en-US\"},{\"@type\":\"Organization\",\"@id\":\"https:\\\/\\\/bioflexnutrition.com.br\\\/#organization\",\"name\":\"Bioflex Nutrition\",\"url\":\"https:\\\/\\\/bioflexnutrition.com.br\\\/\",\"logo\":{\"@type\":\"ImageObject\",\"inLanguage\":\"en-US\",\"@id\":\"https:\\\/\\\/bioflexnutrition.com.br\\\/#\\\/schema\\\/logo\\\/image\\\/\",\"url\":\"https:\\\/\\\/bioflexnutrition.com.br\\\/wp-content\\\/uploads\\\/2025\\\/04\\\/fav.webp\",\"contentUrl\":\"https:\\\/\\\/bioflexnutrition.com.br\\\/wp-content\\\/uploads\\\/2025\\\/04\\\/fav.webp\",\"width\":1150,\"height\":1000,\"caption\":\"Bioflex Nutrition\"},\"image\":{\"@id\":\"https:\\\/\\\/bioflexnutrition.com.br\\\/#\\\/schema\\\/logo\\\/image\\\/\"},\"sameAs\":[\"https:\\\/\\\/www.instagram.com\\\/bioflexnh\\\/\"]}]}<\/script>\n<!-- \/ Yoast SEO plugin. -->","yoast_head_json":{"title":"Vitamini D Pote 180g\/60un Essential - Bioflex Nutrition","robots":{"index":"index","follow":"follow","max-snippet":"max-snippet:-1","max-image-preview":"max-image-preview:large","max-video-preview":"max-video-preview:-1"},"canonical":"https:\/\/bioflexnutrition.com.br\/en\/product\/vitamini-d-pote-180g-60un-essential\/","og_locale":"en_US","og_type":"article","og_title":"Vitamini D Pote 180g\/60un Essential - Bioflex Nutrition","og_description":"Vitamini D3 Gummy \u00a0 Gominhas de morango, de manga e de ma\u00e7\u00e3-verde, com 400UI de Vit D por unidade. Pensada especialmente para crian\u00e7as. Sem a\u00e7\u00facar, gl\u00faten, lactose, conservantes, corantes e aromas artificiais.","og_url":"https:\/\/bioflexnutrition.com.br\/en\/product\/vitamini-d-pote-180g-60un-essential\/","og_site_name":"Bioflex Nutrition","article_modified_time":"2026-04-01T18:17:17+00:00","og_image":[{"width":1800,"height":1800,"url":"https:\/\/bioflexnutrition.com.br\/wp-content\/uploads\/2025\/06\/15347120118-vitaminid3-pote.png","type":"image\/png"}],"twitter_card":"summary_large_image","twitter_misc":{"Est. reading time":"3 minutes"},"schema":{"@context":"https:\/\/schema.org","@graph":[{"@type":["WebPage","ItemPage"],"@id":"https:\/\/bioflexnutrition.com.br\/produto\/vitamini-d-pote-180g-60un-essential\/","url":"https:\/\/bioflexnutrition.com.br\/produto\/vitamini-d-pote-180g-60un-essential\/","name":"Vitamini D Pote 180g\/60un Essential - Bioflex Nutrition","isPartOf":{"@id":"https:\/\/bioflexnutrition.com.br\/#website"},"primaryImageOfPage":{"@id":"https:\/\/bioflexnutrition.com.br\/produto\/vitamini-d-pote-180g-60un-essential\/#primaryimage"},"image":{"@id":"https:\/\/bioflexnutrition.com.br\/produto\/vitamini-d-pote-180g-60un-essential\/#primaryimage"},"thumbnailUrl":"https:\/\/bioflexnutrition.com.br\/wp-content\/uploads\/2025\/06\/15347120118-vitaminid3-pote.png","datePublished":"2025-06-05T14:49:10+00:00","dateModified":"2026-04-01T18:17:17+00:00","breadcrumb":{"@id":"https:\/\/bioflexnutrition.com.br\/produto\/vitamini-d-pote-180g-60un-essential\/#breadcrumb"},"inLanguage":"en-US","potentialAction":[{"@type":"ReadAction","target":["https:\/\/bioflexnutrition.com.br\/produto\/vitamini-d-pote-180g-60un-essential\/"]}]},{"@type":"ImageObject","inLanguage":"en-US","@id":"https:\/\/bioflexnutrition.com.br\/produto\/vitamini-d-pote-180g-60un-essential\/#primaryimage","url":"https:\/\/bioflexnutrition.com.br\/wp-content\/uploads\/2025\/06\/15347120118-vitaminid3-pote.png","contentUrl":"https:\/\/bioflexnutrition.com.br\/wp-content\/uploads\/2025\/06\/15347120118-vitaminid3-pote.png","width":1800,"height":1800},{"@type":"BreadcrumbList","@id":"https:\/\/bioflexnutrition.com.br\/produto\/vitamini-d-pote-180g-60un-essential\/#breadcrumb","itemListElement":[{"@type":"ListItem","position":1,"name":"In\u00edcio","item":"https:\/\/bioflexnutrition.com.br\/"},{"@type":"ListItem","position":2,"name":"Loja","item":"https:\/\/bioflexnutrition.com.br\/todos\/"},{"@type":"ListItem","position":3,"name":"Vitamini D Pote 180g\/60un Essential"}]},{"@type":"WebSite","@id":"https:\/\/bioflexnutrition.com.br\/#website","url":"https:\/\/bioflexnutrition.com.br\/","name":"Bioflex Nutrition","description":"Sua loja online de Nutri\u00e7\u00e3o e Sa\u00fade","publisher":{"@id":"https:\/\/bioflexnutrition.com.br\/#organization"},"potentialAction":[{"@type":"SearchAction","target":{"@type":"EntryPoint","urlTemplate":"https:\/\/bioflexnutrition.com.br\/?s={search_term_string}"},"query-input":{"@type":"PropertyValueSpecification","valueRequired":true,"valueName":"search_term_string"}}],"inLanguage":"en-US"},{"@type":"Organization","@id":"https:\/\/bioflexnutrition.com.br\/#organization","name":"Bioflex Nutrition","url":"https:\/\/bioflexnutrition.com.br\/","logo":{"@type":"ImageObject","inLanguage":"en-US","@id":"https:\/\/bioflexnutrition.com.br\/#\/schema\/logo\/image\/","url":"https:\/\/bioflexnutrition.com.br\/wp-content\/uploads\/2025\/04\/fav.webp","contentUrl":"https:\/\/bioflexnutrition.com.br\/wp-content\/uploads\/2025\/04\/fav.webp","width":1150,"height":1000,"caption":"Bioflex Nutrition"},"image":{"@id":"https:\/\/bioflexnutrition.com.br\/#\/schema\/logo\/image\/"},"sameAs":["https:\/\/www.instagram.com\/bioflexnh\/"]}]}},"_links":{"self":[{"href":"https:\/\/bioflexnutrition.com.br\/en\/wp-json\/wp\/v2\/product\/6267","targetHints":{"allow":["GET"]}}],"collection":[{"href":"https:\/\/bioflexnutrition.com.br\/en\/wp-json\/wp\/v2\/product"}],"about":[{"href":"https:\/\/bioflexnutrition.com.br\/en\/wp-json\/wp\/v2\/types\/product"}],"replies":[{"embeddable":true,"href":"https:\/\/bioflexnutrition.com.br\/en\/wp-json\/wp\/v2\/comments?post=6267"}],"wp:featuredmedia":[{"embeddable":true,"href":"https:\/\/bioflexnutrition.com.br\/en\/wp-json\/wp\/v2\/media\/6261"}],"wp:attachment":[{"href":"https:\/\/bioflexnutrition.com.br\/en\/wp-json\/wp\/v2\/media?parent=6267"}],"wp:term":[{"taxonomy":"product_cat","embeddable":true,"href":"https:\/\/bioflexnutrition.com.br\/en\/wp-json\/wp\/v2\/product_cat?post=6267"},{"taxonomy":"product_tag","embeddable":true,"href":"https:\/\/bioflexnutrition.com.br\/en\/wp-json\/wp\/v2\/product_tag?post=6267"}],"curies":[{"name":"wp","href":"https:\/\/api.w.org\/{rel}","templated":true}]}}