{"id":6321,"date":"2025-06-05T18:25:04","date_gmt":"2025-06-05T21:25:04","guid":{"rendered":"https:\/\/bioflexnutrition.com.br\/produto\/mct-garrafa-250ml-50ds-essential\/"},"modified":"2026-04-09T17:56:24","modified_gmt":"2026-04-09T20:56:24","slug":"mct-garrafa-250ml-50ds-essential","status":"publish","type":"product","link":"https:\/\/bioflexnutrition.com.br\/en\/product\/mct-garrafa-250ml-50ds-essential\/","title":{"rendered":"MCT Garrafa 250ml\/50Ds Essential"},"content":{"rendered":"<h2>O QUE \u00c9 MCTLIFT<\/h2>\n<p>MCTlift \u00e9 \u00f3leo de coco ultrapurificado, com 100% TCM (60% \u00e1cido capr\u00edlico C8 + 40% \u00e1cido c\u00e1prico C10). Neutro, de r\u00e1pida absor\u00e7\u00e3o e sem sabor de coco, ideal para dietas low\u2011carb ou cetog\u00eanicas.<\/p>\n<h2>DIFERENCIAL<\/h2>\n<ul>\n<li>7\u00d7 mais concentrado em C8\/C10 vs. \u00f3leo de coco tradicional<\/li>\n<li>Absor\u00e7\u00e3o r\u00e1pida (n\u00e3o solidifica abaixo de 25\u202f\u00b0C)<\/li>\n<li>Neutro (sabor e aroma)<\/li>\n<li>100% livre de \u00f3leo de palma (extra\u00eddo por destila\u00e7\u00e3o molecular)<\/li>\n<li>Fonte de energia alternativa em dietas com baixo carboidrato<\/li>\n<\/ul>\n<h2>INFORMA\u00c7\u00c3O NUTRICIONAL<\/h2>\n<p>Confira sempre a lista de ingredientes em ordem decrescente. Produtos Essential s\u00e3o livres de calorias vazias e feitos com ingredientes naturais.<\/p>\n<h2>TABELA NUTRICIONAL<\/h2>\n<table>\n<thead>\n<tr>\n<th>Por\u00e7\u00e3o<\/th>\n<td>5\u202fml (1 colher de sobremesa)<\/td>\n<\/tr>\n<tr>\n<th>Por\u00e7\u00f5es por embalagem<\/th>\n<td>50 (250\u202fml)<\/td>\n<\/tr>\n<\/thead>\n<tbody>\n<tr>\n<th>Valor energ\u00e9tico<\/th>\n<td>31\u202fkcal\u00a02%<\/td>\n<\/tr>\n<tr>\n<th>Carboidratos<\/th>\n<td>0\u202fg\u00a00%<\/td>\n<\/tr>\n<tr>\n<th>Prote\u00ednas<\/th>\n<td>0\u202fg\u00a00%<\/td>\n<\/tr>\n<tr>\n<th>Gorduras totais<\/th>\n<td>4,5\u202fg\u00a08%<\/td>\n<\/tr>\n<tr>\n<th>\u2013 Saturadas (C8+C10)<\/th>\n<td>4,5\u202fg\u00a020%<\/td>\n<\/tr>\n<tr>\n<th>\u00a0\u00a0\u2022 \u00c1cido capr\u00edlico (C8)<\/th>\n<td>2,5\u202fg\u00a0**<\/td>\n<\/tr>\n<tr>\n<th>\u00a0\u00a0\u2022 \u00c1cido c\u00e1prico (C10)<\/th>\n<td>2,0\u202fg\u00a0**<\/td>\n<\/tr>\n<tr>\n<th>Gorduras trans<\/th>\n<td>0\u202fg\u00a00%<\/td>\n<\/tr>\n<tr>\n<th>Fibra alimentar<\/th>\n<td>0\u202fg\u00a00%<\/td>\n<\/tr>\n<tr>\n<th>S\u00f3dio<\/th>\n<td>0\u202fmg\u00a00%<\/td>\n<\/tr>\n<\/tbody>\n<\/table>\n<p>*% Valores di\u00e1rios por por\u00e7\u00e3o (5\u202fml).<br \/>** Valores di\u00e1rios n\u00e3o estabelecidos.<\/p>\n<h2>INGREDIENTES<\/h2>\n<p>\u00d3leo de coco (Cocos nucifera L.).<\/p>\n<p><strong>N\u00e3o cont\u00e9m<\/strong> gl\u00faten.<\/p>\n<h2>MODO DE USO<\/h2>\n<p>Adicione de 1 a 3 colheres de sobremesa (5\u202fml cada) em sucos, shakes, saladas ou prepare seu bulletproof coffee. Use conforme orienta\u00e7\u00e3o de m\u00e9dico ou nutricionista.<\/p>\n<p>Ap\u00f3s aberto, consumir em at\u00e9 90\u202fdias. Conservar em local fresco, seco e ao abrigo da luz.<\/p>","protected":false},"excerpt":{"rendered":"<p>TCM obtido de \u00f3leo de coco ultrapurificado atrav\u00e9s do processo de destila\u00e7\u00e3o molecular, sendo cerca de 7 vezes mais concentrado nos \u00e1cidos capr\u00edlico (C8) e c\u00e1prico (C10), que s\u00e3o os chamados triglicer\u00eddeos de cadeia m\u00e9dia. Tem sabor e aroma neutros.<\/p>","protected":false},"featured_media":6316,"comment_status":"open","ping_status":"closed","template":"","meta":{"_joinchat":[]},"product_cat":[248,160,157,164,285,230,280],"product_tag":[],"class_list":{"0":"post-6321","1":"product","2":"type-product","3":"status-publish","4":"has-post-thumbnail","6":"product_cat-categorias-e","7":"product_cat-essential","8":"product_cat-marcas","9":"product_cat-objetivos-especificos","10":"product_cat-outros","11":"product_cat-saude-e-bem-estar","12":"product_cat-vitaminas","14":"first","15":"instock","16":"shipping-taxable","17":"purchasable","18":"product-type-simple","19":"col-xs-6 col-sm-4","20":"col-md-3 col-lg-3","21":"un-4-cols"},"yoast_head":"<!-- This site is optimized with the Yoast SEO plugin v27.3 - https:\/\/yoast.com\/product\/yoast-seo-wordpress\/ -->\n<title>MCT Garrafa 250ml\/50Ds Essential - Bioflex Nutrition<\/title>\n<meta name=\"robots\" content=\"index, follow, max-snippet:-1, max-image-preview:large, max-video-preview:-1\" \/>\n<link rel=\"canonical\" href=\"https:\/\/bioflexnutrition.com.br\/en\/product\/mct-garrafa-250ml-50ds-essential\/\" \/>\n<meta property=\"og:locale\" content=\"en_US\" \/>\n<meta property=\"og:type\" content=\"article\" \/>\n<meta property=\"og:title\" content=\"MCT Garrafa 250ml\/50Ds Essential - Bioflex Nutrition\" \/>\n<meta property=\"og:description\" content=\"TCM obtido de \u00f3leo de coco ultrapurificado atrav\u00e9s do processo de destila\u00e7\u00e3o molecular, sendo cerca de 7 vezes mais concentrado nos \u00e1cidos capr\u00edlico (C8) e c\u00e1prico (C10), que s\u00e3o os chamados triglicer\u00eddeos de cadeia m\u00e9dia. Tem sabor e aroma neutros.\" \/>\n<meta property=\"og:url\" content=\"https:\/\/bioflexnutrition.com.br\/en\/product\/mct-garrafa-250ml-50ds-essential\/\" \/>\n<meta property=\"og:site_name\" content=\"Bioflex Nutrition\" \/>\n<meta property=\"article:modified_time\" content=\"2026-04-09T20:56:24+00:00\" \/>\n<meta property=\"og:image\" content=\"https:\/\/bioflexnutrition.com.br\/wp-content\/uploads\/2025\/06\/15348350446-mct-lift-cilindro-01.jpg\" \/>\n\t<meta property=\"og:image:width\" content=\"1308\" \/>\n\t<meta property=\"og:image:height\" content=\"1636\" \/>\n\t<meta property=\"og:image:type\" content=\"image\/jpeg\" \/>\n<meta name=\"twitter:card\" content=\"summary_large_image\" \/>\n<meta name=\"twitter:label1\" content=\"Est. reading time\" \/>\n\t<meta name=\"twitter:data1\" content=\"2 minutes\" \/>\n<script type=\"application\/ld+json\" class=\"yoast-schema-graph\">{\"@context\":\"https:\\\/\\\/schema.org\",\"@graph\":[{\"@type\":[\"WebPage\",\"ItemPage\"],\"@id\":\"https:\\\/\\\/bioflexnutrition.com.br\\\/produto\\\/mct-garrafa-250ml-50ds-essential\\\/\",\"url\":\"https:\\\/\\\/bioflexnutrition.com.br\\\/produto\\\/mct-garrafa-250ml-50ds-essential\\\/\",\"name\":\"MCT Garrafa 250ml\\\/50Ds Essential - Bioflex Nutrition\",\"isPartOf\":{\"@id\":\"https:\\\/\\\/bioflexnutrition.com.br\\\/#website\"},\"primaryImageOfPage\":{\"@id\":\"https:\\\/\\\/bioflexnutrition.com.br\\\/produto\\\/mct-garrafa-250ml-50ds-essential\\\/#primaryimage\"},\"image\":{\"@id\":\"https:\\\/\\\/bioflexnutrition.com.br\\\/produto\\\/mct-garrafa-250ml-50ds-essential\\\/#primaryimage\"},\"thumbnailUrl\":\"https:\\\/\\\/bioflexnutrition.com.br\\\/wp-content\\\/uploads\\\/2025\\\/06\\\/15348350446-mct-lift-cilindro-01.jpg\",\"datePublished\":\"2025-06-05T21:25:04+00:00\",\"dateModified\":\"2026-04-09T20:56:24+00:00\",\"breadcrumb\":{\"@id\":\"https:\\\/\\\/bioflexnutrition.com.br\\\/produto\\\/mct-garrafa-250ml-50ds-essential\\\/#breadcrumb\"},\"inLanguage\":\"en-US\",\"potentialAction\":[{\"@type\":\"ReadAction\",\"target\":[\"https:\\\/\\\/bioflexnutrition.com.br\\\/produto\\\/mct-garrafa-250ml-50ds-essential\\\/\"]}]},{\"@type\":\"ImageObject\",\"inLanguage\":\"en-US\",\"@id\":\"https:\\\/\\\/bioflexnutrition.com.br\\\/produto\\\/mct-garrafa-250ml-50ds-essential\\\/#primaryimage\",\"url\":\"https:\\\/\\\/bioflexnutrition.com.br\\\/wp-content\\\/uploads\\\/2025\\\/06\\\/15348350446-mct-lift-cilindro-01.jpg\",\"contentUrl\":\"https:\\\/\\\/bioflexnutrition.com.br\\\/wp-content\\\/uploads\\\/2025\\\/06\\\/15348350446-mct-lift-cilindro-01.jpg\",\"width\":1308,\"height\":1636},{\"@type\":\"BreadcrumbList\",\"@id\":\"https:\\\/\\\/bioflexnutrition.com.br\\\/produto\\\/mct-garrafa-250ml-50ds-essential\\\/#breadcrumb\",\"itemListElement\":[{\"@type\":\"ListItem\",\"position\":1,\"name\":\"In\u00edcio\",\"item\":\"https:\\\/\\\/bioflexnutrition.com.br\\\/\"},{\"@type\":\"ListItem\",\"position\":2,\"name\":\"Loja\",\"item\":\"https:\\\/\\\/bioflexnutrition.com.br\\\/todos\\\/\"},{\"@type\":\"ListItem\",\"position\":3,\"name\":\"MCT Garrafa 250ml\\\/50Ds Essential\"}]},{\"@type\":\"WebSite\",\"@id\":\"https:\\\/\\\/bioflexnutrition.com.br\\\/#website\",\"url\":\"https:\\\/\\\/bioflexnutrition.com.br\\\/\",\"name\":\"Bioflex Nutrition\",\"description\":\"Sua loja online de Nutri\u00e7\u00e3o e Sa\u00fade\",\"publisher\":{\"@id\":\"https:\\\/\\\/bioflexnutrition.com.br\\\/#organization\"},\"potentialAction\":[{\"@type\":\"SearchAction\",\"target\":{\"@type\":\"EntryPoint\",\"urlTemplate\":\"https:\\\/\\\/bioflexnutrition.com.br\\\/?s={search_term_string}\"},\"query-input\":{\"@type\":\"PropertyValueSpecification\",\"valueRequired\":true,\"valueName\":\"search_term_string\"}}],\"inLanguage\":\"en-US\"},{\"@type\":\"Organization\",\"@id\":\"https:\\\/\\\/bioflexnutrition.com.br\\\/#organization\",\"name\":\"Bioflex Nutrition\",\"url\":\"https:\\\/\\\/bioflexnutrition.com.br\\\/\",\"logo\":{\"@type\":\"ImageObject\",\"inLanguage\":\"en-US\",\"@id\":\"https:\\\/\\\/bioflexnutrition.com.br\\\/#\\\/schema\\\/logo\\\/image\\\/\",\"url\":\"https:\\\/\\\/bioflexnutrition.com.br\\\/wp-content\\\/uploads\\\/2025\\\/04\\\/fav.webp\",\"contentUrl\":\"https:\\\/\\\/bioflexnutrition.com.br\\\/wp-content\\\/uploads\\\/2025\\\/04\\\/fav.webp\",\"width\":1150,\"height\":1000,\"caption\":\"Bioflex Nutrition\"},\"image\":{\"@id\":\"https:\\\/\\\/bioflexnutrition.com.br\\\/#\\\/schema\\\/logo\\\/image\\\/\"},\"sameAs\":[\"https:\\\/\\\/www.instagram.com\\\/bioflexnh\\\/\"]}]}<\/script>\n<!-- \/ Yoast SEO plugin. -->","yoast_head_json":{"title":"MCT Garrafa 250ml\/50Ds Essential - Bioflex Nutrition","robots":{"index":"index","follow":"follow","max-snippet":"max-snippet:-1","max-image-preview":"max-image-preview:large","max-video-preview":"max-video-preview:-1"},"canonical":"https:\/\/bioflexnutrition.com.br\/en\/product\/mct-garrafa-250ml-50ds-essential\/","og_locale":"en_US","og_type":"article","og_title":"MCT Garrafa 250ml\/50Ds Essential - Bioflex Nutrition","og_description":"TCM obtido de \u00f3leo de coco ultrapurificado atrav\u00e9s do processo de destila\u00e7\u00e3o molecular, sendo cerca de 7 vezes mais concentrado nos \u00e1cidos capr\u00edlico (C8) e c\u00e1prico (C10), que s\u00e3o os chamados triglicer\u00eddeos de cadeia m\u00e9dia. Tem sabor e aroma neutros.","og_url":"https:\/\/bioflexnutrition.com.br\/en\/product\/mct-garrafa-250ml-50ds-essential\/","og_site_name":"Bioflex Nutrition","article_modified_time":"2026-04-09T20:56:24+00:00","og_image":[{"width":1308,"height":1636,"url":"https:\/\/bioflexnutrition.com.br\/wp-content\/uploads\/2025\/06\/15348350446-mct-lift-cilindro-01.jpg","type":"image\/jpeg"}],"twitter_card":"summary_large_image","twitter_misc":{"Est. reading time":"2 minutes"},"schema":{"@context":"https:\/\/schema.org","@graph":[{"@type":["WebPage","ItemPage"],"@id":"https:\/\/bioflexnutrition.com.br\/produto\/mct-garrafa-250ml-50ds-essential\/","url":"https:\/\/bioflexnutrition.com.br\/produto\/mct-garrafa-250ml-50ds-essential\/","name":"MCT Garrafa 250ml\/50Ds Essential - Bioflex Nutrition","isPartOf":{"@id":"https:\/\/bioflexnutrition.com.br\/#website"},"primaryImageOfPage":{"@id":"https:\/\/bioflexnutrition.com.br\/produto\/mct-garrafa-250ml-50ds-essential\/#primaryimage"},"image":{"@id":"https:\/\/bioflexnutrition.com.br\/produto\/mct-garrafa-250ml-50ds-essential\/#primaryimage"},"thumbnailUrl":"https:\/\/bioflexnutrition.com.br\/wp-content\/uploads\/2025\/06\/15348350446-mct-lift-cilindro-01.jpg","datePublished":"2025-06-05T21:25:04+00:00","dateModified":"2026-04-09T20:56:24+00:00","breadcrumb":{"@id":"https:\/\/bioflexnutrition.com.br\/produto\/mct-garrafa-250ml-50ds-essential\/#breadcrumb"},"inLanguage":"en-US","potentialAction":[{"@type":"ReadAction","target":["https:\/\/bioflexnutrition.com.br\/produto\/mct-garrafa-250ml-50ds-essential\/"]}]},{"@type":"ImageObject","inLanguage":"en-US","@id":"https:\/\/bioflexnutrition.com.br\/produto\/mct-garrafa-250ml-50ds-essential\/#primaryimage","url":"https:\/\/bioflexnutrition.com.br\/wp-content\/uploads\/2025\/06\/15348350446-mct-lift-cilindro-01.jpg","contentUrl":"https:\/\/bioflexnutrition.com.br\/wp-content\/uploads\/2025\/06\/15348350446-mct-lift-cilindro-01.jpg","width":1308,"height":1636},{"@type":"BreadcrumbList","@id":"https:\/\/bioflexnutrition.com.br\/produto\/mct-garrafa-250ml-50ds-essential\/#breadcrumb","itemListElement":[{"@type":"ListItem","position":1,"name":"In\u00edcio","item":"https:\/\/bioflexnutrition.com.br\/"},{"@type":"ListItem","position":2,"name":"Loja","item":"https:\/\/bioflexnutrition.com.br\/todos\/"},{"@type":"ListItem","position":3,"name":"MCT Garrafa 250ml\/50Ds Essential"}]},{"@type":"WebSite","@id":"https:\/\/bioflexnutrition.com.br\/#website","url":"https:\/\/bioflexnutrition.com.br\/","name":"Bioflex Nutrition","description":"Sua loja online de Nutri\u00e7\u00e3o e Sa\u00fade","publisher":{"@id":"https:\/\/bioflexnutrition.com.br\/#organization"},"potentialAction":[{"@type":"SearchAction","target":{"@type":"EntryPoint","urlTemplate":"https:\/\/bioflexnutrition.com.br\/?s={search_term_string}"},"query-input":{"@type":"PropertyValueSpecification","valueRequired":true,"valueName":"search_term_string"}}],"inLanguage":"en-US"},{"@type":"Organization","@id":"https:\/\/bioflexnutrition.com.br\/#organization","name":"Bioflex Nutrition","url":"https:\/\/bioflexnutrition.com.br\/","logo":{"@type":"ImageObject","inLanguage":"en-US","@id":"https:\/\/bioflexnutrition.com.br\/#\/schema\/logo\/image\/","url":"https:\/\/bioflexnutrition.com.br\/wp-content\/uploads\/2025\/04\/fav.webp","contentUrl":"https:\/\/bioflexnutrition.com.br\/wp-content\/uploads\/2025\/04\/fav.webp","width":1150,"height":1000,"caption":"Bioflex Nutrition"},"image":{"@id":"https:\/\/bioflexnutrition.com.br\/#\/schema\/logo\/image\/"},"sameAs":["https:\/\/www.instagram.com\/bioflexnh\/"]}]}},"_links":{"self":[{"href":"https:\/\/bioflexnutrition.com.br\/en\/wp-json\/wp\/v2\/product\/6321","targetHints":{"allow":["GET"]}}],"collection":[{"href":"https:\/\/bioflexnutrition.com.br\/en\/wp-json\/wp\/v2\/product"}],"about":[{"href":"https:\/\/bioflexnutrition.com.br\/en\/wp-json\/wp\/v2\/types\/product"}],"replies":[{"embeddable":true,"href":"https:\/\/bioflexnutrition.com.br\/en\/wp-json\/wp\/v2\/comments?post=6321"}],"wp:featuredmedia":[{"embeddable":true,"href":"https:\/\/bioflexnutrition.com.br\/en\/wp-json\/wp\/v2\/media\/6316"}],"wp:attachment":[{"href":"https:\/\/bioflexnutrition.com.br\/en\/wp-json\/wp\/v2\/media?parent=6321"}],"wp:term":[{"taxonomy":"product_cat","embeddable":true,"href":"https:\/\/bioflexnutrition.com.br\/en\/wp-json\/wp\/v2\/product_cat?post=6321"},{"taxonomy":"product_tag","embeddable":true,"href":"https:\/\/bioflexnutrition.com.br\/en\/wp-json\/wp\/v2\/product_tag?post=6321"}],"curies":[{"name":"wp","href":"https:\/\/api.w.org\/{rel}","templated":true}]}}