{"id":6343,"date":"2025-06-05T18:26:48","date_gmt":"2025-06-05T21:26:48","guid":{"rendered":"https:\/\/bioflexnutrition.com.br\/produto\/fiberlift-lata-260g-26ds-essential\/"},"modified":"2026-03-31T16:50:22","modified_gmt":"2026-03-31T19:50:22","slug":"fiberlift-lata-260g-26ds-essential","status":"publish","type":"product","link":"https:\/\/bioflexnutrition.com.br\/en\/product\/fiberlift-lata-260g-26ds-essential\/","title":{"rendered":"Fiberlift Lata 260g\/26Ds Essential"},"content":{"rendered":"<h2>FIBERLIFT<\/h2>\n<p>Fiberlift \u00e9 composto por uma combina\u00e7\u00e3o exclusiva de fibras sol\u00faveis e insol\u00faveis, que auxiliam no funcionamento do intestino.<\/p>\n<p>Destaques: 8,9\u202fg de fibras totais | sabor neutro | 26 por\u00e7\u00f5es | 7\u202fg de fibras sol\u00faveis<\/p>\n<h2>CONT\u00c9M<\/h2>\n<ul>\n<li>Inulina<\/li>\n<li>Goma ac\u00e1cia<\/li>\n<li>Fibra da casca de aveia (sem gl\u00faten)<\/li>\n<li>Goma guar<\/li>\n<li>Fruto\u2011oligossacar\u00eddeos (FOS)<\/li>\n<\/ul>\n<h2>N\u00c3O CONT\u00c9M<\/h2>\n<ul>\n<li>Gl\u00faten<\/li>\n<li>A\u00e7\u00facares adicionados<\/li>\n<li>Ado\u00e7antes<\/li>\n<li>Lactose<\/li>\n<li>Conservantes<\/li>\n<li>Aromatizantes artificiais<\/li>\n<\/ul>\n<h2>DESCUBRA O PODER DAS FIBRAS PREBI\u00d3TICAS<\/h2>\n<p>O conjunto de micro\u2011organismos que habita o intestino \u2014 a microbiota intestinal \u2014 faz dele um \u00f3rg\u00e3o funcionalmente ativo, que influencia todo o organismo. As fibras sol\u00faveis servem de substrato para a microbiota, enquanto as fibras insol\u00faveis aceleram o tr\u00e2nsito intestinal.<\/p>\n<h2>\u00c1GUA E FIBRAS<\/h2>\n<p>As fibras alimentares auxiliam no funcionamento do intestino. Para isso, \u00e9 importante que o consumo das fibras seja sempre acompanhado por uma boa ingest\u00e3o de \u00e1gua.<\/p>\n<h2>INFORMA\u00c7\u00c3O NUTRICIONAL<\/h2>\n<p>Confira sempre a lista de ingredientes em ordem decrescente. Produtos Essential s\u00e3o livres de calorias vazias e feitos com ingredientes naturais.<\/p>\n<h2>TABELA NUTRICIONAL<\/h2>\n<table>\n<thead>\n<tr>\n<th>Por\u00e7\u00f5es por embalagem<\/th>\n<td>26 (260\u202fg)<\/td>\n<\/tr>\n<tr>\n<th>Por\u00e7\u00e3o<\/th>\n<td>10\u202fg (2 colheres\u2011medida)<\/td>\n<\/tr>\n<\/thead>\n<tbody>\n<tr>\n<th>Valor energ\u00e9tico<\/th>\n<td>16\u202fkcal\u00a01%<\/td>\n<\/tr>\n<tr>\n<th>Carboidratos<\/th>\n<td>0,6\u202fg\u00a00%<\/td>\n<\/tr>\n<tr>\n<th>A\u00e7\u00facares totais<\/th>\n<td>0,6\u202fg<\/td>\n<\/tr>\n<tr>\n<th>A\u00e7\u00facares adicionados<\/th>\n<td>0\u202fg\u00a00%<\/td>\n<\/tr>\n<tr>\n<th>Fibras alimentares<\/th>\n<td>8,9\u202fg\u00a036%<\/td>\n<\/tr>\n<tr>\n<th>Fibras sol\u00faveis<\/th>\n<td>7\u202fg<\/td>\n<\/tr>\n<\/tbody>\n<\/table>\n<p>*% Valores di\u00e1rios por por\u00e7\u00e3o.<\/p>\n<h2>INGREDIENTES<\/h2>\n<p>Inulina, fibra da casca de aveia (sem gl\u00faten), frutooligossacar\u00eddeos (FOS), goma guar, goma ac\u00e1cia e antiumectante di\u00f3xido de sil\u00edcio.<\/p>\n<p><strong>N\u00e3o cont\u00e9m<\/strong> gl\u00faten.<br \/><strong>Al\u00e9rgicos:<\/strong> cont\u00e9m derivados de aveia; pode conter derivados de leite.<\/p>\n<h2>MODO DE PREPARO<\/h2>\n<p>Adicione 5\u202fg (1 colher\u2011medida) em cerca de 100\u202fml de \u00e1gua, suco ou alimento de sua prefer\u00eancia. Consuma duas vezes ao dia ou conforme orienta\u00e7\u00e3o de nutricionista ou m\u00e9dico, lembrando-se de tomar \u00e1gua nos intervalos.<\/p>\n<p>Conservar em local fresco, seco e ao abrigo da luz solar. Ap\u00f3s aberto, consumir em at\u00e9 60\u202fdias. Recomendado para adultos (\u2265\u202f19\u202fanos). \u201cEste produto n\u00e3o \u00e9 um medicamento.\u201d \u201cN\u00e3o exceder a recomenda\u00e7\u00e3o di\u00e1ria de consumo indicada na embalagem.\u201d \u201cMantenha fora do alcance de crian\u00e7as.\u201d<\/p>","protected":false},"excerpt":{"rendered":"<p>Fiberlift Vegan<\/p>\n<p>Combina\u00e7\u00e3o de fibras sol\u00faveis e insol\u00faveis, que auxiliam no funcionamento do intestino. Com sabor neutro e boa solubilidade, \u00e9 supervers\u00e1til e pode ser adicionado a qualquer tipo de alimento ou bebida, sem alterar seu sabor.<\/p>","protected":false},"featured_media":6339,"comment_status":"open","ping_status":"closed","template":"","meta":{"_joinchat":[]},"product_cat":[248,160,157,164,230,286,280],"product_tag":[],"class_list":{"0":"post-6343","1":"product","2":"type-product","3":"status-publish","4":"has-post-thumbnail","6":"product_cat-categorias-e","7":"product_cat-essential","8":"product_cat-marcas","9":"product_cat-objetivos-especificos","10":"product_cat-saude-e-bem-estar","11":"product_cat-saude-intestinal-vitaminas","12":"product_cat-vitaminas","14":"first","15":"instock","16":"shipping-taxable","17":"purchasable","18":"product-type-simple","19":"col-xs-6 col-sm-4","20":"col-md-3 col-lg-3","21":"un-4-cols"},"yoast_head":"<!-- This site is optimized with the Yoast SEO plugin v27.4 - https:\/\/yoast.com\/product\/yoast-seo-wordpress\/ -->\n<title>Fiberlift Lata 260g\/26Ds Essential - Bioflex Nutrition<\/title>\n<meta name=\"robots\" content=\"index, follow, max-snippet:-1, max-image-preview:large, max-video-preview:-1\" \/>\n<link rel=\"canonical\" href=\"https:\/\/bioflexnutrition.com.br\/en\/product\/fiberlift-lata-260g-26ds-essential\/\" \/>\n<meta property=\"og:locale\" content=\"en_US\" \/>\n<meta property=\"og:type\" content=\"article\" \/>\n<meta property=\"og:title\" content=\"Fiberlift Lata 260g\/26Ds Essential - Bioflex Nutrition\" \/>\n<meta property=\"og:description\" content=\"Fiberlift Vegan Combina\u00e7\u00e3o de fibras sol\u00faveis e insol\u00faveis, que auxiliam no funcionamento do intestino. Com sabor neutro e boa solubilidade, \u00e9 supervers\u00e1til e pode ser adicionado a qualquer tipo de alimento ou bebida, sem alterar seu sabor.\" \/>\n<meta property=\"og:url\" content=\"https:\/\/bioflexnutrition.com.br\/en\/product\/fiberlift-lata-260g-26ds-essential\/\" \/>\n<meta property=\"og:site_name\" content=\"Bioflex Nutrition\" \/>\n<meta property=\"article:modified_time\" content=\"2026-03-31T19:50:22+00:00\" \/>\n<meta property=\"og:image\" content=\"https:\/\/bioflexnutrition.com.br\/wp-content\/uploads\/2025\/06\/15348348931-fiberlift-lata-pequena.jpg\" \/>\n\t<meta property=\"og:image:width\" content=\"2000\" \/>\n\t<meta property=\"og:image:height\" content=\"2000\" \/>\n\t<meta property=\"og:image:type\" content=\"image\/jpeg\" \/>\n<meta name=\"twitter:card\" content=\"summary_large_image\" \/>\n<meta name=\"twitter:label1\" content=\"Est. reading time\" \/>\n\t<meta name=\"twitter:data1\" content=\"2 minutes\" \/>\n<script type=\"application\/ld+json\" class=\"yoast-schema-graph\">{\"@context\":\"https:\\\/\\\/schema.org\",\"@graph\":[{\"@type\":[\"WebPage\",\"ItemPage\"],\"@id\":\"https:\\\/\\\/bioflexnutrition.com.br\\\/produto\\\/fiberlift-lata-260g-26ds-essential\\\/\",\"url\":\"https:\\\/\\\/bioflexnutrition.com.br\\\/produto\\\/fiberlift-lata-260g-26ds-essential\\\/\",\"name\":\"Fiberlift Lata 260g\\\/26Ds Essential - Bioflex Nutrition\",\"isPartOf\":{\"@id\":\"https:\\\/\\\/bioflexnutrition.com.br\\\/#website\"},\"primaryImageOfPage\":{\"@id\":\"https:\\\/\\\/bioflexnutrition.com.br\\\/produto\\\/fiberlift-lata-260g-26ds-essential\\\/#primaryimage\"},\"image\":{\"@id\":\"https:\\\/\\\/bioflexnutrition.com.br\\\/produto\\\/fiberlift-lata-260g-26ds-essential\\\/#primaryimage\"},\"thumbnailUrl\":\"https:\\\/\\\/bioflexnutrition.com.br\\\/wp-content\\\/uploads\\\/2025\\\/06\\\/15348348931-fiberlift-lata-pequena.jpg\",\"datePublished\":\"2025-06-05T21:26:48+00:00\",\"dateModified\":\"2026-03-31T19:50:22+00:00\",\"breadcrumb\":{\"@id\":\"https:\\\/\\\/bioflexnutrition.com.br\\\/produto\\\/fiberlift-lata-260g-26ds-essential\\\/#breadcrumb\"},\"inLanguage\":\"en-US\",\"potentialAction\":[{\"@type\":\"ReadAction\",\"target\":[\"https:\\\/\\\/bioflexnutrition.com.br\\\/produto\\\/fiberlift-lata-260g-26ds-essential\\\/\"]}]},{\"@type\":\"ImageObject\",\"inLanguage\":\"en-US\",\"@id\":\"https:\\\/\\\/bioflexnutrition.com.br\\\/produto\\\/fiberlift-lata-260g-26ds-essential\\\/#primaryimage\",\"url\":\"https:\\\/\\\/bioflexnutrition.com.br\\\/wp-content\\\/uploads\\\/2025\\\/06\\\/15348348931-fiberlift-lata-pequena.jpg\",\"contentUrl\":\"https:\\\/\\\/bioflexnutrition.com.br\\\/wp-content\\\/uploads\\\/2025\\\/06\\\/15348348931-fiberlift-lata-pequena.jpg\",\"width\":2000,\"height\":2000},{\"@type\":\"BreadcrumbList\",\"@id\":\"https:\\\/\\\/bioflexnutrition.com.br\\\/produto\\\/fiberlift-lata-260g-26ds-essential\\\/#breadcrumb\",\"itemListElement\":[{\"@type\":\"ListItem\",\"position\":1,\"name\":\"In\u00edcio\",\"item\":\"https:\\\/\\\/bioflexnutrition.com.br\\\/\"},{\"@type\":\"ListItem\",\"position\":2,\"name\":\"Loja\",\"item\":\"https:\\\/\\\/bioflexnutrition.com.br\\\/todos\\\/\"},{\"@type\":\"ListItem\",\"position\":3,\"name\":\"Fiberlift Lata 260g\\\/26Ds Essential\"}]},{\"@type\":\"WebSite\",\"@id\":\"https:\\\/\\\/bioflexnutrition.com.br\\\/#website\",\"url\":\"https:\\\/\\\/bioflexnutrition.com.br\\\/\",\"name\":\"Bioflex Nutrition\",\"description\":\"Sua loja online de Nutri\u00e7\u00e3o e Sa\u00fade\",\"publisher\":{\"@id\":\"https:\\\/\\\/bioflexnutrition.com.br\\\/#organization\"},\"potentialAction\":[{\"@type\":\"SearchAction\",\"target\":{\"@type\":\"EntryPoint\",\"urlTemplate\":\"https:\\\/\\\/bioflexnutrition.com.br\\\/?s={search_term_string}\"},\"query-input\":{\"@type\":\"PropertyValueSpecification\",\"valueRequired\":true,\"valueName\":\"search_term_string\"}}],\"inLanguage\":\"en-US\"},{\"@type\":\"Organization\",\"@id\":\"https:\\\/\\\/bioflexnutrition.com.br\\\/#organization\",\"name\":\"Bioflex Nutrition\",\"url\":\"https:\\\/\\\/bioflexnutrition.com.br\\\/\",\"logo\":{\"@type\":\"ImageObject\",\"inLanguage\":\"en-US\",\"@id\":\"https:\\\/\\\/bioflexnutrition.com.br\\\/#\\\/schema\\\/logo\\\/image\\\/\",\"url\":\"https:\\\/\\\/bioflexnutrition.com.br\\\/wp-content\\\/uploads\\\/2025\\\/04\\\/fav.webp\",\"contentUrl\":\"https:\\\/\\\/bioflexnutrition.com.br\\\/wp-content\\\/uploads\\\/2025\\\/04\\\/fav.webp\",\"width\":1150,\"height\":1000,\"caption\":\"Bioflex Nutrition\"},\"image\":{\"@id\":\"https:\\\/\\\/bioflexnutrition.com.br\\\/#\\\/schema\\\/logo\\\/image\\\/\"},\"sameAs\":[\"https:\\\/\\\/www.instagram.com\\\/bioflexnh\\\/\"]}]}<\/script>\n<!-- \/ Yoast SEO plugin. -->","yoast_head_json":{"title":"Fiberlift Lata 260g\/26Ds Essential - Bioflex Nutrition","robots":{"index":"index","follow":"follow","max-snippet":"max-snippet:-1","max-image-preview":"max-image-preview:large","max-video-preview":"max-video-preview:-1"},"canonical":"https:\/\/bioflexnutrition.com.br\/en\/product\/fiberlift-lata-260g-26ds-essential\/","og_locale":"en_US","og_type":"article","og_title":"Fiberlift Lata 260g\/26Ds Essential - Bioflex Nutrition","og_description":"Fiberlift Vegan Combina\u00e7\u00e3o de fibras sol\u00faveis e insol\u00faveis, que auxiliam no funcionamento do intestino. Com sabor neutro e boa solubilidade, \u00e9 supervers\u00e1til e pode ser adicionado a qualquer tipo de alimento ou bebida, sem alterar seu sabor.","og_url":"https:\/\/bioflexnutrition.com.br\/en\/product\/fiberlift-lata-260g-26ds-essential\/","og_site_name":"Bioflex Nutrition","article_modified_time":"2026-03-31T19:50:22+00:00","og_image":[{"width":2000,"height":2000,"url":"https:\/\/bioflexnutrition.com.br\/wp-content\/uploads\/2025\/06\/15348348931-fiberlift-lata-pequena.jpg","type":"image\/jpeg"}],"twitter_card":"summary_large_image","twitter_misc":{"Est. reading time":"2 minutes"},"schema":{"@context":"https:\/\/schema.org","@graph":[{"@type":["WebPage","ItemPage"],"@id":"https:\/\/bioflexnutrition.com.br\/produto\/fiberlift-lata-260g-26ds-essential\/","url":"https:\/\/bioflexnutrition.com.br\/produto\/fiberlift-lata-260g-26ds-essential\/","name":"Fiberlift Lata 260g\/26Ds Essential - Bioflex Nutrition","isPartOf":{"@id":"https:\/\/bioflexnutrition.com.br\/#website"},"primaryImageOfPage":{"@id":"https:\/\/bioflexnutrition.com.br\/produto\/fiberlift-lata-260g-26ds-essential\/#primaryimage"},"image":{"@id":"https:\/\/bioflexnutrition.com.br\/produto\/fiberlift-lata-260g-26ds-essential\/#primaryimage"},"thumbnailUrl":"https:\/\/bioflexnutrition.com.br\/wp-content\/uploads\/2025\/06\/15348348931-fiberlift-lata-pequena.jpg","datePublished":"2025-06-05T21:26:48+00:00","dateModified":"2026-03-31T19:50:22+00:00","breadcrumb":{"@id":"https:\/\/bioflexnutrition.com.br\/produto\/fiberlift-lata-260g-26ds-essential\/#breadcrumb"},"inLanguage":"en-US","potentialAction":[{"@type":"ReadAction","target":["https:\/\/bioflexnutrition.com.br\/produto\/fiberlift-lata-260g-26ds-essential\/"]}]},{"@type":"ImageObject","inLanguage":"en-US","@id":"https:\/\/bioflexnutrition.com.br\/produto\/fiberlift-lata-260g-26ds-essential\/#primaryimage","url":"https:\/\/bioflexnutrition.com.br\/wp-content\/uploads\/2025\/06\/15348348931-fiberlift-lata-pequena.jpg","contentUrl":"https:\/\/bioflexnutrition.com.br\/wp-content\/uploads\/2025\/06\/15348348931-fiberlift-lata-pequena.jpg","width":2000,"height":2000},{"@type":"BreadcrumbList","@id":"https:\/\/bioflexnutrition.com.br\/produto\/fiberlift-lata-260g-26ds-essential\/#breadcrumb","itemListElement":[{"@type":"ListItem","position":1,"name":"In\u00edcio","item":"https:\/\/bioflexnutrition.com.br\/"},{"@type":"ListItem","position":2,"name":"Loja","item":"https:\/\/bioflexnutrition.com.br\/todos\/"},{"@type":"ListItem","position":3,"name":"Fiberlift Lata 260g\/26Ds Essential"}]},{"@type":"WebSite","@id":"https:\/\/bioflexnutrition.com.br\/#website","url":"https:\/\/bioflexnutrition.com.br\/","name":"Bioflex Nutrition","description":"Sua loja online de Nutri\u00e7\u00e3o e Sa\u00fade","publisher":{"@id":"https:\/\/bioflexnutrition.com.br\/#organization"},"potentialAction":[{"@type":"SearchAction","target":{"@type":"EntryPoint","urlTemplate":"https:\/\/bioflexnutrition.com.br\/?s={search_term_string}"},"query-input":{"@type":"PropertyValueSpecification","valueRequired":true,"valueName":"search_term_string"}}],"inLanguage":"en-US"},{"@type":"Organization","@id":"https:\/\/bioflexnutrition.com.br\/#organization","name":"Bioflex Nutrition","url":"https:\/\/bioflexnutrition.com.br\/","logo":{"@type":"ImageObject","inLanguage":"en-US","@id":"https:\/\/bioflexnutrition.com.br\/#\/schema\/logo\/image\/","url":"https:\/\/bioflexnutrition.com.br\/wp-content\/uploads\/2025\/04\/fav.webp","contentUrl":"https:\/\/bioflexnutrition.com.br\/wp-content\/uploads\/2025\/04\/fav.webp","width":1150,"height":1000,"caption":"Bioflex Nutrition"},"image":{"@id":"https:\/\/bioflexnutrition.com.br\/#\/schema\/logo\/image\/"},"sameAs":["https:\/\/www.instagram.com\/bioflexnh\/"]}]}},"_links":{"self":[{"href":"https:\/\/bioflexnutrition.com.br\/en\/wp-json\/wp\/v2\/product\/6343","targetHints":{"allow":["GET"]}}],"collection":[{"href":"https:\/\/bioflexnutrition.com.br\/en\/wp-json\/wp\/v2\/product"}],"about":[{"href":"https:\/\/bioflexnutrition.com.br\/en\/wp-json\/wp\/v2\/types\/product"}],"replies":[{"embeddable":true,"href":"https:\/\/bioflexnutrition.com.br\/en\/wp-json\/wp\/v2\/comments?post=6343"}],"wp:featuredmedia":[{"embeddable":true,"href":"https:\/\/bioflexnutrition.com.br\/en\/wp-json\/wp\/v2\/media\/6339"}],"wp:attachment":[{"href":"https:\/\/bioflexnutrition.com.br\/en\/wp-json\/wp\/v2\/media?parent=6343"}],"wp:term":[{"taxonomy":"product_cat","embeddable":true,"href":"https:\/\/bioflexnutrition.com.br\/en\/wp-json\/wp\/v2\/product_cat?post=6343"},{"taxonomy":"product_tag","embeddable":true,"href":"https:\/\/bioflexnutrition.com.br\/en\/wp-json\/wp\/v2\/product_tag?post=6343"}],"curies":[{"name":"wp","href":"https:\/\/api.w.org\/{rel}","templated":true}]}}