{"id":6352,"date":"2025-06-05T18:42:51","date_gmt":"2025-06-05T21:42:51","guid":{"rendered":"https:\/\/bioflexnutrition.com.br\/produto\/vit-c-4-protect-180caps-essential\/"},"modified":"2026-04-01T15:17:14","modified_gmt":"2026-04-01T18:17:14","slug":"vit-c-4-protect-180caps-essential","status":"publish","type":"product","link":"https:\/\/bioflexnutrition.com.br\/en\/product\/vit-c-4-protect-180caps-essential\/","title":{"rendered":"Vit C 4 Protect 180caps Essential"},"content":{"rendered":"<h2>O que \u00e9 VIT C 4 Protect Essential<\/h2>\n<p>VIT C\u00a04\u00a0Protect Essential \u00e9 uma f\u00f3rmula avan\u00e7ada que combina vitamina C revestida, zinco quelado, betaglucana de levedura e amino\u00e1cido L\u2011lisina para oferecer suporte di\u00e1rio ao sistema imune, com elevada absor\u00e7\u00e3o e prote\u00e7\u00e3o contra os radicais livres.<\/p>\n<h3>Cont\u00e9m<\/h3>\n<ul>\n<li>500\u202fmg de vitamina C revestida (\u00e1cido asc\u00f3rbico)<\/li>\n<li>10\u202fmg de zinco quelado (bisglicinato de zinco)<\/li>\n<li>125\u202fmg de betaglucana de levedura<\/li>\n<li>400\u202fmg de L\u2011lisina (amino\u00e1cido essencial)<\/li>\n<\/ul>\n<h3>Benef\u00edcios<\/h3>\n<ul>\n<li><strong>Vitamina C revestida:<\/strong> protege contra degrada\u00e7\u00e3o no est\u00f4mago e otimiza a absor\u00e7\u00e3o intestinal.<\/li>\n<li><strong>Zinco quelado:<\/strong> forma de alta biodisponibilidade, essencial para o sistema imune e antioxidante.<\/li>\n<li><strong>Betaglucana de levedura + lisina:<\/strong> sinergia que refor\u00e7a as defesas naturais.<\/li>\n<\/ul>\n<h3>Informa\u00e7\u00e3o Nutricional<\/h3>\n<p>Por\u00e7\u00f5es por embalagem: 60\u00a0(120 c\u00e1psulas)<br \/>Por\u00e7\u00e3o: 1,6\u202fg (2 c\u00e1psulas)<\/p>\n<table>\n<thead>\n<tr>\n<th>Componente<\/th>\n<th>2 c\u00e1psulas<\/th>\n<th>%VD*<\/th>\n<\/tr>\n<\/thead>\n<tbody>\n<tr>\n<td>Prote\u00ednas (g)<\/td>\n<td>0,6<\/td>\n<td>1%<\/td>\n<\/tr>\n<tr>\n<td>L\u2011lisina (mg)<\/td>\n<td>400<\/td>\n<td>\u2014<\/td>\n<\/tr>\n<tr>\n<td>Vitamina C (mg)<\/td>\n<td>500<\/td>\n<td>500%<\/td>\n<\/tr>\n<tr>\n<td>Zinco (mg)<\/td>\n<td>10<\/td>\n<td>91%<\/td>\n<\/tr>\n<\/tbody>\n<\/table>\n<p><em>*Percentual de valores di\u00e1rios de refer\u00eancia para adultos (\u2265\u202f19\u202fanos).<\/em><\/p>\n<h3>Ingredientes<\/h3>\n<p>\u00c1cido asc\u00f3rbico revestido (vitamina\u00a0C), cloridrato de L\u2011lisina, beta\u2011glucana de levedura (Saccharomyces cerevisiae), bisglicinato de zinco, estabilizante celulose microcristalina e antiumectante di\u00f3xido de sil\u00edcio.<br \/>Composi\u00e7\u00e3o da c\u00e1psula: gelatina, \u00e1gua purificada e corante inorg\u00e2nico di\u00f3xido de tit\u00e2nio.<\/p>\n<p><strong>N\u00e3o cont\u00e9m gl\u00faten.<\/strong><\/p>\n<h3>Modo de Uso<\/h3>\n<p>Ingerir 2 c\u00e1psulas ao dia ou conforme prescri\u00e7\u00e3o de m\u00e9dico ou nutricionista.<\/p>\n<p>Manter este produto bem fechado em local fresco, seco e ao abrigo da luz solar.<br \/>Ap\u00f3s aberto, consumir em at\u00e9 90 dias.<br \/>Este produto \u00e9 recomendado para adultos (\u2265\u202f19\u202fanos).<br \/>Este produto n\u00e3o deve ser consumido por gestantes, lactantes e crian\u00e7as.<br \/>\u201cEste produto n\u00e3o \u00e9 um medicamento.\u201d<br \/>\u201cN\u00e3o exceder a recomenda\u00e7\u00e3o di\u00e1ria de consumo indicada na embalagem.\u201d<br \/>\u201cMantenha fora do alcance de crian\u00e7as.\u201d<\/p>","protected":false},"excerpt":{"rendered":"<p>Vit C 4 Protect<\/p>\n<p>\u00a0<\/p>\n<p>F\u00f3rmula com foco na imunidade, desenvolvida a partir da combina\u00e7\u00e3o de poderosos ingredientes.<\/p>","protected":false},"featured_media":6349,"comment_status":"open","ping_status":"closed","template":"","meta":{"_joinchat":[]},"product_cat":[248,160,284,157,164,230,280],"product_tag":[],"class_list":{"0":"post-6352","1":"product","2":"type-product","3":"status-publish","4":"has-post-thumbnail","6":"product_cat-categorias-e","7":"product_cat-essential","8":"product_cat-imunidade","9":"product_cat-marcas","10":"product_cat-objetivos-especificos","11":"product_cat-saude-e-bem-estar","12":"product_cat-vitaminas","14":"first","15":"instock","16":"shipping-taxable","17":"purchasable","18":"product-type-simple","19":"col-xs-6 col-sm-4","20":"col-md-3 col-lg-3","21":"un-4-cols"},"yoast_head":"<!-- This site is optimized with the Yoast SEO plugin v27.3 - https:\/\/yoast.com\/product\/yoast-seo-wordpress\/ -->\n<title>Vit C 4 Protect 180caps Essential - Bioflex Nutrition<\/title>\n<meta name=\"robots\" content=\"index, follow, max-snippet:-1, max-image-preview:large, max-video-preview:-1\" \/>\n<link rel=\"canonical\" href=\"https:\/\/bioflexnutrition.com.br\/en\/product\/vit-c-4-protect-180caps-essential\/\" \/>\n<meta property=\"og:locale\" content=\"en_US\" \/>\n<meta property=\"og:type\" content=\"article\" \/>\n<meta property=\"og:title\" content=\"Vit C 4 Protect 180caps Essential - Bioflex Nutrition\" \/>\n<meta property=\"og:description\" content=\"Vit C 4 Protect \u00a0 F\u00f3rmula com foco na imunidade, desenvolvida a partir da combina\u00e7\u00e3o de poderosos ingredientes.\" \/>\n<meta property=\"og:url\" content=\"https:\/\/bioflexnutrition.com.br\/en\/product\/vit-c-4-protect-180caps-essential\/\" \/>\n<meta property=\"og:site_name\" content=\"Bioflex Nutrition\" \/>\n<meta property=\"article:modified_time\" content=\"2026-04-01T18:17:14+00:00\" \/>\n<meta property=\"og:image\" content=\"https:\/\/bioflexnutrition.com.br\/wp-content\/uploads\/2025\/06\/15351214062-vit-c-pote-180-capsulas.jpg\" \/>\n\t<meta property=\"og:image:width\" content=\"1308\" \/>\n\t<meta property=\"og:image:height\" content=\"1636\" \/>\n\t<meta property=\"og:image:type\" content=\"image\/jpeg\" \/>\n<meta name=\"twitter:card\" content=\"summary_large_image\" \/>\n<meta name=\"twitter:label1\" content=\"Est. reading time\" \/>\n\t<meta name=\"twitter:data1\" content=\"2 minutes\" \/>\n<script type=\"application\/ld+json\" class=\"yoast-schema-graph\">{\"@context\":\"https:\\\/\\\/schema.org\",\"@graph\":[{\"@type\":[\"WebPage\",\"ItemPage\"],\"@id\":\"https:\\\/\\\/bioflexnutrition.com.br\\\/produto\\\/vit-c-4-protect-180caps-essential\\\/\",\"url\":\"https:\\\/\\\/bioflexnutrition.com.br\\\/produto\\\/vit-c-4-protect-180caps-essential\\\/\",\"name\":\"Vit C 4 Protect 180caps Essential - Bioflex Nutrition\",\"isPartOf\":{\"@id\":\"https:\\\/\\\/bioflexnutrition.com.br\\\/#website\"},\"primaryImageOfPage\":{\"@id\":\"https:\\\/\\\/bioflexnutrition.com.br\\\/produto\\\/vit-c-4-protect-180caps-essential\\\/#primaryimage\"},\"image\":{\"@id\":\"https:\\\/\\\/bioflexnutrition.com.br\\\/produto\\\/vit-c-4-protect-180caps-essential\\\/#primaryimage\"},\"thumbnailUrl\":\"https:\\\/\\\/bioflexnutrition.com.br\\\/wp-content\\\/uploads\\\/2025\\\/06\\\/15351214062-vit-c-pote-180-capsulas.jpg\",\"datePublished\":\"2025-06-05T21:42:51+00:00\",\"dateModified\":\"2026-04-01T18:17:14+00:00\",\"breadcrumb\":{\"@id\":\"https:\\\/\\\/bioflexnutrition.com.br\\\/produto\\\/vit-c-4-protect-180caps-essential\\\/#breadcrumb\"},\"inLanguage\":\"en-US\",\"potentialAction\":[{\"@type\":\"ReadAction\",\"target\":[\"https:\\\/\\\/bioflexnutrition.com.br\\\/produto\\\/vit-c-4-protect-180caps-essential\\\/\"]}]},{\"@type\":\"ImageObject\",\"inLanguage\":\"en-US\",\"@id\":\"https:\\\/\\\/bioflexnutrition.com.br\\\/produto\\\/vit-c-4-protect-180caps-essential\\\/#primaryimage\",\"url\":\"https:\\\/\\\/bioflexnutrition.com.br\\\/wp-content\\\/uploads\\\/2025\\\/06\\\/15351214062-vit-c-pote-180-capsulas.jpg\",\"contentUrl\":\"https:\\\/\\\/bioflexnutrition.com.br\\\/wp-content\\\/uploads\\\/2025\\\/06\\\/15351214062-vit-c-pote-180-capsulas.jpg\",\"width\":1308,\"height\":1636},{\"@type\":\"BreadcrumbList\",\"@id\":\"https:\\\/\\\/bioflexnutrition.com.br\\\/produto\\\/vit-c-4-protect-180caps-essential\\\/#breadcrumb\",\"itemListElement\":[{\"@type\":\"ListItem\",\"position\":1,\"name\":\"In\u00edcio\",\"item\":\"https:\\\/\\\/bioflexnutrition.com.br\\\/\"},{\"@type\":\"ListItem\",\"position\":2,\"name\":\"Loja\",\"item\":\"https:\\\/\\\/bioflexnutrition.com.br\\\/todos\\\/\"},{\"@type\":\"ListItem\",\"position\":3,\"name\":\"Vit C 4 Protect 180caps Essential\"}]},{\"@type\":\"WebSite\",\"@id\":\"https:\\\/\\\/bioflexnutrition.com.br\\\/#website\",\"url\":\"https:\\\/\\\/bioflexnutrition.com.br\\\/\",\"name\":\"Bioflex Nutrition\",\"description\":\"Sua loja online de Nutri\u00e7\u00e3o e Sa\u00fade\",\"publisher\":{\"@id\":\"https:\\\/\\\/bioflexnutrition.com.br\\\/#organization\"},\"potentialAction\":[{\"@type\":\"SearchAction\",\"target\":{\"@type\":\"EntryPoint\",\"urlTemplate\":\"https:\\\/\\\/bioflexnutrition.com.br\\\/?s={search_term_string}\"},\"query-input\":{\"@type\":\"PropertyValueSpecification\",\"valueRequired\":true,\"valueName\":\"search_term_string\"}}],\"inLanguage\":\"en-US\"},{\"@type\":\"Organization\",\"@id\":\"https:\\\/\\\/bioflexnutrition.com.br\\\/#organization\",\"name\":\"Bioflex Nutrition\",\"url\":\"https:\\\/\\\/bioflexnutrition.com.br\\\/\",\"logo\":{\"@type\":\"ImageObject\",\"inLanguage\":\"en-US\",\"@id\":\"https:\\\/\\\/bioflexnutrition.com.br\\\/#\\\/schema\\\/logo\\\/image\\\/\",\"url\":\"https:\\\/\\\/bioflexnutrition.com.br\\\/wp-content\\\/uploads\\\/2025\\\/04\\\/fav.webp\",\"contentUrl\":\"https:\\\/\\\/bioflexnutrition.com.br\\\/wp-content\\\/uploads\\\/2025\\\/04\\\/fav.webp\",\"width\":1150,\"height\":1000,\"caption\":\"Bioflex Nutrition\"},\"image\":{\"@id\":\"https:\\\/\\\/bioflexnutrition.com.br\\\/#\\\/schema\\\/logo\\\/image\\\/\"},\"sameAs\":[\"https:\\\/\\\/www.instagram.com\\\/bioflexnh\\\/\"]}]}<\/script>\n<!-- \/ Yoast SEO plugin. -->","yoast_head_json":{"title":"Vit C 4 Protect 180caps Essential - Bioflex Nutrition","robots":{"index":"index","follow":"follow","max-snippet":"max-snippet:-1","max-image-preview":"max-image-preview:large","max-video-preview":"max-video-preview:-1"},"canonical":"https:\/\/bioflexnutrition.com.br\/en\/product\/vit-c-4-protect-180caps-essential\/","og_locale":"en_US","og_type":"article","og_title":"Vit C 4 Protect 180caps Essential - Bioflex Nutrition","og_description":"Vit C 4 Protect \u00a0 F\u00f3rmula com foco na imunidade, desenvolvida a partir da combina\u00e7\u00e3o de poderosos ingredientes.","og_url":"https:\/\/bioflexnutrition.com.br\/en\/product\/vit-c-4-protect-180caps-essential\/","og_site_name":"Bioflex Nutrition","article_modified_time":"2026-04-01T18:17:14+00:00","og_image":[{"width":1308,"height":1636,"url":"https:\/\/bioflexnutrition.com.br\/wp-content\/uploads\/2025\/06\/15351214062-vit-c-pote-180-capsulas.jpg","type":"image\/jpeg"}],"twitter_card":"summary_large_image","twitter_misc":{"Est. reading time":"2 minutes"},"schema":{"@context":"https:\/\/schema.org","@graph":[{"@type":["WebPage","ItemPage"],"@id":"https:\/\/bioflexnutrition.com.br\/produto\/vit-c-4-protect-180caps-essential\/","url":"https:\/\/bioflexnutrition.com.br\/produto\/vit-c-4-protect-180caps-essential\/","name":"Vit C 4 Protect 180caps Essential - Bioflex Nutrition","isPartOf":{"@id":"https:\/\/bioflexnutrition.com.br\/#website"},"primaryImageOfPage":{"@id":"https:\/\/bioflexnutrition.com.br\/produto\/vit-c-4-protect-180caps-essential\/#primaryimage"},"image":{"@id":"https:\/\/bioflexnutrition.com.br\/produto\/vit-c-4-protect-180caps-essential\/#primaryimage"},"thumbnailUrl":"https:\/\/bioflexnutrition.com.br\/wp-content\/uploads\/2025\/06\/15351214062-vit-c-pote-180-capsulas.jpg","datePublished":"2025-06-05T21:42:51+00:00","dateModified":"2026-04-01T18:17:14+00:00","breadcrumb":{"@id":"https:\/\/bioflexnutrition.com.br\/produto\/vit-c-4-protect-180caps-essential\/#breadcrumb"},"inLanguage":"en-US","potentialAction":[{"@type":"ReadAction","target":["https:\/\/bioflexnutrition.com.br\/produto\/vit-c-4-protect-180caps-essential\/"]}]},{"@type":"ImageObject","inLanguage":"en-US","@id":"https:\/\/bioflexnutrition.com.br\/produto\/vit-c-4-protect-180caps-essential\/#primaryimage","url":"https:\/\/bioflexnutrition.com.br\/wp-content\/uploads\/2025\/06\/15351214062-vit-c-pote-180-capsulas.jpg","contentUrl":"https:\/\/bioflexnutrition.com.br\/wp-content\/uploads\/2025\/06\/15351214062-vit-c-pote-180-capsulas.jpg","width":1308,"height":1636},{"@type":"BreadcrumbList","@id":"https:\/\/bioflexnutrition.com.br\/produto\/vit-c-4-protect-180caps-essential\/#breadcrumb","itemListElement":[{"@type":"ListItem","position":1,"name":"In\u00edcio","item":"https:\/\/bioflexnutrition.com.br\/"},{"@type":"ListItem","position":2,"name":"Loja","item":"https:\/\/bioflexnutrition.com.br\/todos\/"},{"@type":"ListItem","position":3,"name":"Vit C 4 Protect 180caps Essential"}]},{"@type":"WebSite","@id":"https:\/\/bioflexnutrition.com.br\/#website","url":"https:\/\/bioflexnutrition.com.br\/","name":"Bioflex Nutrition","description":"Sua loja online de Nutri\u00e7\u00e3o e Sa\u00fade","publisher":{"@id":"https:\/\/bioflexnutrition.com.br\/#organization"},"potentialAction":[{"@type":"SearchAction","target":{"@type":"EntryPoint","urlTemplate":"https:\/\/bioflexnutrition.com.br\/?s={search_term_string}"},"query-input":{"@type":"PropertyValueSpecification","valueRequired":true,"valueName":"search_term_string"}}],"inLanguage":"en-US"},{"@type":"Organization","@id":"https:\/\/bioflexnutrition.com.br\/#organization","name":"Bioflex Nutrition","url":"https:\/\/bioflexnutrition.com.br\/","logo":{"@type":"ImageObject","inLanguage":"en-US","@id":"https:\/\/bioflexnutrition.com.br\/#\/schema\/logo\/image\/","url":"https:\/\/bioflexnutrition.com.br\/wp-content\/uploads\/2025\/04\/fav.webp","contentUrl":"https:\/\/bioflexnutrition.com.br\/wp-content\/uploads\/2025\/04\/fav.webp","width":1150,"height":1000,"caption":"Bioflex Nutrition"},"image":{"@id":"https:\/\/bioflexnutrition.com.br\/#\/schema\/logo\/image\/"},"sameAs":["https:\/\/www.instagram.com\/bioflexnh\/"]}]}},"_links":{"self":[{"href":"https:\/\/bioflexnutrition.com.br\/en\/wp-json\/wp\/v2\/product\/6352","targetHints":{"allow":["GET"]}}],"collection":[{"href":"https:\/\/bioflexnutrition.com.br\/en\/wp-json\/wp\/v2\/product"}],"about":[{"href":"https:\/\/bioflexnutrition.com.br\/en\/wp-json\/wp\/v2\/types\/product"}],"replies":[{"embeddable":true,"href":"https:\/\/bioflexnutrition.com.br\/en\/wp-json\/wp\/v2\/comments?post=6352"}],"wp:featuredmedia":[{"embeddable":true,"href":"https:\/\/bioflexnutrition.com.br\/en\/wp-json\/wp\/v2\/media\/6349"}],"wp:attachment":[{"href":"https:\/\/bioflexnutrition.com.br\/en\/wp-json\/wp\/v2\/media?parent=6352"}],"wp:term":[{"taxonomy":"product_cat","embeddable":true,"href":"https:\/\/bioflexnutrition.com.br\/en\/wp-json\/wp\/v2\/product_cat?post=6352"},{"taxonomy":"product_tag","embeddable":true,"href":"https:\/\/bioflexnutrition.com.br\/en\/wp-json\/wp\/v2\/product_tag?post=6352"}],"curies":[{"name":"wp","href":"https:\/\/api.w.org\/{rel}","templated":true}]}}