{"id":6362,"date":"2025-06-05T18:43:39","date_gmt":"2025-06-05T21:43:39","guid":{"rendered":"https:\/\/bioflexnutrition.com.br\/produto\/beta-action-jabuticaba-630g-essential\/"},"modified":"2026-04-13T19:18:50","modified_gmt":"2026-04-13T22:18:50","slug":"beta-action-jabuticaba-630g-essential","status":"publish","type":"product","link":"https:\/\/bioflexnutrition.com.br\/en\/product\/beta-action-jabuticaba-630g-essential\/","title":{"rendered":"BETA ACTION JABUTICABA 630G ESSENTIAL"},"content":{"rendered":"<h2>Beta Action &#8211; Pr\u00e9-treino sem cafe\u00edna<\/h2>\n<p><strong>Como voc\u00ea se prepara para treinar?<\/strong><br \/>A escolha dos nutrientes certos antes do treino pode influenciar significativamente o desempenho durante o exerc\u00edcio e contribuir para uma recupera\u00e7\u00e3o mais eficaz, garantindo que o corpo esteja pronto para novos desafios no dia seguinte.<\/p>\n<h3>Alta performance a qualquer hora<\/h3>\n<p><strong>Beta Action<\/strong> \u00e9 um pr\u00e9-treino <strong>sem cafe\u00edna<\/strong>, estrategicamente formulado para oferecer melhor desempenho esportivo com ingredientes que atuam no metabolismo energ\u00e9tico, resist\u00eancia f\u00edsica e recupera\u00e7\u00e3o muscular \u2014 sem interferir no sono.<\/p>\n<ul>\n<li>Beta-alanina (estreia em f\u00f3rmula da Essential)<\/li>\n<li>Taurina<\/li>\n<li>Betaglucana de levedura<\/li>\n<li>Coenzima Q10 Micro-SR\u00ae<\/li>\n<li>Carboidratos com diferentes velocidades de absor\u00e7\u00e3o<\/li>\n<li>Eletr\u00f3litos equilibrados<\/li>\n<li>Vitaminas e minerais selecionados<\/li>\n<\/ul>\n<h3>Energia para come\u00e7ar<\/h3>\n<p>A <strong>maltodextrina<\/strong> oferece energia r\u00e1pida, enquanto a <strong>Palatinose\u2122<\/strong> proporciona libera\u00e7\u00e3o gradual e sustentada. Vitaminas do complexo B e <strong>magn\u00e9sio<\/strong> tamb\u00e9m colaboram no metabolismo energ\u00e9tico.<\/p>\n<h3>Hidrata\u00e7\u00e3o para retomar<\/h3>\n<p>Perdemos \u00e1gua e eletr\u00f3litos durante o treino. Com propor\u00e7\u00f5es ideais de sais minerais e carboidratos, Beta Action age como um <strong>isot\u00f4nico<\/strong>, promovendo hidrata\u00e7\u00e3o celular eficiente e sustentando o desempenho.<\/p>\n<h3>Recupera\u00e7\u00e3o para continuar<\/h3>\n<p>A <strong>beta-alanina<\/strong> auxilia na produ\u00e7\u00e3o de carnosina, subst\u00e2ncia que reduz a acidez intramuscular. Junto com os carboidratos e outros cofatores, auxilia na recupera\u00e7\u00e3o da fun\u00e7\u00e3o muscular ap\u00f3s treinos intensos.<\/p>\n<p><em>Dica:<\/em> A beta-alanina pode causar formigamento tempor\u00e1rio, que tende a diminuir com o uso cont\u00ednuo ou fracionando a dose.<\/p>\n<h3>Sabor que tem brasilidade<\/h3>\n<p>Com sabor de <strong>jabuticaba<\/strong> e um toque de <strong>rom\u00e3<\/strong>, Beta Action oferece uma experi\u00eancia refrescante e deliciosa no pr\u00e9-treino.<\/p>\n<h3>Informa\u00e7\u00e3o Nutricional<\/h3>\n<p><em>Por\u00e7\u00f5es por embalagem:<\/em> 20<br \/><em>Por\u00e7\u00e3o:<\/em> 31,5g (1 colher-medida)<\/p>\n<table border=\"1\" cellpadding=\"6\" cellspacing=\"0\">\n<thead>\n<tr>\n<th>Componente<\/th>\n<th>31,5g<\/th>\n<th>%VD*<\/th>\n<\/tr>\n<\/thead>\n<tbody>\n<tr>\n<td>Valor energ\u00e9tico<\/td>\n<td>92kcal<\/td>\n<td>5%<\/td>\n<\/tr>\n<tr>\n<td>Carboidratos<\/td>\n<td>23g<\/td>\n<td>8%<\/td>\n<\/tr>\n<tr>\n<td>A\u00e7\u00facares totais<\/td>\n<td>19g<\/td>\n<td>&#8211;<\/td>\n<\/tr>\n<tr>\n<td>A\u00e7\u00facares adicionados<\/td>\n<td>18g<\/td>\n<td>36%<\/td>\n<\/tr>\n<tr>\n<td>Isomaltulose<\/td>\n<td>18g<\/td>\n<td>&#8211;<\/td>\n<\/tr>\n<tr>\n<td>Lactose<\/td>\n<td>0g<\/td>\n<td>&#8211;<\/td>\n<\/tr>\n<tr>\n<td>Prote\u00ednas<\/td>\n<td>0g<\/td>\n<td>0%<\/td>\n<\/tr>\n<tr>\n<td>L-tirosina<\/td>\n<td>400mg<\/td>\n<td>&#8211;<\/td>\n<\/tr>\n<tr>\n<td>Beta-alanina<\/td>\n<td>2000mg<\/td>\n<td>&#8211;<\/td>\n<\/tr>\n<tr>\n<td>Taurina<\/td>\n<td>1500mg<\/td>\n<td>&#8211;<\/td>\n<\/tr>\n<tr>\n<td>Coenzima Q10<\/td>\n<td>20mg<\/td>\n<td>&#8211;<\/td>\n<\/tr>\n<tr>\n<td>Betaglucana de levedura<\/td>\n<td>250mg<\/td>\n<td>&#8211;<\/td>\n<\/tr>\n<tr>\n<td>S\u00f3dio<\/td>\n<td>227mg<\/td>\n<td>11%<\/td>\n<\/tr>\n<tr>\n<td>Vitamina B1<\/td>\n<td>1,2mg<\/td>\n<td>100%<\/td>\n<\/tr>\n<tr>\n<td>Vitamina B2<\/td>\n<td>1,3mg<\/td>\n<td>108%<\/td>\n<\/tr>\n<tr>\n<td>Vitamina B3<\/td>\n<td>8mg<\/td>\n<td>53%<\/td>\n<\/tr>\n<tr>\n<td>Vitamina B5<\/td>\n<td>5mg<\/td>\n<td>100%<\/td>\n<\/tr>\n<tr>\n<td>Vitamina B6<\/td>\n<td>1,3mg<\/td>\n<td>100%<\/td>\n<\/tr>\n<tr>\n<td>Vitamina B9<\/td>\n<td>100\u03bcg<\/td>\n<td>42%<\/td>\n<\/tr>\n<tr>\n<td>Vitamina B12<\/td>\n<td>2,4\u03bcg<\/td>\n<td>100%<\/td>\n<\/tr>\n<tr>\n<td>C\u00e1lcio<\/td>\n<td>180mg<\/td>\n<td>18%<\/td>\n<\/tr>\n<tr>\n<td>Cromo<\/td>\n<td>35\u03bcg<\/td>\n<td>100%<\/td>\n<\/tr>\n<tr>\n<td>F\u00f3sforo<\/td>\n<td>96mg<\/td>\n<td>14%<\/td>\n<\/tr>\n<tr>\n<td>Magn\u00e9sio<\/td>\n<td>100mg<\/td>\n<td>24%<\/td>\n<\/tr>\n<tr>\n<td>Pot\u00e1ssio<\/td>\n<td>166mg<\/td>\n<td>5%<\/td>\n<\/tr>\n<tr>\n<td>Sel\u00eanio<\/td>\n<td>34\u03bcg<\/td>\n<td>57%<\/td>\n<\/tr>\n<\/tbody>\n<\/table>\n<p><em>*% Valores Di\u00e1rios com base em uma dieta de 2.000kcal. Pode variar conforme necessidades individuais.<\/em><\/p>\n<h3>Ingredientes<\/h3>\n<p>Isomaltulose (Palatinose\u2122), beta-alanina, maltodextrina, taurina, beterraba em p\u00f3, melancia em p\u00f3, blend de vegetais (beterraba, cenoura e hibisco), malato de magn\u00e9sio, citrato de s\u00f3dio, L-tirosina, fosfato tric\u00e1lcico, cloreto de pot\u00e1ssio, cloreto de s\u00f3dio, betaglucana de levedura (Saccharomyces cerevisiae), citrato de c\u00e1lcio tetrahidratado, fosfato de pot\u00e1ssio monob\u00e1sico, coenzima Q10 (Micro-SR\u00ae), nicotinamida, pantotenato de c\u00e1lcio, L-selenometionina, \u00e1cido nicot\u00ednico, piridoxal-5-fosfato, riboflavina-5-fosfato, cloridrato de tiamina, picolinato de cromo, L-metilfolato de c\u00e1lcio, metilcobalamina, antioxidante \u00e1cido c\u00edtrico, antiumectante di\u00f3xido de sil\u00edcio, aromas (natural, id\u00eantico ao natural, extrato de gengibre tailand\u00eas e extrato de pimenta-vermelha) e edulcorante est\u00e9via (glicos\u00eddeos de esteviol).<\/p>\n<p><strong>N\u00c3O CONT\u00c9M GL\u00daTEN.<\/strong><br \/><strong>AL\u00c9RGICOS:<\/strong> Pode conter tra\u00e7os de derivados de leite.*<br \/><em>*Presen\u00e7a acidental por contamina\u00e7\u00e3o cruzada na linha de produ\u00e7\u00e3o.<\/em><\/p>\n<h3>Modo de Preparo<\/h3>\n<ul>\n<li>Adicione 31,5g (1 colher-medida) em 300ml de \u00e1gua gelada.<\/li>\n<li>Misture at\u00e9 total homogeneiza\u00e7\u00e3o.<\/li>\n<li>Consumir 1 dose ao dia ou conforme orienta\u00e7\u00e3o profissional.<\/li>\n<\/ul>\n<h3>Advert\u00eancias<\/h3>\n<ul>\n<li>Produto para adultos (\u226519 anos).<\/li>\n<li>N\u00e3o consumir se gestante, lactante ou crian\u00e7a.<\/li>\n<li>\u201cEste produto n\u00e3o \u00e9 um medicamento.\u201d<\/li>\n<li>\u201cN\u00e3o exceder a recomenda\u00e7\u00e3o di\u00e1ria.\u201d<\/li>\n<li>\u201cMantenha fora do alcance de crian\u00e7as.\u201d<\/li>\n<li>Ap\u00f3s aberto, consumir em at\u00e9 60 dias.<\/li>\n<\/ul>\n<p><strong>Informa\u00e7\u00e3o adicional:<\/strong> A beta-alanina pode causar formigamento. Para evitar, recomenda-se dividir a dose em fra\u00e7\u00f5es menores (m\u00e1x. 300mg a cada 2 horas).<\/p>","protected":false},"excerpt":{"rendered":"<p>Beta Action \u00e9 um pr\u00e9-treino sem cafe\u00edna desenvolvido para impulsionar a performance esportiva, a resist\u00eancia f\u00edsica e a recupera\u00e7\u00e3o muscular. Al\u00e9m da beta-alanina, da Palatinose\u2122 e dos eletr\u00f3litos, sua f\u00f3rmula tamb\u00e9m conta com outros poderosos ingredientes que favorecem a energia, sem interferir no sono.<\/p>\n<p>\u00a0<\/p>","protected":false},"featured_media":7239,"comment_status":"open","ping_status":"closed","template":"","meta":{"_joinchat":[]},"product_cat":[165,248,160,199,157,164,274,276,198],"product_tag":[],"class_list":{"0":"post-6362","1":"product","2":"type-product","3":"status-publish","4":"has-post-thumbnail","6":"product_cat-alta-performance","7":"product_cat-categorias-e","8":"product_cat-essential","9":"product_cat-frete-gratis","10":"product_cat-marcas","11":"product_cat-objetivos-especificos","12":"product_cat-pre-treinos-categorias-ecommerce","13":"product_cat-pre-treinos-sem-cafeina","14":"product_cat-promocoes","16":"first","17":"instock","18":"shipping-taxable","19":"purchasable","20":"product-type-simple","21":"col-xs-6 col-sm-4","22":"col-md-3 col-lg-3","23":"un-4-cols"},"yoast_head":"<!-- This site is optimized with the Yoast SEO plugin v27.3 - https:\/\/yoast.com\/product\/yoast-seo-wordpress\/ -->\n<title>BETA ACTION JABUTICABA 630G ESSENTIAL - Bioflex Nutrition<\/title>\n<meta name=\"robots\" content=\"index, follow, max-snippet:-1, max-image-preview:large, max-video-preview:-1\" \/>\n<link rel=\"canonical\" href=\"https:\/\/bioflexnutrition.com.br\/en\/product\/beta-action-jabuticaba-630g-essential\/\" \/>\n<meta property=\"og:locale\" content=\"en_US\" \/>\n<meta property=\"og:type\" content=\"article\" \/>\n<meta property=\"og:title\" content=\"BETA ACTION JABUTICABA 630G ESSENTIAL - Bioflex Nutrition\" \/>\n<meta property=\"og:description\" content=\"Beta Action \u00e9 um pr\u00e9-treino sem cafe\u00edna desenvolvido para impulsionar a performance esportiva, a resist\u00eancia f\u00edsica e a recupera\u00e7\u00e3o muscular. Al\u00e9m da beta-alanina, da Palatinose\u2122 e dos eletr\u00f3litos, sua f\u00f3rmula tamb\u00e9m conta com outros poderosos ingredientes que favorecem a energia, sem interferir no sono. \u00a0\" \/>\n<meta property=\"og:url\" content=\"https:\/\/bioflexnutrition.com.br\/en\/product\/beta-action-jabuticaba-630g-essential\/\" \/>\n<meta property=\"og:site_name\" content=\"Bioflex Nutrition\" \/>\n<meta property=\"article:modified_time\" content=\"2026-04-13T22:18:50+00:00\" \/>\n<meta property=\"og:image\" content=\"https:\/\/bioflexnutrition.com.br\/wp-content\/uploads\/2025\/06\/beta-action-jabuticaba2.webp\" \/>\n\t<meta property=\"og:image:width\" content=\"1000\" \/>\n\t<meta property=\"og:image:height\" content=\"1000\" \/>\n\t<meta property=\"og:image:type\" content=\"image\/webp\" \/>\n<meta name=\"twitter:card\" content=\"summary_large_image\" \/>\n<meta name=\"twitter:label1\" content=\"Est. reading time\" \/>\n\t<meta name=\"twitter:data1\" content=\"4 minutes\" \/>\n<script type=\"application\/ld+json\" class=\"yoast-schema-graph\">{\"@context\":\"https:\\\/\\\/schema.org\",\"@graph\":[{\"@type\":[\"WebPage\",\"ItemPage\"],\"@id\":\"https:\\\/\\\/bioflexnutrition.com.br\\\/produto\\\/beta-action-jabuticaba-630g-essential\\\/\",\"url\":\"https:\\\/\\\/bioflexnutrition.com.br\\\/produto\\\/beta-action-jabuticaba-630g-essential\\\/\",\"name\":\"BETA ACTION JABUTICABA 630G ESSENTIAL - Bioflex Nutrition\",\"isPartOf\":{\"@id\":\"https:\\\/\\\/bioflexnutrition.com.br\\\/#website\"},\"primaryImageOfPage\":{\"@id\":\"https:\\\/\\\/bioflexnutrition.com.br\\\/produto\\\/beta-action-jabuticaba-630g-essential\\\/#primaryimage\"},\"image\":{\"@id\":\"https:\\\/\\\/bioflexnutrition.com.br\\\/produto\\\/beta-action-jabuticaba-630g-essential\\\/#primaryimage\"},\"thumbnailUrl\":\"https:\\\/\\\/bioflexnutrition.com.br\\\/wp-content\\\/uploads\\\/2025\\\/06\\\/beta-action-jabuticaba2.webp\",\"datePublished\":\"2025-06-05T21:43:39+00:00\",\"dateModified\":\"2026-04-13T22:18:50+00:00\",\"breadcrumb\":{\"@id\":\"https:\\\/\\\/bioflexnutrition.com.br\\\/produto\\\/beta-action-jabuticaba-630g-essential\\\/#breadcrumb\"},\"inLanguage\":\"en-US\",\"potentialAction\":[{\"@type\":\"ReadAction\",\"target\":[\"https:\\\/\\\/bioflexnutrition.com.br\\\/produto\\\/beta-action-jabuticaba-630g-essential\\\/\"]}]},{\"@type\":\"ImageObject\",\"inLanguage\":\"en-US\",\"@id\":\"https:\\\/\\\/bioflexnutrition.com.br\\\/produto\\\/beta-action-jabuticaba-630g-essential\\\/#primaryimage\",\"url\":\"https:\\\/\\\/bioflexnutrition.com.br\\\/wp-content\\\/uploads\\\/2025\\\/06\\\/beta-action-jabuticaba2.webp\",\"contentUrl\":\"https:\\\/\\\/bioflexnutrition.com.br\\\/wp-content\\\/uploads\\\/2025\\\/06\\\/beta-action-jabuticaba2.webp\",\"width\":1000,\"height\":1000},{\"@type\":\"BreadcrumbList\",\"@id\":\"https:\\\/\\\/bioflexnutrition.com.br\\\/produto\\\/beta-action-jabuticaba-630g-essential\\\/#breadcrumb\",\"itemListElement\":[{\"@type\":\"ListItem\",\"position\":1,\"name\":\"In\u00edcio\",\"item\":\"https:\\\/\\\/bioflexnutrition.com.br\\\/\"},{\"@type\":\"ListItem\",\"position\":2,\"name\":\"Loja\",\"item\":\"https:\\\/\\\/bioflexnutrition.com.br\\\/todos\\\/\"},{\"@type\":\"ListItem\",\"position\":3,\"name\":\"BETA ACTION JABUTICABA 630G ESSENTIAL\"}]},{\"@type\":\"WebSite\",\"@id\":\"https:\\\/\\\/bioflexnutrition.com.br\\\/#website\",\"url\":\"https:\\\/\\\/bioflexnutrition.com.br\\\/\",\"name\":\"Bioflex Nutrition\",\"description\":\"Sua loja online de Nutri\u00e7\u00e3o e Sa\u00fade\",\"publisher\":{\"@id\":\"https:\\\/\\\/bioflexnutrition.com.br\\\/#organization\"},\"potentialAction\":[{\"@type\":\"SearchAction\",\"target\":{\"@type\":\"EntryPoint\",\"urlTemplate\":\"https:\\\/\\\/bioflexnutrition.com.br\\\/?s={search_term_string}\"},\"query-input\":{\"@type\":\"PropertyValueSpecification\",\"valueRequired\":true,\"valueName\":\"search_term_string\"}}],\"inLanguage\":\"en-US\"},{\"@type\":\"Organization\",\"@id\":\"https:\\\/\\\/bioflexnutrition.com.br\\\/#organization\",\"name\":\"Bioflex Nutrition\",\"url\":\"https:\\\/\\\/bioflexnutrition.com.br\\\/\",\"logo\":{\"@type\":\"ImageObject\",\"inLanguage\":\"en-US\",\"@id\":\"https:\\\/\\\/bioflexnutrition.com.br\\\/#\\\/schema\\\/logo\\\/image\\\/\",\"url\":\"https:\\\/\\\/bioflexnutrition.com.br\\\/wp-content\\\/uploads\\\/2025\\\/04\\\/fav.webp\",\"contentUrl\":\"https:\\\/\\\/bioflexnutrition.com.br\\\/wp-content\\\/uploads\\\/2025\\\/04\\\/fav.webp\",\"width\":1150,\"height\":1000,\"caption\":\"Bioflex Nutrition\"},\"image\":{\"@id\":\"https:\\\/\\\/bioflexnutrition.com.br\\\/#\\\/schema\\\/logo\\\/image\\\/\"},\"sameAs\":[\"https:\\\/\\\/www.instagram.com\\\/bioflexnh\\\/\"]}]}<\/script>\n<!-- \/ Yoast SEO plugin. -->","yoast_head_json":{"title":"BETA ACTION JABUTICABA 630G ESSENTIAL - Bioflex Nutrition","robots":{"index":"index","follow":"follow","max-snippet":"max-snippet:-1","max-image-preview":"max-image-preview:large","max-video-preview":"max-video-preview:-1"},"canonical":"https:\/\/bioflexnutrition.com.br\/en\/product\/beta-action-jabuticaba-630g-essential\/","og_locale":"en_US","og_type":"article","og_title":"BETA ACTION JABUTICABA 630G ESSENTIAL - Bioflex Nutrition","og_description":"Beta Action \u00e9 um pr\u00e9-treino sem cafe\u00edna desenvolvido para impulsionar a performance esportiva, a resist\u00eancia f\u00edsica e a recupera\u00e7\u00e3o muscular. Al\u00e9m da beta-alanina, da Palatinose\u2122 e dos eletr\u00f3litos, sua f\u00f3rmula tamb\u00e9m conta com outros poderosos ingredientes que favorecem a energia, sem interferir no sono. \u00a0","og_url":"https:\/\/bioflexnutrition.com.br\/en\/product\/beta-action-jabuticaba-630g-essential\/","og_site_name":"Bioflex Nutrition","article_modified_time":"2026-04-13T22:18:50+00:00","og_image":[{"width":1000,"height":1000,"url":"https:\/\/bioflexnutrition.com.br\/wp-content\/uploads\/2025\/06\/beta-action-jabuticaba2.webp","type":"image\/webp"}],"twitter_card":"summary_large_image","twitter_misc":{"Est. reading time":"4 minutes"},"schema":{"@context":"https:\/\/schema.org","@graph":[{"@type":["WebPage","ItemPage"],"@id":"https:\/\/bioflexnutrition.com.br\/produto\/beta-action-jabuticaba-630g-essential\/","url":"https:\/\/bioflexnutrition.com.br\/produto\/beta-action-jabuticaba-630g-essential\/","name":"BETA ACTION JABUTICABA 630G ESSENTIAL - Bioflex Nutrition","isPartOf":{"@id":"https:\/\/bioflexnutrition.com.br\/#website"},"primaryImageOfPage":{"@id":"https:\/\/bioflexnutrition.com.br\/produto\/beta-action-jabuticaba-630g-essential\/#primaryimage"},"image":{"@id":"https:\/\/bioflexnutrition.com.br\/produto\/beta-action-jabuticaba-630g-essential\/#primaryimage"},"thumbnailUrl":"https:\/\/bioflexnutrition.com.br\/wp-content\/uploads\/2025\/06\/beta-action-jabuticaba2.webp","datePublished":"2025-06-05T21:43:39+00:00","dateModified":"2026-04-13T22:18:50+00:00","breadcrumb":{"@id":"https:\/\/bioflexnutrition.com.br\/produto\/beta-action-jabuticaba-630g-essential\/#breadcrumb"},"inLanguage":"en-US","potentialAction":[{"@type":"ReadAction","target":["https:\/\/bioflexnutrition.com.br\/produto\/beta-action-jabuticaba-630g-essential\/"]}]},{"@type":"ImageObject","inLanguage":"en-US","@id":"https:\/\/bioflexnutrition.com.br\/produto\/beta-action-jabuticaba-630g-essential\/#primaryimage","url":"https:\/\/bioflexnutrition.com.br\/wp-content\/uploads\/2025\/06\/beta-action-jabuticaba2.webp","contentUrl":"https:\/\/bioflexnutrition.com.br\/wp-content\/uploads\/2025\/06\/beta-action-jabuticaba2.webp","width":1000,"height":1000},{"@type":"BreadcrumbList","@id":"https:\/\/bioflexnutrition.com.br\/produto\/beta-action-jabuticaba-630g-essential\/#breadcrumb","itemListElement":[{"@type":"ListItem","position":1,"name":"In\u00edcio","item":"https:\/\/bioflexnutrition.com.br\/"},{"@type":"ListItem","position":2,"name":"Loja","item":"https:\/\/bioflexnutrition.com.br\/todos\/"},{"@type":"ListItem","position":3,"name":"BETA ACTION JABUTICABA 630G ESSENTIAL"}]},{"@type":"WebSite","@id":"https:\/\/bioflexnutrition.com.br\/#website","url":"https:\/\/bioflexnutrition.com.br\/","name":"Bioflex Nutrition","description":"Sua loja online de Nutri\u00e7\u00e3o e Sa\u00fade","publisher":{"@id":"https:\/\/bioflexnutrition.com.br\/#organization"},"potentialAction":[{"@type":"SearchAction","target":{"@type":"EntryPoint","urlTemplate":"https:\/\/bioflexnutrition.com.br\/?s={search_term_string}"},"query-input":{"@type":"PropertyValueSpecification","valueRequired":true,"valueName":"search_term_string"}}],"inLanguage":"en-US"},{"@type":"Organization","@id":"https:\/\/bioflexnutrition.com.br\/#organization","name":"Bioflex Nutrition","url":"https:\/\/bioflexnutrition.com.br\/","logo":{"@type":"ImageObject","inLanguage":"en-US","@id":"https:\/\/bioflexnutrition.com.br\/#\/schema\/logo\/image\/","url":"https:\/\/bioflexnutrition.com.br\/wp-content\/uploads\/2025\/04\/fav.webp","contentUrl":"https:\/\/bioflexnutrition.com.br\/wp-content\/uploads\/2025\/04\/fav.webp","width":1150,"height":1000,"caption":"Bioflex Nutrition"},"image":{"@id":"https:\/\/bioflexnutrition.com.br\/#\/schema\/logo\/image\/"},"sameAs":["https:\/\/www.instagram.com\/bioflexnh\/"]}]}},"_links":{"self":[{"href":"https:\/\/bioflexnutrition.com.br\/en\/wp-json\/wp\/v2\/product\/6362","targetHints":{"allow":["GET"]}}],"collection":[{"href":"https:\/\/bioflexnutrition.com.br\/en\/wp-json\/wp\/v2\/product"}],"about":[{"href":"https:\/\/bioflexnutrition.com.br\/en\/wp-json\/wp\/v2\/types\/product"}],"replies":[{"embeddable":true,"href":"https:\/\/bioflexnutrition.com.br\/en\/wp-json\/wp\/v2\/comments?post=6362"}],"wp:featuredmedia":[{"embeddable":true,"href":"https:\/\/bioflexnutrition.com.br\/en\/wp-json\/wp\/v2\/media\/7239"}],"wp:attachment":[{"href":"https:\/\/bioflexnutrition.com.br\/en\/wp-json\/wp\/v2\/media?parent=6362"}],"wp:term":[{"taxonomy":"product_cat","embeddable":true,"href":"https:\/\/bioflexnutrition.com.br\/en\/wp-json\/wp\/v2\/product_cat?post=6362"},{"taxonomy":"product_tag","embeddable":true,"href":"https:\/\/bioflexnutrition.com.br\/en\/wp-json\/wp\/v2\/product_tag?post=6362"}],"curies":[{"name":"wp","href":"https:\/\/api.w.org\/{rel}","templated":true}]}}