{"id":6370,"date":"2025-06-05T18:44:21","date_gmt":"2025-06-05T21:44:21","guid":{"rendered":"https:\/\/bioflexnutrition.com.br\/produto\/carbolift-sem-sabor-900g-essential\/"},"modified":"2025-12-18T12:25:06","modified_gmt":"2025-12-18T15:25:06","slug":"carbolift-sem-sabor-900g-essential","status":"publish","type":"product","link":"https:\/\/bioflexnutrition.com.br\/en\/product\/carbolift-sem-sabor-900g-essential\/","title":{"rendered":"CARBOLIFT SEM SABOR 900G ESSENTIAL"},"content":{"rendered":"<h2>Carbolift<\/h2>\n<p><strong>Carbolift<\/strong> \u00e9 sin\u00f4nimo de energia. A <strong>Palatinose\u2122<\/strong> \u2014 seu \u00fanico ingrediente \u2014 \u00e9 um carboidrato de lenta libera\u00e7\u00e3o e de baixo \u00edndice glic\u00eamico, proporcionando um fluxo constante e prolongado de energia.<\/p>\n<ul>\n<li><strong>100% Palatinose\u2122<\/strong> (isomaltulose)<\/li>\n<li><strong>IG\u00a032<\/strong> (baixo \u00edndice glic\u00eamico)<\/li>\n<li>Suplemento 100% vegano<\/li>\n<\/ul>\n<h3>Fornecimento gradual de energia<\/h3>\n<p>O combust\u00edvel para a mente \u00e9 t\u00e3o importante quanto para o corpo. Experimente Carbolift 20\u00a0min antes do treino, como refor\u00e7o durante treinos longos ou ap\u00f3s o exerc\u00edcio para ajudar na recupera\u00e7\u00e3o muscular.<\/p>\n<h3>Por que escolher carboidratos de baixo IG?<\/h3>\n<p>Quanto maior a intensidade e dura\u00e7\u00e3o do exerc\u00edcio, maior a necessidade de reposi\u00e7\u00e3o energ\u00e9tica. Prefira carboidratos de baixo \u00edndice glic\u00eamico para manter a glicemia est\u00e1vel, evitar uso de prote\u00edna muscular e impedir picos e quedas bruscas de energia.<\/p>\n<h3>\u00cdndice Glic\u00eamico dos Alimentos<\/h3>\n<ul>\n<li><strong>Baixo IG:<\/strong> \u2264\u00a055<\/li>\n<li><strong>M\u00e9dio IG:<\/strong> 56\u201369<\/li>\n<li><strong>Alto IG:<\/strong> \u2265\u00a070<\/li>\n<\/ul>\n<h3>Informa\u00e7\u00e3o Nutricional<\/h3>\n<p><strong>Por\u00e7\u00f5es por embalagem:<\/strong> 45 (900g)<br \/><strong>Por\u00e7\u00e3o:<\/strong> 20g (1 colher\u2011medida)<\/p>\n<table border=\"1\" cellpadding=\"6\" cellspacing=\"0\">\n<thead>\n<tr>\n<th>Componente<\/th>\n<th>20g<\/th>\n<th>%VD*<\/th>\n<\/tr>\n<\/thead>\n<tbody>\n<tr>\n<td>Valor energ\u00e9tico (kcal)<\/td>\n<td>80<\/td>\n<td>4%<\/td>\n<\/tr>\n<tr>\n<td>Carboidratos (g)<\/td>\n<td>20<\/td>\n<td>7%<\/td>\n<\/tr>\n<tr>\n<td>A\u00e7\u00facares totais (g)<\/td>\n<td>20<\/td>\n<td>\u2013<\/td>\n<\/tr>\n<tr>\n<td>A\u00e7\u00facares adicionados (g)<\/td>\n<td>0<\/td>\n<td>0%<\/td>\n<\/tr>\n<tr>\n<td>Isomaltulose (g)<\/td>\n<td>20<\/td>\n<td>\u2013<\/td>\n<\/tr>\n<\/tbody>\n<\/table>\n<p><em>*Percentual de valores di\u00e1rios com base em uma dieta de 2.000\u00a0kcal.<\/em><\/p>\n<h3>Ingredientes<\/h3>\n<p>Isomaltulose (Palatinose\u2122).<\/p>\n<p><strong>N\u00c3O CONT\u00c9M GL\u00daTEN.<\/strong><br \/><strong>AL\u00c9RGICOS:<\/strong> pode conter derivados de leite*.<br \/><em>*Tra\u00e7os por contamina\u00e7\u00e3o cruzada na produ\u00e7\u00e3o.<\/em><\/p>\n<h3>Modo de Preparo<\/h3>\n<ul>\n<li>Adicione 20g (1 colher\u2011medida) em 200ml de \u00e1gua.<\/li>\n<li>Misture at\u00e9 completa homogeneiza\u00e7\u00e3o.<\/li>\n<li>Consumir uma vez ao dia ou conforme orienta\u00e7\u00e3o de profissional.<\/li>\n<\/ul>\n<h3>Advert\u00eancias<\/h3>\n<ul>\n<li>Manter em local fresco, seco e ao abrigo da luz solar.<\/li>\n<li>Ap\u00f3s aberto, consumir em at\u00e9 90\u00a0dias.<\/li>\n<li>Recomendado para adultos (\u2265\u202f19\u00a0anos).<\/li>\n<li>\u201cEste produto n\u00e3o \u00e9 um medicamento.\u201d<\/li>\n<li>\u201cN\u00e3o exceder a recomenda\u00e7\u00e3o di\u00e1ria indicada na embalagem.\u201d<\/li>\n<li>\u201cMantenha fora do alcance de crian\u00e7as.\u201d<\/li>\n<\/ul>","protected":false},"excerpt":{"rendered":"<p>Suplemento 100% \u00e0 base de Palatinose\u2122 (isomaltulose), um carboidrato de baixo \u00edndice glic\u00eamico e absor\u00e7\u00e3o lenta, o que possibilita um fluxo constante de energia.<\/p>\n<p>\u00a0<\/p>\n<p>\u00a0<\/p>","protected":false},"featured_media":6363,"comment_status":"open","ping_status":"closed","template":"","meta":{"_joinchat":[]},"product_cat":[165,258,259,248,160,199,157,164,198],"product_tag":[],"class_list":{"0":"post-6370","1":"product","2":"type-product","3":"status-publish","4":"has-post-thumbnail","6":"product_cat-alta-performance","7":"product_cat-carboidratos-categorias-ecommerce","8":"product_cat-carboidratos-absorcao-lenta","9":"product_cat-categorias-e","10":"product_cat-essential","11":"product_cat-frete-gratis","12":"product_cat-marcas","13":"product_cat-objetivos-especificos","14":"product_cat-promocoes","16":"first","17":"instock","18":"shipping-taxable","19":"purchasable","20":"product-type-simple","21":"col-xs-6 col-sm-4","22":"col-md-3 col-lg-3","23":"un-4-cols"},"yoast_head":"<!-- This site is optimized with the Yoast SEO plugin v27.3 - https:\/\/yoast.com\/product\/yoast-seo-wordpress\/ -->\n<title>CARBOLIFT SEM SABOR 900G ESSENTIAL - Bioflex Nutrition<\/title>\n<meta name=\"robots\" content=\"index, follow, max-snippet:-1, max-image-preview:large, max-video-preview:-1\" \/>\n<link rel=\"canonical\" href=\"https:\/\/bioflexnutrition.com.br\/en\/product\/carbolift-sem-sabor-900g-essential\/\" \/>\n<meta property=\"og:locale\" content=\"en_US\" \/>\n<meta property=\"og:type\" content=\"article\" \/>\n<meta property=\"og:title\" content=\"CARBOLIFT SEM SABOR 900G ESSENTIAL - Bioflex Nutrition\" \/>\n<meta property=\"og:description\" content=\"Suplemento 100% \u00e0 base de Palatinose\u2122 (isomaltulose), um carboidrato de baixo \u00edndice glic\u00eamico e absor\u00e7\u00e3o lenta, o que possibilita um fluxo constante de energia. \u00a0 \u00a0\" \/>\n<meta property=\"og:url\" content=\"https:\/\/bioflexnutrition.com.br\/en\/product\/carbolift-sem-sabor-900g-essential\/\" \/>\n<meta property=\"og:site_name\" content=\"Bioflex Nutrition\" \/>\n<meta property=\"article:modified_time\" content=\"2025-12-18T15:25:06+00:00\" \/>\n<meta property=\"og:image\" content=\"https:\/\/bioflexnutrition.com.br\/wp-content\/uploads\/2025\/06\/15339145959-carbolift-lata-media.jpg\" \/>\n\t<meta property=\"og:image:width\" content=\"1950\" \/>\n\t<meta property=\"og:image:height\" content=\"1950\" \/>\n\t<meta property=\"og:image:type\" content=\"image\/jpeg\" \/>\n<meta name=\"twitter:card\" content=\"summary_large_image\" \/>\n<meta name=\"twitter:label1\" content=\"Est. reading time\" \/>\n\t<meta name=\"twitter:data1\" content=\"2 minutes\" \/>\n<script type=\"application\/ld+json\" class=\"yoast-schema-graph\">{\"@context\":\"https:\\\/\\\/schema.org\",\"@graph\":[{\"@type\":[\"WebPage\",\"ItemPage\"],\"@id\":\"https:\\\/\\\/bioflexnutrition.com.br\\\/produto\\\/carbolift-sem-sabor-900g-essential\\\/\",\"url\":\"https:\\\/\\\/bioflexnutrition.com.br\\\/produto\\\/carbolift-sem-sabor-900g-essential\\\/\",\"name\":\"CARBOLIFT SEM SABOR 900G ESSENTIAL - Bioflex Nutrition\",\"isPartOf\":{\"@id\":\"https:\\\/\\\/bioflexnutrition.com.br\\\/#website\"},\"primaryImageOfPage\":{\"@id\":\"https:\\\/\\\/bioflexnutrition.com.br\\\/produto\\\/carbolift-sem-sabor-900g-essential\\\/#primaryimage\"},\"image\":{\"@id\":\"https:\\\/\\\/bioflexnutrition.com.br\\\/produto\\\/carbolift-sem-sabor-900g-essential\\\/#primaryimage\"},\"thumbnailUrl\":\"https:\\\/\\\/bioflexnutrition.com.br\\\/wp-content\\\/uploads\\\/2025\\\/06\\\/15339145959-carbolift-lata-media.jpg\",\"datePublished\":\"2025-06-05T21:44:21+00:00\",\"dateModified\":\"2025-12-18T15:25:06+00:00\",\"breadcrumb\":{\"@id\":\"https:\\\/\\\/bioflexnutrition.com.br\\\/produto\\\/carbolift-sem-sabor-900g-essential\\\/#breadcrumb\"},\"inLanguage\":\"en-US\",\"potentialAction\":[{\"@type\":\"ReadAction\",\"target\":[\"https:\\\/\\\/bioflexnutrition.com.br\\\/produto\\\/carbolift-sem-sabor-900g-essential\\\/\"]}]},{\"@type\":\"ImageObject\",\"inLanguage\":\"en-US\",\"@id\":\"https:\\\/\\\/bioflexnutrition.com.br\\\/produto\\\/carbolift-sem-sabor-900g-essential\\\/#primaryimage\",\"url\":\"https:\\\/\\\/bioflexnutrition.com.br\\\/wp-content\\\/uploads\\\/2025\\\/06\\\/15339145959-carbolift-lata-media.jpg\",\"contentUrl\":\"https:\\\/\\\/bioflexnutrition.com.br\\\/wp-content\\\/uploads\\\/2025\\\/06\\\/15339145959-carbolift-lata-media.jpg\",\"width\":1950,\"height\":1950},{\"@type\":\"BreadcrumbList\",\"@id\":\"https:\\\/\\\/bioflexnutrition.com.br\\\/produto\\\/carbolift-sem-sabor-900g-essential\\\/#breadcrumb\",\"itemListElement\":[{\"@type\":\"ListItem\",\"position\":1,\"name\":\"In\u00edcio\",\"item\":\"https:\\\/\\\/bioflexnutrition.com.br\\\/\"},{\"@type\":\"ListItem\",\"position\":2,\"name\":\"Loja\",\"item\":\"https:\\\/\\\/bioflexnutrition.com.br\\\/todos\\\/\"},{\"@type\":\"ListItem\",\"position\":3,\"name\":\"CARBOLIFT SEM SABOR 900G ESSENTIAL\"}]},{\"@type\":\"WebSite\",\"@id\":\"https:\\\/\\\/bioflexnutrition.com.br\\\/#website\",\"url\":\"https:\\\/\\\/bioflexnutrition.com.br\\\/\",\"name\":\"Bioflex Nutrition\",\"description\":\"Sua loja online de Nutri\u00e7\u00e3o e Sa\u00fade\",\"publisher\":{\"@id\":\"https:\\\/\\\/bioflexnutrition.com.br\\\/#organization\"},\"potentialAction\":[{\"@type\":\"SearchAction\",\"target\":{\"@type\":\"EntryPoint\",\"urlTemplate\":\"https:\\\/\\\/bioflexnutrition.com.br\\\/?s={search_term_string}\"},\"query-input\":{\"@type\":\"PropertyValueSpecification\",\"valueRequired\":true,\"valueName\":\"search_term_string\"}}],\"inLanguage\":\"en-US\"},{\"@type\":\"Organization\",\"@id\":\"https:\\\/\\\/bioflexnutrition.com.br\\\/#organization\",\"name\":\"Bioflex Nutrition\",\"url\":\"https:\\\/\\\/bioflexnutrition.com.br\\\/\",\"logo\":{\"@type\":\"ImageObject\",\"inLanguage\":\"en-US\",\"@id\":\"https:\\\/\\\/bioflexnutrition.com.br\\\/#\\\/schema\\\/logo\\\/image\\\/\",\"url\":\"https:\\\/\\\/bioflexnutrition.com.br\\\/wp-content\\\/uploads\\\/2025\\\/04\\\/fav.webp\",\"contentUrl\":\"https:\\\/\\\/bioflexnutrition.com.br\\\/wp-content\\\/uploads\\\/2025\\\/04\\\/fav.webp\",\"width\":1150,\"height\":1000,\"caption\":\"Bioflex Nutrition\"},\"image\":{\"@id\":\"https:\\\/\\\/bioflexnutrition.com.br\\\/#\\\/schema\\\/logo\\\/image\\\/\"},\"sameAs\":[\"https:\\\/\\\/www.instagram.com\\\/bioflexnh\\\/\"]}]}<\/script>\n<!-- \/ Yoast SEO plugin. -->","yoast_head_json":{"title":"CARBOLIFT SEM SABOR 900G ESSENTIAL - Bioflex Nutrition","robots":{"index":"index","follow":"follow","max-snippet":"max-snippet:-1","max-image-preview":"max-image-preview:large","max-video-preview":"max-video-preview:-1"},"canonical":"https:\/\/bioflexnutrition.com.br\/en\/product\/carbolift-sem-sabor-900g-essential\/","og_locale":"en_US","og_type":"article","og_title":"CARBOLIFT SEM SABOR 900G ESSENTIAL - Bioflex Nutrition","og_description":"Suplemento 100% \u00e0 base de Palatinose\u2122 (isomaltulose), um carboidrato de baixo \u00edndice glic\u00eamico e absor\u00e7\u00e3o lenta, o que possibilita um fluxo constante de energia. \u00a0 \u00a0","og_url":"https:\/\/bioflexnutrition.com.br\/en\/product\/carbolift-sem-sabor-900g-essential\/","og_site_name":"Bioflex Nutrition","article_modified_time":"2025-12-18T15:25:06+00:00","og_image":[{"width":1950,"height":1950,"url":"https:\/\/bioflexnutrition.com.br\/wp-content\/uploads\/2025\/06\/15339145959-carbolift-lata-media.jpg","type":"image\/jpeg"}],"twitter_card":"summary_large_image","twitter_misc":{"Est. reading time":"2 minutes"},"schema":{"@context":"https:\/\/schema.org","@graph":[{"@type":["WebPage","ItemPage"],"@id":"https:\/\/bioflexnutrition.com.br\/produto\/carbolift-sem-sabor-900g-essential\/","url":"https:\/\/bioflexnutrition.com.br\/produto\/carbolift-sem-sabor-900g-essential\/","name":"CARBOLIFT SEM SABOR 900G ESSENTIAL - Bioflex Nutrition","isPartOf":{"@id":"https:\/\/bioflexnutrition.com.br\/#website"},"primaryImageOfPage":{"@id":"https:\/\/bioflexnutrition.com.br\/produto\/carbolift-sem-sabor-900g-essential\/#primaryimage"},"image":{"@id":"https:\/\/bioflexnutrition.com.br\/produto\/carbolift-sem-sabor-900g-essential\/#primaryimage"},"thumbnailUrl":"https:\/\/bioflexnutrition.com.br\/wp-content\/uploads\/2025\/06\/15339145959-carbolift-lata-media.jpg","datePublished":"2025-06-05T21:44:21+00:00","dateModified":"2025-12-18T15:25:06+00:00","breadcrumb":{"@id":"https:\/\/bioflexnutrition.com.br\/produto\/carbolift-sem-sabor-900g-essential\/#breadcrumb"},"inLanguage":"en-US","potentialAction":[{"@type":"ReadAction","target":["https:\/\/bioflexnutrition.com.br\/produto\/carbolift-sem-sabor-900g-essential\/"]}]},{"@type":"ImageObject","inLanguage":"en-US","@id":"https:\/\/bioflexnutrition.com.br\/produto\/carbolift-sem-sabor-900g-essential\/#primaryimage","url":"https:\/\/bioflexnutrition.com.br\/wp-content\/uploads\/2025\/06\/15339145959-carbolift-lata-media.jpg","contentUrl":"https:\/\/bioflexnutrition.com.br\/wp-content\/uploads\/2025\/06\/15339145959-carbolift-lata-media.jpg","width":1950,"height":1950},{"@type":"BreadcrumbList","@id":"https:\/\/bioflexnutrition.com.br\/produto\/carbolift-sem-sabor-900g-essential\/#breadcrumb","itemListElement":[{"@type":"ListItem","position":1,"name":"In\u00edcio","item":"https:\/\/bioflexnutrition.com.br\/"},{"@type":"ListItem","position":2,"name":"Loja","item":"https:\/\/bioflexnutrition.com.br\/todos\/"},{"@type":"ListItem","position":3,"name":"CARBOLIFT SEM SABOR 900G ESSENTIAL"}]},{"@type":"WebSite","@id":"https:\/\/bioflexnutrition.com.br\/#website","url":"https:\/\/bioflexnutrition.com.br\/","name":"Bioflex Nutrition","description":"Sua loja online de Nutri\u00e7\u00e3o e Sa\u00fade","publisher":{"@id":"https:\/\/bioflexnutrition.com.br\/#organization"},"potentialAction":[{"@type":"SearchAction","target":{"@type":"EntryPoint","urlTemplate":"https:\/\/bioflexnutrition.com.br\/?s={search_term_string}"},"query-input":{"@type":"PropertyValueSpecification","valueRequired":true,"valueName":"search_term_string"}}],"inLanguage":"en-US"},{"@type":"Organization","@id":"https:\/\/bioflexnutrition.com.br\/#organization","name":"Bioflex Nutrition","url":"https:\/\/bioflexnutrition.com.br\/","logo":{"@type":"ImageObject","inLanguage":"en-US","@id":"https:\/\/bioflexnutrition.com.br\/#\/schema\/logo\/image\/","url":"https:\/\/bioflexnutrition.com.br\/wp-content\/uploads\/2025\/04\/fav.webp","contentUrl":"https:\/\/bioflexnutrition.com.br\/wp-content\/uploads\/2025\/04\/fav.webp","width":1150,"height":1000,"caption":"Bioflex Nutrition"},"image":{"@id":"https:\/\/bioflexnutrition.com.br\/#\/schema\/logo\/image\/"},"sameAs":["https:\/\/www.instagram.com\/bioflexnh\/"]}]}},"_links":{"self":[{"href":"https:\/\/bioflexnutrition.com.br\/en\/wp-json\/wp\/v2\/product\/6370","targetHints":{"allow":["GET"]}}],"collection":[{"href":"https:\/\/bioflexnutrition.com.br\/en\/wp-json\/wp\/v2\/product"}],"about":[{"href":"https:\/\/bioflexnutrition.com.br\/en\/wp-json\/wp\/v2\/types\/product"}],"replies":[{"embeddable":true,"href":"https:\/\/bioflexnutrition.com.br\/en\/wp-json\/wp\/v2\/comments?post=6370"}],"wp:featuredmedia":[{"embeddable":true,"href":"https:\/\/bioflexnutrition.com.br\/en\/wp-json\/wp\/v2\/media\/6363"}],"wp:attachment":[{"href":"https:\/\/bioflexnutrition.com.br\/en\/wp-json\/wp\/v2\/media?parent=6370"}],"wp:term":[{"taxonomy":"product_cat","embeddable":true,"href":"https:\/\/bioflexnutrition.com.br\/en\/wp-json\/wp\/v2\/product_cat?post=6370"},{"taxonomy":"product_tag","embeddable":true,"href":"https:\/\/bioflexnutrition.com.br\/en\/wp-json\/wp\/v2\/product_tag?post=6370"}],"curies":[{"name":"wp","href":"https:\/\/api.w.org\/{rel}","templated":true}]}}