{"id":6387,"date":"2025-06-05T18:45:32","date_gmt":"2025-06-05T21:45:32","guid":{"rendered":"https:\/\/bioflexnutrition.com.br\/produto\/beef-protein-cacao-lata-480g-essential\/"},"modified":"2026-04-01T13:49:17","modified_gmt":"2026-04-01T16:49:17","slug":"beef-protein-cacao-lata-480g-essential","status":"publish","type":"product","link":"https:\/\/bioflexnutrition.com.br\/en\/product\/beef-protein-cacao-lata-480g-essential\/","title":{"rendered":"BEEF PROTEIN CACAO LATA 480G ESSENTIAL"},"content":{"rendered":"<h2>Beef Protein &#8211; Cacau<\/h2>\n<p><strong>Beef Protein Cacau<\/strong> \u00e9 uma deliciosa op\u00e7\u00e3o para incluir uma boa dose de prote\u00edna na sua alimenta\u00e7\u00e3o, com a cremosidade e o sabor intenso do puro cacau. Sua f\u00f3rmula \u00e9 livre de a\u00e7\u00facar, lactose e ingredientes derivados do leite. A prote\u00edna utilizada \u00e9 100% hidrolisada, o que garante excelente digestibilidade e r\u00e1pida absor\u00e7\u00e3o.<\/p>\n<ul>\n<li><strong>24g de prote\u00edna<\/strong> por por\u00e7\u00e3o<\/li>\n<li><strong>Sem horm\u00f4nios<\/strong> e <strong>sem antibi\u00f3ticos<\/strong><\/li>\n<\/ul>\n<h3>Cont\u00e9m:<\/h3>\n<ul>\n<li>Prote\u00edna hidrolisada da carne bovina (HydroBEEF\u2122)<\/li>\n<li>Gado criado na Su\u00e9cia, sem horm\u00f4nios e antibi\u00f3ticos<\/li>\n<li>Puro cacau<\/li>\n<li>Ado\u00e7antes naturais NON-GMO: maltitol, est\u00e9via e taumatina<\/li>\n<li>Precursores naturais de creatina<\/li>\n<\/ul>\n<h3>N\u00e3o cont\u00e9m:<\/h3>\n<ul>\n<li>Prote\u00ednas do leite<\/li>\n<li>Derivados de soja<\/li>\n<li>Ado\u00e7antes artificiais<\/li>\n<li>A\u00e7\u00facar<\/li>\n<li>Gl\u00faten<\/li>\n<li>Lactose<\/li>\n<li>Conservantes<\/li>\n<li>Aromas artificiais<\/li>\n<li>Corantes artificiais<\/li>\n<\/ul>\n<h3>Prote\u00edna da carne bovina da Su\u00e9cia<\/h3>\n<p>A prote\u00edna utilizada \u00e9 proveniente de animais criados de forma sustent\u00e1vel na Su\u00e9cia, sem horm\u00f4nios ou antibi\u00f3ticos, alimentados com pastagens NON-GMO. Por ser 100% hidrolisada, tem r\u00e1pida absor\u00e7\u00e3o e excelente aproveitamento.<\/p>\n<h3>Com puro cacau belga<\/h3>\n<p>Beef Protein Cacau alia a cremosidade ao toque gourmet do <strong>cacau belga Barry Callebaut<\/strong>, garantindo uma experi\u00eancia sensorial diferenciada.<\/p>\n<h3>Ideal para:<\/h3>\n<ul>\n<li>Pessoas com intoler\u00e2ncia \u00e0 lactose<\/li>\n<li>Praticantes de atividade f\u00edsica<\/li>\n<li>Pessoas que desejam aumentar o aporte proteico da alimenta\u00e7\u00e3o<\/li>\n<li>Dietas como a <strong>paleol\u00edtica<\/strong><\/li>\n<\/ul>\n<h2>Informa\u00e7\u00e3o Nutricional<\/h2>\n<p><em>Por\u00e7\u00f5es por embalagem:<\/em> 15 (480g)<br \/><em>Por\u00e7\u00e3o:<\/em> 32g (1 colher-medida)<\/p>\n<table border=\"1\" cellpadding=\"6\" cellspacing=\"0\">\n<thead>\n<tr>\n<th>Componente<\/th>\n<th>100ml<\/th>\n<th>32g<\/th>\n<th>%VD*<\/th>\n<\/tr>\n<\/thead>\n<tbody>\n<tr>\n<td>Valor energ\u00e9tico<\/td>\n<td>59kcal<\/td>\n<td>117kcal<\/td>\n<td>6%<\/td>\n<\/tr>\n<tr>\n<td>Carboidratos<\/td>\n<td>1,7g<\/td>\n<td>3,4g<\/td>\n<td>1%<\/td>\n<\/tr>\n<tr>\n<td>A\u00e7\u00facares totais<\/td>\n<td>0g<\/td>\n<td>0g<\/td>\n<td>\u2014<\/td>\n<\/tr>\n<tr>\n<td>A\u00e7\u00facares adicionados<\/td>\n<td>0g<\/td>\n<td>0g<\/td>\n<td>0%<\/td>\n<\/tr>\n<tr>\n<td>Lactose<\/td>\n<td>0g<\/td>\n<td>0g<\/td>\n<td>\u2014<\/td>\n<\/tr>\n<tr>\n<td>Galactose<\/td>\n<td>0g<\/td>\n<td>0g<\/td>\n<td>\u2014<\/td>\n<\/tr>\n<tr>\n<td>Poli\u00f3is totais<\/td>\n<td>0,9g<\/td>\n<td>1,8g<\/td>\n<td>\u2014<\/td>\n<\/tr>\n<tr>\n<td>Prote\u00ednas<\/td>\n<td>12g<\/td>\n<td>24g<\/td>\n<td>48%<\/td>\n<\/tr>\n<tr>\n<td>Gorduras totais<\/td>\n<td>0,6g<\/td>\n<td>1,2g<\/td>\n<td>2%<\/td>\n<\/tr>\n<tr>\n<td>Gorduras saturadas<\/td>\n<td>0,3g<\/td>\n<td>0,6g<\/td>\n<td>3%<\/td>\n<\/tr>\n<tr>\n<td>Gorduras trans<\/td>\n<td>0g<\/td>\n<td>0g<\/td>\n<td>0%<\/td>\n<\/tr>\n<tr>\n<td>Fibras alimentares<\/td>\n<td>1g<\/td>\n<td>1,9g<\/td>\n<td>8%<\/td>\n<\/tr>\n<tr>\n<td>S\u00f3dio<\/td>\n<td>84mg<\/td>\n<td>167mg<\/td>\n<td>8%<\/td>\n<\/tr>\n<tr>\n<td>Vitamina E<\/td>\n<td>5mg<\/td>\n<td>10mg<\/td>\n<td>67%<\/td>\n<\/tr>\n<tr>\n<td>Vitamina C<\/td>\n<td>23mg<\/td>\n<td>45mg<\/td>\n<td>45%<\/td>\n<\/tr>\n<tr>\n<td>Ferro<\/td>\n<td>1,1mg<\/td>\n<td>2,1mg<\/td>\n<td>15%<\/td>\n<\/tr>\n<tr>\n<td>F\u00f3sforo<\/td>\n<td>26mg<\/td>\n<td>51mg<\/td>\n<td>7%<\/td>\n<\/tr>\n<tr>\n<td>Magn\u00e9sio<\/td>\n<td>14mg<\/td>\n<td>28mg<\/td>\n<td>7%<\/td>\n<\/tr>\n<\/tbody>\n<\/table>\n<p><em>* %Valores Di\u00e1rios com base em uma dieta de 2.000kcal.<\/em><br \/><em>**Valores referentes ao alimento pronto para consumo.<\/em><\/p>\n<h3>Ingredientes<\/h3>\n<p>Prote\u00edna isolada e hidrolisada da carne bovina (HydroBEEF\u2122), cacau em p\u00f3, \u00e1cido asc\u00f3rbico, palmitato de ascorbila, acetato de tocoferol, edulcorantes maltitol, glicos\u00eddeos de esteviol (est\u00e9via) e taumatina, antiumectante di\u00f3xido de sil\u00edcio, espessante goma xantana e aroma natural.<\/p>\n<p><strong>N\u00c3O CONT\u00c9M GL\u00daTEN.<\/strong><\/p>\n<p><strong>AL\u00c9RGICOS:<\/strong> PODE CONTER DERIVADOS DE LEITE*<\/p>\n<p><em>*Pode conter tra\u00e7os como consequ\u00eancia da presen\u00e7a n\u00e3o intencional durante a fabrica\u00e7\u00e3o.<\/em><\/p>\n<h3>Modo de Preparo<\/h3>\n<ul>\n<li>Adicione 32g (1 colher-medida) em 200ml de \u00e1gua.<\/li>\n<li>Misture at\u00e9 total homogeneiza\u00e7\u00e3o.<\/li>\n<li>Consumir imediatamente ap\u00f3s o preparo.<\/li>\n<\/ul>\n<h3>Advert\u00eancias<\/h3>\n<ul>\n<li>Manter bem fechado, em local fresco, seco e ao abrigo da luz.<\/li>\n<li>Ap\u00f3s aberto, consumir em at\u00e9 30 dias.<\/li>\n<li>Produto recomendado para adultos (\u226519 anos).<\/li>\n<li>\u201cEste produto n\u00e3o \u00e9 um medicamento.\u201d<\/li>\n<li>\u201cN\u00e3o exceder a recomenda\u00e7\u00e3o di\u00e1ria de consumo indicada.\u201d<\/li>\n<li>\u201cMantenha fora do alcance de crian\u00e7as.\u201d<\/li>\n<\/ul>","protected":false},"excerpt":{"rendered":"<p>Deliciosa op\u00e7\u00e3o para incluir uma boa dose de prote\u00edna 100% hidrolisada na sua alimenta\u00e7\u00e3o, com a cremosidade e o sabor do cacau.<\/p>\n<p>\u00a0<\/p>\n<p>\u00a0<\/p>","protected":false},"featured_media":7317,"comment_status":"open","ping_status":"closed","template":"","meta":{"_joinchat":[]},"product_cat":[248,160,199,157,164,169,170,198,271,266],"product_tag":[],"class_list":{"0":"post-6387","1":"product","2":"type-product","3":"status-publish","4":"has-post-thumbnail","6":"product_cat-categorias-e","7":"product_cat-essential","8":"product_cat-frete-gratis","9":"product_cat-marcas","10":"product_cat-objetivos-especificos","11":"product_cat-para-emagrecimento","12":"product_cat-para-ganho-de-massa","13":"product_cat-promocoes","14":"product_cat-proteina-da-carne","15":"product_cat-proteinas-categorias-ecommerce","17":"first","18":"instock","19":"shipping-taxable","20":"purchasable","21":"product-type-simple","22":"col-xs-6 col-sm-4","23":"col-md-3 col-lg-3","24":"un-4-cols"},"yoast_head":"<!-- This site is optimized with the Yoast SEO plugin v27.3 - https:\/\/yoast.com\/product\/yoast-seo-wordpress\/ -->\n<title>BEEF PROTEIN CACAO LATA 480G ESSENTIAL - Bioflex Nutrition<\/title>\n<meta name=\"robots\" content=\"index, follow, max-snippet:-1, max-image-preview:large, max-video-preview:-1\" \/>\n<link rel=\"canonical\" href=\"https:\/\/bioflexnutrition.com.br\/en\/product\/beef-protein-cacao-lata-480g-essential\/\" \/>\n<meta property=\"og:locale\" content=\"en_US\" \/>\n<meta property=\"og:type\" content=\"article\" \/>\n<meta property=\"og:title\" content=\"BEEF PROTEIN CACAO LATA 480G ESSENTIAL - Bioflex Nutrition\" \/>\n<meta property=\"og:description\" content=\"Deliciosa op\u00e7\u00e3o para incluir uma boa dose de prote\u00edna 100% hidrolisada na sua alimenta\u00e7\u00e3o, com a cremosidade e o sabor do cacau. \u00a0 \u00a0\" \/>\n<meta property=\"og:url\" content=\"https:\/\/bioflexnutrition.com.br\/en\/product\/beef-protein-cacao-lata-480g-essential\/\" \/>\n<meta property=\"og:site_name\" content=\"Bioflex Nutrition\" \/>\n<meta property=\"article:modified_time\" content=\"2026-04-01T16:49:17+00:00\" \/>\n<meta property=\"og:image\" content=\"https:\/\/bioflexnutrition.com.br\/wp-content\/uploads\/2025\/06\/beef-protein-cacao.webp\" \/>\n\t<meta property=\"og:image:width\" content=\"1000\" \/>\n\t<meta property=\"og:image:height\" content=\"1000\" \/>\n\t<meta property=\"og:image:type\" content=\"image\/webp\" \/>\n<meta name=\"twitter:card\" content=\"summary_large_image\" \/>\n<meta name=\"twitter:label1\" content=\"Est. reading time\" \/>\n\t<meta name=\"twitter:data1\" content=\"3 minutes\" \/>\n<script type=\"application\/ld+json\" class=\"yoast-schema-graph\">{\"@context\":\"https:\\\/\\\/schema.org\",\"@graph\":[{\"@type\":[\"WebPage\",\"ItemPage\"],\"@id\":\"https:\\\/\\\/bioflexnutrition.com.br\\\/produto\\\/beef-protein-cacao-lata-480g-essential\\\/\",\"url\":\"https:\\\/\\\/bioflexnutrition.com.br\\\/produto\\\/beef-protein-cacao-lata-480g-essential\\\/\",\"name\":\"BEEF PROTEIN CACAO LATA 480G ESSENTIAL - Bioflex Nutrition\",\"isPartOf\":{\"@id\":\"https:\\\/\\\/bioflexnutrition.com.br\\\/#website\"},\"primaryImageOfPage\":{\"@id\":\"https:\\\/\\\/bioflexnutrition.com.br\\\/produto\\\/beef-protein-cacao-lata-480g-essential\\\/#primaryimage\"},\"image\":{\"@id\":\"https:\\\/\\\/bioflexnutrition.com.br\\\/produto\\\/beef-protein-cacao-lata-480g-essential\\\/#primaryimage\"},\"thumbnailUrl\":\"https:\\\/\\\/bioflexnutrition.com.br\\\/wp-content\\\/uploads\\\/2025\\\/06\\\/beef-protein-cacao.webp\",\"datePublished\":\"2025-06-05T21:45:32+00:00\",\"dateModified\":\"2026-04-01T16:49:17+00:00\",\"breadcrumb\":{\"@id\":\"https:\\\/\\\/bioflexnutrition.com.br\\\/produto\\\/beef-protein-cacao-lata-480g-essential\\\/#breadcrumb\"},\"inLanguage\":\"en-US\",\"potentialAction\":[{\"@type\":\"ReadAction\",\"target\":[\"https:\\\/\\\/bioflexnutrition.com.br\\\/produto\\\/beef-protein-cacao-lata-480g-essential\\\/\"]}]},{\"@type\":\"ImageObject\",\"inLanguage\":\"en-US\",\"@id\":\"https:\\\/\\\/bioflexnutrition.com.br\\\/produto\\\/beef-protein-cacao-lata-480g-essential\\\/#primaryimage\",\"url\":\"https:\\\/\\\/bioflexnutrition.com.br\\\/wp-content\\\/uploads\\\/2025\\\/06\\\/beef-protein-cacao.webp\",\"contentUrl\":\"https:\\\/\\\/bioflexnutrition.com.br\\\/wp-content\\\/uploads\\\/2025\\\/06\\\/beef-protein-cacao.webp\",\"width\":1000,\"height\":1000},{\"@type\":\"BreadcrumbList\",\"@id\":\"https:\\\/\\\/bioflexnutrition.com.br\\\/produto\\\/beef-protein-cacao-lata-480g-essential\\\/#breadcrumb\",\"itemListElement\":[{\"@type\":\"ListItem\",\"position\":1,\"name\":\"In\u00edcio\",\"item\":\"https:\\\/\\\/bioflexnutrition.com.br\\\/\"},{\"@type\":\"ListItem\",\"position\":2,\"name\":\"Loja\",\"item\":\"https:\\\/\\\/bioflexnutrition.com.br\\\/todos\\\/\"},{\"@type\":\"ListItem\",\"position\":3,\"name\":\"BEEF PROTEIN CACAO LATA 480G ESSENTIAL\"}]},{\"@type\":\"WebSite\",\"@id\":\"https:\\\/\\\/bioflexnutrition.com.br\\\/#website\",\"url\":\"https:\\\/\\\/bioflexnutrition.com.br\\\/\",\"name\":\"Bioflex Nutrition\",\"description\":\"Sua loja online de Nutri\u00e7\u00e3o e Sa\u00fade\",\"publisher\":{\"@id\":\"https:\\\/\\\/bioflexnutrition.com.br\\\/#organization\"},\"potentialAction\":[{\"@type\":\"SearchAction\",\"target\":{\"@type\":\"EntryPoint\",\"urlTemplate\":\"https:\\\/\\\/bioflexnutrition.com.br\\\/?s={search_term_string}\"},\"query-input\":{\"@type\":\"PropertyValueSpecification\",\"valueRequired\":true,\"valueName\":\"search_term_string\"}}],\"inLanguage\":\"en-US\"},{\"@type\":\"Organization\",\"@id\":\"https:\\\/\\\/bioflexnutrition.com.br\\\/#organization\",\"name\":\"Bioflex Nutrition\",\"url\":\"https:\\\/\\\/bioflexnutrition.com.br\\\/\",\"logo\":{\"@type\":\"ImageObject\",\"inLanguage\":\"en-US\",\"@id\":\"https:\\\/\\\/bioflexnutrition.com.br\\\/#\\\/schema\\\/logo\\\/image\\\/\",\"url\":\"https:\\\/\\\/bioflexnutrition.com.br\\\/wp-content\\\/uploads\\\/2025\\\/04\\\/fav.webp\",\"contentUrl\":\"https:\\\/\\\/bioflexnutrition.com.br\\\/wp-content\\\/uploads\\\/2025\\\/04\\\/fav.webp\",\"width\":1150,\"height\":1000,\"caption\":\"Bioflex Nutrition\"},\"image\":{\"@id\":\"https:\\\/\\\/bioflexnutrition.com.br\\\/#\\\/schema\\\/logo\\\/image\\\/\"},\"sameAs\":[\"https:\\\/\\\/www.instagram.com\\\/bioflexnh\\\/\"]}]}<\/script>\n<!-- \/ Yoast SEO plugin. -->","yoast_head_json":{"title":"BEEF PROTEIN CACAO LATA 480G ESSENTIAL - Bioflex Nutrition","robots":{"index":"index","follow":"follow","max-snippet":"max-snippet:-1","max-image-preview":"max-image-preview:large","max-video-preview":"max-video-preview:-1"},"canonical":"https:\/\/bioflexnutrition.com.br\/en\/product\/beef-protein-cacao-lata-480g-essential\/","og_locale":"en_US","og_type":"article","og_title":"BEEF PROTEIN CACAO LATA 480G ESSENTIAL - Bioflex Nutrition","og_description":"Deliciosa op\u00e7\u00e3o para incluir uma boa dose de prote\u00edna 100% hidrolisada na sua alimenta\u00e7\u00e3o, com a cremosidade e o sabor do cacau. \u00a0 \u00a0","og_url":"https:\/\/bioflexnutrition.com.br\/en\/product\/beef-protein-cacao-lata-480g-essential\/","og_site_name":"Bioflex Nutrition","article_modified_time":"2026-04-01T16:49:17+00:00","og_image":[{"width":1000,"height":1000,"url":"https:\/\/bioflexnutrition.com.br\/wp-content\/uploads\/2025\/06\/beef-protein-cacao.webp","type":"image\/webp"}],"twitter_card":"summary_large_image","twitter_misc":{"Est. reading time":"3 minutes"},"schema":{"@context":"https:\/\/schema.org","@graph":[{"@type":["WebPage","ItemPage"],"@id":"https:\/\/bioflexnutrition.com.br\/produto\/beef-protein-cacao-lata-480g-essential\/","url":"https:\/\/bioflexnutrition.com.br\/produto\/beef-protein-cacao-lata-480g-essential\/","name":"BEEF PROTEIN CACAO LATA 480G ESSENTIAL - Bioflex Nutrition","isPartOf":{"@id":"https:\/\/bioflexnutrition.com.br\/#website"},"primaryImageOfPage":{"@id":"https:\/\/bioflexnutrition.com.br\/produto\/beef-protein-cacao-lata-480g-essential\/#primaryimage"},"image":{"@id":"https:\/\/bioflexnutrition.com.br\/produto\/beef-protein-cacao-lata-480g-essential\/#primaryimage"},"thumbnailUrl":"https:\/\/bioflexnutrition.com.br\/wp-content\/uploads\/2025\/06\/beef-protein-cacao.webp","datePublished":"2025-06-05T21:45:32+00:00","dateModified":"2026-04-01T16:49:17+00:00","breadcrumb":{"@id":"https:\/\/bioflexnutrition.com.br\/produto\/beef-protein-cacao-lata-480g-essential\/#breadcrumb"},"inLanguage":"en-US","potentialAction":[{"@type":"ReadAction","target":["https:\/\/bioflexnutrition.com.br\/produto\/beef-protein-cacao-lata-480g-essential\/"]}]},{"@type":"ImageObject","inLanguage":"en-US","@id":"https:\/\/bioflexnutrition.com.br\/produto\/beef-protein-cacao-lata-480g-essential\/#primaryimage","url":"https:\/\/bioflexnutrition.com.br\/wp-content\/uploads\/2025\/06\/beef-protein-cacao.webp","contentUrl":"https:\/\/bioflexnutrition.com.br\/wp-content\/uploads\/2025\/06\/beef-protein-cacao.webp","width":1000,"height":1000},{"@type":"BreadcrumbList","@id":"https:\/\/bioflexnutrition.com.br\/produto\/beef-protein-cacao-lata-480g-essential\/#breadcrumb","itemListElement":[{"@type":"ListItem","position":1,"name":"In\u00edcio","item":"https:\/\/bioflexnutrition.com.br\/"},{"@type":"ListItem","position":2,"name":"Loja","item":"https:\/\/bioflexnutrition.com.br\/todos\/"},{"@type":"ListItem","position":3,"name":"BEEF PROTEIN CACAO LATA 480G ESSENTIAL"}]},{"@type":"WebSite","@id":"https:\/\/bioflexnutrition.com.br\/#website","url":"https:\/\/bioflexnutrition.com.br\/","name":"Bioflex Nutrition","description":"Sua loja online de Nutri\u00e7\u00e3o e Sa\u00fade","publisher":{"@id":"https:\/\/bioflexnutrition.com.br\/#organization"},"potentialAction":[{"@type":"SearchAction","target":{"@type":"EntryPoint","urlTemplate":"https:\/\/bioflexnutrition.com.br\/?s={search_term_string}"},"query-input":{"@type":"PropertyValueSpecification","valueRequired":true,"valueName":"search_term_string"}}],"inLanguage":"en-US"},{"@type":"Organization","@id":"https:\/\/bioflexnutrition.com.br\/#organization","name":"Bioflex Nutrition","url":"https:\/\/bioflexnutrition.com.br\/","logo":{"@type":"ImageObject","inLanguage":"en-US","@id":"https:\/\/bioflexnutrition.com.br\/#\/schema\/logo\/image\/","url":"https:\/\/bioflexnutrition.com.br\/wp-content\/uploads\/2025\/04\/fav.webp","contentUrl":"https:\/\/bioflexnutrition.com.br\/wp-content\/uploads\/2025\/04\/fav.webp","width":1150,"height":1000,"caption":"Bioflex Nutrition"},"image":{"@id":"https:\/\/bioflexnutrition.com.br\/#\/schema\/logo\/image\/"},"sameAs":["https:\/\/www.instagram.com\/bioflexnh\/"]}]}},"_links":{"self":[{"href":"https:\/\/bioflexnutrition.com.br\/en\/wp-json\/wp\/v2\/product\/6387","targetHints":{"allow":["GET"]}}],"collection":[{"href":"https:\/\/bioflexnutrition.com.br\/en\/wp-json\/wp\/v2\/product"}],"about":[{"href":"https:\/\/bioflexnutrition.com.br\/en\/wp-json\/wp\/v2\/types\/product"}],"replies":[{"embeddable":true,"href":"https:\/\/bioflexnutrition.com.br\/en\/wp-json\/wp\/v2\/comments?post=6387"}],"wp:featuredmedia":[{"embeddable":true,"href":"https:\/\/bioflexnutrition.com.br\/en\/wp-json\/wp\/v2\/media\/7317"}],"wp:attachment":[{"href":"https:\/\/bioflexnutrition.com.br\/en\/wp-json\/wp\/v2\/media?parent=6387"}],"wp:term":[{"taxonomy":"product_cat","embeddable":true,"href":"https:\/\/bioflexnutrition.com.br\/en\/wp-json\/wp\/v2\/product_cat?post=6387"},{"taxonomy":"product_tag","embeddable":true,"href":"https:\/\/bioflexnutrition.com.br\/en\/wp-json\/wp\/v2\/product_tag?post=6387"}],"curies":[{"name":"wp","href":"https:\/\/api.w.org\/{rel}","templated":true}]}}