{"id":6396,"date":"2025-06-05T18:46:18","date_gmt":"2025-06-05T21:46:18","guid":{"rendered":"https:\/\/bioflexnutrition.com.br\/produto\/cranberrylift-display-100g-20ds-essential\/"},"modified":"2026-04-02T18:58:17","modified_gmt":"2026-04-02T21:58:17","slug":"cranberrylift-display-100g-20ds-essential","status":"publish","type":"product","link":"https:\/\/bioflexnutrition.com.br\/en\/product\/cranberrylift-display-100g-20ds-essential\/","title":{"rendered":"Cranberrylift Display 100g\/20DS Essential"},"content":{"rendered":"<h2>O QUE \u00c9<\/h2>\n<p>Cranberry Lift \u00e9 um daqueles produtos que provavelmente seu m\u00e9dico ou sua melhor amiga v\u00e3o te recomendar. Sua f\u00f3rmula traz a combina\u00e7\u00e3o do Cranberry Americano, fonte de proantocianidinas tipo A (PACs\u2011A), com a D\u2011manose.<\/p>\n<p>Durante o ver\u00e3o, Cranberry Lift vai muito bem com praia o dia todo e aquela sensa\u00e7\u00e3o de liberdade.<\/p>\n<h2>CONT\u00c9M<\/h2>\n<ul>\n<li>Cranberry Padronizado \u2014 6\u00d7 mais concentrado que a fruta in natura<\/li>\n<li>D\u2011manose<\/li>\n<li>Aroma natural de hibisco<\/li>\n<li>Canela<\/li>\n<li>Componentes ricos em antioxidantes e fitonutrientes<\/li>\n<\/ul>\n<h2>N\u00c3O CONT\u00c9M<\/h2>\n<ul>\n<li>Ado\u00e7antes artificiais<\/li>\n<li>Aromas artificiais<\/li>\n<li>Corantes artificiais<\/li>\n<li>Conservantes<\/li>\n<li>Lactose<\/li>\n<li>Gl\u00faten<\/li>\n<\/ul>\n<h2>INFORMA\u00c7\u00c3O NUTRICIONAL<\/h2>\n<p>Coloque aten\u00e7\u00e3o na lista de ingredientes: o que vem em maior quantidade aparece primeiro. Todos os produtos da linha Essential s\u00e3o livres de calorias vazias e cheios de ingredientes naturais.<\/p>\n<h2>TABELA NUTRICIONAL<\/h2>\n<table>\n<thead>\n<tr>\n<th>Por\u00e7\u00f5es por embalagem<\/th>\n<td>20 (100\u202fg)<\/td>\n<\/tr>\n<tr>\n<th>Quantidade por por\u00e7\u00e3o<\/th>\n<td>5\u202fg (1 sach\u00ea)<\/td>\n<\/tr>\n<\/thead>\n<tbody>\n<tr>\n<th>Valor energ\u00e9tico<\/th>\n<td>17\u202fkcal =\u00a071\u202fkJ\u00a0\u00a01%<\/td>\n<\/tr>\n<tr>\n<th>Carboidratos<\/th>\n<td>4,2\u202fg\u00a0\u00a02%<\/td>\n<\/tr>\n<tr>\n<th>Prote\u00ednas<\/th>\n<td>0\u202fg\u00a0\u00a00%<\/td>\n<\/tr>\n<tr>\n<th>Gorduras totais<\/th>\n<td>0\u202fg\u00a0\u00a00%<\/td>\n<\/tr>\n<tr>\n<th>Gorduras saturadas<\/th>\n<td>0\u202fg\u00a0\u00a00%<\/td>\n<\/tr>\n<tr>\n<th>Gorduras trans<\/th>\n<td>0\u202fg\u00a0\u00a0**<\/td>\n<\/tr>\n<tr>\n<th>Fibra alimentar<\/th>\n<td>0\u202fg\u00a0\u00a00%<\/td>\n<\/tr>\n<tr>\n<th>S\u00f3dio<\/th>\n<td>0\u202fmg\u00a0\u00a00%<\/td>\n<\/tr>\n<tr>\n<th>C\u00e1lcio<\/th>\n<td>52\u202fmg\u00a0\u00a05%<\/td>\n<\/tr>\n<\/tbody>\n<\/table>\n<h2>INGREDIENTES<\/h2>\n<p>D\u2011manose, cranberry em p\u00f3, fosfato tric\u00e1lcico, canela em p\u00f3, aroma natural de hibisco, edulcorante est\u00e9via.<\/p>\n<p><strong>N\u00e3o cont\u00e9m<\/strong> gl\u00faten.<br \/><strong>Pode conter<\/strong> derivados de leite.<\/p>\n<h2>MODO DE PREPARO<\/h2>\n<p>Adicione 5\u202fg (1 sach\u00ea) em aproximadamente 200\u202fml de \u00e1gua gelada ou quente e misture at\u00e9 homogeneizar. Beba imediatamente ap\u00f3s o preparo. Ap\u00f3s aberto, consumir imediatamente.<\/p>","protected":false},"excerpt":{"rendered":"<p>Combina\u00e7\u00e3o da fruta norte-americana cranberry, fonte natural de proantocianidinas (PACs-A), e D-manose, aliada aos sabores marcantes da canela e do hibisco.<\/p>\n<p>\u00a0<\/p>","protected":false},"featured_media":6388,"comment_status":"open","ping_status":"closed","template":"","meta":{"_joinchat":[]},"product_cat":[281,248,160,157,164,230,280],"product_tag":[],"class_list":{"0":"post-6396","1":"product","2":"type-product","3":"status-publish","4":"has-post-thumbnail","6":"product_cat-anti-inflamatorio-antioxidante","7":"product_cat-categorias-e","8":"product_cat-essential","9":"product_cat-marcas","10":"product_cat-objetivos-especificos","11":"product_cat-saude-e-bem-estar","12":"product_cat-vitaminas","14":"first","15":"instock","16":"shipping-taxable","17":"purchasable","18":"product-type-simple","19":"col-xs-6 col-sm-4","20":"col-md-3 col-lg-3","21":"un-4-cols"},"yoast_head":"<!-- This site is optimized with the Yoast SEO plugin v27.3 - https:\/\/yoast.com\/product\/yoast-seo-wordpress\/ -->\n<title>Cranberrylift Display 100g\/20DS Essential - Bioflex Nutrition<\/title>\n<meta name=\"robots\" content=\"index, follow, max-snippet:-1, max-image-preview:large, max-video-preview:-1\" \/>\n<link rel=\"canonical\" href=\"https:\/\/bioflexnutrition.com.br\/en\/product\/cranberrylift-display-100g-20ds-essential\/\" \/>\n<meta property=\"og:locale\" content=\"en_US\" \/>\n<meta property=\"og:type\" content=\"article\" \/>\n<meta property=\"og:title\" content=\"Cranberrylift Display 100g\/20DS Essential - Bioflex Nutrition\" \/>\n<meta property=\"og:description\" content=\"Combina\u00e7\u00e3o da fruta norte-americana cranberry, fonte natural de proantocianidinas (PACs-A), e D-manose, aliada aos sabores marcantes da canela e do hibisco. \u00a0\" \/>\n<meta property=\"og:url\" content=\"https:\/\/bioflexnutrition.com.br\/en\/product\/cranberrylift-display-100g-20ds-essential\/\" \/>\n<meta property=\"og:site_name\" content=\"Bioflex Nutrition\" \/>\n<meta property=\"article:modified_time\" content=\"2026-04-02T21:58:17+00:00\" \/>\n<meta property=\"og:image\" content=\"https:\/\/bioflexnutrition.com.br\/wp-content\/uploads\/2025\/06\/15317890284-capa-cranberrylift.png\" \/>\n\t<meta property=\"og:image:width\" content=\"1500\" \/>\n\t<meta property=\"og:image:height\" content=\"1500\" \/>\n\t<meta property=\"og:image:type\" content=\"image\/png\" \/>\n<meta name=\"twitter:card\" content=\"summary_large_image\" \/>\n<meta name=\"twitter:label1\" content=\"Est. reading time\" \/>\n\t<meta name=\"twitter:data1\" content=\"2 minutes\" \/>\n<script type=\"application\/ld+json\" class=\"yoast-schema-graph\">{\"@context\":\"https:\\\/\\\/schema.org\",\"@graph\":[{\"@type\":[\"WebPage\",\"ItemPage\"],\"@id\":\"https:\\\/\\\/bioflexnutrition.com.br\\\/produto\\\/cranberrylift-display-100g-20ds-essential\\\/\",\"url\":\"https:\\\/\\\/bioflexnutrition.com.br\\\/produto\\\/cranberrylift-display-100g-20ds-essential\\\/\",\"name\":\"Cranberrylift Display 100g\\\/20DS Essential - Bioflex Nutrition\",\"isPartOf\":{\"@id\":\"https:\\\/\\\/bioflexnutrition.com.br\\\/#website\"},\"primaryImageOfPage\":{\"@id\":\"https:\\\/\\\/bioflexnutrition.com.br\\\/produto\\\/cranberrylift-display-100g-20ds-essential\\\/#primaryimage\"},\"image\":{\"@id\":\"https:\\\/\\\/bioflexnutrition.com.br\\\/produto\\\/cranberrylift-display-100g-20ds-essential\\\/#primaryimage\"},\"thumbnailUrl\":\"https:\\\/\\\/bioflexnutrition.com.br\\\/wp-content\\\/uploads\\\/2025\\\/06\\\/15317890284-capa-cranberrylift.png\",\"datePublished\":\"2025-06-05T21:46:18+00:00\",\"dateModified\":\"2026-04-02T21:58:17+00:00\",\"breadcrumb\":{\"@id\":\"https:\\\/\\\/bioflexnutrition.com.br\\\/produto\\\/cranberrylift-display-100g-20ds-essential\\\/#breadcrumb\"},\"inLanguage\":\"en-US\",\"potentialAction\":[{\"@type\":\"ReadAction\",\"target\":[\"https:\\\/\\\/bioflexnutrition.com.br\\\/produto\\\/cranberrylift-display-100g-20ds-essential\\\/\"]}]},{\"@type\":\"ImageObject\",\"inLanguage\":\"en-US\",\"@id\":\"https:\\\/\\\/bioflexnutrition.com.br\\\/produto\\\/cranberrylift-display-100g-20ds-essential\\\/#primaryimage\",\"url\":\"https:\\\/\\\/bioflexnutrition.com.br\\\/wp-content\\\/uploads\\\/2025\\\/06\\\/15317890284-capa-cranberrylift.png\",\"contentUrl\":\"https:\\\/\\\/bioflexnutrition.com.br\\\/wp-content\\\/uploads\\\/2025\\\/06\\\/15317890284-capa-cranberrylift.png\",\"width\":1500,\"height\":1500},{\"@type\":\"BreadcrumbList\",\"@id\":\"https:\\\/\\\/bioflexnutrition.com.br\\\/produto\\\/cranberrylift-display-100g-20ds-essential\\\/#breadcrumb\",\"itemListElement\":[{\"@type\":\"ListItem\",\"position\":1,\"name\":\"In\u00edcio\",\"item\":\"https:\\\/\\\/bioflexnutrition.com.br\\\/\"},{\"@type\":\"ListItem\",\"position\":2,\"name\":\"Loja\",\"item\":\"https:\\\/\\\/bioflexnutrition.com.br\\\/todos\\\/\"},{\"@type\":\"ListItem\",\"position\":3,\"name\":\"Cranberrylift Display 100g\\\/20DS Essential\"}]},{\"@type\":\"WebSite\",\"@id\":\"https:\\\/\\\/bioflexnutrition.com.br\\\/#website\",\"url\":\"https:\\\/\\\/bioflexnutrition.com.br\\\/\",\"name\":\"Bioflex Nutrition\",\"description\":\"Sua loja online de Nutri\u00e7\u00e3o e Sa\u00fade\",\"publisher\":{\"@id\":\"https:\\\/\\\/bioflexnutrition.com.br\\\/#organization\"},\"potentialAction\":[{\"@type\":\"SearchAction\",\"target\":{\"@type\":\"EntryPoint\",\"urlTemplate\":\"https:\\\/\\\/bioflexnutrition.com.br\\\/?s={search_term_string}\"},\"query-input\":{\"@type\":\"PropertyValueSpecification\",\"valueRequired\":true,\"valueName\":\"search_term_string\"}}],\"inLanguage\":\"en-US\"},{\"@type\":\"Organization\",\"@id\":\"https:\\\/\\\/bioflexnutrition.com.br\\\/#organization\",\"name\":\"Bioflex Nutrition\",\"url\":\"https:\\\/\\\/bioflexnutrition.com.br\\\/\",\"logo\":{\"@type\":\"ImageObject\",\"inLanguage\":\"en-US\",\"@id\":\"https:\\\/\\\/bioflexnutrition.com.br\\\/#\\\/schema\\\/logo\\\/image\\\/\",\"url\":\"https:\\\/\\\/bioflexnutrition.com.br\\\/wp-content\\\/uploads\\\/2025\\\/04\\\/fav.webp\",\"contentUrl\":\"https:\\\/\\\/bioflexnutrition.com.br\\\/wp-content\\\/uploads\\\/2025\\\/04\\\/fav.webp\",\"width\":1150,\"height\":1000,\"caption\":\"Bioflex Nutrition\"},\"image\":{\"@id\":\"https:\\\/\\\/bioflexnutrition.com.br\\\/#\\\/schema\\\/logo\\\/image\\\/\"},\"sameAs\":[\"https:\\\/\\\/www.instagram.com\\\/bioflexnh\\\/\"]}]}<\/script>\n<!-- \/ Yoast SEO plugin. -->","yoast_head_json":{"title":"Cranberrylift Display 100g\/20DS Essential - Bioflex Nutrition","robots":{"index":"index","follow":"follow","max-snippet":"max-snippet:-1","max-image-preview":"max-image-preview:large","max-video-preview":"max-video-preview:-1"},"canonical":"https:\/\/bioflexnutrition.com.br\/en\/product\/cranberrylift-display-100g-20ds-essential\/","og_locale":"en_US","og_type":"article","og_title":"Cranberrylift Display 100g\/20DS Essential - Bioflex Nutrition","og_description":"Combina\u00e7\u00e3o da fruta norte-americana cranberry, fonte natural de proantocianidinas (PACs-A), e D-manose, aliada aos sabores marcantes da canela e do hibisco. \u00a0","og_url":"https:\/\/bioflexnutrition.com.br\/en\/product\/cranberrylift-display-100g-20ds-essential\/","og_site_name":"Bioflex Nutrition","article_modified_time":"2026-04-02T21:58:17+00:00","og_image":[{"width":1500,"height":1500,"url":"https:\/\/bioflexnutrition.com.br\/wp-content\/uploads\/2025\/06\/15317890284-capa-cranberrylift.png","type":"image\/png"}],"twitter_card":"summary_large_image","twitter_misc":{"Est. reading time":"2 minutes"},"schema":{"@context":"https:\/\/schema.org","@graph":[{"@type":["WebPage","ItemPage"],"@id":"https:\/\/bioflexnutrition.com.br\/produto\/cranberrylift-display-100g-20ds-essential\/","url":"https:\/\/bioflexnutrition.com.br\/produto\/cranberrylift-display-100g-20ds-essential\/","name":"Cranberrylift Display 100g\/20DS Essential - Bioflex Nutrition","isPartOf":{"@id":"https:\/\/bioflexnutrition.com.br\/#website"},"primaryImageOfPage":{"@id":"https:\/\/bioflexnutrition.com.br\/produto\/cranberrylift-display-100g-20ds-essential\/#primaryimage"},"image":{"@id":"https:\/\/bioflexnutrition.com.br\/produto\/cranberrylift-display-100g-20ds-essential\/#primaryimage"},"thumbnailUrl":"https:\/\/bioflexnutrition.com.br\/wp-content\/uploads\/2025\/06\/15317890284-capa-cranberrylift.png","datePublished":"2025-06-05T21:46:18+00:00","dateModified":"2026-04-02T21:58:17+00:00","breadcrumb":{"@id":"https:\/\/bioflexnutrition.com.br\/produto\/cranberrylift-display-100g-20ds-essential\/#breadcrumb"},"inLanguage":"en-US","potentialAction":[{"@type":"ReadAction","target":["https:\/\/bioflexnutrition.com.br\/produto\/cranberrylift-display-100g-20ds-essential\/"]}]},{"@type":"ImageObject","inLanguage":"en-US","@id":"https:\/\/bioflexnutrition.com.br\/produto\/cranberrylift-display-100g-20ds-essential\/#primaryimage","url":"https:\/\/bioflexnutrition.com.br\/wp-content\/uploads\/2025\/06\/15317890284-capa-cranberrylift.png","contentUrl":"https:\/\/bioflexnutrition.com.br\/wp-content\/uploads\/2025\/06\/15317890284-capa-cranberrylift.png","width":1500,"height":1500},{"@type":"BreadcrumbList","@id":"https:\/\/bioflexnutrition.com.br\/produto\/cranberrylift-display-100g-20ds-essential\/#breadcrumb","itemListElement":[{"@type":"ListItem","position":1,"name":"In\u00edcio","item":"https:\/\/bioflexnutrition.com.br\/"},{"@type":"ListItem","position":2,"name":"Loja","item":"https:\/\/bioflexnutrition.com.br\/todos\/"},{"@type":"ListItem","position":3,"name":"Cranberrylift Display 100g\/20DS Essential"}]},{"@type":"WebSite","@id":"https:\/\/bioflexnutrition.com.br\/#website","url":"https:\/\/bioflexnutrition.com.br\/","name":"Bioflex Nutrition","description":"Sua loja online de Nutri\u00e7\u00e3o e Sa\u00fade","publisher":{"@id":"https:\/\/bioflexnutrition.com.br\/#organization"},"potentialAction":[{"@type":"SearchAction","target":{"@type":"EntryPoint","urlTemplate":"https:\/\/bioflexnutrition.com.br\/?s={search_term_string}"},"query-input":{"@type":"PropertyValueSpecification","valueRequired":true,"valueName":"search_term_string"}}],"inLanguage":"en-US"},{"@type":"Organization","@id":"https:\/\/bioflexnutrition.com.br\/#organization","name":"Bioflex Nutrition","url":"https:\/\/bioflexnutrition.com.br\/","logo":{"@type":"ImageObject","inLanguage":"en-US","@id":"https:\/\/bioflexnutrition.com.br\/#\/schema\/logo\/image\/","url":"https:\/\/bioflexnutrition.com.br\/wp-content\/uploads\/2025\/04\/fav.webp","contentUrl":"https:\/\/bioflexnutrition.com.br\/wp-content\/uploads\/2025\/04\/fav.webp","width":1150,"height":1000,"caption":"Bioflex Nutrition"},"image":{"@id":"https:\/\/bioflexnutrition.com.br\/#\/schema\/logo\/image\/"},"sameAs":["https:\/\/www.instagram.com\/bioflexnh\/"]}]}},"_links":{"self":[{"href":"https:\/\/bioflexnutrition.com.br\/en\/wp-json\/wp\/v2\/product\/6396","targetHints":{"allow":["GET"]}}],"collection":[{"href":"https:\/\/bioflexnutrition.com.br\/en\/wp-json\/wp\/v2\/product"}],"about":[{"href":"https:\/\/bioflexnutrition.com.br\/en\/wp-json\/wp\/v2\/types\/product"}],"replies":[{"embeddable":true,"href":"https:\/\/bioflexnutrition.com.br\/en\/wp-json\/wp\/v2\/comments?post=6396"}],"wp:featuredmedia":[{"embeddable":true,"href":"https:\/\/bioflexnutrition.com.br\/en\/wp-json\/wp\/v2\/media\/6388"}],"wp:attachment":[{"href":"https:\/\/bioflexnutrition.com.br\/en\/wp-json\/wp\/v2\/media?parent=6396"}],"wp:term":[{"taxonomy":"product_cat","embeddable":true,"href":"https:\/\/bioflexnutrition.com.br\/en\/wp-json\/wp\/v2\/product_cat?post=6396"},{"taxonomy":"product_tag","embeddable":true,"href":"https:\/\/bioflexnutrition.com.br\/en\/wp-json\/wp\/v2\/product_tag?post=6396"}],"curies":[{"name":"wp","href":"https:\/\/api.w.org\/{rel}","templated":true}]}}