{"id":6409,"date":"2025-06-05T18:47:19","date_gmt":"2025-06-05T21:47:19","guid":{"rendered":"https:\/\/bioflexnutrition.com.br\/produto\/carbpro-41-recovery-neutro-lata-700g-10ds\/"},"modified":"2026-03-31T16:34:00","modified_gmt":"2026-03-31T19:34:00","slug":"carbpro-41-recovery-neutro-lata-700g-10ds","status":"publish","type":"product","link":"https:\/\/bioflexnutrition.com.br\/en\/product\/carbpro-41-recovery-neutro-lata-700g-10ds\/","title":{"rendered":"Carbpro 4:1 Recovery Neutro Lata 700G\/10DS Essential"},"content":{"rendered":"<h2>CarbPro\u00a04:1\u00a0Endurance\u00a0&amp;\u00a0Recovery<\/h2>\n<p>Para quem mant\u00e9m uma rotina intensa de treinos, parece que todo descanso \u00e9 pouco. \u00c9 preciso suplementar e auxiliar a recupera\u00e7\u00e3o do corpo.<\/p>\n<p><strong>CarbPro\u00a04:1\u00a0Endurance\u00a0&amp;\u00a0Recovery<\/strong> oferece 4 partes de carboidratos (high quality) de diferentes perfis de absor\u00e7\u00e3o (r\u00e1pida, intermedi\u00e1ria e lenta) para 1 parte de prote\u00edna \u2014 propor\u00e7\u00e3o ideal para efetivo reabastecimento de energia e recupera\u00e7\u00e3o muscular ap\u00f3s atividades de alta intensidade e longa dura\u00e7\u00e3o.<\/p>\n<p>Dispon\u00edvel nos sabores <strong>citrus<\/strong> e <strong>neutro<\/strong>.<\/p>\n<h3>Cont\u00e9m:<\/h3>\n<ul>\n<li>D\u2011Ribose (Bioenergy\u00ae)<\/li>\n<li>Palatinose\u2122 (isomaltulose)<\/li>\n<li>Waxy Maize (amido de milho ceroso)<\/li>\n<li>Whey Protein Isolado (Provon\u00ae\u00a0292)<\/li>\n<li>Col\u00e1geno hidrolisado em pept\u00eddeos (Peptan\u00ae)<\/li>\n<li>Vitaminas do Complexo\u00a0B<\/li>\n<li>Minerais quelados<\/li>\n<\/ul>\n<h3>N\u00e3o cont\u00e9m:<\/h3>\n<ul>\n<li>Whey Protein concentrado<\/li>\n<li>Ado\u00e7antes artificiais<\/li>\n<li>Aromas artificiais<\/li>\n<li>Gl\u00faten<\/li>\n<li>Lactose<\/li>\n<li>Conservantes<\/li>\n<\/ul>\n<h3>Por que usar?<\/h3>\n<p>Perda de for\u00e7a e dificuldade em completar treinos s\u00e3o sinais de que o corpo precisa repor nutrientes. Suplementos recovery tornam-se aliados importantes para melhores resultados.<\/p>\n<p><strong>TREINE FORTE. RECUPERE R\u00c1PIDO.<\/strong><\/p>\n<h3>Recupera\u00e7\u00e3o muscular<\/h3>\n<p>Exerc\u00edcios intensos geram microles\u00f5es e elevado gasto energ\u00e9tico. Prote\u00ednas reparam o tecido e carboidratos restabelecem reservas de energia. Na propor\u00e7\u00e3o certa, a recupera\u00e7\u00e3o \u00e9 mais r\u00e1pida e eficiente.<\/p>\n<h3>Informa\u00e7\u00e3o Nutricional<\/h3>\n<p><strong>Por\u00e7\u00f5es por embalagem:<\/strong> 10 (700g)<br \/><strong>Por\u00e7\u00e3o:<\/strong> 70g (2 colheres\u2011medida)<\/p>\n<table border=\"1\" cellpadding=\"6\" cellspacing=\"0\">\n<thead>\n<tr>\n<th>Componente<\/th>\n<th>70g<\/th>\n<th>%VD*<\/th>\n<\/tr>\n<\/thead>\n<tbody>\n<tr>\n<td>Valor energ\u00e9tico (kcal)<\/td>\n<td>248<\/td>\n<td>12%<\/td>\n<\/tr>\n<tr>\n<td>Carboidratos (g)<\/td>\n<td>50<\/td>\n<td>17%<\/td>\n<\/tr>\n<tr>\n<td>A\u00e7\u00facares totais (g)<\/td>\n<td>33<\/td>\n<td>\u2013<\/td>\n<\/tr>\n<tr>\n<td>A\u00e7\u00facares adicionados (g)<\/td>\n<td>33<\/td>\n<td>66%<\/td>\n<\/tr>\n<tr>\n<td>Prote\u00ednas (g)<\/td>\n<td>12<\/td>\n<td>24%<\/td>\n<\/tr>\n<tr>\n<td>Gorduras totais (g)<\/td>\n<td>0<\/td>\n<td>0%<\/td>\n<\/tr>\n<tr>\n<td>Gorduras saturadas (g)<\/td>\n<td>0<\/td>\n<td>0%<\/td>\n<\/tr>\n<tr>\n<td>Gorduras trans (g)<\/td>\n<td>0<\/td>\n<td>0%<\/td>\n<\/tr>\n<tr>\n<td>Fibras alimentares (g)<\/td>\n<td>0<\/td>\n<td>0%<\/td>\n<\/tr>\n<tr>\n<td>S\u00f3dio (mg)<\/td>\n<td>72<\/td>\n<td>4%<\/td>\n<\/tr>\n<tr>\n<td>Vitamina\u00a0E (mg)<\/td>\n<td>10<\/td>\n<td>67%<\/td>\n<\/tr>\n<tr>\n<td>Vitamina\u00a0C (mg)<\/td>\n<td>45<\/td>\n<td>45%<\/td>\n<\/tr>\n<tr>\n<td>Vitamina\u00a0B1 (mg)<\/td>\n<td>1,2<\/td>\n<td>100%<\/td>\n<\/tr>\n<tr>\n<td>Vitamina\u00a0B2 (mg)<\/td>\n<td>1,3<\/td>\n<td>108%<\/td>\n<\/tr>\n<tr>\n<td>Vitamina\u00a0B3 (mg)<\/td>\n<td>16<\/td>\n<td>107%<\/td>\n<\/tr>\n<tr>\n<td>Vitamina\u00a0B5 (mg)<\/td>\n<td>5<\/td>\n<td>100%<\/td>\n<\/tr>\n<tr>\n<td>Vitamina\u00a0B6 (mg)<\/td>\n<td>1,3<\/td>\n<td>100%<\/td>\n<\/tr>\n<tr>\n<td>Vitamina\u00a0B12 (\u00b5g)<\/td>\n<td>2,4<\/td>\n<td>100%<\/td>\n<\/tr>\n<tr>\n<td>C\u00e1lcio (mg)<\/td>\n<td>212<\/td>\n<td>21%<\/td>\n<\/tr>\n<tr>\n<td>Cromo (\u00b5g)<\/td>\n<td>18<\/td>\n<td>51%<\/td>\n<\/tr>\n<tr>\n<td>Magn\u00e9sio (mg)<\/td>\n<td>106<\/td>\n<td>25%<\/td>\n<\/tr>\n<\/tbody>\n<\/table>\n<p><em>*Percentual de valores di\u00e1rios com base em dieta de 2.000\u202fkcal.<\/em><\/p>\n<h3>Ingredientes<\/h3>\n<p>Dextrose, maltodextrina, prote\u00edna isolada do soro de leite (Provon\u00ae\u202f292), isomaltulose (Palatinose\u2122), col\u00e1geno hidrolisado em pept\u00eddeos (Peptan\u00ae), amido de milho ceroso (Waxy\u00a0Maize), D\u2011ribose (Bioenergy\u00a0Ribose\u00ae), bisglicinato de c\u00e1lcio, bisglicinato de magn\u00e9sio, \u00e1cido asc\u00f3rbico revestido, acetato de tocoferol, nicotinamida, pantotenato de c\u00e1lcio, cloridrato de tiamina, riboflavina\u20115\u2011fosfato, piridoxal\u20115\u2011fosfato, picolinato de cromo, metilcobalamina, antiumectante di\u00f3xido de sil\u00edcio.<\/p>\n<p><strong>N\u00c3O CONT\u00c9M GL\u00daTEN.<\/strong><br \/><strong>AL\u00c9RGICOS:<\/strong> cont\u00e9m derivados de leite e soja (\u2248\u202f0,1\u202fg de lecitina de soja por por\u00e7\u00e3o).<\/p>\n<h3>Modo de Preparo<\/h3>\n<ul>\n<li>Adicione 70g (2 colheres\u2011medida) em 300ml de \u00e1gua ou bebida de prefer\u00eancia.<\/li>\n<li>Misture at\u00e9 total homogeneiza\u00e7\u00e3o.<\/li>\n<li>Consumir ap\u00f3s o treino, 1\u00d7 ao dia, ou conforme orienta\u00e7\u00e3o profissional.<\/li>\n<\/ul>\n<h3>Advert\u00eancias<\/h3>\n<ul>\n<li>Manter em local fresco, seco e ao abrigo da luz solar.<\/li>\n<li>Ap\u00f3s aberto, consumir em at\u00e9 30\u00a0dias.<\/li>\n<li>Recomendado para adultos (\u2265\u202f19\u00a0anos).<\/li>\n<li>\u201cEste produto n\u00e3o \u00e9 um medicamento.\u201d<\/li>\n<li>\u201cN\u00e3o exceder a recomenda\u00e7\u00e3o di\u00e1ria indicada na embalagem.\u201d<\/li>\n<li>\u201cMantenha fora do alcance de crian\u00e7as.\u201d<\/li>\n<\/ul>","protected":false},"excerpt":{"rendered":"<p>Suplemento formulado com carboidratos de diferentes perfis de absor\u00e7\u00e3o (r\u00e1pida, intermedi\u00e1ria e lenta) associados ao whey protein isolado e ao col\u00e1geno hidrolisado em pept\u00eddeos na propor\u00e7\u00e3o 4:1 \u2014 4 partes de carboidratos para 1 parte de prote\u00edna. Sabor neutro.<\/p>\n<p>\u00a0<\/p>","protected":false},"featured_media":6405,"comment_status":"open","ping_status":"closed","template":"","meta":{"_joinchat":[]},"product_cat":[165,258,259,260,248,160,199,157,164,170,198],"product_tag":[],"class_list":{"0":"post-6409","1":"product","2":"type-product","3":"status-publish","4":"has-post-thumbnail","6":"product_cat-alta-performance","7":"product_cat-carboidratos-categorias-ecommerce","8":"product_cat-carboidratos-absorcao-lenta","9":"product_cat-carboidratos-absorcao-rapida","10":"product_cat-categorias-e","11":"product_cat-essential","12":"product_cat-frete-gratis","13":"product_cat-marcas","14":"product_cat-objetivos-especificos","15":"product_cat-para-ganho-de-massa","16":"product_cat-promocoes","18":"first","19":"instock","20":"shipping-taxable","21":"purchasable","22":"product-type-simple","23":"col-xs-6 col-sm-4","24":"col-md-3 col-lg-3","25":"un-4-cols"},"yoast_head":"<!-- This site is optimized with the Yoast SEO plugin v27.3 - https:\/\/yoast.com\/product\/yoast-seo-wordpress\/ -->\n<title>Carbpro 4:1 Recovery Neutro Lata 700G\/10DS Essential - Bioflex Nutrition<\/title>\n<meta name=\"robots\" content=\"index, follow, max-snippet:-1, max-image-preview:large, max-video-preview:-1\" \/>\n<link rel=\"canonical\" href=\"https:\/\/bioflexnutrition.com.br\/en\/product\/carbpro-41-recovery-neutro-lata-700g-10ds\/\" \/>\n<meta property=\"og:locale\" content=\"en_US\" \/>\n<meta property=\"og:type\" content=\"article\" \/>\n<meta property=\"og:title\" content=\"Carbpro 4:1 Recovery Neutro Lata 700G\/10DS Essential - Bioflex Nutrition\" \/>\n<meta property=\"og:description\" content=\"Suplemento formulado com carboidratos de diferentes perfis de absor\u00e7\u00e3o (r\u00e1pida, intermedi\u00e1ria e lenta) associados ao whey protein isolado e ao col\u00e1geno hidrolisado em pept\u00eddeos na propor\u00e7\u00e3o 4:1 \u2014 4 partes de carboidratos para 1 parte de prote\u00edna. Sabor neutro. \u00a0\" \/>\n<meta property=\"og:url\" content=\"https:\/\/bioflexnutrition.com.br\/en\/product\/carbpro-41-recovery-neutro-lata-700g-10ds\/\" \/>\n<meta property=\"og:site_name\" content=\"Bioflex Nutrition\" \/>\n<meta property=\"article:modified_time\" content=\"2026-03-31T19:34:00+00:00\" \/>\n<meta property=\"og:image\" content=\"https:\/\/bioflexnutrition.com.br\/wp-content\/uploads\/2025\/06\/15339196329-carbpro-lata-media-neutro.jpg\" \/>\n\t<meta property=\"og:image:width\" content=\"1950\" \/>\n\t<meta property=\"og:image:height\" content=\"1950\" \/>\n\t<meta property=\"og:image:type\" content=\"image\/jpeg\" \/>\n<meta name=\"twitter:card\" content=\"summary_large_image\" \/>\n<meta name=\"twitter:label1\" content=\"Est. reading time\" \/>\n\t<meta name=\"twitter:data1\" content=\"3 minutes\" \/>\n<script type=\"application\/ld+json\" class=\"yoast-schema-graph\">{\"@context\":\"https:\\\/\\\/schema.org\",\"@graph\":[{\"@type\":[\"WebPage\",\"ItemPage\"],\"@id\":\"https:\\\/\\\/bioflexnutrition.com.br\\\/produto\\\/carbpro-41-recovery-neutro-lata-700g-10ds\\\/\",\"url\":\"https:\\\/\\\/bioflexnutrition.com.br\\\/produto\\\/carbpro-41-recovery-neutro-lata-700g-10ds\\\/\",\"name\":\"Carbpro 4:1 Recovery Neutro Lata 700G\\\/10DS Essential - Bioflex Nutrition\",\"isPartOf\":{\"@id\":\"https:\\\/\\\/bioflexnutrition.com.br\\\/#website\"},\"primaryImageOfPage\":{\"@id\":\"https:\\\/\\\/bioflexnutrition.com.br\\\/produto\\\/carbpro-41-recovery-neutro-lata-700g-10ds\\\/#primaryimage\"},\"image\":{\"@id\":\"https:\\\/\\\/bioflexnutrition.com.br\\\/produto\\\/carbpro-41-recovery-neutro-lata-700g-10ds\\\/#primaryimage\"},\"thumbnailUrl\":\"https:\\\/\\\/bioflexnutrition.com.br\\\/wp-content\\\/uploads\\\/2025\\\/06\\\/15339196329-carbpro-lata-media-neutro.jpg\",\"datePublished\":\"2025-06-05T21:47:19+00:00\",\"dateModified\":\"2026-03-31T19:34:00+00:00\",\"breadcrumb\":{\"@id\":\"https:\\\/\\\/bioflexnutrition.com.br\\\/produto\\\/carbpro-41-recovery-neutro-lata-700g-10ds\\\/#breadcrumb\"},\"inLanguage\":\"en-US\",\"potentialAction\":[{\"@type\":\"ReadAction\",\"target\":[\"https:\\\/\\\/bioflexnutrition.com.br\\\/produto\\\/carbpro-41-recovery-neutro-lata-700g-10ds\\\/\"]}]},{\"@type\":\"ImageObject\",\"inLanguage\":\"en-US\",\"@id\":\"https:\\\/\\\/bioflexnutrition.com.br\\\/produto\\\/carbpro-41-recovery-neutro-lata-700g-10ds\\\/#primaryimage\",\"url\":\"https:\\\/\\\/bioflexnutrition.com.br\\\/wp-content\\\/uploads\\\/2025\\\/06\\\/15339196329-carbpro-lata-media-neutro.jpg\",\"contentUrl\":\"https:\\\/\\\/bioflexnutrition.com.br\\\/wp-content\\\/uploads\\\/2025\\\/06\\\/15339196329-carbpro-lata-media-neutro.jpg\",\"width\":1950,\"height\":1950},{\"@type\":\"BreadcrumbList\",\"@id\":\"https:\\\/\\\/bioflexnutrition.com.br\\\/produto\\\/carbpro-41-recovery-neutro-lata-700g-10ds\\\/#breadcrumb\",\"itemListElement\":[{\"@type\":\"ListItem\",\"position\":1,\"name\":\"In\u00edcio\",\"item\":\"https:\\\/\\\/bioflexnutrition.com.br\\\/\"},{\"@type\":\"ListItem\",\"position\":2,\"name\":\"Loja\",\"item\":\"https:\\\/\\\/bioflexnutrition.com.br\\\/todos\\\/\"},{\"@type\":\"ListItem\",\"position\":3,\"name\":\"Carbpro 4:1 Recovery Neutro Lata 700G\\\/10DS Essential\"}]},{\"@type\":\"WebSite\",\"@id\":\"https:\\\/\\\/bioflexnutrition.com.br\\\/#website\",\"url\":\"https:\\\/\\\/bioflexnutrition.com.br\\\/\",\"name\":\"Bioflex Nutrition\",\"description\":\"Sua loja online de Nutri\u00e7\u00e3o e Sa\u00fade\",\"publisher\":{\"@id\":\"https:\\\/\\\/bioflexnutrition.com.br\\\/#organization\"},\"potentialAction\":[{\"@type\":\"SearchAction\",\"target\":{\"@type\":\"EntryPoint\",\"urlTemplate\":\"https:\\\/\\\/bioflexnutrition.com.br\\\/?s={search_term_string}\"},\"query-input\":{\"@type\":\"PropertyValueSpecification\",\"valueRequired\":true,\"valueName\":\"search_term_string\"}}],\"inLanguage\":\"en-US\"},{\"@type\":\"Organization\",\"@id\":\"https:\\\/\\\/bioflexnutrition.com.br\\\/#organization\",\"name\":\"Bioflex Nutrition\",\"url\":\"https:\\\/\\\/bioflexnutrition.com.br\\\/\",\"logo\":{\"@type\":\"ImageObject\",\"inLanguage\":\"en-US\",\"@id\":\"https:\\\/\\\/bioflexnutrition.com.br\\\/#\\\/schema\\\/logo\\\/image\\\/\",\"url\":\"https:\\\/\\\/bioflexnutrition.com.br\\\/wp-content\\\/uploads\\\/2025\\\/04\\\/fav.webp\",\"contentUrl\":\"https:\\\/\\\/bioflexnutrition.com.br\\\/wp-content\\\/uploads\\\/2025\\\/04\\\/fav.webp\",\"width\":1150,\"height\":1000,\"caption\":\"Bioflex Nutrition\"},\"image\":{\"@id\":\"https:\\\/\\\/bioflexnutrition.com.br\\\/#\\\/schema\\\/logo\\\/image\\\/\"},\"sameAs\":[\"https:\\\/\\\/www.instagram.com\\\/bioflexnh\\\/\"]}]}<\/script>\n<!-- \/ Yoast SEO plugin. -->","yoast_head_json":{"title":"Carbpro 4:1 Recovery Neutro Lata 700G\/10DS Essential - Bioflex Nutrition","robots":{"index":"index","follow":"follow","max-snippet":"max-snippet:-1","max-image-preview":"max-image-preview:large","max-video-preview":"max-video-preview:-1"},"canonical":"https:\/\/bioflexnutrition.com.br\/en\/product\/carbpro-41-recovery-neutro-lata-700g-10ds\/","og_locale":"en_US","og_type":"article","og_title":"Carbpro 4:1 Recovery Neutro Lata 700G\/10DS Essential - Bioflex Nutrition","og_description":"Suplemento formulado com carboidratos de diferentes perfis de absor\u00e7\u00e3o (r\u00e1pida, intermedi\u00e1ria e lenta) associados ao whey protein isolado e ao col\u00e1geno hidrolisado em pept\u00eddeos na propor\u00e7\u00e3o 4:1 \u2014 4 partes de carboidratos para 1 parte de prote\u00edna. Sabor neutro. \u00a0","og_url":"https:\/\/bioflexnutrition.com.br\/en\/product\/carbpro-41-recovery-neutro-lata-700g-10ds\/","og_site_name":"Bioflex Nutrition","article_modified_time":"2026-03-31T19:34:00+00:00","og_image":[{"width":1950,"height":1950,"url":"https:\/\/bioflexnutrition.com.br\/wp-content\/uploads\/2025\/06\/15339196329-carbpro-lata-media-neutro.jpg","type":"image\/jpeg"}],"twitter_card":"summary_large_image","twitter_misc":{"Est. reading time":"3 minutes"},"schema":{"@context":"https:\/\/schema.org","@graph":[{"@type":["WebPage","ItemPage"],"@id":"https:\/\/bioflexnutrition.com.br\/produto\/carbpro-41-recovery-neutro-lata-700g-10ds\/","url":"https:\/\/bioflexnutrition.com.br\/produto\/carbpro-41-recovery-neutro-lata-700g-10ds\/","name":"Carbpro 4:1 Recovery Neutro Lata 700G\/10DS Essential - Bioflex Nutrition","isPartOf":{"@id":"https:\/\/bioflexnutrition.com.br\/#website"},"primaryImageOfPage":{"@id":"https:\/\/bioflexnutrition.com.br\/produto\/carbpro-41-recovery-neutro-lata-700g-10ds\/#primaryimage"},"image":{"@id":"https:\/\/bioflexnutrition.com.br\/produto\/carbpro-41-recovery-neutro-lata-700g-10ds\/#primaryimage"},"thumbnailUrl":"https:\/\/bioflexnutrition.com.br\/wp-content\/uploads\/2025\/06\/15339196329-carbpro-lata-media-neutro.jpg","datePublished":"2025-06-05T21:47:19+00:00","dateModified":"2026-03-31T19:34:00+00:00","breadcrumb":{"@id":"https:\/\/bioflexnutrition.com.br\/produto\/carbpro-41-recovery-neutro-lata-700g-10ds\/#breadcrumb"},"inLanguage":"en-US","potentialAction":[{"@type":"ReadAction","target":["https:\/\/bioflexnutrition.com.br\/produto\/carbpro-41-recovery-neutro-lata-700g-10ds\/"]}]},{"@type":"ImageObject","inLanguage":"en-US","@id":"https:\/\/bioflexnutrition.com.br\/produto\/carbpro-41-recovery-neutro-lata-700g-10ds\/#primaryimage","url":"https:\/\/bioflexnutrition.com.br\/wp-content\/uploads\/2025\/06\/15339196329-carbpro-lata-media-neutro.jpg","contentUrl":"https:\/\/bioflexnutrition.com.br\/wp-content\/uploads\/2025\/06\/15339196329-carbpro-lata-media-neutro.jpg","width":1950,"height":1950},{"@type":"BreadcrumbList","@id":"https:\/\/bioflexnutrition.com.br\/produto\/carbpro-41-recovery-neutro-lata-700g-10ds\/#breadcrumb","itemListElement":[{"@type":"ListItem","position":1,"name":"In\u00edcio","item":"https:\/\/bioflexnutrition.com.br\/"},{"@type":"ListItem","position":2,"name":"Loja","item":"https:\/\/bioflexnutrition.com.br\/todos\/"},{"@type":"ListItem","position":3,"name":"Carbpro 4:1 Recovery Neutro Lata 700G\/10DS Essential"}]},{"@type":"WebSite","@id":"https:\/\/bioflexnutrition.com.br\/#website","url":"https:\/\/bioflexnutrition.com.br\/","name":"Bioflex Nutrition","description":"Sua loja online de Nutri\u00e7\u00e3o e Sa\u00fade","publisher":{"@id":"https:\/\/bioflexnutrition.com.br\/#organization"},"potentialAction":[{"@type":"SearchAction","target":{"@type":"EntryPoint","urlTemplate":"https:\/\/bioflexnutrition.com.br\/?s={search_term_string}"},"query-input":{"@type":"PropertyValueSpecification","valueRequired":true,"valueName":"search_term_string"}}],"inLanguage":"en-US"},{"@type":"Organization","@id":"https:\/\/bioflexnutrition.com.br\/#organization","name":"Bioflex Nutrition","url":"https:\/\/bioflexnutrition.com.br\/","logo":{"@type":"ImageObject","inLanguage":"en-US","@id":"https:\/\/bioflexnutrition.com.br\/#\/schema\/logo\/image\/","url":"https:\/\/bioflexnutrition.com.br\/wp-content\/uploads\/2025\/04\/fav.webp","contentUrl":"https:\/\/bioflexnutrition.com.br\/wp-content\/uploads\/2025\/04\/fav.webp","width":1150,"height":1000,"caption":"Bioflex Nutrition"},"image":{"@id":"https:\/\/bioflexnutrition.com.br\/#\/schema\/logo\/image\/"},"sameAs":["https:\/\/www.instagram.com\/bioflexnh\/"]}]}},"_links":{"self":[{"href":"https:\/\/bioflexnutrition.com.br\/en\/wp-json\/wp\/v2\/product\/6409","targetHints":{"allow":["GET"]}}],"collection":[{"href":"https:\/\/bioflexnutrition.com.br\/en\/wp-json\/wp\/v2\/product"}],"about":[{"href":"https:\/\/bioflexnutrition.com.br\/en\/wp-json\/wp\/v2\/types\/product"}],"replies":[{"embeddable":true,"href":"https:\/\/bioflexnutrition.com.br\/en\/wp-json\/wp\/v2\/comments?post=6409"}],"wp:featuredmedia":[{"embeddable":true,"href":"https:\/\/bioflexnutrition.com.br\/en\/wp-json\/wp\/v2\/media\/6405"}],"wp:attachment":[{"href":"https:\/\/bioflexnutrition.com.br\/en\/wp-json\/wp\/v2\/media?parent=6409"}],"wp:term":[{"taxonomy":"product_cat","embeddable":true,"href":"https:\/\/bioflexnutrition.com.br\/en\/wp-json\/wp\/v2\/product_cat?post=6409"},{"taxonomy":"product_tag","embeddable":true,"href":"https:\/\/bioflexnutrition.com.br\/en\/wp-json\/wp\/v2\/product_tag?post=6409"}],"curies":[{"name":"wp","href":"https:\/\/api.w.org\/{rel}","templated":true}]}}