{"id":6414,"date":"2025-06-05T18:47:40","date_gmt":"2025-06-05T21:47:40","guid":{"rendered":"https:\/\/bioflexnutrition.com.br\/produto\/beta-action-melancia-com-limao-630g-essential\/"},"modified":"2026-03-31T16:00:43","modified_gmt":"2026-03-31T19:00:43","slug":"beta-action-melancia-com-limao-630g-essential","status":"publish","type":"product","link":"https:\/\/bioflexnutrition.com.br\/en\/product\/beta-action-melancia-com-limao-630g-essential\/","title":{"rendered":"BETA ACTION MELANCIA COM LIM\u00c3O 630G ESSENTIAL"},"content":{"rendered":"<h2>Beta Action \u2013 Pr\u00e9-treino sem cafe\u00edna (Melancia com Lim\u00e3o)<\/h2>\n<p><strong>COMO VOC\u00ca SE PREPARA PARA TREINAR?<\/strong><br \/>A escolha dos nutrientes certos antes do treino pode influenciar significativamente o desempenho durante o exerc\u00edcio e contribuir para uma recupera\u00e7\u00e3o mais eficaz, garantindo que o corpo esteja pronto para novos desafios no dia seguinte.<\/p>\n<h3>ALTA PERFORMANCE A QUALQUER HORA<\/h3>\n<p><strong>Beta Action<\/strong> \u00e9 um pr\u00e9-treino <strong>sem cafe\u00edna<\/strong>, estrategicamente formulado para proporcionar um melhor desempenho esportivo a partir de uma combina\u00e7\u00e3o sin\u00e9rgica de ingredientes envolvidos no metabolismo energ\u00e9tico, resist\u00eancia f\u00edsica e recupera\u00e7\u00e3o muscular \u2014 sem interferir no sono.<\/p>\n<p>Al\u00e9m de carboidratos com diferentes velocidades de absor\u00e7\u00e3o e da propor\u00e7\u00e3o equilibrada de eletr\u00f3litos, ele traz o poder da <strong>beta-alanina<\/strong> \u2014 pela primeira vez em uma f\u00f3rmula da Essential \u2014 e ainda conta com <strong>taurina<\/strong>, <strong>betaglucana de levedura<\/strong>, <strong>coenzima Q10 Micro-SR\u00ae<\/strong> e <strong>micronutrientes selecionados<\/strong>.<\/p>\n<p><strong>N\u00c3O CONT\u00c9M:<\/strong><br \/>Cafe\u00edna \u2022 Gl\u00faten \u2022 Lactose \u2022 Conservantes artificiais \u2022 Corantes artificiais \u2022 Ingredientes de origem animal<\/p>\n<h3>ENERGIA PARA COME\u00c7AR<\/h3>\n<p>Os <strong>carboidratos<\/strong> s\u00e3o essenciais para fornecer energia ao corpo, especialmente em treinos intensos ou prolongados. A <strong>maltodextrina<\/strong> libera energia rapidamente, enquanto a <strong>Palatinose\u2122<\/strong> atua de forma gradual. As <strong>vitaminas do complexo B<\/strong> e o <strong>magn\u00e9sio<\/strong> tamb\u00e9m apoiam o metabolismo energ\u00e9tico.<\/p>\n<h3>HIDRATA\u00c7\u00c3O PARA RETOMAR<\/h3>\n<p>Durante os treinos, h\u00e1 perda de \u00e1gua e eletr\u00f3litos. <strong>Beta Action<\/strong> possui uma propor\u00e7\u00e3o equilibrada desses sais minerais, tornando-se um <strong>isot\u00f4nico<\/strong> eficaz para manter o equil\u00edbrio h\u00eddrico e favorecer o desempenho f\u00edsico.<\/p>\n<h3>RECUPERA\u00c7\u00c3O PARA CONTINUAR<\/h3>\n<p>O cansa\u00e7o muscular tem rela\u00e7\u00e3o com a acidez intramuscular. A <strong>beta-alanina<\/strong> auxilia na produ\u00e7\u00e3o de <strong>carnosina<\/strong>, subst\u00e2ncia que ajuda a controlar essa acidez. Junto com os carboidratos, ela contribui para a recupera\u00e7\u00e3o muscular ap\u00f3s treinos intensos.<\/p>\n<p><em>Curiosidade:<\/em> \u00e9 comum a <strong>beta-alanina<\/strong> causar formigamento leve, efeito que tende a diminuir com o uso cont\u00ednuo ou fracionamento da dose \u2014 e que n\u00e3o interfere na sua a\u00e7\u00e3o.<\/p>\n<h3>SABOR QUE TEM REFRESC\u00c2NCIA<\/h3>\n<p><strong>Melancia com lim\u00e3o:<\/strong> uma combina\u00e7\u00e3o deliciosa e refrescante, ideal para os dias mais quentes!<\/p>\n<h3>TABELA NUTRICIONAL<\/h3>\n<p><strong>Por\u00e7\u00f5es por embalagem:<\/strong> 20<br \/><strong>Por\u00e7\u00e3o:<\/strong> 31,5g (1 colher-medida)<\/p>\n<table border=\"1\" cellpadding=\"6\" cellspacing=\"0\">\n<thead>\n<tr>\n<th>Componente<\/th>\n<th>31,5g<\/th>\n<th>%VD*<\/th>\n<\/tr>\n<\/thead>\n<tbody>\n<tr>\n<td>Valor energ\u00e9tico<\/td>\n<td>88kcal<\/td>\n<td>4%<\/td>\n<\/tr>\n<tr>\n<td>Carboidratos<\/td>\n<td>22g<\/td>\n<td>7%<\/td>\n<\/tr>\n<tr>\n<td>A\u00e7\u00facares totais<\/td>\n<td>19g<\/td>\n<td>&#8211;<\/td>\n<\/tr>\n<tr>\n<td>A\u00e7\u00facares adicionados<\/td>\n<td>18g<\/td>\n<td>36%<\/td>\n<\/tr>\n<tr>\n<td>Isomaltulose<\/td>\n<td>18g<\/td>\n<td>&#8211;<\/td>\n<\/tr>\n<tr>\n<td>Lactose<\/td>\n<td>0g<\/td>\n<td>&#8211;<\/td>\n<\/tr>\n<tr>\n<td>Poli\u00f3is totais<\/td>\n<td>0g<\/td>\n<td>&#8211;<\/td>\n<\/tr>\n<tr>\n<td>Prote\u00ednas<\/td>\n<td>0g<\/td>\n<td>0%<\/td>\n<\/tr>\n<tr>\n<td>L-tirosina<\/td>\n<td>400mg<\/td>\n<td>&#8211;<\/td>\n<\/tr>\n<tr>\n<td>Beta-alanina<\/td>\n<td>2000mg<\/td>\n<td>&#8211;<\/td>\n<\/tr>\n<tr>\n<td>Taurina<\/td>\n<td>1500mg<\/td>\n<td>&#8211;<\/td>\n<\/tr>\n<tr>\n<td>Coenzima Q10<\/td>\n<td>20mg<\/td>\n<td>&#8211;<\/td>\n<\/tr>\n<tr>\n<td>Betaglucana de levedura<\/td>\n<td>250mg<\/td>\n<td>&#8211;<\/td>\n<\/tr>\n<tr>\n<td>S\u00f3dio<\/td>\n<td>226mg<\/td>\n<td>11%<\/td>\n<\/tr>\n<tr>\n<td>Vitamina B1<\/td>\n<td>1,2mg<\/td>\n<td>100%<\/td>\n<\/tr>\n<tr>\n<td>Vitamina B2<\/td>\n<td>1,3mg<\/td>\n<td>108%<\/td>\n<\/tr>\n<tr>\n<td>Vitamina B3<\/td>\n<td>8mg<\/td>\n<td>53%<\/td>\n<\/tr>\n<tr>\n<td>Vitamina B5<\/td>\n<td>5mg<\/td>\n<td>100%<\/td>\n<\/tr>\n<tr>\n<td>Vitamina B6<\/td>\n<td>1,3mg<\/td>\n<td>100%<\/td>\n<\/tr>\n<tr>\n<td>Vitamina B9<\/td>\n<td>100\u03bcg<\/td>\n<td>42%<\/td>\n<\/tr>\n<tr>\n<td>Vitamina B12<\/td>\n<td>2,4\u03bcg<\/td>\n<td>100%<\/td>\n<\/tr>\n<tr>\n<td>C\u00e1lcio<\/td>\n<td>180mg<\/td>\n<td>18%<\/td>\n<\/tr>\n<tr>\n<td>Cromo<\/td>\n<td>35\u03bcg<\/td>\n<td>100%<\/td>\n<\/tr>\n<tr>\n<td>F\u00f3sforo<\/td>\n<td>96mg<\/td>\n<td>14%<\/td>\n<\/tr>\n<tr>\n<td>Magn\u00e9sio<\/td>\n<td>100mg<\/td>\n<td>24%<\/td>\n<\/tr>\n<tr>\n<td>Pot\u00e1ssio<\/td>\n<td>166mg<\/td>\n<td>5%<\/td>\n<\/tr>\n<tr>\n<td>Sel\u00eanio<\/td>\n<td>34\u03bcg<\/td>\n<td>57%<\/td>\n<\/tr>\n<\/tbody>\n<\/table>\n<p><em>*% Valores Di\u00e1rios com base em uma dieta de 2.000kcal. Seus valores di\u00e1rios podem ser maiores ou menores dependendo de suas necessidades energ\u00e9ticas.<\/em><\/p>\n<h3>INGREDIENTES<\/h3>\n<p>Isomaltulose (Palatinose\u2122), beta-alanina, maltodextrina, taurina, beterraba em p\u00f3, melancia em p\u00f3, malato de magn\u00e9sio, citrato de s\u00f3dio, L-tirosina, fosfato tric\u00e1lcico, cloreto de pot\u00e1ssio, cloreto de s\u00f3dio, betaglucana de levedura (Saccharomyces cerevisiae), citrato de c\u00e1lcio tetrahidratado, fosfato de pot\u00e1ssio monob\u00e1sico, coenzima Q10 (MICRO-SR\u00ae), nicotinamida, pantotenato de c\u00e1lcio, L-selenometionina, \u00e1cido nicot\u00ednico, piridoxal-5-fosfato, riboflavina-5-fosfato, cloridrato de tiamina, picolinato de cromo, L-metilfolato de c\u00e1lcio, metilcobalamina, antioxidante \u00e1cido c\u00edtrico, aromas (natural, id\u00eantico ao natural, extrato de gengibre tailand\u00eas e extrato de pimenta-vermelha), antiumectante di\u00f3xido de sil\u00edcio e edulcorante glicos\u00eddeos de esteviol (est\u00e9via).<\/p>\n<p><strong>N\u00c3O CONT\u00c9M GL\u00daTEN.<\/strong><br \/><strong>AL\u00c9RGICOS:<\/strong> Pode conter tra\u00e7os de derivados de leite.*<br \/><em>*Pode haver contamina\u00e7\u00e3o cruzada na linha de produ\u00e7\u00e3o.<\/em><\/p>\n<h3>MODO DE PREPARO<\/h3>\n<ul>\n<li>Adicione 31,5g (1 colher-medida) em 300ml de \u00e1gua gelada.<\/li>\n<li>Misture at\u00e9 a total homogeneiza\u00e7\u00e3o.<\/li>\n<li>Consumir 1 dose ao dia ou conforme orienta\u00e7\u00e3o de m\u00e9dico ou nutricionista.<\/li>\n<li>A beta-alanina pode causar sensa\u00e7\u00e3o de formigamento.<\/li>\n<\/ul>\n<h3>ADVERT\u00caNCIAS<\/h3>\n<ul>\n<li>Produto recomendado para adultos (\u226519 anos).<\/li>\n<li>N\u00e3o deve ser consumido por gestantes, lactantes ou crian\u00e7as.<\/li>\n<li>\u201cEste produto n\u00e3o \u00e9 um medicamento.\u201d<\/li>\n<li>\u201cN\u00e3o exceder a recomenda\u00e7\u00e3o di\u00e1ria.\u201d<\/li>\n<li>\u201cMantenha fora do alcance de crian\u00e7as.\u201d<\/li>\n<li>Ap\u00f3s aberto, consumir em at\u00e9 60 dias.<\/li>\n<li>\u00c9 importante o consumo de 4g de carboidratos\/kg de peso corporal nas 4 a 6 horas p\u00f3s-treino.<\/li>\n<li>Beta-alanina: m\u00e1ximo de 2g por dia, em doses fracionadas de 300mg, com intervalo de 2 horas.<\/li>\n<\/ul>","protected":false},"excerpt":{"rendered":"<p>Beta Action \u00e9 um pr\u00e9-treino sem cafe\u00edna desenvolvido para impulsionar a performance esportiva, a resist\u00eancia f\u00edsica e a recupera\u00e7\u00e3o muscular. Al\u00e9m da beta-alanina, da Palatinose\u2122 e dos eletr\u00f3litos, sua f\u00f3rmula tamb\u00e9m conta com outros poderosos ingredientes que favorecem a energia, sem interferir no sono.<\/p>\n<p>\u00a0<\/p>","protected":false},"featured_media":6410,"comment_status":"open","ping_status":"closed","template":"","meta":{"_joinchat":[]},"product_cat":[165,248,160,199,157,164,274,276,198],"product_tag":[],"class_list":{"0":"post-6414","1":"product","2":"type-product","3":"status-publish","4":"has-post-thumbnail","6":"product_cat-alta-performance","7":"product_cat-categorias-e","8":"product_cat-essential","9":"product_cat-frete-gratis","10":"product_cat-marcas","11":"product_cat-objetivos-especificos","12":"product_cat-pre-treinos-categorias-ecommerce","13":"product_cat-pre-treinos-sem-cafeina","14":"product_cat-promocoes","16":"first","17":"instock","18":"shipping-taxable","19":"purchasable","20":"product-type-simple","21":"col-xs-6 col-sm-4","22":"col-md-3 col-lg-3","23":"un-4-cols"},"yoast_head":"<!-- This site is optimized with the Yoast SEO plugin v27.3 - https:\/\/yoast.com\/product\/yoast-seo-wordpress\/ -->\n<title>BETA ACTION MELANCIA COM LIM\u00c3O 630G ESSENTIAL - Bioflex Nutrition<\/title>\n<meta name=\"robots\" content=\"index, follow, max-snippet:-1, max-image-preview:large, max-video-preview:-1\" \/>\n<link rel=\"canonical\" href=\"https:\/\/bioflexnutrition.com.br\/en\/product\/beta-action-melancia-com-limao-630g-essential\/\" \/>\n<meta property=\"og:locale\" content=\"en_US\" \/>\n<meta property=\"og:type\" content=\"article\" \/>\n<meta property=\"og:title\" content=\"BETA ACTION MELANCIA COM LIM\u00c3O 630G ESSENTIAL - Bioflex Nutrition\" \/>\n<meta property=\"og:description\" content=\"Beta Action \u00e9 um pr\u00e9-treino sem cafe\u00edna desenvolvido para impulsionar a performance esportiva, a resist\u00eancia f\u00edsica e a recupera\u00e7\u00e3o muscular. Al\u00e9m da beta-alanina, da Palatinose\u2122 e dos eletr\u00f3litos, sua f\u00f3rmula tamb\u00e9m conta com outros poderosos ingredientes que favorecem a energia, sem interferir no sono. \u00a0\" \/>\n<meta property=\"og:url\" content=\"https:\/\/bioflexnutrition.com.br\/en\/product\/beta-action-melancia-com-limao-630g-essential\/\" \/>\n<meta property=\"og:site_name\" content=\"Bioflex Nutrition\" \/>\n<meta property=\"article:modified_time\" content=\"2026-03-31T19:00:43+00:00\" \/>\n<meta property=\"og:image\" content=\"https:\/\/bioflexnutrition.com.br\/wp-content\/uploads\/2025\/06\/15339114869-beta-action-melancia-lata.jpg\" \/>\n\t<meta property=\"og:image:width\" content=\"1308\" \/>\n\t<meta property=\"og:image:height\" content=\"1636\" \/>\n\t<meta property=\"og:image:type\" content=\"image\/jpeg\" \/>\n<meta name=\"twitter:card\" content=\"summary_large_image\" \/>\n<meta name=\"twitter:label1\" content=\"Est. reading time\" \/>\n\t<meta name=\"twitter:data1\" content=\"4 minutes\" \/>\n<script type=\"application\/ld+json\" class=\"yoast-schema-graph\">{\"@context\":\"https:\\\/\\\/schema.org\",\"@graph\":[{\"@type\":[\"WebPage\",\"ItemPage\"],\"@id\":\"https:\\\/\\\/bioflexnutrition.com.br\\\/produto\\\/beta-action-melancia-com-limao-630g-essential\\\/\",\"url\":\"https:\\\/\\\/bioflexnutrition.com.br\\\/produto\\\/beta-action-melancia-com-limao-630g-essential\\\/\",\"name\":\"BETA ACTION MELANCIA COM LIM\u00c3O 630G ESSENTIAL - Bioflex Nutrition\",\"isPartOf\":{\"@id\":\"https:\\\/\\\/bioflexnutrition.com.br\\\/#website\"},\"primaryImageOfPage\":{\"@id\":\"https:\\\/\\\/bioflexnutrition.com.br\\\/produto\\\/beta-action-melancia-com-limao-630g-essential\\\/#primaryimage\"},\"image\":{\"@id\":\"https:\\\/\\\/bioflexnutrition.com.br\\\/produto\\\/beta-action-melancia-com-limao-630g-essential\\\/#primaryimage\"},\"thumbnailUrl\":\"https:\\\/\\\/bioflexnutrition.com.br\\\/wp-content\\\/uploads\\\/2025\\\/06\\\/15339114869-beta-action-melancia-lata.jpg\",\"datePublished\":\"2025-06-05T21:47:40+00:00\",\"dateModified\":\"2026-03-31T19:00:43+00:00\",\"breadcrumb\":{\"@id\":\"https:\\\/\\\/bioflexnutrition.com.br\\\/produto\\\/beta-action-melancia-com-limao-630g-essential\\\/#breadcrumb\"},\"inLanguage\":\"en-US\",\"potentialAction\":[{\"@type\":\"ReadAction\",\"target\":[\"https:\\\/\\\/bioflexnutrition.com.br\\\/produto\\\/beta-action-melancia-com-limao-630g-essential\\\/\"]}]},{\"@type\":\"ImageObject\",\"inLanguage\":\"en-US\",\"@id\":\"https:\\\/\\\/bioflexnutrition.com.br\\\/produto\\\/beta-action-melancia-com-limao-630g-essential\\\/#primaryimage\",\"url\":\"https:\\\/\\\/bioflexnutrition.com.br\\\/wp-content\\\/uploads\\\/2025\\\/06\\\/15339114869-beta-action-melancia-lata.jpg\",\"contentUrl\":\"https:\\\/\\\/bioflexnutrition.com.br\\\/wp-content\\\/uploads\\\/2025\\\/06\\\/15339114869-beta-action-melancia-lata.jpg\",\"width\":1308,\"height\":1636},{\"@type\":\"BreadcrumbList\",\"@id\":\"https:\\\/\\\/bioflexnutrition.com.br\\\/produto\\\/beta-action-melancia-com-limao-630g-essential\\\/#breadcrumb\",\"itemListElement\":[{\"@type\":\"ListItem\",\"position\":1,\"name\":\"In\u00edcio\",\"item\":\"https:\\\/\\\/bioflexnutrition.com.br\\\/\"},{\"@type\":\"ListItem\",\"position\":2,\"name\":\"Loja\",\"item\":\"https:\\\/\\\/bioflexnutrition.com.br\\\/todos\\\/\"},{\"@type\":\"ListItem\",\"position\":3,\"name\":\"BETA ACTION MELANCIA COM LIM\u00c3O 630G ESSENTIAL\"}]},{\"@type\":\"WebSite\",\"@id\":\"https:\\\/\\\/bioflexnutrition.com.br\\\/#website\",\"url\":\"https:\\\/\\\/bioflexnutrition.com.br\\\/\",\"name\":\"Bioflex Nutrition\",\"description\":\"Sua loja online de Nutri\u00e7\u00e3o e Sa\u00fade\",\"publisher\":{\"@id\":\"https:\\\/\\\/bioflexnutrition.com.br\\\/#organization\"},\"potentialAction\":[{\"@type\":\"SearchAction\",\"target\":{\"@type\":\"EntryPoint\",\"urlTemplate\":\"https:\\\/\\\/bioflexnutrition.com.br\\\/?s={search_term_string}\"},\"query-input\":{\"@type\":\"PropertyValueSpecification\",\"valueRequired\":true,\"valueName\":\"search_term_string\"}}],\"inLanguage\":\"en-US\"},{\"@type\":\"Organization\",\"@id\":\"https:\\\/\\\/bioflexnutrition.com.br\\\/#organization\",\"name\":\"Bioflex Nutrition\",\"url\":\"https:\\\/\\\/bioflexnutrition.com.br\\\/\",\"logo\":{\"@type\":\"ImageObject\",\"inLanguage\":\"en-US\",\"@id\":\"https:\\\/\\\/bioflexnutrition.com.br\\\/#\\\/schema\\\/logo\\\/image\\\/\",\"url\":\"https:\\\/\\\/bioflexnutrition.com.br\\\/wp-content\\\/uploads\\\/2025\\\/04\\\/fav.webp\",\"contentUrl\":\"https:\\\/\\\/bioflexnutrition.com.br\\\/wp-content\\\/uploads\\\/2025\\\/04\\\/fav.webp\",\"width\":1150,\"height\":1000,\"caption\":\"Bioflex Nutrition\"},\"image\":{\"@id\":\"https:\\\/\\\/bioflexnutrition.com.br\\\/#\\\/schema\\\/logo\\\/image\\\/\"},\"sameAs\":[\"https:\\\/\\\/www.instagram.com\\\/bioflexnh\\\/\"]}]}<\/script>\n<!-- \/ Yoast SEO plugin. -->","yoast_head_json":{"title":"BETA ACTION MELANCIA COM LIM\u00c3O 630G ESSENTIAL - Bioflex Nutrition","robots":{"index":"index","follow":"follow","max-snippet":"max-snippet:-1","max-image-preview":"max-image-preview:large","max-video-preview":"max-video-preview:-1"},"canonical":"https:\/\/bioflexnutrition.com.br\/en\/product\/beta-action-melancia-com-limao-630g-essential\/","og_locale":"en_US","og_type":"article","og_title":"BETA ACTION MELANCIA COM LIM\u00c3O 630G ESSENTIAL - Bioflex Nutrition","og_description":"Beta Action \u00e9 um pr\u00e9-treino sem cafe\u00edna desenvolvido para impulsionar a performance esportiva, a resist\u00eancia f\u00edsica e a recupera\u00e7\u00e3o muscular. Al\u00e9m da beta-alanina, da Palatinose\u2122 e dos eletr\u00f3litos, sua f\u00f3rmula tamb\u00e9m conta com outros poderosos ingredientes que favorecem a energia, sem interferir no sono. \u00a0","og_url":"https:\/\/bioflexnutrition.com.br\/en\/product\/beta-action-melancia-com-limao-630g-essential\/","og_site_name":"Bioflex Nutrition","article_modified_time":"2026-03-31T19:00:43+00:00","og_image":[{"width":1308,"height":1636,"url":"https:\/\/bioflexnutrition.com.br\/wp-content\/uploads\/2025\/06\/15339114869-beta-action-melancia-lata.jpg","type":"image\/jpeg"}],"twitter_card":"summary_large_image","twitter_misc":{"Est. reading time":"4 minutes"},"schema":{"@context":"https:\/\/schema.org","@graph":[{"@type":["WebPage","ItemPage"],"@id":"https:\/\/bioflexnutrition.com.br\/produto\/beta-action-melancia-com-limao-630g-essential\/","url":"https:\/\/bioflexnutrition.com.br\/produto\/beta-action-melancia-com-limao-630g-essential\/","name":"BETA ACTION MELANCIA COM LIM\u00c3O 630G ESSENTIAL - Bioflex Nutrition","isPartOf":{"@id":"https:\/\/bioflexnutrition.com.br\/#website"},"primaryImageOfPage":{"@id":"https:\/\/bioflexnutrition.com.br\/produto\/beta-action-melancia-com-limao-630g-essential\/#primaryimage"},"image":{"@id":"https:\/\/bioflexnutrition.com.br\/produto\/beta-action-melancia-com-limao-630g-essential\/#primaryimage"},"thumbnailUrl":"https:\/\/bioflexnutrition.com.br\/wp-content\/uploads\/2025\/06\/15339114869-beta-action-melancia-lata.jpg","datePublished":"2025-06-05T21:47:40+00:00","dateModified":"2026-03-31T19:00:43+00:00","breadcrumb":{"@id":"https:\/\/bioflexnutrition.com.br\/produto\/beta-action-melancia-com-limao-630g-essential\/#breadcrumb"},"inLanguage":"en-US","potentialAction":[{"@type":"ReadAction","target":["https:\/\/bioflexnutrition.com.br\/produto\/beta-action-melancia-com-limao-630g-essential\/"]}]},{"@type":"ImageObject","inLanguage":"en-US","@id":"https:\/\/bioflexnutrition.com.br\/produto\/beta-action-melancia-com-limao-630g-essential\/#primaryimage","url":"https:\/\/bioflexnutrition.com.br\/wp-content\/uploads\/2025\/06\/15339114869-beta-action-melancia-lata.jpg","contentUrl":"https:\/\/bioflexnutrition.com.br\/wp-content\/uploads\/2025\/06\/15339114869-beta-action-melancia-lata.jpg","width":1308,"height":1636},{"@type":"BreadcrumbList","@id":"https:\/\/bioflexnutrition.com.br\/produto\/beta-action-melancia-com-limao-630g-essential\/#breadcrumb","itemListElement":[{"@type":"ListItem","position":1,"name":"In\u00edcio","item":"https:\/\/bioflexnutrition.com.br\/"},{"@type":"ListItem","position":2,"name":"Loja","item":"https:\/\/bioflexnutrition.com.br\/todos\/"},{"@type":"ListItem","position":3,"name":"BETA ACTION MELANCIA COM LIM\u00c3O 630G ESSENTIAL"}]},{"@type":"WebSite","@id":"https:\/\/bioflexnutrition.com.br\/#website","url":"https:\/\/bioflexnutrition.com.br\/","name":"Bioflex Nutrition","description":"Sua loja online de Nutri\u00e7\u00e3o e Sa\u00fade","publisher":{"@id":"https:\/\/bioflexnutrition.com.br\/#organization"},"potentialAction":[{"@type":"SearchAction","target":{"@type":"EntryPoint","urlTemplate":"https:\/\/bioflexnutrition.com.br\/?s={search_term_string}"},"query-input":{"@type":"PropertyValueSpecification","valueRequired":true,"valueName":"search_term_string"}}],"inLanguage":"en-US"},{"@type":"Organization","@id":"https:\/\/bioflexnutrition.com.br\/#organization","name":"Bioflex Nutrition","url":"https:\/\/bioflexnutrition.com.br\/","logo":{"@type":"ImageObject","inLanguage":"en-US","@id":"https:\/\/bioflexnutrition.com.br\/#\/schema\/logo\/image\/","url":"https:\/\/bioflexnutrition.com.br\/wp-content\/uploads\/2025\/04\/fav.webp","contentUrl":"https:\/\/bioflexnutrition.com.br\/wp-content\/uploads\/2025\/04\/fav.webp","width":1150,"height":1000,"caption":"Bioflex Nutrition"},"image":{"@id":"https:\/\/bioflexnutrition.com.br\/#\/schema\/logo\/image\/"},"sameAs":["https:\/\/www.instagram.com\/bioflexnh\/"]}]}},"_links":{"self":[{"href":"https:\/\/bioflexnutrition.com.br\/en\/wp-json\/wp\/v2\/product\/6414","targetHints":{"allow":["GET"]}}],"collection":[{"href":"https:\/\/bioflexnutrition.com.br\/en\/wp-json\/wp\/v2\/product"}],"about":[{"href":"https:\/\/bioflexnutrition.com.br\/en\/wp-json\/wp\/v2\/types\/product"}],"replies":[{"embeddable":true,"href":"https:\/\/bioflexnutrition.com.br\/en\/wp-json\/wp\/v2\/comments?post=6414"}],"wp:featuredmedia":[{"embeddable":true,"href":"https:\/\/bioflexnutrition.com.br\/en\/wp-json\/wp\/v2\/media\/6410"}],"wp:attachment":[{"href":"https:\/\/bioflexnutrition.com.br\/en\/wp-json\/wp\/v2\/media?parent=6414"}],"wp:term":[{"taxonomy":"product_cat","embeddable":true,"href":"https:\/\/bioflexnutrition.com.br\/en\/wp-json\/wp\/v2\/product_cat?post=6414"},{"taxonomy":"product_tag","embeddable":true,"href":"https:\/\/bioflexnutrition.com.br\/en\/wp-json\/wp\/v2\/product_tag?post=6414"}],"curies":[{"name":"wp","href":"https:\/\/api.w.org\/{rel}","templated":true}]}}