{"id":6459,"date":"2025-06-05T19:43:22","date_gmt":"2025-06-05T22:43:22","guid":{"rendered":"https:\/\/bioflexnutrition.com.br\/produto\/cappuccino-whey-lata-420g-14ds-essential\/"},"modified":"2026-03-31T16:33:58","modified_gmt":"2026-03-31T19:33:58","slug":"cappuccino-whey-lata-420g-14ds-essential","status":"publish","type":"product","link":"https:\/\/bioflexnutrition.com.br\/en\/product\/cappuccino-whey-lata-420g-14ds-essential\/","title":{"rendered":"Cappuccino Whey Lata 420g\/14DS Essential"},"content":{"rendered":"<h2>Cappuccino\u00a0Whey<\/h2>\n<p>Um toque especial de canela e cacau ressalta a cremosidade e do\u00e7ura do <strong>Cappuccino\u00a0Whey<\/strong>. Uma combina\u00e7\u00e3o de Whey Protein Hidrolisado e Isolado com caf\u00e9, cacau e canela, al\u00e9m de col\u00e1geno hidrolisado em pept\u00eddeos, ideal para inspirar suas atividades e seus sentidos.<\/p>\n<ul>\n<li><strong>22g<\/strong> de prote\u00edna<\/li>\n<li><strong>4,3g<\/strong> de BCAA<\/li>\n<li><strong>75mg<\/strong> de cafe\u00edna natural<\/li>\n<li>Ado\u00e7ado com est\u00e9via<\/li>\n<\/ul>\n<h3>Cont\u00e9m:<\/h3>\n<ul>\n<li>Whey Protein Hidrolisado e Isolado (Thermax\u202f690\u00ae e Provon\u202f292\u00ae)<\/li>\n<li>Pept\u00eddeos de col\u00e1geno (Peptan\u00ae)<\/li>\n<li>BCAA naturalmente em sua composi\u00e7\u00e3o<\/li>\n<li>Puro caf\u00e9 (Coffea robusta)<\/li>\n<li>Cacau\u00a0100% puro<\/li>\n<li>Extrato natural de canela<\/li>\n<li>Ado\u00e7ado com est\u00e9via<\/li>\n<\/ul>\n<h3>N\u00e3o cont\u00e9m:<\/h3>\n<ul>\n<li>Whey Protein concentrado<\/li>\n<li>Case\u00edna<\/li>\n<li>Ado\u00e7antes artificiais<\/li>\n<li>Corantes artificiais<\/li>\n<li>A\u00e7\u00facar<\/li>\n<li>Gl\u00faten<\/li>\n<li>Lactose<\/li>\n<li>Conservantes<\/li>\n<li>Aromas artificiais<\/li>\n<\/ul>\n<h3>Bons motivos para acordar mais cedo<\/h3>\n<p>Combine a nutri\u00e7\u00e3o do corpo e da mente logo ao acordar com Cappuccino\u00a0Whey.<\/p>\n<h3>Exercite tamb\u00e9m os seus sentidos<\/h3>\n<p>No Cappuccino\u00a0Whey, o caf\u00e9 \u00e9 brasileiro e o cacau \u00e9 belga, garantindo qualidade e sabor excepcionais.<\/p>\n<h3>Quem vai Cappuccino\u00a0Whey<\/h3>\n<ul>\n<li><strong>Esportistas e atletas:<\/strong> disposi\u00e7\u00e3o antes ou depois do treino.<\/li>\n<li><strong>Quem est\u00e1 focado j\u00e1 no caf\u00e9 da manh\u00e3:<\/strong> rico em prote\u00edna para manter o foco.<\/li>\n<li><strong>Executivos:<\/strong> op\u00e7\u00e3o proteica para rotina agitada.<\/li>\n<li><strong>Amantes de Cappuccino:<\/strong> sabor intenso de caf\u00e9, cacau e notas de canela.<\/li>\n<\/ul>\n<h3>Informa\u00e7\u00e3o Nutricional<\/h3>\n<p><strong>Por\u00e7\u00f5es por embalagem:<\/strong> 14 (420g)<br \/><strong>Por\u00e7\u00e3o:<\/strong> 30g (1 colher\u2011medida)<\/p>\n<table border=\"1\" cellpadding=\"6\" cellspacing=\"0\">\n<thead>\n<tr>\n<th>Componente<\/th>\n<th>30g<\/th>\n<th>%VD*<\/th>\n<\/tr>\n<\/thead>\n<tbody>\n<tr>\n<td>Valor energ\u00e9tico (kcal)<\/td>\n<td>104<\/td>\n<td>5%<\/td>\n<\/tr>\n<tr>\n<td>Carboidratos (g)<\/td>\n<td>2,9<\/td>\n<td>1%<\/td>\n<\/tr>\n<tr>\n<td>A\u00e7\u00facares totais (g)<\/td>\n<td>0<\/td>\n<td>\u2013<\/td>\n<\/tr>\n<tr>\n<td>A\u00e7\u00facares adicionados (g)<\/td>\n<td>0<\/td>\n<td>0%<\/td>\n<\/tr>\n<tr>\n<td>Poli\u00f3is totais (g)<\/td>\n<td>0<\/td>\n<td>\u2013<\/td>\n<\/tr>\n<tr>\n<td>Prote\u00ednas (g)<\/td>\n<td>22<\/td>\n<td>44%<\/td>\n<\/tr>\n<tr>\n<td>Gorduras totais (g)<\/td>\n<td>0,5<\/td>\n<td>1%<\/td>\n<\/tr>\n<tr>\n<td>Gorduras saturadas (g)<\/td>\n<td>0,2<\/td>\n<td>1%<\/td>\n<\/tr>\n<tr>\n<td>Gorduras trans (g)<\/td>\n<td>0<\/td>\n<td>0%<\/td>\n<\/tr>\n<tr>\n<td>Fibras alimentares (g)<\/td>\n<td>0,7<\/td>\n<td>3%<\/td>\n<\/tr>\n<tr>\n<td>S\u00f3dio (mg)<\/td>\n<td>93<\/td>\n<td>5%<\/td>\n<\/tr>\n<tr>\n<td>C\u00e1lcio (mg)<\/td>\n<td>88<\/td>\n<td>9%<\/td>\n<\/tr>\n<tr>\n<td>Ferro (mg)<\/td>\n<td>0,7<\/td>\n<td>5%<\/td>\n<\/tr>\n<tr>\n<td>F\u00f3sforo (mg)<\/td>\n<td>58<\/td>\n<td>8%<\/td>\n<\/tr>\n<tr>\n<td>Magn\u00e9sio (mg)<\/td>\n<td>22<\/td>\n<td>5%<\/td>\n<\/tr>\n<\/tbody>\n<\/table>\n<p><em>*Percentual de valores di\u00e1rios fornecidos pela por\u00e7\u00e3o.<\/em><\/p>\n<h3>Ingredientes<\/h3>\n<p>Prote\u00ednas hidrolisada e isolada do soro de leite (Thermax\u00ae\u202f690 e Provon\u00ae\u202f292), col\u00e1geno hidrolisado em pept\u00eddeos (Peptan\u00ae), caf\u00e9 em p\u00f3 (Coffea robusta), cacau em p\u00f3, goma ac\u00e1cia, canela em p\u00f3, goma guar, aromas natural e id\u00eantico ao natural, extrato de canela, edulcorante glicos\u00eddeos de esteviol (est\u00e9via), espessante goma xantana.<\/p>\n<p><strong>N\u00c3O CONT\u00c9M GL\u00daTEN.<\/strong><br \/><strong>AL\u00c9RGICOS:<\/strong> cont\u00e9m derivados de leite e soja (\u2248\u202f0,1\u202fg de lecitina de soja por por\u00e7\u00e3o).<\/p>\n<h3>Modo de Preparo<\/h3>\n<ul>\n<li>Adicione 30g (1 colher\u2011medida) em 200ml de \u00e1gua.<\/li>\n<li>Misture at\u00e9 completa homogeneiza\u00e7\u00e3o.<\/li>\n<li>Beba imediatamente ap\u00f3s o preparo.<\/li>\n<li>Recomenda-se o uso 1\u00d7 ao dia ou conforme orienta\u00e7\u00e3o profissional.<\/li>\n<\/ul>\n<h3>Advert\u00eancias<\/h3>\n<ul>\n<li>Manter em local fresco, seco e ao abrigo da luz solar.<\/li>\n<li>Ap\u00f3s aberto, consumir em at\u00e9 30 dias.<\/li>\n<li>Recomendado para adultos (\u2265\u202f19\u202fanos).<\/li>\n<li>\u201cEste produto n\u00e3o \u00e9 um medicamento.\u201d<\/li>\n<li>\u201cN\u00e3o exceder a recomenda\u00e7\u00e3o di\u00e1ria indicada na embalagem.\u201d<\/li>\n<li>\u201cMantenha fora do alcance de crian\u00e7as.\u201d<\/li>\n<\/ul>","protected":false},"excerpt":{"rendered":"<p>Whey protein hidrolisado e isolado, com col\u00e1geno hidrolisado em pept\u00eddeos, caf\u00e9 (com 75mg de cafe\u00edna), cacau e extrato natural de canela.<\/p>\n<p>\u00a0<\/p>","protected":false},"featured_media":6457,"comment_status":"open","ping_status":"closed","template":"","meta":{"_joinchat":[]},"product_cat":[248,160,199,157,164,169,170,198,272,266],"product_tag":[],"class_list":{"0":"post-6459","1":"product","2":"type-product","3":"status-publish","4":"has-post-thumbnail","6":"product_cat-categorias-e","7":"product_cat-essential","8":"product_cat-frete-gratis","9":"product_cat-marcas","10":"product_cat-objetivos-especificos","11":"product_cat-para-emagrecimento","12":"product_cat-para-ganho-de-massa","13":"product_cat-promocoes","14":"product_cat-proteina-isolada-hidrolisada-whey","15":"product_cat-proteinas-categorias-ecommerce","17":"first","18":"instock","19":"shipping-taxable","20":"purchasable","21":"product-type-simple","22":"col-xs-6 col-sm-4","23":"col-md-3 col-lg-3","24":"un-4-cols"},"yoast_head":"<!-- This site is optimized with the Yoast SEO plugin v27.3 - https:\/\/yoast.com\/product\/yoast-seo-wordpress\/ -->\n<title>Cappuccino Whey Lata 420g\/14DS Essential - Bioflex Nutrition<\/title>\n<meta name=\"robots\" content=\"index, follow, max-snippet:-1, max-image-preview:large, max-video-preview:-1\" \/>\n<link rel=\"canonical\" href=\"https:\/\/bioflexnutrition.com.br\/en\/product\/cappuccino-whey-lata-420g-14ds-essential\/\" \/>\n<meta property=\"og:locale\" content=\"en_US\" \/>\n<meta property=\"og:type\" content=\"article\" \/>\n<meta property=\"og:title\" content=\"Cappuccino Whey Lata 420g\/14DS Essential - Bioflex Nutrition\" \/>\n<meta property=\"og:description\" content=\"Whey protein hidrolisado e isolado, com col\u00e1geno hidrolisado em pept\u00eddeos, caf\u00e9 (com 75mg de cafe\u00edna), cacau e extrato natural de canela. \u00a0\" \/>\n<meta property=\"og:url\" content=\"https:\/\/bioflexnutrition.com.br\/en\/product\/cappuccino-whey-lata-420g-14ds-essential\/\" \/>\n<meta property=\"og:site_name\" content=\"Bioflex Nutrition\" \/>\n<meta property=\"article:modified_time\" content=\"2026-03-31T19:33:58+00:00\" \/>\n<meta property=\"og:image\" content=\"https:\/\/bioflexnutrition.com.br\/wp-content\/uploads\/2025\/06\/15343437407-15339134833-cappuccino-whey-lata-media.jpg\" \/>\n\t<meta property=\"og:image:width\" content=\"1950\" \/>\n\t<meta property=\"og:image:height\" content=\"1950\" \/>\n\t<meta property=\"og:image:type\" content=\"image\/jpeg\" \/>\n<meta name=\"twitter:card\" content=\"summary_large_image\" \/>\n<meta name=\"twitter:label1\" content=\"Est. reading time\" \/>\n\t<meta name=\"twitter:data1\" content=\"3 minutes\" \/>\n<script type=\"application\/ld+json\" class=\"yoast-schema-graph\">{\"@context\":\"https:\\\/\\\/schema.org\",\"@graph\":[{\"@type\":[\"WebPage\",\"ItemPage\"],\"@id\":\"https:\\\/\\\/bioflexnutrition.com.br\\\/produto\\\/cappuccino-whey-lata-420g-14ds-essential\\\/\",\"url\":\"https:\\\/\\\/bioflexnutrition.com.br\\\/produto\\\/cappuccino-whey-lata-420g-14ds-essential\\\/\",\"name\":\"Cappuccino Whey Lata 420g\\\/14DS Essential - Bioflex Nutrition\",\"isPartOf\":{\"@id\":\"https:\\\/\\\/bioflexnutrition.com.br\\\/#website\"},\"primaryImageOfPage\":{\"@id\":\"https:\\\/\\\/bioflexnutrition.com.br\\\/produto\\\/cappuccino-whey-lata-420g-14ds-essential\\\/#primaryimage\"},\"image\":{\"@id\":\"https:\\\/\\\/bioflexnutrition.com.br\\\/produto\\\/cappuccino-whey-lata-420g-14ds-essential\\\/#primaryimage\"},\"thumbnailUrl\":\"https:\\\/\\\/bioflexnutrition.com.br\\\/wp-content\\\/uploads\\\/2025\\\/06\\\/15343437407-15339134833-cappuccino-whey-lata-media.jpg\",\"datePublished\":\"2025-06-05T22:43:22+00:00\",\"dateModified\":\"2026-03-31T19:33:58+00:00\",\"breadcrumb\":{\"@id\":\"https:\\\/\\\/bioflexnutrition.com.br\\\/produto\\\/cappuccino-whey-lata-420g-14ds-essential\\\/#breadcrumb\"},\"inLanguage\":\"en-US\",\"potentialAction\":[{\"@type\":\"ReadAction\",\"target\":[\"https:\\\/\\\/bioflexnutrition.com.br\\\/produto\\\/cappuccino-whey-lata-420g-14ds-essential\\\/\"]}]},{\"@type\":\"ImageObject\",\"inLanguage\":\"en-US\",\"@id\":\"https:\\\/\\\/bioflexnutrition.com.br\\\/produto\\\/cappuccino-whey-lata-420g-14ds-essential\\\/#primaryimage\",\"url\":\"https:\\\/\\\/bioflexnutrition.com.br\\\/wp-content\\\/uploads\\\/2025\\\/06\\\/15343437407-15339134833-cappuccino-whey-lata-media.jpg\",\"contentUrl\":\"https:\\\/\\\/bioflexnutrition.com.br\\\/wp-content\\\/uploads\\\/2025\\\/06\\\/15343437407-15339134833-cappuccino-whey-lata-media.jpg\",\"width\":1950,\"height\":1950},{\"@type\":\"BreadcrumbList\",\"@id\":\"https:\\\/\\\/bioflexnutrition.com.br\\\/produto\\\/cappuccino-whey-lata-420g-14ds-essential\\\/#breadcrumb\",\"itemListElement\":[{\"@type\":\"ListItem\",\"position\":1,\"name\":\"In\u00edcio\",\"item\":\"https:\\\/\\\/bioflexnutrition.com.br\\\/\"},{\"@type\":\"ListItem\",\"position\":2,\"name\":\"Loja\",\"item\":\"https:\\\/\\\/bioflexnutrition.com.br\\\/todos\\\/\"},{\"@type\":\"ListItem\",\"position\":3,\"name\":\"Cappuccino Whey Lata 420g\\\/14DS Essential\"}]},{\"@type\":\"WebSite\",\"@id\":\"https:\\\/\\\/bioflexnutrition.com.br\\\/#website\",\"url\":\"https:\\\/\\\/bioflexnutrition.com.br\\\/\",\"name\":\"Bioflex Nutrition\",\"description\":\"Sua loja online de Nutri\u00e7\u00e3o e Sa\u00fade\",\"publisher\":{\"@id\":\"https:\\\/\\\/bioflexnutrition.com.br\\\/#organization\"},\"potentialAction\":[{\"@type\":\"SearchAction\",\"target\":{\"@type\":\"EntryPoint\",\"urlTemplate\":\"https:\\\/\\\/bioflexnutrition.com.br\\\/?s={search_term_string}\"},\"query-input\":{\"@type\":\"PropertyValueSpecification\",\"valueRequired\":true,\"valueName\":\"search_term_string\"}}],\"inLanguage\":\"en-US\"},{\"@type\":\"Organization\",\"@id\":\"https:\\\/\\\/bioflexnutrition.com.br\\\/#organization\",\"name\":\"Bioflex Nutrition\",\"url\":\"https:\\\/\\\/bioflexnutrition.com.br\\\/\",\"logo\":{\"@type\":\"ImageObject\",\"inLanguage\":\"en-US\",\"@id\":\"https:\\\/\\\/bioflexnutrition.com.br\\\/#\\\/schema\\\/logo\\\/image\\\/\",\"url\":\"https:\\\/\\\/bioflexnutrition.com.br\\\/wp-content\\\/uploads\\\/2025\\\/04\\\/fav.webp\",\"contentUrl\":\"https:\\\/\\\/bioflexnutrition.com.br\\\/wp-content\\\/uploads\\\/2025\\\/04\\\/fav.webp\",\"width\":1150,\"height\":1000,\"caption\":\"Bioflex Nutrition\"},\"image\":{\"@id\":\"https:\\\/\\\/bioflexnutrition.com.br\\\/#\\\/schema\\\/logo\\\/image\\\/\"},\"sameAs\":[\"https:\\\/\\\/www.instagram.com\\\/bioflexnh\\\/\"]}]}<\/script>\n<!-- \/ Yoast SEO plugin. -->","yoast_head_json":{"title":"Cappuccino Whey Lata 420g\/14DS Essential - Bioflex Nutrition","robots":{"index":"index","follow":"follow","max-snippet":"max-snippet:-1","max-image-preview":"max-image-preview:large","max-video-preview":"max-video-preview:-1"},"canonical":"https:\/\/bioflexnutrition.com.br\/en\/product\/cappuccino-whey-lata-420g-14ds-essential\/","og_locale":"en_US","og_type":"article","og_title":"Cappuccino Whey Lata 420g\/14DS Essential - Bioflex Nutrition","og_description":"Whey protein hidrolisado e isolado, com col\u00e1geno hidrolisado em pept\u00eddeos, caf\u00e9 (com 75mg de cafe\u00edna), cacau e extrato natural de canela. \u00a0","og_url":"https:\/\/bioflexnutrition.com.br\/en\/product\/cappuccino-whey-lata-420g-14ds-essential\/","og_site_name":"Bioflex Nutrition","article_modified_time":"2026-03-31T19:33:58+00:00","og_image":[{"width":1950,"height":1950,"url":"https:\/\/bioflexnutrition.com.br\/wp-content\/uploads\/2025\/06\/15343437407-15339134833-cappuccino-whey-lata-media.jpg","type":"image\/jpeg"}],"twitter_card":"summary_large_image","twitter_misc":{"Est. reading time":"3 minutes"},"schema":{"@context":"https:\/\/schema.org","@graph":[{"@type":["WebPage","ItemPage"],"@id":"https:\/\/bioflexnutrition.com.br\/produto\/cappuccino-whey-lata-420g-14ds-essential\/","url":"https:\/\/bioflexnutrition.com.br\/produto\/cappuccino-whey-lata-420g-14ds-essential\/","name":"Cappuccino Whey Lata 420g\/14DS Essential - Bioflex Nutrition","isPartOf":{"@id":"https:\/\/bioflexnutrition.com.br\/#website"},"primaryImageOfPage":{"@id":"https:\/\/bioflexnutrition.com.br\/produto\/cappuccino-whey-lata-420g-14ds-essential\/#primaryimage"},"image":{"@id":"https:\/\/bioflexnutrition.com.br\/produto\/cappuccino-whey-lata-420g-14ds-essential\/#primaryimage"},"thumbnailUrl":"https:\/\/bioflexnutrition.com.br\/wp-content\/uploads\/2025\/06\/15343437407-15339134833-cappuccino-whey-lata-media.jpg","datePublished":"2025-06-05T22:43:22+00:00","dateModified":"2026-03-31T19:33:58+00:00","breadcrumb":{"@id":"https:\/\/bioflexnutrition.com.br\/produto\/cappuccino-whey-lata-420g-14ds-essential\/#breadcrumb"},"inLanguage":"en-US","potentialAction":[{"@type":"ReadAction","target":["https:\/\/bioflexnutrition.com.br\/produto\/cappuccino-whey-lata-420g-14ds-essential\/"]}]},{"@type":"ImageObject","inLanguage":"en-US","@id":"https:\/\/bioflexnutrition.com.br\/produto\/cappuccino-whey-lata-420g-14ds-essential\/#primaryimage","url":"https:\/\/bioflexnutrition.com.br\/wp-content\/uploads\/2025\/06\/15343437407-15339134833-cappuccino-whey-lata-media.jpg","contentUrl":"https:\/\/bioflexnutrition.com.br\/wp-content\/uploads\/2025\/06\/15343437407-15339134833-cappuccino-whey-lata-media.jpg","width":1950,"height":1950},{"@type":"BreadcrumbList","@id":"https:\/\/bioflexnutrition.com.br\/produto\/cappuccino-whey-lata-420g-14ds-essential\/#breadcrumb","itemListElement":[{"@type":"ListItem","position":1,"name":"In\u00edcio","item":"https:\/\/bioflexnutrition.com.br\/"},{"@type":"ListItem","position":2,"name":"Loja","item":"https:\/\/bioflexnutrition.com.br\/todos\/"},{"@type":"ListItem","position":3,"name":"Cappuccino Whey Lata 420g\/14DS Essential"}]},{"@type":"WebSite","@id":"https:\/\/bioflexnutrition.com.br\/#website","url":"https:\/\/bioflexnutrition.com.br\/","name":"Bioflex Nutrition","description":"Sua loja online de Nutri\u00e7\u00e3o e Sa\u00fade","publisher":{"@id":"https:\/\/bioflexnutrition.com.br\/#organization"},"potentialAction":[{"@type":"SearchAction","target":{"@type":"EntryPoint","urlTemplate":"https:\/\/bioflexnutrition.com.br\/?s={search_term_string}"},"query-input":{"@type":"PropertyValueSpecification","valueRequired":true,"valueName":"search_term_string"}}],"inLanguage":"en-US"},{"@type":"Organization","@id":"https:\/\/bioflexnutrition.com.br\/#organization","name":"Bioflex Nutrition","url":"https:\/\/bioflexnutrition.com.br\/","logo":{"@type":"ImageObject","inLanguage":"en-US","@id":"https:\/\/bioflexnutrition.com.br\/#\/schema\/logo\/image\/","url":"https:\/\/bioflexnutrition.com.br\/wp-content\/uploads\/2025\/04\/fav.webp","contentUrl":"https:\/\/bioflexnutrition.com.br\/wp-content\/uploads\/2025\/04\/fav.webp","width":1150,"height":1000,"caption":"Bioflex Nutrition"},"image":{"@id":"https:\/\/bioflexnutrition.com.br\/#\/schema\/logo\/image\/"},"sameAs":["https:\/\/www.instagram.com\/bioflexnh\/"]}]}},"_links":{"self":[{"href":"https:\/\/bioflexnutrition.com.br\/en\/wp-json\/wp\/v2\/product\/6459","targetHints":{"allow":["GET"]}}],"collection":[{"href":"https:\/\/bioflexnutrition.com.br\/en\/wp-json\/wp\/v2\/product"}],"about":[{"href":"https:\/\/bioflexnutrition.com.br\/en\/wp-json\/wp\/v2\/types\/product"}],"replies":[{"embeddable":true,"href":"https:\/\/bioflexnutrition.com.br\/en\/wp-json\/wp\/v2\/comments?post=6459"}],"wp:featuredmedia":[{"embeddable":true,"href":"https:\/\/bioflexnutrition.com.br\/en\/wp-json\/wp\/v2\/media\/6457"}],"wp:attachment":[{"href":"https:\/\/bioflexnutrition.com.br\/en\/wp-json\/wp\/v2\/media?parent=6459"}],"wp:term":[{"taxonomy":"product_cat","embeddable":true,"href":"https:\/\/bioflexnutrition.com.br\/en\/wp-json\/wp\/v2\/product_cat?post=6459"},{"taxonomy":"product_tag","embeddable":true,"href":"https:\/\/bioflexnutrition.com.br\/en\/wp-json\/wp\/v2\/product_tag?post=6459"}],"curies":[{"name":"wp","href":"https:\/\/api.w.org\/{rel}","templated":true}]}}