{"id":6467,"date":"2025-06-05T19:44:16","date_gmt":"2025-06-05T22:44:16","guid":{"rendered":"https:\/\/bioflexnutrition.com.br\/produto\/collagen-bones-lata-483g-30ds-essential\/"},"modified":"2026-03-31T16:34:05","modified_gmt":"2026-03-31T19:34:05","slug":"collagen-bones-lata-483g-30ds-essential","status":"publish","type":"product","link":"https:\/\/bioflexnutrition.com.br\/en\/product\/collagen-bones-lata-483g-30ds-essential\/","title":{"rendered":"Collagen Bones Lata 483g\/30Ds Essential"},"content":{"rendered":"<h2>Collagen\u00a0Bones<\/h2>\n<p><strong>Ossos mais fortes, vida mais ativa.<\/strong> Collagen\u00a0Bones \u00e9 uma f\u00f3rmula \u00fanica, pensada para quem busca suporte avan\u00e7ado \u00e0 nutri\u00e7\u00e3o \u00f3ssea, combinando c\u00e1lcio marinho, col\u00e1geno e nutrientes essenciais.<\/p>\n<h3>Destaques<\/h3>\n<ul>\n<li>C\u00e1lcio marinho de Lithothamnion calcareum<\/li>\n<li>Col\u00e1geno hidrolisado em pept\u00eddeos<\/li>\n<li>Magn\u00e9sio quelado<\/li>\n<li>Vitaminas D3 e K2<\/li>\n<li>Cofatores: boro, zinco e \u00e1cido ortosil\u00edcico<\/li>\n<\/ul>\n<h3>Cont\u00e9m<\/h3>\n<ul>\n<li>Alto teor de c\u00e1lcio marinho (Lithothamnion calcareum)<\/li>\n<li>Col\u00e1geno hidrolisado em pept\u00eddeos<\/li>\n<li>Magn\u00e9sio quelado<\/li>\n<li>Vitaminas D3 e K2<\/li>\n<li>Boro, zinco e \u00e1cido ortosil\u00edcico<\/li>\n<li>Ado\u00e7ante natural \u2013 est\u00e9via<\/li>\n<\/ul>\n<h3>N\u00e3o cont\u00e9m<\/h3>\n<ul>\n<li>Lactose<\/li>\n<li>Gl\u00faten<\/li>\n<li>Case\u00edna<\/li>\n<li>A\u00e7\u00facar<\/li>\n<li>Ado\u00e7antes, corantes e conservantes artificiais<\/li>\n<li>Aromas artificiais<\/li>\n<\/ul>\n<h3>Benef\u00edcios<\/h3>\n<ul>\n<li>Forma\u00e7\u00e3o e manuten\u00e7\u00e3o de ossos<\/li>\n<li>Absor\u00e7\u00e3o eficiente de c\u00e1lcio<\/li>\n<li>Suporte aos tecidos conectivos<\/li>\n<li>S\u00edntese de col\u00e1geno<\/li>\n<\/ul>\n<h3>Sabor<\/h3>\n<p>Sutileza de baunilha, inspirada no cl\u00e1ssico creme ingl\u00eas, ado\u00e7ado com est\u00e9via para sabor suave e agrad\u00e1vel diariamente.<\/p>\n<h3>Informa\u00e7\u00e3o Nutricional<\/h3>\n<p><strong>Por\u00e7\u00f5es por embalagem:<\/strong> 30<br \/><strong>Por\u00e7\u00e3o:<\/strong> 16,1\u202fg (1 colher\u2011medida)<\/p>\n<table border=\"1\" cellpadding=\"6\" cellspacing=\"0\">\n<thead>\n<tr>\n<th>Componente<\/th>\n<th>16,1\u202fg<\/th>\n<th>%VD*<\/th>\n<\/tr>\n<\/thead>\n<tbody>\n<tr>\n<td>Valor energ\u00e9tico (kcal)<\/td>\n<td>48<\/td>\n<td>2%<\/td>\n<\/tr>\n<tr>\n<td>Carboidratos (g)<\/td>\n<td>1,4<\/td>\n<td>0%<\/td>\n<\/tr>\n<tr>\n<td>A\u00e7\u00facares totais (g)<\/td>\n<td>0<\/td>\n<td>\u2014<\/td>\n<\/tr>\n<tr>\n<td>A\u00e7\u00facares adicionados (g)<\/td>\n<td>0<\/td>\n<td>0%<\/td>\n<\/tr>\n<tr>\n<td>Lactose (g)<\/td>\n<td>0<\/td>\n<td>\u2014<\/td>\n<\/tr>\n<tr>\n<td>Poli\u00f3is (g)<\/td>\n<td>0<\/td>\n<td>\u2014<\/td>\n<\/tr>\n<tr>\n<td>Prote\u00ednas (g)<\/td>\n<td>8,5<\/td>\n<td>17%<\/td>\n<\/tr>\n<tr>\n<td>Gorduras totais (g)<\/td>\n<td>0,6<\/td>\n<td>1%<\/td>\n<\/tr>\n<tr>\n<td>Gorduras saturadas (g)<\/td>\n<td>0,6<\/td>\n<td>3%<\/td>\n<\/tr>\n<tr>\n<td>Fibras alimentares (g)<\/td>\n<td>1,7<\/td>\n<td>7%<\/td>\n<\/tr>\n<tr>\n<td>S\u00f3dio (mg)<\/td>\n<td>63<\/td>\n<td>3%<\/td>\n<\/tr>\n<tr>\n<td>Vitamina D (\u00b5g)<\/td>\n<td>50<\/td>\n<td>333%<\/td>\n<\/tr>\n<tr>\n<td>Vitamina K (\u00b5g)<\/td>\n<td>149<\/td>\n<td>124%<\/td>\n<\/tr>\n<tr>\n<td>Vitamina C (mg)<\/td>\n<td>300<\/td>\n<td>300%<\/td>\n<\/tr>\n<tr>\n<td>Vitamina B1 (mg)<\/td>\n<td>1,2<\/td>\n<td>100%<\/td>\n<\/tr>\n<tr>\n<td>Vitamina B3 (mg)<\/td>\n<td>16<\/td>\n<td>107%<\/td>\n<\/tr>\n<tr>\n<td>Vitamina B5 (mg)<\/td>\n<td>5<\/td>\n<td>100%<\/td>\n<\/tr>\n<tr>\n<td>Vitamina B6 (mg)<\/td>\n<td>1,3<\/td>\n<td>100%<\/td>\n<\/tr>\n<tr>\n<td>Vitamina B7 (\u00b5g)<\/td>\n<td>45<\/td>\n<td>150%<\/td>\n<\/tr>\n<tr>\n<td>Vitamina B9 (\u00b5g)<\/td>\n<td>120<\/td>\n<td>50%<\/td>\n<\/tr>\n<tr>\n<td>C\u00e1lcio (mg)<\/td>\n<td>400<\/td>\n<td>40%<\/td>\n<\/tr>\n<tr>\n<td>Magn\u00e9sio (mg)<\/td>\n<td>238<\/td>\n<td>57%<\/td>\n<\/tr>\n<tr>\n<td>Mangan\u00eas (mg)<\/td>\n<td>1,6<\/td>\n<td>53%<\/td>\n<\/tr>\n<tr>\n<td>Zinco (mg)<\/td>\n<td>4,5<\/td>\n<td>41%<\/td>\n<\/tr>\n<tr>\n<td>Boro (mg)<\/td>\n<td>2<\/td>\n<td>\u2014<\/td>\n<\/tr>\n<tr>\n<td>\u00c1cido ortosil\u00edcico** (mg)<\/td>\n<td>100<\/td>\n<td>\u2014<\/td>\n<\/tr>\n<\/tbody>\n<\/table>\n<p><em>*Percentual de valores di\u00e1rios para adultos.<br \/>**100\u202fmg de \u00e1cido ortosil\u00edcico estabilizado em cloreto de colina equivalem a 0,5\u202fmg de sil\u00edcio.<\/em><\/p>\n<h3>Ingredientes<\/h3>\n<p>Col\u00e1geno hidrolisado em pept\u00eddeos; goma ac\u00e1cia; c\u00e1lcio marinho (Lithothamnion calcareum); leite de coco desidratado; bisglicinato de magn\u00e9sio; ascorbato de s\u00f3dio; \u00e1cido ortosil\u00edcico estabilizado em cloreto de colina; bisglicinato de zinco; tetraborato de s\u00f3dio decahidratado; nicotinamida; menaquinona\u20117; bisglicinato de mangan\u00eas; D\u2011pantotenato de c\u00e1lcio; cloridrato de tiamina; fosfato de piridoxal; L\u2011metilfolato de c\u00e1lcio; \u00e1cido f\u00f3lico; colecalciferol; D\u2011biotina; aromas natural e id\u00eantico ao natural de creme de baunilha; antiumectante di\u00f3xido de sil\u00edcio; edulcorante glicos\u00eddeos de esteviol (est\u00e9via).<\/p>\n<p><strong>N\u00c3O CONT\u00c9M GL\u00daTEN.<\/strong><br \/><strong>AL\u00c9RGICOS:<\/strong> pode conter derivados de leite.*<\/p>\n<p><em>*Tra\u00e7os podem ocorrer de forma n\u00e3o intencional.<\/em><\/p>\n<h3>Modo de Preparo<\/h3>\n<ul>\n<li>Adicione 16,1\u202fg (1 colher\u2011medida) em aproximadamente 200\u202fml de \u00e1gua e misture at\u00e9 homogeneizar.<\/li>\n<li>Beba imediatamente ap\u00f3s o preparo.<\/li>\n<li>Conservar em local fresco, seco e ao abrigo da luz solar.<\/li>\n<li>Consumir em at\u00e9 60 dias ap\u00f3s aberto.<\/li>\n<li>Recomendado para adultos (\u2265\u202f19\u202fanos). N\u00e3o indicado para gestantes, lactantes e crian\u00e7as.<\/li>\n<li>\u201cEste produto n\u00e3o \u00e9 um medicamento.\u201d<\/li>\n<li>\u201cN\u00e3o exceder a recomenda\u00e7\u00e3o di\u00e1ria indicada na embalagem.\u201d<\/li>\n<li>\u201cManter fora do alcance de crian\u00e7as.\u201d<\/li>\n<\/ul>","protected":false},"excerpt":{"rendered":"<p>Suporte avan\u00e7ado para forma\u00e7\u00e3o e manuten\u00e7\u00e3o dos ossos, com c\u00e1lcio marinho, col\u00e1geno e MDK \u2014 magn\u00e9sio quelado e vitaminas D3 e K2.<\/p>","protected":false},"featured_media":6463,"comment_status":"open","ping_status":"closed","template":"","meta":{"_joinchat":[]},"product_cat":[248,268,160,199,157,164,169,170,198,266],"product_tag":[],"class_list":{"0":"post-6467","1":"product","2":"type-product","3":"status-publish","4":"has-post-thumbnail","6":"product_cat-categorias-e","7":"product_cat-colageno-proteinas-categorias-ecommerce","8":"product_cat-essential","9":"product_cat-frete-gratis","10":"product_cat-marcas","11":"product_cat-objetivos-especificos","12":"product_cat-para-emagrecimento","13":"product_cat-para-ganho-de-massa","14":"product_cat-promocoes","15":"product_cat-proteinas-categorias-ecommerce","17":"first","18":"instock","19":"shipping-taxable","20":"purchasable","21":"product-type-simple","22":"col-xs-6 col-sm-4","23":"col-md-3 col-lg-3","24":"un-4-cols"},"yoast_head":"<!-- This site is optimized with the Yoast SEO plugin v27.4 - https:\/\/yoast.com\/product\/yoast-seo-wordpress\/ -->\n<title>Collagen Bones Lata 483g\/30Ds Essential - Bioflex Nutrition<\/title>\n<meta name=\"robots\" content=\"index, follow, max-snippet:-1, max-image-preview:large, max-video-preview:-1\" \/>\n<link rel=\"canonical\" href=\"https:\/\/bioflexnutrition.com.br\/en\/product\/collagen-bones-lata-483g-30ds-essential\/\" \/>\n<meta property=\"og:locale\" content=\"en_US\" \/>\n<meta property=\"og:type\" content=\"article\" \/>\n<meta property=\"og:title\" content=\"Collagen Bones Lata 483g\/30Ds Essential - Bioflex Nutrition\" \/>\n<meta property=\"og:description\" content=\"Suporte avan\u00e7ado para forma\u00e7\u00e3o e manuten\u00e7\u00e3o dos ossos, com c\u00e1lcio marinho, col\u00e1geno e MDK \u2014 magn\u00e9sio quelado e vitaminas D3 e K2.\" \/>\n<meta property=\"og:url\" content=\"https:\/\/bioflexnutrition.com.br\/en\/product\/collagen-bones-lata-483g-30ds-essential\/\" \/>\n<meta property=\"og:site_name\" content=\"Bioflex Nutrition\" \/>\n<meta property=\"article:modified_time\" content=\"2026-03-31T19:34:05+00:00\" \/>\n<meta property=\"og:image\" content=\"https:\/\/bioflexnutrition.com.br\/wp-content\/uploads\/2025\/06\/15347126232-collagen-bones-lata-media.jpg\" \/>\n\t<meta property=\"og:image:width\" content=\"1950\" \/>\n\t<meta property=\"og:image:height\" content=\"1950\" \/>\n\t<meta property=\"og:image:type\" content=\"image\/jpeg\" \/>\n<meta name=\"twitter:card\" content=\"summary_large_image\" \/>\n<meta name=\"twitter:label1\" content=\"Est. reading time\" \/>\n\t<meta name=\"twitter:data1\" content=\"3 minutes\" \/>\n<script type=\"application\/ld+json\" class=\"yoast-schema-graph\">{\"@context\":\"https:\\\/\\\/schema.org\",\"@graph\":[{\"@type\":[\"WebPage\",\"ItemPage\"],\"@id\":\"https:\\\/\\\/bioflexnutrition.com.br\\\/produto\\\/collagen-bones-lata-483g-30ds-essential\\\/\",\"url\":\"https:\\\/\\\/bioflexnutrition.com.br\\\/produto\\\/collagen-bones-lata-483g-30ds-essential\\\/\",\"name\":\"Collagen Bones Lata 483g\\\/30Ds Essential - Bioflex Nutrition\",\"isPartOf\":{\"@id\":\"https:\\\/\\\/bioflexnutrition.com.br\\\/#website\"},\"primaryImageOfPage\":{\"@id\":\"https:\\\/\\\/bioflexnutrition.com.br\\\/produto\\\/collagen-bones-lata-483g-30ds-essential\\\/#primaryimage\"},\"image\":{\"@id\":\"https:\\\/\\\/bioflexnutrition.com.br\\\/produto\\\/collagen-bones-lata-483g-30ds-essential\\\/#primaryimage\"},\"thumbnailUrl\":\"https:\\\/\\\/bioflexnutrition.com.br\\\/wp-content\\\/uploads\\\/2025\\\/06\\\/15347126232-collagen-bones-lata-media.jpg\",\"datePublished\":\"2025-06-05T22:44:16+00:00\",\"dateModified\":\"2026-03-31T19:34:05+00:00\",\"breadcrumb\":{\"@id\":\"https:\\\/\\\/bioflexnutrition.com.br\\\/produto\\\/collagen-bones-lata-483g-30ds-essential\\\/#breadcrumb\"},\"inLanguage\":\"en-US\",\"potentialAction\":[{\"@type\":\"ReadAction\",\"target\":[\"https:\\\/\\\/bioflexnutrition.com.br\\\/produto\\\/collagen-bones-lata-483g-30ds-essential\\\/\"]}]},{\"@type\":\"ImageObject\",\"inLanguage\":\"en-US\",\"@id\":\"https:\\\/\\\/bioflexnutrition.com.br\\\/produto\\\/collagen-bones-lata-483g-30ds-essential\\\/#primaryimage\",\"url\":\"https:\\\/\\\/bioflexnutrition.com.br\\\/wp-content\\\/uploads\\\/2025\\\/06\\\/15347126232-collagen-bones-lata-media.jpg\",\"contentUrl\":\"https:\\\/\\\/bioflexnutrition.com.br\\\/wp-content\\\/uploads\\\/2025\\\/06\\\/15347126232-collagen-bones-lata-media.jpg\",\"width\":1950,\"height\":1950},{\"@type\":\"BreadcrumbList\",\"@id\":\"https:\\\/\\\/bioflexnutrition.com.br\\\/produto\\\/collagen-bones-lata-483g-30ds-essential\\\/#breadcrumb\",\"itemListElement\":[{\"@type\":\"ListItem\",\"position\":1,\"name\":\"In\u00edcio\",\"item\":\"https:\\\/\\\/bioflexnutrition.com.br\\\/\"},{\"@type\":\"ListItem\",\"position\":2,\"name\":\"Loja\",\"item\":\"https:\\\/\\\/bioflexnutrition.com.br\\\/todos\\\/\"},{\"@type\":\"ListItem\",\"position\":3,\"name\":\"Collagen Bones Lata 483g\\\/30Ds Essential\"}]},{\"@type\":\"WebSite\",\"@id\":\"https:\\\/\\\/bioflexnutrition.com.br\\\/#website\",\"url\":\"https:\\\/\\\/bioflexnutrition.com.br\\\/\",\"name\":\"Bioflex Nutrition\",\"description\":\"Sua loja online de Nutri\u00e7\u00e3o e Sa\u00fade\",\"publisher\":{\"@id\":\"https:\\\/\\\/bioflexnutrition.com.br\\\/#organization\"},\"potentialAction\":[{\"@type\":\"SearchAction\",\"target\":{\"@type\":\"EntryPoint\",\"urlTemplate\":\"https:\\\/\\\/bioflexnutrition.com.br\\\/?s={search_term_string}\"},\"query-input\":{\"@type\":\"PropertyValueSpecification\",\"valueRequired\":true,\"valueName\":\"search_term_string\"}}],\"inLanguage\":\"en-US\"},{\"@type\":\"Organization\",\"@id\":\"https:\\\/\\\/bioflexnutrition.com.br\\\/#organization\",\"name\":\"Bioflex Nutrition\",\"url\":\"https:\\\/\\\/bioflexnutrition.com.br\\\/\",\"logo\":{\"@type\":\"ImageObject\",\"inLanguage\":\"en-US\",\"@id\":\"https:\\\/\\\/bioflexnutrition.com.br\\\/#\\\/schema\\\/logo\\\/image\\\/\",\"url\":\"https:\\\/\\\/bioflexnutrition.com.br\\\/wp-content\\\/uploads\\\/2025\\\/04\\\/fav.webp\",\"contentUrl\":\"https:\\\/\\\/bioflexnutrition.com.br\\\/wp-content\\\/uploads\\\/2025\\\/04\\\/fav.webp\",\"width\":1150,\"height\":1000,\"caption\":\"Bioflex Nutrition\"},\"image\":{\"@id\":\"https:\\\/\\\/bioflexnutrition.com.br\\\/#\\\/schema\\\/logo\\\/image\\\/\"},\"sameAs\":[\"https:\\\/\\\/www.instagram.com\\\/bioflexnh\\\/\"]}]}<\/script>\n<!-- \/ Yoast SEO plugin. -->","yoast_head_json":{"title":"Collagen Bones Lata 483g\/30Ds Essential - Bioflex Nutrition","robots":{"index":"index","follow":"follow","max-snippet":"max-snippet:-1","max-image-preview":"max-image-preview:large","max-video-preview":"max-video-preview:-1"},"canonical":"https:\/\/bioflexnutrition.com.br\/en\/product\/collagen-bones-lata-483g-30ds-essential\/","og_locale":"en_US","og_type":"article","og_title":"Collagen Bones Lata 483g\/30Ds Essential - Bioflex Nutrition","og_description":"Suporte avan\u00e7ado para forma\u00e7\u00e3o e manuten\u00e7\u00e3o dos ossos, com c\u00e1lcio marinho, col\u00e1geno e MDK \u2014 magn\u00e9sio quelado e vitaminas D3 e K2.","og_url":"https:\/\/bioflexnutrition.com.br\/en\/product\/collagen-bones-lata-483g-30ds-essential\/","og_site_name":"Bioflex Nutrition","article_modified_time":"2026-03-31T19:34:05+00:00","og_image":[{"width":1950,"height":1950,"url":"https:\/\/bioflexnutrition.com.br\/wp-content\/uploads\/2025\/06\/15347126232-collagen-bones-lata-media.jpg","type":"image\/jpeg"}],"twitter_card":"summary_large_image","twitter_misc":{"Est. reading time":"3 minutes"},"schema":{"@context":"https:\/\/schema.org","@graph":[{"@type":["WebPage","ItemPage"],"@id":"https:\/\/bioflexnutrition.com.br\/produto\/collagen-bones-lata-483g-30ds-essential\/","url":"https:\/\/bioflexnutrition.com.br\/produto\/collagen-bones-lata-483g-30ds-essential\/","name":"Collagen Bones Lata 483g\/30Ds Essential - Bioflex Nutrition","isPartOf":{"@id":"https:\/\/bioflexnutrition.com.br\/#website"},"primaryImageOfPage":{"@id":"https:\/\/bioflexnutrition.com.br\/produto\/collagen-bones-lata-483g-30ds-essential\/#primaryimage"},"image":{"@id":"https:\/\/bioflexnutrition.com.br\/produto\/collagen-bones-lata-483g-30ds-essential\/#primaryimage"},"thumbnailUrl":"https:\/\/bioflexnutrition.com.br\/wp-content\/uploads\/2025\/06\/15347126232-collagen-bones-lata-media.jpg","datePublished":"2025-06-05T22:44:16+00:00","dateModified":"2026-03-31T19:34:05+00:00","breadcrumb":{"@id":"https:\/\/bioflexnutrition.com.br\/produto\/collagen-bones-lata-483g-30ds-essential\/#breadcrumb"},"inLanguage":"en-US","potentialAction":[{"@type":"ReadAction","target":["https:\/\/bioflexnutrition.com.br\/produto\/collagen-bones-lata-483g-30ds-essential\/"]}]},{"@type":"ImageObject","inLanguage":"en-US","@id":"https:\/\/bioflexnutrition.com.br\/produto\/collagen-bones-lata-483g-30ds-essential\/#primaryimage","url":"https:\/\/bioflexnutrition.com.br\/wp-content\/uploads\/2025\/06\/15347126232-collagen-bones-lata-media.jpg","contentUrl":"https:\/\/bioflexnutrition.com.br\/wp-content\/uploads\/2025\/06\/15347126232-collagen-bones-lata-media.jpg","width":1950,"height":1950},{"@type":"BreadcrumbList","@id":"https:\/\/bioflexnutrition.com.br\/produto\/collagen-bones-lata-483g-30ds-essential\/#breadcrumb","itemListElement":[{"@type":"ListItem","position":1,"name":"In\u00edcio","item":"https:\/\/bioflexnutrition.com.br\/"},{"@type":"ListItem","position":2,"name":"Loja","item":"https:\/\/bioflexnutrition.com.br\/todos\/"},{"@type":"ListItem","position":3,"name":"Collagen Bones Lata 483g\/30Ds Essential"}]},{"@type":"WebSite","@id":"https:\/\/bioflexnutrition.com.br\/#website","url":"https:\/\/bioflexnutrition.com.br\/","name":"Bioflex Nutrition","description":"Sua loja online de Nutri\u00e7\u00e3o e Sa\u00fade","publisher":{"@id":"https:\/\/bioflexnutrition.com.br\/#organization"},"potentialAction":[{"@type":"SearchAction","target":{"@type":"EntryPoint","urlTemplate":"https:\/\/bioflexnutrition.com.br\/?s={search_term_string}"},"query-input":{"@type":"PropertyValueSpecification","valueRequired":true,"valueName":"search_term_string"}}],"inLanguage":"en-US"},{"@type":"Organization","@id":"https:\/\/bioflexnutrition.com.br\/#organization","name":"Bioflex Nutrition","url":"https:\/\/bioflexnutrition.com.br\/","logo":{"@type":"ImageObject","inLanguage":"en-US","@id":"https:\/\/bioflexnutrition.com.br\/#\/schema\/logo\/image\/","url":"https:\/\/bioflexnutrition.com.br\/wp-content\/uploads\/2025\/04\/fav.webp","contentUrl":"https:\/\/bioflexnutrition.com.br\/wp-content\/uploads\/2025\/04\/fav.webp","width":1150,"height":1000,"caption":"Bioflex Nutrition"},"image":{"@id":"https:\/\/bioflexnutrition.com.br\/#\/schema\/logo\/image\/"},"sameAs":["https:\/\/www.instagram.com\/bioflexnh\/"]}]}},"_links":{"self":[{"href":"https:\/\/bioflexnutrition.com.br\/en\/wp-json\/wp\/v2\/product\/6467","targetHints":{"allow":["GET"]}}],"collection":[{"href":"https:\/\/bioflexnutrition.com.br\/en\/wp-json\/wp\/v2\/product"}],"about":[{"href":"https:\/\/bioflexnutrition.com.br\/en\/wp-json\/wp\/v2\/types\/product"}],"replies":[{"embeddable":true,"href":"https:\/\/bioflexnutrition.com.br\/en\/wp-json\/wp\/v2\/comments?post=6467"}],"wp:featuredmedia":[{"embeddable":true,"href":"https:\/\/bioflexnutrition.com.br\/en\/wp-json\/wp\/v2\/media\/6463"}],"wp:attachment":[{"href":"https:\/\/bioflexnutrition.com.br\/en\/wp-json\/wp\/v2\/media?parent=6467"}],"wp:term":[{"taxonomy":"product_cat","embeddable":true,"href":"https:\/\/bioflexnutrition.com.br\/en\/wp-json\/wp\/v2\/product_cat?post=6467"},{"taxonomy":"product_tag","embeddable":true,"href":"https:\/\/bioflexnutrition.com.br\/en\/wp-json\/wp\/v2\/product_tag?post=6467"}],"curies":[{"name":"wp","href":"https:\/\/api.w.org\/{rel}","templated":true}]}}