{"id":6482,"date":"2025-06-05T19:49:30","date_gmt":"2025-06-05T22:49:30","guid":{"rendered":"https:\/\/bioflexnutrition.com.br\/produto\/mg-complex-pote-90-caps-essential\/"},"modified":"2026-04-17T15:49:39","modified_gmt":"2026-04-17T18:49:39","slug":"mg-complex-pote-90-caps-essential","status":"publish","type":"product","link":"https:\/\/bioflexnutrition.com.br\/en\/product\/mg-complex-pote-90-caps-essential\/","title":{"rendered":"Mg Complex Pote 90 Caps Essential"},"content":{"rendered":"<h2>[MG] COMPLEX<\/h2>\n<p>[Mg] Complex \u00e9 um blend em c\u00e1psulas que oferece quatro diferentes fontes de magn\u00e9sio (bisglicinato, malato, taurato e citrato) com excelente biodisponibilidade, tornando mais abrangente o seu aproveitamento no organismo.<\/p>\n<h2>PARA UMA VIDA COM EQUIL\u00cdBRIO E VITALIDADE<\/h2>\n<p>O magn\u00e9sio \u00e9 considerado o rei dos minerais, presente em mais de 300 rea\u00e7\u00f5es fisiol\u00f3gicas, essencial para a regula\u00e7\u00e3o e o equil\u00edbrio do corpo.<\/p>\n<h2>O MINERAL QUE IMPULSIONA SUA SA\u00daDE<\/h2>\n<ul>\n<li>Forma\u00e7\u00e3o de ossos e dentes<\/li>\n<li>Metabolismo energ\u00e9tico<\/li>\n<li>Metabolismo de prote\u00ednas, carboidratos e gorduras<\/li>\n<li>Equil\u00edbrio dos eletr\u00f3litos<\/li>\n<li>Divis\u00e3o celular<\/li>\n<li>Funcionamento muscular e neuromuscular<\/li>\n<\/ul>\n<h2>BLEND DE MAGN\u00c9SIO PARA ALTA ABSOR\u00c7\u00c3O E APROVEITAMENTO<\/h2>\n<p>[Mg] Complex foi desenvolvido para proporcionar quatro formas org\u00e2nicas e altamente biodispon\u00edveis de magn\u00e9sio em sinergia, garantindo um aproveitamento superior pelo organismo.<\/p>\n<h2>POR QUE SUPLEMENTAR<\/h2>\n<p>O esgotamento do solo, o aumento do consumo de alimentos industrializados e condi\u00e7\u00f5es cl\u00ednicas podem reduzir a ingest\u00e3o e a absor\u00e7\u00e3o de magn\u00e9sio. Durante exerc\u00edcios e em situa\u00e7\u00f5es de maior demanda, a reposi\u00e7\u00e3o di\u00e1ria pode ser necess\u00e1ria.<\/p>\n<h2>INFORMA\u00c7\u00c3O NUTRICIONAL<\/h2>\n<p>Confira sempre a lista de ingredientes em ordem decrescente. Produtos Essential s\u00e3o livres de calorias vazias e feitos com ingredientes naturais.<\/p>\n<h2>TABELA NUTRICIONAL<\/h2>\n<table>\n<thead>\n<tr>\n<th>Por\u00e7\u00f5es por embalagem<\/th>\n<td>30<\/td>\n<\/tr>\n<tr>\n<th>Por\u00e7\u00e3o<\/th>\n<td>2,5\u202fg (3 c\u00e1psulas)<\/td>\n<\/tr>\n<\/thead>\n<tbody>\n<tr>\n<th>Magn\u00e9sio<\/th>\n<td>350\u202fmg\u00a083%<\/td>\n<\/tr>\n<\/tbody>\n<\/table>\n<p>*% Valores di\u00e1rios por por\u00e7\u00e3o.<\/p>\n<h2>INGREDIENTES<\/h2>\n<p>Bisglicinato de magn\u00e9sio, malato de magn\u00e9sio, taurato de magn\u00e9sio, citrato de magn\u00e9sio, amido de milho, estearato de magn\u00e9sio e di\u00f3xido de sil\u00edcio. C\u00e1psula vegetal: hidroxipropilmetilcelulose, carragena e di\u00f3xido de tit\u00e2nio.<\/p>\n<p><strong>N\u00e3o cont\u00e9m<\/strong> gl\u00faten.<\/p>\n<h2>MODO DE USO<\/h2>\n<p>Consumir 3 c\u00e1psulas ao dia ou conforme orienta\u00e7\u00e3o de m\u00e9dico ou nutricionista. Conservar em local fresco, seco e ao abrigo da luz. Ap\u00f3s aberto, consumir em at\u00e9 90 dias.<\/p>\n","protected":false},"excerpt":{"rendered":"<p>[Mg] Complex<\/p>\n<p>Vegan<\/p>\n<p>C\u00e1psulas com 350mg de magn\u00e9sio por dose a partir da combina\u00e7\u00e3o de 4 fontes org\u00e2nicas (bisglicinato, malato, taurato e citrato) para amplificar o aproveitamento no organismo.<\/p>\n","protected":false},"featured_media":6478,"comment_status":"open","ping_status":"closed","template":"","meta":{"_joinchat":[]},"product_cat":[248,160,157,164,285,230,287,280],"product_tag":[],"class_list":{"0":"post-6482","1":"product","2":"type-product","3":"status-publish","4":"has-post-thumbnail","6":"product_cat-categorias-e","7":"product_cat-essential","8":"product_cat-marcas","9":"product_cat-objetivos-especificos","10":"product_cat-outros","11":"product_cat-saude-e-bem-estar","12":"product_cat-sono-relaxante","13":"product_cat-vitaminas","15":"first","16":"instock","17":"shipping-taxable","18":"purchasable","19":"product-type-simple","20":"col-xs-6 col-sm-4","21":"col-md-3 col-lg-3","22":"un-4-cols"},"yoast_head":"<!-- This site is optimized with the Yoast SEO plugin v27.3 - https:\/\/yoast.com\/product\/yoast-seo-wordpress\/ -->\n<title>Mg Complex Pote 90 Caps Essential - Bioflex Nutrition<\/title>\n<meta name=\"robots\" content=\"index, follow, max-snippet:-1, max-image-preview:large, max-video-preview:-1\" \/>\n<link rel=\"canonical\" href=\"https:\/\/bioflexnutrition.com.br\/en\/product\/mg-complex-pote-90-caps-essential\/\" \/>\n<meta property=\"og:locale\" content=\"en_US\" \/>\n<meta property=\"og:type\" content=\"article\" \/>\n<meta property=\"og:title\" content=\"Mg Complex Pote 90 Caps Essential - Bioflex Nutrition\" \/>\n<meta property=\"og:description\" content=\"[Mg] Complex Vegan C\u00e1psulas com 350mg de magn\u00e9sio por dose a partir da combina\u00e7\u00e3o de 4 fontes org\u00e2nicas (bisglicinato, malato, taurato e citrato) para amplificar o aproveitamento no organismo.\" \/>\n<meta property=\"og:url\" content=\"https:\/\/bioflexnutrition.com.br\/en\/product\/mg-complex-pote-90-caps-essential\/\" \/>\n<meta property=\"og:site_name\" content=\"Bioflex Nutrition\" \/>\n<meta property=\"article:modified_time\" content=\"2026-04-17T18:49:39+00:00\" \/>\n<meta property=\"og:image\" content=\"https:\/\/bioflexnutrition.com.br\/wp-content\/uploads\/2025\/06\/15347122603-mg-complex-90caps-pote-01.jpg\" \/>\n\t<meta property=\"og:image:width\" content=\"1308\" \/>\n\t<meta property=\"og:image:height\" content=\"1636\" \/>\n\t<meta property=\"og:image:type\" content=\"image\/jpeg\" \/>\n<meta name=\"twitter:card\" content=\"summary_large_image\" \/>\n<meta name=\"twitter:label1\" content=\"Est. reading time\" \/>\n\t<meta name=\"twitter:data1\" content=\"2 minutes\" \/>\n<script type=\"application\/ld+json\" class=\"yoast-schema-graph\">{\"@context\":\"https:\\\/\\\/schema.org\",\"@graph\":[{\"@type\":[\"WebPage\",\"ItemPage\"],\"@id\":\"https:\\\/\\\/bioflexnutrition.com.br\\\/produto\\\/mg-complex-pote-90-caps-essential\\\/\",\"url\":\"https:\\\/\\\/bioflexnutrition.com.br\\\/produto\\\/mg-complex-pote-90-caps-essential\\\/\",\"name\":\"Mg Complex Pote 90 Caps Essential - Bioflex Nutrition\",\"isPartOf\":{\"@id\":\"https:\\\/\\\/bioflexnutrition.com.br\\\/#website\"},\"primaryImageOfPage\":{\"@id\":\"https:\\\/\\\/bioflexnutrition.com.br\\\/produto\\\/mg-complex-pote-90-caps-essential\\\/#primaryimage\"},\"image\":{\"@id\":\"https:\\\/\\\/bioflexnutrition.com.br\\\/produto\\\/mg-complex-pote-90-caps-essential\\\/#primaryimage\"},\"thumbnailUrl\":\"https:\\\/\\\/bioflexnutrition.com.br\\\/wp-content\\\/uploads\\\/2025\\\/06\\\/15347122603-mg-complex-90caps-pote-01.jpg\",\"datePublished\":\"2025-06-05T22:49:30+00:00\",\"dateModified\":\"2026-04-17T18:49:39+00:00\",\"breadcrumb\":{\"@id\":\"https:\\\/\\\/bioflexnutrition.com.br\\\/produto\\\/mg-complex-pote-90-caps-essential\\\/#breadcrumb\"},\"inLanguage\":\"en-US\",\"potentialAction\":[{\"@type\":\"ReadAction\",\"target\":[\"https:\\\/\\\/bioflexnutrition.com.br\\\/produto\\\/mg-complex-pote-90-caps-essential\\\/\"]}]},{\"@type\":\"ImageObject\",\"inLanguage\":\"en-US\",\"@id\":\"https:\\\/\\\/bioflexnutrition.com.br\\\/produto\\\/mg-complex-pote-90-caps-essential\\\/#primaryimage\",\"url\":\"https:\\\/\\\/bioflexnutrition.com.br\\\/wp-content\\\/uploads\\\/2025\\\/06\\\/15347122603-mg-complex-90caps-pote-01.jpg\",\"contentUrl\":\"https:\\\/\\\/bioflexnutrition.com.br\\\/wp-content\\\/uploads\\\/2025\\\/06\\\/15347122603-mg-complex-90caps-pote-01.jpg\",\"width\":1308,\"height\":1636},{\"@type\":\"BreadcrumbList\",\"@id\":\"https:\\\/\\\/bioflexnutrition.com.br\\\/produto\\\/mg-complex-pote-90-caps-essential\\\/#breadcrumb\",\"itemListElement\":[{\"@type\":\"ListItem\",\"position\":1,\"name\":\"In\u00edcio\",\"item\":\"https:\\\/\\\/bioflexnutrition.com.br\\\/\"},{\"@type\":\"ListItem\",\"position\":2,\"name\":\"Loja\",\"item\":\"https:\\\/\\\/bioflexnutrition.com.br\\\/todos\\\/\"},{\"@type\":\"ListItem\",\"position\":3,\"name\":\"Mg Complex Pote 90 Caps Essential\"}]},{\"@type\":\"WebSite\",\"@id\":\"https:\\\/\\\/bioflexnutrition.com.br\\\/#website\",\"url\":\"https:\\\/\\\/bioflexnutrition.com.br\\\/\",\"name\":\"Bioflex Nutrition\",\"description\":\"Sua loja online de Nutri\u00e7\u00e3o e Sa\u00fade\",\"publisher\":{\"@id\":\"https:\\\/\\\/bioflexnutrition.com.br\\\/#organization\"},\"potentialAction\":[{\"@type\":\"SearchAction\",\"target\":{\"@type\":\"EntryPoint\",\"urlTemplate\":\"https:\\\/\\\/bioflexnutrition.com.br\\\/?s={search_term_string}\"},\"query-input\":{\"@type\":\"PropertyValueSpecification\",\"valueRequired\":true,\"valueName\":\"search_term_string\"}}],\"inLanguage\":\"en-US\"},{\"@type\":\"Organization\",\"@id\":\"https:\\\/\\\/bioflexnutrition.com.br\\\/#organization\",\"name\":\"Bioflex Nutrition\",\"url\":\"https:\\\/\\\/bioflexnutrition.com.br\\\/\",\"logo\":{\"@type\":\"ImageObject\",\"inLanguage\":\"en-US\",\"@id\":\"https:\\\/\\\/bioflexnutrition.com.br\\\/#\\\/schema\\\/logo\\\/image\\\/\",\"url\":\"https:\\\/\\\/bioflexnutrition.com.br\\\/wp-content\\\/uploads\\\/2025\\\/04\\\/fav.webp\",\"contentUrl\":\"https:\\\/\\\/bioflexnutrition.com.br\\\/wp-content\\\/uploads\\\/2025\\\/04\\\/fav.webp\",\"width\":1150,\"height\":1000,\"caption\":\"Bioflex Nutrition\"},\"image\":{\"@id\":\"https:\\\/\\\/bioflexnutrition.com.br\\\/#\\\/schema\\\/logo\\\/image\\\/\"},\"sameAs\":[\"https:\\\/\\\/www.instagram.com\\\/bioflexnh\\\/\"]}]}<\/script>\n<!-- \/ Yoast SEO plugin. -->","yoast_head_json":{"title":"Mg Complex Pote 90 Caps Essential - Bioflex Nutrition","robots":{"index":"index","follow":"follow","max-snippet":"max-snippet:-1","max-image-preview":"max-image-preview:large","max-video-preview":"max-video-preview:-1"},"canonical":"https:\/\/bioflexnutrition.com.br\/en\/product\/mg-complex-pote-90-caps-essential\/","og_locale":"en_US","og_type":"article","og_title":"Mg Complex Pote 90 Caps Essential - Bioflex Nutrition","og_description":"[Mg] Complex Vegan C\u00e1psulas com 350mg de magn\u00e9sio por dose a partir da combina\u00e7\u00e3o de 4 fontes org\u00e2nicas (bisglicinato, malato, taurato e citrato) para amplificar o aproveitamento no organismo.","og_url":"https:\/\/bioflexnutrition.com.br\/en\/product\/mg-complex-pote-90-caps-essential\/","og_site_name":"Bioflex Nutrition","article_modified_time":"2026-04-17T18:49:39+00:00","og_image":[{"width":1308,"height":1636,"url":"https:\/\/bioflexnutrition.com.br\/wp-content\/uploads\/2025\/06\/15347122603-mg-complex-90caps-pote-01.jpg","type":"image\/jpeg"}],"twitter_card":"summary_large_image","twitter_misc":{"Est. reading time":"2 minutes"},"schema":{"@context":"https:\/\/schema.org","@graph":[{"@type":["WebPage","ItemPage"],"@id":"https:\/\/bioflexnutrition.com.br\/produto\/mg-complex-pote-90-caps-essential\/","url":"https:\/\/bioflexnutrition.com.br\/produto\/mg-complex-pote-90-caps-essential\/","name":"Mg Complex Pote 90 Caps Essential - Bioflex Nutrition","isPartOf":{"@id":"https:\/\/bioflexnutrition.com.br\/#website"},"primaryImageOfPage":{"@id":"https:\/\/bioflexnutrition.com.br\/produto\/mg-complex-pote-90-caps-essential\/#primaryimage"},"image":{"@id":"https:\/\/bioflexnutrition.com.br\/produto\/mg-complex-pote-90-caps-essential\/#primaryimage"},"thumbnailUrl":"https:\/\/bioflexnutrition.com.br\/wp-content\/uploads\/2025\/06\/15347122603-mg-complex-90caps-pote-01.jpg","datePublished":"2025-06-05T22:49:30+00:00","dateModified":"2026-04-17T18:49:39+00:00","breadcrumb":{"@id":"https:\/\/bioflexnutrition.com.br\/produto\/mg-complex-pote-90-caps-essential\/#breadcrumb"},"inLanguage":"en-US","potentialAction":[{"@type":"ReadAction","target":["https:\/\/bioflexnutrition.com.br\/produto\/mg-complex-pote-90-caps-essential\/"]}]},{"@type":"ImageObject","inLanguage":"en-US","@id":"https:\/\/bioflexnutrition.com.br\/produto\/mg-complex-pote-90-caps-essential\/#primaryimage","url":"https:\/\/bioflexnutrition.com.br\/wp-content\/uploads\/2025\/06\/15347122603-mg-complex-90caps-pote-01.jpg","contentUrl":"https:\/\/bioflexnutrition.com.br\/wp-content\/uploads\/2025\/06\/15347122603-mg-complex-90caps-pote-01.jpg","width":1308,"height":1636},{"@type":"BreadcrumbList","@id":"https:\/\/bioflexnutrition.com.br\/produto\/mg-complex-pote-90-caps-essential\/#breadcrumb","itemListElement":[{"@type":"ListItem","position":1,"name":"In\u00edcio","item":"https:\/\/bioflexnutrition.com.br\/"},{"@type":"ListItem","position":2,"name":"Loja","item":"https:\/\/bioflexnutrition.com.br\/todos\/"},{"@type":"ListItem","position":3,"name":"Mg Complex Pote 90 Caps Essential"}]},{"@type":"WebSite","@id":"https:\/\/bioflexnutrition.com.br\/#website","url":"https:\/\/bioflexnutrition.com.br\/","name":"Bioflex Nutrition","description":"Sua loja online de Nutri\u00e7\u00e3o e Sa\u00fade","publisher":{"@id":"https:\/\/bioflexnutrition.com.br\/#organization"},"potentialAction":[{"@type":"SearchAction","target":{"@type":"EntryPoint","urlTemplate":"https:\/\/bioflexnutrition.com.br\/?s={search_term_string}"},"query-input":{"@type":"PropertyValueSpecification","valueRequired":true,"valueName":"search_term_string"}}],"inLanguage":"en-US"},{"@type":"Organization","@id":"https:\/\/bioflexnutrition.com.br\/#organization","name":"Bioflex Nutrition","url":"https:\/\/bioflexnutrition.com.br\/","logo":{"@type":"ImageObject","inLanguage":"en-US","@id":"https:\/\/bioflexnutrition.com.br\/#\/schema\/logo\/image\/","url":"https:\/\/bioflexnutrition.com.br\/wp-content\/uploads\/2025\/04\/fav.webp","contentUrl":"https:\/\/bioflexnutrition.com.br\/wp-content\/uploads\/2025\/04\/fav.webp","width":1150,"height":1000,"caption":"Bioflex Nutrition"},"image":{"@id":"https:\/\/bioflexnutrition.com.br\/#\/schema\/logo\/image\/"},"sameAs":["https:\/\/www.instagram.com\/bioflexnh\/"]}]}},"_links":{"self":[{"href":"https:\/\/bioflexnutrition.com.br\/en\/wp-json\/wp\/v2\/product\/6482","targetHints":{"allow":["GET"]}}],"collection":[{"href":"https:\/\/bioflexnutrition.com.br\/en\/wp-json\/wp\/v2\/product"}],"about":[{"href":"https:\/\/bioflexnutrition.com.br\/en\/wp-json\/wp\/v2\/types\/product"}],"replies":[{"embeddable":true,"href":"https:\/\/bioflexnutrition.com.br\/en\/wp-json\/wp\/v2\/comments?post=6482"}],"wp:featuredmedia":[{"embeddable":true,"href":"https:\/\/bioflexnutrition.com.br\/en\/wp-json\/wp\/v2\/media\/6478"}],"wp:attachment":[{"href":"https:\/\/bioflexnutrition.com.br\/en\/wp-json\/wp\/v2\/media?parent=6482"}],"wp:term":[{"taxonomy":"product_cat","embeddable":true,"href":"https:\/\/bioflexnutrition.com.br\/en\/wp-json\/wp\/v2\/product_cat?post=6482"},{"taxonomy":"product_tag","embeddable":true,"href":"https:\/\/bioflexnutrition.com.br\/en\/wp-json\/wp\/v2\/product_tag?post=6482"}],"curies":[{"name":"wp","href":"https:\/\/api.w.org\/{rel}","templated":true}]}}