{"id":6486,"date":"2025-06-05T19:49:49","date_gmt":"2025-06-05T22:49:49","guid":{"rendered":"https:\/\/bioflexnutrition.com.br\/produto\/vegan-delight-lata-240g-8ds-essential\/"},"modified":"2026-04-01T15:17:07","modified_gmt":"2026-04-01T18:17:07","slug":"vegan-delight-lata-240g-8ds-essential","status":"publish","type":"product","link":"https:\/\/bioflexnutrition.com.br\/en\/product\/vegan-delight-lata-240g-8ds-essential\/","title":{"rendered":"Vegan Delight Lata 240g\/ 8Ds Essential"},"content":{"rendered":"<h2>O que \u00e9 Vegan Delight<\/h2>\n<p><strong>Vegan Delight<\/strong> \u00e9 uma bebida 100% vegetal, inspirada no sabor, na textura e nas propriedades do leite, ideal para quem n\u00e3o pode ou n\u00e3o quer consumir leite de vaca (intolerantes \u00e0 lactose, veganos ou quem busca reduzir alimentos de origem animal). Desenvolvido \u00e0 base de leite de coco, fornece c\u00e1lcio equivalente ao do leite integral, prote\u00edna isolada de ervilha, triglicer\u00eddeos de cadeia m\u00e9dia (TCM), fibras sol\u00faveis, al\u00e9m de ferro quelado e vitaminas B12,\u202fE e D3 (vegana).<\/p>\n<h3>Cont\u00e9m<\/h3>\n<ul>\n<li>Leite de coco 100% puro<\/li>\n<li>Prote\u00edna isolada da ervilha<\/li>\n<li>Fibras sol\u00faveis<\/li>\n<li>Triglicer\u00eddeos de cadeia m\u00e9dia (TCM)<\/li>\n<li>Vitamina B12 ativa<\/li>\n<li>Vitamina D3 vegana<\/li>\n<li>Vitamina E (mix de tocofer\u00f3is)<\/li>\n<li>C\u00e1lcio marinho<\/li>\n<li>Ferro quelado<\/li>\n<li>Mat\u00e9rias\u2011primas com certifica\u00e7\u00e3o NON\u2011GMO, Kosher e Halal<\/li>\n<\/ul>\n<h3>N\u00e3o cont\u00e9m<\/h3>\n<ul>\n<li>A\u00e7\u00facares adicionados<\/li>\n<li>Gl\u00faten<\/li>\n<li>Lactose<\/li>\n<li>Case\u00edna<\/li>\n<li>Prote\u00ednas de origem animal<\/li>\n<li>Derivados de soja<\/li>\n<li>Ado\u00e7antes artificiais<\/li>\n<li>Conservantes<\/li>\n<\/ul>\n<h3>Informa\u00e7\u00e3o Nutricional<\/h3>\n<p>Por\u00e7\u00f5es por embalagem: 8<br \/>Por\u00e7\u00e3o: 30\u202fg (2 colheres de sopa cheias)<\/p>\n<table>\n<thead>\n<tr>\n<th>Componente<\/th>\n<th>4\u20138\u202fanos<br \/>30\u202fg\u202f(%VD*)<\/th>\n<th>9\u201318\u202fanos<br \/>30\u202fg\u202f(%VD*)<\/th>\n<th>\u2265\u202f19\u202fanos<br \/>30\u202fg\u202f(%VD*)<\/th>\n<\/tr>\n<\/thead>\n<tbody>\n<tr>\n<td>Valor energ\u00e9tico (kcal)<\/td>\n<td>178\u202f(12%)<\/td>\n<td>178\u202f(7%)<\/td>\n<td>178\u202f(9%)<\/td>\n<\/tr>\n<tr>\n<td>Carboidratos (g)<\/td>\n<td>5,3\u202f(2%)<\/td>\n<td>5,3\u202f(1%)<\/td>\n<td>5,3\u202f(2%)<\/td>\n<\/tr>\n<tr>\n<td>A\u00e7\u00facares totais (g)<\/td>\n<td>1,2<\/td>\n<td>1,2<\/td>\n<td>1,2<\/td>\n<\/tr>\n<tr>\n<td>A\u00e7\u00facares adicionados (g)<\/td>\n<td>0\u202f(0%)<\/td>\n<td>0\u202f(0%)<\/td>\n<td>0\u202f(0%)<\/td>\n<\/tr>\n<tr>\n<td>Lactose (g)<\/td>\n<td>0<\/td>\n<td>0<\/td>\n<td>0<\/td>\n<\/tr>\n<tr>\n<td>Prote\u00ednas (g)<\/td>\n<td>3,6\u202f(10%)<\/td>\n<td>3,6\u202f(6%)<\/td>\n<td>3,6\u202f(7%)<\/td>\n<\/tr>\n<tr>\n<td>Gorduras totais (g)<\/td>\n<td>15\u202f(30%)<\/td>\n<td>15\u202f(18%)<\/td>\n<td>15\u202f(22%)<\/td>\n<\/tr>\n<tr>\n<td>Gorduras saturadas (g)<\/td>\n<td>14\u202f(88%)<\/td>\n<td>14\u202f(52%)<\/td>\n<td>14\u202f(70%)<\/td>\n<\/tr>\n<tr>\n<td>Gorduras trans (g)<\/td>\n<td>0\u202f(0%)<\/td>\n<td>0\u202f(0%)<\/td>\n<td>0\u202f(0%)<\/td>\n<\/tr>\n<tr>\n<td>Fibras alimentares (g)<\/td>\n<td>7,6\u202f(30%)<\/td>\n<td>7,6\u202f(20%)<\/td>\n<td>7,6\u202f(30%)<\/td>\n<\/tr>\n<tr>\n<td>Fibras sol\u00faveis (g)<\/td>\n<td>3,8<\/td>\n<td>3,8<\/td>\n<td>3,8<\/td>\n<\/tr>\n<tr>\n<td>S\u00f3dio (mg)<\/td>\n<td>36\u202f(2%)<\/td>\n<td>36\u202f(2%)<\/td>\n<td>36\u202f(2%)<\/td>\n<\/tr>\n<tr>\n<td>Vitamina D (\u00b5g)<\/td>\n<td>5\u202f(33%)<\/td>\n<td>5\u202f(33%)<\/td>\n<td>5\u202f(33%)<\/td>\n<\/tr>\n<tr>\n<td>Vitamina E (mg)<\/td>\n<td>10\u202f(143%)<\/td>\n<td>10\u202f(67%)<\/td>\n<td>10\u202f(67%)<\/td>\n<\/tr>\n<tr>\n<td>Vitamina B12 (\u00b5g)<\/td>\n<td>1,8\u202f(150%)<\/td>\n<td>1,8\u202f(75%)<\/td>\n<td>1,8\u202f(150%)<\/td>\n<\/tr>\n<tr>\n<td>C\u00e1lcio (mg)<\/td>\n<td>250\u202f(25%)<\/td>\n<td>250\u202f(19%)<\/td>\n<td>250\u202f(25%)<\/td>\n<\/tr>\n<tr>\n<td>Ferro (mg)<\/td>\n<td>3\u202f(30%)<\/td>\n<td>3\u202f(20%)<\/td>\n<td>3\u202f(21%)<\/td>\n<\/tr>\n<\/tbody>\n<\/table>\n<p><em>*Percentual de valores di\u00e1rios de refer\u00eancia, segundo uma dieta de 2.000\u202fkcal.<\/em><\/p>\n<h3>Ingredientes<\/h3>\n<p>Leite de coco desidratado, fibra sol\u00favel resistente de milho, prote\u00edna isolada da ervilha, triglicer\u00eddeos de cadeia m\u00e9dia, goma ac\u00e1cia, c\u00e1lcio marinho (Lithothamnion calcareum), fosfato tric\u00e1lcico, mix de tocofer\u00f3is, glicinato f\u00e9rrico, colecalciferol vegano, metilcobalamina e aroma natural.<\/p>\n<p><strong>N\u00e3o cont\u00e9m gl\u00faten.<\/strong><br \/><strong>Al\u00e9rgicos:<\/strong> pode conter derivados de leite*.<\/p>\n<h3>Modo de Preparo<\/h3>\n<p>Adicione 30\u202fg (2 colheres de sopa cheias) em aproximadamente 200\u202fml de \u00e1gua quente ou fria e misture at\u00e9 homogeneiza\u00e7\u00e3o. Beba imediatamente ap\u00f3s o preparo. Recomenda-se o uso uma vez ao dia ou conforme orienta\u00e7\u00e3o de m\u00e9dico ou nutricionista.<\/p>\n<p>Manter este produto bem fechado em local fresco, seco e ao abrigo da luz solar.<br \/>Ap\u00f3s aberto, consumir em at\u00e9 30 dias.<br \/>Este produto \u00e9 recomendado para crian\u00e7as (4 a 18 anos) e adultos (\u226519 anos).<br \/>\u201cEste produto n\u00e3o \u00e9 um medicamento.\u201d<br \/>\u201cN\u00e3o exceder a recomenda\u00e7\u00e3o di\u00e1ria de consumo indicada na embalagem.\u201d<br \/>\u201cMantenha fora do alcance de crian\u00e7as.\u201d<\/p>","protected":false},"excerpt":{"rendered":"<p>Vegan Delight<\/p>\n<p>Bebida 100% vegetal, feita \u00e0 base de leite de coco, sendo uma excelente alternativa ao leite tradicional. Sua f\u00f3rmula, saborosa e nutritiva, traz o c\u00e1lcio derivado de algas vermelhas combinado com prote\u00edna isolada da ervilha, triglicer\u00eddeos de cadeia m\u00e9dia (TCM) e fibras sol\u00faveis, al\u00e9m de ferro quelado e vitaminas E, B12 e D3 vegana.<\/p>","protected":false},"featured_media":6483,"comment_status":"open","ping_status":"closed","template":"","meta":{"_joinchat":[]},"product_cat":[248,160,157,164,285,230,280],"product_tag":[],"class_list":{"0":"post-6486","1":"product","2":"type-product","3":"status-publish","4":"has-post-thumbnail","6":"product_cat-categorias-e","7":"product_cat-essential","8":"product_cat-marcas","9":"product_cat-objetivos-especificos","10":"product_cat-outros","11":"product_cat-saude-e-bem-estar","12":"product_cat-vitaminas","14":"first","15":"instock","16":"shipping-taxable","17":"purchasable","18":"product-type-simple","19":"col-xs-6 col-sm-4","20":"col-md-3 col-lg-3","21":"un-4-cols"},"yoast_head":"<!-- This site is optimized with the Yoast SEO plugin v27.3 - https:\/\/yoast.com\/product\/yoast-seo-wordpress\/ -->\n<title>Vegan Delight Lata 240g\/ 8Ds Essential - Bioflex Nutrition<\/title>\n<meta name=\"robots\" content=\"index, follow, max-snippet:-1, max-image-preview:large, max-video-preview:-1\" \/>\n<link rel=\"canonical\" href=\"https:\/\/bioflexnutrition.com.br\/en\/product\/vegan-delight-lata-240g-8ds-essential\/\" \/>\n<meta property=\"og:locale\" content=\"en_US\" \/>\n<meta property=\"og:type\" content=\"article\" \/>\n<meta property=\"og:title\" content=\"Vegan Delight Lata 240g\/ 8Ds Essential - Bioflex Nutrition\" \/>\n<meta property=\"og:description\" content=\"Vegan Delight Bebida 100% vegetal, feita \u00e0 base de leite de coco, sendo uma excelente alternativa ao leite tradicional. Sua f\u00f3rmula, saborosa e nutritiva, traz o c\u00e1lcio derivado de algas vermelhas combinado com prote\u00edna isolada da ervilha, triglicer\u00eddeos de cadeia m\u00e9dia (TCM) e fibras sol\u00faveis, al\u00e9m de ferro quelado e vitaminas E, B12 e D3 vegana.\" \/>\n<meta property=\"og:url\" content=\"https:\/\/bioflexnutrition.com.br\/en\/product\/vegan-delight-lata-240g-8ds-essential\/\" \/>\n<meta property=\"og:site_name\" content=\"Bioflex Nutrition\" \/>\n<meta property=\"article:modified_time\" content=\"2026-04-01T18:17:07+00:00\" \/>\n<meta property=\"og:image\" content=\"https:\/\/bioflexnutrition.com.br\/wp-content\/uploads\/2025\/06\/15347122210-vegan-delight-lata-pequena.jpg\" \/>\n\t<meta property=\"og:image:width\" content=\"1950\" \/>\n\t<meta property=\"og:image:height\" content=\"1950\" \/>\n\t<meta property=\"og:image:type\" content=\"image\/jpeg\" \/>\n<meta name=\"twitter:card\" content=\"summary_large_image\" \/>\n<meta name=\"twitter:label1\" content=\"Est. reading time\" \/>\n\t<meta name=\"twitter:data1\" content=\"3 minutes\" \/>\n<script type=\"application\/ld+json\" class=\"yoast-schema-graph\">{\"@context\":\"https:\\\/\\\/schema.org\",\"@graph\":[{\"@type\":[\"WebPage\",\"ItemPage\"],\"@id\":\"https:\\\/\\\/bioflexnutrition.com.br\\\/produto\\\/vegan-delight-lata-240g-8ds-essential\\\/\",\"url\":\"https:\\\/\\\/bioflexnutrition.com.br\\\/produto\\\/vegan-delight-lata-240g-8ds-essential\\\/\",\"name\":\"Vegan Delight Lata 240g\\\/ 8Ds Essential - Bioflex Nutrition\",\"isPartOf\":{\"@id\":\"https:\\\/\\\/bioflexnutrition.com.br\\\/#website\"},\"primaryImageOfPage\":{\"@id\":\"https:\\\/\\\/bioflexnutrition.com.br\\\/produto\\\/vegan-delight-lata-240g-8ds-essential\\\/#primaryimage\"},\"image\":{\"@id\":\"https:\\\/\\\/bioflexnutrition.com.br\\\/produto\\\/vegan-delight-lata-240g-8ds-essential\\\/#primaryimage\"},\"thumbnailUrl\":\"https:\\\/\\\/bioflexnutrition.com.br\\\/wp-content\\\/uploads\\\/2025\\\/06\\\/15347122210-vegan-delight-lata-pequena.jpg\",\"datePublished\":\"2025-06-05T22:49:49+00:00\",\"dateModified\":\"2026-04-01T18:17:07+00:00\",\"breadcrumb\":{\"@id\":\"https:\\\/\\\/bioflexnutrition.com.br\\\/produto\\\/vegan-delight-lata-240g-8ds-essential\\\/#breadcrumb\"},\"inLanguage\":\"en-US\",\"potentialAction\":[{\"@type\":\"ReadAction\",\"target\":[\"https:\\\/\\\/bioflexnutrition.com.br\\\/produto\\\/vegan-delight-lata-240g-8ds-essential\\\/\"]}]},{\"@type\":\"ImageObject\",\"inLanguage\":\"en-US\",\"@id\":\"https:\\\/\\\/bioflexnutrition.com.br\\\/produto\\\/vegan-delight-lata-240g-8ds-essential\\\/#primaryimage\",\"url\":\"https:\\\/\\\/bioflexnutrition.com.br\\\/wp-content\\\/uploads\\\/2025\\\/06\\\/15347122210-vegan-delight-lata-pequena.jpg\",\"contentUrl\":\"https:\\\/\\\/bioflexnutrition.com.br\\\/wp-content\\\/uploads\\\/2025\\\/06\\\/15347122210-vegan-delight-lata-pequena.jpg\",\"width\":1950,\"height\":1950},{\"@type\":\"BreadcrumbList\",\"@id\":\"https:\\\/\\\/bioflexnutrition.com.br\\\/produto\\\/vegan-delight-lata-240g-8ds-essential\\\/#breadcrumb\",\"itemListElement\":[{\"@type\":\"ListItem\",\"position\":1,\"name\":\"In\u00edcio\",\"item\":\"https:\\\/\\\/bioflexnutrition.com.br\\\/\"},{\"@type\":\"ListItem\",\"position\":2,\"name\":\"Loja\",\"item\":\"https:\\\/\\\/bioflexnutrition.com.br\\\/todos\\\/\"},{\"@type\":\"ListItem\",\"position\":3,\"name\":\"Vegan Delight Lata 240g\\\/ 8Ds Essential\"}]},{\"@type\":\"WebSite\",\"@id\":\"https:\\\/\\\/bioflexnutrition.com.br\\\/#website\",\"url\":\"https:\\\/\\\/bioflexnutrition.com.br\\\/\",\"name\":\"Bioflex Nutrition\",\"description\":\"Sua loja online de Nutri\u00e7\u00e3o e Sa\u00fade\",\"publisher\":{\"@id\":\"https:\\\/\\\/bioflexnutrition.com.br\\\/#organization\"},\"potentialAction\":[{\"@type\":\"SearchAction\",\"target\":{\"@type\":\"EntryPoint\",\"urlTemplate\":\"https:\\\/\\\/bioflexnutrition.com.br\\\/?s={search_term_string}\"},\"query-input\":{\"@type\":\"PropertyValueSpecification\",\"valueRequired\":true,\"valueName\":\"search_term_string\"}}],\"inLanguage\":\"en-US\"},{\"@type\":\"Organization\",\"@id\":\"https:\\\/\\\/bioflexnutrition.com.br\\\/#organization\",\"name\":\"Bioflex Nutrition\",\"url\":\"https:\\\/\\\/bioflexnutrition.com.br\\\/\",\"logo\":{\"@type\":\"ImageObject\",\"inLanguage\":\"en-US\",\"@id\":\"https:\\\/\\\/bioflexnutrition.com.br\\\/#\\\/schema\\\/logo\\\/image\\\/\",\"url\":\"https:\\\/\\\/bioflexnutrition.com.br\\\/wp-content\\\/uploads\\\/2025\\\/04\\\/fav.webp\",\"contentUrl\":\"https:\\\/\\\/bioflexnutrition.com.br\\\/wp-content\\\/uploads\\\/2025\\\/04\\\/fav.webp\",\"width\":1150,\"height\":1000,\"caption\":\"Bioflex Nutrition\"},\"image\":{\"@id\":\"https:\\\/\\\/bioflexnutrition.com.br\\\/#\\\/schema\\\/logo\\\/image\\\/\"},\"sameAs\":[\"https:\\\/\\\/www.instagram.com\\\/bioflexnh\\\/\"]}]}<\/script>\n<!-- \/ Yoast SEO plugin. -->","yoast_head_json":{"title":"Vegan Delight Lata 240g\/ 8Ds Essential - Bioflex Nutrition","robots":{"index":"index","follow":"follow","max-snippet":"max-snippet:-1","max-image-preview":"max-image-preview:large","max-video-preview":"max-video-preview:-1"},"canonical":"https:\/\/bioflexnutrition.com.br\/en\/product\/vegan-delight-lata-240g-8ds-essential\/","og_locale":"en_US","og_type":"article","og_title":"Vegan Delight Lata 240g\/ 8Ds Essential - Bioflex Nutrition","og_description":"Vegan Delight Bebida 100% vegetal, feita \u00e0 base de leite de coco, sendo uma excelente alternativa ao leite tradicional. Sua f\u00f3rmula, saborosa e nutritiva, traz o c\u00e1lcio derivado de algas vermelhas combinado com prote\u00edna isolada da ervilha, triglicer\u00eddeos de cadeia m\u00e9dia (TCM) e fibras sol\u00faveis, al\u00e9m de ferro quelado e vitaminas E, B12 e D3 vegana.","og_url":"https:\/\/bioflexnutrition.com.br\/en\/product\/vegan-delight-lata-240g-8ds-essential\/","og_site_name":"Bioflex Nutrition","article_modified_time":"2026-04-01T18:17:07+00:00","og_image":[{"width":1950,"height":1950,"url":"https:\/\/bioflexnutrition.com.br\/wp-content\/uploads\/2025\/06\/15347122210-vegan-delight-lata-pequena.jpg","type":"image\/jpeg"}],"twitter_card":"summary_large_image","twitter_misc":{"Est. reading time":"3 minutes"},"schema":{"@context":"https:\/\/schema.org","@graph":[{"@type":["WebPage","ItemPage"],"@id":"https:\/\/bioflexnutrition.com.br\/produto\/vegan-delight-lata-240g-8ds-essential\/","url":"https:\/\/bioflexnutrition.com.br\/produto\/vegan-delight-lata-240g-8ds-essential\/","name":"Vegan Delight Lata 240g\/ 8Ds Essential - Bioflex Nutrition","isPartOf":{"@id":"https:\/\/bioflexnutrition.com.br\/#website"},"primaryImageOfPage":{"@id":"https:\/\/bioflexnutrition.com.br\/produto\/vegan-delight-lata-240g-8ds-essential\/#primaryimage"},"image":{"@id":"https:\/\/bioflexnutrition.com.br\/produto\/vegan-delight-lata-240g-8ds-essential\/#primaryimage"},"thumbnailUrl":"https:\/\/bioflexnutrition.com.br\/wp-content\/uploads\/2025\/06\/15347122210-vegan-delight-lata-pequena.jpg","datePublished":"2025-06-05T22:49:49+00:00","dateModified":"2026-04-01T18:17:07+00:00","breadcrumb":{"@id":"https:\/\/bioflexnutrition.com.br\/produto\/vegan-delight-lata-240g-8ds-essential\/#breadcrumb"},"inLanguage":"en-US","potentialAction":[{"@type":"ReadAction","target":["https:\/\/bioflexnutrition.com.br\/produto\/vegan-delight-lata-240g-8ds-essential\/"]}]},{"@type":"ImageObject","inLanguage":"en-US","@id":"https:\/\/bioflexnutrition.com.br\/produto\/vegan-delight-lata-240g-8ds-essential\/#primaryimage","url":"https:\/\/bioflexnutrition.com.br\/wp-content\/uploads\/2025\/06\/15347122210-vegan-delight-lata-pequena.jpg","contentUrl":"https:\/\/bioflexnutrition.com.br\/wp-content\/uploads\/2025\/06\/15347122210-vegan-delight-lata-pequena.jpg","width":1950,"height":1950},{"@type":"BreadcrumbList","@id":"https:\/\/bioflexnutrition.com.br\/produto\/vegan-delight-lata-240g-8ds-essential\/#breadcrumb","itemListElement":[{"@type":"ListItem","position":1,"name":"In\u00edcio","item":"https:\/\/bioflexnutrition.com.br\/"},{"@type":"ListItem","position":2,"name":"Loja","item":"https:\/\/bioflexnutrition.com.br\/todos\/"},{"@type":"ListItem","position":3,"name":"Vegan Delight Lata 240g\/ 8Ds Essential"}]},{"@type":"WebSite","@id":"https:\/\/bioflexnutrition.com.br\/#website","url":"https:\/\/bioflexnutrition.com.br\/","name":"Bioflex Nutrition","description":"Sua loja online de Nutri\u00e7\u00e3o e Sa\u00fade","publisher":{"@id":"https:\/\/bioflexnutrition.com.br\/#organization"},"potentialAction":[{"@type":"SearchAction","target":{"@type":"EntryPoint","urlTemplate":"https:\/\/bioflexnutrition.com.br\/?s={search_term_string}"},"query-input":{"@type":"PropertyValueSpecification","valueRequired":true,"valueName":"search_term_string"}}],"inLanguage":"en-US"},{"@type":"Organization","@id":"https:\/\/bioflexnutrition.com.br\/#organization","name":"Bioflex Nutrition","url":"https:\/\/bioflexnutrition.com.br\/","logo":{"@type":"ImageObject","inLanguage":"en-US","@id":"https:\/\/bioflexnutrition.com.br\/#\/schema\/logo\/image\/","url":"https:\/\/bioflexnutrition.com.br\/wp-content\/uploads\/2025\/04\/fav.webp","contentUrl":"https:\/\/bioflexnutrition.com.br\/wp-content\/uploads\/2025\/04\/fav.webp","width":1150,"height":1000,"caption":"Bioflex Nutrition"},"image":{"@id":"https:\/\/bioflexnutrition.com.br\/#\/schema\/logo\/image\/"},"sameAs":["https:\/\/www.instagram.com\/bioflexnh\/"]}]}},"_links":{"self":[{"href":"https:\/\/bioflexnutrition.com.br\/en\/wp-json\/wp\/v2\/product\/6486","targetHints":{"allow":["GET"]}}],"collection":[{"href":"https:\/\/bioflexnutrition.com.br\/en\/wp-json\/wp\/v2\/product"}],"about":[{"href":"https:\/\/bioflexnutrition.com.br\/en\/wp-json\/wp\/v2\/types\/product"}],"replies":[{"embeddable":true,"href":"https:\/\/bioflexnutrition.com.br\/en\/wp-json\/wp\/v2\/comments?post=6486"}],"wp:featuredmedia":[{"embeddable":true,"href":"https:\/\/bioflexnutrition.com.br\/en\/wp-json\/wp\/v2\/media\/6483"}],"wp:attachment":[{"href":"https:\/\/bioflexnutrition.com.br\/en\/wp-json\/wp\/v2\/media?parent=6486"}],"wp:term":[{"taxonomy":"product_cat","embeddable":true,"href":"https:\/\/bioflexnutrition.com.br\/en\/wp-json\/wp\/v2\/product_cat?post=6486"},{"taxonomy":"product_tag","embeddable":true,"href":"https:\/\/bioflexnutrition.com.br\/en\/wp-json\/wp\/v2\/product_tag?post=6486"}],"curies":[{"name":"wp","href":"https:\/\/api.w.org\/{rel}","templated":true}]}}