{"id":6527,"date":"2025-06-05T20:01:03","date_gmt":"2025-06-05T23:01:03","guid":{"rendered":"https:\/\/bioflexnutrition.com.br\/produto\/chocolift-be-powerfull-display-12-barras\/"},"modified":"2025-09-14T14:47:45","modified_gmt":"2025-09-14T17:47:45","slug":"chocolift-be-powerfull-display-12-barras","status":"publish","type":"product","link":"https:\/\/bioflexnutrition.com.br\/en\/product\/chocolift-be-powerfull-display-12-barras\/","title":{"rendered":"Chocolift Be Powerfull Display 12 Barras Essential"},"content":{"rendered":"<h2>O que \u00e9 CHOCOLIFT BE POWERFUL<\/h2>\n<p><strong>Chocolift BE POWERFUL<\/strong> \u00e9 intenso! Um chocolate belga com delicados Nibs de cacau, pimenta, guaran\u00e1 e extrato arom\u00e1tico de ch\u00e1-verde. Tudo isso aliado \u00e0 composi\u00e7\u00e3o j\u00e1 consagrada do Chocolift Essential: Whey Protein Isolado, \u00f3leo de coco, fibras prebi\u00f3ticas e ado\u00e7antes de baixo \u00edndice glic\u00eamico obtidos de fontes naturais.<\/p>\n<p>Pode comer sem culpa e sem abrir m\u00e3o do sabor: Chocolift BE POWERFUL \u00e9 <strong>zero a\u00e7\u00facar, zero lactose, zero gl\u00faten, zero gordura trans, zero ado\u00e7antes artificiais e zero conservantes.<\/strong><\/p>\n<h3>Cont\u00e9m<\/h3>\n<ul>\n<li>Cacau 100% puro Barry Callebaut<\/li>\n<li>Whey Protein Isolado (Provon\u00ae 292)<\/li>\n<li>\u00d3leo de coco<\/li>\n<li>Fibras prebi\u00f3ticas<\/li>\n<li>Ado\u00e7antes de fontes naturais NON-GMO \u2013 Maltitol, eritritol e est\u00e9via<\/li>\n<\/ul>\n<h3>N\u00e3o Cont\u00e9m<\/h3>\n<ul>\n<li>Ado\u00e7antes artificiais<\/li>\n<li>Corantes artificiais<\/li>\n<li>A\u00e7\u00facar<\/li>\n<li>Gl\u00faten<\/li>\n<li>Lactose<\/li>\n<li>Conservantes<\/li>\n<li>Gordura trans<\/li>\n<\/ul>\n<h2>O chocolate com assinatura Essential Nutrition<\/h2>\n<p>Chocolift ficou conhecido pela excel\u00eancia das mat\u00e9rias-primas e pelos sabores \u00fanicos.<\/p>\n<h3>CHOCOLIFT \u00c9 \u00daNICO<\/h3>\n<ul>\n<li>Pode ser consumido por diab\u00e9ticos, crian\u00e7as e gestantes<\/li>\n<li>Com Whey Protein Isolado, Chocolift ajuda a manter o foco durante a dieta<\/li>\n<li>Deliciosa op\u00e7\u00e3o de lanche proteico<\/li>\n<li>Substituto de chocolates com alto teor de a\u00e7\u00facar<\/li>\n<li>Livre de gl\u00faten e fonte de fibras!<\/li>\n<\/ul>\n<h3>Quem vai Be Unique<\/h3>\n<p><strong>Pais:<\/strong> tenha sempre um Chocolift na bolsa e compartilhe um momento delicioso e especial com seu filho.<\/p>\n<p><strong>Quem est\u00e1 de dieta:<\/strong> quando vem aquele desejo por doce, Chocolift \u00e9 uma op\u00e7\u00e3o deliciosa, nutritiva e n\u00e3o te tira da dieta.<\/p>\n<p><strong>Entusiastas dos esportes:<\/strong> uma deliciosa combina\u00e7\u00e3o de ingredientes, com whey protein isolado.<\/p>\n<p><strong>Viajantes:<\/strong> para evitar snacks vazios em nutrientes durante as viagens, tenha Chocolift BE UNIQUE sempre por perto. Perfeito para combinar com aquele cafezinho a caminho do pr\u00f3ximo destino.<\/p>\n<h2>INFORMA\u00c7\u00c3O NUTRICIONAL<\/h2>\n<p>Coloque uma aten\u00e7\u00e3o especial na lista de ingredientes: o ingrediente que estiver em maior quantidade vem primeiro, e assim por diante. Voc\u00ea vai perceber que todos os produtos da linha Essential s\u00e3o livres de calorias vazias e cheios de ingredientes naturais. Tudo que adicionamos contribui para uma nutri\u00e7\u00e3o mais completa.<\/p>\n<h3>TABELA NUTRICIONAL<\/h3>\n<p><strong>Por\u00e7\u00f5es por embalagem:<\/strong> 12<br \/><strong>Por\u00e7\u00e3o:<\/strong> 40g (1 unidade)<\/p>\n<table border=\"1\" cellpadding=\"6\" cellspacing=\"0\">\n<thead>\n<tr>\n<th>Componente<\/th>\n<th>100g<\/th>\n<th>40g<\/th>\n<th>%VD*<\/th>\n<\/tr>\n<\/thead>\n<tbody>\n<tr>\n<td>Valor energ\u00e9tico (kcal)<\/td>\n<td>473<\/td>\n<td>187<\/td>\n<td>9<\/td>\n<\/tr>\n<tr>\n<td>Carboidratos (g)<\/td>\n<td>33<\/td>\n<td>13<\/td>\n<td>4<\/td>\n<\/tr>\n<tr>\n<td>A\u00e7\u00facares totais (g)<\/td>\n<td>0<\/td>\n<td>0<\/td>\n<td>&#8211;<\/td>\n<\/tr>\n<tr>\n<td>A\u00e7\u00facares adicionados (g)<\/td>\n<td>0<\/td>\n<td>0<\/td>\n<td>0<\/td>\n<\/tr>\n<tr>\n<td>Poli\u00f3is totais (g)<\/td>\n<td>29<\/td>\n<td>12<\/td>\n<td>&#8211;<\/td>\n<\/tr>\n<tr>\n<td>Prote\u00ednas (g)<\/td>\n<td>21<\/td>\n<td>8,6<\/td>\n<td>17<\/td>\n<\/tr>\n<tr>\n<td>Gorduras totais (g)<\/td>\n<td>35<\/td>\n<td>14<\/td>\n<td>22<\/td>\n<\/tr>\n<tr>\n<td>Gorduras saturadas (g)<\/td>\n<td>22<\/td>\n<td>8,8<\/td>\n<td>9<\/td>\n<\/tr>\n<tr>\n<td>Gorduras trans (g)<\/td>\n<td>0<\/td>\n<td>0<\/td>\n<td>0<\/td>\n<\/tr>\n<tr>\n<td>Fibras alimentares (g)<\/td>\n<td>7,1<\/td>\n<td>2,8<\/td>\n<td>11<\/td>\n<\/tr>\n<tr>\n<td>S\u00f3dio (mg)<\/td>\n<td>51<\/td>\n<td>21<\/td>\n<td>1<\/td>\n<\/tr>\n<tr>\n<td>Ferro (mg)<\/td>\n<td>7,4<\/td>\n<td>2,9<\/td>\n<td>21<\/td>\n<\/tr>\n<tr>\n<td>Magn\u00e9sio (mg)<\/td>\n<td>76<\/td>\n<td>31<\/td>\n<td>7<\/td>\n<\/tr>\n<\/tbody>\n<\/table>\n<p><em>*Percentual de valores di\u00e1rios fornecidos pela por\u00e7\u00e3o.<\/em><\/p>\n<h3>Ingredientes<\/h3>\n<p>Massa de cacau*, prote\u00edna isolada de soro de leite* (Provon\u00ae292), manteiga de cacau, \u00f3leo de coco, inulina*, edulcorantes maltitol, eritritol e glicos\u00eddeos de esteviol (est\u00e9via), emulsificantes lecitina de girassol* e poliglicerol polirricinoleato.<\/p>\n<p><strong>N\u00c3O CONT\u00c9M GL\u00daTEN.<\/strong><\/p>\n<p><strong>AL\u00c9RGICOS:<\/strong> CONT\u00c9M DERIVADOS DE LEITE E SOJA (cerca de 0,08g de lecitina de soja por por\u00e7\u00e3o).<\/p>\n<p><strong>PODE CONTER:<\/strong> OVOS, AMENDOIM, AM\u00caNDOA, AVEL\u00c3S, CASTANHA-DE-CAJU, CASTANHA-DO-BRASIL, MACAD\u00c2MIAS, NOZES, PEC\u00c3S, PISTACHES E CASTANHAS.<\/p>\n<p>(*) Fornecem quantidades n\u00e3o significativas de a\u00e7\u00facares.<\/p>\n<h3>RECOMENDA\u00c7\u00d5ES<\/h3>\n<ul>\n<li>Manter este produto bem fechado em local fresco, seco e ao abrigo da luz solar.<\/li>\n<li>O excesso deste produto pode ter efeito laxativo.<\/li>\n<li>Zero a\u00e7\u00facares.<\/li>\n<li>Este n\u00e3o \u00e9 um alimento baixo ou reduzido em valor energ\u00e9tico.<\/li>\n<\/ul>","protected":false},"excerpt":{"rendered":"<p>Chocolift Be Powerful<\/p>\n<p>Chocolate gourmet com 45% de puro cacau belga e delicados nibs de cacau torrado, crocantes e de sabor intenso, al\u00e9m de extrato arom\u00e1tico de ch\u00e1 verde, pimenta, guaran\u00e1, whey protein, \u00f3leo de coco, fibras sol\u00faveis e ado\u00e7antes naturais.<\/p>","protected":false},"featured_media":7095,"comment_status":"open","ping_status":"closed","template":"","meta":{"_joinchat":[]},"product_cat":[249,251,248,160,199,157,164,198,230],"product_tag":[],"class_list":{"0":"post-6527","1":"product","2":"type-product","3":"status-publish","4":"has-post-thumbnail","6":"product_cat-alimentos-funcionais-categorias-ecommerce","7":"product_cat-alimentos-funcionais-doces","8":"product_cat-categorias-e","9":"product_cat-essential","10":"product_cat-frete-gratis","11":"product_cat-marcas","12":"product_cat-objetivos-especificos","13":"product_cat-promocoes","14":"product_cat-saude-e-bem-estar","16":"first","17":"instock","18":"shipping-taxable","19":"purchasable","20":"product-type-simple","21":"col-xs-6 col-sm-4","22":"col-md-3 col-lg-3","23":"un-4-cols"},"yoast_head":"<!-- This site is optimized with the Yoast SEO plugin v27.3 - https:\/\/yoast.com\/product\/yoast-seo-wordpress\/ -->\n<title>Chocolift Be Powerfull Display 12 Barras Essential - Bioflex Nutrition<\/title>\n<meta name=\"robots\" content=\"index, follow, max-snippet:-1, max-image-preview:large, max-video-preview:-1\" \/>\n<link rel=\"canonical\" href=\"https:\/\/bioflexnutrition.com.br\/en\/product\/chocolift-be-powerfull-display-12-barras\/\" \/>\n<meta property=\"og:locale\" content=\"en_US\" \/>\n<meta property=\"og:type\" content=\"article\" \/>\n<meta property=\"og:title\" content=\"Chocolift Be Powerfull Display 12 Barras Essential - Bioflex Nutrition\" \/>\n<meta property=\"og:description\" content=\"Chocolift Be Powerful Chocolate gourmet com 45% de puro cacau belga e delicados nibs de cacau torrado, crocantes e de sabor intenso, al\u00e9m de extrato arom\u00e1tico de ch\u00e1 verde, pimenta, guaran\u00e1, whey protein, \u00f3leo de coco, fibras sol\u00faveis e ado\u00e7antes naturais.\" \/>\n<meta property=\"og:url\" content=\"https:\/\/bioflexnutrition.com.br\/en\/product\/chocolift-be-powerfull-display-12-barras\/\" \/>\n<meta property=\"og:site_name\" content=\"Bioflex Nutrition\" \/>\n<meta property=\"article:modified_time\" content=\"2025-09-14T17:47:45+00:00\" \/>\n<meta property=\"og:image\" content=\"https:\/\/bioflexnutrition.com.br\/wp-content\/uploads\/2025\/07\/15360914974-chocolift-be-powerful-480g-essential-nutrition-1.webp\" \/>\n\t<meta property=\"og:image:width\" content=\"861\" \/>\n\t<meta property=\"og:image:height\" content=\"1006\" \/>\n\t<meta property=\"og:image:type\" content=\"image\/webp\" \/>\n<meta name=\"twitter:card\" content=\"summary_large_image\" \/>\n<meta name=\"twitter:label1\" content=\"Est. reading time\" \/>\n\t<meta name=\"twitter:data1\" content=\"3 minutes\" \/>\n<script type=\"application\/ld+json\" class=\"yoast-schema-graph\">{\"@context\":\"https:\\\/\\\/schema.org\",\"@graph\":[{\"@type\":[\"WebPage\",\"ItemPage\"],\"@id\":\"https:\\\/\\\/bioflexnutrition.com.br\\\/produto\\\/chocolift-be-powerfull-display-12-barras\\\/\",\"url\":\"https:\\\/\\\/bioflexnutrition.com.br\\\/produto\\\/chocolift-be-powerfull-display-12-barras\\\/\",\"name\":\"Chocolift Be Powerfull Display 12 Barras Essential - Bioflex Nutrition\",\"isPartOf\":{\"@id\":\"https:\\\/\\\/bioflexnutrition.com.br\\\/#website\"},\"primaryImageOfPage\":{\"@id\":\"https:\\\/\\\/bioflexnutrition.com.br\\\/produto\\\/chocolift-be-powerfull-display-12-barras\\\/#primaryimage\"},\"image\":{\"@id\":\"https:\\\/\\\/bioflexnutrition.com.br\\\/produto\\\/chocolift-be-powerfull-display-12-barras\\\/#primaryimage\"},\"thumbnailUrl\":\"https:\\\/\\\/bioflexnutrition.com.br\\\/wp-content\\\/uploads\\\/2025\\\/07\\\/15360914974-chocolift-be-powerful-480g-essential-nutrition-1.webp\",\"datePublished\":\"2025-06-05T23:01:03+00:00\",\"dateModified\":\"2025-09-14T17:47:45+00:00\",\"breadcrumb\":{\"@id\":\"https:\\\/\\\/bioflexnutrition.com.br\\\/produto\\\/chocolift-be-powerfull-display-12-barras\\\/#breadcrumb\"},\"inLanguage\":\"en-US\",\"potentialAction\":[{\"@type\":\"ReadAction\",\"target\":[\"https:\\\/\\\/bioflexnutrition.com.br\\\/produto\\\/chocolift-be-powerfull-display-12-barras\\\/\"]}]},{\"@type\":\"ImageObject\",\"inLanguage\":\"en-US\",\"@id\":\"https:\\\/\\\/bioflexnutrition.com.br\\\/produto\\\/chocolift-be-powerfull-display-12-barras\\\/#primaryimage\",\"url\":\"https:\\\/\\\/bioflexnutrition.com.br\\\/wp-content\\\/uploads\\\/2025\\\/07\\\/15360914974-chocolift-be-powerful-480g-essential-nutrition-1.webp\",\"contentUrl\":\"https:\\\/\\\/bioflexnutrition.com.br\\\/wp-content\\\/uploads\\\/2025\\\/07\\\/15360914974-chocolift-be-powerful-480g-essential-nutrition-1.webp\",\"width\":861,\"height\":1006},{\"@type\":\"BreadcrumbList\",\"@id\":\"https:\\\/\\\/bioflexnutrition.com.br\\\/produto\\\/chocolift-be-powerfull-display-12-barras\\\/#breadcrumb\",\"itemListElement\":[{\"@type\":\"ListItem\",\"position\":1,\"name\":\"In\u00edcio\",\"item\":\"https:\\\/\\\/bioflexnutrition.com.br\\\/\"},{\"@type\":\"ListItem\",\"position\":2,\"name\":\"Loja\",\"item\":\"https:\\\/\\\/bioflexnutrition.com.br\\\/todos\\\/\"},{\"@type\":\"ListItem\",\"position\":3,\"name\":\"Chocolift Be Powerfull Display 12 Barras Essential\"}]},{\"@type\":\"WebSite\",\"@id\":\"https:\\\/\\\/bioflexnutrition.com.br\\\/#website\",\"url\":\"https:\\\/\\\/bioflexnutrition.com.br\\\/\",\"name\":\"Bioflex Nutrition\",\"description\":\"Sua loja online de Nutri\u00e7\u00e3o e Sa\u00fade\",\"publisher\":{\"@id\":\"https:\\\/\\\/bioflexnutrition.com.br\\\/#organization\"},\"potentialAction\":[{\"@type\":\"SearchAction\",\"target\":{\"@type\":\"EntryPoint\",\"urlTemplate\":\"https:\\\/\\\/bioflexnutrition.com.br\\\/?s={search_term_string}\"},\"query-input\":{\"@type\":\"PropertyValueSpecification\",\"valueRequired\":true,\"valueName\":\"search_term_string\"}}],\"inLanguage\":\"en-US\"},{\"@type\":\"Organization\",\"@id\":\"https:\\\/\\\/bioflexnutrition.com.br\\\/#organization\",\"name\":\"Bioflex Nutrition\",\"url\":\"https:\\\/\\\/bioflexnutrition.com.br\\\/\",\"logo\":{\"@type\":\"ImageObject\",\"inLanguage\":\"en-US\",\"@id\":\"https:\\\/\\\/bioflexnutrition.com.br\\\/#\\\/schema\\\/logo\\\/image\\\/\",\"url\":\"https:\\\/\\\/bioflexnutrition.com.br\\\/wp-content\\\/uploads\\\/2025\\\/04\\\/fav.webp\",\"contentUrl\":\"https:\\\/\\\/bioflexnutrition.com.br\\\/wp-content\\\/uploads\\\/2025\\\/04\\\/fav.webp\",\"width\":1150,\"height\":1000,\"caption\":\"Bioflex Nutrition\"},\"image\":{\"@id\":\"https:\\\/\\\/bioflexnutrition.com.br\\\/#\\\/schema\\\/logo\\\/image\\\/\"},\"sameAs\":[\"https:\\\/\\\/www.instagram.com\\\/bioflexnh\\\/\"]}]}<\/script>\n<!-- \/ Yoast SEO plugin. -->","yoast_head_json":{"title":"Chocolift Be Powerfull Display 12 Barras Essential - Bioflex Nutrition","robots":{"index":"index","follow":"follow","max-snippet":"max-snippet:-1","max-image-preview":"max-image-preview:large","max-video-preview":"max-video-preview:-1"},"canonical":"https:\/\/bioflexnutrition.com.br\/en\/product\/chocolift-be-powerfull-display-12-barras\/","og_locale":"en_US","og_type":"article","og_title":"Chocolift Be Powerfull Display 12 Barras Essential - Bioflex Nutrition","og_description":"Chocolift Be Powerful Chocolate gourmet com 45% de puro cacau belga e delicados nibs de cacau torrado, crocantes e de sabor intenso, al\u00e9m de extrato arom\u00e1tico de ch\u00e1 verde, pimenta, guaran\u00e1, whey protein, \u00f3leo de coco, fibras sol\u00faveis e ado\u00e7antes naturais.","og_url":"https:\/\/bioflexnutrition.com.br\/en\/product\/chocolift-be-powerfull-display-12-barras\/","og_site_name":"Bioflex Nutrition","article_modified_time":"2025-09-14T17:47:45+00:00","og_image":[{"width":861,"height":1006,"url":"https:\/\/bioflexnutrition.com.br\/wp-content\/uploads\/2025\/07\/15360914974-chocolift-be-powerful-480g-essential-nutrition-1.webp","type":"image\/webp"}],"twitter_card":"summary_large_image","twitter_misc":{"Est. reading time":"3 minutes"},"schema":{"@context":"https:\/\/schema.org","@graph":[{"@type":["WebPage","ItemPage"],"@id":"https:\/\/bioflexnutrition.com.br\/produto\/chocolift-be-powerfull-display-12-barras\/","url":"https:\/\/bioflexnutrition.com.br\/produto\/chocolift-be-powerfull-display-12-barras\/","name":"Chocolift Be Powerfull Display 12 Barras Essential - Bioflex Nutrition","isPartOf":{"@id":"https:\/\/bioflexnutrition.com.br\/#website"},"primaryImageOfPage":{"@id":"https:\/\/bioflexnutrition.com.br\/produto\/chocolift-be-powerfull-display-12-barras\/#primaryimage"},"image":{"@id":"https:\/\/bioflexnutrition.com.br\/produto\/chocolift-be-powerfull-display-12-barras\/#primaryimage"},"thumbnailUrl":"https:\/\/bioflexnutrition.com.br\/wp-content\/uploads\/2025\/07\/15360914974-chocolift-be-powerful-480g-essential-nutrition-1.webp","datePublished":"2025-06-05T23:01:03+00:00","dateModified":"2025-09-14T17:47:45+00:00","breadcrumb":{"@id":"https:\/\/bioflexnutrition.com.br\/produto\/chocolift-be-powerfull-display-12-barras\/#breadcrumb"},"inLanguage":"en-US","potentialAction":[{"@type":"ReadAction","target":["https:\/\/bioflexnutrition.com.br\/produto\/chocolift-be-powerfull-display-12-barras\/"]}]},{"@type":"ImageObject","inLanguage":"en-US","@id":"https:\/\/bioflexnutrition.com.br\/produto\/chocolift-be-powerfull-display-12-barras\/#primaryimage","url":"https:\/\/bioflexnutrition.com.br\/wp-content\/uploads\/2025\/07\/15360914974-chocolift-be-powerful-480g-essential-nutrition-1.webp","contentUrl":"https:\/\/bioflexnutrition.com.br\/wp-content\/uploads\/2025\/07\/15360914974-chocolift-be-powerful-480g-essential-nutrition-1.webp","width":861,"height":1006},{"@type":"BreadcrumbList","@id":"https:\/\/bioflexnutrition.com.br\/produto\/chocolift-be-powerfull-display-12-barras\/#breadcrumb","itemListElement":[{"@type":"ListItem","position":1,"name":"In\u00edcio","item":"https:\/\/bioflexnutrition.com.br\/"},{"@type":"ListItem","position":2,"name":"Loja","item":"https:\/\/bioflexnutrition.com.br\/todos\/"},{"@type":"ListItem","position":3,"name":"Chocolift Be Powerfull Display 12 Barras Essential"}]},{"@type":"WebSite","@id":"https:\/\/bioflexnutrition.com.br\/#website","url":"https:\/\/bioflexnutrition.com.br\/","name":"Bioflex Nutrition","description":"Sua loja online de Nutri\u00e7\u00e3o e Sa\u00fade","publisher":{"@id":"https:\/\/bioflexnutrition.com.br\/#organization"},"potentialAction":[{"@type":"SearchAction","target":{"@type":"EntryPoint","urlTemplate":"https:\/\/bioflexnutrition.com.br\/?s={search_term_string}"},"query-input":{"@type":"PropertyValueSpecification","valueRequired":true,"valueName":"search_term_string"}}],"inLanguage":"en-US"},{"@type":"Organization","@id":"https:\/\/bioflexnutrition.com.br\/#organization","name":"Bioflex Nutrition","url":"https:\/\/bioflexnutrition.com.br\/","logo":{"@type":"ImageObject","inLanguage":"en-US","@id":"https:\/\/bioflexnutrition.com.br\/#\/schema\/logo\/image\/","url":"https:\/\/bioflexnutrition.com.br\/wp-content\/uploads\/2025\/04\/fav.webp","contentUrl":"https:\/\/bioflexnutrition.com.br\/wp-content\/uploads\/2025\/04\/fav.webp","width":1150,"height":1000,"caption":"Bioflex Nutrition"},"image":{"@id":"https:\/\/bioflexnutrition.com.br\/#\/schema\/logo\/image\/"},"sameAs":["https:\/\/www.instagram.com\/bioflexnh\/"]}]}},"_links":{"self":[{"href":"https:\/\/bioflexnutrition.com.br\/en\/wp-json\/wp\/v2\/product\/6527","targetHints":{"allow":["GET"]}}],"collection":[{"href":"https:\/\/bioflexnutrition.com.br\/en\/wp-json\/wp\/v2\/product"}],"about":[{"href":"https:\/\/bioflexnutrition.com.br\/en\/wp-json\/wp\/v2\/types\/product"}],"replies":[{"embeddable":true,"href":"https:\/\/bioflexnutrition.com.br\/en\/wp-json\/wp\/v2\/comments?post=6527"}],"wp:featuredmedia":[{"embeddable":true,"href":"https:\/\/bioflexnutrition.com.br\/en\/wp-json\/wp\/v2\/media\/7095"}],"wp:attachment":[{"href":"https:\/\/bioflexnutrition.com.br\/en\/wp-json\/wp\/v2\/media?parent=6527"}],"wp:term":[{"taxonomy":"product_cat","embeddable":true,"href":"https:\/\/bioflexnutrition.com.br\/en\/wp-json\/wp\/v2\/product_cat?post=6527"},{"taxonomy":"product_tag","embeddable":true,"href":"https:\/\/bioflexnutrition.com.br\/en\/wp-json\/wp\/v2\/product_tag?post=6527"}],"curies":[{"name":"wp","href":"https:\/\/api.w.org\/{rel}","templated":true}]}}