{"id":6535,"date":"2025-06-05T20:01:29","date_gmt":"2025-06-05T23:01:29","guid":{"rendered":"https:\/\/bioflexnutrition.com.br\/produto\/coq10-omega-3tg-natural-vitamin-e-pote-120-caps-essential\/"},"modified":"2026-04-11T10:42:13","modified_gmt":"2026-04-11T13:42:13","slug":"coq10-omega-3tg-natural-vitamin-e-pote-120-caps-essential","status":"publish","type":"product","link":"https:\/\/bioflexnutrition.com.br\/en\/product\/coq10-omega-3tg-natural-vitamin-e-pote-120-caps-essential\/","title":{"rendered":"CoQ10 + Omega 3TG + Natural Vitamin E  Pote 120 caps Essential"},"content":{"rendered":"<h2>F\u00d3RMULA MAIS COMPLETA<\/h2>\n<p>CoQ10 + Omega\u20113 TG + Natural Vitamin E \u00e9 uma f\u00f3rmula inteligente e eficiente para voc\u00ea manter n\u00edveis adequados de coenzima Q10 no seu organismo.<\/p>\n<p>A \u00fanica a associar vitamina E e \u00f4mega\u20113 TG altamente purificado, favorecendo a absor\u00e7\u00e3o e a a\u00e7\u00e3o da coenzima Q10.<\/p>\n<ul>\n<li><strong>100\u202fmg<\/strong> CoQ10<\/li>\n<li><strong>100\u202fmg<\/strong> Vitamina\u202fE (Mix de Tocofer\u00f3is)<\/li>\n<li><strong>277\u202fmg<\/strong> EPA<\/li>\n<li><strong>185\u202fmg<\/strong> DHA<\/li>\n<\/ul>\n<p><em>Por dose (2 c\u00e1psulas)<\/em><\/p>\n<h2>A COENZIMA Q10 NO NOSSO CORPO<\/h2>\n<p>A partir dos 30 anos \u00e9 comum que as fun\u00e7\u00f5es celulares do nosso corpo comecem a diminuir. O processo de envelhecimento provoca um decl\u00ednio na nossa produ\u00e7\u00e3o natural de Coenzima Q10, uma subst\u00e2ncia bioativa essencial para o organismo.<\/p>\n<p>Ela tem rela\u00e7\u00e3o direta com o funcionamento e o desempenho das nossas c\u00e9lulas, e encontra-se em maior concentra\u00e7\u00e3o nos \u00f3rg\u00e3os que necessitam de muita energia como m\u00fasculos, c\u00e9rebro e cora\u00e7\u00e3o.<\/p>\n<h2>POR QUE ADICIONAMOS VITAMINA E?<\/h2>\n<p>O mix de tocofer\u00f3is complementa a a\u00e7\u00e3o da coenzima Q10, pois a vitamina\u202fE \u00e9 um antioxidante que auxilia na prote\u00e7\u00e3o dos danos causados pelos radicais livres.<\/p>\n<h2>POR QUE ADICIONAMOS \u00d4MEGA\u20113?<\/h2>\n<p>O \u00f4mega\u20113 favorece a absor\u00e7\u00e3o da coenzima Q10, que precisa de um meio lipof\u00edlico para ser absorvida.<\/p>\n<h2>O MAIS NATURAL PARA UMA MELHOR ABSOR\u00c7\u00c3O<\/h2>\n<p>Utilizamos a coenzima Q10 mais pura do mundo, fabricada nos Estados Unidos pela Kaneka\u00ae. Al\u00e9m de 100% natural, sua estrutura \u00e9 id\u00eantica \u00e0 CoQ10 produzida pelo corpo humano, contribuindo para a sua a\u00e7\u00e3o e absor\u00e7\u00e3o.<\/p>\n<p><strong>A CoQ10 da Kaneka\u2122 \u00e9 obtida atrav\u00e9s de um m\u00e9todo de fermenta\u00e7\u00e3o exclusivo:<\/strong><\/p>\n<ol>\n<li>Levedura contendo Coenzima Q10<\/li>\n<li>Cristaliza\u00e7\u00e3o<\/li>\n<li>Extra\u00e7\u00e3o<\/li>\n<li>Secagem<\/li>\n<li>Purifica\u00e7\u00e3o<\/li>\n<\/ol>\n<h2>UMA DOSE DE PLENITUDE<\/h2>\n<p>A coenzima Q10 \u00e9 encontrada em alimentos como peixes, folhas e oleaginosas.<\/p>\n<p>Uma dose de CoQ10 + Omega\u20113 TG + Natural Vitamin\u202fE complementa a alimenta\u00e7\u00e3o com <strong>100\u202fmg de coenzima Q10<\/strong> diariamente.<\/p>\n<h2>INFORMA\u00c7\u00c3O NUTRICIONAL<\/h2>\n<p>Coloque uma aten\u00e7\u00e3o especial na lista de ingredientes: o ingrediente que estiver em maior quantidade vem primeiro, e assim por diante. Voc\u00ea vai perceber que todos os produtos da linha Essential s\u00e3o livres de calorias vazias e cheios de ingredientes naturais. Tudo que adicionamos contribui para uma nutri\u00e7\u00e3o mais completa.<\/p>\n<h2>TABELA NUTRICIONAL<\/h2>\n<table>\n<thead>\n<tr>\n<th>Por\u00e7\u00f5es por embalagem<\/th>\n<td>60 (120 c\u00e1psulas)<\/td>\n<\/tr>\n<tr>\n<th>Por\u00e7\u00e3o<\/th>\n<td>1,5\u202fg (2 c\u00e1psulas)<\/td>\n<\/tr>\n<\/thead>\n<tbody>\n<tr>\n<th>Valor energ\u00e9tico (kcal)<\/th>\n<td>7\u20030% V.D.<\/td>\n<\/tr>\n<tr>\n<th>Gorduras totais (g)<\/th>\n<td>0,8\u20031% V.D.<\/td>\n<\/tr>\n<tr>\n<th>\u2003Gorduras saturadas (g)<\/th>\n<td>0\u20030%<\/td>\n<\/tr>\n<tr>\n<th>\u2003Gorduras trans (g)<\/th>\n<td>0\u20030%<\/td>\n<\/tr>\n<tr>\n<th>\u2003Gorduras poli\u2011insaturadas (g)<\/th>\n<td>0,7\u20034%<\/td>\n<\/tr>\n<tr>\n<th>\u2003\u00d4mega\u202f3 (mg)<\/th>\n<td>462\u200312%<\/td>\n<\/tr>\n<tr>\n<th>\u2003\u2003EPA (mg)<\/th>\n<td>277<\/td>\n<\/tr>\n<tr>\n<th>\u2003\u2003DHA (mg)<\/th>\n<td>185<\/td>\n<\/tr>\n<tr>\n<th>Vitamina\u202fE (mg)<\/th>\n<td>100\u2003667% V.D.<\/td>\n<\/tr>\n<tr>\n<th>Coenzima Q10 (mg)<\/th>\n<td>100<\/td>\n<\/tr>\n<\/tbody>\n<\/table>\n<p><em>N\u00e3o cont\u00e9m quantidades significativas de carboidratos, a\u00e7\u00facares totais, a\u00e7\u00facares adicionados, prote\u00ednas, fibras alimentares e s\u00f3dio.<\/em><\/p>\n<h2>INGREDIENTES<\/h2>\n<p>\u00d3leo de peixe (Pronova Pure\u00ae omega\u20113 TG), mix de tocofer\u00f3is, coenzima Q10 (Kaneka Q10\u00ae).<br \/><strong>Composi\u00e7\u00e3o da c\u00e1psula:<\/strong> gelatina, \u00e1gua purificada, umectante glicerina e corantes naturais carmim e curcumina.<\/p>\n<p><strong>N\u00c3O CONT\u00c9M<\/strong> gl\u00faten.<br \/><strong>AL\u00c9RGICOS:<\/strong> cont\u00e9m derivados de peixe.<\/p>\n<p><small>&#8220;Kaneka Q10\u00ae is a registered trademark of Kaneka Corp. PRONOVA PURE\u00ae is a registered trademark of BASF.&#8221;<\/small><\/p>\n<h2>MODO DE USO<\/h2>\n<p>Ingerir uma c\u00e1psula duas vezes ao dia com uma refei\u00e7\u00e3o, ou conforme orienta\u00e7\u00e3o de m\u00e9dico ou nutricionista.<\/p>\n<p>Manter este produto bem fechado em local fresco, seco e ao abrigo da luz solar. Ap\u00f3s aberto, consumir em at\u00e9 90 dias.<\/p>\n<p>Este produto \u00e9 recomendado para adultos (\u226519 anos).<br \/>Este produto n\u00e3o deve ser consumido por gestantes, lactantes e crian\u00e7as.<br \/>\u201cEste produto n\u00e3o \u00e9 um medicamento.\u201d<br \/>\u201cN\u00e3o exceder a recomenda\u00e7\u00e3o di\u00e1ria de consumo indicada na embalagem.\u201d<br \/>\u201cMantenha fora do alcance de crian\u00e7as.\u201d<\/p>","protected":false},"excerpt":{"rendered":"<p>F\u00f3rmula desenvolvida para suplementar de uma maneira eficiente a coenzima Q10, uma subst\u00e2ncia que tem rela\u00e7\u00e3o direta com o bom funcionamento e desempenho das nossas c\u00e9lulas, e encontra-se em maior concentra\u00e7\u00e3o nos \u00f3rg\u00e3os que necessitam de muita energia, como m\u00fasculos, c\u00e9rebro e cora\u00e7\u00e3o.<\/p>","protected":false},"featured_media":6532,"comment_status":"open","ping_status":"closed","template":"","meta":{"_joinchat":[]},"product_cat":[248,282,160,199,157,164,288,198,230,280],"product_tag":[],"class_list":{"0":"post-6535","1":"product","2":"type-product","3":"status-publish","4":"has-post-thumbnail","6":"product_cat-categorias-e","7":"product_cat-cognitivo-mental-vitaminas","8":"product_cat-essential","9":"product_cat-frete-gratis","10":"product_cat-marcas","11":"product_cat-objetivos-especificos","12":"product_cat-omega-3-vitaminas","13":"product_cat-promocoes","14":"product_cat-saude-e-bem-estar","15":"product_cat-vitaminas","17":"first","18":"instock","19":"shipping-taxable","20":"purchasable","21":"product-type-simple","22":"col-xs-6 col-sm-4","23":"col-md-3 col-lg-3","24":"un-4-cols"},"yoast_head":"<!-- This site is optimized with the Yoast SEO plugin v27.3 - https:\/\/yoast.com\/product\/yoast-seo-wordpress\/ -->\n<title>CoQ10 + Omega 3TG + Natural Vitamin E Pote 120 caps Essential - Bioflex Nutrition<\/title>\n<meta name=\"robots\" content=\"index, follow, max-snippet:-1, max-image-preview:large, max-video-preview:-1\" \/>\n<link rel=\"canonical\" href=\"https:\/\/bioflexnutrition.com.br\/en\/product\/coq10-omega-3tg-natural-vitamin-e-pote-120-caps-essential\/\" \/>\n<meta property=\"og:locale\" content=\"en_US\" \/>\n<meta property=\"og:type\" content=\"article\" \/>\n<meta property=\"og:title\" content=\"CoQ10 + Omega 3TG + Natural Vitamin E Pote 120 caps Essential - Bioflex Nutrition\" \/>\n<meta property=\"og:description\" content=\"F\u00f3rmula desenvolvida para suplementar de uma maneira eficiente a coenzima Q10, uma subst\u00e2ncia que tem rela\u00e7\u00e3o direta com o bom funcionamento e desempenho das nossas c\u00e9lulas, e encontra-se em maior concentra\u00e7\u00e3o nos \u00f3rg\u00e3os que necessitam de muita energia, como m\u00fasculos, c\u00e9rebro e cora\u00e7\u00e3o.\" \/>\n<meta property=\"og:url\" content=\"https:\/\/bioflexnutrition.com.br\/en\/product\/coq10-omega-3tg-natural-vitamin-e-pote-120-caps-essential\/\" \/>\n<meta property=\"og:site_name\" content=\"Bioflex Nutrition\" \/>\n<meta property=\"article:modified_time\" content=\"2026-04-11T13:42:13+00:00\" \/>\n<meta property=\"og:image\" content=\"https:\/\/bioflexnutrition.com.br\/wp-content\/uploads\/2025\/06\/15347118291-coq-10-120-caps.png\" \/>\n\t<meta property=\"og:image:width\" content=\"1200\" \/>\n\t<meta property=\"og:image:height\" content=\"1200\" \/>\n\t<meta property=\"og:image:type\" content=\"image\/png\" \/>\n<meta name=\"twitter:card\" content=\"summary_large_image\" \/>\n<meta name=\"twitter:label1\" content=\"Est. reading time\" \/>\n\t<meta name=\"twitter:data1\" content=\"4 minutes\" \/>\n<script type=\"application\/ld+json\" class=\"yoast-schema-graph\">{\"@context\":\"https:\\\/\\\/schema.org\",\"@graph\":[{\"@type\":[\"WebPage\",\"ItemPage\"],\"@id\":\"https:\\\/\\\/bioflexnutrition.com.br\\\/produto\\\/coq10-omega-3tg-natural-vitamin-e-pote-120-caps-essential\\\/\",\"url\":\"https:\\\/\\\/bioflexnutrition.com.br\\\/produto\\\/coq10-omega-3tg-natural-vitamin-e-pote-120-caps-essential\\\/\",\"name\":\"CoQ10 + Omega 3TG + Natural Vitamin E Pote 120 caps Essential - Bioflex Nutrition\",\"isPartOf\":{\"@id\":\"https:\\\/\\\/bioflexnutrition.com.br\\\/#website\"},\"primaryImageOfPage\":{\"@id\":\"https:\\\/\\\/bioflexnutrition.com.br\\\/produto\\\/coq10-omega-3tg-natural-vitamin-e-pote-120-caps-essential\\\/#primaryimage\"},\"image\":{\"@id\":\"https:\\\/\\\/bioflexnutrition.com.br\\\/produto\\\/coq10-omega-3tg-natural-vitamin-e-pote-120-caps-essential\\\/#primaryimage\"},\"thumbnailUrl\":\"https:\\\/\\\/bioflexnutrition.com.br\\\/wp-content\\\/uploads\\\/2025\\\/06\\\/15347118291-coq-10-120-caps.png\",\"datePublished\":\"2025-06-05T23:01:29+00:00\",\"dateModified\":\"2026-04-11T13:42:13+00:00\",\"breadcrumb\":{\"@id\":\"https:\\\/\\\/bioflexnutrition.com.br\\\/produto\\\/coq10-omega-3tg-natural-vitamin-e-pote-120-caps-essential\\\/#breadcrumb\"},\"inLanguage\":\"en-US\",\"potentialAction\":[{\"@type\":\"ReadAction\",\"target\":[\"https:\\\/\\\/bioflexnutrition.com.br\\\/produto\\\/coq10-omega-3tg-natural-vitamin-e-pote-120-caps-essential\\\/\"]}]},{\"@type\":\"ImageObject\",\"inLanguage\":\"en-US\",\"@id\":\"https:\\\/\\\/bioflexnutrition.com.br\\\/produto\\\/coq10-omega-3tg-natural-vitamin-e-pote-120-caps-essential\\\/#primaryimage\",\"url\":\"https:\\\/\\\/bioflexnutrition.com.br\\\/wp-content\\\/uploads\\\/2025\\\/06\\\/15347118291-coq-10-120-caps.png\",\"contentUrl\":\"https:\\\/\\\/bioflexnutrition.com.br\\\/wp-content\\\/uploads\\\/2025\\\/06\\\/15347118291-coq-10-120-caps.png\",\"width\":1200,\"height\":1200},{\"@type\":\"BreadcrumbList\",\"@id\":\"https:\\\/\\\/bioflexnutrition.com.br\\\/produto\\\/coq10-omega-3tg-natural-vitamin-e-pote-120-caps-essential\\\/#breadcrumb\",\"itemListElement\":[{\"@type\":\"ListItem\",\"position\":1,\"name\":\"In\u00edcio\",\"item\":\"https:\\\/\\\/bioflexnutrition.com.br\\\/\"},{\"@type\":\"ListItem\",\"position\":2,\"name\":\"Loja\",\"item\":\"https:\\\/\\\/bioflexnutrition.com.br\\\/todos\\\/\"},{\"@type\":\"ListItem\",\"position\":3,\"name\":\"CoQ10 + Omega 3TG + Natural Vitamin E Pote 120 caps Essential\"}]},{\"@type\":\"WebSite\",\"@id\":\"https:\\\/\\\/bioflexnutrition.com.br\\\/#website\",\"url\":\"https:\\\/\\\/bioflexnutrition.com.br\\\/\",\"name\":\"Bioflex Nutrition\",\"description\":\"Sua loja online de Nutri\u00e7\u00e3o e Sa\u00fade\",\"publisher\":{\"@id\":\"https:\\\/\\\/bioflexnutrition.com.br\\\/#organization\"},\"potentialAction\":[{\"@type\":\"SearchAction\",\"target\":{\"@type\":\"EntryPoint\",\"urlTemplate\":\"https:\\\/\\\/bioflexnutrition.com.br\\\/?s={search_term_string}\"},\"query-input\":{\"@type\":\"PropertyValueSpecification\",\"valueRequired\":true,\"valueName\":\"search_term_string\"}}],\"inLanguage\":\"en-US\"},{\"@type\":\"Organization\",\"@id\":\"https:\\\/\\\/bioflexnutrition.com.br\\\/#organization\",\"name\":\"Bioflex Nutrition\",\"url\":\"https:\\\/\\\/bioflexnutrition.com.br\\\/\",\"logo\":{\"@type\":\"ImageObject\",\"inLanguage\":\"en-US\",\"@id\":\"https:\\\/\\\/bioflexnutrition.com.br\\\/#\\\/schema\\\/logo\\\/image\\\/\",\"url\":\"https:\\\/\\\/bioflexnutrition.com.br\\\/wp-content\\\/uploads\\\/2025\\\/04\\\/fav.webp\",\"contentUrl\":\"https:\\\/\\\/bioflexnutrition.com.br\\\/wp-content\\\/uploads\\\/2025\\\/04\\\/fav.webp\",\"width\":1150,\"height\":1000,\"caption\":\"Bioflex Nutrition\"},\"image\":{\"@id\":\"https:\\\/\\\/bioflexnutrition.com.br\\\/#\\\/schema\\\/logo\\\/image\\\/\"},\"sameAs\":[\"https:\\\/\\\/www.instagram.com\\\/bioflexnh\\\/\"]}]}<\/script>\n<!-- \/ Yoast SEO plugin. -->","yoast_head_json":{"title":"CoQ10 + Omega 3TG + Natural Vitamin E Pote 120 caps Essential - Bioflex Nutrition","robots":{"index":"index","follow":"follow","max-snippet":"max-snippet:-1","max-image-preview":"max-image-preview:large","max-video-preview":"max-video-preview:-1"},"canonical":"https:\/\/bioflexnutrition.com.br\/en\/product\/coq10-omega-3tg-natural-vitamin-e-pote-120-caps-essential\/","og_locale":"en_US","og_type":"article","og_title":"CoQ10 + Omega 3TG + Natural Vitamin E Pote 120 caps Essential - Bioflex Nutrition","og_description":"F\u00f3rmula desenvolvida para suplementar de uma maneira eficiente a coenzima Q10, uma subst\u00e2ncia que tem rela\u00e7\u00e3o direta com o bom funcionamento e desempenho das nossas c\u00e9lulas, e encontra-se em maior concentra\u00e7\u00e3o nos \u00f3rg\u00e3os que necessitam de muita energia, como m\u00fasculos, c\u00e9rebro e cora\u00e7\u00e3o.","og_url":"https:\/\/bioflexnutrition.com.br\/en\/product\/coq10-omega-3tg-natural-vitamin-e-pote-120-caps-essential\/","og_site_name":"Bioflex Nutrition","article_modified_time":"2026-04-11T13:42:13+00:00","og_image":[{"width":1200,"height":1200,"url":"https:\/\/bioflexnutrition.com.br\/wp-content\/uploads\/2025\/06\/15347118291-coq-10-120-caps.png","type":"image\/png"}],"twitter_card":"summary_large_image","twitter_misc":{"Est. reading time":"4 minutes"},"schema":{"@context":"https:\/\/schema.org","@graph":[{"@type":["WebPage","ItemPage"],"@id":"https:\/\/bioflexnutrition.com.br\/produto\/coq10-omega-3tg-natural-vitamin-e-pote-120-caps-essential\/","url":"https:\/\/bioflexnutrition.com.br\/produto\/coq10-omega-3tg-natural-vitamin-e-pote-120-caps-essential\/","name":"CoQ10 + Omega 3TG + Natural Vitamin E Pote 120 caps Essential - Bioflex Nutrition","isPartOf":{"@id":"https:\/\/bioflexnutrition.com.br\/#website"},"primaryImageOfPage":{"@id":"https:\/\/bioflexnutrition.com.br\/produto\/coq10-omega-3tg-natural-vitamin-e-pote-120-caps-essential\/#primaryimage"},"image":{"@id":"https:\/\/bioflexnutrition.com.br\/produto\/coq10-omega-3tg-natural-vitamin-e-pote-120-caps-essential\/#primaryimage"},"thumbnailUrl":"https:\/\/bioflexnutrition.com.br\/wp-content\/uploads\/2025\/06\/15347118291-coq-10-120-caps.png","datePublished":"2025-06-05T23:01:29+00:00","dateModified":"2026-04-11T13:42:13+00:00","breadcrumb":{"@id":"https:\/\/bioflexnutrition.com.br\/produto\/coq10-omega-3tg-natural-vitamin-e-pote-120-caps-essential\/#breadcrumb"},"inLanguage":"en-US","potentialAction":[{"@type":"ReadAction","target":["https:\/\/bioflexnutrition.com.br\/produto\/coq10-omega-3tg-natural-vitamin-e-pote-120-caps-essential\/"]}]},{"@type":"ImageObject","inLanguage":"en-US","@id":"https:\/\/bioflexnutrition.com.br\/produto\/coq10-omega-3tg-natural-vitamin-e-pote-120-caps-essential\/#primaryimage","url":"https:\/\/bioflexnutrition.com.br\/wp-content\/uploads\/2025\/06\/15347118291-coq-10-120-caps.png","contentUrl":"https:\/\/bioflexnutrition.com.br\/wp-content\/uploads\/2025\/06\/15347118291-coq-10-120-caps.png","width":1200,"height":1200},{"@type":"BreadcrumbList","@id":"https:\/\/bioflexnutrition.com.br\/produto\/coq10-omega-3tg-natural-vitamin-e-pote-120-caps-essential\/#breadcrumb","itemListElement":[{"@type":"ListItem","position":1,"name":"In\u00edcio","item":"https:\/\/bioflexnutrition.com.br\/"},{"@type":"ListItem","position":2,"name":"Loja","item":"https:\/\/bioflexnutrition.com.br\/todos\/"},{"@type":"ListItem","position":3,"name":"CoQ10 + Omega 3TG + Natural Vitamin E Pote 120 caps Essential"}]},{"@type":"WebSite","@id":"https:\/\/bioflexnutrition.com.br\/#website","url":"https:\/\/bioflexnutrition.com.br\/","name":"Bioflex Nutrition","description":"Sua loja online de Nutri\u00e7\u00e3o e Sa\u00fade","publisher":{"@id":"https:\/\/bioflexnutrition.com.br\/#organization"},"potentialAction":[{"@type":"SearchAction","target":{"@type":"EntryPoint","urlTemplate":"https:\/\/bioflexnutrition.com.br\/?s={search_term_string}"},"query-input":{"@type":"PropertyValueSpecification","valueRequired":true,"valueName":"search_term_string"}}],"inLanguage":"en-US"},{"@type":"Organization","@id":"https:\/\/bioflexnutrition.com.br\/#organization","name":"Bioflex Nutrition","url":"https:\/\/bioflexnutrition.com.br\/","logo":{"@type":"ImageObject","inLanguage":"en-US","@id":"https:\/\/bioflexnutrition.com.br\/#\/schema\/logo\/image\/","url":"https:\/\/bioflexnutrition.com.br\/wp-content\/uploads\/2025\/04\/fav.webp","contentUrl":"https:\/\/bioflexnutrition.com.br\/wp-content\/uploads\/2025\/04\/fav.webp","width":1150,"height":1000,"caption":"Bioflex Nutrition"},"image":{"@id":"https:\/\/bioflexnutrition.com.br\/#\/schema\/logo\/image\/"},"sameAs":["https:\/\/www.instagram.com\/bioflexnh\/"]}]}},"_links":{"self":[{"href":"https:\/\/bioflexnutrition.com.br\/en\/wp-json\/wp\/v2\/product\/6535","targetHints":{"allow":["GET"]}}],"collection":[{"href":"https:\/\/bioflexnutrition.com.br\/en\/wp-json\/wp\/v2\/product"}],"about":[{"href":"https:\/\/bioflexnutrition.com.br\/en\/wp-json\/wp\/v2\/types\/product"}],"replies":[{"embeddable":true,"href":"https:\/\/bioflexnutrition.com.br\/en\/wp-json\/wp\/v2\/comments?post=6535"}],"wp:featuredmedia":[{"embeddable":true,"href":"https:\/\/bioflexnutrition.com.br\/en\/wp-json\/wp\/v2\/media\/6532"}],"wp:attachment":[{"href":"https:\/\/bioflexnutrition.com.br\/en\/wp-json\/wp\/v2\/media?parent=6535"}],"wp:term":[{"taxonomy":"product_cat","embeddable":true,"href":"https:\/\/bioflexnutrition.com.br\/en\/wp-json\/wp\/v2\/product_cat?post=6535"},{"taxonomy":"product_tag","embeddable":true,"href":"https:\/\/bioflexnutrition.com.br\/en\/wp-json\/wp\/v2\/product_tag?post=6535"}],"curies":[{"name":"wp","href":"https:\/\/api.w.org\/{rel}","templated":true}]}}