{"id":6548,"date":"2025-06-05T20:02:16","date_gmt":"2025-06-05T23:02:16","guid":{"rendered":"https:\/\/bioflexnutrition.com.br\/produto\/espresso-whey-cafe-display-420g-14ds-essential\/"},"modified":"2026-03-31T16:50:19","modified_gmt":"2026-03-31T19:50:19","slug":"espresso-whey-cafe-display-420g-14ds-essential","status":"publish","type":"product","link":"https:\/\/bioflexnutrition.com.br\/en\/product\/espresso-whey-cafe-display-420g-14ds-essential\/","title":{"rendered":"Espresso Whey Caf\u00e9 Display 420g\/14DS Essential"},"content":{"rendered":"<h2>O QUE \u00c9 ESPRESSO WHEY<\/h2>\n<p>A intensidade do caf\u00e9 \u00e9 a caracter\u00edstica marcante do Espresso Whey, que combina Whey Protein Hidrolisado e Isolado com puro caf\u00e9 e notas de cacau e canela, al\u00e9m de col\u00e1geno hidrolisado em pept\u00eddeos. Cada dose fornece 29% das necessidades di\u00e1rias de prote\u00edna para um adulto, obtida por CFM (Cross\u2011Flow Microfiltration), sem uso de produtos qu\u00edmicos. 22\u202fg de prote\u00edna\u00a0|\u00a04,3\u202fg de BCAA\u00a0|\u00a0135\u202fmg de cafe\u00edna natural\u00a0|\u00a0Ado\u00e7ado com est\u00e9via<\/p>\n<h2>CONT\u00c9M<\/h2>\n<ul>\n<li>Whey Protein Hidrolisado e Isolado (Thermax\u202f690\u00ae e Provon\u202f292\u00ae)<\/li>\n<li>Col\u00e1geno hidrolisado em pept\u00eddeos (Peptan\u00ae)<\/li>\n<li>BCAA naturalmente em sua composi\u00e7\u00e3o<\/li>\n<li>Puro caf\u00e9 (Coffea robusta)<\/li>\n<li>Cacau\u00a0100%\u00a0puro<\/li>\n<li>Extrato natural de canela<\/li>\n<li>Ado\u00e7ado com est\u00e9via<\/li>\n<\/ul>\n<h2>N\u00c3O CONT\u00c9M<\/h2>\n<ul>\n<li>Whey Protein concentrado<\/li>\n<li>Case\u00edna<\/li>\n<li>Ado\u00e7antes, corantes e aromas artificiais<\/li>\n<li>A\u00e7\u00facar, gl\u00faten, lactose, conservantes<\/li>\n<\/ul>\n<h2>BUT FIRST, COFFEE<\/h2>\n<p>A combina\u00e7\u00e3o do puro caf\u00e9 (Coffea robusta) com notas de cacau e canela convida seus sentidos a uma experi\u00eancia \u00fanica.<\/p>\n<h2>D\u00ca AO SEU DIA A INTENSIDADE QUE VOC\u00ca PRECISA<\/h2>\n<p>Quem acorda cedo pode usar Espresso Whey antes ou depois do treino. As 135\u202fmg de cafe\u00edna natural ajudam a tirar voc\u00ea da cama!<\/p>\n<h2>QUEM VAI DE ESPRESSO WHEY<\/h2>\n<ul>\n<li>Quem acorda cedo: op\u00e7\u00e3o perfeita para o caf\u00e9 da manh\u00e3<\/li>\n<li>Quem quer manter o foco: ingredientes de qualidade e sabor<\/li>\n<li>Executivos: acompanha rotina agitada de reuni\u00f5es e treinos<\/li>\n<li>Amantes do caf\u00e9: sabor intenso e proteico<\/li>\n<\/ul>\n<h2>INFORMA\u00c7\u00c3O NUTRICIONAL<\/h2>\n<p>Confira sempre a lista de ingredientes em ordem decrescente. Produtos da linha Essential s\u00e3o livres de calorias vazias e feitos com insumos naturais.<\/p>\n<h2>TABELA NUTRICIONAL<\/h2>\n<table>\n<thead>\n<tr>\n<th>Por\u00e7\u00f5es por embalagem<\/th>\n<td>14 (420\u202fg)<\/td>\n<\/tr>\n<tr>\n<th>Por\u00e7\u00e3o<\/th>\n<td>30\u202fg (1 sach\u00ea)<\/td>\n<\/tr>\n<\/thead>\n<tbody>\n<tr>\n<th>Valor energ\u00e9tico<\/th>\n<td>110\u202fkcal\u00a06%<\/td>\n<\/tr>\n<tr>\n<th>Carboidratos<\/th>\n<td>4,5\u202fg\u00a02%<\/td>\n<\/tr>\n<tr>\n<th>A\u00e7\u00facares totais<\/th>\n<td>0\u202fg<\/td>\n<\/tr>\n<tr>\n<th>Prote\u00ednas<\/th>\n<td>22\u202fg\u00a044%<\/td>\n<\/tr>\n<tr>\n<th>Gorduras totais<\/th>\n<td>0,4\u202fg\u00a01%<\/td>\n<\/tr>\n<tr>\n<th>Gorduras saturadas<\/th>\n<td>0,2\u202fg\u00a01%<\/td>\n<\/tr>\n<tr>\n<th>Fibras alimentares<\/th>\n<td>0,7\u202fg\u00a03%<\/td>\n<\/tr>\n<tr>\n<th>S\u00f3dio<\/th>\n<td>86\u202fmg\u00a04%<\/td>\n<\/tr>\n<tr>\n<th>C\u00e1lcio<\/th>\n<td>87\u202fmg\u00a09%<\/td>\n<\/tr>\n<tr>\n<th>F\u00f3sforo<\/th>\n<td>55\u202fmg\u00a08%<\/td>\n<\/tr>\n<tr>\n<th>Magn\u00e9sio<\/th>\n<td>20\u202fmg\u00a05%<\/td>\n<\/tr>\n<\/tbody>\n<\/table>\n<p>*% Valores di\u00e1rios por por\u00e7\u00e3o.<\/p>\n<h2>INGREDIENTES<\/h2>\n<p>Prote\u00ednas hidrolisada e isolada do soro de leite (Thermax\u00ae\u202f690 e Provon\u00ae\u202f292), caf\u00e9 em p\u00f3 (Coffea robusta), col\u00e1geno hidrolisado em pept\u00eddeos (Peptan\u00ae), cacau em p\u00f3, goma ac\u00e1cia, goma guar, aromas natural e id\u00eantico ao natural, extrato natural de canela, espessante goma xantana, edulcorante glicos\u00eddeos de esteviol (est\u00e9via). <strong>N\u00e3o cont\u00e9m<\/strong> gl\u00faten. <strong>Al\u00e9rgicos:<\/strong> cont\u00e9m derivados de leite e soja (lecitina de soja ~0,1\u202fg\/por\u00e7\u00e3o).<\/p>\n<h2>MODO DE PREPARO<\/h2>\n<p>Adicione 30\u202fg (1 colher\u2011medida) em ~200\u202fml de \u00e1gua e misture at\u00e9 homogeneiza\u00e7\u00e3o. Beba imediatamente. Recomenda-se uso di\u00e1rio ou conforme orienta\u00e7\u00e3o de m\u00e9dico\/nutricionista. Conservar em local fresco, seco e ao abrigo da luz. Ap\u00f3s aberto, consumir em at\u00e9 30\u202fdias. Recomendado para adultos (\u226519\u202fanos). N\u00e3o indicado para gestantes, lactantes e crian\u00e7as.<\/p>","protected":false},"excerpt":{"rendered":"<p>Espresso Whey<\/p>\n<p>\u00a0<\/p>\n<p>Whey protein hidrolisado e isolado, com pept\u00eddeos de col\u00e1geno e a intensidade do caf\u00e9 (com 135mg de cafe\u00edna), harmonizada com notas de cacau e canela.<\/p>","protected":false},"featured_media":6546,"comment_status":"open","ping_status":"closed","template":"","meta":{"_joinchat":[]},"product_cat":[248,160,199,157,164,169,170,198,272,266],"product_tag":[],"class_list":{"0":"post-6548","1":"product","2":"type-product","3":"status-publish","4":"has-post-thumbnail","6":"product_cat-categorias-e","7":"product_cat-essential","8":"product_cat-frete-gratis","9":"product_cat-marcas","10":"product_cat-objetivos-especificos","11":"product_cat-para-emagrecimento","12":"product_cat-para-ganho-de-massa","13":"product_cat-promocoes","14":"product_cat-proteina-isolada-hidrolisada-whey","15":"product_cat-proteinas-categorias-ecommerce","17":"first","18":"instock","19":"shipping-taxable","20":"purchasable","21":"product-type-simple","22":"col-xs-6 col-sm-4","23":"col-md-3 col-lg-3","24":"un-4-cols"},"yoast_head":"<!-- This site is optimized with the Yoast SEO plugin v27.3 - https:\/\/yoast.com\/product\/yoast-seo-wordpress\/ -->\n<title>Espresso Whey Caf\u00e9 Display 420g\/14DS Essential - Bioflex Nutrition<\/title>\n<meta name=\"robots\" content=\"index, follow, max-snippet:-1, max-image-preview:large, max-video-preview:-1\" \/>\n<link rel=\"canonical\" href=\"https:\/\/bioflexnutrition.com.br\/en\/product\/espresso-whey-cafe-display-420g-14ds-essential\/\" \/>\n<meta property=\"og:locale\" content=\"en_US\" \/>\n<meta property=\"og:type\" content=\"article\" \/>\n<meta property=\"og:title\" content=\"Espresso Whey Caf\u00e9 Display 420g\/14DS Essential - Bioflex Nutrition\" \/>\n<meta property=\"og:description\" content=\"Espresso Whey \u00a0 Whey protein hidrolisado e isolado, com pept\u00eddeos de col\u00e1geno e a intensidade do caf\u00e9 (com 135mg de cafe\u00edna), harmonizada com notas de cacau e canela.\" \/>\n<meta property=\"og:url\" content=\"https:\/\/bioflexnutrition.com.br\/en\/product\/espresso-whey-cafe-display-420g-14ds-essential\/\" \/>\n<meta property=\"og:site_name\" content=\"Bioflex Nutrition\" \/>\n<meta property=\"article:modified_time\" content=\"2026-03-31T19:50:19+00:00\" \/>\n<meta property=\"og:image\" content=\"https:\/\/bioflexnutrition.com.br\/wp-content\/uploads\/2025\/06\/15347115071-espresso-whey-box.jpg\" \/>\n\t<meta property=\"og:image:width\" content=\"1000\" \/>\n\t<meta property=\"og:image:height\" content=\"1000\" \/>\n\t<meta property=\"og:image:type\" content=\"image\/jpeg\" \/>\n<meta name=\"twitter:card\" content=\"summary_large_image\" \/>\n<meta name=\"twitter:label1\" content=\"Est. reading time\" \/>\n\t<meta name=\"twitter:data1\" content=\"3 minutes\" \/>\n<script type=\"application\/ld+json\" class=\"yoast-schema-graph\">{\"@context\":\"https:\\\/\\\/schema.org\",\"@graph\":[{\"@type\":[\"WebPage\",\"ItemPage\"],\"@id\":\"https:\\\/\\\/bioflexnutrition.com.br\\\/produto\\\/espresso-whey-cafe-display-420g-14ds-essential\\\/\",\"url\":\"https:\\\/\\\/bioflexnutrition.com.br\\\/produto\\\/espresso-whey-cafe-display-420g-14ds-essential\\\/\",\"name\":\"Espresso Whey Caf\u00e9 Display 420g\\\/14DS Essential - Bioflex Nutrition\",\"isPartOf\":{\"@id\":\"https:\\\/\\\/bioflexnutrition.com.br\\\/#website\"},\"primaryImageOfPage\":{\"@id\":\"https:\\\/\\\/bioflexnutrition.com.br\\\/produto\\\/espresso-whey-cafe-display-420g-14ds-essential\\\/#primaryimage\"},\"image\":{\"@id\":\"https:\\\/\\\/bioflexnutrition.com.br\\\/produto\\\/espresso-whey-cafe-display-420g-14ds-essential\\\/#primaryimage\"},\"thumbnailUrl\":\"https:\\\/\\\/bioflexnutrition.com.br\\\/wp-content\\\/uploads\\\/2025\\\/06\\\/15347115071-espresso-whey-box.jpg\",\"datePublished\":\"2025-06-05T23:02:16+00:00\",\"dateModified\":\"2026-03-31T19:50:19+00:00\",\"breadcrumb\":{\"@id\":\"https:\\\/\\\/bioflexnutrition.com.br\\\/produto\\\/espresso-whey-cafe-display-420g-14ds-essential\\\/#breadcrumb\"},\"inLanguage\":\"en-US\",\"potentialAction\":[{\"@type\":\"ReadAction\",\"target\":[\"https:\\\/\\\/bioflexnutrition.com.br\\\/produto\\\/espresso-whey-cafe-display-420g-14ds-essential\\\/\"]}]},{\"@type\":\"ImageObject\",\"inLanguage\":\"en-US\",\"@id\":\"https:\\\/\\\/bioflexnutrition.com.br\\\/produto\\\/espresso-whey-cafe-display-420g-14ds-essential\\\/#primaryimage\",\"url\":\"https:\\\/\\\/bioflexnutrition.com.br\\\/wp-content\\\/uploads\\\/2025\\\/06\\\/15347115071-espresso-whey-box.jpg\",\"contentUrl\":\"https:\\\/\\\/bioflexnutrition.com.br\\\/wp-content\\\/uploads\\\/2025\\\/06\\\/15347115071-espresso-whey-box.jpg\",\"width\":1000,\"height\":1000},{\"@type\":\"BreadcrumbList\",\"@id\":\"https:\\\/\\\/bioflexnutrition.com.br\\\/produto\\\/espresso-whey-cafe-display-420g-14ds-essential\\\/#breadcrumb\",\"itemListElement\":[{\"@type\":\"ListItem\",\"position\":1,\"name\":\"In\u00edcio\",\"item\":\"https:\\\/\\\/bioflexnutrition.com.br\\\/\"},{\"@type\":\"ListItem\",\"position\":2,\"name\":\"Loja\",\"item\":\"https:\\\/\\\/bioflexnutrition.com.br\\\/todos\\\/\"},{\"@type\":\"ListItem\",\"position\":3,\"name\":\"Espresso Whey Caf\u00e9 Display 420g\\\/14DS Essential\"}]},{\"@type\":\"WebSite\",\"@id\":\"https:\\\/\\\/bioflexnutrition.com.br\\\/#website\",\"url\":\"https:\\\/\\\/bioflexnutrition.com.br\\\/\",\"name\":\"Bioflex Nutrition\",\"description\":\"Sua loja online de Nutri\u00e7\u00e3o e Sa\u00fade\",\"publisher\":{\"@id\":\"https:\\\/\\\/bioflexnutrition.com.br\\\/#organization\"},\"potentialAction\":[{\"@type\":\"SearchAction\",\"target\":{\"@type\":\"EntryPoint\",\"urlTemplate\":\"https:\\\/\\\/bioflexnutrition.com.br\\\/?s={search_term_string}\"},\"query-input\":{\"@type\":\"PropertyValueSpecification\",\"valueRequired\":true,\"valueName\":\"search_term_string\"}}],\"inLanguage\":\"en-US\"},{\"@type\":\"Organization\",\"@id\":\"https:\\\/\\\/bioflexnutrition.com.br\\\/#organization\",\"name\":\"Bioflex Nutrition\",\"url\":\"https:\\\/\\\/bioflexnutrition.com.br\\\/\",\"logo\":{\"@type\":\"ImageObject\",\"inLanguage\":\"en-US\",\"@id\":\"https:\\\/\\\/bioflexnutrition.com.br\\\/#\\\/schema\\\/logo\\\/image\\\/\",\"url\":\"https:\\\/\\\/bioflexnutrition.com.br\\\/wp-content\\\/uploads\\\/2025\\\/04\\\/fav.webp\",\"contentUrl\":\"https:\\\/\\\/bioflexnutrition.com.br\\\/wp-content\\\/uploads\\\/2025\\\/04\\\/fav.webp\",\"width\":1150,\"height\":1000,\"caption\":\"Bioflex Nutrition\"},\"image\":{\"@id\":\"https:\\\/\\\/bioflexnutrition.com.br\\\/#\\\/schema\\\/logo\\\/image\\\/\"},\"sameAs\":[\"https:\\\/\\\/www.instagram.com\\\/bioflexnh\\\/\"]}]}<\/script>\n<!-- \/ Yoast SEO plugin. -->","yoast_head_json":{"title":"Espresso Whey Caf\u00e9 Display 420g\/14DS Essential - Bioflex Nutrition","robots":{"index":"index","follow":"follow","max-snippet":"max-snippet:-1","max-image-preview":"max-image-preview:large","max-video-preview":"max-video-preview:-1"},"canonical":"https:\/\/bioflexnutrition.com.br\/en\/product\/espresso-whey-cafe-display-420g-14ds-essential\/","og_locale":"en_US","og_type":"article","og_title":"Espresso Whey Caf\u00e9 Display 420g\/14DS Essential - Bioflex Nutrition","og_description":"Espresso Whey \u00a0 Whey protein hidrolisado e isolado, com pept\u00eddeos de col\u00e1geno e a intensidade do caf\u00e9 (com 135mg de cafe\u00edna), harmonizada com notas de cacau e canela.","og_url":"https:\/\/bioflexnutrition.com.br\/en\/product\/espresso-whey-cafe-display-420g-14ds-essential\/","og_site_name":"Bioflex Nutrition","article_modified_time":"2026-03-31T19:50:19+00:00","og_image":[{"width":1000,"height":1000,"url":"https:\/\/bioflexnutrition.com.br\/wp-content\/uploads\/2025\/06\/15347115071-espresso-whey-box.jpg","type":"image\/jpeg"}],"twitter_card":"summary_large_image","twitter_misc":{"Est. reading time":"3 minutes"},"schema":{"@context":"https:\/\/schema.org","@graph":[{"@type":["WebPage","ItemPage"],"@id":"https:\/\/bioflexnutrition.com.br\/produto\/espresso-whey-cafe-display-420g-14ds-essential\/","url":"https:\/\/bioflexnutrition.com.br\/produto\/espresso-whey-cafe-display-420g-14ds-essential\/","name":"Espresso Whey Caf\u00e9 Display 420g\/14DS Essential - Bioflex Nutrition","isPartOf":{"@id":"https:\/\/bioflexnutrition.com.br\/#website"},"primaryImageOfPage":{"@id":"https:\/\/bioflexnutrition.com.br\/produto\/espresso-whey-cafe-display-420g-14ds-essential\/#primaryimage"},"image":{"@id":"https:\/\/bioflexnutrition.com.br\/produto\/espresso-whey-cafe-display-420g-14ds-essential\/#primaryimage"},"thumbnailUrl":"https:\/\/bioflexnutrition.com.br\/wp-content\/uploads\/2025\/06\/15347115071-espresso-whey-box.jpg","datePublished":"2025-06-05T23:02:16+00:00","dateModified":"2026-03-31T19:50:19+00:00","breadcrumb":{"@id":"https:\/\/bioflexnutrition.com.br\/produto\/espresso-whey-cafe-display-420g-14ds-essential\/#breadcrumb"},"inLanguage":"en-US","potentialAction":[{"@type":"ReadAction","target":["https:\/\/bioflexnutrition.com.br\/produto\/espresso-whey-cafe-display-420g-14ds-essential\/"]}]},{"@type":"ImageObject","inLanguage":"en-US","@id":"https:\/\/bioflexnutrition.com.br\/produto\/espresso-whey-cafe-display-420g-14ds-essential\/#primaryimage","url":"https:\/\/bioflexnutrition.com.br\/wp-content\/uploads\/2025\/06\/15347115071-espresso-whey-box.jpg","contentUrl":"https:\/\/bioflexnutrition.com.br\/wp-content\/uploads\/2025\/06\/15347115071-espresso-whey-box.jpg","width":1000,"height":1000},{"@type":"BreadcrumbList","@id":"https:\/\/bioflexnutrition.com.br\/produto\/espresso-whey-cafe-display-420g-14ds-essential\/#breadcrumb","itemListElement":[{"@type":"ListItem","position":1,"name":"In\u00edcio","item":"https:\/\/bioflexnutrition.com.br\/"},{"@type":"ListItem","position":2,"name":"Loja","item":"https:\/\/bioflexnutrition.com.br\/todos\/"},{"@type":"ListItem","position":3,"name":"Espresso Whey Caf\u00e9 Display 420g\/14DS Essential"}]},{"@type":"WebSite","@id":"https:\/\/bioflexnutrition.com.br\/#website","url":"https:\/\/bioflexnutrition.com.br\/","name":"Bioflex Nutrition","description":"Sua loja online de Nutri\u00e7\u00e3o e Sa\u00fade","publisher":{"@id":"https:\/\/bioflexnutrition.com.br\/#organization"},"potentialAction":[{"@type":"SearchAction","target":{"@type":"EntryPoint","urlTemplate":"https:\/\/bioflexnutrition.com.br\/?s={search_term_string}"},"query-input":{"@type":"PropertyValueSpecification","valueRequired":true,"valueName":"search_term_string"}}],"inLanguage":"en-US"},{"@type":"Organization","@id":"https:\/\/bioflexnutrition.com.br\/#organization","name":"Bioflex Nutrition","url":"https:\/\/bioflexnutrition.com.br\/","logo":{"@type":"ImageObject","inLanguage":"en-US","@id":"https:\/\/bioflexnutrition.com.br\/#\/schema\/logo\/image\/","url":"https:\/\/bioflexnutrition.com.br\/wp-content\/uploads\/2025\/04\/fav.webp","contentUrl":"https:\/\/bioflexnutrition.com.br\/wp-content\/uploads\/2025\/04\/fav.webp","width":1150,"height":1000,"caption":"Bioflex Nutrition"},"image":{"@id":"https:\/\/bioflexnutrition.com.br\/#\/schema\/logo\/image\/"},"sameAs":["https:\/\/www.instagram.com\/bioflexnh\/"]}]}},"_links":{"self":[{"href":"https:\/\/bioflexnutrition.com.br\/en\/wp-json\/wp\/v2\/product\/6548","targetHints":{"allow":["GET"]}}],"collection":[{"href":"https:\/\/bioflexnutrition.com.br\/en\/wp-json\/wp\/v2\/product"}],"about":[{"href":"https:\/\/bioflexnutrition.com.br\/en\/wp-json\/wp\/v2\/types\/product"}],"replies":[{"embeddable":true,"href":"https:\/\/bioflexnutrition.com.br\/en\/wp-json\/wp\/v2\/comments?post=6548"}],"wp:featuredmedia":[{"embeddable":true,"href":"https:\/\/bioflexnutrition.com.br\/en\/wp-json\/wp\/v2\/media\/6546"}],"wp:attachment":[{"href":"https:\/\/bioflexnutrition.com.br\/en\/wp-json\/wp\/v2\/media?parent=6548"}],"wp:term":[{"taxonomy":"product_cat","embeddable":true,"href":"https:\/\/bioflexnutrition.com.br\/en\/wp-json\/wp\/v2\/product_cat?post=6548"},{"taxonomy":"product_tag","embeddable":true,"href":"https:\/\/bioflexnutrition.com.br\/en\/wp-json\/wp\/v2\/product_tag?post=6548"}],"curies":[{"name":"wp","href":"https:\/\/api.w.org\/{rel}","templated":true}]}}