{"id":6563,"date":"2025-06-05T20:03:25","date_gmt":"2025-06-05T23:03:25","guid":{"rendered":"https:\/\/bioflexnutrition.com.br\/produto\/gamalift-500mg-120-caps-essential\/"},"modified":"2026-03-31T16:50:24","modified_gmt":"2026-03-31T19:50:24","slug":"gamalift-500mg-120-caps-essential","status":"publish","type":"product","link":"https:\/\/bioflexnutrition.com.br\/en\/product\/gamalift-500mg-120-caps-essential\/","title":{"rendered":"Gamalift 500mg 120 caps Essential"},"content":{"rendered":"<h2>GAMALIFT<\/h2>\n<p>Gamalift \u00e9 um suplemento de vitamina\u202fE em \u00f3leo de borragem, com alto teor de \u00e1cido gama\u2011linol\u00eanico (GLA), um \u00f4mega\u20116 valioso para o equil\u00edbrio hormonal e nutricional.<\/p>\n<p>Um produto simples, mas que pode fazer grande diferen\u00e7a no seu m\u00eas.<\/p>\n<h2>CONT\u00c9M<\/h2>\n<ul>\n<li>\u00d3leo de borragem (Borago officinalis) rico em GLA<\/li>\n<li>Mix de tocofer\u00f3is (vitamina\u202fE)<\/li>\n<\/ul>\n<h2>PARA QUEM \u00c9<\/h2>\n<ul>\n<li>Mulheres que desejam apoio nutricional durante o ciclo menstrual<\/li>\n<li>Quem busca dieta rica em antioxidantes<\/li>\n<\/ul>\n<h2>INFORMA\u00c7\u00c3O NUTRICIONAL<\/h2>\n<p>Confira sempre a lista de ingredientes em ordem decrescente. Produtos Essential s\u00e3o livres de calorias vazias e feitos com ingredientes naturais.<\/p>\n<h2>TABELA NUTRICIONAL<\/h2>\n<table>\n<thead>\n<tr>\n<th>Por\u00e7\u00f5es por embalagem<\/th>\n<td>30 (120 c\u00e1psulas)<\/td>\n<\/tr>\n<tr>\n<th>Por\u00e7\u00e3o<\/th>\n<td>2,8\u202fg (4 c\u00e1psulas)<\/td>\n<\/tr>\n<\/thead>\n<tbody>\n<tr>\n<th>Valor energ\u00e9tico<\/th>\n<td>18\u202fkcal\u00a01%<\/td>\n<\/tr>\n<tr>\n<th>Gorduras totais<\/th>\n<td>2\u202fg\u00a03%<\/td>\n<\/tr>\n<tr>\n<th>\u00a0\u2013 saturadas<\/th>\n<td>0,3\u202fg\u00a02%<\/td>\n<\/tr>\n<tr>\n<th>\u00a0\u2013 monoinsaturadas<\/th>\n<td>0,5\u202fg\u00a03%<\/td>\n<\/tr>\n<tr>\n<th>\u00a0\u2013 poli\u2011insaturadas<\/th>\n<td>1,2\u202fg\u00a06%<\/td>\n<\/tr>\n<tr>\n<th>\u00a0\u00a0\u2013 \u00f4mega\u20116<\/th>\n<td>1,1\u202fg\u00a06%<\/td>\n<\/tr>\n<tr>\n<th>\u00a0\u00a0\u2013 GLA<\/th>\n<td>0,4\u202fg<\/td>\n<\/tr>\n<tr>\n<th>\u00a0\u00a0\u2013 \u00f4mega\u20119<\/th>\n<td>0,3\u202fg<\/td>\n<\/tr>\n<tr>\n<th>Vitamina\u202fE<\/th>\n<td>10\u202fmg\u00a067%<\/td>\n<\/tr>\n<\/tbody>\n<\/table>\n<p>*% Valores di\u00e1rios por por\u00e7\u00e3o (4 c\u00e1psulas).<\/p>\n<h2>INGREDIENTES<\/h2>\n<p>\u00d3leo de borragem (Borago officinalis) e mix de tocofer\u00f3is (vitamina\u202fE). <br \/>C\u00e1psula: gelatina, \u00e1gua purificada e glicerina.<\/p>\n<p><strong>N\u00c3O CONT\u00c9M<\/strong> gl\u00faten.<\/p>\n<h2>MODO DE USO<\/h2>\n<p>Ingerir 2 c\u00e1psulas duas vezes ao dia, antes das principais refei\u00e7\u00f5es, ou conforme orienta\u00e7\u00e3o de m\u00e9dico ou nutricionista.<\/p>\n<p>Manter em local fresco, seco e ao abrigo da luz solar. Ap\u00f3s aberto, consumir em at\u00e9 120\u202fdias.<\/p>\n<p>Recomendado para adultos (\u2265\u202f19\u202fanos). N\u00e3o indicado para gestantes, lactantes e crian\u00e7as.<\/p>\n<p>\u201cEste produto n\u00e3o \u00e9 um medicamento.\u201d \u201cN\u00e3o exceder a recomenda\u00e7\u00e3o di\u00e1ria de consumo.\u201d \u201cMantenha fora do alcance de crian\u00e7as.\u201d<\/p>","protected":false},"excerpt":{"rendered":"<p>Gamalift<\/p>\n<p>\u00a0<\/p>\n<p>Vitamina E em \u00f3leo de borragem, para trazer a\u00e7\u00e3o antioxidante atrav\u00e9s de um suporte nutricional equilibrado para as mulheres.<\/p>","protected":false},"featured_media":6559,"comment_status":"open","ping_status":"closed","template":"","meta":{"_joinchat":[]},"product_cat":[248,160,157,164,288,230,280],"product_tag":[],"class_list":{"0":"post-6563","1":"product","2":"type-product","3":"status-publish","4":"has-post-thumbnail","6":"product_cat-categorias-e","7":"product_cat-essential","8":"product_cat-marcas","9":"product_cat-objetivos-especificos","10":"product_cat-omega-3-vitaminas","11":"product_cat-saude-e-bem-estar","12":"product_cat-vitaminas","14":"first","15":"instock","16":"shipping-taxable","17":"purchasable","18":"product-type-simple","19":"col-xs-6 col-sm-4","20":"col-md-3 col-lg-3","21":"un-4-cols"},"yoast_head":"<!-- This site is optimized with the Yoast SEO plugin v27.3 - https:\/\/yoast.com\/product\/yoast-seo-wordpress\/ -->\n<title>Gamalift 500mg 120 caps Essential - Bioflex Nutrition<\/title>\n<meta name=\"robots\" content=\"index, follow, max-snippet:-1, max-image-preview:large, max-video-preview:-1\" \/>\n<link rel=\"canonical\" href=\"https:\/\/bioflexnutrition.com.br\/en\/product\/gamalift-500mg-120-caps-essential\/\" \/>\n<meta property=\"og:locale\" content=\"en_US\" \/>\n<meta property=\"og:type\" content=\"article\" \/>\n<meta property=\"og:title\" content=\"Gamalift 500mg 120 caps Essential - Bioflex Nutrition\" \/>\n<meta property=\"og:description\" content=\"Gamalift \u00a0 Vitamina E em \u00f3leo de borragem, para trazer a\u00e7\u00e3o antioxidante atrav\u00e9s de um suporte nutricional equilibrado para as mulheres.\" \/>\n<meta property=\"og:url\" content=\"https:\/\/bioflexnutrition.com.br\/en\/product\/gamalift-500mg-120-caps-essential\/\" \/>\n<meta property=\"og:site_name\" content=\"Bioflex Nutrition\" \/>\n<meta property=\"article:modified_time\" content=\"2026-03-31T19:50:24+00:00\" \/>\n<meta property=\"og:image\" content=\"https:\/\/bioflexnutrition.com.br\/wp-content\/uploads\/2025\/06\/15350240968-gamalift-120caps-pote.jpg\" \/>\n\t<meta property=\"og:image:width\" content=\"1950\" \/>\n\t<meta property=\"og:image:height\" content=\"1950\" \/>\n\t<meta property=\"og:image:type\" content=\"image\/jpeg\" \/>\n<meta name=\"twitter:card\" content=\"summary_large_image\" \/>\n<meta name=\"twitter:label1\" content=\"Est. reading time\" \/>\n\t<meta name=\"twitter:data1\" content=\"2 minutes\" \/>\n<script type=\"application\/ld+json\" class=\"yoast-schema-graph\">{\"@context\":\"https:\\\/\\\/schema.org\",\"@graph\":[{\"@type\":[\"WebPage\",\"ItemPage\"],\"@id\":\"https:\\\/\\\/bioflexnutrition.com.br\\\/produto\\\/gamalift-500mg-120-caps-essential\\\/\",\"url\":\"https:\\\/\\\/bioflexnutrition.com.br\\\/produto\\\/gamalift-500mg-120-caps-essential\\\/\",\"name\":\"Gamalift 500mg 120 caps Essential - Bioflex Nutrition\",\"isPartOf\":{\"@id\":\"https:\\\/\\\/bioflexnutrition.com.br\\\/#website\"},\"primaryImageOfPage\":{\"@id\":\"https:\\\/\\\/bioflexnutrition.com.br\\\/produto\\\/gamalift-500mg-120-caps-essential\\\/#primaryimage\"},\"image\":{\"@id\":\"https:\\\/\\\/bioflexnutrition.com.br\\\/produto\\\/gamalift-500mg-120-caps-essential\\\/#primaryimage\"},\"thumbnailUrl\":\"https:\\\/\\\/bioflexnutrition.com.br\\\/wp-content\\\/uploads\\\/2025\\\/06\\\/15350240968-gamalift-120caps-pote.jpg\",\"datePublished\":\"2025-06-05T23:03:25+00:00\",\"dateModified\":\"2026-03-31T19:50:24+00:00\",\"breadcrumb\":{\"@id\":\"https:\\\/\\\/bioflexnutrition.com.br\\\/produto\\\/gamalift-500mg-120-caps-essential\\\/#breadcrumb\"},\"inLanguage\":\"en-US\",\"potentialAction\":[{\"@type\":\"ReadAction\",\"target\":[\"https:\\\/\\\/bioflexnutrition.com.br\\\/produto\\\/gamalift-500mg-120-caps-essential\\\/\"]}]},{\"@type\":\"ImageObject\",\"inLanguage\":\"en-US\",\"@id\":\"https:\\\/\\\/bioflexnutrition.com.br\\\/produto\\\/gamalift-500mg-120-caps-essential\\\/#primaryimage\",\"url\":\"https:\\\/\\\/bioflexnutrition.com.br\\\/wp-content\\\/uploads\\\/2025\\\/06\\\/15350240968-gamalift-120caps-pote.jpg\",\"contentUrl\":\"https:\\\/\\\/bioflexnutrition.com.br\\\/wp-content\\\/uploads\\\/2025\\\/06\\\/15350240968-gamalift-120caps-pote.jpg\",\"width\":1950,\"height\":1950},{\"@type\":\"BreadcrumbList\",\"@id\":\"https:\\\/\\\/bioflexnutrition.com.br\\\/produto\\\/gamalift-500mg-120-caps-essential\\\/#breadcrumb\",\"itemListElement\":[{\"@type\":\"ListItem\",\"position\":1,\"name\":\"In\u00edcio\",\"item\":\"https:\\\/\\\/bioflexnutrition.com.br\\\/\"},{\"@type\":\"ListItem\",\"position\":2,\"name\":\"Loja\",\"item\":\"https:\\\/\\\/bioflexnutrition.com.br\\\/todos\\\/\"},{\"@type\":\"ListItem\",\"position\":3,\"name\":\"Gamalift 500mg 120 caps Essential\"}]},{\"@type\":\"WebSite\",\"@id\":\"https:\\\/\\\/bioflexnutrition.com.br\\\/#website\",\"url\":\"https:\\\/\\\/bioflexnutrition.com.br\\\/\",\"name\":\"Bioflex Nutrition\",\"description\":\"Sua loja online de Nutri\u00e7\u00e3o e Sa\u00fade\",\"publisher\":{\"@id\":\"https:\\\/\\\/bioflexnutrition.com.br\\\/#organization\"},\"potentialAction\":[{\"@type\":\"SearchAction\",\"target\":{\"@type\":\"EntryPoint\",\"urlTemplate\":\"https:\\\/\\\/bioflexnutrition.com.br\\\/?s={search_term_string}\"},\"query-input\":{\"@type\":\"PropertyValueSpecification\",\"valueRequired\":true,\"valueName\":\"search_term_string\"}}],\"inLanguage\":\"en-US\"},{\"@type\":\"Organization\",\"@id\":\"https:\\\/\\\/bioflexnutrition.com.br\\\/#organization\",\"name\":\"Bioflex Nutrition\",\"url\":\"https:\\\/\\\/bioflexnutrition.com.br\\\/\",\"logo\":{\"@type\":\"ImageObject\",\"inLanguage\":\"en-US\",\"@id\":\"https:\\\/\\\/bioflexnutrition.com.br\\\/#\\\/schema\\\/logo\\\/image\\\/\",\"url\":\"https:\\\/\\\/bioflexnutrition.com.br\\\/wp-content\\\/uploads\\\/2025\\\/04\\\/fav.webp\",\"contentUrl\":\"https:\\\/\\\/bioflexnutrition.com.br\\\/wp-content\\\/uploads\\\/2025\\\/04\\\/fav.webp\",\"width\":1150,\"height\":1000,\"caption\":\"Bioflex Nutrition\"},\"image\":{\"@id\":\"https:\\\/\\\/bioflexnutrition.com.br\\\/#\\\/schema\\\/logo\\\/image\\\/\"},\"sameAs\":[\"https:\\\/\\\/www.instagram.com\\\/bioflexnh\\\/\"]}]}<\/script>\n<!-- \/ Yoast SEO plugin. -->","yoast_head_json":{"title":"Gamalift 500mg 120 caps Essential - Bioflex Nutrition","robots":{"index":"index","follow":"follow","max-snippet":"max-snippet:-1","max-image-preview":"max-image-preview:large","max-video-preview":"max-video-preview:-1"},"canonical":"https:\/\/bioflexnutrition.com.br\/en\/product\/gamalift-500mg-120-caps-essential\/","og_locale":"en_US","og_type":"article","og_title":"Gamalift 500mg 120 caps Essential - Bioflex Nutrition","og_description":"Gamalift \u00a0 Vitamina E em \u00f3leo de borragem, para trazer a\u00e7\u00e3o antioxidante atrav\u00e9s de um suporte nutricional equilibrado para as mulheres.","og_url":"https:\/\/bioflexnutrition.com.br\/en\/product\/gamalift-500mg-120-caps-essential\/","og_site_name":"Bioflex Nutrition","article_modified_time":"2026-03-31T19:50:24+00:00","og_image":[{"width":1950,"height":1950,"url":"https:\/\/bioflexnutrition.com.br\/wp-content\/uploads\/2025\/06\/15350240968-gamalift-120caps-pote.jpg","type":"image\/jpeg"}],"twitter_card":"summary_large_image","twitter_misc":{"Est. reading time":"2 minutes"},"schema":{"@context":"https:\/\/schema.org","@graph":[{"@type":["WebPage","ItemPage"],"@id":"https:\/\/bioflexnutrition.com.br\/produto\/gamalift-500mg-120-caps-essential\/","url":"https:\/\/bioflexnutrition.com.br\/produto\/gamalift-500mg-120-caps-essential\/","name":"Gamalift 500mg 120 caps Essential - Bioflex Nutrition","isPartOf":{"@id":"https:\/\/bioflexnutrition.com.br\/#website"},"primaryImageOfPage":{"@id":"https:\/\/bioflexnutrition.com.br\/produto\/gamalift-500mg-120-caps-essential\/#primaryimage"},"image":{"@id":"https:\/\/bioflexnutrition.com.br\/produto\/gamalift-500mg-120-caps-essential\/#primaryimage"},"thumbnailUrl":"https:\/\/bioflexnutrition.com.br\/wp-content\/uploads\/2025\/06\/15350240968-gamalift-120caps-pote.jpg","datePublished":"2025-06-05T23:03:25+00:00","dateModified":"2026-03-31T19:50:24+00:00","breadcrumb":{"@id":"https:\/\/bioflexnutrition.com.br\/produto\/gamalift-500mg-120-caps-essential\/#breadcrumb"},"inLanguage":"en-US","potentialAction":[{"@type":"ReadAction","target":["https:\/\/bioflexnutrition.com.br\/produto\/gamalift-500mg-120-caps-essential\/"]}]},{"@type":"ImageObject","inLanguage":"en-US","@id":"https:\/\/bioflexnutrition.com.br\/produto\/gamalift-500mg-120-caps-essential\/#primaryimage","url":"https:\/\/bioflexnutrition.com.br\/wp-content\/uploads\/2025\/06\/15350240968-gamalift-120caps-pote.jpg","contentUrl":"https:\/\/bioflexnutrition.com.br\/wp-content\/uploads\/2025\/06\/15350240968-gamalift-120caps-pote.jpg","width":1950,"height":1950},{"@type":"BreadcrumbList","@id":"https:\/\/bioflexnutrition.com.br\/produto\/gamalift-500mg-120-caps-essential\/#breadcrumb","itemListElement":[{"@type":"ListItem","position":1,"name":"In\u00edcio","item":"https:\/\/bioflexnutrition.com.br\/"},{"@type":"ListItem","position":2,"name":"Loja","item":"https:\/\/bioflexnutrition.com.br\/todos\/"},{"@type":"ListItem","position":3,"name":"Gamalift 500mg 120 caps Essential"}]},{"@type":"WebSite","@id":"https:\/\/bioflexnutrition.com.br\/#website","url":"https:\/\/bioflexnutrition.com.br\/","name":"Bioflex Nutrition","description":"Sua loja online de Nutri\u00e7\u00e3o e Sa\u00fade","publisher":{"@id":"https:\/\/bioflexnutrition.com.br\/#organization"},"potentialAction":[{"@type":"SearchAction","target":{"@type":"EntryPoint","urlTemplate":"https:\/\/bioflexnutrition.com.br\/?s={search_term_string}"},"query-input":{"@type":"PropertyValueSpecification","valueRequired":true,"valueName":"search_term_string"}}],"inLanguage":"en-US"},{"@type":"Organization","@id":"https:\/\/bioflexnutrition.com.br\/#organization","name":"Bioflex Nutrition","url":"https:\/\/bioflexnutrition.com.br\/","logo":{"@type":"ImageObject","inLanguage":"en-US","@id":"https:\/\/bioflexnutrition.com.br\/#\/schema\/logo\/image\/","url":"https:\/\/bioflexnutrition.com.br\/wp-content\/uploads\/2025\/04\/fav.webp","contentUrl":"https:\/\/bioflexnutrition.com.br\/wp-content\/uploads\/2025\/04\/fav.webp","width":1150,"height":1000,"caption":"Bioflex Nutrition"},"image":{"@id":"https:\/\/bioflexnutrition.com.br\/#\/schema\/logo\/image\/"},"sameAs":["https:\/\/www.instagram.com\/bioflexnh\/"]}]}},"_links":{"self":[{"href":"https:\/\/bioflexnutrition.com.br\/en\/wp-json\/wp\/v2\/product\/6563","targetHints":{"allow":["GET"]}}],"collection":[{"href":"https:\/\/bioflexnutrition.com.br\/en\/wp-json\/wp\/v2\/product"}],"about":[{"href":"https:\/\/bioflexnutrition.com.br\/en\/wp-json\/wp\/v2\/types\/product"}],"replies":[{"embeddable":true,"href":"https:\/\/bioflexnutrition.com.br\/en\/wp-json\/wp\/v2\/comments?post=6563"}],"wp:featuredmedia":[{"embeddable":true,"href":"https:\/\/bioflexnutrition.com.br\/en\/wp-json\/wp\/v2\/media\/6559"}],"wp:attachment":[{"href":"https:\/\/bioflexnutrition.com.br\/en\/wp-json\/wp\/v2\/media?parent=6563"}],"wp:term":[{"taxonomy":"product_cat","embeddable":true,"href":"https:\/\/bioflexnutrition.com.br\/en\/wp-json\/wp\/v2\/product_cat?post=6563"},{"taxonomy":"product_tag","embeddable":true,"href":"https:\/\/bioflexnutrition.com.br\/en\/wp-json\/wp\/v2\/product_tag?post=6563"}],"curies":[{"name":"wp","href":"https:\/\/api.w.org\/{rel}","templated":true}]}}