{"id":6582,"date":"2025-06-05T20:04:50","date_gmt":"2025-06-05T23:04:50","guid":{"rendered":"https:\/\/bioflexnutrition.com.br\/produto\/immuno-veggie-protein-pro-glutathione-chocolate-5124g-display-c-14-saches-de-366g-essential\/"},"modified":"2026-03-31T18:05:48","modified_gmt":"2026-03-31T21:05:48","slug":"immuno-veggie-protein-pro-glutathione-chocolate-5124g-display-c-14-saches-de-366g-essential","status":"publish","type":"product","link":"https:\/\/bioflexnutrition.com.br\/en\/product\/immuno-veggie-protein-pro-glutathione-chocolate-5124g-display-c-14-saches-de-366g-essential\/","title":{"rendered":"Immuno Veggie Protein Pro-Glutathione Chocolate 512,4g &#8211; Display c\/14 sach\u00eas de 36,6g Essential"},"content":{"rendered":"<h2>IMMUNO VEGGIE<\/h2>\n<p>Immuno Veggie \u2013 Pro\u2011Glutathione \u00e9 uma op\u00e7\u00e3o vegana indicada para ampliar os benef\u00edcios da prote\u00edna vegetal, com blend de arroz org\u00e2nico, ervilha e girassol, enriquecido com amino\u00e1cidos precursores de glutationa, betaglucana de levedura, vitaminas, minerais, cacau puro e \u00f3leo de abacate.<\/p>\n<h2>CONT\u00c9M<\/h2>\n<ul>\n<li>Blend de prote\u00ednas vegetais (arroz org\u00e2nico, ervilha e girassol)<\/li>\n<li>Amino\u00e1cidos precursores de glutationa: ciste\u00edna, glicina e glutamina<\/li>\n<li>Betaglucana de levedura (\u03b2\u20111,3\/1,6\u2011glucan)<\/li>\n<li>Vitamina D3 vegana (2\u202f000\u202fUI) e Vitamina B12 (9,9\u202f\u00b5g)<\/li>\n<li>Mix de 13 vitaminas e 9 minerais cofatores na s\u00edntese de glutationa (B2, C, E, magn\u00e9sio e sel\u00eanio)<\/li>\n<li>Fontes de boas gorduras: \u00f3leo de abacate e leite de coco (\u00f4megas\u202f3,\u202f6 e\u202f9)<\/li>\n<li>Cacau puro<\/li>\n<li>Edulcorante natural: est\u00e9via<\/li>\n<\/ul>\n<h2>N\u00c3O CONT\u00c9M<\/h2>\n<ul>\n<li>Case\u00edna<\/li>\n<li>A\u00e7\u00facar<\/li>\n<li>Gl\u00faten e lactose<\/li>\n<li>Conservantes<\/li>\n<li>Ado\u00e7antes, aromas e corantes artificiais<\/li>\n<\/ul>\n<h2>PARA QUEM \u00c9<\/h2>\n<p>Ideal para veganos, vegetarianos e intolerantes a l\u00e1cteos que buscam um aporte proteico vegetal de alta qualidade com suporte antioxidante e imune.<\/p>\n<h2>INFORMA\u00c7\u00c3O NUTRICIONAL<\/h2>\n<p>Confira sempre a lista de ingredientes em ordem decrescente. Produtos Essential Enhanced Formulas s\u00e3o livres de calorias vazias e feitos com ingredientes naturais.<\/p>\n<h2>TABELA NUTRICIONAL<\/h2>\n<table>\n<thead>\n<tr>\n<th>Por\u00e7\u00f5es por embalagem<\/th>\n<td>14 (512,4\u202fg)<\/td>\n<\/tr>\n<tr>\n<th>Por\u00e7\u00e3o<\/th>\n<td>36,6\u202fg (1 sach\u00ea)<\/td>\n<\/tr>\n<\/thead>\n<tbody>\n<tr>\n<th>Valor energ\u00e9tico<\/th>\n<td>133\u202fkcal\u00a07%<\/td>\n<\/tr>\n<tr>\n<th>Carboidratos<\/th>\n<td>4,4\u202fg\u00a01%<\/td>\n<\/tr>\n<tr>\n<th>A\u00e7\u00facares totais<\/th>\n<td>0\u202fg<\/td>\n<\/tr>\n<tr>\n<th>A\u00e7\u00facares adicionados<\/th>\n<td>0\u202fg\u00a00%<\/td>\n<\/tr>\n<tr>\n<th>Lactose<\/th>\n<td>0\u202fg<\/td>\n<\/tr>\n<tr>\n<th>Prote\u00ednas<\/th>\n<td>22\u202fg\u00a044%<\/td>\n<\/tr>\n<tr>\n<th>Ciste\u00edna<\/th>\n<td>700\u202fmg<\/td>\n<\/tr>\n<tr>\n<th>Glutamina<\/th>\n<td>1000\u202fmg<\/td>\n<\/tr>\n<tr>\n<th>Glicina<\/th>\n<td>2070\u202fmg<\/td>\n<\/tr>\n<tr>\n<th>Lisina<\/th>\n<td>1210\u202fmg<\/td>\n<\/tr>\n<tr>\n<th>Gorduras totais<\/th>\n<td>3,0\u202fg\u00a05%<\/td>\n<\/tr>\n<tr>\n<th>Gorduras saturadas<\/th>\n<td>1,5\u202fg\u00a08%<\/td>\n<\/tr>\n<tr>\n<th>Gorduras monoinsaturadas<\/th>\n<td>0,7\u202fg\u00a04%<\/td>\n<\/tr>\n<tr>\n<th>Gorduras poli\u2011insaturadas<\/th>\n<td>0,3\u202fg\u00a02%<\/td>\n<\/tr>\n<tr>\n<th>Fibras alimentares<\/th>\n<td>3,8\u202fg\u00a015%<\/td>\n<\/tr>\n<tr>\n<th>S\u00f3dio<\/th>\n<td>200\u202fmg\u00a010%<\/td>\n<\/tr>\n<tr>\n<th>Vitamina\u202fA<\/th>\n<td>300\u202f\u00b5g\u00a038%<\/td>\n<\/tr>\n<tr>\n<th>Vitamina\u202fD<\/th>\n<td>50\u202f\u00b5g\u00a0333%<\/td>\n<\/tr>\n<tr>\n<th>Vitamina\u202fE<\/th>\n<td>50\u202fmg\u00a0333%<\/td>\n<\/tr>\n<tr>\n<th>Vitamina\u202fK<\/th>\n<td>32\u202f\u00b5g\u00a027%<\/td>\n<\/tr>\n<tr>\n<th>Vitamina\u202fC<\/th>\n<td>270\u202fmg\u00a0270%<\/td>\n<\/tr>\n<tr>\n<th>Vitamina\u202fB1<\/th>\n<td>0,4\u202fmg\u00a033%<\/td>\n<\/tr>\n<tr>\n<th>Vitamina\u202fB2<\/th>\n<td>0,41\u202fmg\u00a034%<\/td>\n<\/tr>\n<tr>\n<th>Vitamina\u202fB3<\/th>\n<td>4,8\u202fmg\u00a032%<\/td>\n<\/tr>\n<tr>\n<th>Vitamina\u202fB5<\/th>\n<td>1,5\u202fmg\u00a030%<\/td>\n<\/tr>\n<tr>\n<th>Vitamina\u202fB6<\/th>\n<td>0,39\u202fmg\u00a030%<\/td>\n<\/tr>\n<tr>\n<th>Vitamina\u202fB7<\/th>\n<td>15\u202f\u00b5g\u00a050%<\/td>\n<\/tr>\n<tr>\n<th>Vitamina\u202fB9<\/th>\n<td>120\u202f\u00b5g\u00a050%<\/td>\n<\/tr>\n<tr>\n<th>Vitamina\u202fB12<\/th>\n<td>9,9\u202f\u00b5g\u00a0413%<\/td>\n<\/tr>\n<tr>\n<th>C\u00e1lcio<\/th>\n<td>209\u202fmg\u00a021%<\/td>\n<\/tr>\n<tr>\n<th>Cobre<\/th>\n<td>180\u202f\u00b5g\u00a020%<\/td>\n<\/tr>\n<tr>\n<th>Cromo<\/th>\n<td>18\u202f\u00b5g\u00a051%<\/td>\n<\/tr>\n<tr>\n<th>Ferro<\/th>\n<td>4,9\u202fmg\u00a035%<\/td>\n<\/tr>\n<tr>\n<th>Magn\u00e9sio<\/th>\n<td>96\u202fmg\u00a023%<\/td>\n<\/tr>\n<tr>\n<th>Mangan\u00eas<\/th>\n<td>0,69\u202fmg\u00a023%<\/td>\n<\/tr>\n<tr>\n<th>Molibd\u00eanio<\/th>\n<td>9\u202f\u00b5g\u00a020%<\/td>\n<\/tr>\n<tr>\n<th>Sel\u00eanio<\/th>\n<td>25\u202f\u00b5g\u00a042%<\/td>\n<\/tr>\n<tr>\n<th>Zinco<\/th>\n<td>3,7\u202fmg\u00a034%<\/td>\n<\/tr>\n<tr>\n<th>Taurina<\/th>\n<td>820\u202fmg<\/td>\n<\/tr>\n<tr>\n<th>Betaglucana de levedura<\/th>\n<td>300\u202fmg<\/td>\n<\/tr>\n<\/tbody>\n<\/table>\n<p>*% Valores di\u00e1rios por por\u00e7\u00e3o (36,6\u202fg).<\/p>\n<h2>INGREDIENTES<\/h2>\n<p>Prote\u00edna de arroz hidrolisada (org\u00e2nica), prote\u00edna de ervilha, prote\u00edna de girassol, cacau alcalino, leite de coco desidratado, blend de vitaminas e minerais (bisglicinato de c\u00e1lcio, ascorbato de magn\u00e9sio, mix de tocofer\u00f3is, bisglicinato de magn\u00e9sio, bisglicinato de zinco, colecalciferol vegano, betacaroteno, bisglicinato ferroso, nicotinamida, bisglicinato de mangan\u00eas, selenometionina, bisglicinato de cobre, menaquinona\u20117, molibdato de s\u00f3dio, cloridrato de tiamina, riboflavina, cloridrato de piridoxina, picolinato de cromo, L\u2011metilfolato de c\u00e1lcio, \u00e1cido f\u00f3lico, D\u2011biotina, hidroxocobalamina, metilcobalamina), glicina, L\u2011glutamina, \u00f3leo de abacate, cacau lecitinado, taurina, L\u2011ciste\u00edna, lisina, betaglucana de levedura, goma guar, aromas naturais, antiumectante di\u00f3xido de sil\u00edcio, espessante goma xantana e edulcorante glicos\u00eddeos de esteviol.<\/p>\n<p><strong>N\u00e3o cont\u00e9m<\/strong> gl\u00faten.<br \/><strong>Pode conter<\/strong> tra\u00e7os de leite.<\/p>\n<h2>MODO DE PREPARO<\/h2>\n<p>Adicione 36,6\u202fg (1 sach\u00ea) em aproximadamente 250\u202fml de \u00e1gua e misture at\u00e9 homogeneizar. Beba imediatamente. Uso di\u00e1rio ou conforme orienta\u00e7\u00e3o de m\u00e9dico ou nutricionista.<\/p>","protected":false},"excerpt":{"rendered":"<p>Blend de prote\u00ednas vegetais (arroz, ervilha e girassol) com adi\u00e7\u00e3o extra de amino\u00e1cidos e um complexo de nutrientes envolvidos no funcionamento do sistema imune.<\/p>","protected":false},"featured_media":6578,"comment_status":"open","ping_status":"closed","template":"","meta":{"_joinchat":[]},"product_cat":[248,160,199,157,164,169,170,198,273,266,230],"product_tag":[],"class_list":{"0":"post-6582","1":"product","2":"type-product","3":"status-publish","4":"has-post-thumbnail","6":"product_cat-categorias-e","7":"product_cat-essential","8":"product_cat-frete-gratis","9":"product_cat-marcas","10":"product_cat-objetivos-especificos","11":"product_cat-para-emagrecimento","12":"product_cat-para-ganho-de-massa","13":"product_cat-promocoes","14":"product_cat-proteina-vegana-proteinas-categorias-ecommerce","15":"product_cat-proteinas-categorias-ecommerce","16":"product_cat-saude-e-bem-estar","18":"first","19":"instock","20":"shipping-taxable","21":"purchasable","22":"product-type-simple","23":"col-xs-6 col-sm-4","24":"col-md-3 col-lg-3","25":"un-4-cols"},"yoast_head":"<!-- This site is optimized with the Yoast SEO plugin v27.3 - https:\/\/yoast.com\/product\/yoast-seo-wordpress\/ -->\n<title>Immuno Veggie Protein Pro-Glutathione Chocolate 512,4g - Display c\/14 sach\u00eas de 36,6g Essential - Bioflex Nutrition<\/title>\n<meta name=\"robots\" content=\"index, follow, max-snippet:-1, max-image-preview:large, max-video-preview:-1\" \/>\n<link rel=\"canonical\" href=\"https:\/\/bioflexnutrition.com.br\/en\/product\/immuno-veggie-protein-pro-glutathione-chocolate-5124g-display-c-14-saches-de-366g-essential\/\" \/>\n<meta property=\"og:locale\" content=\"en_US\" \/>\n<meta property=\"og:type\" content=\"article\" \/>\n<meta property=\"og:title\" content=\"Immuno Veggie Protein Pro-Glutathione Chocolate 512,4g - Display c\/14 sach\u00eas de 36,6g Essential - Bioflex Nutrition\" \/>\n<meta property=\"og:description\" content=\"Blend de prote\u00ednas vegetais (arroz, ervilha e girassol) com adi\u00e7\u00e3o extra de amino\u00e1cidos e um complexo de nutrientes envolvidos no funcionamento do sistema imune.\" \/>\n<meta property=\"og:url\" content=\"https:\/\/bioflexnutrition.com.br\/en\/product\/immuno-veggie-protein-pro-glutathione-chocolate-5124g-display-c-14-saches-de-366g-essential\/\" \/>\n<meta property=\"og:site_name\" content=\"Bioflex Nutrition\" \/>\n<meta property=\"article:modified_time\" content=\"2026-03-31T21:05:48+00:00\" \/>\n<meta property=\"og:image\" content=\"https:\/\/bioflexnutrition.com.br\/wp-content\/uploads\/2025\/06\/15347104842-immuno-veggie-chocollate-display-2.jpg\" \/>\n\t<meta property=\"og:image:width\" content=\"1308\" \/>\n\t<meta property=\"og:image:height\" content=\"1636\" \/>\n\t<meta property=\"og:image:type\" content=\"image\/jpeg\" \/>\n<meta name=\"twitter:card\" content=\"summary_large_image\" \/>\n<meta name=\"twitter:label1\" content=\"Est. reading time\" \/>\n\t<meta name=\"twitter:data1\" content=\"4 minutes\" \/>\n<script type=\"application\/ld+json\" class=\"yoast-schema-graph\">{\"@context\":\"https:\\\/\\\/schema.org\",\"@graph\":[{\"@type\":[\"WebPage\",\"ItemPage\"],\"@id\":\"https:\\\/\\\/bioflexnutrition.com.br\\\/produto\\\/immuno-veggie-protein-pro-glutathione-chocolate-5124g-display-c-14-saches-de-366g-essential\\\/\",\"url\":\"https:\\\/\\\/bioflexnutrition.com.br\\\/produto\\\/immuno-veggie-protein-pro-glutathione-chocolate-5124g-display-c-14-saches-de-366g-essential\\\/\",\"name\":\"Immuno Veggie Protein Pro-Glutathione Chocolate 512,4g - Display c\\\/14 sach\u00eas de 36,6g Essential - Bioflex Nutrition\",\"isPartOf\":{\"@id\":\"https:\\\/\\\/bioflexnutrition.com.br\\\/#website\"},\"primaryImageOfPage\":{\"@id\":\"https:\\\/\\\/bioflexnutrition.com.br\\\/produto\\\/immuno-veggie-protein-pro-glutathione-chocolate-5124g-display-c-14-saches-de-366g-essential\\\/#primaryimage\"},\"image\":{\"@id\":\"https:\\\/\\\/bioflexnutrition.com.br\\\/produto\\\/immuno-veggie-protein-pro-glutathione-chocolate-5124g-display-c-14-saches-de-366g-essential\\\/#primaryimage\"},\"thumbnailUrl\":\"https:\\\/\\\/bioflexnutrition.com.br\\\/wp-content\\\/uploads\\\/2025\\\/06\\\/15347104842-immuno-veggie-chocollate-display-2.jpg\",\"datePublished\":\"2025-06-05T23:04:50+00:00\",\"dateModified\":\"2026-03-31T21:05:48+00:00\",\"breadcrumb\":{\"@id\":\"https:\\\/\\\/bioflexnutrition.com.br\\\/produto\\\/immuno-veggie-protein-pro-glutathione-chocolate-5124g-display-c-14-saches-de-366g-essential\\\/#breadcrumb\"},\"inLanguage\":\"en-US\",\"potentialAction\":[{\"@type\":\"ReadAction\",\"target\":[\"https:\\\/\\\/bioflexnutrition.com.br\\\/produto\\\/immuno-veggie-protein-pro-glutathione-chocolate-5124g-display-c-14-saches-de-366g-essential\\\/\"]}]},{\"@type\":\"ImageObject\",\"inLanguage\":\"en-US\",\"@id\":\"https:\\\/\\\/bioflexnutrition.com.br\\\/produto\\\/immuno-veggie-protein-pro-glutathione-chocolate-5124g-display-c-14-saches-de-366g-essential\\\/#primaryimage\",\"url\":\"https:\\\/\\\/bioflexnutrition.com.br\\\/wp-content\\\/uploads\\\/2025\\\/06\\\/15347104842-immuno-veggie-chocollate-display-2.jpg\",\"contentUrl\":\"https:\\\/\\\/bioflexnutrition.com.br\\\/wp-content\\\/uploads\\\/2025\\\/06\\\/15347104842-immuno-veggie-chocollate-display-2.jpg\",\"width\":1308,\"height\":1636},{\"@type\":\"BreadcrumbList\",\"@id\":\"https:\\\/\\\/bioflexnutrition.com.br\\\/produto\\\/immuno-veggie-protein-pro-glutathione-chocolate-5124g-display-c-14-saches-de-366g-essential\\\/#breadcrumb\",\"itemListElement\":[{\"@type\":\"ListItem\",\"position\":1,\"name\":\"In\u00edcio\",\"item\":\"https:\\\/\\\/bioflexnutrition.com.br\\\/\"},{\"@type\":\"ListItem\",\"position\":2,\"name\":\"Loja\",\"item\":\"https:\\\/\\\/bioflexnutrition.com.br\\\/todos\\\/\"},{\"@type\":\"ListItem\",\"position\":3,\"name\":\"Immuno Veggie Protein Pro-Glutathione Chocolate 512,4g &#8211; Display c\\\/14 sach\u00eas de 36,6g Essential\"}]},{\"@type\":\"WebSite\",\"@id\":\"https:\\\/\\\/bioflexnutrition.com.br\\\/#website\",\"url\":\"https:\\\/\\\/bioflexnutrition.com.br\\\/\",\"name\":\"Bioflex Nutrition\",\"description\":\"Sua loja online de Nutri\u00e7\u00e3o e Sa\u00fade\",\"publisher\":{\"@id\":\"https:\\\/\\\/bioflexnutrition.com.br\\\/#organization\"},\"potentialAction\":[{\"@type\":\"SearchAction\",\"target\":{\"@type\":\"EntryPoint\",\"urlTemplate\":\"https:\\\/\\\/bioflexnutrition.com.br\\\/?s={search_term_string}\"},\"query-input\":{\"@type\":\"PropertyValueSpecification\",\"valueRequired\":true,\"valueName\":\"search_term_string\"}}],\"inLanguage\":\"en-US\"},{\"@type\":\"Organization\",\"@id\":\"https:\\\/\\\/bioflexnutrition.com.br\\\/#organization\",\"name\":\"Bioflex Nutrition\",\"url\":\"https:\\\/\\\/bioflexnutrition.com.br\\\/\",\"logo\":{\"@type\":\"ImageObject\",\"inLanguage\":\"en-US\",\"@id\":\"https:\\\/\\\/bioflexnutrition.com.br\\\/#\\\/schema\\\/logo\\\/image\\\/\",\"url\":\"https:\\\/\\\/bioflexnutrition.com.br\\\/wp-content\\\/uploads\\\/2025\\\/04\\\/fav.webp\",\"contentUrl\":\"https:\\\/\\\/bioflexnutrition.com.br\\\/wp-content\\\/uploads\\\/2025\\\/04\\\/fav.webp\",\"width\":1150,\"height\":1000,\"caption\":\"Bioflex Nutrition\"},\"image\":{\"@id\":\"https:\\\/\\\/bioflexnutrition.com.br\\\/#\\\/schema\\\/logo\\\/image\\\/\"},\"sameAs\":[\"https:\\\/\\\/www.instagram.com\\\/bioflexnh\\\/\"]}]}<\/script>\n<!-- \/ Yoast SEO plugin. -->","yoast_head_json":{"title":"Immuno Veggie Protein Pro-Glutathione Chocolate 512,4g - Display c\/14 sach\u00eas de 36,6g Essential - Bioflex Nutrition","robots":{"index":"index","follow":"follow","max-snippet":"max-snippet:-1","max-image-preview":"max-image-preview:large","max-video-preview":"max-video-preview:-1"},"canonical":"https:\/\/bioflexnutrition.com.br\/en\/product\/immuno-veggie-protein-pro-glutathione-chocolate-5124g-display-c-14-saches-de-366g-essential\/","og_locale":"en_US","og_type":"article","og_title":"Immuno Veggie Protein Pro-Glutathione Chocolate 512,4g - Display c\/14 sach\u00eas de 36,6g Essential - Bioflex Nutrition","og_description":"Blend de prote\u00ednas vegetais (arroz, ervilha e girassol) com adi\u00e7\u00e3o extra de amino\u00e1cidos e um complexo de nutrientes envolvidos no funcionamento do sistema imune.","og_url":"https:\/\/bioflexnutrition.com.br\/en\/product\/immuno-veggie-protein-pro-glutathione-chocolate-5124g-display-c-14-saches-de-366g-essential\/","og_site_name":"Bioflex Nutrition","article_modified_time":"2026-03-31T21:05:48+00:00","og_image":[{"width":1308,"height":1636,"url":"https:\/\/bioflexnutrition.com.br\/wp-content\/uploads\/2025\/06\/15347104842-immuno-veggie-chocollate-display-2.jpg","type":"image\/jpeg"}],"twitter_card":"summary_large_image","twitter_misc":{"Est. reading time":"4 minutes"},"schema":{"@context":"https:\/\/schema.org","@graph":[{"@type":["WebPage","ItemPage"],"@id":"https:\/\/bioflexnutrition.com.br\/produto\/immuno-veggie-protein-pro-glutathione-chocolate-5124g-display-c-14-saches-de-366g-essential\/","url":"https:\/\/bioflexnutrition.com.br\/produto\/immuno-veggie-protein-pro-glutathione-chocolate-5124g-display-c-14-saches-de-366g-essential\/","name":"Immuno Veggie Protein Pro-Glutathione Chocolate 512,4g - Display c\/14 sach\u00eas de 36,6g Essential - Bioflex Nutrition","isPartOf":{"@id":"https:\/\/bioflexnutrition.com.br\/#website"},"primaryImageOfPage":{"@id":"https:\/\/bioflexnutrition.com.br\/produto\/immuno-veggie-protein-pro-glutathione-chocolate-5124g-display-c-14-saches-de-366g-essential\/#primaryimage"},"image":{"@id":"https:\/\/bioflexnutrition.com.br\/produto\/immuno-veggie-protein-pro-glutathione-chocolate-5124g-display-c-14-saches-de-366g-essential\/#primaryimage"},"thumbnailUrl":"https:\/\/bioflexnutrition.com.br\/wp-content\/uploads\/2025\/06\/15347104842-immuno-veggie-chocollate-display-2.jpg","datePublished":"2025-06-05T23:04:50+00:00","dateModified":"2026-03-31T21:05:48+00:00","breadcrumb":{"@id":"https:\/\/bioflexnutrition.com.br\/produto\/immuno-veggie-protein-pro-glutathione-chocolate-5124g-display-c-14-saches-de-366g-essential\/#breadcrumb"},"inLanguage":"en-US","potentialAction":[{"@type":"ReadAction","target":["https:\/\/bioflexnutrition.com.br\/produto\/immuno-veggie-protein-pro-glutathione-chocolate-5124g-display-c-14-saches-de-366g-essential\/"]}]},{"@type":"ImageObject","inLanguage":"en-US","@id":"https:\/\/bioflexnutrition.com.br\/produto\/immuno-veggie-protein-pro-glutathione-chocolate-5124g-display-c-14-saches-de-366g-essential\/#primaryimage","url":"https:\/\/bioflexnutrition.com.br\/wp-content\/uploads\/2025\/06\/15347104842-immuno-veggie-chocollate-display-2.jpg","contentUrl":"https:\/\/bioflexnutrition.com.br\/wp-content\/uploads\/2025\/06\/15347104842-immuno-veggie-chocollate-display-2.jpg","width":1308,"height":1636},{"@type":"BreadcrumbList","@id":"https:\/\/bioflexnutrition.com.br\/produto\/immuno-veggie-protein-pro-glutathione-chocolate-5124g-display-c-14-saches-de-366g-essential\/#breadcrumb","itemListElement":[{"@type":"ListItem","position":1,"name":"In\u00edcio","item":"https:\/\/bioflexnutrition.com.br\/"},{"@type":"ListItem","position":2,"name":"Loja","item":"https:\/\/bioflexnutrition.com.br\/todos\/"},{"@type":"ListItem","position":3,"name":"Immuno Veggie Protein Pro-Glutathione Chocolate 512,4g &#8211; Display c\/14 sach\u00eas de 36,6g Essential"}]},{"@type":"WebSite","@id":"https:\/\/bioflexnutrition.com.br\/#website","url":"https:\/\/bioflexnutrition.com.br\/","name":"Bioflex Nutrition","description":"Sua loja online de Nutri\u00e7\u00e3o e Sa\u00fade","publisher":{"@id":"https:\/\/bioflexnutrition.com.br\/#organization"},"potentialAction":[{"@type":"SearchAction","target":{"@type":"EntryPoint","urlTemplate":"https:\/\/bioflexnutrition.com.br\/?s={search_term_string}"},"query-input":{"@type":"PropertyValueSpecification","valueRequired":true,"valueName":"search_term_string"}}],"inLanguage":"en-US"},{"@type":"Organization","@id":"https:\/\/bioflexnutrition.com.br\/#organization","name":"Bioflex Nutrition","url":"https:\/\/bioflexnutrition.com.br\/","logo":{"@type":"ImageObject","inLanguage":"en-US","@id":"https:\/\/bioflexnutrition.com.br\/#\/schema\/logo\/image\/","url":"https:\/\/bioflexnutrition.com.br\/wp-content\/uploads\/2025\/04\/fav.webp","contentUrl":"https:\/\/bioflexnutrition.com.br\/wp-content\/uploads\/2025\/04\/fav.webp","width":1150,"height":1000,"caption":"Bioflex Nutrition"},"image":{"@id":"https:\/\/bioflexnutrition.com.br\/#\/schema\/logo\/image\/"},"sameAs":["https:\/\/www.instagram.com\/bioflexnh\/"]}]}},"_links":{"self":[{"href":"https:\/\/bioflexnutrition.com.br\/en\/wp-json\/wp\/v2\/product\/6582","targetHints":{"allow":["GET"]}}],"collection":[{"href":"https:\/\/bioflexnutrition.com.br\/en\/wp-json\/wp\/v2\/product"}],"about":[{"href":"https:\/\/bioflexnutrition.com.br\/en\/wp-json\/wp\/v2\/types\/product"}],"replies":[{"embeddable":true,"href":"https:\/\/bioflexnutrition.com.br\/en\/wp-json\/wp\/v2\/comments?post=6582"}],"wp:featuredmedia":[{"embeddable":true,"href":"https:\/\/bioflexnutrition.com.br\/en\/wp-json\/wp\/v2\/media\/6578"}],"wp:attachment":[{"href":"https:\/\/bioflexnutrition.com.br\/en\/wp-json\/wp\/v2\/media?parent=6582"}],"wp:term":[{"taxonomy":"product_cat","embeddable":true,"href":"https:\/\/bioflexnutrition.com.br\/en\/wp-json\/wp\/v2\/product_cat?post=6582"},{"taxonomy":"product_tag","embeddable":true,"href":"https:\/\/bioflexnutrition.com.br\/en\/wp-json\/wp\/v2\/product_tag?post=6582"}],"curies":[{"name":"wp","href":"https:\/\/api.w.org\/{rel}","templated":true}]}}