{"id":6648,"date":"2025-06-05T21:00:01","date_gmt":"2025-06-06T00:00:01","guid":{"rendered":"https:\/\/bioflexnutrition.com.br\/produto\/uplift-caixa-40-caps-essential\/"},"modified":"2025-10-22T14:03:09","modified_gmt":"2025-10-22T17:03:09","slug":"uplift-caixa-40-caps-essential","status":"publish","type":"product","link":"https:\/\/bioflexnutrition.com.br\/en\/product\/uplift-caixa-40-caps-essential\/","title":{"rendered":"Uplift Caixa 40 caps Essential"},"content":{"rendered":"<h2>O que \u00e9 Uplift<\/h2>\n<h3>Descri\u00e7\u00e3o<\/h3>\n<p><strong>Uplift<\/strong> \u00e9 um blend \u00e0 base de cafe\u00edna de origem natural e \u00f3leo de c\u00e1rtamo, com tecnologia <em>slow release<\/em>, que faz libera\u00e7\u00e3o gradativa por at\u00e9 6 horas, garantindo efeito prolongado.<\/p>\n<ul>\n<li>130\u202fmg de cafe\u00edna por c\u00e1psula<\/li>\n<li>500\u202fmg de \u00f3leo de c\u00e1rtamo por c\u00e1psula<\/li>\n<li>Tecnologia <em>Slow Release<\/em>: 50% da cafe\u00edna na 1\u00aa hora e 50% nas 5 horas seguintes<\/li>\n<\/ul>\n<p>A cafe\u00edna auxilia no aumento do estado de alerta, na melhora da concentra\u00e7\u00e3o, al\u00e9m de potencializar a resist\u00eancia e o desempenho em exerc\u00edcios f\u00edsicos de longa dura\u00e7\u00e3o.<\/p>\n<p>Para dias mais cansativos, agendas agitadas ou noites mal dormidas, conte com Uplift.<\/p>\n<h3>Informa\u00e7\u00e3o Nutricional<\/h3>\n<p>Por\u00e7\u00f5es por embalagem: 20 (40 c\u00e1psulas)<br \/>Por\u00e7\u00e3o: 1,7\u202fg (2 c\u00e1psulas)<\/p>\n<table>\n<thead>\n<tr>\n<th>Componente<\/th>\n<th>Quantidade<\/th>\n<th>%VD*<\/th>\n<\/tr>\n<\/thead>\n<tbody>\n<tr>\n<td>Valor energ\u00e9tico (kcal)<\/td>\n<td>9<\/td>\n<td>0%<\/td>\n<\/tr>\n<tr>\n<td>Carboidratos (g)<\/td>\n<td>0<\/td>\n<td>0%<\/td>\n<\/tr>\n<tr>\n<td>&#8211; A\u00e7\u00facares totais (g)<\/td>\n<td>0<\/td>\n<td>\u2014<\/td>\n<\/tr>\n<tr>\n<td>&#8211; A\u00e7\u00facares adicionados (g)<\/td>\n<td>0<\/td>\n<td>0%<\/td>\n<\/tr>\n<tr>\n<td>Gorduras totais (g)<\/td>\n<td>1<\/td>\n<td>2%<\/td>\n<\/tr>\n<tr>\n<td>Vitamina E (mg)<\/td>\n<td>4<\/td>\n<td>27%<\/td>\n<\/tr>\n<tr>\n<td>Cafe\u00edna (mg)<\/td>\n<td>260<\/td>\n<td>\u2014<\/td>\n<\/tr>\n<\/tbody>\n<\/table>\n<p><em>N\u00e3o cont\u00e9m quantidades significativas de prote\u00ednas, gorduras saturadas, gorduras trans, fibras alimentares e s\u00f3dio.<\/em><br \/><em>*% Valores Di\u00e1rios de refer\u00eancia com base em dieta de 2.000\u202fkcal.<\/em><\/p>\n<h3>Ingredientes<\/h3>\n<p>\u00d3leo de c\u00e1rtamo, cafe\u00edna, estabilizante de origem natural (hidroxipropilmetilcelulose), antiumectante (di\u00f3xido de sil\u00edcio), antioxidante (mix de tocofer\u00f3is).<\/p>\n<p><strong>N\u00e3o cont\u00e9m gl\u00faten.<\/strong><br \/><strong>AL\u00c9RGICOS:<\/strong> pode conter soja.<\/p>\n<h3>Modo de Uso<\/h3>\n<p>Ingerir uma c\u00e1psula duas vezes ao dia, ou conforme orienta\u00e7\u00e3o de m\u00e9dico ou nutricionista. Recomenda\u2011se que uma das c\u00e1psulas seja ingerida 1\u202fhora antes da atividade f\u00edsica.<\/p>\n<h3>Armazenamento e Precau\u00e7\u00f5es<\/h3>\n<p>Manter este produto bem fechado em local fresco, seco e ao abrigo da luz solar.<br \/>Ap\u00f3s aberto, consumir em at\u00e9 60\u202fdias.<br \/>Este produto \u00e9 recomendado para atletas (\u226519\u202fanos).<br \/>N\u00e3o deve ser consumido por gestantes, lactantes e crian\u00e7as.<br \/>\u201cEste produto n\u00e3o \u00e9 um medicamento.\u201d<br \/>\u201cN\u00e3o exceder a recomenda\u00e7\u00e3o di\u00e1ria de consumo indicada na embalagem.\u201d<br \/>\u201cMantenha fora do alcance de crian\u00e7as.\u201d<\/p>","protected":false},"excerpt":{"rendered":"<p>Uplift<\/p>\n<p>\u00a0<\/p>\n<p>Vegan<\/p>\n<p>Suplemento composto por \u00f3leo de c\u00e1rtamo e microgr\u00e2nulos de cafe\u00edna com tecnologia slow release, que age com libera\u00e7\u00e3o gradativa por at\u00e9 6 horas. Recomendado como pr\u00e9-treino. C\u00e1psulas vegetais.<\/p>","protected":false},"featured_media":6644,"comment_status":"open","ping_status":"closed","template":"","meta":{"_joinchat":[]},"product_cat":[165,248,282,160,157,164,280],"product_tag":[],"class_list":{"0":"post-6648","1":"product","2":"type-product","3":"status-publish","4":"has-post-thumbnail","6":"product_cat-alta-performance","7":"product_cat-categorias-e","8":"product_cat-cognitivo-mental-vitaminas","9":"product_cat-essential","10":"product_cat-marcas","11":"product_cat-objetivos-especificos","12":"product_cat-vitaminas","14":"first","15":"instock","16":"shipping-taxable","17":"purchasable","18":"product-type-simple","19":"col-xs-6 col-sm-4","20":"col-md-3 col-lg-3","21":"un-4-cols"},"yoast_head":"<!-- This site is optimized with the Yoast SEO plugin v27.3 - https:\/\/yoast.com\/product\/yoast-seo-wordpress\/ -->\n<title>Uplift Caixa 40 caps Essential - Bioflex Nutrition<\/title>\n<meta name=\"robots\" content=\"index, follow, max-snippet:-1, max-image-preview:large, max-video-preview:-1\" \/>\n<link rel=\"canonical\" href=\"https:\/\/bioflexnutrition.com.br\/en\/product\/uplift-caixa-40-caps-essential\/\" \/>\n<meta property=\"og:locale\" content=\"en_US\" \/>\n<meta property=\"og:type\" content=\"article\" \/>\n<meta property=\"og:title\" content=\"Uplift Caixa 40 caps Essential - Bioflex Nutrition\" \/>\n<meta property=\"og:description\" content=\"Uplift \u00a0 Vegan Suplemento composto por \u00f3leo de c\u00e1rtamo e microgr\u00e2nulos de cafe\u00edna com tecnologia slow release, que age com libera\u00e7\u00e3o gradativa por at\u00e9 6 horas. Recomendado como pr\u00e9-treino. C\u00e1psulas vegetais.\" \/>\n<meta property=\"og:url\" content=\"https:\/\/bioflexnutrition.com.br\/en\/product\/uplift-caixa-40-caps-essential\/\" \/>\n<meta property=\"og:site_name\" content=\"Bioflex Nutrition\" \/>\n<meta property=\"article:modified_time\" content=\"2025-10-22T17:03:09+00:00\" \/>\n<meta property=\"og:image\" content=\"https:\/\/bioflexnutrition.com.br\/wp-content\/uploads\/2025\/06\/15350242915-uplift-box-1308x1636px.jpg\" \/>\n\t<meta property=\"og:image:width\" content=\"1308\" \/>\n\t<meta property=\"og:image:height\" content=\"1636\" \/>\n\t<meta property=\"og:image:type\" content=\"image\/jpeg\" \/>\n<meta name=\"twitter:card\" content=\"summary_large_image\" \/>\n<meta name=\"twitter:label1\" content=\"Est. reading time\" \/>\n\t<meta name=\"twitter:data1\" content=\"2 minutes\" \/>\n<script type=\"application\/ld+json\" class=\"yoast-schema-graph\">{\"@context\":\"https:\\\/\\\/schema.org\",\"@graph\":[{\"@type\":[\"WebPage\",\"ItemPage\"],\"@id\":\"https:\\\/\\\/bioflexnutrition.com.br\\\/produto\\\/uplift-caixa-40-caps-essential\\\/\",\"url\":\"https:\\\/\\\/bioflexnutrition.com.br\\\/produto\\\/uplift-caixa-40-caps-essential\\\/\",\"name\":\"Uplift Caixa 40 caps Essential - Bioflex Nutrition\",\"isPartOf\":{\"@id\":\"https:\\\/\\\/bioflexnutrition.com.br\\\/#website\"},\"primaryImageOfPage\":{\"@id\":\"https:\\\/\\\/bioflexnutrition.com.br\\\/produto\\\/uplift-caixa-40-caps-essential\\\/#primaryimage\"},\"image\":{\"@id\":\"https:\\\/\\\/bioflexnutrition.com.br\\\/produto\\\/uplift-caixa-40-caps-essential\\\/#primaryimage\"},\"thumbnailUrl\":\"https:\\\/\\\/bioflexnutrition.com.br\\\/wp-content\\\/uploads\\\/2025\\\/06\\\/15350242915-uplift-box-1308x1636px.jpg\",\"datePublished\":\"2025-06-06T00:00:01+00:00\",\"dateModified\":\"2025-10-22T17:03:09+00:00\",\"breadcrumb\":{\"@id\":\"https:\\\/\\\/bioflexnutrition.com.br\\\/produto\\\/uplift-caixa-40-caps-essential\\\/#breadcrumb\"},\"inLanguage\":\"en-US\",\"potentialAction\":[{\"@type\":\"ReadAction\",\"target\":[\"https:\\\/\\\/bioflexnutrition.com.br\\\/produto\\\/uplift-caixa-40-caps-essential\\\/\"]}]},{\"@type\":\"ImageObject\",\"inLanguage\":\"en-US\",\"@id\":\"https:\\\/\\\/bioflexnutrition.com.br\\\/produto\\\/uplift-caixa-40-caps-essential\\\/#primaryimage\",\"url\":\"https:\\\/\\\/bioflexnutrition.com.br\\\/wp-content\\\/uploads\\\/2025\\\/06\\\/15350242915-uplift-box-1308x1636px.jpg\",\"contentUrl\":\"https:\\\/\\\/bioflexnutrition.com.br\\\/wp-content\\\/uploads\\\/2025\\\/06\\\/15350242915-uplift-box-1308x1636px.jpg\",\"width\":1308,\"height\":1636},{\"@type\":\"BreadcrumbList\",\"@id\":\"https:\\\/\\\/bioflexnutrition.com.br\\\/produto\\\/uplift-caixa-40-caps-essential\\\/#breadcrumb\",\"itemListElement\":[{\"@type\":\"ListItem\",\"position\":1,\"name\":\"In\u00edcio\",\"item\":\"https:\\\/\\\/bioflexnutrition.com.br\\\/\"},{\"@type\":\"ListItem\",\"position\":2,\"name\":\"Loja\",\"item\":\"https:\\\/\\\/bioflexnutrition.com.br\\\/todos\\\/\"},{\"@type\":\"ListItem\",\"position\":3,\"name\":\"Uplift Caixa 40 caps Essential\"}]},{\"@type\":\"WebSite\",\"@id\":\"https:\\\/\\\/bioflexnutrition.com.br\\\/#website\",\"url\":\"https:\\\/\\\/bioflexnutrition.com.br\\\/\",\"name\":\"Bioflex Nutrition\",\"description\":\"Sua loja online de Nutri\u00e7\u00e3o e Sa\u00fade\",\"publisher\":{\"@id\":\"https:\\\/\\\/bioflexnutrition.com.br\\\/#organization\"},\"potentialAction\":[{\"@type\":\"SearchAction\",\"target\":{\"@type\":\"EntryPoint\",\"urlTemplate\":\"https:\\\/\\\/bioflexnutrition.com.br\\\/?s={search_term_string}\"},\"query-input\":{\"@type\":\"PropertyValueSpecification\",\"valueRequired\":true,\"valueName\":\"search_term_string\"}}],\"inLanguage\":\"en-US\"},{\"@type\":\"Organization\",\"@id\":\"https:\\\/\\\/bioflexnutrition.com.br\\\/#organization\",\"name\":\"Bioflex Nutrition\",\"url\":\"https:\\\/\\\/bioflexnutrition.com.br\\\/\",\"logo\":{\"@type\":\"ImageObject\",\"inLanguage\":\"en-US\",\"@id\":\"https:\\\/\\\/bioflexnutrition.com.br\\\/#\\\/schema\\\/logo\\\/image\\\/\",\"url\":\"https:\\\/\\\/bioflexnutrition.com.br\\\/wp-content\\\/uploads\\\/2025\\\/04\\\/fav.webp\",\"contentUrl\":\"https:\\\/\\\/bioflexnutrition.com.br\\\/wp-content\\\/uploads\\\/2025\\\/04\\\/fav.webp\",\"width\":1150,\"height\":1000,\"caption\":\"Bioflex Nutrition\"},\"image\":{\"@id\":\"https:\\\/\\\/bioflexnutrition.com.br\\\/#\\\/schema\\\/logo\\\/image\\\/\"},\"sameAs\":[\"https:\\\/\\\/www.instagram.com\\\/bioflexnh\\\/\"]}]}<\/script>\n<!-- \/ Yoast SEO plugin. -->","yoast_head_json":{"title":"Uplift Caixa 40 caps Essential - Bioflex Nutrition","robots":{"index":"index","follow":"follow","max-snippet":"max-snippet:-1","max-image-preview":"max-image-preview:large","max-video-preview":"max-video-preview:-1"},"canonical":"https:\/\/bioflexnutrition.com.br\/en\/product\/uplift-caixa-40-caps-essential\/","og_locale":"en_US","og_type":"article","og_title":"Uplift Caixa 40 caps Essential - Bioflex Nutrition","og_description":"Uplift \u00a0 Vegan Suplemento composto por \u00f3leo de c\u00e1rtamo e microgr\u00e2nulos de cafe\u00edna com tecnologia slow release, que age com libera\u00e7\u00e3o gradativa por at\u00e9 6 horas. Recomendado como pr\u00e9-treino. C\u00e1psulas vegetais.","og_url":"https:\/\/bioflexnutrition.com.br\/en\/product\/uplift-caixa-40-caps-essential\/","og_site_name":"Bioflex Nutrition","article_modified_time":"2025-10-22T17:03:09+00:00","og_image":[{"width":1308,"height":1636,"url":"https:\/\/bioflexnutrition.com.br\/wp-content\/uploads\/2025\/06\/15350242915-uplift-box-1308x1636px.jpg","type":"image\/jpeg"}],"twitter_card":"summary_large_image","twitter_misc":{"Est. reading time":"2 minutes"},"schema":{"@context":"https:\/\/schema.org","@graph":[{"@type":["WebPage","ItemPage"],"@id":"https:\/\/bioflexnutrition.com.br\/produto\/uplift-caixa-40-caps-essential\/","url":"https:\/\/bioflexnutrition.com.br\/produto\/uplift-caixa-40-caps-essential\/","name":"Uplift Caixa 40 caps Essential - Bioflex Nutrition","isPartOf":{"@id":"https:\/\/bioflexnutrition.com.br\/#website"},"primaryImageOfPage":{"@id":"https:\/\/bioflexnutrition.com.br\/produto\/uplift-caixa-40-caps-essential\/#primaryimage"},"image":{"@id":"https:\/\/bioflexnutrition.com.br\/produto\/uplift-caixa-40-caps-essential\/#primaryimage"},"thumbnailUrl":"https:\/\/bioflexnutrition.com.br\/wp-content\/uploads\/2025\/06\/15350242915-uplift-box-1308x1636px.jpg","datePublished":"2025-06-06T00:00:01+00:00","dateModified":"2025-10-22T17:03:09+00:00","breadcrumb":{"@id":"https:\/\/bioflexnutrition.com.br\/produto\/uplift-caixa-40-caps-essential\/#breadcrumb"},"inLanguage":"en-US","potentialAction":[{"@type":"ReadAction","target":["https:\/\/bioflexnutrition.com.br\/produto\/uplift-caixa-40-caps-essential\/"]}]},{"@type":"ImageObject","inLanguage":"en-US","@id":"https:\/\/bioflexnutrition.com.br\/produto\/uplift-caixa-40-caps-essential\/#primaryimage","url":"https:\/\/bioflexnutrition.com.br\/wp-content\/uploads\/2025\/06\/15350242915-uplift-box-1308x1636px.jpg","contentUrl":"https:\/\/bioflexnutrition.com.br\/wp-content\/uploads\/2025\/06\/15350242915-uplift-box-1308x1636px.jpg","width":1308,"height":1636},{"@type":"BreadcrumbList","@id":"https:\/\/bioflexnutrition.com.br\/produto\/uplift-caixa-40-caps-essential\/#breadcrumb","itemListElement":[{"@type":"ListItem","position":1,"name":"In\u00edcio","item":"https:\/\/bioflexnutrition.com.br\/"},{"@type":"ListItem","position":2,"name":"Loja","item":"https:\/\/bioflexnutrition.com.br\/todos\/"},{"@type":"ListItem","position":3,"name":"Uplift Caixa 40 caps Essential"}]},{"@type":"WebSite","@id":"https:\/\/bioflexnutrition.com.br\/#website","url":"https:\/\/bioflexnutrition.com.br\/","name":"Bioflex Nutrition","description":"Sua loja online de Nutri\u00e7\u00e3o e Sa\u00fade","publisher":{"@id":"https:\/\/bioflexnutrition.com.br\/#organization"},"potentialAction":[{"@type":"SearchAction","target":{"@type":"EntryPoint","urlTemplate":"https:\/\/bioflexnutrition.com.br\/?s={search_term_string}"},"query-input":{"@type":"PropertyValueSpecification","valueRequired":true,"valueName":"search_term_string"}}],"inLanguage":"en-US"},{"@type":"Organization","@id":"https:\/\/bioflexnutrition.com.br\/#organization","name":"Bioflex Nutrition","url":"https:\/\/bioflexnutrition.com.br\/","logo":{"@type":"ImageObject","inLanguage":"en-US","@id":"https:\/\/bioflexnutrition.com.br\/#\/schema\/logo\/image\/","url":"https:\/\/bioflexnutrition.com.br\/wp-content\/uploads\/2025\/04\/fav.webp","contentUrl":"https:\/\/bioflexnutrition.com.br\/wp-content\/uploads\/2025\/04\/fav.webp","width":1150,"height":1000,"caption":"Bioflex Nutrition"},"image":{"@id":"https:\/\/bioflexnutrition.com.br\/#\/schema\/logo\/image\/"},"sameAs":["https:\/\/www.instagram.com\/bioflexnh\/"]}]}},"_links":{"self":[{"href":"https:\/\/bioflexnutrition.com.br\/en\/wp-json\/wp\/v2\/product\/6648","targetHints":{"allow":["GET"]}}],"collection":[{"href":"https:\/\/bioflexnutrition.com.br\/en\/wp-json\/wp\/v2\/product"}],"about":[{"href":"https:\/\/bioflexnutrition.com.br\/en\/wp-json\/wp\/v2\/types\/product"}],"replies":[{"embeddable":true,"href":"https:\/\/bioflexnutrition.com.br\/en\/wp-json\/wp\/v2\/comments?post=6648"}],"wp:featuredmedia":[{"embeddable":true,"href":"https:\/\/bioflexnutrition.com.br\/en\/wp-json\/wp\/v2\/media\/6644"}],"wp:attachment":[{"href":"https:\/\/bioflexnutrition.com.br\/en\/wp-json\/wp\/v2\/media?parent=6648"}],"wp:term":[{"taxonomy":"product_cat","embeddable":true,"href":"https:\/\/bioflexnutrition.com.br\/en\/wp-json\/wp\/v2\/product_cat?post=6648"},{"taxonomy":"product_tag","embeddable":true,"href":"https:\/\/bioflexnutrition.com.br\/en\/wp-json\/wp\/v2\/product_tag?post=6648"}],"curies":[{"name":"wp","href":"https:\/\/api.w.org\/{rel}","templated":true}]}}