{"id":6678,"date":"2025-06-05T21:09:20","date_gmt":"2025-06-06T00:09:20","guid":{"rendered":"https:\/\/bioflexnutrition.com.br\/produto\/melatonin-duo-harmony-120caps-essential\/"},"modified":"2026-04-02T14:39:45","modified_gmt":"2026-04-02T17:39:45","slug":"melatonin-duo-harmony-120caps-essential","status":"publish","type":"product","link":"https:\/\/bioflexnutrition.com.br\/en\/product\/melatonin-duo-harmony-120caps-essential\/","title":{"rendered":"Melatonin Duo Harmony 120Caps Essential"},"content":{"rendered":"<h2>MELATONIN DUO HARMONY<\/h2>\n<p>Melatonin Duo Harmony \u00e9 uma f\u00f3rmula avan\u00e7ada que combina melatonina Micro\u2011SR\u00ae (Fast &amp; Slow Release) com magn\u00e9sio, zinco, inositol, triptofano, taurina, glicina e vitamina B6 para apoio completo ao ciclo do sono e \u00e0 regenera\u00e7\u00e3o noturna.<\/p>\n<h2>FAST &amp; SLOW RELEASE<\/h2>\n<ul>\n<li><strong>Fast Release:<\/strong> 40% da melatonina liberada na 1\u00aa hora<\/li>\n<li><strong>Slow Release:<\/strong> 60% restante ao longo das 7 horas seguintes<\/li>\n<\/ul>\n<h2>COMPOSI\u00c7\u00c3O POR C\u00c1PSULA<\/h2>\n<ul>\n<li>0,21\u202fmg Melatonina (Micro\u2011SR\u00ae)<\/li>\n<li>0,65\u202fmg Vitamina B6 (piridoxal\u20115\u2011fosfato)<\/li>\n<li>63\u202fmg Magn\u00e9sio quelado (bisglicinato)<\/li>\n<li>5\u202fmg Zinco quelado (bisglicinato)<\/li>\n<li>100\u202fmg Inositol (mio\u2011inositol)<\/li>\n<li>100\u202fmg Triptofano<\/li>\n<li>100\u202fmg Taurina<\/li>\n<li>100\u202fmg Glicina<\/li>\n<\/ul>\n<h2>INFORMA\u00c7\u00c3O NUTRICIONAL<\/h2>\n<p>Confira sempre a lista de ingredientes em ordem decrescente. Produtos Essential s\u00e3o livres de calorias vazias e feitos com ingredientes naturais.<\/p>\n<h2>TABELA NUTRICIONAL<\/h2>\n<table>\n<thead>\n<tr>\n<th>Por\u00e7\u00e3o<\/th>\n<td>0,8\u202fg (1 c\u00e1psula)<\/td>\n<\/tr>\n<tr>\n<th>Por\u00e7\u00f5es por embalagem<\/th>\n<td>120<\/td>\n<\/tr>\n<\/thead>\n<tbody>\n<tr>\n<th>Glicina<\/th>\n<td>100\u202fmg<\/td>\n<\/tr>\n<tr>\n<th>Triptofano<\/th>\n<td>100\u202fmg<\/td>\n<\/tr>\n<tr>\n<th>Vitamina B6<\/th>\n<td>0,65\u202fmg\u00a050%<\/td>\n<\/tr>\n<tr>\n<th>Magn\u00e9sio<\/th>\n<td>63\u202fmg\u00a015%<\/td>\n<\/tr>\n<tr>\n<th>Zinco<\/th>\n<td>5\u202fmg\u00a045%<\/td>\n<\/tr>\n<tr>\n<th>Taurina<\/th>\n<td>100\u202fmg<\/td>\n<\/tr>\n<tr>\n<th>Inositol<\/th>\n<td>0,1\u202fg<\/td>\n<\/tr>\n<tr>\n<th>Melatonina<\/th>\n<td>0,21\u202fmg<\/td>\n<\/tr>\n<\/tbody>\n<\/table>\n<p>*% Valores di\u00e1rios por por\u00e7\u00e3o.<\/p>\n<h2>INGREDIENTES<\/h2>\n<p>Bisglicinato de magn\u00e9sio, L\u2011triptofano, taurina, mio\u2011inositol, glicina, bisglicinato de zinco, melatonina (Micro\u2011SR\u00ae), piridoxal\u20115\u2011fosfato, estearato de magn\u00e9sio, di\u00f3xido de sil\u00edcio, celulose microcristalina, hidroxipropilmetilcelulose, cera de carna\u00faba.<\/p>\n<p><strong>N\u00e3o cont\u00e9m<\/strong> gl\u00faten.<\/p>\n<h2>MODO DE USO<\/h2>\n<p>Ingerir 1 c\u00e1psula antes de dormir ou conforme orienta\u00e7\u00e3o de m\u00e9dico\/nutricionista.<\/p>\n<p>Conservar em local fresco, seco e ao abrigo da luz. Ap\u00f3s aberto, consumir em at\u00e9 150\u202fdias. Indicado para adultos (\u2265\u00a019\u202fanos). N\u00e3o indicado para gestantes, lactantes, crian\u00e7as ou pessoas que exigem aten\u00e7\u00e3o constante. Consulte seu m\u00e9dico.<\/p>","protected":false},"excerpt":{"rendered":"<p>Melatonin Duo Harmony<\/p>\n<p>\u00a0<\/p>\n<p>F\u00f3rmula com sistema duplo de libera\u00e7\u00e3o de melatonina e uma sele\u00e7\u00e3o de ingredientes atuando em sinergia.<\/p>","protected":false},"featured_media":6674,"comment_status":"open","ping_status":"closed","template":"","meta":{"_joinchat":[]},"product_cat":[248,160,157,164,230,287,280],"product_tag":[],"class_list":{"0":"post-6678","1":"product","2":"type-product","3":"status-publish","4":"has-post-thumbnail","6":"product_cat-categorias-e","7":"product_cat-essential","8":"product_cat-marcas","9":"product_cat-objetivos-especificos","10":"product_cat-saude-e-bem-estar","11":"product_cat-sono-relaxante","12":"product_cat-vitaminas","14":"first","15":"instock","16":"shipping-taxable","17":"purchasable","18":"product-type-simple","19":"col-xs-6 col-sm-4","20":"col-md-3 col-lg-3","21":"un-4-cols"},"yoast_head":"<!-- This site is optimized with the Yoast SEO plugin v27.3 - https:\/\/yoast.com\/product\/yoast-seo-wordpress\/ -->\n<title>Melatonin Duo Harmony 120Caps Essential - Bioflex Nutrition<\/title>\n<meta name=\"robots\" content=\"index, follow, max-snippet:-1, max-image-preview:large, max-video-preview:-1\" \/>\n<link rel=\"canonical\" href=\"https:\/\/bioflexnutrition.com.br\/en\/product\/melatonin-duo-harmony-120caps-essential\/\" \/>\n<meta property=\"og:locale\" content=\"en_US\" \/>\n<meta property=\"og:type\" content=\"article\" \/>\n<meta property=\"og:title\" content=\"Melatonin Duo Harmony 120Caps Essential - Bioflex Nutrition\" \/>\n<meta property=\"og:description\" content=\"Melatonin Duo Harmony \u00a0 F\u00f3rmula com sistema duplo de libera\u00e7\u00e3o de melatonina e uma sele\u00e7\u00e3o de ingredientes atuando em sinergia.\" \/>\n<meta property=\"og:url\" content=\"https:\/\/bioflexnutrition.com.br\/en\/product\/melatonin-duo-harmony-120caps-essential\/\" \/>\n<meta property=\"og:site_name\" content=\"Bioflex Nutrition\" \/>\n<meta property=\"article:modified_time\" content=\"2026-04-02T17:39:45+00:00\" \/>\n<meta property=\"og:image\" content=\"https:\/\/bioflexnutrition.com.br\/wp-content\/uploads\/2025\/06\/15350241750-melatonin-duo-harmony-120caps-pote.jpg\" \/>\n\t<meta property=\"og:image:width\" content=\"1950\" \/>\n\t<meta property=\"og:image:height\" content=\"1950\" \/>\n\t<meta property=\"og:image:type\" content=\"image\/jpeg\" \/>\n<meta name=\"twitter:card\" content=\"summary_large_image\" \/>\n<meta name=\"twitter:label1\" content=\"Est. reading time\" \/>\n\t<meta name=\"twitter:data1\" content=\"2 minutes\" \/>\n<script type=\"application\/ld+json\" class=\"yoast-schema-graph\">{\"@context\":\"https:\\\/\\\/schema.org\",\"@graph\":[{\"@type\":[\"WebPage\",\"ItemPage\"],\"@id\":\"https:\\\/\\\/bioflexnutrition.com.br\\\/produto\\\/melatonin-duo-harmony-120caps-essential\\\/\",\"url\":\"https:\\\/\\\/bioflexnutrition.com.br\\\/produto\\\/melatonin-duo-harmony-120caps-essential\\\/\",\"name\":\"Melatonin Duo Harmony 120Caps Essential - Bioflex Nutrition\",\"isPartOf\":{\"@id\":\"https:\\\/\\\/bioflexnutrition.com.br\\\/#website\"},\"primaryImageOfPage\":{\"@id\":\"https:\\\/\\\/bioflexnutrition.com.br\\\/produto\\\/melatonin-duo-harmony-120caps-essential\\\/#primaryimage\"},\"image\":{\"@id\":\"https:\\\/\\\/bioflexnutrition.com.br\\\/produto\\\/melatonin-duo-harmony-120caps-essential\\\/#primaryimage\"},\"thumbnailUrl\":\"https:\\\/\\\/bioflexnutrition.com.br\\\/wp-content\\\/uploads\\\/2025\\\/06\\\/15350241750-melatonin-duo-harmony-120caps-pote.jpg\",\"datePublished\":\"2025-06-06T00:09:20+00:00\",\"dateModified\":\"2026-04-02T17:39:45+00:00\",\"breadcrumb\":{\"@id\":\"https:\\\/\\\/bioflexnutrition.com.br\\\/produto\\\/melatonin-duo-harmony-120caps-essential\\\/#breadcrumb\"},\"inLanguage\":\"en-US\",\"potentialAction\":[{\"@type\":\"ReadAction\",\"target\":[\"https:\\\/\\\/bioflexnutrition.com.br\\\/produto\\\/melatonin-duo-harmony-120caps-essential\\\/\"]}]},{\"@type\":\"ImageObject\",\"inLanguage\":\"en-US\",\"@id\":\"https:\\\/\\\/bioflexnutrition.com.br\\\/produto\\\/melatonin-duo-harmony-120caps-essential\\\/#primaryimage\",\"url\":\"https:\\\/\\\/bioflexnutrition.com.br\\\/wp-content\\\/uploads\\\/2025\\\/06\\\/15350241750-melatonin-duo-harmony-120caps-pote.jpg\",\"contentUrl\":\"https:\\\/\\\/bioflexnutrition.com.br\\\/wp-content\\\/uploads\\\/2025\\\/06\\\/15350241750-melatonin-duo-harmony-120caps-pote.jpg\",\"width\":1950,\"height\":1950},{\"@type\":\"BreadcrumbList\",\"@id\":\"https:\\\/\\\/bioflexnutrition.com.br\\\/produto\\\/melatonin-duo-harmony-120caps-essential\\\/#breadcrumb\",\"itemListElement\":[{\"@type\":\"ListItem\",\"position\":1,\"name\":\"In\u00edcio\",\"item\":\"https:\\\/\\\/bioflexnutrition.com.br\\\/\"},{\"@type\":\"ListItem\",\"position\":2,\"name\":\"Loja\",\"item\":\"https:\\\/\\\/bioflexnutrition.com.br\\\/todos\\\/\"},{\"@type\":\"ListItem\",\"position\":3,\"name\":\"Melatonin Duo Harmony 120Caps Essential\"}]},{\"@type\":\"WebSite\",\"@id\":\"https:\\\/\\\/bioflexnutrition.com.br\\\/#website\",\"url\":\"https:\\\/\\\/bioflexnutrition.com.br\\\/\",\"name\":\"Bioflex Nutrition\",\"description\":\"Sua loja online de Nutri\u00e7\u00e3o e Sa\u00fade\",\"publisher\":{\"@id\":\"https:\\\/\\\/bioflexnutrition.com.br\\\/#organization\"},\"potentialAction\":[{\"@type\":\"SearchAction\",\"target\":{\"@type\":\"EntryPoint\",\"urlTemplate\":\"https:\\\/\\\/bioflexnutrition.com.br\\\/?s={search_term_string}\"},\"query-input\":{\"@type\":\"PropertyValueSpecification\",\"valueRequired\":true,\"valueName\":\"search_term_string\"}}],\"inLanguage\":\"en-US\"},{\"@type\":\"Organization\",\"@id\":\"https:\\\/\\\/bioflexnutrition.com.br\\\/#organization\",\"name\":\"Bioflex Nutrition\",\"url\":\"https:\\\/\\\/bioflexnutrition.com.br\\\/\",\"logo\":{\"@type\":\"ImageObject\",\"inLanguage\":\"en-US\",\"@id\":\"https:\\\/\\\/bioflexnutrition.com.br\\\/#\\\/schema\\\/logo\\\/image\\\/\",\"url\":\"https:\\\/\\\/bioflexnutrition.com.br\\\/wp-content\\\/uploads\\\/2025\\\/04\\\/fav.webp\",\"contentUrl\":\"https:\\\/\\\/bioflexnutrition.com.br\\\/wp-content\\\/uploads\\\/2025\\\/04\\\/fav.webp\",\"width\":1150,\"height\":1000,\"caption\":\"Bioflex Nutrition\"},\"image\":{\"@id\":\"https:\\\/\\\/bioflexnutrition.com.br\\\/#\\\/schema\\\/logo\\\/image\\\/\"},\"sameAs\":[\"https:\\\/\\\/www.instagram.com\\\/bioflexnh\\\/\"]}]}<\/script>\n<!-- \/ Yoast SEO plugin. -->","yoast_head_json":{"title":"Melatonin Duo Harmony 120Caps Essential - Bioflex Nutrition","robots":{"index":"index","follow":"follow","max-snippet":"max-snippet:-1","max-image-preview":"max-image-preview:large","max-video-preview":"max-video-preview:-1"},"canonical":"https:\/\/bioflexnutrition.com.br\/en\/product\/melatonin-duo-harmony-120caps-essential\/","og_locale":"en_US","og_type":"article","og_title":"Melatonin Duo Harmony 120Caps Essential - Bioflex Nutrition","og_description":"Melatonin Duo Harmony \u00a0 F\u00f3rmula com sistema duplo de libera\u00e7\u00e3o de melatonina e uma sele\u00e7\u00e3o de ingredientes atuando em sinergia.","og_url":"https:\/\/bioflexnutrition.com.br\/en\/product\/melatonin-duo-harmony-120caps-essential\/","og_site_name":"Bioflex Nutrition","article_modified_time":"2026-04-02T17:39:45+00:00","og_image":[{"width":1950,"height":1950,"url":"https:\/\/bioflexnutrition.com.br\/wp-content\/uploads\/2025\/06\/15350241750-melatonin-duo-harmony-120caps-pote.jpg","type":"image\/jpeg"}],"twitter_card":"summary_large_image","twitter_misc":{"Est. reading time":"2 minutes"},"schema":{"@context":"https:\/\/schema.org","@graph":[{"@type":["WebPage","ItemPage"],"@id":"https:\/\/bioflexnutrition.com.br\/produto\/melatonin-duo-harmony-120caps-essential\/","url":"https:\/\/bioflexnutrition.com.br\/produto\/melatonin-duo-harmony-120caps-essential\/","name":"Melatonin Duo Harmony 120Caps Essential - Bioflex Nutrition","isPartOf":{"@id":"https:\/\/bioflexnutrition.com.br\/#website"},"primaryImageOfPage":{"@id":"https:\/\/bioflexnutrition.com.br\/produto\/melatonin-duo-harmony-120caps-essential\/#primaryimage"},"image":{"@id":"https:\/\/bioflexnutrition.com.br\/produto\/melatonin-duo-harmony-120caps-essential\/#primaryimage"},"thumbnailUrl":"https:\/\/bioflexnutrition.com.br\/wp-content\/uploads\/2025\/06\/15350241750-melatonin-duo-harmony-120caps-pote.jpg","datePublished":"2025-06-06T00:09:20+00:00","dateModified":"2026-04-02T17:39:45+00:00","breadcrumb":{"@id":"https:\/\/bioflexnutrition.com.br\/produto\/melatonin-duo-harmony-120caps-essential\/#breadcrumb"},"inLanguage":"en-US","potentialAction":[{"@type":"ReadAction","target":["https:\/\/bioflexnutrition.com.br\/produto\/melatonin-duo-harmony-120caps-essential\/"]}]},{"@type":"ImageObject","inLanguage":"en-US","@id":"https:\/\/bioflexnutrition.com.br\/produto\/melatonin-duo-harmony-120caps-essential\/#primaryimage","url":"https:\/\/bioflexnutrition.com.br\/wp-content\/uploads\/2025\/06\/15350241750-melatonin-duo-harmony-120caps-pote.jpg","contentUrl":"https:\/\/bioflexnutrition.com.br\/wp-content\/uploads\/2025\/06\/15350241750-melatonin-duo-harmony-120caps-pote.jpg","width":1950,"height":1950},{"@type":"BreadcrumbList","@id":"https:\/\/bioflexnutrition.com.br\/produto\/melatonin-duo-harmony-120caps-essential\/#breadcrumb","itemListElement":[{"@type":"ListItem","position":1,"name":"In\u00edcio","item":"https:\/\/bioflexnutrition.com.br\/"},{"@type":"ListItem","position":2,"name":"Loja","item":"https:\/\/bioflexnutrition.com.br\/todos\/"},{"@type":"ListItem","position":3,"name":"Melatonin Duo Harmony 120Caps Essential"}]},{"@type":"WebSite","@id":"https:\/\/bioflexnutrition.com.br\/#website","url":"https:\/\/bioflexnutrition.com.br\/","name":"Bioflex Nutrition","description":"Sua loja online de Nutri\u00e7\u00e3o e Sa\u00fade","publisher":{"@id":"https:\/\/bioflexnutrition.com.br\/#organization"},"potentialAction":[{"@type":"SearchAction","target":{"@type":"EntryPoint","urlTemplate":"https:\/\/bioflexnutrition.com.br\/?s={search_term_string}"},"query-input":{"@type":"PropertyValueSpecification","valueRequired":true,"valueName":"search_term_string"}}],"inLanguage":"en-US"},{"@type":"Organization","@id":"https:\/\/bioflexnutrition.com.br\/#organization","name":"Bioflex Nutrition","url":"https:\/\/bioflexnutrition.com.br\/","logo":{"@type":"ImageObject","inLanguage":"en-US","@id":"https:\/\/bioflexnutrition.com.br\/#\/schema\/logo\/image\/","url":"https:\/\/bioflexnutrition.com.br\/wp-content\/uploads\/2025\/04\/fav.webp","contentUrl":"https:\/\/bioflexnutrition.com.br\/wp-content\/uploads\/2025\/04\/fav.webp","width":1150,"height":1000,"caption":"Bioflex Nutrition"},"image":{"@id":"https:\/\/bioflexnutrition.com.br\/#\/schema\/logo\/image\/"},"sameAs":["https:\/\/www.instagram.com\/bioflexnh\/"]}]}},"_links":{"self":[{"href":"https:\/\/bioflexnutrition.com.br\/en\/wp-json\/wp\/v2\/product\/6678","targetHints":{"allow":["GET"]}}],"collection":[{"href":"https:\/\/bioflexnutrition.com.br\/en\/wp-json\/wp\/v2\/product"}],"about":[{"href":"https:\/\/bioflexnutrition.com.br\/en\/wp-json\/wp\/v2\/types\/product"}],"replies":[{"embeddable":true,"href":"https:\/\/bioflexnutrition.com.br\/en\/wp-json\/wp\/v2\/comments?post=6678"}],"wp:featuredmedia":[{"embeddable":true,"href":"https:\/\/bioflexnutrition.com.br\/en\/wp-json\/wp\/v2\/media\/6674"}],"wp:attachment":[{"href":"https:\/\/bioflexnutrition.com.br\/en\/wp-json\/wp\/v2\/media?parent=6678"}],"wp:term":[{"taxonomy":"product_cat","embeddable":true,"href":"https:\/\/bioflexnutrition.com.br\/en\/wp-json\/wp\/v2\/product_cat?post=6678"},{"taxonomy":"product_tag","embeddable":true,"href":"https:\/\/bioflexnutrition.com.br\/en\/wp-json\/wp\/v2\/product_tag?post=6678"}],"curies":[{"name":"wp","href":"https:\/\/api.w.org\/{rel}","templated":true}]}}