{"id":6683,"date":"2025-06-05T21:09:39","date_gmt":"2025-06-06T00:09:39","guid":{"rendered":"https:\/\/bioflexnutrition.com.br\/produto\/b-complex-pote-120caps-essential\/"},"modified":"2026-03-31T16:00:37","modified_gmt":"2026-03-31T19:00:37","slug":"b-complex-pote-120caps-essential","status":"publish","type":"product","link":"https:\/\/bioflexnutrition.com.br\/en\/product\/b-complex-pote-120caps-essential\/","title":{"rendered":"B COMPLEX POTE 120CAPS ESSENTIAL"},"content":{"rendered":"<h2>Vitaminas do Complexo B em sua melhor forma<\/h2>\n<p>As vitaminas do Complexo B s\u00e3o essenciais para o nosso organismo, independentemente da idade. Elas est\u00e3o envolvidas em diversas fun\u00e7\u00f5es, como o <strong>metabolismo energ\u00e9tico<\/strong> e o <strong>funcionamento do sistema imune<\/strong>.<\/p>\n<p>No <strong>B Complex<\/strong> da Essential, voc\u00ea encontra as 8 vitaminas do grupo B (B1, B2, B3, B5, B6, B7, B9 e B12), com um grande diferencial: <strong>as formas ativas das vitaminas<\/strong>, associadas ao <strong>magn\u00e9sio quelado<\/strong> para otimizar a absor\u00e7\u00e3o.<\/p>\n<h3>Das 13 vitaminas essenciais, 8 s\u00e3o do Complexo B<\/h3>\n<p>Essas vitaminas podem ser encontradas na alimenta\u00e7\u00e3o, mas nem sempre em quantidades suficientes. A defici\u00eancia de vitaminas do complexo B pode causar <strong>cansa\u00e7o f\u00edsico<\/strong>, <strong>dificuldade de concentra\u00e7\u00e3o<\/strong> e queda na imunidade.<\/p>\n<h3>Vitaminas e seus nomes mais comuns<\/h3>\n<ul>\n<li><strong>B1:<\/strong> Tiamina (cloridrato de tiamina)<\/li>\n<li><strong>B2:<\/strong> Riboflavina e Riboflavina-5-fosfato (forma ativa)<\/li>\n<li><strong>B3:<\/strong> Nicotinamida<\/li>\n<li><strong>B5:<\/strong> Pantotenato de c\u00e1lcio<\/li>\n<li><strong>B6:<\/strong> Cloridrato de piridoxina e Piridoxal-5-fosfato (forma ativa)<\/li>\n<li><strong>B7:<\/strong> Biotina<\/li>\n<li><strong>B9:<\/strong> \u00c1cido f\u00f3lico e L-metilfolato de c\u00e1lcio (forma ativa)<\/li>\n<li><strong>B12:<\/strong> Cianocobalamina e Metilcobalamina (forma ativa)<\/li>\n<\/ul>\n<p>Formas ativas facilitam o aproveitamento das vitaminas pelo organismo, poupando o corpo do processo de convers\u00e3o \u2013 essencial para pessoas com dificuldades gen\u00e9ticas ou metab\u00f3licas nessa ativa\u00e7\u00e3o.<\/p>\n<h3>Por que suplementar o Complexo B?<\/h3>\n<ul>\n<li>As vitaminas hidrossol\u00faveis s\u00e3o facilmente eliminadas pelo suor e urina.<\/li>\n<li>Perdem-se durante o preparo dos alimentos.<\/li>\n<li>Nem sempre s\u00e3o ingeridas em quantidade adequada.<\/li>\n<li>Condi\u00e7\u00f5es fisiol\u00f3gicas podem dificultar sua absor\u00e7\u00e3o e metabolismo.<\/li>\n<\/ul>\n<p>O <strong>B Complex<\/strong> fornece essas vitaminas em sua forma ativa para uma absor\u00e7\u00e3o mais eficiente, promovendo <strong>energia celular<\/strong> e <strong>imunidade<\/strong>.<\/p>\n<h2>INFORMA\u00c7\u00c3O NUTRICIONAL<\/h2>\n<p><em>Por\u00e7\u00f5es por embalagem:<\/em> 120 c\u00e1psulas<br \/><em>Por\u00e7\u00e3o:<\/em> 0,55g (1 c\u00e1psula)<\/p>\n<table border=\"1\" cellpadding=\"6\" cellspacing=\"0\">\n<thead>\n<tr>\n<th>Componente<\/th>\n<th>Quantidade<\/th>\n<th>%VD*<\/th>\n<\/tr>\n<\/thead>\n<tbody>\n<tr>\n<td>Vitamina B1 (mg)<\/td>\n<td>2<\/td>\n<td>167<\/td>\n<\/tr>\n<tr>\n<td>Vitamina B2 (mg)<\/td>\n<td>2,7<\/td>\n<td>225<\/td>\n<\/tr>\n<tr>\n<td>Vitamina B3 (mg)<\/td>\n<td>35<\/td>\n<td>233<\/td>\n<\/tr>\n<tr>\n<td>Vitamina B5 (mg)<\/td>\n<td>5,6<\/td>\n<td>112<\/td>\n<\/tr>\n<tr>\n<td>Vitamina B6 (mg)<\/td>\n<td>15<\/td>\n<td>1154<\/td>\n<\/tr>\n<tr>\n<td>Vitamina B7 &#8211; Biotina (\u03bcg)<\/td>\n<td>45<\/td>\n<td>150<\/td>\n<\/tr>\n<tr>\n<td>Vitamina B9 &#8211; \u00c1cido f\u00f3lico (\u03bcg)<\/td>\n<td>768<\/td>\n<td>320<\/td>\n<\/tr>\n<tr>\n<td>Vitamina B12 (\u03bcg)<\/td>\n<td>9,9<\/td>\n<td>413<\/td>\n<\/tr>\n<tr>\n<td>Magn\u00e9sio (mg)<\/td>\n<td>63<\/td>\n<td>15<\/td>\n<\/tr>\n<\/tbody>\n<\/table>\n<p><em>N\u00e3o cont\u00e9m quantidades significativas de valor energ\u00e9tico, carboidratos, a\u00e7\u00facares, prote\u00ednas, gorduras, fibras ou s\u00f3dio.<\/em><\/p>\n<p><em>*Percentual de valores di\u00e1rios fornecidos pela por\u00e7\u00e3o.<\/em><\/p>\n<h3>Ingredientes<\/h3>\n<p>Bisglicinato de magn\u00e9sio, nicotinamida, cloridrato de piridoxina, piridoxal-5-fosfato, pantotenato de c\u00e1lcio, cloridrato de tiamina, riboflavina-5-fosfato, riboflavina, \u00e1cido f\u00f3lico, L-metilfolato de c\u00e1lcio, biotina, cianocobalamina, metilcobalamina e antiumectantes celulose microcristalina, estearato de magn\u00e9sio e di\u00f3xido de sil\u00edcio.<\/p>\n<p><strong>C\u00e1psula vegetal:<\/strong> \u00e1gua purificada, espessantes hidroxipropilmetilcelulose e carragena, corante inorg\u00e2nico di\u00f3xido de tit\u00e2nio.<\/p>\n<p><strong>N\u00c3O CONT\u00c9M GL\u00daTEN.<\/strong><\/p>\n<p><strong>AL\u00c9RGICOS:<\/strong> PODE CONTER DERIVADOS DE LEITE*<\/p>\n<p><em>*Pode conter tra\u00e7os devido \u00e0 contamina\u00e7\u00e3o cruzada durante o processo de fabrica\u00e7\u00e3o.<\/em><\/p>\n<h3>MODO DE USO<\/h3>\n<ul>\n<li>Consumir 1 c\u00e1psula ao dia.<\/li>\n<li>Ou conforme orienta\u00e7\u00e3o de m\u00e9dico ou nutricionista.<\/li>\n<\/ul>\n<h3>Advert\u00eancias<\/h3>\n<ul>\n<li>Produto recomendado para adultos (\u226519 anos).<\/li>\n<li>\u201cEste produto n\u00e3o \u00e9 um medicamento.\u201d<\/li>\n<li>\u201cN\u00e3o exceder a recomenda\u00e7\u00e3o di\u00e1ria de consumo indicada na embalagem.\u201d<\/li>\n<li>\u201cMantenha fora do alcance de crian\u00e7as.\u201d<\/li>\n<\/ul>\n<p><strong>Conserva\u00e7\u00e3o:<\/strong> manter o produto bem fechado, em local fresco, seco e ao abrigo da luz solar. Ap\u00f3s aberto, consumir em at\u00e9 150 dias.<\/p>","protected":false},"excerpt":{"rendered":"<p>Vitaminas do complexo B associadas ao magn\u00e9sio quelado, para uma sinergia perfeita e um melhor aproveitamento no organismo.<\/p>\n<p>B COMPLEX \u00e9 uma f\u00f3rmula inteligente que oferece todas as vitaminas do complexo B &#8211; incluindo suas formas ativas -, associadas ao magn\u00e9sio quelado, buscando uma sinergia perfeita entre os nutrientes e um melhor aproveitamento no organismo.<\/p>","protected":false},"featured_media":7187,"comment_status":"open","ping_status":"closed","template":"","meta":{"_joinchat":[]},"product_cat":[248,160,284,157,164,285,230,280],"product_tag":[],"class_list":{"0":"post-6683","1":"product","2":"type-product","3":"status-publish","4":"has-post-thumbnail","6":"product_cat-categorias-e","7":"product_cat-essential","8":"product_cat-imunidade","9":"product_cat-marcas","10":"product_cat-objetivos-especificos","11":"product_cat-outros","12":"product_cat-saude-e-bem-estar","13":"product_cat-vitaminas","15":"first","16":"instock","17":"shipping-taxable","18":"purchasable","19":"product-type-simple","20":"col-xs-6 col-sm-4","21":"col-md-3 col-lg-3","22":"un-4-cols"},"yoast_head":"<!-- This site is optimized with the Yoast SEO plugin v27.3 - https:\/\/yoast.com\/product\/yoast-seo-wordpress\/ -->\n<title>B COMPLEX POTE 120CAPS ESSENTIAL - Bioflex Nutrition<\/title>\n<meta name=\"robots\" content=\"index, follow, max-snippet:-1, max-image-preview:large, max-video-preview:-1\" \/>\n<link rel=\"canonical\" href=\"https:\/\/bioflexnutrition.com.br\/en\/product\/b-complex-pote-120caps-essential\/\" \/>\n<meta property=\"og:locale\" content=\"en_US\" \/>\n<meta property=\"og:type\" content=\"article\" \/>\n<meta property=\"og:title\" content=\"B COMPLEX POTE 120CAPS ESSENTIAL - Bioflex Nutrition\" \/>\n<meta property=\"og:description\" content=\"Vitaminas do complexo B associadas ao magn\u00e9sio quelado, para uma sinergia perfeita e um melhor aproveitamento no organismo. B COMPLEX \u00e9 uma f\u00f3rmula inteligente que oferece todas as vitaminas do complexo B - incluindo suas formas ativas -, associadas ao magn\u00e9sio quelado, buscando uma sinergia perfeita entre os nutrientes e um melhor aproveitamento no organismo.\" \/>\n<meta property=\"og:url\" content=\"https:\/\/bioflexnutrition.com.br\/en\/product\/b-complex-pote-120caps-essential\/\" \/>\n<meta property=\"og:site_name\" content=\"Bioflex Nutrition\" \/>\n<meta property=\"article:modified_time\" content=\"2026-03-31T19:00:37+00:00\" \/>\n<meta property=\"og:image\" content=\"https:\/\/bioflexnutrition.com.br\/wp-content\/uploads\/2025\/06\/complexo-b-b-complex-120caps-essential-nutrition-original-2.webp\" \/>\n\t<meta property=\"og:image:width\" content=\"1000\" \/>\n\t<meta property=\"og:image:height\" content=\"1000\" \/>\n\t<meta property=\"og:image:type\" content=\"image\/webp\" \/>\n<meta name=\"twitter:card\" content=\"summary_large_image\" \/>\n<meta name=\"twitter:label1\" content=\"Est. reading time\" \/>\n\t<meta name=\"twitter:data1\" content=\"3 minutes\" \/>\n<script type=\"application\/ld+json\" class=\"yoast-schema-graph\">{\"@context\":\"https:\\\/\\\/schema.org\",\"@graph\":[{\"@type\":[\"WebPage\",\"ItemPage\"],\"@id\":\"https:\\\/\\\/bioflexnutrition.com.br\\\/produto\\\/b-complex-pote-120caps-essential\\\/\",\"url\":\"https:\\\/\\\/bioflexnutrition.com.br\\\/produto\\\/b-complex-pote-120caps-essential\\\/\",\"name\":\"B COMPLEX POTE 120CAPS ESSENTIAL - Bioflex Nutrition\",\"isPartOf\":{\"@id\":\"https:\\\/\\\/bioflexnutrition.com.br\\\/#website\"},\"primaryImageOfPage\":{\"@id\":\"https:\\\/\\\/bioflexnutrition.com.br\\\/produto\\\/b-complex-pote-120caps-essential\\\/#primaryimage\"},\"image\":{\"@id\":\"https:\\\/\\\/bioflexnutrition.com.br\\\/produto\\\/b-complex-pote-120caps-essential\\\/#primaryimage\"},\"thumbnailUrl\":\"https:\\\/\\\/bioflexnutrition.com.br\\\/wp-content\\\/uploads\\\/2025\\\/06\\\/complexo-b-b-complex-120caps-essential-nutrition-original-2.webp\",\"datePublished\":\"2025-06-06T00:09:39+00:00\",\"dateModified\":\"2026-03-31T19:00:37+00:00\",\"breadcrumb\":{\"@id\":\"https:\\\/\\\/bioflexnutrition.com.br\\\/produto\\\/b-complex-pote-120caps-essential\\\/#breadcrumb\"},\"inLanguage\":\"en-US\",\"potentialAction\":[{\"@type\":\"ReadAction\",\"target\":[\"https:\\\/\\\/bioflexnutrition.com.br\\\/produto\\\/b-complex-pote-120caps-essential\\\/\"]}]},{\"@type\":\"ImageObject\",\"inLanguage\":\"en-US\",\"@id\":\"https:\\\/\\\/bioflexnutrition.com.br\\\/produto\\\/b-complex-pote-120caps-essential\\\/#primaryimage\",\"url\":\"https:\\\/\\\/bioflexnutrition.com.br\\\/wp-content\\\/uploads\\\/2025\\\/06\\\/complexo-b-b-complex-120caps-essential-nutrition-original-2.webp\",\"contentUrl\":\"https:\\\/\\\/bioflexnutrition.com.br\\\/wp-content\\\/uploads\\\/2025\\\/06\\\/complexo-b-b-complex-120caps-essential-nutrition-original-2.webp\",\"width\":1000,\"height\":1000},{\"@type\":\"BreadcrumbList\",\"@id\":\"https:\\\/\\\/bioflexnutrition.com.br\\\/produto\\\/b-complex-pote-120caps-essential\\\/#breadcrumb\",\"itemListElement\":[{\"@type\":\"ListItem\",\"position\":1,\"name\":\"In\u00edcio\",\"item\":\"https:\\\/\\\/bioflexnutrition.com.br\\\/\"},{\"@type\":\"ListItem\",\"position\":2,\"name\":\"Loja\",\"item\":\"https:\\\/\\\/bioflexnutrition.com.br\\\/todos\\\/\"},{\"@type\":\"ListItem\",\"position\":3,\"name\":\"B COMPLEX POTE 120CAPS ESSENTIAL\"}]},{\"@type\":\"WebSite\",\"@id\":\"https:\\\/\\\/bioflexnutrition.com.br\\\/#website\",\"url\":\"https:\\\/\\\/bioflexnutrition.com.br\\\/\",\"name\":\"Bioflex Nutrition\",\"description\":\"Sua loja online de Nutri\u00e7\u00e3o e Sa\u00fade\",\"publisher\":{\"@id\":\"https:\\\/\\\/bioflexnutrition.com.br\\\/#organization\"},\"potentialAction\":[{\"@type\":\"SearchAction\",\"target\":{\"@type\":\"EntryPoint\",\"urlTemplate\":\"https:\\\/\\\/bioflexnutrition.com.br\\\/?s={search_term_string}\"},\"query-input\":{\"@type\":\"PropertyValueSpecification\",\"valueRequired\":true,\"valueName\":\"search_term_string\"}}],\"inLanguage\":\"en-US\"},{\"@type\":\"Organization\",\"@id\":\"https:\\\/\\\/bioflexnutrition.com.br\\\/#organization\",\"name\":\"Bioflex Nutrition\",\"url\":\"https:\\\/\\\/bioflexnutrition.com.br\\\/\",\"logo\":{\"@type\":\"ImageObject\",\"inLanguage\":\"en-US\",\"@id\":\"https:\\\/\\\/bioflexnutrition.com.br\\\/#\\\/schema\\\/logo\\\/image\\\/\",\"url\":\"https:\\\/\\\/bioflexnutrition.com.br\\\/wp-content\\\/uploads\\\/2025\\\/04\\\/fav.webp\",\"contentUrl\":\"https:\\\/\\\/bioflexnutrition.com.br\\\/wp-content\\\/uploads\\\/2025\\\/04\\\/fav.webp\",\"width\":1150,\"height\":1000,\"caption\":\"Bioflex Nutrition\"},\"image\":{\"@id\":\"https:\\\/\\\/bioflexnutrition.com.br\\\/#\\\/schema\\\/logo\\\/image\\\/\"},\"sameAs\":[\"https:\\\/\\\/www.instagram.com\\\/bioflexnh\\\/\"]}]}<\/script>\n<!-- \/ Yoast SEO plugin. -->","yoast_head_json":{"title":"B COMPLEX POTE 120CAPS ESSENTIAL - Bioflex Nutrition","robots":{"index":"index","follow":"follow","max-snippet":"max-snippet:-1","max-image-preview":"max-image-preview:large","max-video-preview":"max-video-preview:-1"},"canonical":"https:\/\/bioflexnutrition.com.br\/en\/product\/b-complex-pote-120caps-essential\/","og_locale":"en_US","og_type":"article","og_title":"B COMPLEX POTE 120CAPS ESSENTIAL - Bioflex Nutrition","og_description":"Vitaminas do complexo B associadas ao magn\u00e9sio quelado, para uma sinergia perfeita e um melhor aproveitamento no organismo. B COMPLEX \u00e9 uma f\u00f3rmula inteligente que oferece todas as vitaminas do complexo B - incluindo suas formas ativas -, associadas ao magn\u00e9sio quelado, buscando uma sinergia perfeita entre os nutrientes e um melhor aproveitamento no organismo.","og_url":"https:\/\/bioflexnutrition.com.br\/en\/product\/b-complex-pote-120caps-essential\/","og_site_name":"Bioflex Nutrition","article_modified_time":"2026-03-31T19:00:37+00:00","og_image":[{"width":1000,"height":1000,"url":"https:\/\/bioflexnutrition.com.br\/wp-content\/uploads\/2025\/06\/complexo-b-b-complex-120caps-essential-nutrition-original-2.webp","type":"image\/webp"}],"twitter_card":"summary_large_image","twitter_misc":{"Est. reading time":"3 minutes"},"schema":{"@context":"https:\/\/schema.org","@graph":[{"@type":["WebPage","ItemPage"],"@id":"https:\/\/bioflexnutrition.com.br\/produto\/b-complex-pote-120caps-essential\/","url":"https:\/\/bioflexnutrition.com.br\/produto\/b-complex-pote-120caps-essential\/","name":"B COMPLEX POTE 120CAPS ESSENTIAL - Bioflex Nutrition","isPartOf":{"@id":"https:\/\/bioflexnutrition.com.br\/#website"},"primaryImageOfPage":{"@id":"https:\/\/bioflexnutrition.com.br\/produto\/b-complex-pote-120caps-essential\/#primaryimage"},"image":{"@id":"https:\/\/bioflexnutrition.com.br\/produto\/b-complex-pote-120caps-essential\/#primaryimage"},"thumbnailUrl":"https:\/\/bioflexnutrition.com.br\/wp-content\/uploads\/2025\/06\/complexo-b-b-complex-120caps-essential-nutrition-original-2.webp","datePublished":"2025-06-06T00:09:39+00:00","dateModified":"2026-03-31T19:00:37+00:00","breadcrumb":{"@id":"https:\/\/bioflexnutrition.com.br\/produto\/b-complex-pote-120caps-essential\/#breadcrumb"},"inLanguage":"en-US","potentialAction":[{"@type":"ReadAction","target":["https:\/\/bioflexnutrition.com.br\/produto\/b-complex-pote-120caps-essential\/"]}]},{"@type":"ImageObject","inLanguage":"en-US","@id":"https:\/\/bioflexnutrition.com.br\/produto\/b-complex-pote-120caps-essential\/#primaryimage","url":"https:\/\/bioflexnutrition.com.br\/wp-content\/uploads\/2025\/06\/complexo-b-b-complex-120caps-essential-nutrition-original-2.webp","contentUrl":"https:\/\/bioflexnutrition.com.br\/wp-content\/uploads\/2025\/06\/complexo-b-b-complex-120caps-essential-nutrition-original-2.webp","width":1000,"height":1000},{"@type":"BreadcrumbList","@id":"https:\/\/bioflexnutrition.com.br\/produto\/b-complex-pote-120caps-essential\/#breadcrumb","itemListElement":[{"@type":"ListItem","position":1,"name":"In\u00edcio","item":"https:\/\/bioflexnutrition.com.br\/"},{"@type":"ListItem","position":2,"name":"Loja","item":"https:\/\/bioflexnutrition.com.br\/todos\/"},{"@type":"ListItem","position":3,"name":"B COMPLEX POTE 120CAPS ESSENTIAL"}]},{"@type":"WebSite","@id":"https:\/\/bioflexnutrition.com.br\/#website","url":"https:\/\/bioflexnutrition.com.br\/","name":"Bioflex Nutrition","description":"Sua loja online de Nutri\u00e7\u00e3o e Sa\u00fade","publisher":{"@id":"https:\/\/bioflexnutrition.com.br\/#organization"},"potentialAction":[{"@type":"SearchAction","target":{"@type":"EntryPoint","urlTemplate":"https:\/\/bioflexnutrition.com.br\/?s={search_term_string}"},"query-input":{"@type":"PropertyValueSpecification","valueRequired":true,"valueName":"search_term_string"}}],"inLanguage":"en-US"},{"@type":"Organization","@id":"https:\/\/bioflexnutrition.com.br\/#organization","name":"Bioflex Nutrition","url":"https:\/\/bioflexnutrition.com.br\/","logo":{"@type":"ImageObject","inLanguage":"en-US","@id":"https:\/\/bioflexnutrition.com.br\/#\/schema\/logo\/image\/","url":"https:\/\/bioflexnutrition.com.br\/wp-content\/uploads\/2025\/04\/fav.webp","contentUrl":"https:\/\/bioflexnutrition.com.br\/wp-content\/uploads\/2025\/04\/fav.webp","width":1150,"height":1000,"caption":"Bioflex Nutrition"},"image":{"@id":"https:\/\/bioflexnutrition.com.br\/#\/schema\/logo\/image\/"},"sameAs":["https:\/\/www.instagram.com\/bioflexnh\/"]}]}},"_links":{"self":[{"href":"https:\/\/bioflexnutrition.com.br\/en\/wp-json\/wp\/v2\/product\/6683","targetHints":{"allow":["GET"]}}],"collection":[{"href":"https:\/\/bioflexnutrition.com.br\/en\/wp-json\/wp\/v2\/product"}],"about":[{"href":"https:\/\/bioflexnutrition.com.br\/en\/wp-json\/wp\/v2\/types\/product"}],"replies":[{"embeddable":true,"href":"https:\/\/bioflexnutrition.com.br\/en\/wp-json\/wp\/v2\/comments?post=6683"}],"wp:featuredmedia":[{"embeddable":true,"href":"https:\/\/bioflexnutrition.com.br\/en\/wp-json\/wp\/v2\/media\/7187"}],"wp:attachment":[{"href":"https:\/\/bioflexnutrition.com.br\/en\/wp-json\/wp\/v2\/media?parent=6683"}],"wp:term":[{"taxonomy":"product_cat","embeddable":true,"href":"https:\/\/bioflexnutrition.com.br\/en\/wp-json\/wp\/v2\/product_cat?post=6683"},{"taxonomy":"product_tag","embeddable":true,"href":"https:\/\/bioflexnutrition.com.br\/en\/wp-json\/wp\/v2\/product_tag?post=6683"}],"curies":[{"name":"wp","href":"https:\/\/api.w.org\/{rel}","templated":true}]}}