{"id":6695,"date":"2025-06-05T21:10:18","date_gmt":"2025-06-06T00:10:18","guid":{"rendered":"https:\/\/bioflexnutrition.com.br\/produto\/brainstorm-coffee-caramel-latte-274g-essential\/"},"modified":"2026-03-31T16:33:53","modified_gmt":"2026-03-31T19:33:53","slug":"brainstorm-coffee-caramel-latte-274g-essential","status":"publish","type":"product","link":"https:\/\/bioflexnutrition.com.br\/en\/product\/brainstorm-coffee-caramel-latte-274g-essential\/","title":{"rendered":"BRAINSTORM COFFEE CARAMEL LATTE 274G ESSENTIAL"},"content":{"rendered":"<h2>Brainstorm Coffee \u2013 Caramel Latte<\/h2>\n<p><strong>Creative mind &amp; active body<\/strong><br \/>Brainstorm Coffee Caramel Latte \u00e9 uma superf\u00f3rmula \u00e0 base de caf\u00e9 que re\u00fane ingredientes naturais em sinergia para potencializar energia, foco e criatividade. Perfeito para come\u00e7ar o dia, manter o ritmo \u00e0 tarde ou inspirar momentos especiais.<\/p>\n<h3>Power to your body &amp; brain<\/h3>\n<ul>\n<li><strong>Leite de coco:<\/strong> mais cremosidade<\/li>\n<li><strong>Blend de caf\u00e9s especiais:<\/strong> caf\u00e9 ar\u00e1bica micronizado, caf\u00e9 robusta<\/li>\n<li><strong>Amino\u00e1cidos:<\/strong> glicina, taurina, tirosina<\/li>\n<li><strong>Especiarias:<\/strong> canela, gengibre tailand\u00eas<\/li>\n<li><strong>Ch\u00e1 verde:<\/strong> rico em fitonutrientes<\/li>\n<li><strong>TCM\u2011C8:<\/strong> r\u00e1pida absor\u00e7\u00e3o e efici\u00eancia<\/li>\n<li><strong>CoQ10 Micro\u2011SR\u00ae:<\/strong> 4\u00d7 mais biodispon\u00edvel<\/li>\n<li><strong>Magn\u00e9sio quelado:<\/strong> suporte muscular<\/li>\n<li><strong>Guaran\u00e1:<\/strong> fonte natural de cafe\u00edna<\/li>\n<li><strong>Picolinato de cromo:<\/strong> metabolismo de macronutrientes<\/li>\n<li><strong>Vitaminas B:<\/strong> formas ativas para metabolismo energ\u00e9tico<\/li>\n<\/ul>\n<p><strong>N\u00e3o cont\u00e9m:<\/strong> A\u00e7\u00facar \u2022 Gl\u00faten \u2022 Lactose \u2022 Corantes \u2022 Conservantes \u2022 Emulsificantes \u2022 Ado\u00e7antes artificiais \u2022 Aromas artificiais \u2022 Subst\u00e2ncias estimulantes n\u00e3o permitidas<\/p>\n<h3>Essential Enhanced Formulas<\/h3>\n<p>A linha re\u00fane produtos que exploram sinergias bioqu\u00edmicas para maximizar benef\u00edcios nutricionais.<\/p>\n<h3>Informa\u00e7\u00e3o Nutricional<\/h3>\n<p><strong>Por\u00e7\u00f5es por embalagem:<\/strong> 20 (274g)<br \/><strong>Por\u00e7\u00e3o:<\/strong> 13,7g (1 colher\u2011medida)<\/p>\n<table border=\"1\" cellpadding=\"6\" cellspacing=\"0\">\n<thead>\n<tr>\n<th>Componente<\/th>\n<th>13,7g<\/th>\n<th>%VD*<\/th>\n<\/tr>\n<\/thead>\n<tbody>\n<tr>\n<td>Valor energ\u00e9tico<\/td>\n<td>54kcal<\/td>\n<td>3%<\/td>\n<\/tr>\n<tr>\n<td>Carboidratos<\/td>\n<td>3,9g<\/td>\n<td>1%<\/td>\n<\/tr>\n<tr>\n<td>A\u00e7\u00facares totais<\/td>\n<td>0g<\/td>\n<td>\u2013<\/td>\n<\/tr>\n<tr>\n<td>A\u00e7\u00facares adicionados<\/td>\n<td>0g<\/td>\n<td>0%<\/td>\n<\/tr>\n<tr>\n<td>Lactose<\/td>\n<td>0g<\/td>\n<td>\u2013<\/td>\n<\/tr>\n<tr>\n<td>Poli\u00f3is totais<\/td>\n<td>0g<\/td>\n<td>\u2013<\/td>\n<\/tr>\n<tr>\n<td>Prote\u00ednas<\/td>\n<td>0g<\/td>\n<td>0%<\/td>\n<\/tr>\n<tr>\n<td>Glicina<\/td>\n<td>1000mg<\/td>\n<td>\u2013<\/td>\n<\/tr>\n<tr>\n<td>Tirosina<\/td>\n<td>500mg<\/td>\n<td>\u2013<\/td>\n<\/tr>\n<tr>\n<td>Gorduras totais<\/td>\n<td>4,1g<\/td>\n<td>6%<\/td>\n<\/tr>\n<tr>\n<td>Gorduras saturadas<\/td>\n<td>3,9g<\/td>\n<td>20%<\/td>\n<\/tr>\n<tr>\n<td>\u00c1cido capr\u00edlico (C8)<\/td>\n<td>1g<\/td>\n<td>\u2013<\/td>\n<\/tr>\n<tr>\n<td>Gorduras trans<\/td>\n<td>0g<\/td>\n<td>0%<\/td>\n<\/tr>\n<tr>\n<td>Fibras alimentares<\/td>\n<td>2,2g<\/td>\n<td>9%<\/td>\n<\/tr>\n<tr>\n<td>S\u00f3dio<\/td>\n<td>31mg<\/td>\n<td>2%<\/td>\n<\/tr>\n<tr>\n<td>Vitamina B1<\/td>\n<td>0,67mg<\/td>\n<td>56%<\/td>\n<\/tr>\n<tr>\n<td>Vitamina B3<\/td>\n<td>8mg<\/td>\n<td>53%<\/td>\n<\/tr>\n<tr>\n<td>Vitamina B5<\/td>\n<td>2,5mg<\/td>\n<td>50%<\/td>\n<\/tr>\n<tr>\n<td>Vitamina B6<\/td>\n<td>0,65mg<\/td>\n<td>50%<\/td>\n<\/tr>\n<tr>\n<td>Vitamina B9<\/td>\n<td>300\u00b5g<\/td>\n<td>125%<\/td>\n<\/tr>\n<tr>\n<td>Vitamina B12<\/td>\n<td>1,2\u00b5g<\/td>\n<td>50%<\/td>\n<\/tr>\n<tr>\n<td>Cromo<\/td>\n<td>35\u00b5g<\/td>\n<td>100%<\/td>\n<\/tr>\n<tr>\n<td>Magn\u00e9sio<\/td>\n<td>100mg<\/td>\n<td>24%<\/td>\n<\/tr>\n<tr>\n<td>Taurina<\/td>\n<td>750mg<\/td>\n<td>\u2013<\/td>\n<\/tr>\n<tr>\n<td>Coenzima Q10<\/td>\n<td>20mg<\/td>\n<td>\u2013<\/td>\n<\/tr>\n<tr>\n<td>Cafe\u00edna<\/td>\n<td>80mg<\/td>\n<td>\u2013<\/td>\n<\/tr>\n<\/tbody>\n<\/table>\n<p><em>*% Valores Di\u00e1rios com base em dieta de 2.000kcal.<\/em><\/p>\n<h3>Ingredientes<\/h3>\n<p>Leite de coco desidratado, triglicer\u00eddeos de cadeia m\u00e9dia em p\u00f3 (TCM\u2011C8), goma ac\u00e1cia, glicina, bisglicinato de magn\u00e9sio, taurina, blend de caf\u00e9s (robusta, ar\u00e1bica, verde), L\u2011tirosina, guaran\u00e1 em p\u00f3, ch\u00e1 verde em p\u00f3, canela em p\u00f3, gengibre tailand\u00eas, cacau em p\u00f3, coenzima Q10 (Micro\u2011SR\u00ae), picolinato de cromo, vitaminas B1, B3, B5, B6, B9, B12 (formas ativas), edulcorante glicos\u00eddeos de esteviol, antiumectantes (di\u00f3xido de sil\u00edcio, bicarbonato de s\u00f3dio, fosfato tric\u00e1lcico), espessante goma gelana, aromas naturais e id\u00eanticos aos naturais.<\/p>\n<p><strong>N\u00c3O CONT\u00c9M GL\u00daTEN.<\/strong><br \/><strong>AL\u00c9RGICOS:<\/strong> Pode conter derivados de leite*.<br \/><em>*Tra\u00e7os por contamina\u00e7\u00e3o cruzada na produ\u00e7\u00e3o.<\/em><\/p>\n<h3>Modo de Preparo<\/h3>\n<ul>\n<li>Dissolver 1 colher\u2011medida (13,7g) em 100ml de \u00e1gua quente.<\/li>\n<li>Para vers\u00e3o ainda mais cremosa, usar leite ou bebida vegetal.<\/li>\n<li>Consumir 1x ao dia ou conforme orienta\u00e7\u00e3o profissional.<\/li>\n<\/ul>\n<h3>Advert\u00eancias<\/h3>\n<ul>\n<li>Produto indicado para adultos (\u226519 anos).<\/li>\n<li>N\u00e3o consumir por gestantes, lactantes ou crian\u00e7as.<\/li>\n<li>\u201cEste produto n\u00e3o \u00e9 um medicamento.\u201d<\/li>\n<li>\u201cN\u00e3o exceder a recomenda\u00e7\u00e3o di\u00e1ria.\u201d<\/li>\n<li>\u201cMantenha fora do alcance de crian\u00e7as.\u201d<\/li>\n<li>Ap\u00f3s aberto, consumir em at\u00e9 60 dias.<\/li>\n<\/ul>","protected":false},"excerpt":{"rendered":"<p>Brainstorm Coffee Caramel Latte Vegan<\/p>\n<p>Caf\u00e9 funcional com gostinho de caramelo ao leite que ajuda a dar foco e energia no momento em que voc\u00ea mais precisa. Experimente para come\u00e7ar o dia, ou \u00e0 tarde, depois do almo\u00e7o, quando seu paladar pede algo doce, mas seu corpo precisa de disposi\u00e7\u00e3o e concentra\u00e7\u00e3o.<\/p>","protected":false},"featured_media":6684,"comment_status":"open","ping_status":"closed","template":"","meta":{"_joinchat":[]},"product_cat":[165,248,282,160,157,164,274,275,280],"product_tag":[],"class_list":{"0":"post-6695","1":"product","2":"type-product","3":"status-publish","4":"has-post-thumbnail","6":"product_cat-alta-performance","7":"product_cat-categorias-e","8":"product_cat-cognitivo-mental-vitaminas","9":"product_cat-essential","10":"product_cat-marcas","11":"product_cat-objetivos-especificos","12":"product_cat-pre-treinos-categorias-ecommerce","13":"product_cat-pre-treinos-com-cafeina","14":"product_cat-vitaminas","16":"first","17":"instock","18":"shipping-taxable","19":"purchasable","20":"product-type-simple","21":"col-xs-6 col-sm-4","22":"col-md-3 col-lg-3","23":"un-4-cols"},"yoast_head":"<!-- This site is optimized with the Yoast SEO plugin v27.3 - https:\/\/yoast.com\/product\/yoast-seo-wordpress\/ -->\n<title>BRAINSTORM COFFEE CARAMEL LATTE 274G ESSENTIAL - Bioflex Nutrition<\/title>\n<meta name=\"robots\" content=\"index, follow, max-snippet:-1, max-image-preview:large, max-video-preview:-1\" \/>\n<link rel=\"canonical\" href=\"https:\/\/bioflexnutrition.com.br\/en\/product\/brainstorm-coffee-caramel-latte-274g-essential\/\" \/>\n<meta property=\"og:locale\" content=\"en_US\" \/>\n<meta property=\"og:type\" content=\"article\" \/>\n<meta property=\"og:title\" content=\"BRAINSTORM COFFEE CARAMEL LATTE 274G ESSENTIAL - Bioflex Nutrition\" \/>\n<meta property=\"og:description\" content=\"Brainstorm Coffee Caramel Latte Vegan Caf\u00e9 funcional com gostinho de caramelo ao leite que ajuda a dar foco e energia no momento em que voc\u00ea mais precisa. Experimente para come\u00e7ar o dia, ou \u00e0 tarde, depois do almo\u00e7o, quando seu paladar pede algo doce, mas seu corpo precisa de disposi\u00e7\u00e3o e concentra\u00e7\u00e3o.\" \/>\n<meta property=\"og:url\" content=\"https:\/\/bioflexnutrition.com.br\/en\/product\/brainstorm-coffee-caramel-latte-274g-essential\/\" \/>\n<meta property=\"og:site_name\" content=\"Bioflex Nutrition\" \/>\n<meta property=\"article:modified_time\" content=\"2026-03-31T19:33:53+00:00\" \/>\n<meta property=\"og:image\" content=\"https:\/\/bioflexnutrition.com.br\/wp-content\/uploads\/2025\/06\/15339117763-brainstorm-coffee-caramelo-lata-pequena-1950px.jpg\" \/>\n\t<meta property=\"og:image:width\" content=\"1950\" \/>\n\t<meta property=\"og:image:height\" content=\"1950\" \/>\n\t<meta property=\"og:image:type\" content=\"image\/jpeg\" \/>\n<meta name=\"twitter:card\" content=\"summary_large_image\" \/>\n<meta name=\"twitter:label1\" content=\"Est. reading time\" \/>\n\t<meta name=\"twitter:data1\" content=\"3 minutes\" \/>\n<script type=\"application\/ld+json\" class=\"yoast-schema-graph\">{\"@context\":\"https:\\\/\\\/schema.org\",\"@graph\":[{\"@type\":[\"WebPage\",\"ItemPage\"],\"@id\":\"https:\\\/\\\/bioflexnutrition.com.br\\\/produto\\\/brainstorm-coffee-caramel-latte-274g-essential\\\/\",\"url\":\"https:\\\/\\\/bioflexnutrition.com.br\\\/produto\\\/brainstorm-coffee-caramel-latte-274g-essential\\\/\",\"name\":\"BRAINSTORM COFFEE CARAMEL LATTE 274G ESSENTIAL - Bioflex Nutrition\",\"isPartOf\":{\"@id\":\"https:\\\/\\\/bioflexnutrition.com.br\\\/#website\"},\"primaryImageOfPage\":{\"@id\":\"https:\\\/\\\/bioflexnutrition.com.br\\\/produto\\\/brainstorm-coffee-caramel-latte-274g-essential\\\/#primaryimage\"},\"image\":{\"@id\":\"https:\\\/\\\/bioflexnutrition.com.br\\\/produto\\\/brainstorm-coffee-caramel-latte-274g-essential\\\/#primaryimage\"},\"thumbnailUrl\":\"https:\\\/\\\/bioflexnutrition.com.br\\\/wp-content\\\/uploads\\\/2025\\\/06\\\/15339117763-brainstorm-coffee-caramelo-lata-pequena-1950px.jpg\",\"datePublished\":\"2025-06-06T00:10:18+00:00\",\"dateModified\":\"2026-03-31T19:33:53+00:00\",\"breadcrumb\":{\"@id\":\"https:\\\/\\\/bioflexnutrition.com.br\\\/produto\\\/brainstorm-coffee-caramel-latte-274g-essential\\\/#breadcrumb\"},\"inLanguage\":\"en-US\",\"potentialAction\":[{\"@type\":\"ReadAction\",\"target\":[\"https:\\\/\\\/bioflexnutrition.com.br\\\/produto\\\/brainstorm-coffee-caramel-latte-274g-essential\\\/\"]}]},{\"@type\":\"ImageObject\",\"inLanguage\":\"en-US\",\"@id\":\"https:\\\/\\\/bioflexnutrition.com.br\\\/produto\\\/brainstorm-coffee-caramel-latte-274g-essential\\\/#primaryimage\",\"url\":\"https:\\\/\\\/bioflexnutrition.com.br\\\/wp-content\\\/uploads\\\/2025\\\/06\\\/15339117763-brainstorm-coffee-caramelo-lata-pequena-1950px.jpg\",\"contentUrl\":\"https:\\\/\\\/bioflexnutrition.com.br\\\/wp-content\\\/uploads\\\/2025\\\/06\\\/15339117763-brainstorm-coffee-caramelo-lata-pequena-1950px.jpg\",\"width\":1950,\"height\":1950},{\"@type\":\"BreadcrumbList\",\"@id\":\"https:\\\/\\\/bioflexnutrition.com.br\\\/produto\\\/brainstorm-coffee-caramel-latte-274g-essential\\\/#breadcrumb\",\"itemListElement\":[{\"@type\":\"ListItem\",\"position\":1,\"name\":\"In\u00edcio\",\"item\":\"https:\\\/\\\/bioflexnutrition.com.br\\\/\"},{\"@type\":\"ListItem\",\"position\":2,\"name\":\"Loja\",\"item\":\"https:\\\/\\\/bioflexnutrition.com.br\\\/todos\\\/\"},{\"@type\":\"ListItem\",\"position\":3,\"name\":\"BRAINSTORM COFFEE CARAMEL LATTE 274G ESSENTIAL\"}]},{\"@type\":\"WebSite\",\"@id\":\"https:\\\/\\\/bioflexnutrition.com.br\\\/#website\",\"url\":\"https:\\\/\\\/bioflexnutrition.com.br\\\/\",\"name\":\"Bioflex Nutrition\",\"description\":\"Sua loja online de Nutri\u00e7\u00e3o e Sa\u00fade\",\"publisher\":{\"@id\":\"https:\\\/\\\/bioflexnutrition.com.br\\\/#organization\"},\"potentialAction\":[{\"@type\":\"SearchAction\",\"target\":{\"@type\":\"EntryPoint\",\"urlTemplate\":\"https:\\\/\\\/bioflexnutrition.com.br\\\/?s={search_term_string}\"},\"query-input\":{\"@type\":\"PropertyValueSpecification\",\"valueRequired\":true,\"valueName\":\"search_term_string\"}}],\"inLanguage\":\"en-US\"},{\"@type\":\"Organization\",\"@id\":\"https:\\\/\\\/bioflexnutrition.com.br\\\/#organization\",\"name\":\"Bioflex Nutrition\",\"url\":\"https:\\\/\\\/bioflexnutrition.com.br\\\/\",\"logo\":{\"@type\":\"ImageObject\",\"inLanguage\":\"en-US\",\"@id\":\"https:\\\/\\\/bioflexnutrition.com.br\\\/#\\\/schema\\\/logo\\\/image\\\/\",\"url\":\"https:\\\/\\\/bioflexnutrition.com.br\\\/wp-content\\\/uploads\\\/2025\\\/04\\\/fav.webp\",\"contentUrl\":\"https:\\\/\\\/bioflexnutrition.com.br\\\/wp-content\\\/uploads\\\/2025\\\/04\\\/fav.webp\",\"width\":1150,\"height\":1000,\"caption\":\"Bioflex Nutrition\"},\"image\":{\"@id\":\"https:\\\/\\\/bioflexnutrition.com.br\\\/#\\\/schema\\\/logo\\\/image\\\/\"},\"sameAs\":[\"https:\\\/\\\/www.instagram.com\\\/bioflexnh\\\/\"]}]}<\/script>\n<!-- \/ Yoast SEO plugin. -->","yoast_head_json":{"title":"BRAINSTORM COFFEE CARAMEL LATTE 274G ESSENTIAL - Bioflex Nutrition","robots":{"index":"index","follow":"follow","max-snippet":"max-snippet:-1","max-image-preview":"max-image-preview:large","max-video-preview":"max-video-preview:-1"},"canonical":"https:\/\/bioflexnutrition.com.br\/en\/product\/brainstorm-coffee-caramel-latte-274g-essential\/","og_locale":"en_US","og_type":"article","og_title":"BRAINSTORM COFFEE CARAMEL LATTE 274G ESSENTIAL - Bioflex Nutrition","og_description":"Brainstorm Coffee Caramel Latte Vegan Caf\u00e9 funcional com gostinho de caramelo ao leite que ajuda a dar foco e energia no momento em que voc\u00ea mais precisa. Experimente para come\u00e7ar o dia, ou \u00e0 tarde, depois do almo\u00e7o, quando seu paladar pede algo doce, mas seu corpo precisa de disposi\u00e7\u00e3o e concentra\u00e7\u00e3o.","og_url":"https:\/\/bioflexnutrition.com.br\/en\/product\/brainstorm-coffee-caramel-latte-274g-essential\/","og_site_name":"Bioflex Nutrition","article_modified_time":"2026-03-31T19:33:53+00:00","og_image":[{"width":1950,"height":1950,"url":"https:\/\/bioflexnutrition.com.br\/wp-content\/uploads\/2025\/06\/15339117763-brainstorm-coffee-caramelo-lata-pequena-1950px.jpg","type":"image\/jpeg"}],"twitter_card":"summary_large_image","twitter_misc":{"Est. reading time":"3 minutes"},"schema":{"@context":"https:\/\/schema.org","@graph":[{"@type":["WebPage","ItemPage"],"@id":"https:\/\/bioflexnutrition.com.br\/produto\/brainstorm-coffee-caramel-latte-274g-essential\/","url":"https:\/\/bioflexnutrition.com.br\/produto\/brainstorm-coffee-caramel-latte-274g-essential\/","name":"BRAINSTORM COFFEE CARAMEL LATTE 274G ESSENTIAL - Bioflex Nutrition","isPartOf":{"@id":"https:\/\/bioflexnutrition.com.br\/#website"},"primaryImageOfPage":{"@id":"https:\/\/bioflexnutrition.com.br\/produto\/brainstorm-coffee-caramel-latte-274g-essential\/#primaryimage"},"image":{"@id":"https:\/\/bioflexnutrition.com.br\/produto\/brainstorm-coffee-caramel-latte-274g-essential\/#primaryimage"},"thumbnailUrl":"https:\/\/bioflexnutrition.com.br\/wp-content\/uploads\/2025\/06\/15339117763-brainstorm-coffee-caramelo-lata-pequena-1950px.jpg","datePublished":"2025-06-06T00:10:18+00:00","dateModified":"2026-03-31T19:33:53+00:00","breadcrumb":{"@id":"https:\/\/bioflexnutrition.com.br\/produto\/brainstorm-coffee-caramel-latte-274g-essential\/#breadcrumb"},"inLanguage":"en-US","potentialAction":[{"@type":"ReadAction","target":["https:\/\/bioflexnutrition.com.br\/produto\/brainstorm-coffee-caramel-latte-274g-essential\/"]}]},{"@type":"ImageObject","inLanguage":"en-US","@id":"https:\/\/bioflexnutrition.com.br\/produto\/brainstorm-coffee-caramel-latte-274g-essential\/#primaryimage","url":"https:\/\/bioflexnutrition.com.br\/wp-content\/uploads\/2025\/06\/15339117763-brainstorm-coffee-caramelo-lata-pequena-1950px.jpg","contentUrl":"https:\/\/bioflexnutrition.com.br\/wp-content\/uploads\/2025\/06\/15339117763-brainstorm-coffee-caramelo-lata-pequena-1950px.jpg","width":1950,"height":1950},{"@type":"BreadcrumbList","@id":"https:\/\/bioflexnutrition.com.br\/produto\/brainstorm-coffee-caramel-latte-274g-essential\/#breadcrumb","itemListElement":[{"@type":"ListItem","position":1,"name":"In\u00edcio","item":"https:\/\/bioflexnutrition.com.br\/"},{"@type":"ListItem","position":2,"name":"Loja","item":"https:\/\/bioflexnutrition.com.br\/todos\/"},{"@type":"ListItem","position":3,"name":"BRAINSTORM COFFEE CARAMEL LATTE 274G ESSENTIAL"}]},{"@type":"WebSite","@id":"https:\/\/bioflexnutrition.com.br\/#website","url":"https:\/\/bioflexnutrition.com.br\/","name":"Bioflex Nutrition","description":"Sua loja online de Nutri\u00e7\u00e3o e Sa\u00fade","publisher":{"@id":"https:\/\/bioflexnutrition.com.br\/#organization"},"potentialAction":[{"@type":"SearchAction","target":{"@type":"EntryPoint","urlTemplate":"https:\/\/bioflexnutrition.com.br\/?s={search_term_string}"},"query-input":{"@type":"PropertyValueSpecification","valueRequired":true,"valueName":"search_term_string"}}],"inLanguage":"en-US"},{"@type":"Organization","@id":"https:\/\/bioflexnutrition.com.br\/#organization","name":"Bioflex Nutrition","url":"https:\/\/bioflexnutrition.com.br\/","logo":{"@type":"ImageObject","inLanguage":"en-US","@id":"https:\/\/bioflexnutrition.com.br\/#\/schema\/logo\/image\/","url":"https:\/\/bioflexnutrition.com.br\/wp-content\/uploads\/2025\/04\/fav.webp","contentUrl":"https:\/\/bioflexnutrition.com.br\/wp-content\/uploads\/2025\/04\/fav.webp","width":1150,"height":1000,"caption":"Bioflex Nutrition"},"image":{"@id":"https:\/\/bioflexnutrition.com.br\/#\/schema\/logo\/image\/"},"sameAs":["https:\/\/www.instagram.com\/bioflexnh\/"]}]}},"_links":{"self":[{"href":"https:\/\/bioflexnutrition.com.br\/en\/wp-json\/wp\/v2\/product\/6695","targetHints":{"allow":["GET"]}}],"collection":[{"href":"https:\/\/bioflexnutrition.com.br\/en\/wp-json\/wp\/v2\/product"}],"about":[{"href":"https:\/\/bioflexnutrition.com.br\/en\/wp-json\/wp\/v2\/types\/product"}],"replies":[{"embeddable":true,"href":"https:\/\/bioflexnutrition.com.br\/en\/wp-json\/wp\/v2\/comments?post=6695"}],"wp:featuredmedia":[{"embeddable":true,"href":"https:\/\/bioflexnutrition.com.br\/en\/wp-json\/wp\/v2\/media\/6684"}],"wp:attachment":[{"href":"https:\/\/bioflexnutrition.com.br\/en\/wp-json\/wp\/v2\/media?parent=6695"}],"wp:term":[{"taxonomy":"product_cat","embeddable":true,"href":"https:\/\/bioflexnutrition.com.br\/en\/wp-json\/wp\/v2\/product_cat?post=6695"},{"taxonomy":"product_tag","embeddable":true,"href":"https:\/\/bioflexnutrition.com.br\/en\/wp-json\/wp\/v2\/product_tag?post=6695"}],"curies":[{"name":"wp","href":"https:\/\/api.w.org\/{rel}","templated":true}]}}