{"id":6701,"date":"2025-06-05T21:10:32","date_gmt":"2025-06-06T00:10:32","guid":{"rendered":"https:\/\/bioflexnutrition.com.br\/produto\/cacao-whey-840g-essential\/"},"modified":"2026-04-10T08:18:16","modified_gmt":"2026-04-10T11:18:16","slug":"cacao-whey-840g-essential","status":"publish","type":"product","link":"https:\/\/bioflexnutrition.com.br\/en\/product\/cacao-whey-840g-essential\/","title":{"rendered":"CACAO WHEY 840G ESSENTIAL"},"content":{"rendered":"<h2>Cacao\u00a0Whey<\/h2>\n<p><strong>Cacao\u00a0Whey<\/strong> \u00e9 um delicioso blend de Whey Protein Hidrolisado e Isolado, Cacau\u00a0Gourmet e col\u00e1geno hidrolisado em pept\u00eddeos, que agregam valor \u00e0 f\u00f3rmula e complementam a a\u00e7\u00e3o do produto. Cada dose de Cacao\u00a0Whey fornece 44% das necessidades di\u00e1rias de prote\u00edna recomendadas para um adulto. Essas prote\u00ednas s\u00e3o obtidas atrav\u00e9s do <strong>CFM (Cross\u2011flow Microfiltration)<\/strong>, um processo de extra\u00e7\u00e3o limpo e purificado, que n\u00e3o utiliza produtos qu\u00edmicos para isolar componentes indesej\u00e1veis como case\u00edna, gordura, carboidratos e lactose.<\/p>\n<ul>\n<li><strong>22g de Prote\u00edna por Por\u00e7\u00e3o:<\/strong> Cada dose fornece 22 gramas de prote\u00edna de alta qualidade, auxiliando na manuten\u00e7\u00e3o e no ganho de massa muscular.<\/li>\n<li><strong>Pept\u00eddeos de Col\u00e1geno:<\/strong> Enriquecido com pept\u00eddeos de col\u00e1geno hidrolisado, que complementam a a\u00e7\u00e3o das prote\u00ednas e contribuem para a sa\u00fade das articula\u00e7\u00f5es e da pele.<\/li>\n<li><strong>Fonte Natural de BCAA e Glutamina:<\/strong> Cont\u00e9m naturalmente amino\u00e1cidos essenciais, incluindo BCAAs e glutamina, fundamentais para a recupera\u00e7\u00e3o muscular e melhora do desempenho.<\/li>\n<li><strong>Pura e Saud\u00e1vel:<\/strong> Livre de a\u00e7\u00facar, gl\u00faten, lactose, ado\u00e7antes artificiais e conservantes, sendo ado\u00e7ado com Est\u00e9via e Taumatina, ado\u00e7antes 100% naturais que n\u00e3o prejudicam a sa\u00fade.<\/li>\n<\/ul>\n<h3>Cont\u00e9m:<\/h3>\n<ul>\n<li>Whey Protein Hidrolisado e Isolado (Thermax\u202f690\u00ae e Provon\u202f292\u00ae)<\/li>\n<li>Col\u00e1geno hidrolisado em pept\u00eddeos (Peptan\u00ae)<\/li>\n<li>BCAA naturalmente em sua composi\u00e7\u00e3o<\/li>\n<li>Cacau 100% puro, com toda sua riqueza nutricional<\/li>\n<li>Ado\u00e7antes naturais: taumatina e est\u00e9via<\/li>\n<\/ul>\n<h3>N\u00e3o cont\u00e9m:<\/h3>\n<ul>\n<li>Whey Protein concentrado<\/li>\n<li>Case\u00edna<\/li>\n<li>Ado\u00e7antes artificiais<\/li>\n<li>Corantes artificiais<\/li>\n<li>A\u00e7\u00facar<\/li>\n<li>Gl\u00faten<\/li>\n<li>Lactose<\/li>\n<li>Conservantes<\/li>\n<li>Aromas artificiais<\/li>\n<\/ul>\n<h3>O mais puro cacau<\/h3>\n<p>Para paladares exigentes, adicionamos o puro Cacau Belga <strong>Barry\u00a0Callebaut<\/strong>, garantindo sabor gourmet e riqueza nutricional.<\/p>\n<h3>Quem vai Cacao\u00a0Whey<\/h3>\n<ul>\n<li><strong>Esportistas e atletas:<\/strong> sabor prazeroso que n\u00e3o enjoa.<\/li>\n<li><strong>Em dieta de emagrecimento:<\/strong> rico em prote\u00edna e ado\u00e7antes naturais.<\/li>\n<li><strong>Adultos com consci\u00eancia saud\u00e1vel:<\/strong> ingredientes que respeitam princ\u00edpios nutricionais.<\/li>\n<li><strong>Executivos:<\/strong> op\u00e7\u00e3o proteica e deliciosa para a tarde.<\/li>\n<\/ul>\n<h3>Informa\u00e7\u00e3o Nutricional<\/h3>\n<p><strong>Por\u00e7\u00f5es por embalagem:<\/strong> 30 (840g) <strong>Por\u00e7\u00e3o:<\/strong> 28g (1 colher\u2011medida)<\/p>\n<table border=\"1\" cellspacing=\"0\" cellpadding=\"6\">\n<thead>\n<tr>\n<th>Componente<\/th>\n<th>28g<\/th>\n<th>%VD*<\/th>\n<\/tr>\n<\/thead>\n<tbody>\n<tr>\n<td>Valor energ\u00e9tico (kcal)<\/td>\n<td>104<\/td>\n<td>5%<\/td>\n<\/tr>\n<tr>\n<td>Carboidratos (g)<\/td>\n<td>1,9<\/td>\n<td>1%<\/td>\n<\/tr>\n<tr>\n<td>A\u00e7\u00facares totais (g)<\/td>\n<td>0<\/td>\n<td>\u2013<\/td>\n<\/tr>\n<tr>\n<td>A\u00e7\u00facares adicionados (g)<\/td>\n<td>0<\/td>\n<td>0%<\/td>\n<\/tr>\n<tr>\n<td>Poli\u00f3is totais (g)<\/td>\n<td>0<\/td>\n<td>\u2013<\/td>\n<\/tr>\n<tr>\n<td>Prote\u00ednas (g)<\/td>\n<td>22<\/td>\n<td>44%<\/td>\n<\/tr>\n<tr>\n<td>Gorduras totais (g)<\/td>\n<td>0,9<\/td>\n<td>1%<\/td>\n<\/tr>\n<tr>\n<td>Gorduras saturadas (g)<\/td>\n<td>0,5<\/td>\n<td>3%<\/td>\n<\/tr>\n<tr>\n<td>Gorduras trans (g)<\/td>\n<td>0<\/td>\n<td>0%<\/td>\n<\/tr>\n<tr>\n<td>Fibras alimentares (g)<\/td>\n<td>1,6<\/td>\n<td>6%<\/td>\n<\/tr>\n<tr>\n<td>S\u00f3dio (mg)<\/td>\n<td>89<\/td>\n<td>4%<\/td>\n<\/tr>\n<tr>\n<td>C\u00e1lcio (mg)<\/td>\n<td>93<\/td>\n<td>9%<\/td>\n<\/tr>\n<tr>\n<td>Ferro (mg)<\/td>\n<td>2,2<\/td>\n<td>16%<\/td>\n<\/tr>\n<tr>\n<td>F\u00f3sforo (mg)<\/td>\n<td>87<\/td>\n<td>12%<\/td>\n<\/tr>\n<tr>\n<td>Magn\u00e9sio (mg)<\/td>\n<td>41<\/td>\n<td>10%<\/td>\n<\/tr>\n<\/tbody>\n<\/table>\n<p><em>*Percentual de valores di\u00e1rios fornecidos pela por\u00e7\u00e3o.<\/em><\/p>\n<h3>Ingredientes<\/h3>\n<p>Prote\u00ednas hidrolisada e isolada do soro de leite (Thermax\u00ae\u202f690 e Provon\u00ae\u202f292), cacau em p\u00f3, col\u00e1geno hidrolisado em pept\u00eddeos (Peptan\u00ae), aromas natural e id\u00eantico ao natural, edulcorantes taumatina e glicos\u00eddeos de esteviol (est\u00e9via). <strong>N\u00c3O CONT\u00c9M GL\u00daTEN.<\/strong> <strong>AL\u00c9RGICOS:<\/strong> cont\u00e9m derivados de leite e soja (\u2248\u202f0,1\u202fg de lecitina de soja por por\u00e7\u00e3o).<\/p>\n<h3>Modo de Preparo<\/h3>\n<ul>\n<li>Adicione 28g (1 colher\u2011medida) em 200ml de \u00e1gua.<\/li>\n<li>Misture at\u00e9 total homogeneiza\u00e7\u00e3o.<\/li>\n<li>Beba imediatamente ap\u00f3s preparo.<\/li>\n<li>Recomenda-se o uso 1x ao dia ou conforme orienta\u00e7\u00e3o profissional.<\/li>\n<\/ul>\n<h3>Advert\u00eancias<\/h3>\n<ul>\n<li>Manter em local fresco, seco e ao abrigo da luz solar.<\/li>\n<li>Ap\u00f3s aberto, consumir em at\u00e9 30 dias.<\/li>\n<li>Recomendado para adultos (\u2265\u202f19\u202fanos).<\/li>\n<li>\u201cEste produto n\u00e3o \u00e9 um medicamento.\u201d<\/li>\n<li>\u201cN\u00e3o exceder a recomenda\u00e7\u00e3o di\u00e1ria indicada na embalagem.\u201d<\/li>\n<li>\u201cMantenha fora do alcance de crian\u00e7as.\u201d<\/li>\n<\/ul>","protected":false},"excerpt":{"rendered":"<p>\u00a0<\/p>\n<p dir=\"ltr\" style=\"line-height: 1.38;margin-top: 12pt;margin-bottom: 12pt\"><span style=\"font-size: 11pt;font-family: Arial,sans-serif;color: #000000;background-color: transparent;font-weight: 400;font-style: normal;font-variant: normal;text-decoration: none;vertical-align: baseline\">Alcance seus objetivos de sa\u00fade e fitness com o Whey da Essential Nutrition. Este suplemento premium combina Whey Protein Hidrolisado e Isolado, obtidos por meio do avan\u00e7ado processo Cross-Flow Microfiltration (CFM), que preserva as propriedades funcionais das prote\u00ednas, garantindo alta absor\u00e7\u00e3o e digestibilidade. \u200b<\/span><\/p>","protected":false},"featured_media":6696,"comment_status":"open","ping_status":"closed","template":"","meta":{"_joinchat":[]},"product_cat":[248,160,199,157,164,169,170,198,272,266],"product_tag":[],"class_list":{"0":"post-6701","1":"product","2":"type-product","3":"status-publish","4":"has-post-thumbnail","6":"product_cat-categorias-e","7":"product_cat-essential","8":"product_cat-frete-gratis","9":"product_cat-marcas","10":"product_cat-objetivos-especificos","11":"product_cat-para-emagrecimento","12":"product_cat-para-ganho-de-massa","13":"product_cat-promocoes","14":"product_cat-proteina-isolada-hidrolisada-whey","15":"product_cat-proteinas-categorias-ecommerce","17":"first","18":"instock","19":"shipping-taxable","20":"purchasable","21":"product-type-simple","22":"col-xs-6 col-sm-4","23":"col-md-3 col-lg-3","24":"un-4-cols"},"yoast_head":"<!-- This site is optimized with the Yoast SEO plugin v27.3 - https:\/\/yoast.com\/product\/yoast-seo-wordpress\/ -->\n<title>CACAO WHEY 840G ESSENTIAL - Bioflex Nutrition<\/title>\n<meta name=\"robots\" content=\"index, follow, max-snippet:-1, max-image-preview:large, max-video-preview:-1\" \/>\n<link rel=\"canonical\" href=\"https:\/\/bioflexnutrition.com.br\/en\/product\/cacao-whey-840g-essential\/\" \/>\n<meta property=\"og:locale\" content=\"en_US\" \/>\n<meta property=\"og:type\" content=\"article\" \/>\n<meta property=\"og:title\" content=\"CACAO WHEY 840G ESSENTIAL - Bioflex Nutrition\" \/>\n<meta property=\"og:description\" content=\"\u00a0 Alcance seus objetivos de sa\u00fade e fitness com o Whey da Essential Nutrition. Este suplemento premium combina Whey Protein Hidrolisado e Isolado, obtidos por meio do avan\u00e7ado processo Cross-Flow Microfiltration (CFM), que preserva as propriedades funcionais das prote\u00ednas, garantindo alta absor\u00e7\u00e3o e digestibilidade. \u200b\" \/>\n<meta property=\"og:url\" content=\"https:\/\/bioflexnutrition.com.br\/en\/product\/cacao-whey-840g-essential\/\" \/>\n<meta property=\"og:site_name\" content=\"Bioflex Nutrition\" \/>\n<meta property=\"article:modified_time\" content=\"2026-04-10T11:18:16+00:00\" \/>\n<meta property=\"og:image\" content=\"https:\/\/bioflexnutrition.com.br\/wp-content\/uploads\/2025\/06\/15339124807-cacao-whey-lata-grande.jpg\" \/>\n\t<meta property=\"og:image:width\" content=\"1950\" \/>\n\t<meta property=\"og:image:height\" content=\"1950\" \/>\n\t<meta property=\"og:image:type\" content=\"image\/jpeg\" \/>\n<meta name=\"twitter:card\" content=\"summary_large_image\" \/>\n<meta name=\"twitter:label1\" content=\"Est. reading time\" \/>\n\t<meta name=\"twitter:data1\" content=\"3 minutes\" \/>\n<script type=\"application\/ld+json\" class=\"yoast-schema-graph\">{\"@context\":\"https:\\\/\\\/schema.org\",\"@graph\":[{\"@type\":[\"WebPage\",\"ItemPage\"],\"@id\":\"https:\\\/\\\/bioflexnutrition.com.br\\\/produto\\\/cacao-whey-840g-essential\\\/\",\"url\":\"https:\\\/\\\/bioflexnutrition.com.br\\\/produto\\\/cacao-whey-840g-essential\\\/\",\"name\":\"CACAO WHEY 840G ESSENTIAL - Bioflex Nutrition\",\"isPartOf\":{\"@id\":\"https:\\\/\\\/bioflexnutrition.com.br\\\/#website\"},\"primaryImageOfPage\":{\"@id\":\"https:\\\/\\\/bioflexnutrition.com.br\\\/produto\\\/cacao-whey-840g-essential\\\/#primaryimage\"},\"image\":{\"@id\":\"https:\\\/\\\/bioflexnutrition.com.br\\\/produto\\\/cacao-whey-840g-essential\\\/#primaryimage\"},\"thumbnailUrl\":\"https:\\\/\\\/bioflexnutrition.com.br\\\/wp-content\\\/uploads\\\/2025\\\/06\\\/15339124807-cacao-whey-lata-grande.jpg\",\"datePublished\":\"2025-06-06T00:10:32+00:00\",\"dateModified\":\"2026-04-10T11:18:16+00:00\",\"breadcrumb\":{\"@id\":\"https:\\\/\\\/bioflexnutrition.com.br\\\/produto\\\/cacao-whey-840g-essential\\\/#breadcrumb\"},\"inLanguage\":\"en-US\",\"potentialAction\":[{\"@type\":\"ReadAction\",\"target\":[\"https:\\\/\\\/bioflexnutrition.com.br\\\/produto\\\/cacao-whey-840g-essential\\\/\"]}]},{\"@type\":\"ImageObject\",\"inLanguage\":\"en-US\",\"@id\":\"https:\\\/\\\/bioflexnutrition.com.br\\\/produto\\\/cacao-whey-840g-essential\\\/#primaryimage\",\"url\":\"https:\\\/\\\/bioflexnutrition.com.br\\\/wp-content\\\/uploads\\\/2025\\\/06\\\/15339124807-cacao-whey-lata-grande.jpg\",\"contentUrl\":\"https:\\\/\\\/bioflexnutrition.com.br\\\/wp-content\\\/uploads\\\/2025\\\/06\\\/15339124807-cacao-whey-lata-grande.jpg\",\"width\":1950,\"height\":1950},{\"@type\":\"BreadcrumbList\",\"@id\":\"https:\\\/\\\/bioflexnutrition.com.br\\\/produto\\\/cacao-whey-840g-essential\\\/#breadcrumb\",\"itemListElement\":[{\"@type\":\"ListItem\",\"position\":1,\"name\":\"In\u00edcio\",\"item\":\"https:\\\/\\\/bioflexnutrition.com.br\\\/\"},{\"@type\":\"ListItem\",\"position\":2,\"name\":\"Loja\",\"item\":\"https:\\\/\\\/bioflexnutrition.com.br\\\/todos\\\/\"},{\"@type\":\"ListItem\",\"position\":3,\"name\":\"CACAO WHEY 840G ESSENTIAL\"}]},{\"@type\":\"WebSite\",\"@id\":\"https:\\\/\\\/bioflexnutrition.com.br\\\/#website\",\"url\":\"https:\\\/\\\/bioflexnutrition.com.br\\\/\",\"name\":\"Bioflex Nutrition\",\"description\":\"Sua loja online de Nutri\u00e7\u00e3o e Sa\u00fade\",\"publisher\":{\"@id\":\"https:\\\/\\\/bioflexnutrition.com.br\\\/#organization\"},\"potentialAction\":[{\"@type\":\"SearchAction\",\"target\":{\"@type\":\"EntryPoint\",\"urlTemplate\":\"https:\\\/\\\/bioflexnutrition.com.br\\\/?s={search_term_string}\"},\"query-input\":{\"@type\":\"PropertyValueSpecification\",\"valueRequired\":true,\"valueName\":\"search_term_string\"}}],\"inLanguage\":\"en-US\"},{\"@type\":\"Organization\",\"@id\":\"https:\\\/\\\/bioflexnutrition.com.br\\\/#organization\",\"name\":\"Bioflex Nutrition\",\"url\":\"https:\\\/\\\/bioflexnutrition.com.br\\\/\",\"logo\":{\"@type\":\"ImageObject\",\"inLanguage\":\"en-US\",\"@id\":\"https:\\\/\\\/bioflexnutrition.com.br\\\/#\\\/schema\\\/logo\\\/image\\\/\",\"url\":\"https:\\\/\\\/bioflexnutrition.com.br\\\/wp-content\\\/uploads\\\/2025\\\/04\\\/fav.webp\",\"contentUrl\":\"https:\\\/\\\/bioflexnutrition.com.br\\\/wp-content\\\/uploads\\\/2025\\\/04\\\/fav.webp\",\"width\":1150,\"height\":1000,\"caption\":\"Bioflex Nutrition\"},\"image\":{\"@id\":\"https:\\\/\\\/bioflexnutrition.com.br\\\/#\\\/schema\\\/logo\\\/image\\\/\"},\"sameAs\":[\"https:\\\/\\\/www.instagram.com\\\/bioflexnh\\\/\"]}]}<\/script>\n<!-- \/ Yoast SEO plugin. -->","yoast_head_json":{"title":"CACAO WHEY 840G ESSENTIAL - Bioflex Nutrition","robots":{"index":"index","follow":"follow","max-snippet":"max-snippet:-1","max-image-preview":"max-image-preview:large","max-video-preview":"max-video-preview:-1"},"canonical":"https:\/\/bioflexnutrition.com.br\/en\/product\/cacao-whey-840g-essential\/","og_locale":"en_US","og_type":"article","og_title":"CACAO WHEY 840G ESSENTIAL - Bioflex Nutrition","og_description":"\u00a0 Alcance seus objetivos de sa\u00fade e fitness com o Whey da Essential Nutrition. Este suplemento premium combina Whey Protein Hidrolisado e Isolado, obtidos por meio do avan\u00e7ado processo Cross-Flow Microfiltration (CFM), que preserva as propriedades funcionais das prote\u00ednas, garantindo alta absor\u00e7\u00e3o e digestibilidade. \u200b","og_url":"https:\/\/bioflexnutrition.com.br\/en\/product\/cacao-whey-840g-essential\/","og_site_name":"Bioflex Nutrition","article_modified_time":"2026-04-10T11:18:16+00:00","og_image":[{"width":1950,"height":1950,"url":"https:\/\/bioflexnutrition.com.br\/wp-content\/uploads\/2025\/06\/15339124807-cacao-whey-lata-grande.jpg","type":"image\/jpeg"}],"twitter_card":"summary_large_image","twitter_misc":{"Est. reading time":"3 minutes"},"schema":{"@context":"https:\/\/schema.org","@graph":[{"@type":["WebPage","ItemPage"],"@id":"https:\/\/bioflexnutrition.com.br\/produto\/cacao-whey-840g-essential\/","url":"https:\/\/bioflexnutrition.com.br\/produto\/cacao-whey-840g-essential\/","name":"CACAO WHEY 840G ESSENTIAL - Bioflex Nutrition","isPartOf":{"@id":"https:\/\/bioflexnutrition.com.br\/#website"},"primaryImageOfPage":{"@id":"https:\/\/bioflexnutrition.com.br\/produto\/cacao-whey-840g-essential\/#primaryimage"},"image":{"@id":"https:\/\/bioflexnutrition.com.br\/produto\/cacao-whey-840g-essential\/#primaryimage"},"thumbnailUrl":"https:\/\/bioflexnutrition.com.br\/wp-content\/uploads\/2025\/06\/15339124807-cacao-whey-lata-grande.jpg","datePublished":"2025-06-06T00:10:32+00:00","dateModified":"2026-04-10T11:18:16+00:00","breadcrumb":{"@id":"https:\/\/bioflexnutrition.com.br\/produto\/cacao-whey-840g-essential\/#breadcrumb"},"inLanguage":"en-US","potentialAction":[{"@type":"ReadAction","target":["https:\/\/bioflexnutrition.com.br\/produto\/cacao-whey-840g-essential\/"]}]},{"@type":"ImageObject","inLanguage":"en-US","@id":"https:\/\/bioflexnutrition.com.br\/produto\/cacao-whey-840g-essential\/#primaryimage","url":"https:\/\/bioflexnutrition.com.br\/wp-content\/uploads\/2025\/06\/15339124807-cacao-whey-lata-grande.jpg","contentUrl":"https:\/\/bioflexnutrition.com.br\/wp-content\/uploads\/2025\/06\/15339124807-cacao-whey-lata-grande.jpg","width":1950,"height":1950},{"@type":"BreadcrumbList","@id":"https:\/\/bioflexnutrition.com.br\/produto\/cacao-whey-840g-essential\/#breadcrumb","itemListElement":[{"@type":"ListItem","position":1,"name":"In\u00edcio","item":"https:\/\/bioflexnutrition.com.br\/"},{"@type":"ListItem","position":2,"name":"Loja","item":"https:\/\/bioflexnutrition.com.br\/todos\/"},{"@type":"ListItem","position":3,"name":"CACAO WHEY 840G ESSENTIAL"}]},{"@type":"WebSite","@id":"https:\/\/bioflexnutrition.com.br\/#website","url":"https:\/\/bioflexnutrition.com.br\/","name":"Bioflex Nutrition","description":"Sua loja online de Nutri\u00e7\u00e3o e Sa\u00fade","publisher":{"@id":"https:\/\/bioflexnutrition.com.br\/#organization"},"potentialAction":[{"@type":"SearchAction","target":{"@type":"EntryPoint","urlTemplate":"https:\/\/bioflexnutrition.com.br\/?s={search_term_string}"},"query-input":{"@type":"PropertyValueSpecification","valueRequired":true,"valueName":"search_term_string"}}],"inLanguage":"en-US"},{"@type":"Organization","@id":"https:\/\/bioflexnutrition.com.br\/#organization","name":"Bioflex Nutrition","url":"https:\/\/bioflexnutrition.com.br\/","logo":{"@type":"ImageObject","inLanguage":"en-US","@id":"https:\/\/bioflexnutrition.com.br\/#\/schema\/logo\/image\/","url":"https:\/\/bioflexnutrition.com.br\/wp-content\/uploads\/2025\/04\/fav.webp","contentUrl":"https:\/\/bioflexnutrition.com.br\/wp-content\/uploads\/2025\/04\/fav.webp","width":1150,"height":1000,"caption":"Bioflex Nutrition"},"image":{"@id":"https:\/\/bioflexnutrition.com.br\/#\/schema\/logo\/image\/"},"sameAs":["https:\/\/www.instagram.com\/bioflexnh\/"]}]}},"_links":{"self":[{"href":"https:\/\/bioflexnutrition.com.br\/en\/wp-json\/wp\/v2\/product\/6701","targetHints":{"allow":["GET"]}}],"collection":[{"href":"https:\/\/bioflexnutrition.com.br\/en\/wp-json\/wp\/v2\/product"}],"about":[{"href":"https:\/\/bioflexnutrition.com.br\/en\/wp-json\/wp\/v2\/types\/product"}],"replies":[{"embeddable":true,"href":"https:\/\/bioflexnutrition.com.br\/en\/wp-json\/wp\/v2\/comments?post=6701"}],"wp:featuredmedia":[{"embeddable":true,"href":"https:\/\/bioflexnutrition.com.br\/en\/wp-json\/wp\/v2\/media\/6696"}],"wp:attachment":[{"href":"https:\/\/bioflexnutrition.com.br\/en\/wp-json\/wp\/v2\/media?parent=6701"}],"wp:term":[{"taxonomy":"product_cat","embeddable":true,"href":"https:\/\/bioflexnutrition.com.br\/en\/wp-json\/wp\/v2\/product_cat?post=6701"},{"taxonomy":"product_tag","embeddable":true,"href":"https:\/\/bioflexnutrition.com.br\/en\/wp-json\/wp\/v2\/product_tag?post=6701"}],"curies":[{"name":"wp","href":"https:\/\/api.w.org\/{rel}","templated":true}]}}