{"id":6706,"date":"2025-06-05T21:10:53","date_gmt":"2025-06-06T00:10:53","guid":{"rendered":"https:\/\/bioflexnutrition.com.br\/produto\/vanilla-whey-lata-750g-30ds-essential\/"},"modified":"2026-04-21T09:08:47","modified_gmt":"2026-04-21T12:08:47","slug":"vanilla-whey-lata-750g-30ds-essential","status":"publish","type":"product","link":"https:\/\/bioflexnutrition.com.br\/en\/product\/vanilla-whey-lata-750g-30ds-essential\/","title":{"rendered":"Vanilla Whey Lata 750g 30ds Essential"},"content":{"rendered":"<h2>O que \u00e9 Vanilla Whey<\/h2>\n<h3>Descri\u00e7\u00e3o<\/h3>\n<p><strong>Vanilla Whey<\/strong> \u00e9 uma prote\u00edna com notas de baunilha e muito vers\u00e1til. Pura, misturada com frutas ou \u00e1gua de coco, fica uma del\u00edcia. Sua f\u00f3rmula combina Whey Protein Hidrolisado e Isolado (Thermax\u00ae\u202f690 e Provon\u00ae\u202f292), aroma de baunilha e col\u00e1geno hidrolisado em pept\u00eddeos (Peptan\u00ae), que agregam valor \u00e0 f\u00f3rmula e complementam a a\u00e7\u00e3o do produto.<\/p>\n<h3>Principais benef\u00edcios<\/h3>\n<ul>\n<li>22\u202fg de prote\u00edna por por\u00e7\u00e3o<\/li>\n<li>4,3\u202fg de BCAA naturalmente em sua composi\u00e7\u00e3o<\/li>\n<li>Ado\u00e7ado com estevia (glicos\u00eddeos de esteviol)<\/li>\n<\/ul>\n<h3>Cont\u00e9m<\/h3>\n<ul>\n<li>Whey Protein Hidrolisado e Isolado (Thermax\u00ae\u202f690 e Provon\u00ae\u202f292)<\/li>\n<li>22\u202fg de prote\u00edna por por\u00e7\u00e3o<\/li>\n<li>Col\u00e1geno hidrolisado em pept\u00eddeos (Peptan\u00ae)<\/li>\n<li>BCAA naturalmente em sua composi\u00e7\u00e3o<\/li>\n<li>Ado\u00e7ado com estevia<\/li>\n<\/ul>\n<h3>N\u00e3o cont\u00e9m<\/h3>\n<ul>\n<li>Whey Protein concentrado<\/li>\n<li>Case\u00edna<\/li>\n<li>Ado\u00e7antes, corantes e aromas artificiais<\/li>\n<li>A\u00e7\u00facar<\/li>\n<li>Gl\u00faten<\/li>\n<li>Lactose<\/li>\n<li>Conservantes<\/li>\n<\/ul>\n<h3>Quem vai amar<\/h3>\n<p><strong>Esportistas e atletas:<\/strong> precisam de um sabor prazeroso e flex\u00edvel para mixes com frutas ou \u00e1gua de coco.<\/p>\n<p><strong>Quem quer mais op\u00e7\u00f5es no card\u00e1pio:<\/strong> ideal para caf\u00e9 da manh\u00e3 e lanches, sem a\u00e7\u00facar e ado\u00e7ado apenas com estevia.<\/p>\n<p><strong>Adultos com consci\u00eancia saud\u00e1vel:<\/strong> para quem busca prote\u00edna de alta qualidade com ingredientes naturais.<\/p>\n<h3>Informa\u00e7\u00e3o Nutricional<\/h3>\n<p>Por\u00e7\u00f5es por embalagem: 30 (750\u202fg)<br \/>Por\u00e7\u00e3o: 25\u202fg (1 colher\u2011medida)<\/p>\n<table>\n<thead>\n<tr>\n<th>Componente<\/th>\n<th>Por\u00e7\u00e3o (25\u202fg)<\/th>\n<th>%VD*<\/th>\n<\/tr>\n<\/thead>\n<tbody>\n<tr>\n<td>Valor energ\u00e9tico (kcal)<\/td>\n<td>88<\/td>\n<td>4%<\/td>\n<\/tr>\n<tr>\n<td>Carboidratos (g)<\/td>\n<td>0<\/td>\n<td>0%<\/td>\n<\/tr>\n<tr>\n<td>&#8211; A\u00e7\u00facares totais (g)<\/td>\n<td>0<\/td>\n<td>\u2014<\/td>\n<\/tr>\n<tr>\n<td>&#8211; A\u00e7\u00facares adicionados (g)<\/td>\n<td>0<\/td>\n<td>0%<\/td>\n<\/tr>\n<tr>\n<td>Poli\u00f3is totais (g)<\/td>\n<td>0<\/td>\n<td>\u2014<\/td>\n<\/tr>\n<tr>\n<td>Prote\u00ednas (g)<\/td>\n<td>22<\/td>\n<td>44%<\/td>\n<\/tr>\n<tr>\n<td>Gorduras totais (g)<\/td>\n<td>0<\/td>\n<td>0%<\/td>\n<\/tr>\n<tr>\n<td>&#8211; Gorduras saturadas (g)<\/td>\n<td>0<\/td>\n<td>0%<\/td>\n<\/tr>\n<tr>\n<td>&#8211; Gorduras trans (g)<\/td>\n<td>0<\/td>\n<td>0%<\/td>\n<\/tr>\n<tr>\n<td>Fibras alimentares (g)<\/td>\n<td>0<\/td>\n<td>0%<\/td>\n<\/tr>\n<tr>\n<td>S\u00f3dio (mg)<\/td>\n<td>89<\/td>\n<td>4%<\/td>\n<\/tr>\n<tr>\n<td>C\u00e1lcio (mg)<\/td>\n<td>84<\/td>\n<td>8%<\/td>\n<\/tr>\n<tr>\n<td>F\u00f3sforo (mg)<\/td>\n<td>47<\/td>\n<td>7%<\/td>\n<\/tr>\n<\/tbody>\n<\/table>\n<p><em>*Percentual de valores di\u00e1rios de refer\u00eancia com base em dieta de 2.000\u202fkcal.<\/em><\/p>\n<h3>Ingredientes<\/h3>\n<p>Prote\u00ednas hidrolisada e isolada do soro de leite (Thermax\u00ae\u202f690 e Provon\u00ae\u202f292), col\u00e1geno hidrolisado em pept\u00eddeos (Peptan\u00ae), goma guar, aroma id\u00eantico ao natural de baunilha e edulcorante (glicos\u00eddeos de esteviol).<\/p>\n<p><strong>N\u00e3o cont\u00e9m gl\u00faten.<\/strong><br \/><strong>Al\u00e9rgicos:<\/strong> cont\u00e9m derivados de leite e soja (menos de 0,1\u202fg de lecitina de soja por por\u00e7\u00e3o).<\/p>\n<h3>Modo de Preparo<\/h3>\n<p>Adicione 25\u202fg (1 colher\u2011medida) em aproximadamente 200\u202fml de \u00e1gua, suco ou bebida de sua prefer\u00eancia e misture at\u00e9 total homogeneiza\u00e7\u00e3o. Beba imediatamente.<\/p>\n<h3>Armazenamento e Precau\u00e7\u00f5es<\/h3>\n<p>Manter este produto bem fechado em local fresco, seco e ao abrigo da luz solar.<br \/>Ap\u00f3s aberto, consumir em at\u00e9 60\u202fdias.<br \/>Este produto \u00e9 recomendado para adultos (\u226519\u202fanos).<br \/>\u201cEste produto n\u00e3o \u00e9 um medicamento.\u201d<br \/>\u201cN\u00e3o exceder a recomenda\u00e7\u00e3o di\u00e1ria de consumo indicada na embalagem.\u201d<br \/>\u201cMantenha fora do alcance de crian\u00e7as.\u201d<\/p>","protected":false},"excerpt":{"rendered":"<p>Vanilla Whey<\/p>\n<p>\u00a0<\/p>\n<p>Whey protein hidrolisado e isolado, com col\u00e1geno hidrolisado em pept\u00eddeos e aroma de baunilha, ado\u00e7ado com est\u00e9via.<\/p>","protected":false},"featured_media":6702,"comment_status":"open","ping_status":"closed","template":"","meta":{"_joinchat":[]},"product_cat":[248,160,199,157,164,169,170,198,272,266],"product_tag":[],"class_list":{"0":"post-6706","1":"product","2":"type-product","3":"status-publish","4":"has-post-thumbnail","6":"product_cat-categorias-e","7":"product_cat-essential","8":"product_cat-frete-gratis","9":"product_cat-marcas","10":"product_cat-objetivos-especificos","11":"product_cat-para-emagrecimento","12":"product_cat-para-ganho-de-massa","13":"product_cat-promocoes","14":"product_cat-proteina-isolada-hidrolisada-whey","15":"product_cat-proteinas-categorias-ecommerce","17":"first","18":"instock","19":"shipping-taxable","20":"purchasable","21":"product-type-simple","22":"col-xs-6 col-sm-4","23":"col-md-3 col-lg-3","24":"un-4-cols"},"yoast_head":"<!-- This site is optimized with the Yoast SEO plugin v27.4 - https:\/\/yoast.com\/product\/yoast-seo-wordpress\/ -->\n<title>Vanilla Whey Lata 750g 30ds Essential - Bioflex Nutrition<\/title>\n<meta name=\"robots\" content=\"index, follow, max-snippet:-1, max-image-preview:large, max-video-preview:-1\" \/>\n<link rel=\"canonical\" href=\"https:\/\/bioflexnutrition.com.br\/en\/product\/vanilla-whey-lata-750g-30ds-essential\/\" \/>\n<meta property=\"og:locale\" content=\"en_US\" \/>\n<meta property=\"og:type\" content=\"article\" \/>\n<meta property=\"og:title\" content=\"Vanilla Whey Lata 750g 30ds Essential - Bioflex Nutrition\" \/>\n<meta property=\"og:description\" content=\"Vanilla Whey \u00a0 Whey protein hidrolisado e isolado, com col\u00e1geno hidrolisado em pept\u00eddeos e aroma de baunilha, ado\u00e7ado com est\u00e9via.\" \/>\n<meta property=\"og:url\" content=\"https:\/\/bioflexnutrition.com.br\/en\/product\/vanilla-whey-lata-750g-30ds-essential\/\" \/>\n<meta property=\"og:site_name\" content=\"Bioflex Nutrition\" \/>\n<meta property=\"article:modified_time\" content=\"2026-04-21T12:08:47+00:00\" \/>\n<meta property=\"og:image\" content=\"https:\/\/bioflexnutrition.com.br\/wp-content\/uploads\/2025\/06\/15350243078-vanilla-whey-lata-grande.jpg\" \/>\n\t<meta property=\"og:image:width\" content=\"1950\" \/>\n\t<meta property=\"og:image:height\" content=\"1950\" \/>\n\t<meta property=\"og:image:type\" content=\"image\/jpeg\" \/>\n<meta name=\"twitter:card\" content=\"summary_large_image\" \/>\n<meta name=\"twitter:label1\" content=\"Est. reading time\" \/>\n\t<meta name=\"twitter:data1\" content=\"4 minutes\" \/>\n<script type=\"application\/ld+json\" class=\"yoast-schema-graph\">{\"@context\":\"https:\\\/\\\/schema.org\",\"@graph\":[{\"@type\":[\"WebPage\",\"ItemPage\"],\"@id\":\"https:\\\/\\\/bioflexnutrition.com.br\\\/produto\\\/vanilla-whey-lata-750g-30ds-essential\\\/\",\"url\":\"https:\\\/\\\/bioflexnutrition.com.br\\\/produto\\\/vanilla-whey-lata-750g-30ds-essential\\\/\",\"name\":\"Vanilla Whey Lata 750g 30ds Essential - Bioflex Nutrition\",\"isPartOf\":{\"@id\":\"https:\\\/\\\/bioflexnutrition.com.br\\\/#website\"},\"primaryImageOfPage\":{\"@id\":\"https:\\\/\\\/bioflexnutrition.com.br\\\/produto\\\/vanilla-whey-lata-750g-30ds-essential\\\/#primaryimage\"},\"image\":{\"@id\":\"https:\\\/\\\/bioflexnutrition.com.br\\\/produto\\\/vanilla-whey-lata-750g-30ds-essential\\\/#primaryimage\"},\"thumbnailUrl\":\"https:\\\/\\\/bioflexnutrition.com.br\\\/wp-content\\\/uploads\\\/2025\\\/06\\\/15350243078-vanilla-whey-lata-grande.jpg\",\"datePublished\":\"2025-06-06T00:10:53+00:00\",\"dateModified\":\"2026-04-21T12:08:47+00:00\",\"breadcrumb\":{\"@id\":\"https:\\\/\\\/bioflexnutrition.com.br\\\/produto\\\/vanilla-whey-lata-750g-30ds-essential\\\/#breadcrumb\"},\"inLanguage\":\"en-US\",\"potentialAction\":[{\"@type\":\"ReadAction\",\"target\":[\"https:\\\/\\\/bioflexnutrition.com.br\\\/produto\\\/vanilla-whey-lata-750g-30ds-essential\\\/\"]}]},{\"@type\":\"ImageObject\",\"inLanguage\":\"en-US\",\"@id\":\"https:\\\/\\\/bioflexnutrition.com.br\\\/produto\\\/vanilla-whey-lata-750g-30ds-essential\\\/#primaryimage\",\"url\":\"https:\\\/\\\/bioflexnutrition.com.br\\\/wp-content\\\/uploads\\\/2025\\\/06\\\/15350243078-vanilla-whey-lata-grande.jpg\",\"contentUrl\":\"https:\\\/\\\/bioflexnutrition.com.br\\\/wp-content\\\/uploads\\\/2025\\\/06\\\/15350243078-vanilla-whey-lata-grande.jpg\",\"width\":1950,\"height\":1950},{\"@type\":\"BreadcrumbList\",\"@id\":\"https:\\\/\\\/bioflexnutrition.com.br\\\/produto\\\/vanilla-whey-lata-750g-30ds-essential\\\/#breadcrumb\",\"itemListElement\":[{\"@type\":\"ListItem\",\"position\":1,\"name\":\"In\u00edcio\",\"item\":\"https:\\\/\\\/bioflexnutrition.com.br\\\/\"},{\"@type\":\"ListItem\",\"position\":2,\"name\":\"Loja\",\"item\":\"https:\\\/\\\/bioflexnutrition.com.br\\\/todos\\\/\"},{\"@type\":\"ListItem\",\"position\":3,\"name\":\"Vanilla Whey Lata 750g 30ds Essential\"}]},{\"@type\":\"WebSite\",\"@id\":\"https:\\\/\\\/bioflexnutrition.com.br\\\/#website\",\"url\":\"https:\\\/\\\/bioflexnutrition.com.br\\\/\",\"name\":\"Bioflex Nutrition\",\"description\":\"Sua loja online de Nutri\u00e7\u00e3o e Sa\u00fade\",\"publisher\":{\"@id\":\"https:\\\/\\\/bioflexnutrition.com.br\\\/#organization\"},\"potentialAction\":[{\"@type\":\"SearchAction\",\"target\":{\"@type\":\"EntryPoint\",\"urlTemplate\":\"https:\\\/\\\/bioflexnutrition.com.br\\\/?s={search_term_string}\"},\"query-input\":{\"@type\":\"PropertyValueSpecification\",\"valueRequired\":true,\"valueName\":\"search_term_string\"}}],\"inLanguage\":\"en-US\"},{\"@type\":\"Organization\",\"@id\":\"https:\\\/\\\/bioflexnutrition.com.br\\\/#organization\",\"name\":\"Bioflex Nutrition\",\"url\":\"https:\\\/\\\/bioflexnutrition.com.br\\\/\",\"logo\":{\"@type\":\"ImageObject\",\"inLanguage\":\"en-US\",\"@id\":\"https:\\\/\\\/bioflexnutrition.com.br\\\/#\\\/schema\\\/logo\\\/image\\\/\",\"url\":\"https:\\\/\\\/bioflexnutrition.com.br\\\/wp-content\\\/uploads\\\/2025\\\/04\\\/fav.webp\",\"contentUrl\":\"https:\\\/\\\/bioflexnutrition.com.br\\\/wp-content\\\/uploads\\\/2025\\\/04\\\/fav.webp\",\"width\":1150,\"height\":1000,\"caption\":\"Bioflex Nutrition\"},\"image\":{\"@id\":\"https:\\\/\\\/bioflexnutrition.com.br\\\/#\\\/schema\\\/logo\\\/image\\\/\"},\"sameAs\":[\"https:\\\/\\\/www.instagram.com\\\/bioflexnh\\\/\"]}]}<\/script>\n<!-- \/ Yoast SEO plugin. -->","yoast_head_json":{"title":"Vanilla Whey Lata 750g 30ds Essential - Bioflex Nutrition","robots":{"index":"index","follow":"follow","max-snippet":"max-snippet:-1","max-image-preview":"max-image-preview:large","max-video-preview":"max-video-preview:-1"},"canonical":"https:\/\/bioflexnutrition.com.br\/en\/product\/vanilla-whey-lata-750g-30ds-essential\/","og_locale":"en_US","og_type":"article","og_title":"Vanilla Whey Lata 750g 30ds Essential - Bioflex Nutrition","og_description":"Vanilla Whey \u00a0 Whey protein hidrolisado e isolado, com col\u00e1geno hidrolisado em pept\u00eddeos e aroma de baunilha, ado\u00e7ado com est\u00e9via.","og_url":"https:\/\/bioflexnutrition.com.br\/en\/product\/vanilla-whey-lata-750g-30ds-essential\/","og_site_name":"Bioflex Nutrition","article_modified_time":"2026-04-21T12:08:47+00:00","og_image":[{"width":1950,"height":1950,"url":"https:\/\/bioflexnutrition.com.br\/wp-content\/uploads\/2025\/06\/15350243078-vanilla-whey-lata-grande.jpg","type":"image\/jpeg"}],"twitter_card":"summary_large_image","twitter_misc":{"Est. reading time":"4 minutes"},"schema":{"@context":"https:\/\/schema.org","@graph":[{"@type":["WebPage","ItemPage"],"@id":"https:\/\/bioflexnutrition.com.br\/produto\/vanilla-whey-lata-750g-30ds-essential\/","url":"https:\/\/bioflexnutrition.com.br\/produto\/vanilla-whey-lata-750g-30ds-essential\/","name":"Vanilla Whey Lata 750g 30ds Essential - Bioflex Nutrition","isPartOf":{"@id":"https:\/\/bioflexnutrition.com.br\/#website"},"primaryImageOfPage":{"@id":"https:\/\/bioflexnutrition.com.br\/produto\/vanilla-whey-lata-750g-30ds-essential\/#primaryimage"},"image":{"@id":"https:\/\/bioflexnutrition.com.br\/produto\/vanilla-whey-lata-750g-30ds-essential\/#primaryimage"},"thumbnailUrl":"https:\/\/bioflexnutrition.com.br\/wp-content\/uploads\/2025\/06\/15350243078-vanilla-whey-lata-grande.jpg","datePublished":"2025-06-06T00:10:53+00:00","dateModified":"2026-04-21T12:08:47+00:00","breadcrumb":{"@id":"https:\/\/bioflexnutrition.com.br\/produto\/vanilla-whey-lata-750g-30ds-essential\/#breadcrumb"},"inLanguage":"en-US","potentialAction":[{"@type":"ReadAction","target":["https:\/\/bioflexnutrition.com.br\/produto\/vanilla-whey-lata-750g-30ds-essential\/"]}]},{"@type":"ImageObject","inLanguage":"en-US","@id":"https:\/\/bioflexnutrition.com.br\/produto\/vanilla-whey-lata-750g-30ds-essential\/#primaryimage","url":"https:\/\/bioflexnutrition.com.br\/wp-content\/uploads\/2025\/06\/15350243078-vanilla-whey-lata-grande.jpg","contentUrl":"https:\/\/bioflexnutrition.com.br\/wp-content\/uploads\/2025\/06\/15350243078-vanilla-whey-lata-grande.jpg","width":1950,"height":1950},{"@type":"BreadcrumbList","@id":"https:\/\/bioflexnutrition.com.br\/produto\/vanilla-whey-lata-750g-30ds-essential\/#breadcrumb","itemListElement":[{"@type":"ListItem","position":1,"name":"In\u00edcio","item":"https:\/\/bioflexnutrition.com.br\/"},{"@type":"ListItem","position":2,"name":"Loja","item":"https:\/\/bioflexnutrition.com.br\/todos\/"},{"@type":"ListItem","position":3,"name":"Vanilla Whey Lata 750g 30ds Essential"}]},{"@type":"WebSite","@id":"https:\/\/bioflexnutrition.com.br\/#website","url":"https:\/\/bioflexnutrition.com.br\/","name":"Bioflex Nutrition","description":"Sua loja online de Nutri\u00e7\u00e3o e Sa\u00fade","publisher":{"@id":"https:\/\/bioflexnutrition.com.br\/#organization"},"potentialAction":[{"@type":"SearchAction","target":{"@type":"EntryPoint","urlTemplate":"https:\/\/bioflexnutrition.com.br\/?s={search_term_string}"},"query-input":{"@type":"PropertyValueSpecification","valueRequired":true,"valueName":"search_term_string"}}],"inLanguage":"en-US"},{"@type":"Organization","@id":"https:\/\/bioflexnutrition.com.br\/#organization","name":"Bioflex Nutrition","url":"https:\/\/bioflexnutrition.com.br\/","logo":{"@type":"ImageObject","inLanguage":"en-US","@id":"https:\/\/bioflexnutrition.com.br\/#\/schema\/logo\/image\/","url":"https:\/\/bioflexnutrition.com.br\/wp-content\/uploads\/2025\/04\/fav.webp","contentUrl":"https:\/\/bioflexnutrition.com.br\/wp-content\/uploads\/2025\/04\/fav.webp","width":1150,"height":1000,"caption":"Bioflex Nutrition"},"image":{"@id":"https:\/\/bioflexnutrition.com.br\/#\/schema\/logo\/image\/"},"sameAs":["https:\/\/www.instagram.com\/bioflexnh\/"]}]}},"_links":{"self":[{"href":"https:\/\/bioflexnutrition.com.br\/en\/wp-json\/wp\/v2\/product\/6706","targetHints":{"allow":["GET"]}}],"collection":[{"href":"https:\/\/bioflexnutrition.com.br\/en\/wp-json\/wp\/v2\/product"}],"about":[{"href":"https:\/\/bioflexnutrition.com.br\/en\/wp-json\/wp\/v2\/types\/product"}],"replies":[{"embeddable":true,"href":"https:\/\/bioflexnutrition.com.br\/en\/wp-json\/wp\/v2\/comments?post=6706"}],"wp:featuredmedia":[{"embeddable":true,"href":"https:\/\/bioflexnutrition.com.br\/en\/wp-json\/wp\/v2\/media\/6702"}],"wp:attachment":[{"href":"https:\/\/bioflexnutrition.com.br\/en\/wp-json\/wp\/v2\/media?parent=6706"}],"wp:term":[{"taxonomy":"product_cat","embeddable":true,"href":"https:\/\/bioflexnutrition.com.br\/en\/wp-json\/wp\/v2\/product_cat?post=6706"},{"taxonomy":"product_tag","embeddable":true,"href":"https:\/\/bioflexnutrition.com.br\/en\/wp-json\/wp\/v2\/product_tag?post=6706"}],"curies":[{"name":"wp","href":"https:\/\/api.w.org\/{rel}","templated":true}]}}