{"id":6716,"date":"2025-06-05T21:11:31","date_gmt":"2025-06-06T00:11:31","guid":{"rendered":"https:\/\/bioflexnutrition.com.br\/produto\/super-omega-3-tg-gastro-resistant-1g-90caps-essential\/"},"modified":"2026-04-01T14:52:39","modified_gmt":"2026-04-01T17:52:39","slug":"super-omega-3-tg-gastro-resistant-1g-90caps-essential","status":"publish","type":"product","link":"https:\/\/bioflexnutrition.com.br\/en\/product\/super-omega-3-tg-gastro-resistant-1g-90caps-essential\/","title":{"rendered":"Super Omega 3 TG GASTRO-RESISTANT 1G 90CAPS Essential"},"content":{"rendered":"<h2>Super Omega-3 TG (C\u00e1psulas Gastrorresistentes)<\/h2>\n<h3>Tudo que voc\u00ea ama no \u00f4mega-3. E nada mais.<\/h3>\n<p>Agora em <strong>c\u00e1psulas gastrorresistentes<\/strong>, oferecendo o mesmo perfil de pureza e concentra\u00e7\u00e3o do nosso \u00d4mega-3 TG, com <strong>maior conforto digestivo<\/strong>. O revestimento inteligente faz com que o conte\u00fado seja liberado apenas no intestino, reduzindo o poss\u00edvel retrogosto em pessoas com maior sensibilidade digestiva.<\/p>\n<h3>Benef\u00edcios e Diferenciais<\/h3>\n<ul>\n<li><strong>1080 mg de EPA por dose*<\/strong><\/li>\n<li><strong>720 mg de DHA por dose*<\/strong><\/li>\n<li><strong>Forma TG (triglicer\u00eddeos)<\/strong> \u2013 reconhecida e aproveitada pelo organismo<\/li>\n<li><strong>R\u00edgidos padr\u00f5es de pureza<\/strong> (metais pesados e contaminantes controlados)<\/li>\n<li><strong>C\u00e1psulas gastrorresistentes<\/strong> \u2013 conforto digestivo e aus\u00eancia de retrogosto<\/li>\n<\/ul>\n<p><em>*1 dose = 3 c\u00e1psulas.<\/em><\/p>\n<h3>O que s\u00e3o c\u00e1psulas gastrorresistentes?<\/h3>\n<p>S\u00e3o c\u00e1psulas com revestimento especial que permanecem \u00edntegras no est\u00f4mago e se dissolvem apenas no intestino, liberando o \u00f3leo onde haver\u00e1 melhor toler\u00e2ncia e absor\u00e7\u00e3o, minimizando eructa\u00e7\u00f5es com sabor de peixe.<\/p>\n<h3>Entenda o \u00d4mega-3<\/h3>\n<p>Cerca de 60% do c\u00e9rebro \u00e9 composto por gorduras e at\u00e9 20% desse total corresponde ao DHA, um \u00e1cido graxo \u00f4mega-3 estrutural. Como o organismo n\u00e3o sintetiza EPA e DHA em quantidades suficientes, sua ingest\u00e3o via alimenta\u00e7\u00e3o ou suplementa\u00e7\u00e3o \u00e9 necess\u00e1ria.<\/p>\n<h3>O que \u00e9 TG?<\/h3>\n<p>Significa <strong>triglicer\u00eddeos<\/strong>, a forma natural em que os \u00e1cidos graxos \u00f4mega-3 (EPA e DHA) ocorrem em peixes. A forma TG favorece o reconhecimento e o aproveitamento pelo organismo.<\/p>\n<h3>Como escolher um bom \u00f4mega-3?<\/h3>\n<ul>\n<li><strong>Alta concentra\u00e7\u00e3o:<\/strong> aten\u00e7\u00e3o \u00e0 soma de EPA + DHA por dose\/c\u00e1psula.<\/li>\n<li><strong>Pureza:<\/strong> proced\u00eancia e certifica\u00e7\u00f5es que assegurem baixa oxida\u00e7\u00e3o e aus\u00eancia de contaminantes.<\/li>\n<li><strong>Absor\u00e7\u00e3o:<\/strong> preferir a forma TG.<\/li>\n<li><strong>Conforto:<\/strong> c\u00e1psulas gastrorresistentes para quem tem sensibilidade digestiva.<\/li>\n<\/ul>\n<h3>Certifica\u00e7\u00e3o IFOS<\/h3>\n<p>O <strong>IFOS (International Fish Oil Standards Program)<\/strong> avalia concentra\u00e7\u00e3o de EPA\/DHA, per\u00f3xidos, anisidina, TOTOX, metais pesados e compostos org\u00e2nicos t\u00f3xicos (dioxinas, PCBs, furanos). Este produto obt\u00e9m pontua\u00e7\u00e3o m\u00e1xima (5 estrelas), refletindo excel\u00eancia em pureza e frescor.<\/p>\n<h3>Informa\u00e7\u00e3o Nutricional<\/h3>\n<p>Os ingredientes s\u00e3o listados em ordem decrescente de quantidade. A linha prioriza mat\u00e9rias-primas de alto valor nutricional e evita \u201ccalorias vazias\u201d.<\/p>\n<h4>Tabela Nutricional<\/h4>\n<table>\n<thead>\n<tr>\n<th colspan=\"3\">Por\u00e7\u00e3o: 4,5 g (3 c\u00e1psulas) \u2013 Por\u00e7\u00f5es por embalagem: 30 (90 c\u00e1psulas)<\/th>\n<\/tr>\n<tr>\n<th>Nutriente<\/th>\n<th>Quantidade<\/th>\n<th>%VD*<\/th>\n<\/tr>\n<\/thead>\n<tbody>\n<tr>\n<td>Valor energ\u00e9tico (kcal)<\/td>\n<td>27<\/td>\n<td>1<\/td>\n<\/tr>\n<tr>\n<td>Gorduras totais (g)<\/td>\n<td>3<\/td>\n<td>5<\/td>\n<\/tr>\n<tr>\n<td>Gorduras saturadas (g)<\/td>\n<td>0<\/td>\n<td>0<\/td>\n<\/tr>\n<tr>\n<td>Gorduras trans (g)<\/td>\n<td>0<\/td>\n<td>0<\/td>\n<\/tr>\n<tr>\n<td>Gorduras poli-insaturadas (g)<\/td>\n<td>2,6<\/td>\n<td>13<\/td>\n<\/tr>\n<tr>\n<td>\u00d4mega-3 total (mg)<\/td>\n<td>1800<\/td>\n<td>45<\/td>\n<\/tr>\n<tr>\n<td>\u00a0\u2014 EPA (mg)<\/td>\n<td>1080<\/td>\n<td>\u2014<\/td>\n<\/tr>\n<tr>\n<td>\u00a0\u2014 DHA (mg)<\/td>\n<td>720<\/td>\n<td>\u2014<\/td>\n<\/tr>\n<tr>\n<td>Vitamina E (mg)<\/td>\n<td>4,8<\/td>\n<td>32<\/td>\n<\/tr>\n<\/tbody>\n<\/table>\n<p><em>N\u00e3o cont\u00e9m quantidades significativas de carboidratos, a\u00e7\u00facares totais, a\u00e7\u00facares adicionados, prote\u00ednas, fibras alimentares e s\u00f3dio.<\/em><br \/><em>*% Valores Di\u00e1rios de refer\u00eancia com base em dieta de 2.000 kcal ou 8.400 kJ.<\/em><\/p>\n<h3>Ingredientes<\/h3>\n<p>\u00d3leo de peixe (Pronova Pure\u00ae \u00f4mega-3 TG) e D-alfa-tocoferol. Composi\u00e7\u00e3o da c\u00e1psula: gelatina, \u00e1gua purificada e umectantes glicerina e sorbitol. <strong>Revestimento gastrorresistente:<\/strong> amido modificado, estabilizante alginato de s\u00f3dio, umectante glicerina e aroma natural.<\/p>\n<p><strong>N\u00e3o cont\u00e9m gl\u00faten.<\/strong><br \/><strong>AL\u00c9RGICOS:<\/strong> cont\u00e9m derivados de peixe. Pode conter soja*.<br \/><small>*Pode apresentar tra\u00e7os como consequ\u00eancia da presen\u00e7a n\u00e3o intencional durante alguma etapa da fabrica\u00e7\u00e3o das mat\u00e9rias-primas ou da linha de produ\u00e7\u00e3o.<\/small><br \/><small>PRONOVA PURE\u00ae is a registered trademark of BASF.<\/small><\/p>\n<h3>Modo de Uso<\/h3>\n<p>Ingerir 1 c\u00e1psula tr\u00eas vezes ao dia, com as principais refei\u00e7\u00f5es, ou conforme orienta\u00e7\u00e3o de m\u00e9dico ou nutricionista.<\/p>\n<h3>Armazenamento<\/h3>\n<p>Manter o produto bem fechado, em local fresco, seco e ao abrigo da luz solar. Ap\u00f3s aberto, consumir em at\u00e9 120 dias.<\/p>\n<h3>Conforto e Qualidade<\/h3>\n<p>Cada detalhe \u00e9 essencial: pureza, concentra\u00e7\u00e3o, forma TG e tecnologia gastrorresistente para melhor experi\u00eancia e ades\u00e3o ao uso cont\u00ednuo.<\/p>\n<hr \/>\n<p><strong>Avisos Padronizados:<\/strong><br \/>Manter este produto bem fechado em local fresco, seco e ao abrigo da luz solar.<br \/>Ap\u00f3s aberto, consumir em at\u00e9 90 dias.<br \/>A colora\u00e7\u00e3o da c\u00e1psula pode apresentar varia\u00e7\u00e3o devido \u00e0 presen\u00e7a de ingredientes naturais, sem comprometer a efic\u00e1cia da formula\u00e7\u00e3o.<br \/>Este produto \u00e9 recomendado para adultos (\u226519 anos).<br \/>Este produto n\u00e3o deve ser consumido por gestantes, lactantes e crian\u00e7as.<br \/>\u201cEste produto n\u00e3o \u00e9 um medicamento.\u201d<br \/>\u201cN\u00e3o exceder a recomenda\u00e7\u00e3o di\u00e1ria de consumo indicada na embalagem.\u201d<br \/>\u201cMantenha fora do alcance de crian\u00e7as.\u201d<\/p>","protected":false},"excerpt":{"rendered":"<p>Super Omega-3 TG Gastro-resistant<\/p>\n<p>\u00a0<\/p>\n<p>Suplemento de \u00f4mega-3 obtido por processo de destila\u00e7\u00e3o molecular, com alto grau de pureza e rigoroso controle de metais pesados. Apresenta alta concentra\u00e7\u00e3o de EPA e DHA e na forma TG proporciona uma absor\u00e7\u00e3o otimizada. C\u00e1psulas gastrorresistentes que impedem o retrogosto.<\/p>","protected":false},"featured_media":6712,"comment_status":"open","ping_status":"closed","template":"","meta":{"_joinchat":[]},"product_cat":[248,160,199,157,164,288,198,230,280],"product_tag":[],"class_list":{"0":"post-6716","1":"product","2":"type-product","3":"status-publish","4":"has-post-thumbnail","6":"product_cat-categorias-e","7":"product_cat-essential","8":"product_cat-frete-gratis","9":"product_cat-marcas","10":"product_cat-objetivos-especificos","11":"product_cat-omega-3-vitaminas","12":"product_cat-promocoes","13":"product_cat-saude-e-bem-estar","14":"product_cat-vitaminas","16":"first","17":"instock","18":"shipping-taxable","19":"purchasable","20":"product-type-simple","21":"col-xs-6 col-sm-4","22":"col-md-3 col-lg-3","23":"un-4-cols"},"yoast_head":"<!-- This site is optimized with the Yoast SEO plugin v27.4 - https:\/\/yoast.com\/product\/yoast-seo-wordpress\/ -->\n<title>Super Omega 3 TG GASTRO-RESISTANT 1G 90CAPS Essential - Bioflex Nutrition<\/title>\n<meta name=\"robots\" content=\"index, follow, max-snippet:-1, max-image-preview:large, max-video-preview:-1\" \/>\n<link rel=\"canonical\" href=\"https:\/\/bioflexnutrition.com.br\/en\/product\/super-omega-3-tg-gastro-resistant-1g-90caps-essential\/\" \/>\n<meta property=\"og:locale\" content=\"en_US\" \/>\n<meta property=\"og:type\" content=\"article\" \/>\n<meta property=\"og:title\" content=\"Super Omega 3 TG GASTRO-RESISTANT 1G 90CAPS Essential - Bioflex Nutrition\" \/>\n<meta property=\"og:description\" content=\"Super Omega-3 TG Gastro-resistant \u00a0 Suplemento de \u00f4mega-3 obtido por processo de destila\u00e7\u00e3o molecular, com alto grau de pureza e rigoroso controle de metais pesados. Apresenta alta concentra\u00e7\u00e3o de EPA e DHA e na forma TG proporciona uma absor\u00e7\u00e3o otimizada. C\u00e1psulas gastrorresistentes que impedem o retrogosto.\" \/>\n<meta property=\"og:url\" content=\"https:\/\/bioflexnutrition.com.br\/en\/product\/super-omega-3-tg-gastro-resistant-1g-90caps-essential\/\" \/>\n<meta property=\"og:site_name\" content=\"Bioflex Nutrition\" \/>\n<meta property=\"article:modified_time\" content=\"2026-04-01T17:52:39+00:00\" \/>\n<meta property=\"og:image\" content=\"https:\/\/bioflexnutrition.com.br\/wp-content\/uploads\/2025\/06\/15350242799-super-omega3tg-gastrorresistente-90caps-pote.jpg\" \/>\n\t<meta property=\"og:image:width\" content=\"1308\" \/>\n\t<meta property=\"og:image:height\" content=\"1636\" \/>\n\t<meta property=\"og:image:type\" content=\"image\/jpeg\" \/>\n<meta name=\"twitter:card\" content=\"summary_large_image\" \/>\n<meta name=\"twitter:label1\" content=\"Est. reading time\" \/>\n\t<meta name=\"twitter:data1\" content=\"4 minutes\" \/>\n<script type=\"application\/ld+json\" class=\"yoast-schema-graph\">{\"@context\":\"https:\\\/\\\/schema.org\",\"@graph\":[{\"@type\":[\"WebPage\",\"ItemPage\"],\"@id\":\"https:\\\/\\\/bioflexnutrition.com.br\\\/produto\\\/super-omega-3-tg-gastro-resistant-1g-90caps-essential\\\/\",\"url\":\"https:\\\/\\\/bioflexnutrition.com.br\\\/produto\\\/super-omega-3-tg-gastro-resistant-1g-90caps-essential\\\/\",\"name\":\"Super Omega 3 TG GASTRO-RESISTANT 1G 90CAPS Essential - Bioflex Nutrition\",\"isPartOf\":{\"@id\":\"https:\\\/\\\/bioflexnutrition.com.br\\\/#website\"},\"primaryImageOfPage\":{\"@id\":\"https:\\\/\\\/bioflexnutrition.com.br\\\/produto\\\/super-omega-3-tg-gastro-resistant-1g-90caps-essential\\\/#primaryimage\"},\"image\":{\"@id\":\"https:\\\/\\\/bioflexnutrition.com.br\\\/produto\\\/super-omega-3-tg-gastro-resistant-1g-90caps-essential\\\/#primaryimage\"},\"thumbnailUrl\":\"https:\\\/\\\/bioflexnutrition.com.br\\\/wp-content\\\/uploads\\\/2025\\\/06\\\/15350242799-super-omega3tg-gastrorresistente-90caps-pote.jpg\",\"datePublished\":\"2025-06-06T00:11:31+00:00\",\"dateModified\":\"2026-04-01T17:52:39+00:00\",\"breadcrumb\":{\"@id\":\"https:\\\/\\\/bioflexnutrition.com.br\\\/produto\\\/super-omega-3-tg-gastro-resistant-1g-90caps-essential\\\/#breadcrumb\"},\"inLanguage\":\"en-US\",\"potentialAction\":[{\"@type\":\"ReadAction\",\"target\":[\"https:\\\/\\\/bioflexnutrition.com.br\\\/produto\\\/super-omega-3-tg-gastro-resistant-1g-90caps-essential\\\/\"]}]},{\"@type\":\"ImageObject\",\"inLanguage\":\"en-US\",\"@id\":\"https:\\\/\\\/bioflexnutrition.com.br\\\/produto\\\/super-omega-3-tg-gastro-resistant-1g-90caps-essential\\\/#primaryimage\",\"url\":\"https:\\\/\\\/bioflexnutrition.com.br\\\/wp-content\\\/uploads\\\/2025\\\/06\\\/15350242799-super-omega3tg-gastrorresistente-90caps-pote.jpg\",\"contentUrl\":\"https:\\\/\\\/bioflexnutrition.com.br\\\/wp-content\\\/uploads\\\/2025\\\/06\\\/15350242799-super-omega3tg-gastrorresistente-90caps-pote.jpg\",\"width\":1308,\"height\":1636},{\"@type\":\"BreadcrumbList\",\"@id\":\"https:\\\/\\\/bioflexnutrition.com.br\\\/produto\\\/super-omega-3-tg-gastro-resistant-1g-90caps-essential\\\/#breadcrumb\",\"itemListElement\":[{\"@type\":\"ListItem\",\"position\":1,\"name\":\"In\u00edcio\",\"item\":\"https:\\\/\\\/bioflexnutrition.com.br\\\/\"},{\"@type\":\"ListItem\",\"position\":2,\"name\":\"Loja\",\"item\":\"https:\\\/\\\/bioflexnutrition.com.br\\\/todos\\\/\"},{\"@type\":\"ListItem\",\"position\":3,\"name\":\"Super Omega 3 TG GASTRO-RESISTANT 1G 90CAPS Essential\"}]},{\"@type\":\"WebSite\",\"@id\":\"https:\\\/\\\/bioflexnutrition.com.br\\\/#website\",\"url\":\"https:\\\/\\\/bioflexnutrition.com.br\\\/\",\"name\":\"Bioflex Nutrition\",\"description\":\"Sua loja online de Nutri\u00e7\u00e3o e Sa\u00fade\",\"publisher\":{\"@id\":\"https:\\\/\\\/bioflexnutrition.com.br\\\/#organization\"},\"potentialAction\":[{\"@type\":\"SearchAction\",\"target\":{\"@type\":\"EntryPoint\",\"urlTemplate\":\"https:\\\/\\\/bioflexnutrition.com.br\\\/?s={search_term_string}\"},\"query-input\":{\"@type\":\"PropertyValueSpecification\",\"valueRequired\":true,\"valueName\":\"search_term_string\"}}],\"inLanguage\":\"en-US\"},{\"@type\":\"Organization\",\"@id\":\"https:\\\/\\\/bioflexnutrition.com.br\\\/#organization\",\"name\":\"Bioflex Nutrition\",\"url\":\"https:\\\/\\\/bioflexnutrition.com.br\\\/\",\"logo\":{\"@type\":\"ImageObject\",\"inLanguage\":\"en-US\",\"@id\":\"https:\\\/\\\/bioflexnutrition.com.br\\\/#\\\/schema\\\/logo\\\/image\\\/\",\"url\":\"https:\\\/\\\/bioflexnutrition.com.br\\\/wp-content\\\/uploads\\\/2025\\\/04\\\/fav.webp\",\"contentUrl\":\"https:\\\/\\\/bioflexnutrition.com.br\\\/wp-content\\\/uploads\\\/2025\\\/04\\\/fav.webp\",\"width\":1150,\"height\":1000,\"caption\":\"Bioflex Nutrition\"},\"image\":{\"@id\":\"https:\\\/\\\/bioflexnutrition.com.br\\\/#\\\/schema\\\/logo\\\/image\\\/\"},\"sameAs\":[\"https:\\\/\\\/www.instagram.com\\\/bioflexnh\\\/\"]}]}<\/script>\n<!-- \/ Yoast SEO plugin. -->","yoast_head_json":{"title":"Super Omega 3 TG GASTRO-RESISTANT 1G 90CAPS Essential - Bioflex Nutrition","robots":{"index":"index","follow":"follow","max-snippet":"max-snippet:-1","max-image-preview":"max-image-preview:large","max-video-preview":"max-video-preview:-1"},"canonical":"https:\/\/bioflexnutrition.com.br\/en\/product\/super-omega-3-tg-gastro-resistant-1g-90caps-essential\/","og_locale":"en_US","og_type":"article","og_title":"Super Omega 3 TG GASTRO-RESISTANT 1G 90CAPS Essential - Bioflex Nutrition","og_description":"Super Omega-3 TG Gastro-resistant \u00a0 Suplemento de \u00f4mega-3 obtido por processo de destila\u00e7\u00e3o molecular, com alto grau de pureza e rigoroso controle de metais pesados. Apresenta alta concentra\u00e7\u00e3o de EPA e DHA e na forma TG proporciona uma absor\u00e7\u00e3o otimizada. C\u00e1psulas gastrorresistentes que impedem o retrogosto.","og_url":"https:\/\/bioflexnutrition.com.br\/en\/product\/super-omega-3-tg-gastro-resistant-1g-90caps-essential\/","og_site_name":"Bioflex Nutrition","article_modified_time":"2026-04-01T17:52:39+00:00","og_image":[{"width":1308,"height":1636,"url":"https:\/\/bioflexnutrition.com.br\/wp-content\/uploads\/2025\/06\/15350242799-super-omega3tg-gastrorresistente-90caps-pote.jpg","type":"image\/jpeg"}],"twitter_card":"summary_large_image","twitter_misc":{"Est. reading time":"4 minutes"},"schema":{"@context":"https:\/\/schema.org","@graph":[{"@type":["WebPage","ItemPage"],"@id":"https:\/\/bioflexnutrition.com.br\/produto\/super-omega-3-tg-gastro-resistant-1g-90caps-essential\/","url":"https:\/\/bioflexnutrition.com.br\/produto\/super-omega-3-tg-gastro-resistant-1g-90caps-essential\/","name":"Super Omega 3 TG GASTRO-RESISTANT 1G 90CAPS Essential - Bioflex Nutrition","isPartOf":{"@id":"https:\/\/bioflexnutrition.com.br\/#website"},"primaryImageOfPage":{"@id":"https:\/\/bioflexnutrition.com.br\/produto\/super-omega-3-tg-gastro-resistant-1g-90caps-essential\/#primaryimage"},"image":{"@id":"https:\/\/bioflexnutrition.com.br\/produto\/super-omega-3-tg-gastro-resistant-1g-90caps-essential\/#primaryimage"},"thumbnailUrl":"https:\/\/bioflexnutrition.com.br\/wp-content\/uploads\/2025\/06\/15350242799-super-omega3tg-gastrorresistente-90caps-pote.jpg","datePublished":"2025-06-06T00:11:31+00:00","dateModified":"2026-04-01T17:52:39+00:00","breadcrumb":{"@id":"https:\/\/bioflexnutrition.com.br\/produto\/super-omega-3-tg-gastro-resistant-1g-90caps-essential\/#breadcrumb"},"inLanguage":"en-US","potentialAction":[{"@type":"ReadAction","target":["https:\/\/bioflexnutrition.com.br\/produto\/super-omega-3-tg-gastro-resistant-1g-90caps-essential\/"]}]},{"@type":"ImageObject","inLanguage":"en-US","@id":"https:\/\/bioflexnutrition.com.br\/produto\/super-omega-3-tg-gastro-resistant-1g-90caps-essential\/#primaryimage","url":"https:\/\/bioflexnutrition.com.br\/wp-content\/uploads\/2025\/06\/15350242799-super-omega3tg-gastrorresistente-90caps-pote.jpg","contentUrl":"https:\/\/bioflexnutrition.com.br\/wp-content\/uploads\/2025\/06\/15350242799-super-omega3tg-gastrorresistente-90caps-pote.jpg","width":1308,"height":1636},{"@type":"BreadcrumbList","@id":"https:\/\/bioflexnutrition.com.br\/produto\/super-omega-3-tg-gastro-resistant-1g-90caps-essential\/#breadcrumb","itemListElement":[{"@type":"ListItem","position":1,"name":"In\u00edcio","item":"https:\/\/bioflexnutrition.com.br\/"},{"@type":"ListItem","position":2,"name":"Loja","item":"https:\/\/bioflexnutrition.com.br\/todos\/"},{"@type":"ListItem","position":3,"name":"Super Omega 3 TG GASTRO-RESISTANT 1G 90CAPS Essential"}]},{"@type":"WebSite","@id":"https:\/\/bioflexnutrition.com.br\/#website","url":"https:\/\/bioflexnutrition.com.br\/","name":"Bioflex Nutrition","description":"Sua loja online de Nutri\u00e7\u00e3o e Sa\u00fade","publisher":{"@id":"https:\/\/bioflexnutrition.com.br\/#organization"},"potentialAction":[{"@type":"SearchAction","target":{"@type":"EntryPoint","urlTemplate":"https:\/\/bioflexnutrition.com.br\/?s={search_term_string}"},"query-input":{"@type":"PropertyValueSpecification","valueRequired":true,"valueName":"search_term_string"}}],"inLanguage":"en-US"},{"@type":"Organization","@id":"https:\/\/bioflexnutrition.com.br\/#organization","name":"Bioflex Nutrition","url":"https:\/\/bioflexnutrition.com.br\/","logo":{"@type":"ImageObject","inLanguage":"en-US","@id":"https:\/\/bioflexnutrition.com.br\/#\/schema\/logo\/image\/","url":"https:\/\/bioflexnutrition.com.br\/wp-content\/uploads\/2025\/04\/fav.webp","contentUrl":"https:\/\/bioflexnutrition.com.br\/wp-content\/uploads\/2025\/04\/fav.webp","width":1150,"height":1000,"caption":"Bioflex Nutrition"},"image":{"@id":"https:\/\/bioflexnutrition.com.br\/#\/schema\/logo\/image\/"},"sameAs":["https:\/\/www.instagram.com\/bioflexnh\/"]}]}},"_links":{"self":[{"href":"https:\/\/bioflexnutrition.com.br\/en\/wp-json\/wp\/v2\/product\/6716","targetHints":{"allow":["GET"]}}],"collection":[{"href":"https:\/\/bioflexnutrition.com.br\/en\/wp-json\/wp\/v2\/product"}],"about":[{"href":"https:\/\/bioflexnutrition.com.br\/en\/wp-json\/wp\/v2\/types\/product"}],"replies":[{"embeddable":true,"href":"https:\/\/bioflexnutrition.com.br\/en\/wp-json\/wp\/v2\/comments?post=6716"}],"wp:featuredmedia":[{"embeddable":true,"href":"https:\/\/bioflexnutrition.com.br\/en\/wp-json\/wp\/v2\/media\/6712"}],"wp:attachment":[{"href":"https:\/\/bioflexnutrition.com.br\/en\/wp-json\/wp\/v2\/media?parent=6716"}],"wp:term":[{"taxonomy":"product_cat","embeddable":true,"href":"https:\/\/bioflexnutrition.com.br\/en\/wp-json\/wp\/v2\/product_cat?post=6716"},{"taxonomy":"product_tag","embeddable":true,"href":"https:\/\/bioflexnutrition.com.br\/en\/wp-json\/wp\/v2\/product_tag?post=6716"}],"curies":[{"name":"wp","href":"https:\/\/api.w.org\/{rel}","templated":true}]}}