{"id":6720,"date":"2025-06-05T21:11:53","date_gmt":"2025-06-06T00:11:53","guid":{"rendered":"https:\/\/bioflexnutrition.com.br\/produto\/hydrolift-limao-tubo-99g-30ds-essential\/"},"modified":"2026-03-31T17:13:22","modified_gmt":"2026-03-31T20:13:22","slug":"hydrolift-limao-tubo-99g-30ds-essential","status":"publish","type":"product","link":"https:\/\/bioflexnutrition.com.br\/en\/product\/hydrolift-limao-tubo-99g-30ds-essential\/","title":{"rendered":"Hydrolift Lim\u00e3o Tubo 99g\/30Ds Essential"},"content":{"rendered":"<h2>HYDROLIFT<\/h2>\n<p>Hydrolift \u00e9 um isot\u00f4nico em p\u00f3 que rep\u00f5e de forma pr\u00e1tica e eficiente \u00e1gua, eletr\u00f3litos e oligoelementos perdidos ao longo do dia \u2013 seja devido ao calor, clima seco, pr\u00e1tica esportiva ou desidrata\u00e7\u00e3o leve.<\/p>\n<h2>CONT\u00c9M<\/h2>\n<ul>\n<li>10 microelementos biodispon\u00edveis: s\u00f3dio, pot\u00e1ssio, magn\u00e9sio, cloreto, c\u00e1lcio, zinco, sel\u00eanio, cromo, mangan\u00eas e molibd\u00eanio<\/li>\n<li>Vitamina C<\/li>\n<li>Ado\u00e7ante natural: est\u00e9via<\/li>\n<li>Sabor Lim\u00e3o-siciliano (tamb\u00e9m dispon\u00edvel em Neutro e Tangerina)<\/li>\n<\/ul>\n<h2>INFORMA\u00c7\u00c3O NUTRICIONAL<\/h2>\n<p>Confira sempre a lista de ingredientes em ordem decrescente. Produtos Essential s\u00e3o livres de calorias vazias e feitos com ingredientes naturais.<\/p>\n<h2>TABELA NUTRICIONAL<\/h2>\n<table>\n<thead>\n<tr>\n<th>Por\u00e7\u00f5es por embalagem<\/th>\n<td>30<\/td>\n<\/tr>\n<tr>\n<th>Por\u00e7\u00e3o<\/th>\n<td>3,3\u202fg (1 stick)<\/td>\n<\/tr>\n<tr>\n<th>Por\u00e7\u00e3o no alimento pronto<\/th>\n<td>100\u202fml<\/td>\n<\/tr>\n<\/thead>\n<tbody>\n<tr>\n<th>Valor energ\u00e9tico<\/th>\n<td>0\u202fkcal<\/td>\n<td>0%<\/td>\n<\/tr>\n<tr>\n<th>Carboidratos<\/th>\n<td>0\u202fg<\/td>\n<td>0%<\/td>\n<\/tr>\n<tr>\n<th>A\u00e7\u00facares totais<\/th>\n<td>0\u202fg<\/td>\n<td>\u2014<\/td>\n<\/tr>\n<tr>\n<th>S\u00f3dio<\/th>\n<td>46\u202fmg<\/td>\n<td>12%<\/td>\n<\/tr>\n<tr>\n<th>Vitamina C<\/th>\n<td>9\u202fmg<\/td>\n<td>45%<\/td>\n<\/tr>\n<tr>\n<th>C\u00e1lcio<\/th>\n<td>10\u202fmg<\/td>\n<td>5%<\/td>\n<\/tr>\n<tr>\n<th>Cloreto<\/th>\n<td>55\u202fmg<\/td>\n<td>12%<\/td>\n<\/tr>\n<tr>\n<th>Cromo<\/th>\n<td>0,7\u202f\u00b5g<\/td>\n<td>10%<\/td>\n<\/tr>\n<tr>\n<th>Magn\u00e9sio<\/th>\n<td>8\u202fmg<\/td>\n<td>10%<\/td>\n<\/tr>\n<tr>\n<th>Mangan\u00eas<\/th>\n<td>0,05\u202fmg<\/td>\n<td>8%<\/td>\n<\/tr>\n<tr>\n<th>Molibd\u00eanio<\/th>\n<td>0,9\u202f\u00b5g<\/td>\n<td>10%<\/td>\n<\/tr>\n<tr>\n<th>Pot\u00e1ssio<\/th>\n<td>33\u202fmg<\/td>\n<td>5%<\/td>\n<\/tr>\n<tr>\n<th>Sel\u00eanio<\/th>\n<td>0,68\u202f\u00b5g<\/td>\n<td>6%<\/td>\n<\/tr>\n<tr>\n<th>Zinco<\/th>\n<td>0,28\u202fmg<\/td>\n<td>13%<\/td>\n<\/tr>\n<\/tbody>\n<\/table>\n<p>*% Valores di\u00e1rios por por\u00e7\u00e3o. **No alimento pronto para consumo.<\/p>\n<h2>INGREDIENTES<\/h2>\n<p>Citrato de s\u00f3dio, cloreto de pot\u00e1ssio, cloreto de s\u00f3dio, citrato de magn\u00e9sio, citrato de c\u00e1lcio, fosfato monob\u00e1sico de pot\u00e1ssio, ascorbato de c\u00e1lcio, ascorbato de magn\u00e9sio, bisglicinato de zinco, bisglicinato de mangan\u00eas, L\u2011selenometionina, picolinato de cromo, molibdato de s\u00f3dio, \u00e1cido c\u00edtrico, aromas natural e id\u00eantico ao natural, corante clorofilina, di\u00f3xido de sil\u00edcio, edulcorante est\u00e9via.<\/p>\n<p><strong>N\u00e3o cont\u00e9m<\/strong> gl\u00faten.<br \/><strong>Al\u00e9rgicos:<\/strong> pode conter derivados de leite*.<\/p>\n<h2>MODO DE PREPARO<\/h2>\n<p>Adicione 3,3\u202fg (1 stick) em cerca de 500\u202fml de \u00e1gua gelada e misture at\u00e9 a completa homogeneiza\u00e7\u00e3o. Consumir imediatamente ap\u00f3s o preparo.<\/p>","protected":false},"excerpt":{"rendered":"<p>Hydrolift Lim\u00e3o-siciliano Vegan<\/p>\n<p>F\u00f3rmula que rep\u00f5e, de forma pr\u00e1tica e eficiente, microelementos que s\u00e3o, assim como a \u00e1gua, eliminados durante atividades fisicas ou naturalmente ao longo do dia.<\/p>","protected":false},"featured_media":7310,"comment_status":"open","ping_status":"closed","template":"","meta":{"_joinchat":[]},"product_cat":[165,248,283,160,157,164,280],"product_tag":[],"class_list":{"0":"post-6720","1":"product","2":"type-product","3":"status-publish","4":"has-post-thumbnail","6":"product_cat-alta-performance","7":"product_cat-categorias-e","8":"product_cat-eletrolitos-vitaminas","9":"product_cat-essential","10":"product_cat-marcas","11":"product_cat-objetivos-especificos","12":"product_cat-vitaminas","14":"first","15":"instock","16":"shipping-taxable","17":"purchasable","18":"product-type-simple","19":"col-xs-6 col-sm-4","20":"col-md-3 col-lg-3","21":"un-4-cols"},"yoast_head":"<!-- This site is optimized with the Yoast SEO plugin v27.3 - https:\/\/yoast.com\/product\/yoast-seo-wordpress\/ -->\n<title>Hydrolift Lim\u00e3o Tubo 99g\/30Ds Essential - Bioflex Nutrition<\/title>\n<meta name=\"robots\" content=\"index, follow, max-snippet:-1, max-image-preview:large, max-video-preview:-1\" \/>\n<link rel=\"canonical\" href=\"https:\/\/bioflexnutrition.com.br\/en\/product\/hydrolift-limao-tubo-99g-30ds-essential\/\" \/>\n<meta property=\"og:locale\" content=\"en_US\" \/>\n<meta property=\"og:type\" content=\"article\" \/>\n<meta property=\"og:title\" content=\"Hydrolift Lim\u00e3o Tubo 99g\/30Ds Essential - Bioflex Nutrition\" \/>\n<meta property=\"og:description\" content=\"Hydrolift Lim\u00e3o-siciliano Vegan F\u00f3rmula que rep\u00f5e, de forma pr\u00e1tica e eficiente, microelementos que s\u00e3o, assim como a \u00e1gua, eliminados durante atividades fisicas ou naturalmente ao longo do dia.\" \/>\n<meta property=\"og:url\" content=\"https:\/\/bioflexnutrition.com.br\/en\/product\/hydrolift-limao-tubo-99g-30ds-essential\/\" \/>\n<meta property=\"og:site_name\" content=\"Bioflex Nutrition\" \/>\n<meta property=\"article:modified_time\" content=\"2026-03-31T20:13:22+00:00\" \/>\n<meta property=\"og:image\" content=\"https:\/\/bioflexnutrition.com.br\/wp-content\/uploads\/2025\/06\/produtos-essential4.webp\" \/>\n\t<meta property=\"og:image:width\" content=\"1000\" \/>\n\t<meta property=\"og:image:height\" content=\"1000\" \/>\n\t<meta property=\"og:image:type\" content=\"image\/webp\" \/>\n<meta name=\"twitter:card\" content=\"summary_large_image\" \/>\n<meta name=\"twitter:label1\" content=\"Est. reading time\" \/>\n\t<meta name=\"twitter:data1\" content=\"2 minutes\" \/>\n<script type=\"application\/ld+json\" class=\"yoast-schema-graph\">{\"@context\":\"https:\\\/\\\/schema.org\",\"@graph\":[{\"@type\":[\"WebPage\",\"ItemPage\"],\"@id\":\"https:\\\/\\\/bioflexnutrition.com.br\\\/produto\\\/hydrolift-limao-tubo-99g-30ds-essential\\\/\",\"url\":\"https:\\\/\\\/bioflexnutrition.com.br\\\/produto\\\/hydrolift-limao-tubo-99g-30ds-essential\\\/\",\"name\":\"Hydrolift Lim\u00e3o Tubo 99g\\\/30Ds Essential - Bioflex Nutrition\",\"isPartOf\":{\"@id\":\"https:\\\/\\\/bioflexnutrition.com.br\\\/#website\"},\"primaryImageOfPage\":{\"@id\":\"https:\\\/\\\/bioflexnutrition.com.br\\\/produto\\\/hydrolift-limao-tubo-99g-30ds-essential\\\/#primaryimage\"},\"image\":{\"@id\":\"https:\\\/\\\/bioflexnutrition.com.br\\\/produto\\\/hydrolift-limao-tubo-99g-30ds-essential\\\/#primaryimage\"},\"thumbnailUrl\":\"https:\\\/\\\/bioflexnutrition.com.br\\\/wp-content\\\/uploads\\\/2025\\\/06\\\/produtos-essential4.webp\",\"datePublished\":\"2025-06-06T00:11:53+00:00\",\"dateModified\":\"2026-03-31T20:13:22+00:00\",\"breadcrumb\":{\"@id\":\"https:\\\/\\\/bioflexnutrition.com.br\\\/produto\\\/hydrolift-limao-tubo-99g-30ds-essential\\\/#breadcrumb\"},\"inLanguage\":\"en-US\",\"potentialAction\":[{\"@type\":\"ReadAction\",\"target\":[\"https:\\\/\\\/bioflexnutrition.com.br\\\/produto\\\/hydrolift-limao-tubo-99g-30ds-essential\\\/\"]}]},{\"@type\":\"ImageObject\",\"inLanguage\":\"en-US\",\"@id\":\"https:\\\/\\\/bioflexnutrition.com.br\\\/produto\\\/hydrolift-limao-tubo-99g-30ds-essential\\\/#primaryimage\",\"url\":\"https:\\\/\\\/bioflexnutrition.com.br\\\/wp-content\\\/uploads\\\/2025\\\/06\\\/produtos-essential4.webp\",\"contentUrl\":\"https:\\\/\\\/bioflexnutrition.com.br\\\/wp-content\\\/uploads\\\/2025\\\/06\\\/produtos-essential4.webp\",\"width\":1000,\"height\":1000},{\"@type\":\"BreadcrumbList\",\"@id\":\"https:\\\/\\\/bioflexnutrition.com.br\\\/produto\\\/hydrolift-limao-tubo-99g-30ds-essential\\\/#breadcrumb\",\"itemListElement\":[{\"@type\":\"ListItem\",\"position\":1,\"name\":\"In\u00edcio\",\"item\":\"https:\\\/\\\/bioflexnutrition.com.br\\\/\"},{\"@type\":\"ListItem\",\"position\":2,\"name\":\"Loja\",\"item\":\"https:\\\/\\\/bioflexnutrition.com.br\\\/todos\\\/\"},{\"@type\":\"ListItem\",\"position\":3,\"name\":\"Hydrolift Lim\u00e3o Tubo 99g\\\/30Ds Essential\"}]},{\"@type\":\"WebSite\",\"@id\":\"https:\\\/\\\/bioflexnutrition.com.br\\\/#website\",\"url\":\"https:\\\/\\\/bioflexnutrition.com.br\\\/\",\"name\":\"Bioflex Nutrition\",\"description\":\"Sua loja online de Nutri\u00e7\u00e3o e Sa\u00fade\",\"publisher\":{\"@id\":\"https:\\\/\\\/bioflexnutrition.com.br\\\/#organization\"},\"potentialAction\":[{\"@type\":\"SearchAction\",\"target\":{\"@type\":\"EntryPoint\",\"urlTemplate\":\"https:\\\/\\\/bioflexnutrition.com.br\\\/?s={search_term_string}\"},\"query-input\":{\"@type\":\"PropertyValueSpecification\",\"valueRequired\":true,\"valueName\":\"search_term_string\"}}],\"inLanguage\":\"en-US\"},{\"@type\":\"Organization\",\"@id\":\"https:\\\/\\\/bioflexnutrition.com.br\\\/#organization\",\"name\":\"Bioflex Nutrition\",\"url\":\"https:\\\/\\\/bioflexnutrition.com.br\\\/\",\"logo\":{\"@type\":\"ImageObject\",\"inLanguage\":\"en-US\",\"@id\":\"https:\\\/\\\/bioflexnutrition.com.br\\\/#\\\/schema\\\/logo\\\/image\\\/\",\"url\":\"https:\\\/\\\/bioflexnutrition.com.br\\\/wp-content\\\/uploads\\\/2025\\\/04\\\/fav.webp\",\"contentUrl\":\"https:\\\/\\\/bioflexnutrition.com.br\\\/wp-content\\\/uploads\\\/2025\\\/04\\\/fav.webp\",\"width\":1150,\"height\":1000,\"caption\":\"Bioflex Nutrition\"},\"image\":{\"@id\":\"https:\\\/\\\/bioflexnutrition.com.br\\\/#\\\/schema\\\/logo\\\/image\\\/\"},\"sameAs\":[\"https:\\\/\\\/www.instagram.com\\\/bioflexnh\\\/\"]}]}<\/script>\n<!-- \/ Yoast SEO plugin. -->","yoast_head_json":{"title":"Hydrolift Lim\u00e3o Tubo 99g\/30Ds Essential - Bioflex Nutrition","robots":{"index":"index","follow":"follow","max-snippet":"max-snippet:-1","max-image-preview":"max-image-preview:large","max-video-preview":"max-video-preview:-1"},"canonical":"https:\/\/bioflexnutrition.com.br\/en\/product\/hydrolift-limao-tubo-99g-30ds-essential\/","og_locale":"en_US","og_type":"article","og_title":"Hydrolift Lim\u00e3o Tubo 99g\/30Ds Essential - Bioflex Nutrition","og_description":"Hydrolift Lim\u00e3o-siciliano Vegan F\u00f3rmula que rep\u00f5e, de forma pr\u00e1tica e eficiente, microelementos que s\u00e3o, assim como a \u00e1gua, eliminados durante atividades fisicas ou naturalmente ao longo do dia.","og_url":"https:\/\/bioflexnutrition.com.br\/en\/product\/hydrolift-limao-tubo-99g-30ds-essential\/","og_site_name":"Bioflex Nutrition","article_modified_time":"2026-03-31T20:13:22+00:00","og_image":[{"width":1000,"height":1000,"url":"https:\/\/bioflexnutrition.com.br\/wp-content\/uploads\/2025\/06\/produtos-essential4.webp","type":"image\/webp"}],"twitter_card":"summary_large_image","twitter_misc":{"Est. reading time":"2 minutes"},"schema":{"@context":"https:\/\/schema.org","@graph":[{"@type":["WebPage","ItemPage"],"@id":"https:\/\/bioflexnutrition.com.br\/produto\/hydrolift-limao-tubo-99g-30ds-essential\/","url":"https:\/\/bioflexnutrition.com.br\/produto\/hydrolift-limao-tubo-99g-30ds-essential\/","name":"Hydrolift Lim\u00e3o Tubo 99g\/30Ds Essential - Bioflex Nutrition","isPartOf":{"@id":"https:\/\/bioflexnutrition.com.br\/#website"},"primaryImageOfPage":{"@id":"https:\/\/bioflexnutrition.com.br\/produto\/hydrolift-limao-tubo-99g-30ds-essential\/#primaryimage"},"image":{"@id":"https:\/\/bioflexnutrition.com.br\/produto\/hydrolift-limao-tubo-99g-30ds-essential\/#primaryimage"},"thumbnailUrl":"https:\/\/bioflexnutrition.com.br\/wp-content\/uploads\/2025\/06\/produtos-essential4.webp","datePublished":"2025-06-06T00:11:53+00:00","dateModified":"2026-03-31T20:13:22+00:00","breadcrumb":{"@id":"https:\/\/bioflexnutrition.com.br\/produto\/hydrolift-limao-tubo-99g-30ds-essential\/#breadcrumb"},"inLanguage":"en-US","potentialAction":[{"@type":"ReadAction","target":["https:\/\/bioflexnutrition.com.br\/produto\/hydrolift-limao-tubo-99g-30ds-essential\/"]}]},{"@type":"ImageObject","inLanguage":"en-US","@id":"https:\/\/bioflexnutrition.com.br\/produto\/hydrolift-limao-tubo-99g-30ds-essential\/#primaryimage","url":"https:\/\/bioflexnutrition.com.br\/wp-content\/uploads\/2025\/06\/produtos-essential4.webp","contentUrl":"https:\/\/bioflexnutrition.com.br\/wp-content\/uploads\/2025\/06\/produtos-essential4.webp","width":1000,"height":1000},{"@type":"BreadcrumbList","@id":"https:\/\/bioflexnutrition.com.br\/produto\/hydrolift-limao-tubo-99g-30ds-essential\/#breadcrumb","itemListElement":[{"@type":"ListItem","position":1,"name":"In\u00edcio","item":"https:\/\/bioflexnutrition.com.br\/"},{"@type":"ListItem","position":2,"name":"Loja","item":"https:\/\/bioflexnutrition.com.br\/todos\/"},{"@type":"ListItem","position":3,"name":"Hydrolift Lim\u00e3o Tubo 99g\/30Ds Essential"}]},{"@type":"WebSite","@id":"https:\/\/bioflexnutrition.com.br\/#website","url":"https:\/\/bioflexnutrition.com.br\/","name":"Bioflex Nutrition","description":"Sua loja online de Nutri\u00e7\u00e3o e Sa\u00fade","publisher":{"@id":"https:\/\/bioflexnutrition.com.br\/#organization"},"potentialAction":[{"@type":"SearchAction","target":{"@type":"EntryPoint","urlTemplate":"https:\/\/bioflexnutrition.com.br\/?s={search_term_string}"},"query-input":{"@type":"PropertyValueSpecification","valueRequired":true,"valueName":"search_term_string"}}],"inLanguage":"en-US"},{"@type":"Organization","@id":"https:\/\/bioflexnutrition.com.br\/#organization","name":"Bioflex Nutrition","url":"https:\/\/bioflexnutrition.com.br\/","logo":{"@type":"ImageObject","inLanguage":"en-US","@id":"https:\/\/bioflexnutrition.com.br\/#\/schema\/logo\/image\/","url":"https:\/\/bioflexnutrition.com.br\/wp-content\/uploads\/2025\/04\/fav.webp","contentUrl":"https:\/\/bioflexnutrition.com.br\/wp-content\/uploads\/2025\/04\/fav.webp","width":1150,"height":1000,"caption":"Bioflex Nutrition"},"image":{"@id":"https:\/\/bioflexnutrition.com.br\/#\/schema\/logo\/image\/"},"sameAs":["https:\/\/www.instagram.com\/bioflexnh\/"]}]}},"_links":{"self":[{"href":"https:\/\/bioflexnutrition.com.br\/en\/wp-json\/wp\/v2\/product\/6720","targetHints":{"allow":["GET"]}}],"collection":[{"href":"https:\/\/bioflexnutrition.com.br\/en\/wp-json\/wp\/v2\/product"}],"about":[{"href":"https:\/\/bioflexnutrition.com.br\/en\/wp-json\/wp\/v2\/types\/product"}],"replies":[{"embeddable":true,"href":"https:\/\/bioflexnutrition.com.br\/en\/wp-json\/wp\/v2\/comments?post=6720"}],"wp:featuredmedia":[{"embeddable":true,"href":"https:\/\/bioflexnutrition.com.br\/en\/wp-json\/wp\/v2\/media\/7310"}],"wp:attachment":[{"href":"https:\/\/bioflexnutrition.com.br\/en\/wp-json\/wp\/v2\/media?parent=6720"}],"wp:term":[{"taxonomy":"product_cat","embeddable":true,"href":"https:\/\/bioflexnutrition.com.br\/en\/wp-json\/wp\/v2\/product_cat?post=6720"},{"taxonomy":"product_tag","embeddable":true,"href":"https:\/\/bioflexnutrition.com.br\/en\/wp-json\/wp\/v2\/product_tag?post=6720"}],"curies":[{"name":"wp","href":"https:\/\/api.w.org\/{rel}","templated":true}]}}