{"id":6729,"date":"2025-06-05T21:12:39","date_gmt":"2025-06-06T00:12:39","guid":{"rendered":"https:\/\/bioflexnutrition.com.br\/produto\/happy-theanine-pote-60-caps-essential\/"},"modified":"2026-03-31T16:50:26","modified_gmt":"2026-03-31T19:50:26","slug":"happy-theanine-pote-60-caps-essential","status":"publish","type":"product","link":"https:\/\/bioflexnutrition.com.br\/en\/product\/happy-theanine-pote-60-caps-essential\/","title":{"rendered":"Happy Theanine Pote 60 Caps Essential"},"content":{"rendered":"<h2>HAPPY THEANINE<\/h2>\n<p>Em um mundo acelerado e gerador de estresse, \u00e9 vital buscar equil\u00edbrio. Happy Theanine combina 250\u202fmg de L\u2011teanina pura (Camellia sinensis) em c\u00e1psula vegana, promovendo relaxamento sem sonol\u00eancia e apoio ao foco.<\/p>\n<h2>CONT\u00c9M<\/h2>\n<ul>\n<li>250\u202fmg de L\u2011teanina pura (Camellia sinensis)<\/li>\n<li>Anti\u2011umectantes: celulose microcristalina, estearato de magn\u00e9sio e di\u00f3xido de sil\u00edcio<\/li>\n<li>C\u00e1psula vegetal: hidroxipropilmetilcelulose, carragena, di\u00f3xido de tit\u00e2nio<\/li>\n<\/ul>\n<h2>N\u00c3O CONT\u00c9M<\/h2>\n<ul>\n<li>Gl\u00faten<\/li>\n<\/ul>\n<h2>INFORMA\u00c7\u00c3O NUTRICIONAL<\/h2>\n<p>Confira sempre a lista de ingredientes em ordem decrescente. Produtos Essential s\u00e3o livres de calorias vazias e feitos com ingredientes naturais.<\/p>\n<h2>TABELA NUTRICIONAL<\/h2>\n<table>\n<thead>\n<tr>\n<th>Por\u00e7\u00f5es por embalagem<\/th>\n<td>60 c\u00e1psulas<\/td>\n<\/tr>\n<tr>\n<th>Por\u00e7\u00e3o<\/th>\n<td>0,5\u202fg (1 c\u00e1psula)<\/td>\n<\/tr>\n<\/thead>\n<tbody>\n<tr>\n<th>L\u2011teanina<\/th>\n<td>250\u202fmg<\/td>\n<\/tr>\n<\/tbody>\n<\/table>\n<p>*N\u00e3o cont\u00e9m quantidades significativas de valor energ\u00e9tico, carboidratos, prote\u00ednas, gorduras, fibras ou s\u00f3dio.<\/p>\n<h2>MODO DE USO<\/h2>\n<p>Ingerir 1 c\u00e1psula ao dia, ou conforme orienta\u00e7\u00e3o de m\u00e9dico ou nutricionista.<\/p>\n<p>Conservar em local fresco, seco e ao abrigo da luz. Ap\u00f3s aberto, consumir em at\u00e9 90\u202fdias. Recomendado para adultos (\u2265\u202f19\u202fanos). N\u00e3o indicado para gestantes, lactantes e crian\u00e7as.<\/p>","protected":false},"excerpt":{"rendered":"<p>Happy Theanine Vegan<\/p>\n<p>Produto formulado com L-teanina pura e concentrada \u2014 uma poderosa subst\u00e2ncia bioativa encontrada naturalmente nas folhas de Camellia sinensis. Enquanto o ch\u00e1 verde e o match\u00e1, que s\u00e3o obtidos a partir dessa mesma planta, cont\u00eam cerca de 30mg de L-teanina por x\u00edcara, uma c\u00e1psula de Happy Theanine fornece 250mg com elevado grau de pureza.<\/p>","protected":false},"featured_media":6725,"comment_status":"open","ping_status":"closed","template":"","meta":{"_joinchat":[]},"product_cat":[254,248,282,160,157,164,230,280],"product_tag":[],"class_list":{"0":"post-6729","1":"product","2":"type-product","3":"status-publish","4":"has-post-thumbnail","6":"product_cat-aminoacidos-categorias-ecommerce","7":"product_cat-categorias-e","8":"product_cat-cognitivo-mental-vitaminas","9":"product_cat-essential","10":"product_cat-marcas","11":"product_cat-objetivos-especificos","12":"product_cat-saude-e-bem-estar","13":"product_cat-vitaminas","15":"first","16":"instock","17":"shipping-taxable","18":"purchasable","19":"product-type-simple","20":"col-xs-6 col-sm-4","21":"col-md-3 col-lg-3","22":"un-4-cols"},"yoast_head":"<!-- This site is optimized with the Yoast SEO plugin v27.3 - https:\/\/yoast.com\/product\/yoast-seo-wordpress\/ -->\n<title>Happy Theanine Pote 60 Caps Essential - Bioflex Nutrition<\/title>\n<meta name=\"robots\" content=\"index, follow, max-snippet:-1, max-image-preview:large, max-video-preview:-1\" \/>\n<link rel=\"canonical\" href=\"https:\/\/bioflexnutrition.com.br\/en\/product\/happy-theanine-pote-60-caps-essential\/\" \/>\n<meta property=\"og:locale\" content=\"en_US\" \/>\n<meta property=\"og:type\" content=\"article\" \/>\n<meta property=\"og:title\" content=\"Happy Theanine Pote 60 Caps Essential - Bioflex Nutrition\" \/>\n<meta property=\"og:description\" content=\"Happy Theanine Vegan Produto formulado com L-teanina pura e concentrada \u2014 uma poderosa subst\u00e2ncia bioativa encontrada naturalmente nas folhas de Camellia sinensis. Enquanto o ch\u00e1 verde e o match\u00e1, que s\u00e3o obtidos a partir dessa mesma planta, cont\u00eam cerca de 30mg de L-teanina por x\u00edcara, uma c\u00e1psula de Happy Theanine fornece 250mg com elevado grau de pureza.\" \/>\n<meta property=\"og:url\" content=\"https:\/\/bioflexnutrition.com.br\/en\/product\/happy-theanine-pote-60-caps-essential\/\" \/>\n<meta property=\"og:site_name\" content=\"Bioflex Nutrition\" \/>\n<meta property=\"article:modified_time\" content=\"2026-03-31T19:50:26+00:00\" \/>\n<meta property=\"og:image\" content=\"https:\/\/bioflexnutrition.com.br\/wp-content\/uploads\/2025\/06\/15335538054-happy-theanine-2.png\" \/>\n\t<meta property=\"og:image:width\" content=\"1500\" \/>\n\t<meta property=\"og:image:height\" content=\"1500\" \/>\n\t<meta property=\"og:image:type\" content=\"image\/png\" \/>\n<meta name=\"twitter:card\" content=\"summary_large_image\" \/>\n<meta name=\"twitter:label1\" content=\"Est. reading time\" \/>\n\t<meta name=\"twitter:data1\" content=\"2 minutes\" \/>\n<script type=\"application\/ld+json\" class=\"yoast-schema-graph\">{\"@context\":\"https:\\\/\\\/schema.org\",\"@graph\":[{\"@type\":[\"WebPage\",\"ItemPage\"],\"@id\":\"https:\\\/\\\/bioflexnutrition.com.br\\\/produto\\\/happy-theanine-pote-60-caps-essential\\\/\",\"url\":\"https:\\\/\\\/bioflexnutrition.com.br\\\/produto\\\/happy-theanine-pote-60-caps-essential\\\/\",\"name\":\"Happy Theanine Pote 60 Caps Essential - Bioflex Nutrition\",\"isPartOf\":{\"@id\":\"https:\\\/\\\/bioflexnutrition.com.br\\\/#website\"},\"primaryImageOfPage\":{\"@id\":\"https:\\\/\\\/bioflexnutrition.com.br\\\/produto\\\/happy-theanine-pote-60-caps-essential\\\/#primaryimage\"},\"image\":{\"@id\":\"https:\\\/\\\/bioflexnutrition.com.br\\\/produto\\\/happy-theanine-pote-60-caps-essential\\\/#primaryimage\"},\"thumbnailUrl\":\"https:\\\/\\\/bioflexnutrition.com.br\\\/wp-content\\\/uploads\\\/2025\\\/06\\\/15335538054-happy-theanine-2.png\",\"datePublished\":\"2025-06-06T00:12:39+00:00\",\"dateModified\":\"2026-03-31T19:50:26+00:00\",\"breadcrumb\":{\"@id\":\"https:\\\/\\\/bioflexnutrition.com.br\\\/produto\\\/happy-theanine-pote-60-caps-essential\\\/#breadcrumb\"},\"inLanguage\":\"en-US\",\"potentialAction\":[{\"@type\":\"ReadAction\",\"target\":[\"https:\\\/\\\/bioflexnutrition.com.br\\\/produto\\\/happy-theanine-pote-60-caps-essential\\\/\"]}]},{\"@type\":\"ImageObject\",\"inLanguage\":\"en-US\",\"@id\":\"https:\\\/\\\/bioflexnutrition.com.br\\\/produto\\\/happy-theanine-pote-60-caps-essential\\\/#primaryimage\",\"url\":\"https:\\\/\\\/bioflexnutrition.com.br\\\/wp-content\\\/uploads\\\/2025\\\/06\\\/15335538054-happy-theanine-2.png\",\"contentUrl\":\"https:\\\/\\\/bioflexnutrition.com.br\\\/wp-content\\\/uploads\\\/2025\\\/06\\\/15335538054-happy-theanine-2.png\",\"width\":1500,\"height\":1500},{\"@type\":\"BreadcrumbList\",\"@id\":\"https:\\\/\\\/bioflexnutrition.com.br\\\/produto\\\/happy-theanine-pote-60-caps-essential\\\/#breadcrumb\",\"itemListElement\":[{\"@type\":\"ListItem\",\"position\":1,\"name\":\"In\u00edcio\",\"item\":\"https:\\\/\\\/bioflexnutrition.com.br\\\/\"},{\"@type\":\"ListItem\",\"position\":2,\"name\":\"Loja\",\"item\":\"https:\\\/\\\/bioflexnutrition.com.br\\\/todos\\\/\"},{\"@type\":\"ListItem\",\"position\":3,\"name\":\"Happy Theanine Pote 60 Caps Essential\"}]},{\"@type\":\"WebSite\",\"@id\":\"https:\\\/\\\/bioflexnutrition.com.br\\\/#website\",\"url\":\"https:\\\/\\\/bioflexnutrition.com.br\\\/\",\"name\":\"Bioflex Nutrition\",\"description\":\"Sua loja online de Nutri\u00e7\u00e3o e Sa\u00fade\",\"publisher\":{\"@id\":\"https:\\\/\\\/bioflexnutrition.com.br\\\/#organization\"},\"potentialAction\":[{\"@type\":\"SearchAction\",\"target\":{\"@type\":\"EntryPoint\",\"urlTemplate\":\"https:\\\/\\\/bioflexnutrition.com.br\\\/?s={search_term_string}\"},\"query-input\":{\"@type\":\"PropertyValueSpecification\",\"valueRequired\":true,\"valueName\":\"search_term_string\"}}],\"inLanguage\":\"en-US\"},{\"@type\":\"Organization\",\"@id\":\"https:\\\/\\\/bioflexnutrition.com.br\\\/#organization\",\"name\":\"Bioflex Nutrition\",\"url\":\"https:\\\/\\\/bioflexnutrition.com.br\\\/\",\"logo\":{\"@type\":\"ImageObject\",\"inLanguage\":\"en-US\",\"@id\":\"https:\\\/\\\/bioflexnutrition.com.br\\\/#\\\/schema\\\/logo\\\/image\\\/\",\"url\":\"https:\\\/\\\/bioflexnutrition.com.br\\\/wp-content\\\/uploads\\\/2025\\\/04\\\/fav.webp\",\"contentUrl\":\"https:\\\/\\\/bioflexnutrition.com.br\\\/wp-content\\\/uploads\\\/2025\\\/04\\\/fav.webp\",\"width\":1150,\"height\":1000,\"caption\":\"Bioflex Nutrition\"},\"image\":{\"@id\":\"https:\\\/\\\/bioflexnutrition.com.br\\\/#\\\/schema\\\/logo\\\/image\\\/\"},\"sameAs\":[\"https:\\\/\\\/www.instagram.com\\\/bioflexnh\\\/\"]}]}<\/script>\n<!-- \/ Yoast SEO plugin. -->","yoast_head_json":{"title":"Happy Theanine Pote 60 Caps Essential - Bioflex Nutrition","robots":{"index":"index","follow":"follow","max-snippet":"max-snippet:-1","max-image-preview":"max-image-preview:large","max-video-preview":"max-video-preview:-1"},"canonical":"https:\/\/bioflexnutrition.com.br\/en\/product\/happy-theanine-pote-60-caps-essential\/","og_locale":"en_US","og_type":"article","og_title":"Happy Theanine Pote 60 Caps Essential - Bioflex Nutrition","og_description":"Happy Theanine Vegan Produto formulado com L-teanina pura e concentrada \u2014 uma poderosa subst\u00e2ncia bioativa encontrada naturalmente nas folhas de Camellia sinensis. Enquanto o ch\u00e1 verde e o match\u00e1, que s\u00e3o obtidos a partir dessa mesma planta, cont\u00eam cerca de 30mg de L-teanina por x\u00edcara, uma c\u00e1psula de Happy Theanine fornece 250mg com elevado grau de pureza.","og_url":"https:\/\/bioflexnutrition.com.br\/en\/product\/happy-theanine-pote-60-caps-essential\/","og_site_name":"Bioflex Nutrition","article_modified_time":"2026-03-31T19:50:26+00:00","og_image":[{"width":1500,"height":1500,"url":"https:\/\/bioflexnutrition.com.br\/wp-content\/uploads\/2025\/06\/15335538054-happy-theanine-2.png","type":"image\/png"}],"twitter_card":"summary_large_image","twitter_misc":{"Est. reading time":"2 minutes"},"schema":{"@context":"https:\/\/schema.org","@graph":[{"@type":["WebPage","ItemPage"],"@id":"https:\/\/bioflexnutrition.com.br\/produto\/happy-theanine-pote-60-caps-essential\/","url":"https:\/\/bioflexnutrition.com.br\/produto\/happy-theanine-pote-60-caps-essential\/","name":"Happy Theanine Pote 60 Caps Essential - Bioflex Nutrition","isPartOf":{"@id":"https:\/\/bioflexnutrition.com.br\/#website"},"primaryImageOfPage":{"@id":"https:\/\/bioflexnutrition.com.br\/produto\/happy-theanine-pote-60-caps-essential\/#primaryimage"},"image":{"@id":"https:\/\/bioflexnutrition.com.br\/produto\/happy-theanine-pote-60-caps-essential\/#primaryimage"},"thumbnailUrl":"https:\/\/bioflexnutrition.com.br\/wp-content\/uploads\/2025\/06\/15335538054-happy-theanine-2.png","datePublished":"2025-06-06T00:12:39+00:00","dateModified":"2026-03-31T19:50:26+00:00","breadcrumb":{"@id":"https:\/\/bioflexnutrition.com.br\/produto\/happy-theanine-pote-60-caps-essential\/#breadcrumb"},"inLanguage":"en-US","potentialAction":[{"@type":"ReadAction","target":["https:\/\/bioflexnutrition.com.br\/produto\/happy-theanine-pote-60-caps-essential\/"]}]},{"@type":"ImageObject","inLanguage":"en-US","@id":"https:\/\/bioflexnutrition.com.br\/produto\/happy-theanine-pote-60-caps-essential\/#primaryimage","url":"https:\/\/bioflexnutrition.com.br\/wp-content\/uploads\/2025\/06\/15335538054-happy-theanine-2.png","contentUrl":"https:\/\/bioflexnutrition.com.br\/wp-content\/uploads\/2025\/06\/15335538054-happy-theanine-2.png","width":1500,"height":1500},{"@type":"BreadcrumbList","@id":"https:\/\/bioflexnutrition.com.br\/produto\/happy-theanine-pote-60-caps-essential\/#breadcrumb","itemListElement":[{"@type":"ListItem","position":1,"name":"In\u00edcio","item":"https:\/\/bioflexnutrition.com.br\/"},{"@type":"ListItem","position":2,"name":"Loja","item":"https:\/\/bioflexnutrition.com.br\/todos\/"},{"@type":"ListItem","position":3,"name":"Happy Theanine Pote 60 Caps Essential"}]},{"@type":"WebSite","@id":"https:\/\/bioflexnutrition.com.br\/#website","url":"https:\/\/bioflexnutrition.com.br\/","name":"Bioflex Nutrition","description":"Sua loja online de Nutri\u00e7\u00e3o e Sa\u00fade","publisher":{"@id":"https:\/\/bioflexnutrition.com.br\/#organization"},"potentialAction":[{"@type":"SearchAction","target":{"@type":"EntryPoint","urlTemplate":"https:\/\/bioflexnutrition.com.br\/?s={search_term_string}"},"query-input":{"@type":"PropertyValueSpecification","valueRequired":true,"valueName":"search_term_string"}}],"inLanguage":"en-US"},{"@type":"Organization","@id":"https:\/\/bioflexnutrition.com.br\/#organization","name":"Bioflex Nutrition","url":"https:\/\/bioflexnutrition.com.br\/","logo":{"@type":"ImageObject","inLanguage":"en-US","@id":"https:\/\/bioflexnutrition.com.br\/#\/schema\/logo\/image\/","url":"https:\/\/bioflexnutrition.com.br\/wp-content\/uploads\/2025\/04\/fav.webp","contentUrl":"https:\/\/bioflexnutrition.com.br\/wp-content\/uploads\/2025\/04\/fav.webp","width":1150,"height":1000,"caption":"Bioflex Nutrition"},"image":{"@id":"https:\/\/bioflexnutrition.com.br\/#\/schema\/logo\/image\/"},"sameAs":["https:\/\/www.instagram.com\/bioflexnh\/"]}]}},"_links":{"self":[{"href":"https:\/\/bioflexnutrition.com.br\/en\/wp-json\/wp\/v2\/product\/6729","targetHints":{"allow":["GET"]}}],"collection":[{"href":"https:\/\/bioflexnutrition.com.br\/en\/wp-json\/wp\/v2\/product"}],"about":[{"href":"https:\/\/bioflexnutrition.com.br\/en\/wp-json\/wp\/v2\/types\/product"}],"replies":[{"embeddable":true,"href":"https:\/\/bioflexnutrition.com.br\/en\/wp-json\/wp\/v2\/comments?post=6729"}],"wp:featuredmedia":[{"embeddable":true,"href":"https:\/\/bioflexnutrition.com.br\/en\/wp-json\/wp\/v2\/media\/6725"}],"wp:attachment":[{"href":"https:\/\/bioflexnutrition.com.br\/en\/wp-json\/wp\/v2\/media?parent=6729"}],"wp:term":[{"taxonomy":"product_cat","embeddable":true,"href":"https:\/\/bioflexnutrition.com.br\/en\/wp-json\/wp\/v2\/product_cat?post=6729"},{"taxonomy":"product_tag","embeddable":true,"href":"https:\/\/bioflexnutrition.com.br\/en\/wp-json\/wp\/v2\/product_tag?post=6729"}],"curies":[{"name":"wp","href":"https:\/\/api.w.org\/{rel}","templated":true}]}}