{"id":6734,"date":"2025-06-05T21:13:01","date_gmt":"2025-06-06T00:13:01","guid":{"rendered":"https:\/\/bioflexnutrition.com.br\/produto\/chocoki-chocolate-300g-essential\/"},"modified":"2026-03-31T16:34:01","modified_gmt":"2026-03-31T19:34:01","slug":"chocoki-chocolate-300g-essential","status":"publish","type":"product","link":"https:\/\/bioflexnutrition.com.br\/en\/product\/chocoki-chocolate-300g-essential\/","title":{"rendered":"CHOCOKI CHOCOLATE 300G ESSENTIAL"},"content":{"rendered":"<h2>ChocoKI<\/h2>\n<p><strong>ChocoKI<\/strong> \u00e9 um delicioso multivitam\u00ednico na forma de achocolatado, com puro cacau, vitaminas ativas e minerais quelados. Ideal para substituir achocolatados tradicionais com alto teor de a\u00e7\u00facar e pobres em nutrientes!<\/p>\n<ul>\n<li><strong>13 vitaminas<\/strong><\/li>\n<li><strong>6 minerais<\/strong><\/li>\n<li><strong>24\u202fkcal<\/strong> por por\u00e7\u00e3o (15\u202fg)<\/li>\n<li><strong>Zero a\u00e7\u00facar<\/strong><\/li>\n<li>Op\u00e7\u00e3o para veganos e vegetarianos<\/li>\n<\/ul>\n<h3>Cont\u00e9m:<\/h3>\n<ul>\n<li>Minerais quelados de alta absor\u00e7\u00e3o<\/li>\n<li>Vitaminas na forma ativa<\/li>\n<li>Cacau 100% puro (33% cacau gourmet)<\/li>\n<li>Ado\u00e7antes naturais NON\u2011GMO: eritritol, maltitol, xilitol e est\u00e9via<\/li>\n<\/ul>\n<h3>N\u00e3o cont\u00e9m:<\/h3>\n<ul>\n<li>Ado\u00e7antes ou corantes artificiais<\/li>\n<li>A\u00e7\u00facar<\/li>\n<li>Gl\u00faten<\/li>\n<li>Lactose<\/li>\n<li>Prote\u00ednas l\u00e1cteas e case\u00edna<\/li>\n<li>Derivados de soja<\/li>\n<li>Maltodextrina<\/li>\n<li>Frutose<\/li>\n<li>Conservantes<\/li>\n<li>Cariog\u00eanicos<\/li>\n<\/ul>\n<h3>Informa\u00e7\u00e3o Nutricional<\/h3>\n<p><strong>Por\u00e7\u00f5es por embalagem:<\/strong> 20 (300\u202fg)<br \/><strong>Por\u00e7\u00e3o:<\/strong> 15\u202fg (2 colheres de sopa rasas)<\/p>\n<table border=\"1\" cellpadding=\"6\" cellspacing=\"0\">\n<thead>\n<tr>\n<th>Componente<\/th>\n<th>15\u202fg<\/th>\n<th>%VD* (4\u20138\u202fanos)<\/th>\n<\/tr>\n<\/thead>\n<tbody>\n<tr>\n<td>Valor energ\u00e9tico (kcal)<\/td>\n<td>24<\/td>\n<td>2%<\/td>\n<\/tr>\n<tr>\n<td>Carboidratos (g)<\/td>\n<td>9,7<\/td>\n<td>4%<\/td>\n<\/tr>\n<tr>\n<td>A\u00e7\u00facares totais (g)<\/td>\n<td>0<\/td>\n<td>\u2013<\/td>\n<\/tr>\n<tr>\n<td>A\u00e7\u00facares adicionados (g)<\/td>\n<td>0<\/td>\n<td>0%<\/td>\n<\/tr>\n<tr>\n<td>Poli\u00f3is totais (g)<\/td>\n<td>8,7<\/td>\n<td>\u2013<\/td>\n<\/tr>\n<tr>\n<td>Prote\u00ednas (g)<\/td>\n<td>1,2<\/td>\n<td>3%<\/td>\n<\/tr>\n<tr>\n<td>Gorduras totais (g)<\/td>\n<td>0,7<\/td>\n<td>1%<\/td>\n<\/tr>\n<tr>\n<td>Gorduras saturadas (g)<\/td>\n<td>0,4<\/td>\n<td>3%<\/td>\n<\/tr>\n<tr>\n<td>Gorduras trans (g)<\/td>\n<td>0<\/td>\n<td>0%<\/td>\n<\/tr>\n<tr>\n<td>Fibras alimentares (g)<\/td>\n<td>1,6<\/td>\n<td>6%<\/td>\n<\/tr>\n<tr>\n<td>S\u00f3dio (mg)<\/td>\n<td>0<\/td>\n<td>0%<\/td>\n<\/tr>\n<tr>\n<td>Vitamina A (\u00b5g)<\/td>\n<td>165<\/td>\n<td>41%<\/td>\n<\/tr>\n<tr>\n<td>Vitamina D (\u00b5g)<\/td>\n<td>5<\/td>\n<td>33%<\/td>\n<\/tr>\n<tr>\n<td>Vitamina E (mg)<\/td>\n<td>7<\/td>\n<td>100%<\/td>\n<\/tr>\n<tr>\n<td>Vitamina K (\u00b5g)<\/td>\n<td>18<\/td>\n<td>33%<\/td>\n<\/tr>\n<tr>\n<td>Vitamina C (mg)<\/td>\n<td>35<\/td>\n<td>140%<\/td>\n<\/tr>\n<tr>\n<td>Vitamina B1 (mg)<\/td>\n<td>0,9<\/td>\n<td>150%<\/td>\n<\/tr>\n<tr>\n<td>Vitamina B2 (mg)<\/td>\n<td>0,9<\/td>\n<td>150%<\/td>\n<\/tr>\n<tr>\n<td>Vitamina B3 (mg)<\/td>\n<td>12<\/td>\n<td>150%<\/td>\n<\/tr>\n<tr>\n<td>Vitamina B5 (mg)<\/td>\n<td>4<\/td>\n<td>133%<\/td>\n<\/tr>\n<tr>\n<td>Vitamina B6 (mg)<\/td>\n<td>1,6<\/td>\n<td>167%<\/td>\n<\/tr>\n<tr>\n<td>Vitamina B7 (\u00b5g)<\/td>\n<td>18<\/td>\n<td>150%<\/td>\n<\/tr>\n<tr>\n<td>Vitamina B9 (\u00b5g)<\/td>\n<td>120<\/td>\n<td>100%<\/td>\n<\/tr>\n<tr>\n<td>Vitamina B12 (\u00b5g)<\/td>\n<td>1,8<\/td>\n<td>150%<\/td>\n<\/tr>\n<tr>\n<td>Cobre (\u00b5g)<\/td>\n<td>150<\/td>\n<td>34%<\/td>\n<\/tr>\n<tr>\n<td>Cromo (\u00b5g)<\/td>\n<td>6<\/td>\n<td>40%<\/td>\n<\/tr>\n<tr>\n<td>Ferro (mg)<\/td>\n<td>2,3<\/td>\n<td>23%<\/td>\n<\/tr>\n<tr>\n<td>Magn\u00e9sio (mg)<\/td>\n<td>80<\/td>\n<td>62%<\/td>\n<\/tr>\n<tr>\n<td>Sel\u00eanio (\u00b5g)<\/td>\n<td>13<\/td>\n<td>43%<\/td>\n<\/tr>\n<tr>\n<td>Zinco (mg)<\/td>\n<td>3,7<\/td>\n<td>74%<\/td>\n<\/tr>\n<\/tbody>\n<\/table>\n<p><em>*Percentual de valores di\u00e1rios para crian\u00e7as de 4 a 8 anos.<\/em><\/p>\n<h3>Ingredientes<\/h3>\n<p>Cacau em p\u00f3; citrato de magn\u00e9sio; goma guar; bisglicinato de magn\u00e9sio; \u00e1cido asc\u00f3rbico revestido (vitamina\u00a0C); acetato de tocoferol (vitamina\u00a0E); bisglicinato de zinco; nicotinamida (vitamina\u00a0B3); glicinato f\u00e9rrico; pantotenato de c\u00e1lcio (vitamina\u00a0B5); colecalciferol vegano (vitamina\u00a0D); L-selenometionina; acetato de retinol (vitamina\u00a0A); cloridrato de tiamina (vitamina\u00a0B1); piridoxal-5-fosfato (vitamina\u00a0B6); riboflavina-5-fosfato (vitamina\u00a0B2); fitomenadiona (vitamina\u00a0K1); menaquinona-7 (vitamina\u00a0K2); bisglicinato de cobre; \u00e1cido f\u00f3lico (vitamina\u00a0B9); L-metilfolato de c\u00e1lcio (vitamina\u00a0B9); picolinato de cromo; biotina (vitamina\u00a0B7); metilcobalamina\u00a0e cianocobalamina (vitamina\u00a0B12); edulcorantes eritritol, maltitol, xilitol\u00a0e est\u00e9via; antiumectantes di\u00f3xido de sil\u00edcio\u00a0e fosfato tric\u00e1lcico; aroma natural.<\/p>\n<p><strong>N\u00c3O CONT\u00c9M GL\u00daTEN.<\/strong><br \/><strong>AL\u00c9RGICOS:<\/strong> pode conter derivados de leite*.<\/p>\n<h3>Modo de Preparo<\/h3>\n<ul>\n<li>Adicione 15\u202fg (2 colheres de sopa rasas) em 200\u202fml de \u00e1gua ou bebida de sua prefer\u00eancia.<\/li>\n<li>Misture at\u00e9 completa homogeneiza\u00e7\u00e3o.<\/li>\n<li>Consumir 1\u00d7 ao dia ou conforme orienta\u00e7\u00e3o de m\u00e9dico ou nutricionista.<\/li>\n<\/ul>\n<h3>Recomenda\u00e7\u00f5es<\/h3>\n<ul>\n<li>Manter em local fresco, seco e ao abrigo da luz solar.<\/li>\n<li>Ap\u00f3s aberto, consumir em at\u00e9 60\u202fdias.<\/li>\n<li>Recomendado para crian\u00e7as de 4 a 8\u202fanos.<\/li>\n<li>\u201cEste produto n\u00e3o \u00e9 um medicamento.\u201d<\/li>\n<li>\u201cN\u00e3o exceder a recomenda\u00e7\u00e3o di\u00e1ria indicada na embalagem.\u201d<\/li>\n<li>\u201cMantenha fora do alcance de crian\u00e7as.\u201d<\/li>\n<\/ul>","protected":false},"excerpt":{"rendered":"<p>ChocoKI Vegan<\/p>\n<p>Multivitam\u00ednico na forma de um delicioso achocolatado, com 13 vitaminas e 6 minerais de alta qualidade e absor\u00e7\u00e3o. Formulado com ado\u00e7antes naturais, \u00e9 uma excelente alternativa aos achocolatados tradicionais com alto teor de a\u00e7\u00facar.<\/p>","protected":false},"featured_media":7318,"comment_status":"open","ping_status":"closed","template":"","meta":{"_joinchat":[]},"product_cat":[248,160,284,157,164,285,230,280],"product_tag":[],"class_list":{"0":"post-6734","1":"product","2":"type-product","3":"status-publish","4":"has-post-thumbnail","6":"product_cat-categorias-e","7":"product_cat-essential","8":"product_cat-imunidade","9":"product_cat-marcas","10":"product_cat-objetivos-especificos","11":"product_cat-outros","12":"product_cat-saude-e-bem-estar","13":"product_cat-vitaminas","15":"first","16":"instock","17":"shipping-taxable","18":"purchasable","19":"product-type-simple","20":"col-xs-6 col-sm-4","21":"col-md-3 col-lg-3","22":"un-4-cols"},"yoast_head":"<!-- This site is optimized with the Yoast SEO plugin v27.3 - https:\/\/yoast.com\/product\/yoast-seo-wordpress\/ -->\n<title>CHOCOKI CHOCOLATE 300G ESSENTIAL - Bioflex Nutrition<\/title>\n<meta name=\"robots\" content=\"index, follow, max-snippet:-1, max-image-preview:large, max-video-preview:-1\" \/>\n<link rel=\"canonical\" href=\"https:\/\/bioflexnutrition.com.br\/en\/product\/chocoki-chocolate-300g-essential\/\" \/>\n<meta property=\"og:locale\" content=\"en_US\" \/>\n<meta property=\"og:type\" content=\"article\" \/>\n<meta property=\"og:title\" content=\"CHOCOKI CHOCOLATE 300G ESSENTIAL - Bioflex Nutrition\" \/>\n<meta property=\"og:description\" content=\"ChocoKI Vegan Multivitam\u00ednico na forma de um delicioso achocolatado, com 13 vitaminas e 6 minerais de alta qualidade e absor\u00e7\u00e3o. Formulado com ado\u00e7antes naturais, \u00e9 uma excelente alternativa aos achocolatados tradicionais com alto teor de a\u00e7\u00facar.\" \/>\n<meta property=\"og:url\" content=\"https:\/\/bioflexnutrition.com.br\/en\/product\/chocoki-chocolate-300g-essential\/\" \/>\n<meta property=\"og:site_name\" content=\"Bioflex Nutrition\" \/>\n<meta property=\"article:modified_time\" content=\"2026-03-31T19:34:01+00:00\" \/>\n<meta property=\"og:image\" content=\"https:\/\/bioflexnutrition.com.br\/wp-content\/uploads\/2025\/06\/chocoki-lata.webp\" \/>\n\t<meta property=\"og:image:width\" content=\"1000\" \/>\n\t<meta property=\"og:image:height\" content=\"1000\" \/>\n\t<meta property=\"og:image:type\" content=\"image\/webp\" \/>\n<meta name=\"twitter:card\" content=\"summary_large_image\" \/>\n<meta name=\"twitter:label1\" content=\"Est. reading time\" \/>\n\t<meta name=\"twitter:data1\" content=\"3 minutes\" \/>\n<script type=\"application\/ld+json\" class=\"yoast-schema-graph\">{\"@context\":\"https:\\\/\\\/schema.org\",\"@graph\":[{\"@type\":[\"WebPage\",\"ItemPage\"],\"@id\":\"https:\\\/\\\/bioflexnutrition.com.br\\\/produto\\\/chocoki-chocolate-300g-essential\\\/\",\"url\":\"https:\\\/\\\/bioflexnutrition.com.br\\\/produto\\\/chocoki-chocolate-300g-essential\\\/\",\"name\":\"CHOCOKI CHOCOLATE 300G ESSENTIAL - Bioflex Nutrition\",\"isPartOf\":{\"@id\":\"https:\\\/\\\/bioflexnutrition.com.br\\\/#website\"},\"primaryImageOfPage\":{\"@id\":\"https:\\\/\\\/bioflexnutrition.com.br\\\/produto\\\/chocoki-chocolate-300g-essential\\\/#primaryimage\"},\"image\":{\"@id\":\"https:\\\/\\\/bioflexnutrition.com.br\\\/produto\\\/chocoki-chocolate-300g-essential\\\/#primaryimage\"},\"thumbnailUrl\":\"https:\\\/\\\/bioflexnutrition.com.br\\\/wp-content\\\/uploads\\\/2025\\\/06\\\/chocoki-lata.webp\",\"datePublished\":\"2025-06-06T00:13:01+00:00\",\"dateModified\":\"2026-03-31T19:34:01+00:00\",\"breadcrumb\":{\"@id\":\"https:\\\/\\\/bioflexnutrition.com.br\\\/produto\\\/chocoki-chocolate-300g-essential\\\/#breadcrumb\"},\"inLanguage\":\"en-US\",\"potentialAction\":[{\"@type\":\"ReadAction\",\"target\":[\"https:\\\/\\\/bioflexnutrition.com.br\\\/produto\\\/chocoki-chocolate-300g-essential\\\/\"]}]},{\"@type\":\"ImageObject\",\"inLanguage\":\"en-US\",\"@id\":\"https:\\\/\\\/bioflexnutrition.com.br\\\/produto\\\/chocoki-chocolate-300g-essential\\\/#primaryimage\",\"url\":\"https:\\\/\\\/bioflexnutrition.com.br\\\/wp-content\\\/uploads\\\/2025\\\/06\\\/chocoki-lata.webp\",\"contentUrl\":\"https:\\\/\\\/bioflexnutrition.com.br\\\/wp-content\\\/uploads\\\/2025\\\/06\\\/chocoki-lata.webp\",\"width\":1000,\"height\":1000},{\"@type\":\"BreadcrumbList\",\"@id\":\"https:\\\/\\\/bioflexnutrition.com.br\\\/produto\\\/chocoki-chocolate-300g-essential\\\/#breadcrumb\",\"itemListElement\":[{\"@type\":\"ListItem\",\"position\":1,\"name\":\"In\u00edcio\",\"item\":\"https:\\\/\\\/bioflexnutrition.com.br\\\/\"},{\"@type\":\"ListItem\",\"position\":2,\"name\":\"Loja\",\"item\":\"https:\\\/\\\/bioflexnutrition.com.br\\\/todos\\\/\"},{\"@type\":\"ListItem\",\"position\":3,\"name\":\"CHOCOKI CHOCOLATE 300G ESSENTIAL\"}]},{\"@type\":\"WebSite\",\"@id\":\"https:\\\/\\\/bioflexnutrition.com.br\\\/#website\",\"url\":\"https:\\\/\\\/bioflexnutrition.com.br\\\/\",\"name\":\"Bioflex Nutrition\",\"description\":\"Sua loja online de Nutri\u00e7\u00e3o e Sa\u00fade\",\"publisher\":{\"@id\":\"https:\\\/\\\/bioflexnutrition.com.br\\\/#organization\"},\"potentialAction\":[{\"@type\":\"SearchAction\",\"target\":{\"@type\":\"EntryPoint\",\"urlTemplate\":\"https:\\\/\\\/bioflexnutrition.com.br\\\/?s={search_term_string}\"},\"query-input\":{\"@type\":\"PropertyValueSpecification\",\"valueRequired\":true,\"valueName\":\"search_term_string\"}}],\"inLanguage\":\"en-US\"},{\"@type\":\"Organization\",\"@id\":\"https:\\\/\\\/bioflexnutrition.com.br\\\/#organization\",\"name\":\"Bioflex Nutrition\",\"url\":\"https:\\\/\\\/bioflexnutrition.com.br\\\/\",\"logo\":{\"@type\":\"ImageObject\",\"inLanguage\":\"en-US\",\"@id\":\"https:\\\/\\\/bioflexnutrition.com.br\\\/#\\\/schema\\\/logo\\\/image\\\/\",\"url\":\"https:\\\/\\\/bioflexnutrition.com.br\\\/wp-content\\\/uploads\\\/2025\\\/04\\\/fav.webp\",\"contentUrl\":\"https:\\\/\\\/bioflexnutrition.com.br\\\/wp-content\\\/uploads\\\/2025\\\/04\\\/fav.webp\",\"width\":1150,\"height\":1000,\"caption\":\"Bioflex Nutrition\"},\"image\":{\"@id\":\"https:\\\/\\\/bioflexnutrition.com.br\\\/#\\\/schema\\\/logo\\\/image\\\/\"},\"sameAs\":[\"https:\\\/\\\/www.instagram.com\\\/bioflexnh\\\/\"]}]}<\/script>\n<!-- \/ Yoast SEO plugin. -->","yoast_head_json":{"title":"CHOCOKI CHOCOLATE 300G ESSENTIAL - Bioflex Nutrition","robots":{"index":"index","follow":"follow","max-snippet":"max-snippet:-1","max-image-preview":"max-image-preview:large","max-video-preview":"max-video-preview:-1"},"canonical":"https:\/\/bioflexnutrition.com.br\/en\/product\/chocoki-chocolate-300g-essential\/","og_locale":"en_US","og_type":"article","og_title":"CHOCOKI CHOCOLATE 300G ESSENTIAL - Bioflex Nutrition","og_description":"ChocoKI Vegan Multivitam\u00ednico na forma de um delicioso achocolatado, com 13 vitaminas e 6 minerais de alta qualidade e absor\u00e7\u00e3o. Formulado com ado\u00e7antes naturais, \u00e9 uma excelente alternativa aos achocolatados tradicionais com alto teor de a\u00e7\u00facar.","og_url":"https:\/\/bioflexnutrition.com.br\/en\/product\/chocoki-chocolate-300g-essential\/","og_site_name":"Bioflex Nutrition","article_modified_time":"2026-03-31T19:34:01+00:00","og_image":[{"width":1000,"height":1000,"url":"https:\/\/bioflexnutrition.com.br\/wp-content\/uploads\/2025\/06\/chocoki-lata.webp","type":"image\/webp"}],"twitter_card":"summary_large_image","twitter_misc":{"Est. reading time":"3 minutes"},"schema":{"@context":"https:\/\/schema.org","@graph":[{"@type":["WebPage","ItemPage"],"@id":"https:\/\/bioflexnutrition.com.br\/produto\/chocoki-chocolate-300g-essential\/","url":"https:\/\/bioflexnutrition.com.br\/produto\/chocoki-chocolate-300g-essential\/","name":"CHOCOKI CHOCOLATE 300G ESSENTIAL - Bioflex Nutrition","isPartOf":{"@id":"https:\/\/bioflexnutrition.com.br\/#website"},"primaryImageOfPage":{"@id":"https:\/\/bioflexnutrition.com.br\/produto\/chocoki-chocolate-300g-essential\/#primaryimage"},"image":{"@id":"https:\/\/bioflexnutrition.com.br\/produto\/chocoki-chocolate-300g-essential\/#primaryimage"},"thumbnailUrl":"https:\/\/bioflexnutrition.com.br\/wp-content\/uploads\/2025\/06\/chocoki-lata.webp","datePublished":"2025-06-06T00:13:01+00:00","dateModified":"2026-03-31T19:34:01+00:00","breadcrumb":{"@id":"https:\/\/bioflexnutrition.com.br\/produto\/chocoki-chocolate-300g-essential\/#breadcrumb"},"inLanguage":"en-US","potentialAction":[{"@type":"ReadAction","target":["https:\/\/bioflexnutrition.com.br\/produto\/chocoki-chocolate-300g-essential\/"]}]},{"@type":"ImageObject","inLanguage":"en-US","@id":"https:\/\/bioflexnutrition.com.br\/produto\/chocoki-chocolate-300g-essential\/#primaryimage","url":"https:\/\/bioflexnutrition.com.br\/wp-content\/uploads\/2025\/06\/chocoki-lata.webp","contentUrl":"https:\/\/bioflexnutrition.com.br\/wp-content\/uploads\/2025\/06\/chocoki-lata.webp","width":1000,"height":1000},{"@type":"BreadcrumbList","@id":"https:\/\/bioflexnutrition.com.br\/produto\/chocoki-chocolate-300g-essential\/#breadcrumb","itemListElement":[{"@type":"ListItem","position":1,"name":"In\u00edcio","item":"https:\/\/bioflexnutrition.com.br\/"},{"@type":"ListItem","position":2,"name":"Loja","item":"https:\/\/bioflexnutrition.com.br\/todos\/"},{"@type":"ListItem","position":3,"name":"CHOCOKI CHOCOLATE 300G ESSENTIAL"}]},{"@type":"WebSite","@id":"https:\/\/bioflexnutrition.com.br\/#website","url":"https:\/\/bioflexnutrition.com.br\/","name":"Bioflex Nutrition","description":"Sua loja online de Nutri\u00e7\u00e3o e Sa\u00fade","publisher":{"@id":"https:\/\/bioflexnutrition.com.br\/#organization"},"potentialAction":[{"@type":"SearchAction","target":{"@type":"EntryPoint","urlTemplate":"https:\/\/bioflexnutrition.com.br\/?s={search_term_string}"},"query-input":{"@type":"PropertyValueSpecification","valueRequired":true,"valueName":"search_term_string"}}],"inLanguage":"en-US"},{"@type":"Organization","@id":"https:\/\/bioflexnutrition.com.br\/#organization","name":"Bioflex Nutrition","url":"https:\/\/bioflexnutrition.com.br\/","logo":{"@type":"ImageObject","inLanguage":"en-US","@id":"https:\/\/bioflexnutrition.com.br\/#\/schema\/logo\/image\/","url":"https:\/\/bioflexnutrition.com.br\/wp-content\/uploads\/2025\/04\/fav.webp","contentUrl":"https:\/\/bioflexnutrition.com.br\/wp-content\/uploads\/2025\/04\/fav.webp","width":1150,"height":1000,"caption":"Bioflex Nutrition"},"image":{"@id":"https:\/\/bioflexnutrition.com.br\/#\/schema\/logo\/image\/"},"sameAs":["https:\/\/www.instagram.com\/bioflexnh\/"]}]}},"_links":{"self":[{"href":"https:\/\/bioflexnutrition.com.br\/en\/wp-json\/wp\/v2\/product\/6734","targetHints":{"allow":["GET"]}}],"collection":[{"href":"https:\/\/bioflexnutrition.com.br\/en\/wp-json\/wp\/v2\/product"}],"about":[{"href":"https:\/\/bioflexnutrition.com.br\/en\/wp-json\/wp\/v2\/types\/product"}],"replies":[{"embeddable":true,"href":"https:\/\/bioflexnutrition.com.br\/en\/wp-json\/wp\/v2\/comments?post=6734"}],"wp:featuredmedia":[{"embeddable":true,"href":"https:\/\/bioflexnutrition.com.br\/en\/wp-json\/wp\/v2\/media\/7318"}],"wp:attachment":[{"href":"https:\/\/bioflexnutrition.com.br\/en\/wp-json\/wp\/v2\/media?parent=6734"}],"wp:term":[{"taxonomy":"product_cat","embeddable":true,"href":"https:\/\/bioflexnutrition.com.br\/en\/wp-json\/wp\/v2\/product_cat?post=6734"},{"taxonomy":"product_tag","embeddable":true,"href":"https:\/\/bioflexnutrition.com.br\/en\/wp-json\/wp\/v2\/product_tag?post=6734"}],"curies":[{"name":"wp","href":"https:\/\/api.w.org\/{rel}","templated":true}]}}