{"id":6744,"date":"2025-06-05T21:13:43","date_gmt":"2025-06-06T00:13:43","guid":{"rendered":"https:\/\/bioflexnutrition.com.br\/produto\/omega-joint-60-caps-essential\/"},"modified":"2026-04-01T14:52:24","modified_gmt":"2026-04-01T17:52:24","slug":"omega-joint-60-caps-essential","status":"publish","type":"product","link":"https:\/\/bioflexnutrition.com.br\/en\/product\/omega-joint-60-caps-essential\/","title":{"rendered":"Omega Joint 60 Caps Essential"},"content":{"rendered":"<h2>Freedom to move.<\/h2>\n<p>Com o passar do tempo, a produ\u00e7\u00e3o natural de col\u00e1geno no nosso organismo diminui, afetando as articula\u00e7\u00f5es. Omega Joint atua para que voc\u00ea possa desfrutar da liberdade de movimento em qualquer idade.<\/p>\n<h2>A ci\u00eancia tamb\u00e9m est\u00e1 sempre em movimento.<\/h2>\n<p>Os benef\u00edcios do \u00f4mega-3 j\u00e1 s\u00e3o bastante conhecidos e comprovados por in\u00fameros estudos cient\u00edficos. Mas quando ele \u00e9 combinado a diferentes ingredientes, surgem f\u00f3rmulas avan\u00e7adas e com novas possibilidades.<\/p>\n<p><strong>540\u202fmg<\/strong><br \/><strong>EPA<\/strong><br \/><strong>350\u202fmg<\/strong><br \/><strong>DHA<\/strong><br \/><strong>100\u202fmg<\/strong><br \/><strong>\u00c1CIDO HIALUR\u00d4NICO<\/strong><br \/><strong>40\u202fmg<\/strong><br \/><strong>COL\u00c1GENO TIPO\u202fII<\/strong><\/p>\n<h2>Novas combina\u00e7\u00f5es. Mais benef\u00edcios.<\/h2>\n<p>Omega Joint \u00e9 um suplemento de \u00f4mega-3, formulado com \u00f3leo de peixe (TG) e \u00f3leo de krill. Essa composi\u00e7\u00e3o atua em sinergia com o \u00e1cido hialur\u00f4nico, um componente estrutural do nosso organismo, e o col\u00e1geno tipo\u202fII n\u00e3o desnaturado, que auxilia na manuten\u00e7\u00e3o da fun\u00e7\u00e3o articular.<\/p>\n<h2>O que esperar da uni\u00e3o Fish Oil + Krill Oil?<\/h2>\n<p>Os avan\u00e7os nas pesquisas cient\u00edficas est\u00e3o revelando que, dependendo do tipo de c\u00e9lula, fontes distintas de \u00f4mega-3 podem ter n\u00edveis de absor\u00e7\u00e3o diferentes. Por isso, a combina\u00e7\u00e3o dos \u00f3leos de krill e de peixe \u00e9 o que h\u00e1 de melhor e mais completo na suplementa\u00e7\u00e3o de \u00f4mega-3 atualmente.<\/p>\n<h2>Pureza e tecnologia, uma jun\u00e7\u00e3o perfeita.<\/h2>\n<p>O \u00f3leo de krill utilizado em nossa f\u00f3rmula \u00e9 proveniente desse pequeno crust\u00e1ceo encontrado nas \u00e1guas frias do oceano Ant\u00e1rtico. J\u00e1 o \u00f3leo de peixe \u00e9 extra\u00eddo a partir dos tecidos de peixes de \u00e1guas profundas do Peru, Chile e norte da \u00c1frica, obtidos atrav\u00e9s da pesca sustent\u00e1vel.<\/p>\n<p>S\u00e3o mat\u00e9rias-primas extra\u00eddas atrav\u00e9s de tecnologias exclusivas e patenteadas, que utilizam m\u00e9todos de fracionamento altamente eficientes para garantir o puro \u00f4mega-3, com alta concentra\u00e7\u00e3o de EPA e DHA e livre de metais pesados e outros contaminantes.<\/p>\n<h2>Entenda os ingredientes:<\/h2>\n<p><strong>UC\u2011II\u2122 (Col\u00e1geno tipo\u202fII)<\/strong><br \/>\u00c9 o col\u00e1geno n\u00e3o desnaturado e n\u00e3o hidrolisado, ou seja, com sua estrutura intacta necess\u00e1ria \u00e0 sua atividade no organismo. \u00c9 uma prote\u00edna estrutural respons\u00e1vel pela tra\u00e7\u00e3o e firmeza do tecido cartilaginoso. O col\u00e1geno tipo\u202fII n\u00e3o desnaturado auxilia na manuten\u00e7\u00e3o da fun\u00e7\u00e3o articular.<\/p>\n<p><strong>\u00c1cido hialur\u00f4nico<\/strong><br \/>Subst\u00e2ncia encontrada naturalmente em nosso corpo, especialmente nos ossos, m\u00fasculos, pele e articula\u00e7\u00f5es, que tem a sua produ\u00e7\u00e3o reduzida com o passar do tempo.<\/p>\n<h2>INFORMA\u00c7\u00c3O NUTRICIONAL<\/h2>\n<p>Coloque uma aten\u00e7\u00e3o especial na lista de ingredientes: o ingrediente que estiver em maior quantidade vem primeiro, e assim por diante. Voc\u00ea vai perceber que todos os produtos da linha Essential s\u00e3o livres de calorias vazias e cheios de ingredientes naturais. Tudo que adicionamos contribui para uma nutri\u00e7\u00e3o mais completa.<\/p>\n<table>\n<thead>\n<tr>\n<th>Por\u00e7\u00f5es por embalagem<\/th>\n<td>30 (60 c\u00e1psulas)<\/td>\n<\/tr>\n<tr>\n<th>Por\u00e7\u00e3o<\/th>\n<td>2,5\u202fg (2 c\u00e1psulas)<\/td>\n<\/tr>\n<\/thead>\n<tbody>\n<tr>\n<th>Valor energ\u00e9tico<\/th>\n<td>14\u202fkcal\u00a01%<\/td>\n<\/tr>\n<tr>\n<th>Gorduras totais<\/th>\n<td>1,5\u202fg\u00a02%<\/td>\n<\/tr>\n<tr>\n<th>Gorduras poli\u2011insaturadas<\/th>\n<td>1,2\u202fg\u00a06%<\/td>\n<\/tr>\n<tr>\n<th>\u00d4mega\u20113<\/th>\n<td>890\u202fmg\u00a022%<\/td>\n<\/tr>\n<tr>\n<th>EPA<\/th>\n<td>540\u202fmg<\/td>\n<\/tr>\n<tr>\n<th>DHA<\/th>\n<td>350\u202fmg<\/td>\n<\/tr>\n<tr>\n<th>\u00c1cido hialur\u00f4nico<\/th>\n<td>100\u202fmg<\/td>\n<\/tr>\n<tr>\n<th>Col\u00e1geno tipo\u202fII\u00b9<\/th>\n<td>40\u202fmg<\/td>\n<\/tr>\n<\/tbody>\n<\/table>\n<p>*% Valores di\u00e1rios por por\u00e7\u00e3o.<br \/>\u00b940\u202fmg de UC\u2011II\u2122 equivalem a 1,2\u202fmg da subst\u00e2ncia bioativa.<\/p>\n<h2>Ingredientes<\/h2>\n<p>\u00d3leo de peixe (Pronova Pure\u00ae \u00f4mega\u20113 TG), \u00f3leo de krill (Euphausia superba) (Superba Boost\u2122), hialuronato de s\u00f3dio obtido pela fermenta\u00e7\u00e3o de <em>Streptococcus zooepidemicus<\/em>, col\u00e1geno de frango com col\u00e1geno tipo\u202fII n\u00e3o desnaturado (UC\u2011II\u2122), estabilizante cera de abelhas e antioxidante mix de tocofer\u00f3is. Composi\u00e7\u00e3o da c\u00e1psula: gelatina, \u00e1gua purificada, umectantes glicerina e sorbitol e corante natural carmim.<\/p>\n<p><strong>N\u00e3o cont\u00e9m<\/strong> gl\u00faten.<br \/><strong>Al\u00e9rgicos:<\/strong> cont\u00e9m derivados de peixe e crust\u00e1ceos (Euphausia superba). Pode conter soja.<\/p>\n<p><em>UC\u2011II\u2122 e logo s\u00e3o trademarks da Lonza ou suas afiliadas.<br \/>PRONOVA PURE\u00ae \u00e9 marca registrada da BASF.<br \/>Superba Boost\u2122 \u00e9 marca comercial da Aker BioMarine.<\/em><\/p>\n<h2>Modo de Uso<\/h2>\n<p>Ingerir 1 c\u00e1psula duas vezes ao dia, com as principais refei\u00e7\u00f5es, ou conforme orienta\u00e7\u00e3o de m\u00e9dico ou nutricionista.<\/p>\n<p>Manter este produto bem fechado em local fresco, seco e ao abrigo da luz solar.<br \/>Ap\u00f3s aberto, consumir em at\u00e9 90 dias.<br \/>A colora\u00e7\u00e3o da c\u00e1psula pode apresentar varia\u00e7\u00e3o devido \u00e0 presen\u00e7a de ingredientes naturais, sem comprometer a efic\u00e1cia da formula\u00e7\u00e3o.<br \/>Este produto \u00e9 recomendado para adultos (\u226519 anos).<br \/>Este produto n\u00e3o deve ser consumido por gestantes, lactantes e crian\u00e7as.<br \/>\u201cEste produto n\u00e3o \u00e9 um medicamento.\u201d<br \/>\u201cN\u00e3o exceder a recomenda\u00e7\u00e3o di\u00e1ria de consumo indicada na embalagem.\u201d<br \/>\u201cMantenha fora do alcance de crian\u00e7as.\u201d<\/p>","protected":false},"excerpt":{"rendered":"<p><span style=\"color: #666666;font-family: proxima-nova, sans-serif\"><span style=\"font-size: 16px\">Suplemento de \u00f4mega-3 (TG) que combina o \u00f3leo de peixe e o \u00f3leo de krill com \u00e1cido hialur\u00f4nico e 40mg de col\u00e1geno tipo II, que auxilia na sa\u00fade das articula\u00e7\u00f5es.<\/span><\/span><\/p>","protected":false},"featured_media":6740,"comment_status":"open","ping_status":"closed","template":"","meta":{"_joinchat":[]},"product_cat":[248,160,199,157,164,288,198,230,280],"product_tag":[],"class_list":{"0":"post-6744","1":"product","2":"type-product","3":"status-publish","4":"has-post-thumbnail","6":"product_cat-categorias-e","7":"product_cat-essential","8":"product_cat-frete-gratis","9":"product_cat-marcas","10":"product_cat-objetivos-especificos","11":"product_cat-omega-3-vitaminas","12":"product_cat-promocoes","13":"product_cat-saude-e-bem-estar","14":"product_cat-vitaminas","16":"first","17":"instock","18":"shipping-taxable","19":"purchasable","20":"product-type-simple","21":"col-xs-6 col-sm-4","22":"col-md-3 col-lg-3","23":"un-4-cols"},"yoast_head":"<!-- This site is optimized with the Yoast SEO plugin v27.4 - https:\/\/yoast.com\/product\/yoast-seo-wordpress\/ -->\n<title>Omega Joint 60 Caps Essential - Bioflex Nutrition<\/title>\n<meta name=\"robots\" content=\"index, follow, max-snippet:-1, max-image-preview:large, max-video-preview:-1\" \/>\n<link rel=\"canonical\" href=\"https:\/\/bioflexnutrition.com.br\/en\/product\/omega-joint-60-caps-essential\/\" \/>\n<meta property=\"og:locale\" content=\"en_US\" \/>\n<meta property=\"og:type\" content=\"article\" \/>\n<meta property=\"og:title\" content=\"Omega Joint 60 Caps Essential - Bioflex Nutrition\" \/>\n<meta property=\"og:description\" content=\"Suplemento de \u00f4mega-3 (TG) que combina o \u00f3leo de peixe e o \u00f3leo de krill com \u00e1cido hialur\u00f4nico e 40mg de col\u00e1geno tipo II, que auxilia na sa\u00fade das articula\u00e7\u00f5es.\" \/>\n<meta property=\"og:url\" content=\"https:\/\/bioflexnutrition.com.br\/en\/product\/omega-joint-60-caps-essential\/\" \/>\n<meta property=\"og:site_name\" content=\"Bioflex Nutrition\" \/>\n<meta property=\"article:modified_time\" content=\"2026-04-01T17:52:24+00:00\" \/>\n<meta property=\"og:image\" content=\"https:\/\/bioflexnutrition.com.br\/wp-content\/uploads\/2025\/06\/15350242221-omega-joint-60caps-pote.jpg\" \/>\n\t<meta property=\"og:image:width\" content=\"1950\" \/>\n\t<meta property=\"og:image:height\" content=\"1950\" \/>\n\t<meta property=\"og:image:type\" content=\"image\/jpeg\" \/>\n<meta name=\"twitter:card\" content=\"summary_large_image\" \/>\n<meta name=\"twitter:label1\" content=\"Est. reading time\" \/>\n\t<meta name=\"twitter:data1\" content=\"4 minutes\" \/>\n<script type=\"application\/ld+json\" class=\"yoast-schema-graph\">{\"@context\":\"https:\\\/\\\/schema.org\",\"@graph\":[{\"@type\":[\"WebPage\",\"ItemPage\"],\"@id\":\"https:\\\/\\\/bioflexnutrition.com.br\\\/produto\\\/omega-joint-60-caps-essential\\\/\",\"url\":\"https:\\\/\\\/bioflexnutrition.com.br\\\/produto\\\/omega-joint-60-caps-essential\\\/\",\"name\":\"Omega Joint 60 Caps Essential - Bioflex Nutrition\",\"isPartOf\":{\"@id\":\"https:\\\/\\\/bioflexnutrition.com.br\\\/#website\"},\"primaryImageOfPage\":{\"@id\":\"https:\\\/\\\/bioflexnutrition.com.br\\\/produto\\\/omega-joint-60-caps-essential\\\/#primaryimage\"},\"image\":{\"@id\":\"https:\\\/\\\/bioflexnutrition.com.br\\\/produto\\\/omega-joint-60-caps-essential\\\/#primaryimage\"},\"thumbnailUrl\":\"https:\\\/\\\/bioflexnutrition.com.br\\\/wp-content\\\/uploads\\\/2025\\\/06\\\/15350242221-omega-joint-60caps-pote.jpg\",\"datePublished\":\"2025-06-06T00:13:43+00:00\",\"dateModified\":\"2026-04-01T17:52:24+00:00\",\"breadcrumb\":{\"@id\":\"https:\\\/\\\/bioflexnutrition.com.br\\\/produto\\\/omega-joint-60-caps-essential\\\/#breadcrumb\"},\"inLanguage\":\"en-US\",\"potentialAction\":[{\"@type\":\"ReadAction\",\"target\":[\"https:\\\/\\\/bioflexnutrition.com.br\\\/produto\\\/omega-joint-60-caps-essential\\\/\"]}]},{\"@type\":\"ImageObject\",\"inLanguage\":\"en-US\",\"@id\":\"https:\\\/\\\/bioflexnutrition.com.br\\\/produto\\\/omega-joint-60-caps-essential\\\/#primaryimage\",\"url\":\"https:\\\/\\\/bioflexnutrition.com.br\\\/wp-content\\\/uploads\\\/2025\\\/06\\\/15350242221-omega-joint-60caps-pote.jpg\",\"contentUrl\":\"https:\\\/\\\/bioflexnutrition.com.br\\\/wp-content\\\/uploads\\\/2025\\\/06\\\/15350242221-omega-joint-60caps-pote.jpg\",\"width\":1950,\"height\":1950},{\"@type\":\"BreadcrumbList\",\"@id\":\"https:\\\/\\\/bioflexnutrition.com.br\\\/produto\\\/omega-joint-60-caps-essential\\\/#breadcrumb\",\"itemListElement\":[{\"@type\":\"ListItem\",\"position\":1,\"name\":\"In\u00edcio\",\"item\":\"https:\\\/\\\/bioflexnutrition.com.br\\\/\"},{\"@type\":\"ListItem\",\"position\":2,\"name\":\"Loja\",\"item\":\"https:\\\/\\\/bioflexnutrition.com.br\\\/todos\\\/\"},{\"@type\":\"ListItem\",\"position\":3,\"name\":\"Omega Joint 60 Caps Essential\"}]},{\"@type\":\"WebSite\",\"@id\":\"https:\\\/\\\/bioflexnutrition.com.br\\\/#website\",\"url\":\"https:\\\/\\\/bioflexnutrition.com.br\\\/\",\"name\":\"Bioflex Nutrition\",\"description\":\"Sua loja online de Nutri\u00e7\u00e3o e Sa\u00fade\",\"publisher\":{\"@id\":\"https:\\\/\\\/bioflexnutrition.com.br\\\/#organization\"},\"potentialAction\":[{\"@type\":\"SearchAction\",\"target\":{\"@type\":\"EntryPoint\",\"urlTemplate\":\"https:\\\/\\\/bioflexnutrition.com.br\\\/?s={search_term_string}\"},\"query-input\":{\"@type\":\"PropertyValueSpecification\",\"valueRequired\":true,\"valueName\":\"search_term_string\"}}],\"inLanguage\":\"en-US\"},{\"@type\":\"Organization\",\"@id\":\"https:\\\/\\\/bioflexnutrition.com.br\\\/#organization\",\"name\":\"Bioflex Nutrition\",\"url\":\"https:\\\/\\\/bioflexnutrition.com.br\\\/\",\"logo\":{\"@type\":\"ImageObject\",\"inLanguage\":\"en-US\",\"@id\":\"https:\\\/\\\/bioflexnutrition.com.br\\\/#\\\/schema\\\/logo\\\/image\\\/\",\"url\":\"https:\\\/\\\/bioflexnutrition.com.br\\\/wp-content\\\/uploads\\\/2025\\\/04\\\/fav.webp\",\"contentUrl\":\"https:\\\/\\\/bioflexnutrition.com.br\\\/wp-content\\\/uploads\\\/2025\\\/04\\\/fav.webp\",\"width\":1150,\"height\":1000,\"caption\":\"Bioflex Nutrition\"},\"image\":{\"@id\":\"https:\\\/\\\/bioflexnutrition.com.br\\\/#\\\/schema\\\/logo\\\/image\\\/\"},\"sameAs\":[\"https:\\\/\\\/www.instagram.com\\\/bioflexnh\\\/\"]}]}<\/script>\n<!-- \/ Yoast SEO plugin. -->","yoast_head_json":{"title":"Omega Joint 60 Caps Essential - Bioflex Nutrition","robots":{"index":"index","follow":"follow","max-snippet":"max-snippet:-1","max-image-preview":"max-image-preview:large","max-video-preview":"max-video-preview:-1"},"canonical":"https:\/\/bioflexnutrition.com.br\/en\/product\/omega-joint-60-caps-essential\/","og_locale":"en_US","og_type":"article","og_title":"Omega Joint 60 Caps Essential - Bioflex Nutrition","og_description":"Suplemento de \u00f4mega-3 (TG) que combina o \u00f3leo de peixe e o \u00f3leo de krill com \u00e1cido hialur\u00f4nico e 40mg de col\u00e1geno tipo II, que auxilia na sa\u00fade das articula\u00e7\u00f5es.","og_url":"https:\/\/bioflexnutrition.com.br\/en\/product\/omega-joint-60-caps-essential\/","og_site_name":"Bioflex Nutrition","article_modified_time":"2026-04-01T17:52:24+00:00","og_image":[{"width":1950,"height":1950,"url":"https:\/\/bioflexnutrition.com.br\/wp-content\/uploads\/2025\/06\/15350242221-omega-joint-60caps-pote.jpg","type":"image\/jpeg"}],"twitter_card":"summary_large_image","twitter_misc":{"Est. reading time":"4 minutes"},"schema":{"@context":"https:\/\/schema.org","@graph":[{"@type":["WebPage","ItemPage"],"@id":"https:\/\/bioflexnutrition.com.br\/produto\/omega-joint-60-caps-essential\/","url":"https:\/\/bioflexnutrition.com.br\/produto\/omega-joint-60-caps-essential\/","name":"Omega Joint 60 Caps Essential - Bioflex Nutrition","isPartOf":{"@id":"https:\/\/bioflexnutrition.com.br\/#website"},"primaryImageOfPage":{"@id":"https:\/\/bioflexnutrition.com.br\/produto\/omega-joint-60-caps-essential\/#primaryimage"},"image":{"@id":"https:\/\/bioflexnutrition.com.br\/produto\/omega-joint-60-caps-essential\/#primaryimage"},"thumbnailUrl":"https:\/\/bioflexnutrition.com.br\/wp-content\/uploads\/2025\/06\/15350242221-omega-joint-60caps-pote.jpg","datePublished":"2025-06-06T00:13:43+00:00","dateModified":"2026-04-01T17:52:24+00:00","breadcrumb":{"@id":"https:\/\/bioflexnutrition.com.br\/produto\/omega-joint-60-caps-essential\/#breadcrumb"},"inLanguage":"en-US","potentialAction":[{"@type":"ReadAction","target":["https:\/\/bioflexnutrition.com.br\/produto\/omega-joint-60-caps-essential\/"]}]},{"@type":"ImageObject","inLanguage":"en-US","@id":"https:\/\/bioflexnutrition.com.br\/produto\/omega-joint-60-caps-essential\/#primaryimage","url":"https:\/\/bioflexnutrition.com.br\/wp-content\/uploads\/2025\/06\/15350242221-omega-joint-60caps-pote.jpg","contentUrl":"https:\/\/bioflexnutrition.com.br\/wp-content\/uploads\/2025\/06\/15350242221-omega-joint-60caps-pote.jpg","width":1950,"height":1950},{"@type":"BreadcrumbList","@id":"https:\/\/bioflexnutrition.com.br\/produto\/omega-joint-60-caps-essential\/#breadcrumb","itemListElement":[{"@type":"ListItem","position":1,"name":"In\u00edcio","item":"https:\/\/bioflexnutrition.com.br\/"},{"@type":"ListItem","position":2,"name":"Loja","item":"https:\/\/bioflexnutrition.com.br\/todos\/"},{"@type":"ListItem","position":3,"name":"Omega Joint 60 Caps Essential"}]},{"@type":"WebSite","@id":"https:\/\/bioflexnutrition.com.br\/#website","url":"https:\/\/bioflexnutrition.com.br\/","name":"Bioflex Nutrition","description":"Sua loja online de Nutri\u00e7\u00e3o e Sa\u00fade","publisher":{"@id":"https:\/\/bioflexnutrition.com.br\/#organization"},"potentialAction":[{"@type":"SearchAction","target":{"@type":"EntryPoint","urlTemplate":"https:\/\/bioflexnutrition.com.br\/?s={search_term_string}"},"query-input":{"@type":"PropertyValueSpecification","valueRequired":true,"valueName":"search_term_string"}}],"inLanguage":"en-US"},{"@type":"Organization","@id":"https:\/\/bioflexnutrition.com.br\/#organization","name":"Bioflex Nutrition","url":"https:\/\/bioflexnutrition.com.br\/","logo":{"@type":"ImageObject","inLanguage":"en-US","@id":"https:\/\/bioflexnutrition.com.br\/#\/schema\/logo\/image\/","url":"https:\/\/bioflexnutrition.com.br\/wp-content\/uploads\/2025\/04\/fav.webp","contentUrl":"https:\/\/bioflexnutrition.com.br\/wp-content\/uploads\/2025\/04\/fav.webp","width":1150,"height":1000,"caption":"Bioflex Nutrition"},"image":{"@id":"https:\/\/bioflexnutrition.com.br\/#\/schema\/logo\/image\/"},"sameAs":["https:\/\/www.instagram.com\/bioflexnh\/"]}]}},"_links":{"self":[{"href":"https:\/\/bioflexnutrition.com.br\/en\/wp-json\/wp\/v2\/product\/6744","targetHints":{"allow":["GET"]}}],"collection":[{"href":"https:\/\/bioflexnutrition.com.br\/en\/wp-json\/wp\/v2\/product"}],"about":[{"href":"https:\/\/bioflexnutrition.com.br\/en\/wp-json\/wp\/v2\/types\/product"}],"replies":[{"embeddable":true,"href":"https:\/\/bioflexnutrition.com.br\/en\/wp-json\/wp\/v2\/comments?post=6744"}],"wp:featuredmedia":[{"embeddable":true,"href":"https:\/\/bioflexnutrition.com.br\/en\/wp-json\/wp\/v2\/media\/6740"}],"wp:attachment":[{"href":"https:\/\/bioflexnutrition.com.br\/en\/wp-json\/wp\/v2\/media?parent=6744"}],"wp:term":[{"taxonomy":"product_cat","embeddable":true,"href":"https:\/\/bioflexnutrition.com.br\/en\/wp-json\/wp\/v2\/product_cat?post=6744"},{"taxonomy":"product_tag","embeddable":true,"href":"https:\/\/bioflexnutrition.com.br\/en\/wp-json\/wp\/v2\/product_tag?post=6744"}],"curies":[{"name":"wp","href":"https:\/\/api.w.org\/{rel}","templated":true}]}}