{"id":6749,"date":"2025-06-05T21:14:04","date_gmt":"2025-06-06T00:14:04","guid":{"rendered":"https:\/\/bioflexnutrition.com.br\/produto\/omega-brain-60-caps-essential\/"},"modified":"2026-04-01T14:52:21","modified_gmt":"2026-04-01T17:52:21","slug":"omega-brain-60-caps-essential","status":"publish","type":"product","link":"https:\/\/bioflexnutrition.com.br\/en\/product\/omega-brain-60-caps-essential\/","title":{"rendered":"Omega Brain 60 caps Essential"},"content":{"rendered":"<h2>Omega Brain<\/h2>\n<p>Omega Brain \u00e9 uma f\u00f3rmula avan\u00e7ada para sa\u00fade cerebral, que combina as melhores fontes de \u00f4mega\u20113 com nutrientes que apoiam a aten\u00e7\u00e3o, a concentra\u00e7\u00e3o e o estado de alerta.<\/p>\n<h2>Por Que Omega Brain?<\/h2>\n<ul>\n<li><strong>DHA 600\u202fmg<\/strong> \u2013 \u00e1cido graxo essencial para a estrutura e fun\u00e7\u00e3o dos neur\u00f4nios.<\/li>\n<li><strong>EPA 210\u202fmg<\/strong> \u2013 complemento que equilibra resposta inflamat\u00f3ria e suporte neurol\u00f3gico.<\/li>\n<li><strong>Fosfatidilserina 150\u202fmg<\/strong> \u2013 fosfolip\u00eddio presente nas membranas das c\u00e9lulas cerebrais, amplifica as conex\u00f5es nervosas.<\/li>\n<li><strong>Cafe\u00edna Natural 150\u202fmg<\/strong> \u2013 promove estado de alerta e melhora da concentra\u00e7\u00e3o.<\/li>\n<li><strong>Extrato de Gengibre Tailand\u00eas<\/strong> \u2013 atuando em sinergia com os demais ingredientes.<\/li>\n<li><strong>\u00d3leo de Krill + \u00d3leo de Peixe<\/strong> \u2013 uni\u00e3o que maximiza a biodisponibilidade em diferentes compartimentos celulares.<\/li>\n<\/ul>\n<h2>N\u00e3o Cont\u00e9m<\/h2>\n<ul>\n<li>Gl\u00faten<\/li>\n<li>A\u00e7\u00facares adicionados<\/li>\n<li>Corantes, aromas e conservantes artificiais<\/li>\n<\/ul>\n<h2>Informa\u00e7\u00e3o Nutricional<\/h2>\n<table>\n<thead>\n<tr>\n<th>Por\u00e7\u00f5es por embalagem<\/th>\n<td>30 (87\u202fg)<\/td>\n<\/tr>\n<tr>\n<th>Por\u00e7\u00e3o<\/th>\n<td>2,9\u202fg (2 c\u00e1psulas)<\/td>\n<\/tr>\n<\/thead>\n<tbody>\n<tr>\n<th>Valor energ\u00e9tico<\/th>\n<td>11\u202fkcal\u00a01%<\/td>\n<\/tr>\n<tr>\n<th>Gorduras totais<\/th>\n<td>1,2\u202fg\u00a02%<\/td>\n<\/tr>\n<tr>\n<th>\u00d4mega\u20113<\/th>\n<td>810\u202fmg\u00a020%<\/td>\n<\/tr>\n<tr>\n<th>EPA<\/th>\n<td>210\u202fmg<\/td>\n<\/tr>\n<tr>\n<th>DHA<\/th>\n<td>600\u202fmg<\/td>\n<\/tr>\n<tr>\n<th>Cafe\u00edna<\/th>\n<td>150\u202fmg<\/td>\n<\/tr>\n<tr>\n<th>Fosfatidilserina<\/th>\n<td>150\u202fmg<\/td>\n<\/tr>\n<\/tbody>\n<\/table>\n<p>*% Valores di\u00e1rios por por\u00e7\u00e3o.<\/p>\n<h2>Ingredientes<\/h2>\n<p>\u00d3leo de peixe (Pronova Pure\u00ae \u00d4mega\u20113\u202fTG), lecitina de soja rica em fosfatidilserina, cafe\u00edna natural, \u00f3leo de krill (Superba Boost\u2122), mix de tocofer\u00f3is, aroma natural de gengibre tailand\u00eas, cera de abelha. C\u00e1psula: gelatina, \u00e1gua, glicerina, sorbitol e carmim.<\/p>\n<p><strong>Al\u00e9rgicos:<\/strong> cont\u00e9m peixes, crust\u00e1ceos e soja.<\/p>\n<h2>Modo de Uso<\/h2>\n<p>Ingerir 2 c\u00e1psulas ao dia, com as principais refei\u00e7\u00f5es, ou conforme orienta\u00e7\u00e3o de m\u00e9dico ou nutricionista.<\/p>","protected":false},"excerpt":{"rendered":"<p>Omega Brain<\/p>\n<p>\u00a0<\/p>\n<p>Suplemento de \u00f4mega-3 (TG) concentrado em DHA, que combina o \u00f3leo de peixe e \u00f3leo de krill com fosfatidilserina, cafe\u00edna natural e extrato de gengibre tailand\u00eas.<\/p>","protected":false},"featured_media":6745,"comment_status":"open","ping_status":"closed","template":"","meta":{"_joinchat":[]},"product_cat":[248,282,160,199,157,164,288,198,230,280],"product_tag":[],"class_list":{"0":"post-6749","1":"product","2":"type-product","3":"status-publish","4":"has-post-thumbnail","6":"product_cat-categorias-e","7":"product_cat-cognitivo-mental-vitaminas","8":"product_cat-essential","9":"product_cat-frete-gratis","10":"product_cat-marcas","11":"product_cat-objetivos-especificos","12":"product_cat-omega-3-vitaminas","13":"product_cat-promocoes","14":"product_cat-saude-e-bem-estar","15":"product_cat-vitaminas","17":"first","18":"instock","19":"shipping-taxable","20":"purchasable","21":"product-type-simple","22":"col-xs-6 col-sm-4","23":"col-md-3 col-lg-3","24":"un-4-cols"},"yoast_head":"<!-- This site is optimized with the Yoast SEO plugin v27.3 - https:\/\/yoast.com\/product\/yoast-seo-wordpress\/ -->\n<title>Omega Brain 60 caps Essential - Bioflex Nutrition<\/title>\n<meta name=\"robots\" content=\"index, follow, max-snippet:-1, max-image-preview:large, max-video-preview:-1\" \/>\n<link rel=\"canonical\" href=\"https:\/\/bioflexnutrition.com.br\/en\/product\/omega-brain-60-caps-essential\/\" \/>\n<meta property=\"og:locale\" content=\"en_US\" \/>\n<meta property=\"og:type\" content=\"article\" \/>\n<meta property=\"og:title\" content=\"Omega Brain 60 caps Essential - Bioflex Nutrition\" \/>\n<meta property=\"og:description\" content=\"Omega Brain \u00a0 Suplemento de \u00f4mega-3 (TG) concentrado em DHA, que combina o \u00f3leo de peixe e \u00f3leo de krill com fosfatidilserina, cafe\u00edna natural e extrato de gengibre tailand\u00eas.\" \/>\n<meta property=\"og:url\" content=\"https:\/\/bioflexnutrition.com.br\/en\/product\/omega-brain-60-caps-essential\/\" \/>\n<meta property=\"og:site_name\" content=\"Bioflex Nutrition\" \/>\n<meta property=\"article:modified_time\" content=\"2026-04-01T17:52:21+00:00\" \/>\n<meta property=\"og:image\" content=\"https:\/\/bioflexnutrition.com.br\/wp-content\/uploads\/2025\/06\/15350241956-omega-brain-60caps-pote.jpg\" \/>\n\t<meta property=\"og:image:width\" content=\"1950\" \/>\n\t<meta property=\"og:image:height\" content=\"1950\" \/>\n\t<meta property=\"og:image:type\" content=\"image\/jpeg\" \/>\n<meta name=\"twitter:card\" content=\"summary_large_image\" \/>\n<meta name=\"twitter:label1\" content=\"Est. reading time\" \/>\n\t<meta name=\"twitter:data1\" content=\"2 minutes\" \/>\n<script type=\"application\/ld+json\" class=\"yoast-schema-graph\">{\"@context\":\"https:\\\/\\\/schema.org\",\"@graph\":[{\"@type\":[\"WebPage\",\"ItemPage\"],\"@id\":\"https:\\\/\\\/bioflexnutrition.com.br\\\/produto\\\/omega-brain-60-caps-essential\\\/\",\"url\":\"https:\\\/\\\/bioflexnutrition.com.br\\\/produto\\\/omega-brain-60-caps-essential\\\/\",\"name\":\"Omega Brain 60 caps Essential - Bioflex Nutrition\",\"isPartOf\":{\"@id\":\"https:\\\/\\\/bioflexnutrition.com.br\\\/#website\"},\"primaryImageOfPage\":{\"@id\":\"https:\\\/\\\/bioflexnutrition.com.br\\\/produto\\\/omega-brain-60-caps-essential\\\/#primaryimage\"},\"image\":{\"@id\":\"https:\\\/\\\/bioflexnutrition.com.br\\\/produto\\\/omega-brain-60-caps-essential\\\/#primaryimage\"},\"thumbnailUrl\":\"https:\\\/\\\/bioflexnutrition.com.br\\\/wp-content\\\/uploads\\\/2025\\\/06\\\/15350241956-omega-brain-60caps-pote.jpg\",\"datePublished\":\"2025-06-06T00:14:04+00:00\",\"dateModified\":\"2026-04-01T17:52:21+00:00\",\"breadcrumb\":{\"@id\":\"https:\\\/\\\/bioflexnutrition.com.br\\\/produto\\\/omega-brain-60-caps-essential\\\/#breadcrumb\"},\"inLanguage\":\"en-US\",\"potentialAction\":[{\"@type\":\"ReadAction\",\"target\":[\"https:\\\/\\\/bioflexnutrition.com.br\\\/produto\\\/omega-brain-60-caps-essential\\\/\"]}]},{\"@type\":\"ImageObject\",\"inLanguage\":\"en-US\",\"@id\":\"https:\\\/\\\/bioflexnutrition.com.br\\\/produto\\\/omega-brain-60-caps-essential\\\/#primaryimage\",\"url\":\"https:\\\/\\\/bioflexnutrition.com.br\\\/wp-content\\\/uploads\\\/2025\\\/06\\\/15350241956-omega-brain-60caps-pote.jpg\",\"contentUrl\":\"https:\\\/\\\/bioflexnutrition.com.br\\\/wp-content\\\/uploads\\\/2025\\\/06\\\/15350241956-omega-brain-60caps-pote.jpg\",\"width\":1950,\"height\":1950},{\"@type\":\"BreadcrumbList\",\"@id\":\"https:\\\/\\\/bioflexnutrition.com.br\\\/produto\\\/omega-brain-60-caps-essential\\\/#breadcrumb\",\"itemListElement\":[{\"@type\":\"ListItem\",\"position\":1,\"name\":\"In\u00edcio\",\"item\":\"https:\\\/\\\/bioflexnutrition.com.br\\\/\"},{\"@type\":\"ListItem\",\"position\":2,\"name\":\"Loja\",\"item\":\"https:\\\/\\\/bioflexnutrition.com.br\\\/todos\\\/\"},{\"@type\":\"ListItem\",\"position\":3,\"name\":\"Omega Brain 60 caps Essential\"}]},{\"@type\":\"WebSite\",\"@id\":\"https:\\\/\\\/bioflexnutrition.com.br\\\/#website\",\"url\":\"https:\\\/\\\/bioflexnutrition.com.br\\\/\",\"name\":\"Bioflex Nutrition\",\"description\":\"Sua loja online de Nutri\u00e7\u00e3o e Sa\u00fade\",\"publisher\":{\"@id\":\"https:\\\/\\\/bioflexnutrition.com.br\\\/#organization\"},\"potentialAction\":[{\"@type\":\"SearchAction\",\"target\":{\"@type\":\"EntryPoint\",\"urlTemplate\":\"https:\\\/\\\/bioflexnutrition.com.br\\\/?s={search_term_string}\"},\"query-input\":{\"@type\":\"PropertyValueSpecification\",\"valueRequired\":true,\"valueName\":\"search_term_string\"}}],\"inLanguage\":\"en-US\"},{\"@type\":\"Organization\",\"@id\":\"https:\\\/\\\/bioflexnutrition.com.br\\\/#organization\",\"name\":\"Bioflex Nutrition\",\"url\":\"https:\\\/\\\/bioflexnutrition.com.br\\\/\",\"logo\":{\"@type\":\"ImageObject\",\"inLanguage\":\"en-US\",\"@id\":\"https:\\\/\\\/bioflexnutrition.com.br\\\/#\\\/schema\\\/logo\\\/image\\\/\",\"url\":\"https:\\\/\\\/bioflexnutrition.com.br\\\/wp-content\\\/uploads\\\/2025\\\/04\\\/fav.webp\",\"contentUrl\":\"https:\\\/\\\/bioflexnutrition.com.br\\\/wp-content\\\/uploads\\\/2025\\\/04\\\/fav.webp\",\"width\":1150,\"height\":1000,\"caption\":\"Bioflex Nutrition\"},\"image\":{\"@id\":\"https:\\\/\\\/bioflexnutrition.com.br\\\/#\\\/schema\\\/logo\\\/image\\\/\"},\"sameAs\":[\"https:\\\/\\\/www.instagram.com\\\/bioflexnh\\\/\"]}]}<\/script>\n<!-- \/ Yoast SEO plugin. -->","yoast_head_json":{"title":"Omega Brain 60 caps Essential - Bioflex Nutrition","robots":{"index":"index","follow":"follow","max-snippet":"max-snippet:-1","max-image-preview":"max-image-preview:large","max-video-preview":"max-video-preview:-1"},"canonical":"https:\/\/bioflexnutrition.com.br\/en\/product\/omega-brain-60-caps-essential\/","og_locale":"en_US","og_type":"article","og_title":"Omega Brain 60 caps Essential - Bioflex Nutrition","og_description":"Omega Brain \u00a0 Suplemento de \u00f4mega-3 (TG) concentrado em DHA, que combina o \u00f3leo de peixe e \u00f3leo de krill com fosfatidilserina, cafe\u00edna natural e extrato de gengibre tailand\u00eas.","og_url":"https:\/\/bioflexnutrition.com.br\/en\/product\/omega-brain-60-caps-essential\/","og_site_name":"Bioflex Nutrition","article_modified_time":"2026-04-01T17:52:21+00:00","og_image":[{"width":1950,"height":1950,"url":"https:\/\/bioflexnutrition.com.br\/wp-content\/uploads\/2025\/06\/15350241956-omega-brain-60caps-pote.jpg","type":"image\/jpeg"}],"twitter_card":"summary_large_image","twitter_misc":{"Est. reading time":"2 minutes"},"schema":{"@context":"https:\/\/schema.org","@graph":[{"@type":["WebPage","ItemPage"],"@id":"https:\/\/bioflexnutrition.com.br\/produto\/omega-brain-60-caps-essential\/","url":"https:\/\/bioflexnutrition.com.br\/produto\/omega-brain-60-caps-essential\/","name":"Omega Brain 60 caps Essential - Bioflex Nutrition","isPartOf":{"@id":"https:\/\/bioflexnutrition.com.br\/#website"},"primaryImageOfPage":{"@id":"https:\/\/bioflexnutrition.com.br\/produto\/omega-brain-60-caps-essential\/#primaryimage"},"image":{"@id":"https:\/\/bioflexnutrition.com.br\/produto\/omega-brain-60-caps-essential\/#primaryimage"},"thumbnailUrl":"https:\/\/bioflexnutrition.com.br\/wp-content\/uploads\/2025\/06\/15350241956-omega-brain-60caps-pote.jpg","datePublished":"2025-06-06T00:14:04+00:00","dateModified":"2026-04-01T17:52:21+00:00","breadcrumb":{"@id":"https:\/\/bioflexnutrition.com.br\/produto\/omega-brain-60-caps-essential\/#breadcrumb"},"inLanguage":"en-US","potentialAction":[{"@type":"ReadAction","target":["https:\/\/bioflexnutrition.com.br\/produto\/omega-brain-60-caps-essential\/"]}]},{"@type":"ImageObject","inLanguage":"en-US","@id":"https:\/\/bioflexnutrition.com.br\/produto\/omega-brain-60-caps-essential\/#primaryimage","url":"https:\/\/bioflexnutrition.com.br\/wp-content\/uploads\/2025\/06\/15350241956-omega-brain-60caps-pote.jpg","contentUrl":"https:\/\/bioflexnutrition.com.br\/wp-content\/uploads\/2025\/06\/15350241956-omega-brain-60caps-pote.jpg","width":1950,"height":1950},{"@type":"BreadcrumbList","@id":"https:\/\/bioflexnutrition.com.br\/produto\/omega-brain-60-caps-essential\/#breadcrumb","itemListElement":[{"@type":"ListItem","position":1,"name":"In\u00edcio","item":"https:\/\/bioflexnutrition.com.br\/"},{"@type":"ListItem","position":2,"name":"Loja","item":"https:\/\/bioflexnutrition.com.br\/todos\/"},{"@type":"ListItem","position":3,"name":"Omega Brain 60 caps Essential"}]},{"@type":"WebSite","@id":"https:\/\/bioflexnutrition.com.br\/#website","url":"https:\/\/bioflexnutrition.com.br\/","name":"Bioflex Nutrition","description":"Sua loja online de Nutri\u00e7\u00e3o e Sa\u00fade","publisher":{"@id":"https:\/\/bioflexnutrition.com.br\/#organization"},"potentialAction":[{"@type":"SearchAction","target":{"@type":"EntryPoint","urlTemplate":"https:\/\/bioflexnutrition.com.br\/?s={search_term_string}"},"query-input":{"@type":"PropertyValueSpecification","valueRequired":true,"valueName":"search_term_string"}}],"inLanguage":"en-US"},{"@type":"Organization","@id":"https:\/\/bioflexnutrition.com.br\/#organization","name":"Bioflex Nutrition","url":"https:\/\/bioflexnutrition.com.br\/","logo":{"@type":"ImageObject","inLanguage":"en-US","@id":"https:\/\/bioflexnutrition.com.br\/#\/schema\/logo\/image\/","url":"https:\/\/bioflexnutrition.com.br\/wp-content\/uploads\/2025\/04\/fav.webp","contentUrl":"https:\/\/bioflexnutrition.com.br\/wp-content\/uploads\/2025\/04\/fav.webp","width":1150,"height":1000,"caption":"Bioflex Nutrition"},"image":{"@id":"https:\/\/bioflexnutrition.com.br\/#\/schema\/logo\/image\/"},"sameAs":["https:\/\/www.instagram.com\/bioflexnh\/"]}]}},"_links":{"self":[{"href":"https:\/\/bioflexnutrition.com.br\/en\/wp-json\/wp\/v2\/product\/6749","targetHints":{"allow":["GET"]}}],"collection":[{"href":"https:\/\/bioflexnutrition.com.br\/en\/wp-json\/wp\/v2\/product"}],"about":[{"href":"https:\/\/bioflexnutrition.com.br\/en\/wp-json\/wp\/v2\/types\/product"}],"replies":[{"embeddable":true,"href":"https:\/\/bioflexnutrition.com.br\/en\/wp-json\/wp\/v2\/comments?post=6749"}],"wp:featuredmedia":[{"embeddable":true,"href":"https:\/\/bioflexnutrition.com.br\/en\/wp-json\/wp\/v2\/media\/6745"}],"wp:attachment":[{"href":"https:\/\/bioflexnutrition.com.br\/en\/wp-json\/wp\/v2\/media?parent=6749"}],"wp:term":[{"taxonomy":"product_cat","embeddable":true,"href":"https:\/\/bioflexnutrition.com.br\/en\/wp-json\/wp\/v2\/product_cat?post=6749"},{"taxonomy":"product_tag","embeddable":true,"href":"https:\/\/bioflexnutrition.com.br\/en\/wp-json\/wp\/v2\/product_tag?post=6749"}],"curies":[{"name":"wp","href":"https:\/\/api.w.org\/{rel}","templated":true}]}}