{"id":6754,"date":"2025-06-05T21:14:23","date_gmt":"2025-06-06T00:14:23","guid":{"rendered":"https:\/\/bioflexnutrition.com.br\/produto\/vit-d3-2000ui-120caps-essential\/"},"modified":"2026-04-01T15:17:14","modified_gmt":"2026-04-01T18:17:14","slug":"vit-d3-2000ui-120caps-essential","status":"publish","type":"product","link":"https:\/\/bioflexnutrition.com.br\/en\/product\/vit-d3-2000ui-120caps-essential\/","title":{"rendered":"VIT D3 2000UI 120CAPS ESSENTIAL"},"content":{"rendered":"<h2>Vitamina D e imunidade para a sua rotina<\/h2>\n<p><strong>VIT D3<\/strong> traz a vitamina D em sua forma ativa (<em>colecalciferol<\/em>), em um meio lipof\u00edlico (com azeite de oliva extravirgem prensado a frio e TCM).<\/p>\n<p>Isso quer dizer que ela est\u00e1 pronta para ser utilizada pelo organismo de forma r\u00e1pida e eficiente.<\/p>\n<p>A <strong>vitamina D<\/strong> \u00e9 essencial para o equil\u00edbrio do organismo, pois possui muitas propriedades nutricionais e auxilia no funcionamento do sistema imune e na forma\u00e7\u00e3o de ossos e dentes.<\/p>\n<ul>\n<li>2000UI por c\u00e1psula<\/li>\n<li>120 c\u00e1psulas<\/li>\n<li>Azeite de oliva<\/li>\n<li>TCM<\/li>\n<\/ul>\n<h3>A vitamina D auxilia:<\/h3>\n<ul>\n<li>No funcionamento do sistema imune<\/li>\n<li>Na forma\u00e7\u00e3o de ossos e dentes<\/li>\n<li>Na absor\u00e7\u00e3o de c\u00e1lcio e f\u00f3sforo<\/li>\n<li>Na manuten\u00e7\u00e3o de n\u00edveis de c\u00e1lcio no sangue<\/li>\n<li>No processo de divis\u00e3o celular<\/li>\n<li>No funcionamento muscular<\/li>\n<\/ul>\n<h2>Combina\u00e7\u00e3o inteligente. Absor\u00e7\u00e3o eficiente.<\/h2>\n<p>A vitamina D \u00e9 lipossol\u00favel, ou seja, sua absor\u00e7\u00e3o depende da presen\u00e7a de gordura durante a digest\u00e3o.<\/p>\n<p>O azeite de oliva extravirgem prensado a frio e o TCM s\u00e3o fontes de gordura com excelente perfil de \u00e1cidos graxos e grandes propriedades. Foram essas gorduras que escolhemos para compor a f\u00f3rmula de <strong>VIT D3<\/strong>, tornando sua suplementa\u00e7\u00e3o ainda mais eficiente.<\/p>\n<p><strong>120 c\u00e1psulas para 4 meses de suplementa\u00e7\u00e3o.<\/strong><\/p>\n<p><strong>Melhor custo-benef\u00edcio.<\/strong><\/p>\n<h3>A vitamina D nos alimentos<\/h3>\n<ul>\n<li>\u00d3leo de f\u00edgado de bacalhau (1 colher de sopa): 1360UI<\/li>\n<li>Cogumelo Shiitake (50g): 800UI<\/li>\n<li>Salm\u00e3o (1 fil\u00e9 \u2013 100g): 794UI<\/li>\n<li>Atum (1 posta \u2013 100g): 154UI<\/li>\n<li>Ovo (gema \u2013 1 unidade): 26UI<\/li>\n<\/ul>\n<h2>Essencial em todas as etapas do desenvolvimento humano<\/h2>\n<p>N\u00e3o existe etapa da vida em que a vitamina D seja dispens\u00e1vel. Mas \u00e9, principalmente, ap\u00f3s os 30 anos que a nossa capacidade de produzir vitamina D atrav\u00e9s do sol diminui.<\/p>\n<h3>A vitamina do sol dia e noite com voc\u00ea<\/h3>\n<p>A vitamina D3 (<em>colecalciferol<\/em>) \u00e9 produzida no nosso pr\u00f3prio corpo. Vinte minutos de sol por dia sem protetor solar s\u00e3o suficientes para fornecer a quantidade de vitamina D de que precisamos.<\/p>\n<p>Mas, mesmo em um pa\u00eds ensolarado como o Brasil, por que ser\u00e1 que muitas pessoas apresentam baixos n\u00edveis dessa vitamina?<\/p>\n<p>Atualmente, grande parte do nosso dia acontece dentro de escrit\u00f3rios, ou seja, ambientes fechados. Nem todo mundo consegue reservar um per\u00edodo do dia para pegar um sol.<\/p>\n<p><strong>VIT D3<\/strong> j\u00e1 fornece a vitamina D em sua forma ativa, em um meio lipof\u00edlico, tornando sua suplementa\u00e7\u00e3o mais eficiente.<\/p>\n<h3>Vitamina D para idosos<\/h3>\n<p>Com o avan\u00e7o da idade, temos maiores chances de desenvolver insufici\u00eancia de vitamina D, em parte porque nossa pele vai perdendo a capacidade de sintetizar a vitamina D e tamb\u00e9m por passarmos mais tempo em ambientes fechados, sem contato direto com a luz do sol.<\/p>\n<h3>Vitamina D para crian\u00e7as<\/h3>\n<p>Por ter um papel fundamental no desenvolvimento e no equil\u00edbrio do nosso corpo, manter bons n\u00edveis de vitamina D \u00e9 essencial para o desenvolvimento das crian\u00e7as.<\/p>\n<h2>INFORMA\u00c7\u00c3O NUTRICIONAL<\/h2>\n<p>Coloque uma aten\u00e7\u00e3o especial na lista de ingredientes: o ingrediente que estiver em maior quantidade vem primeiro, e assim por diante. Voc\u00ea vai perceber que todos os produtos da linha Essential s\u00e3o livres de calorias vazias e cheios de ingredientes naturais. Tudo que adicionamos contribui para uma nutri\u00e7\u00e3o mais completa.<\/p>\n<h3>TABELA NUTRICIONAL<\/h3>\n<p><strong>Por\u00e7\u00f5es por embalagem:<\/strong> 120 (120 c\u00e1psulas)<br \/><strong>Por\u00e7\u00e3o:<\/strong> 0,8g (1 c\u00e1psula)<\/p>\n<table border=\"1\" cellpadding=\"6\" cellspacing=\"0\">\n<thead>\n<tr>\n<th>Componente<\/th>\n<th>0,8g<\/th>\n<th>%VD*<\/th>\n<\/tr>\n<\/thead>\n<tbody>\n<tr>\n<td>Valor energ\u00e9tico (kcal)<\/td>\n<td>5<\/td>\n<td>0<\/td>\n<\/tr>\n<tr>\n<td>Gorduras totais (g)<\/td>\n<td>0,5<\/td>\n<td>1<\/td>\n<\/tr>\n<tr>\n<td>Gorduras saturadas (g)<\/td>\n<td>0,2<\/td>\n<td>1<\/td>\n<\/tr>\n<tr>\n<td>\u00c1cido c\u00e1prico (g)<\/td>\n<td>0,08<\/td>\n<td>&#8211;<\/td>\n<\/tr>\n<tr>\n<td>\u00c1cido capr\u00edlico (g)<\/td>\n<td>0,12<\/td>\n<td>&#8211;<\/td>\n<\/tr>\n<tr>\n<td>Gorduras trans (g)<\/td>\n<td>0<\/td>\n<td>0<\/td>\n<\/tr>\n<tr>\n<td>Gorduras monoinsaturadas (g)<\/td>\n<td>0,2<\/td>\n<td>1<\/td>\n<\/tr>\n<tr>\n<td>\u00d4mega 9 (g)<\/td>\n<td>0,2<\/td>\n<td>&#8211;<\/td>\n<\/tr>\n<tr>\n<td>\u00c1cido oleico (g)<\/td>\n<td>0,2<\/td>\n<td>&#8211;<\/td>\n<\/tr>\n<tr>\n<td>Vitamina D (\u03bcg)<\/td>\n<td>50<\/td>\n<td>&#8211;<\/td>\n<\/tr>\n<\/tbody>\n<\/table>\n<p><em>N\u00e3o cont\u00e9m quantidades significativas de carboidratos, a\u00e7\u00facares totais, a\u00e7\u00facares adicionados, prote\u00ednas, fibras alimentares e s\u00f3dio.<br \/>*Percentual de valores di\u00e1rios fornecidos pela por\u00e7\u00e3o.<\/em><\/p>\n<h3>Ingredientes<\/h3>\n<p>Azeite de oliva extravirgem, triglicer\u00eddeos de cadeia m\u00e9dia e colecalciferol.<\/p>\n<p><strong>Composi\u00e7\u00e3o da c\u00e1psula:<\/strong> gelatina, \u00e1gua purificada e umectante glicerina.<\/p>\n<p><strong>N\u00c3O CONT\u00c9M GL\u00daTEN.<\/strong><\/p>\n<h3>MODO DE USO<\/h3>\n<ul>\n<li>Ingerir uma c\u00e1psula ao dia, com as principais refei\u00e7\u00f5es, ou conforme orienta\u00e7\u00e3o de m\u00e9dico ou nutricionista.<\/li>\n<li>Manter este produto bem fechado em local fresco, seco e ao abrigo da luz solar.<\/li>\n<li>Ap\u00f3s aberto, consumir em at\u00e9 150 dias.<\/li>\n<li>Este produto \u00e9 recomendado para adultos (\u226519 anos).<\/li>\n<\/ul>\n<p><strong>Advert\u00eancias:<\/strong><\/p>\n<ul>\n<li>\u201cEste produto n\u00e3o \u00e9 um medicamento.\u201d<\/li>\n<li>\u201cN\u00e3o exceder a recomenda\u00e7\u00e3o di\u00e1ria de consumo indicada na embalagem.\u201d<\/li>\n<li>\u201cMantenha fora do alcance de crian\u00e7as.\u201d<\/li>\n<\/ul>","protected":false},"excerpt":{"rendered":"<p>Vit D3<\/p>\n<p>F\u00f3rmula com alta concentra\u00e7\u00e3o de vitamina D3 na forma ativa, que auxilia no funcionamento do sistema imune, na forma\u00e7\u00e3o dos ossos e dentes e na manuten\u00e7\u00e3o de n\u00edveis de c\u00e1lcio no sangue. Cont\u00e9m TCM e azeite de oliva extravirgem para melhor aproveitamento no organismo.<\/p>","protected":false},"featured_media":6750,"comment_status":"open","ping_status":"closed","template":"","meta":{"_joinchat":[]},"product_cat":[248,160,284,157,164,230,280],"product_tag":[],"class_list":{"0":"post-6754","1":"product","2":"type-product","3":"status-publish","4":"has-post-thumbnail","6":"product_cat-categorias-e","7":"product_cat-essential","8":"product_cat-imunidade","9":"product_cat-marcas","10":"product_cat-objetivos-especificos","11":"product_cat-saude-e-bem-estar","12":"product_cat-vitaminas","14":"first","15":"instock","16":"shipping-taxable","17":"purchasable","18":"product-type-simple","19":"col-xs-6 col-sm-4","20":"col-md-3 col-lg-3","21":"un-4-cols"},"yoast_head":"<!-- This site is optimized with the Yoast SEO plugin v27.3 - https:\/\/yoast.com\/product\/yoast-seo-wordpress\/ -->\n<title>VIT D3 2000UI 120CAPS ESSENTIAL - Bioflex Nutrition<\/title>\n<meta name=\"robots\" content=\"index, follow, max-snippet:-1, max-image-preview:large, max-video-preview:-1\" \/>\n<link rel=\"canonical\" href=\"https:\/\/bioflexnutrition.com.br\/en\/product\/vit-d3-2000ui-120caps-essential\/\" \/>\n<meta property=\"og:locale\" content=\"en_US\" \/>\n<meta property=\"og:type\" content=\"article\" \/>\n<meta property=\"og:title\" content=\"VIT D3 2000UI 120CAPS ESSENTIAL - Bioflex Nutrition\" \/>\n<meta property=\"og:description\" content=\"Vit D3 F\u00f3rmula com alta concentra\u00e7\u00e3o de vitamina D3 na forma ativa, que auxilia no funcionamento do sistema imune, na forma\u00e7\u00e3o dos ossos e dentes e na manuten\u00e7\u00e3o de n\u00edveis de c\u00e1lcio no sangue. Cont\u00e9m TCM e azeite de oliva extravirgem para melhor aproveitamento no organismo.\" \/>\n<meta property=\"og:url\" content=\"https:\/\/bioflexnutrition.com.br\/en\/product\/vit-d3-2000ui-120caps-essential\/\" \/>\n<meta property=\"og:site_name\" content=\"Bioflex Nutrition\" \/>\n<meta property=\"article:modified_time\" content=\"2026-04-01T18:17:14+00:00\" \/>\n<meta property=\"og:image\" content=\"https:\/\/bioflexnutrition.com.br\/wp-content\/uploads\/2025\/06\/15351214480-vitd3-pote.jpg\" \/>\n\t<meta property=\"og:image:width\" content=\"1950\" \/>\n\t<meta property=\"og:image:height\" content=\"1950\" \/>\n\t<meta property=\"og:image:type\" content=\"image\/jpeg\" \/>\n<meta name=\"twitter:card\" content=\"summary_large_image\" \/>\n<meta name=\"twitter:label1\" content=\"Est. reading time\" \/>\n\t<meta name=\"twitter:data1\" content=\"4 minutes\" \/>\n<script type=\"application\/ld+json\" class=\"yoast-schema-graph\">{\"@context\":\"https:\\\/\\\/schema.org\",\"@graph\":[{\"@type\":[\"WebPage\",\"ItemPage\"],\"@id\":\"https:\\\/\\\/bioflexnutrition.com.br\\\/produto\\\/vit-d3-2000ui-120caps-essential\\\/\",\"url\":\"https:\\\/\\\/bioflexnutrition.com.br\\\/produto\\\/vit-d3-2000ui-120caps-essential\\\/\",\"name\":\"VIT D3 2000UI 120CAPS ESSENTIAL - Bioflex Nutrition\",\"isPartOf\":{\"@id\":\"https:\\\/\\\/bioflexnutrition.com.br\\\/#website\"},\"primaryImageOfPage\":{\"@id\":\"https:\\\/\\\/bioflexnutrition.com.br\\\/produto\\\/vit-d3-2000ui-120caps-essential\\\/#primaryimage\"},\"image\":{\"@id\":\"https:\\\/\\\/bioflexnutrition.com.br\\\/produto\\\/vit-d3-2000ui-120caps-essential\\\/#primaryimage\"},\"thumbnailUrl\":\"https:\\\/\\\/bioflexnutrition.com.br\\\/wp-content\\\/uploads\\\/2025\\\/06\\\/15351214480-vitd3-pote.jpg\",\"datePublished\":\"2025-06-06T00:14:23+00:00\",\"dateModified\":\"2026-04-01T18:17:14+00:00\",\"breadcrumb\":{\"@id\":\"https:\\\/\\\/bioflexnutrition.com.br\\\/produto\\\/vit-d3-2000ui-120caps-essential\\\/#breadcrumb\"},\"inLanguage\":\"en-US\",\"potentialAction\":[{\"@type\":\"ReadAction\",\"target\":[\"https:\\\/\\\/bioflexnutrition.com.br\\\/produto\\\/vit-d3-2000ui-120caps-essential\\\/\"]}]},{\"@type\":\"ImageObject\",\"inLanguage\":\"en-US\",\"@id\":\"https:\\\/\\\/bioflexnutrition.com.br\\\/produto\\\/vit-d3-2000ui-120caps-essential\\\/#primaryimage\",\"url\":\"https:\\\/\\\/bioflexnutrition.com.br\\\/wp-content\\\/uploads\\\/2025\\\/06\\\/15351214480-vitd3-pote.jpg\",\"contentUrl\":\"https:\\\/\\\/bioflexnutrition.com.br\\\/wp-content\\\/uploads\\\/2025\\\/06\\\/15351214480-vitd3-pote.jpg\",\"width\":1950,\"height\":1950},{\"@type\":\"BreadcrumbList\",\"@id\":\"https:\\\/\\\/bioflexnutrition.com.br\\\/produto\\\/vit-d3-2000ui-120caps-essential\\\/#breadcrumb\",\"itemListElement\":[{\"@type\":\"ListItem\",\"position\":1,\"name\":\"In\u00edcio\",\"item\":\"https:\\\/\\\/bioflexnutrition.com.br\\\/\"},{\"@type\":\"ListItem\",\"position\":2,\"name\":\"Loja\",\"item\":\"https:\\\/\\\/bioflexnutrition.com.br\\\/todos\\\/\"},{\"@type\":\"ListItem\",\"position\":3,\"name\":\"VIT D3 2000UI 120CAPS ESSENTIAL\"}]},{\"@type\":\"WebSite\",\"@id\":\"https:\\\/\\\/bioflexnutrition.com.br\\\/#website\",\"url\":\"https:\\\/\\\/bioflexnutrition.com.br\\\/\",\"name\":\"Bioflex Nutrition\",\"description\":\"Sua loja online de Nutri\u00e7\u00e3o e Sa\u00fade\",\"publisher\":{\"@id\":\"https:\\\/\\\/bioflexnutrition.com.br\\\/#organization\"},\"potentialAction\":[{\"@type\":\"SearchAction\",\"target\":{\"@type\":\"EntryPoint\",\"urlTemplate\":\"https:\\\/\\\/bioflexnutrition.com.br\\\/?s={search_term_string}\"},\"query-input\":{\"@type\":\"PropertyValueSpecification\",\"valueRequired\":true,\"valueName\":\"search_term_string\"}}],\"inLanguage\":\"en-US\"},{\"@type\":\"Organization\",\"@id\":\"https:\\\/\\\/bioflexnutrition.com.br\\\/#organization\",\"name\":\"Bioflex Nutrition\",\"url\":\"https:\\\/\\\/bioflexnutrition.com.br\\\/\",\"logo\":{\"@type\":\"ImageObject\",\"inLanguage\":\"en-US\",\"@id\":\"https:\\\/\\\/bioflexnutrition.com.br\\\/#\\\/schema\\\/logo\\\/image\\\/\",\"url\":\"https:\\\/\\\/bioflexnutrition.com.br\\\/wp-content\\\/uploads\\\/2025\\\/04\\\/fav.webp\",\"contentUrl\":\"https:\\\/\\\/bioflexnutrition.com.br\\\/wp-content\\\/uploads\\\/2025\\\/04\\\/fav.webp\",\"width\":1150,\"height\":1000,\"caption\":\"Bioflex Nutrition\"},\"image\":{\"@id\":\"https:\\\/\\\/bioflexnutrition.com.br\\\/#\\\/schema\\\/logo\\\/image\\\/\"},\"sameAs\":[\"https:\\\/\\\/www.instagram.com\\\/bioflexnh\\\/\"]}]}<\/script>\n<!-- \/ Yoast SEO plugin. -->","yoast_head_json":{"title":"VIT D3 2000UI 120CAPS ESSENTIAL - Bioflex Nutrition","robots":{"index":"index","follow":"follow","max-snippet":"max-snippet:-1","max-image-preview":"max-image-preview:large","max-video-preview":"max-video-preview:-1"},"canonical":"https:\/\/bioflexnutrition.com.br\/en\/product\/vit-d3-2000ui-120caps-essential\/","og_locale":"en_US","og_type":"article","og_title":"VIT D3 2000UI 120CAPS ESSENTIAL - Bioflex Nutrition","og_description":"Vit D3 F\u00f3rmula com alta concentra\u00e7\u00e3o de vitamina D3 na forma ativa, que auxilia no funcionamento do sistema imune, na forma\u00e7\u00e3o dos ossos e dentes e na manuten\u00e7\u00e3o de n\u00edveis de c\u00e1lcio no sangue. Cont\u00e9m TCM e azeite de oliva extravirgem para melhor aproveitamento no organismo.","og_url":"https:\/\/bioflexnutrition.com.br\/en\/product\/vit-d3-2000ui-120caps-essential\/","og_site_name":"Bioflex Nutrition","article_modified_time":"2026-04-01T18:17:14+00:00","og_image":[{"width":1950,"height":1950,"url":"https:\/\/bioflexnutrition.com.br\/wp-content\/uploads\/2025\/06\/15351214480-vitd3-pote.jpg","type":"image\/jpeg"}],"twitter_card":"summary_large_image","twitter_misc":{"Est. reading time":"4 minutes"},"schema":{"@context":"https:\/\/schema.org","@graph":[{"@type":["WebPage","ItemPage"],"@id":"https:\/\/bioflexnutrition.com.br\/produto\/vit-d3-2000ui-120caps-essential\/","url":"https:\/\/bioflexnutrition.com.br\/produto\/vit-d3-2000ui-120caps-essential\/","name":"VIT D3 2000UI 120CAPS ESSENTIAL - Bioflex Nutrition","isPartOf":{"@id":"https:\/\/bioflexnutrition.com.br\/#website"},"primaryImageOfPage":{"@id":"https:\/\/bioflexnutrition.com.br\/produto\/vit-d3-2000ui-120caps-essential\/#primaryimage"},"image":{"@id":"https:\/\/bioflexnutrition.com.br\/produto\/vit-d3-2000ui-120caps-essential\/#primaryimage"},"thumbnailUrl":"https:\/\/bioflexnutrition.com.br\/wp-content\/uploads\/2025\/06\/15351214480-vitd3-pote.jpg","datePublished":"2025-06-06T00:14:23+00:00","dateModified":"2026-04-01T18:17:14+00:00","breadcrumb":{"@id":"https:\/\/bioflexnutrition.com.br\/produto\/vit-d3-2000ui-120caps-essential\/#breadcrumb"},"inLanguage":"en-US","potentialAction":[{"@type":"ReadAction","target":["https:\/\/bioflexnutrition.com.br\/produto\/vit-d3-2000ui-120caps-essential\/"]}]},{"@type":"ImageObject","inLanguage":"en-US","@id":"https:\/\/bioflexnutrition.com.br\/produto\/vit-d3-2000ui-120caps-essential\/#primaryimage","url":"https:\/\/bioflexnutrition.com.br\/wp-content\/uploads\/2025\/06\/15351214480-vitd3-pote.jpg","contentUrl":"https:\/\/bioflexnutrition.com.br\/wp-content\/uploads\/2025\/06\/15351214480-vitd3-pote.jpg","width":1950,"height":1950},{"@type":"BreadcrumbList","@id":"https:\/\/bioflexnutrition.com.br\/produto\/vit-d3-2000ui-120caps-essential\/#breadcrumb","itemListElement":[{"@type":"ListItem","position":1,"name":"In\u00edcio","item":"https:\/\/bioflexnutrition.com.br\/"},{"@type":"ListItem","position":2,"name":"Loja","item":"https:\/\/bioflexnutrition.com.br\/todos\/"},{"@type":"ListItem","position":3,"name":"VIT D3 2000UI 120CAPS ESSENTIAL"}]},{"@type":"WebSite","@id":"https:\/\/bioflexnutrition.com.br\/#website","url":"https:\/\/bioflexnutrition.com.br\/","name":"Bioflex Nutrition","description":"Sua loja online de Nutri\u00e7\u00e3o e Sa\u00fade","publisher":{"@id":"https:\/\/bioflexnutrition.com.br\/#organization"},"potentialAction":[{"@type":"SearchAction","target":{"@type":"EntryPoint","urlTemplate":"https:\/\/bioflexnutrition.com.br\/?s={search_term_string}"},"query-input":{"@type":"PropertyValueSpecification","valueRequired":true,"valueName":"search_term_string"}}],"inLanguage":"en-US"},{"@type":"Organization","@id":"https:\/\/bioflexnutrition.com.br\/#organization","name":"Bioflex Nutrition","url":"https:\/\/bioflexnutrition.com.br\/","logo":{"@type":"ImageObject","inLanguage":"en-US","@id":"https:\/\/bioflexnutrition.com.br\/#\/schema\/logo\/image\/","url":"https:\/\/bioflexnutrition.com.br\/wp-content\/uploads\/2025\/04\/fav.webp","contentUrl":"https:\/\/bioflexnutrition.com.br\/wp-content\/uploads\/2025\/04\/fav.webp","width":1150,"height":1000,"caption":"Bioflex Nutrition"},"image":{"@id":"https:\/\/bioflexnutrition.com.br\/#\/schema\/logo\/image\/"},"sameAs":["https:\/\/www.instagram.com\/bioflexnh\/"]}]}},"_links":{"self":[{"href":"https:\/\/bioflexnutrition.com.br\/en\/wp-json\/wp\/v2\/product\/6754","targetHints":{"allow":["GET"]}}],"collection":[{"href":"https:\/\/bioflexnutrition.com.br\/en\/wp-json\/wp\/v2\/product"}],"about":[{"href":"https:\/\/bioflexnutrition.com.br\/en\/wp-json\/wp\/v2\/types\/product"}],"replies":[{"embeddable":true,"href":"https:\/\/bioflexnutrition.com.br\/en\/wp-json\/wp\/v2\/comments?post=6754"}],"wp:featuredmedia":[{"embeddable":true,"href":"https:\/\/bioflexnutrition.com.br\/en\/wp-json\/wp\/v2\/media\/6750"}],"wp:attachment":[{"href":"https:\/\/bioflexnutrition.com.br\/en\/wp-json\/wp\/v2\/media?parent=6754"}],"wp:term":[{"taxonomy":"product_cat","embeddable":true,"href":"https:\/\/bioflexnutrition.com.br\/en\/wp-json\/wp\/v2\/product_cat?post=6754"},{"taxonomy":"product_tag","embeddable":true,"href":"https:\/\/bioflexnutrition.com.br\/en\/wp-json\/wp\/v2\/product_tag?post=6754"}],"curies":[{"name":"wp","href":"https:\/\/api.w.org\/{rel}","templated":true}]}}