{"id":6764,"date":"2025-06-05T21:15:05","date_gmt":"2025-06-06T00:15:05","guid":{"rendered":"https:\/\/bioflexnutrition.com.br\/produto\/vitalift-90-caps-essential\/"},"modified":"2026-04-01T15:17:15","modified_gmt":"2026-04-01T18:17:15","slug":"vitalift-90-caps-essential","status":"publish","type":"product","link":"https:\/\/bioflexnutrition.com.br\/en\/product\/vitalift-90-caps-essential\/","title":{"rendered":"Vitalift 90 caps Essential"},"content":{"rendered":"<h2>Vitalift<\/h2>\n<p>Vitalift \u00e9 um multivitam\u00ednico em c\u00e1psulas vegetais, ideal para veganos, que fornece 13 vitaminas e 8 minerais de alto poder de absor\u00e7\u00e3o, ajudando a suprir car\u00eancias nutricionais decorrentes do ritmo de vida moderno.<\/p>\n<h3>Destaques do Produto:<\/h3>\n<ul>\n<li><strong>13 Vitaminas Ativas:<\/strong> inclui formas prontas de colecalciferol (D) e metilcobalamina (B12).<\/li>\n<li><strong>8 Minerais Quelados:<\/strong> magn\u00e9sio, zinco, cobre, mangan\u00eas, sel\u00eanio, molibd\u00eanio, cromo e iodo em forma de bisglicinatos ou quelatos para melhor absor\u00e7\u00e3o.<\/li>\n<li><strong>C\u00e1psulas Vegetais:<\/strong> sem gelatina, adequadas a vegetarianos e veganos.<\/li>\n<li><strong>Clean Label:<\/strong> sem gl\u00faten, sem calorias vazias e sem aditivos artificiais.<\/li>\n<\/ul>\n<h3>Informa\u00e7\u00e3o Nutricional<\/h3>\n<p><strong>Por\u00e7\u00f5es por embalagem:<\/strong> 90 c\u00e1psulas<br \/><strong>Por\u00e7\u00e3o:<\/strong> 0,7\u202fg (1 c\u00e1psula)<\/p>\n<table>\n<thead>\n<tr>\n<th>Componente<\/th>\n<th>Quantidade<\/th>\n<th>%VD*<\/th>\n<\/tr>\n<\/thead>\n<tbody>\n<tr>\n<td>Vitamina A (\u03bcg)<\/td>\n<td>300<\/td>\n<td>38%<\/td>\n<\/tr>\n<tr>\n<td>Vitamina D (\u03bcg)<\/td>\n<td>5<\/td>\n<td>33%<\/td>\n<\/tr>\n<tr>\n<td>Vitamina E (mg)<\/td>\n<td>10<\/td>\n<td>67%<\/td>\n<\/tr>\n<tr>\n<td>Vitamina K (\u03bcg)<\/td>\n<td>65<\/td>\n<td>54%<\/td>\n<\/tr>\n<tr>\n<td>Vitamina C (mg)<\/td>\n<td>45<\/td>\n<td>45%<\/td>\n<\/tr>\n<tr>\n<td>Vitamina B1 (mg)<\/td>\n<td>1,2<\/td>\n<td>100%<\/td>\n<\/tr>\n<tr>\n<td>Vitamina B2 (mg)<\/td>\n<td>1,3<\/td>\n<td>108%<\/td>\n<\/tr>\n<tr>\n<td>Vitamina B3 (mg)<\/td>\n<td>16<\/td>\n<td>107%<\/td>\n<\/tr>\n<tr>\n<td>Vitamina B5 (mg)<\/td>\n<td>5<\/td>\n<td>100%<\/td>\n<\/tr>\n<tr>\n<td>Vitamina B6 (mg)<\/td>\n<td>1,3<\/td>\n<td>100%<\/td>\n<\/tr>\n<tr>\n<td>Vitamina B7 (\u03bcg)<\/td>\n<td>30<\/td>\n<td>100%<\/td>\n<\/tr>\n<tr>\n<td>Vitamina B9 (\u03bcg)<\/td>\n<td>100<\/td>\n<td>42%<\/td>\n<\/tr>\n<tr>\n<td>Vitamina B12 (\u03bcg)<\/td>\n<td>2,4<\/td>\n<td>100%<\/td>\n<\/tr>\n<tr>\n<td>Cobre (\u03bcg)<\/td>\n<td>250<\/td>\n<td>28%<\/td>\n<\/tr>\n<tr>\n<td>Cromo (\u03bcg)<\/td>\n<td>25<\/td>\n<td>71%<\/td>\n<\/tr>\n<tr>\n<td>Iodo (\u03bcg)<\/td>\n<td>75<\/td>\n<td>50%<\/td>\n<\/tr>\n<tr>\n<td>Magn\u00e9sio (mg)<\/td>\n<td>63<\/td>\n<td>15%<\/td>\n<\/tr>\n<tr>\n<td>Mangan\u00eas (mg)<\/td>\n<td>0,35<\/td>\n<td>12%<\/td>\n<\/tr>\n<tr>\n<td>Molibd\u00eanio (\u03bcg)<\/td>\n<td>45<\/td>\n<td>100%<\/td>\n<\/tr>\n<tr>\n<td>Sel\u00eanio (\u03bcg)<\/td>\n<td>25<\/td>\n<td>42%<\/td>\n<\/tr>\n<tr>\n<td>Zinco (mg)<\/td>\n<td>7<\/td>\n<td>64%<\/td>\n<\/tr>\n<\/tbody>\n<\/table>\n<p><em>*Percentual de valores di\u00e1rios de refer\u00eancia (VD) com base em uma dieta de 2.000\u202fkcal.<\/em><\/p>\n<h3>Ingredientes<\/h3>\n<p>Blend de vitaminas e minerais: bisglicinato de magn\u00e9sio, \u00e1cido asc\u00f3rbico revestido, bisglicinato de zinco, mix de tocofer\u00f3is, betacaroteno, nicotinamida, pantotenato de c\u00e1lcio, menaquinona\u20117, fitomenadiona, bisglicinato de cobre, L\u2011selenomethionina, bisglicinato de mangan\u00eas, colecalciferol (vegano), cloridrato de tiamina, riboflavina\u20115\u2011fosfato, piridoxal\u20115\u2011fosfato, acetato de retinol, picolinato de cromo, molibdato de s\u00f3dio, L\u2011metilfolato de c\u00e1lcio, iodeto de pot\u00e1ssio e biotina;<br \/>estabilizante: celulose microcristalina;<br \/>antiumectante: di\u00f3xido de sil\u00edcio;<br \/><strong>C\u00e1psula vegetal:<\/strong> hidroxipropilmetilcelulose, carragena e corante di\u00f3xido de tit\u00e2nio.<br \/><strong>N\u00e3o cont\u00e9m gl\u00faten.<\/strong><\/p>\n<h3>Modo de Uso e Armazenamento<\/h3>\n<p>Ingerir 1 c\u00e1psula (0,7\u202fg) ao dia, preferencialmente junto a uma refei\u00e7\u00e3o, ou conforme orienta\u00e7\u00e3o de m\u00e9dico\/nutricionista.<br \/>Manter o produto bem fechado, em local fresco, seco e ao abrigo da luz solar.<br \/>Ap\u00f3s aberto, consumir em at\u00e9 90 dias.<br \/>Este produto \u00e9 recomendado para adultos (\u226519\u202fanos).<br \/>Este produto n\u00e3o deve ser consumido por gestantes, lactantes e crian\u00e7as.<br \/>\u201cEste produto n\u00e3o \u00e9 um medicamento.\u201d<br \/>\u201cN\u00e3o exceder a recomenda\u00e7\u00e3o di\u00e1ria de consumo indicada na embalagem.\u201d<br \/>\u201cMantenha fora do alcance de crian\u00e7as.\u201d<\/p>","protected":false},"excerpt":{"rendered":"<p>Vitalift<\/p>\n<p>\u00a0<\/p>\n<p>Vegan<\/p>\n<p>Multivitam\u00ednico completo, que re\u00fane excelentes concentra\u00e7\u00f5es de nutrientes essenciais na sua melhor forma para potencializar a absor\u00e7\u00e3o e o aproveitamento pelo corpo, proporcionando um aporte nutricional de qualidade superior.<\/p>","protected":false},"featured_media":6760,"comment_status":"open","ping_status":"closed","template":"","meta":{"_joinchat":[]},"product_cat":[248,160,199,157,164,285,198,230,280],"product_tag":[],"class_list":{"0":"post-6764","1":"product","2":"type-product","3":"status-publish","4":"has-post-thumbnail","6":"product_cat-categorias-e","7":"product_cat-essential","8":"product_cat-frete-gratis","9":"product_cat-marcas","10":"product_cat-objetivos-especificos","11":"product_cat-outros","12":"product_cat-promocoes","13":"product_cat-saude-e-bem-estar","14":"product_cat-vitaminas","16":"first","17":"instock","18":"shipping-taxable","19":"purchasable","20":"product-type-simple","21":"col-xs-6 col-sm-4","22":"col-md-3 col-lg-3","23":"un-4-cols"},"yoast_head":"<!-- This site is optimized with the Yoast SEO plugin v27.3 - https:\/\/yoast.com\/product\/yoast-seo-wordpress\/ -->\n<title>Vitalift 90 caps Essential - Bioflex Nutrition<\/title>\n<meta name=\"robots\" content=\"index, follow, max-snippet:-1, max-image-preview:large, max-video-preview:-1\" \/>\n<link rel=\"canonical\" href=\"https:\/\/bioflexnutrition.com.br\/en\/product\/vitalift-90-caps-essential\/\" \/>\n<meta property=\"og:locale\" content=\"en_US\" \/>\n<meta property=\"og:type\" content=\"article\" \/>\n<meta property=\"og:title\" content=\"Vitalift 90 caps Essential - Bioflex Nutrition\" \/>\n<meta property=\"og:description\" content=\"Vitalift \u00a0 Vegan Multivitam\u00ednico completo, que re\u00fane excelentes concentra\u00e7\u00f5es de nutrientes essenciais na sua melhor forma para potencializar a absor\u00e7\u00e3o e o aproveitamento pelo corpo, proporcionando um aporte nutricional de qualidade superior.\" \/>\n<meta property=\"og:url\" content=\"https:\/\/bioflexnutrition.com.br\/en\/product\/vitalift-90-caps-essential\/\" \/>\n<meta property=\"og:site_name\" content=\"Bioflex Nutrition\" \/>\n<meta property=\"article:modified_time\" content=\"2026-04-01T18:17:15+00:00\" \/>\n<meta property=\"og:image\" content=\"https:\/\/bioflexnutrition.com.br\/wp-content\/uploads\/2025\/06\/15351214780-copia-de-vitalift-pote.jpg\" \/>\n\t<meta property=\"og:image:width\" content=\"1950\" \/>\n\t<meta property=\"og:image:height\" content=\"1950\" \/>\n\t<meta property=\"og:image:type\" content=\"image\/jpeg\" \/>\n<meta name=\"twitter:card\" content=\"summary_large_image\" \/>\n<meta name=\"twitter:label1\" content=\"Est. reading time\" \/>\n\t<meta name=\"twitter:data1\" content=\"3 minutes\" \/>\n<script type=\"application\/ld+json\" class=\"yoast-schema-graph\">{\"@context\":\"https:\\\/\\\/schema.org\",\"@graph\":[{\"@type\":[\"WebPage\",\"ItemPage\"],\"@id\":\"https:\\\/\\\/bioflexnutrition.com.br\\\/produto\\\/vitalift-90-caps-essential\\\/\",\"url\":\"https:\\\/\\\/bioflexnutrition.com.br\\\/produto\\\/vitalift-90-caps-essential\\\/\",\"name\":\"Vitalift 90 caps Essential - Bioflex Nutrition\",\"isPartOf\":{\"@id\":\"https:\\\/\\\/bioflexnutrition.com.br\\\/#website\"},\"primaryImageOfPage\":{\"@id\":\"https:\\\/\\\/bioflexnutrition.com.br\\\/produto\\\/vitalift-90-caps-essential\\\/#primaryimage\"},\"image\":{\"@id\":\"https:\\\/\\\/bioflexnutrition.com.br\\\/produto\\\/vitalift-90-caps-essential\\\/#primaryimage\"},\"thumbnailUrl\":\"https:\\\/\\\/bioflexnutrition.com.br\\\/wp-content\\\/uploads\\\/2025\\\/06\\\/15351214780-copia-de-vitalift-pote.jpg\",\"datePublished\":\"2025-06-06T00:15:05+00:00\",\"dateModified\":\"2026-04-01T18:17:15+00:00\",\"breadcrumb\":{\"@id\":\"https:\\\/\\\/bioflexnutrition.com.br\\\/produto\\\/vitalift-90-caps-essential\\\/#breadcrumb\"},\"inLanguage\":\"en-US\",\"potentialAction\":[{\"@type\":\"ReadAction\",\"target\":[\"https:\\\/\\\/bioflexnutrition.com.br\\\/produto\\\/vitalift-90-caps-essential\\\/\"]}]},{\"@type\":\"ImageObject\",\"inLanguage\":\"en-US\",\"@id\":\"https:\\\/\\\/bioflexnutrition.com.br\\\/produto\\\/vitalift-90-caps-essential\\\/#primaryimage\",\"url\":\"https:\\\/\\\/bioflexnutrition.com.br\\\/wp-content\\\/uploads\\\/2025\\\/06\\\/15351214780-copia-de-vitalift-pote.jpg\",\"contentUrl\":\"https:\\\/\\\/bioflexnutrition.com.br\\\/wp-content\\\/uploads\\\/2025\\\/06\\\/15351214780-copia-de-vitalift-pote.jpg\",\"width\":1950,\"height\":1950},{\"@type\":\"BreadcrumbList\",\"@id\":\"https:\\\/\\\/bioflexnutrition.com.br\\\/produto\\\/vitalift-90-caps-essential\\\/#breadcrumb\",\"itemListElement\":[{\"@type\":\"ListItem\",\"position\":1,\"name\":\"In\u00edcio\",\"item\":\"https:\\\/\\\/bioflexnutrition.com.br\\\/\"},{\"@type\":\"ListItem\",\"position\":2,\"name\":\"Loja\",\"item\":\"https:\\\/\\\/bioflexnutrition.com.br\\\/todos\\\/\"},{\"@type\":\"ListItem\",\"position\":3,\"name\":\"Vitalift 90 caps Essential\"}]},{\"@type\":\"WebSite\",\"@id\":\"https:\\\/\\\/bioflexnutrition.com.br\\\/#website\",\"url\":\"https:\\\/\\\/bioflexnutrition.com.br\\\/\",\"name\":\"Bioflex Nutrition\",\"description\":\"Sua loja online de Nutri\u00e7\u00e3o e Sa\u00fade\",\"publisher\":{\"@id\":\"https:\\\/\\\/bioflexnutrition.com.br\\\/#organization\"},\"potentialAction\":[{\"@type\":\"SearchAction\",\"target\":{\"@type\":\"EntryPoint\",\"urlTemplate\":\"https:\\\/\\\/bioflexnutrition.com.br\\\/?s={search_term_string}\"},\"query-input\":{\"@type\":\"PropertyValueSpecification\",\"valueRequired\":true,\"valueName\":\"search_term_string\"}}],\"inLanguage\":\"en-US\"},{\"@type\":\"Organization\",\"@id\":\"https:\\\/\\\/bioflexnutrition.com.br\\\/#organization\",\"name\":\"Bioflex Nutrition\",\"url\":\"https:\\\/\\\/bioflexnutrition.com.br\\\/\",\"logo\":{\"@type\":\"ImageObject\",\"inLanguage\":\"en-US\",\"@id\":\"https:\\\/\\\/bioflexnutrition.com.br\\\/#\\\/schema\\\/logo\\\/image\\\/\",\"url\":\"https:\\\/\\\/bioflexnutrition.com.br\\\/wp-content\\\/uploads\\\/2025\\\/04\\\/fav.webp\",\"contentUrl\":\"https:\\\/\\\/bioflexnutrition.com.br\\\/wp-content\\\/uploads\\\/2025\\\/04\\\/fav.webp\",\"width\":1150,\"height\":1000,\"caption\":\"Bioflex Nutrition\"},\"image\":{\"@id\":\"https:\\\/\\\/bioflexnutrition.com.br\\\/#\\\/schema\\\/logo\\\/image\\\/\"},\"sameAs\":[\"https:\\\/\\\/www.instagram.com\\\/bioflexnh\\\/\"]}]}<\/script>\n<!-- \/ Yoast SEO plugin. -->","yoast_head_json":{"title":"Vitalift 90 caps Essential - Bioflex Nutrition","robots":{"index":"index","follow":"follow","max-snippet":"max-snippet:-1","max-image-preview":"max-image-preview:large","max-video-preview":"max-video-preview:-1"},"canonical":"https:\/\/bioflexnutrition.com.br\/en\/product\/vitalift-90-caps-essential\/","og_locale":"en_US","og_type":"article","og_title":"Vitalift 90 caps Essential - Bioflex Nutrition","og_description":"Vitalift \u00a0 Vegan Multivitam\u00ednico completo, que re\u00fane excelentes concentra\u00e7\u00f5es de nutrientes essenciais na sua melhor forma para potencializar a absor\u00e7\u00e3o e o aproveitamento pelo corpo, proporcionando um aporte nutricional de qualidade superior.","og_url":"https:\/\/bioflexnutrition.com.br\/en\/product\/vitalift-90-caps-essential\/","og_site_name":"Bioflex Nutrition","article_modified_time":"2026-04-01T18:17:15+00:00","og_image":[{"width":1950,"height":1950,"url":"https:\/\/bioflexnutrition.com.br\/wp-content\/uploads\/2025\/06\/15351214780-copia-de-vitalift-pote.jpg","type":"image\/jpeg"}],"twitter_card":"summary_large_image","twitter_misc":{"Est. reading time":"3 minutes"},"schema":{"@context":"https:\/\/schema.org","@graph":[{"@type":["WebPage","ItemPage"],"@id":"https:\/\/bioflexnutrition.com.br\/produto\/vitalift-90-caps-essential\/","url":"https:\/\/bioflexnutrition.com.br\/produto\/vitalift-90-caps-essential\/","name":"Vitalift 90 caps Essential - Bioflex Nutrition","isPartOf":{"@id":"https:\/\/bioflexnutrition.com.br\/#website"},"primaryImageOfPage":{"@id":"https:\/\/bioflexnutrition.com.br\/produto\/vitalift-90-caps-essential\/#primaryimage"},"image":{"@id":"https:\/\/bioflexnutrition.com.br\/produto\/vitalift-90-caps-essential\/#primaryimage"},"thumbnailUrl":"https:\/\/bioflexnutrition.com.br\/wp-content\/uploads\/2025\/06\/15351214780-copia-de-vitalift-pote.jpg","datePublished":"2025-06-06T00:15:05+00:00","dateModified":"2026-04-01T18:17:15+00:00","breadcrumb":{"@id":"https:\/\/bioflexnutrition.com.br\/produto\/vitalift-90-caps-essential\/#breadcrumb"},"inLanguage":"en-US","potentialAction":[{"@type":"ReadAction","target":["https:\/\/bioflexnutrition.com.br\/produto\/vitalift-90-caps-essential\/"]}]},{"@type":"ImageObject","inLanguage":"en-US","@id":"https:\/\/bioflexnutrition.com.br\/produto\/vitalift-90-caps-essential\/#primaryimage","url":"https:\/\/bioflexnutrition.com.br\/wp-content\/uploads\/2025\/06\/15351214780-copia-de-vitalift-pote.jpg","contentUrl":"https:\/\/bioflexnutrition.com.br\/wp-content\/uploads\/2025\/06\/15351214780-copia-de-vitalift-pote.jpg","width":1950,"height":1950},{"@type":"BreadcrumbList","@id":"https:\/\/bioflexnutrition.com.br\/produto\/vitalift-90-caps-essential\/#breadcrumb","itemListElement":[{"@type":"ListItem","position":1,"name":"In\u00edcio","item":"https:\/\/bioflexnutrition.com.br\/"},{"@type":"ListItem","position":2,"name":"Loja","item":"https:\/\/bioflexnutrition.com.br\/todos\/"},{"@type":"ListItem","position":3,"name":"Vitalift 90 caps Essential"}]},{"@type":"WebSite","@id":"https:\/\/bioflexnutrition.com.br\/#website","url":"https:\/\/bioflexnutrition.com.br\/","name":"Bioflex Nutrition","description":"Sua loja online de Nutri\u00e7\u00e3o e Sa\u00fade","publisher":{"@id":"https:\/\/bioflexnutrition.com.br\/#organization"},"potentialAction":[{"@type":"SearchAction","target":{"@type":"EntryPoint","urlTemplate":"https:\/\/bioflexnutrition.com.br\/?s={search_term_string}"},"query-input":{"@type":"PropertyValueSpecification","valueRequired":true,"valueName":"search_term_string"}}],"inLanguage":"en-US"},{"@type":"Organization","@id":"https:\/\/bioflexnutrition.com.br\/#organization","name":"Bioflex Nutrition","url":"https:\/\/bioflexnutrition.com.br\/","logo":{"@type":"ImageObject","inLanguage":"en-US","@id":"https:\/\/bioflexnutrition.com.br\/#\/schema\/logo\/image\/","url":"https:\/\/bioflexnutrition.com.br\/wp-content\/uploads\/2025\/04\/fav.webp","contentUrl":"https:\/\/bioflexnutrition.com.br\/wp-content\/uploads\/2025\/04\/fav.webp","width":1150,"height":1000,"caption":"Bioflex Nutrition"},"image":{"@id":"https:\/\/bioflexnutrition.com.br\/#\/schema\/logo\/image\/"},"sameAs":["https:\/\/www.instagram.com\/bioflexnh\/"]}]}},"_links":{"self":[{"href":"https:\/\/bioflexnutrition.com.br\/en\/wp-json\/wp\/v2\/product\/6764","targetHints":{"allow":["GET"]}}],"collection":[{"href":"https:\/\/bioflexnutrition.com.br\/en\/wp-json\/wp\/v2\/product"}],"about":[{"href":"https:\/\/bioflexnutrition.com.br\/en\/wp-json\/wp\/v2\/types\/product"}],"replies":[{"embeddable":true,"href":"https:\/\/bioflexnutrition.com.br\/en\/wp-json\/wp\/v2\/comments?post=6764"}],"wp:featuredmedia":[{"embeddable":true,"href":"https:\/\/bioflexnutrition.com.br\/en\/wp-json\/wp\/v2\/media\/6760"}],"wp:attachment":[{"href":"https:\/\/bioflexnutrition.com.br\/en\/wp-json\/wp\/v2\/media?parent=6764"}],"wp:term":[{"taxonomy":"product_cat","embeddable":true,"href":"https:\/\/bioflexnutrition.com.br\/en\/wp-json\/wp\/v2\/product_cat?post=6764"},{"taxonomy":"product_tag","embeddable":true,"href":"https:\/\/bioflexnutrition.com.br\/en\/wp-json\/wp\/v2\/product_tag?post=6764"}],"curies":[{"name":"wp","href":"https:\/\/api.w.org\/{rel}","templated":true}]}}