{"id":6773,"date":"2025-06-05T21:15:48","date_gmt":"2025-06-06T00:15:48","guid":{"rendered":"https:\/\/bioflexnutrition.com.br\/produto\/acai-whey-essential-360g\/"},"modified":"2026-03-31T16:00:33","modified_gmt":"2026-03-31T19:00:33","slug":"acai-whey-essential-360g","status":"publish","type":"product","link":"https:\/\/bioflexnutrition.com.br\/en\/product\/acai-whey-essential-360g\/","title":{"rendered":"ACAI WHEY ESSENTIAL 360G"},"content":{"rendered":"<h2>O que \u00e9 A\u00e7a\u00ed Whey<\/h2>\n<p>Para trazer o delicioso sabor natural do Brasil, unimos o nosso blend de <strong>Whey Protein Hidrolisado e Isolado<\/strong> com as frutas liofilizadas <strong>a\u00e7a\u00ed do Par\u00e1<\/strong> (com certifica\u00e7\u00e3o org\u00e2nica internacional) e banana, al\u00e9m de <strong>col\u00e1geno hidrolisado em pept\u00eddeos<\/strong>, que agregam valor \u00e0 formula\u00e7\u00e3o e complementam a a\u00e7\u00e3o do produto.<\/p>\n<p>Cada dose de <strong>A\u00e7a\u00ed Whey<\/strong> fornece 44% das necessidades di\u00e1rias de prote\u00edna recomendadas para um adulto. Essas prote\u00ednas s\u00e3o obtidas atrav\u00e9s do processo <strong>CFM (Cross-Flow Microfiltration)<\/strong>, um m\u00e9todo de extra\u00e7\u00e3o limpo e purificado, que n\u00e3o utiliza produtos qu\u00edmicos para isolar a prote\u00edna de componentes indesej\u00e1veis como case\u00edna, gordura, carboidratos e lactose.<\/p>\n<h3>Cont\u00e9m<\/h3>\n<ul>\n<li>Whey Protein Hidrolisado e Isolado (Thermax\u00ae 690 e Provon\u00ae 292)<\/li>\n<li>Col\u00e1geno hidrolisado em pept\u00eddeos \u2013 Peptan\u00ae<\/li>\n<li>BCAA naturalmente em sua composi\u00e7\u00e3o<\/li>\n<li>A\u00e7a\u00ed do Par\u00e1 liofilizado (com certifica\u00e7\u00e3o org\u00e2nica internacional)<\/li>\n<li>Banana liofilizada<\/li>\n<li>Ado\u00e7ado com est\u00e9via<\/li>\n<\/ul>\n<h3>N\u00e3o Cont\u00e9m<\/h3>\n<ul>\n<li>Whey Protein concentrado<\/li>\n<li>Albumina<\/li>\n<li>Case\u00edna<\/li>\n<li>Ado\u00e7antes artificiais<\/li>\n<li>Corantes artificiais<\/li>\n<li>Gl\u00faten<\/li>\n<li>Lactose<\/li>\n<li>Conservantes<\/li>\n<li>Aromas artificiais<\/li>\n<\/ul>\n<h2>A\u00e7a\u00ed Liofilizado<\/h2>\n<p>A liofiliza\u00e7\u00e3o \u00e9 um processo de desidrata\u00e7\u00e3o da fruta natural que oferece mais sabor e uma nutri\u00e7\u00e3o superior. No <strong>A\u00e7a\u00ed Whey<\/strong>, tanto o a\u00e7a\u00ed quanto a banana s\u00e3o liofilizados e <strong>7 vezes mais concentrados<\/strong> que as frutas in natura.<\/p>\n<h2>INFORMA\u00c7\u00c3O NUTRICIONAL<\/h2>\n<p>Coloque uma aten\u00e7\u00e3o especial na lista de ingredientes: o ingrediente que estiver em maior quantidade vem primeiro, e assim por diante. Voc\u00ea vai perceber que todos os produtos da linha Essential s\u00e3o livres de calorias vazias e cheios de ingredientes naturais. Tudo que adicionamos contribui para uma nutri\u00e7\u00e3o mais completa.<\/p>\n<h3>TABELA NUTRICIONAL<\/h3>\n<p><strong>Por\u00e7\u00f5es por embalagem:<\/strong> 12 (360g)<br \/><strong>Por\u00e7\u00e3o:<\/strong> 30g (2 colheres-medidas)<\/p>\n<table border=\"1\" cellpadding=\"6\" cellspacing=\"0\">\n<thead>\n<tr>\n<th>Componente<\/th>\n<th>30g<\/th>\n<th>%VD*<\/th>\n<\/tr>\n<\/thead>\n<tbody>\n<tr>\n<td>Valor energ\u00e9tico (kcal)<\/td>\n<td>116<\/td>\n<td>6<\/td>\n<\/tr>\n<tr>\n<td>Carboidratos (g)<\/td>\n<td>3<\/td>\n<td>1<\/td>\n<\/tr>\n<tr>\n<td>A\u00e7\u00facares totais (g)<\/td>\n<td>1,4<\/td>\n<td>&#8211;<\/td>\n<\/tr>\n<tr>\n<td>A\u00e7\u00facares adicionados (g)<\/td>\n<td>0,1<\/td>\n<td>0<\/td>\n<\/tr>\n<tr>\n<td>Poli\u00f3is totais (g)<\/td>\n<td>0<\/td>\n<td>&#8211;<\/td>\n<\/tr>\n<tr>\n<td>Prote\u00ednas (g)<\/td>\n<td>22<\/td>\n<td>44<\/td>\n<\/tr>\n<tr>\n<td>Gorduras totais (g)<\/td>\n<td>1,7<\/td>\n<td>3<\/td>\n<\/tr>\n<tr>\n<td>Gorduras saturadas (g)<\/td>\n<td>0,5<\/td>\n<td>3<\/td>\n<\/tr>\n<tr>\n<td>Gorduras trans (g)<\/td>\n<td>0<\/td>\n<td>0<\/td>\n<\/tr>\n<tr>\n<td>Gorduras monoinsaturadas (g)<\/td>\n<td>0,9<\/td>\n<td>5<\/td>\n<\/tr>\n<tr>\n<td>\u00d4mega-9 (g)<\/td>\n<td>0,8<\/td>\n<td>&#8211;<\/td>\n<\/tr>\n<tr>\n<td>Gorduras poli-insaturadas (g)<\/td>\n<td>0,2<\/td>\n<td>1<\/td>\n<\/tr>\n<tr>\n<td>\u00d4mega-6 (g)<\/td>\n<td>0,1<\/td>\n<td>1<\/td>\n<\/tr>\n<tr>\n<td>Fibras alimentares (g)<\/td>\n<td>1<\/td>\n<td>4<\/td>\n<\/tr>\n<tr>\n<td>S\u00f3dio (mg)<\/td>\n<td>96<\/td>\n<td>5<\/td>\n<\/tr>\n<tr>\n<td>Vitamina E (mg)<\/td>\n<td>10<\/td>\n<td>67<\/td>\n<\/tr>\n<tr>\n<td>Vitamina C (mg)<\/td>\n<td>45<\/td>\n<td>45<\/td>\n<\/tr>\n<tr>\n<td>C\u00e1lcio (mg)<\/td>\n<td>212<\/td>\n<td>21<\/td>\n<\/tr>\n<tr>\n<td>F\u00f3sforo (mg)<\/td>\n<td>117<\/td>\n<td>17<\/td>\n<\/tr>\n<tr>\n<td>Magn\u00e9sio (mg)<\/td>\n<td>20<\/td>\n<td>5<\/td>\n<\/tr>\n<\/tbody>\n<\/table>\n<p><em>*Percentual de valores di\u00e1rios fornecidos pela por\u00e7\u00e3o.<\/em><\/p>\n<h3>Ingredientes<\/h3>\n<p>Prote\u00ednas hidrolisada e isolada do soro de leite (Thermax\u00ae 690 e Provon\u00ae 292), col\u00e1geno hidrolisado em pept\u00eddeos (Peptan\u00ae), a\u00e7a\u00ed liofilizado em p\u00f3 (com certifica\u00e7\u00e3o org\u00e2nica internacional), banana liofilizada em p\u00f3, polpa de a\u00e7a\u00ed em p\u00f3, goma guar, \u00e1cido asc\u00f3rbico, palmitato de ascorbila, acetato de tocoferol, antiumectantes fosfato tric\u00e1lcico e di\u00f3xido de sil\u00edcio, aroma natural, edulcorante glicos\u00eddeos de esteviol (est\u00e9via).<\/p>\n<p><strong>N\u00c3O CONT\u00c9M GL\u00daTEN.<\/strong><\/p>\n<p><strong>AL\u00c9RGICOS:<\/strong> CONT\u00c9M DERIVADOS DE LEITE E SOJA (cerca de 0,1g de lecitina de soja por por\u00e7\u00e3o).<\/p>\n<h3>MODO DE PREPARO<\/h3>\n<ul>\n<li>Adicione 30g (2 colheres-medidas) em aproximadamente 200ml (1 copo) de \u00e1gua e misture at\u00e9 a total homogeneiza\u00e7\u00e3o.<\/li>\n<li>Beba imediatamente ap\u00f3s o preparo.<\/li>\n<li>Recomenda-se o uso uma vez ao dia, ou conforme orienta\u00e7\u00e3o de m\u00e9dico ou nutricionista.<\/li>\n<li>Manter este produto bem fechado em local fresco, seco e ao abrigo da luz solar, a uma temperatura n\u00e3o superior a 25\u00b0C ou em geladeira, devido \u00e0 presen\u00e7a de polpas de frutas naturais.<\/li>\n<li>Ap\u00f3s aberto, consumir em at\u00e9 30 dias.<\/li>\n<li>Este produto \u00e9 recomendado para adultos (\u2265 19 anos).<\/li>\n<\/ul>\n<p><strong>Advert\u00eancias:<\/strong><\/p>\n<ul>\n<li>\u201cEste produto n\u00e3o \u00e9 um medicamento.\u201d<\/li>\n<li>\u201cN\u00e3o exceder a recomenda\u00e7\u00e3o di\u00e1ria de consumo indicada na embalagem.\u201d<\/li>\n<li>\u201cMantenha fora do alcance de crian\u00e7as.\u201d<\/li>\n<\/ul>","protected":false},"excerpt":{"rendered":"<p>Whey protein hidrolisado e isolado, com col\u00e1geno hidrolisado em pept\u00eddeos, puro a\u00e7a\u00ed org\u00e2nico do Par\u00e1, polpa natural de banana e ado\u00e7ado com est\u00e9via.<\/p>","protected":false},"featured_media":6769,"comment_status":"open","ping_status":"closed","template":"","meta":{"_joinchat":[]},"product_cat":[248,160,199,157,164,169,170,198,272,266],"product_tag":[],"class_list":{"0":"post-6773","1":"product","2":"type-product","3":"status-publish","4":"has-post-thumbnail","6":"product_cat-categorias-e","7":"product_cat-essential","8":"product_cat-frete-gratis","9":"product_cat-marcas","10":"product_cat-objetivos-especificos","11":"product_cat-para-emagrecimento","12":"product_cat-para-ganho-de-massa","13":"product_cat-promocoes","14":"product_cat-proteina-isolada-hidrolisada-whey","15":"product_cat-proteinas-categorias-ecommerce","17":"first","18":"instock","19":"shipping-taxable","20":"purchasable","21":"product-type-simple","22":"col-xs-6 col-sm-4","23":"col-md-3 col-lg-3","24":"un-4-cols"},"yoast_head":"<!-- This site is optimized with the Yoast SEO plugin v27.3 - https:\/\/yoast.com\/product\/yoast-seo-wordpress\/ -->\n<title>ACAI WHEY ESSENTIAL 360G - Bioflex Nutrition<\/title>\n<meta name=\"robots\" content=\"index, follow, max-snippet:-1, max-image-preview:large, max-video-preview:-1\" \/>\n<link rel=\"canonical\" href=\"https:\/\/bioflexnutrition.com.br\/en\/product\/acai-whey-essential-360g\/\" \/>\n<meta property=\"og:locale\" content=\"en_US\" \/>\n<meta property=\"og:type\" content=\"article\" \/>\n<meta property=\"og:title\" content=\"ACAI WHEY ESSENTIAL 360G - Bioflex Nutrition\" \/>\n<meta property=\"og:description\" content=\"Whey protein hidrolisado e isolado, com col\u00e1geno hidrolisado em pept\u00eddeos, puro a\u00e7a\u00ed org\u00e2nico do Par\u00e1, polpa natural de banana e ado\u00e7ado com est\u00e9via.\" \/>\n<meta property=\"og:url\" content=\"https:\/\/bioflexnutrition.com.br\/en\/product\/acai-whey-essential-360g\/\" \/>\n<meta property=\"og:site_name\" content=\"Bioflex Nutrition\" \/>\n<meta property=\"article:modified_time\" content=\"2026-03-31T19:00:33+00:00\" \/>\n<meta property=\"og:image\" content=\"https:\/\/bioflexnutrition.com.br\/wp-content\/uploads\/2025\/06\/15327962333-acai-essential-2.png\" \/>\n\t<meta property=\"og:image:width\" content=\"1500\" \/>\n\t<meta property=\"og:image:height\" content=\"1500\" \/>\n\t<meta property=\"og:image:type\" content=\"image\/png\" \/>\n<meta name=\"twitter:card\" content=\"summary_large_image\" \/>\n<meta name=\"twitter:label1\" content=\"Est. reading time\" \/>\n\t<meta name=\"twitter:data1\" content=\"4 minutes\" \/>\n<script type=\"application\/ld+json\" class=\"yoast-schema-graph\">{\"@context\":\"https:\\\/\\\/schema.org\",\"@graph\":[{\"@type\":[\"WebPage\",\"ItemPage\"],\"@id\":\"https:\\\/\\\/bioflexnutrition.com.br\\\/produto\\\/acai-whey-essential-360g\\\/\",\"url\":\"https:\\\/\\\/bioflexnutrition.com.br\\\/produto\\\/acai-whey-essential-360g\\\/\",\"name\":\"ACAI WHEY ESSENTIAL 360G - Bioflex Nutrition\",\"isPartOf\":{\"@id\":\"https:\\\/\\\/bioflexnutrition.com.br\\\/#website\"},\"primaryImageOfPage\":{\"@id\":\"https:\\\/\\\/bioflexnutrition.com.br\\\/produto\\\/acai-whey-essential-360g\\\/#primaryimage\"},\"image\":{\"@id\":\"https:\\\/\\\/bioflexnutrition.com.br\\\/produto\\\/acai-whey-essential-360g\\\/#primaryimage\"},\"thumbnailUrl\":\"https:\\\/\\\/bioflexnutrition.com.br\\\/wp-content\\\/uploads\\\/2025\\\/06\\\/15327962333-acai-essential-2.png\",\"datePublished\":\"2025-06-06T00:15:48+00:00\",\"dateModified\":\"2026-03-31T19:00:33+00:00\",\"breadcrumb\":{\"@id\":\"https:\\\/\\\/bioflexnutrition.com.br\\\/produto\\\/acai-whey-essential-360g\\\/#breadcrumb\"},\"inLanguage\":\"en-US\",\"potentialAction\":[{\"@type\":\"ReadAction\",\"target\":[\"https:\\\/\\\/bioflexnutrition.com.br\\\/produto\\\/acai-whey-essential-360g\\\/\"]}]},{\"@type\":\"ImageObject\",\"inLanguage\":\"en-US\",\"@id\":\"https:\\\/\\\/bioflexnutrition.com.br\\\/produto\\\/acai-whey-essential-360g\\\/#primaryimage\",\"url\":\"https:\\\/\\\/bioflexnutrition.com.br\\\/wp-content\\\/uploads\\\/2025\\\/06\\\/15327962333-acai-essential-2.png\",\"contentUrl\":\"https:\\\/\\\/bioflexnutrition.com.br\\\/wp-content\\\/uploads\\\/2025\\\/06\\\/15327962333-acai-essential-2.png\",\"width\":1500,\"height\":1500},{\"@type\":\"BreadcrumbList\",\"@id\":\"https:\\\/\\\/bioflexnutrition.com.br\\\/produto\\\/acai-whey-essential-360g\\\/#breadcrumb\",\"itemListElement\":[{\"@type\":\"ListItem\",\"position\":1,\"name\":\"In\u00edcio\",\"item\":\"https:\\\/\\\/bioflexnutrition.com.br\\\/\"},{\"@type\":\"ListItem\",\"position\":2,\"name\":\"Loja\",\"item\":\"https:\\\/\\\/bioflexnutrition.com.br\\\/todos\\\/\"},{\"@type\":\"ListItem\",\"position\":3,\"name\":\"ACAI WHEY ESSENTIAL 360G\"}]},{\"@type\":\"WebSite\",\"@id\":\"https:\\\/\\\/bioflexnutrition.com.br\\\/#website\",\"url\":\"https:\\\/\\\/bioflexnutrition.com.br\\\/\",\"name\":\"Bioflex Nutrition\",\"description\":\"Sua loja online de Nutri\u00e7\u00e3o e Sa\u00fade\",\"publisher\":{\"@id\":\"https:\\\/\\\/bioflexnutrition.com.br\\\/#organization\"},\"potentialAction\":[{\"@type\":\"SearchAction\",\"target\":{\"@type\":\"EntryPoint\",\"urlTemplate\":\"https:\\\/\\\/bioflexnutrition.com.br\\\/?s={search_term_string}\"},\"query-input\":{\"@type\":\"PropertyValueSpecification\",\"valueRequired\":true,\"valueName\":\"search_term_string\"}}],\"inLanguage\":\"en-US\"},{\"@type\":\"Organization\",\"@id\":\"https:\\\/\\\/bioflexnutrition.com.br\\\/#organization\",\"name\":\"Bioflex Nutrition\",\"url\":\"https:\\\/\\\/bioflexnutrition.com.br\\\/\",\"logo\":{\"@type\":\"ImageObject\",\"inLanguage\":\"en-US\",\"@id\":\"https:\\\/\\\/bioflexnutrition.com.br\\\/#\\\/schema\\\/logo\\\/image\\\/\",\"url\":\"https:\\\/\\\/bioflexnutrition.com.br\\\/wp-content\\\/uploads\\\/2025\\\/04\\\/fav.webp\",\"contentUrl\":\"https:\\\/\\\/bioflexnutrition.com.br\\\/wp-content\\\/uploads\\\/2025\\\/04\\\/fav.webp\",\"width\":1150,\"height\":1000,\"caption\":\"Bioflex Nutrition\"},\"image\":{\"@id\":\"https:\\\/\\\/bioflexnutrition.com.br\\\/#\\\/schema\\\/logo\\\/image\\\/\"},\"sameAs\":[\"https:\\\/\\\/www.instagram.com\\\/bioflexnh\\\/\"]}]}<\/script>\n<!-- \/ Yoast SEO plugin. -->","yoast_head_json":{"title":"ACAI WHEY ESSENTIAL 360G - Bioflex Nutrition","robots":{"index":"index","follow":"follow","max-snippet":"max-snippet:-1","max-image-preview":"max-image-preview:large","max-video-preview":"max-video-preview:-1"},"canonical":"https:\/\/bioflexnutrition.com.br\/en\/product\/acai-whey-essential-360g\/","og_locale":"en_US","og_type":"article","og_title":"ACAI WHEY ESSENTIAL 360G - Bioflex Nutrition","og_description":"Whey protein hidrolisado e isolado, com col\u00e1geno hidrolisado em pept\u00eddeos, puro a\u00e7a\u00ed org\u00e2nico do Par\u00e1, polpa natural de banana e ado\u00e7ado com est\u00e9via.","og_url":"https:\/\/bioflexnutrition.com.br\/en\/product\/acai-whey-essential-360g\/","og_site_name":"Bioflex Nutrition","article_modified_time":"2026-03-31T19:00:33+00:00","og_image":[{"width":1500,"height":1500,"url":"https:\/\/bioflexnutrition.com.br\/wp-content\/uploads\/2025\/06\/15327962333-acai-essential-2.png","type":"image\/png"}],"twitter_card":"summary_large_image","twitter_misc":{"Est. reading time":"4 minutes"},"schema":{"@context":"https:\/\/schema.org","@graph":[{"@type":["WebPage","ItemPage"],"@id":"https:\/\/bioflexnutrition.com.br\/produto\/acai-whey-essential-360g\/","url":"https:\/\/bioflexnutrition.com.br\/produto\/acai-whey-essential-360g\/","name":"ACAI WHEY ESSENTIAL 360G - Bioflex Nutrition","isPartOf":{"@id":"https:\/\/bioflexnutrition.com.br\/#website"},"primaryImageOfPage":{"@id":"https:\/\/bioflexnutrition.com.br\/produto\/acai-whey-essential-360g\/#primaryimage"},"image":{"@id":"https:\/\/bioflexnutrition.com.br\/produto\/acai-whey-essential-360g\/#primaryimage"},"thumbnailUrl":"https:\/\/bioflexnutrition.com.br\/wp-content\/uploads\/2025\/06\/15327962333-acai-essential-2.png","datePublished":"2025-06-06T00:15:48+00:00","dateModified":"2026-03-31T19:00:33+00:00","breadcrumb":{"@id":"https:\/\/bioflexnutrition.com.br\/produto\/acai-whey-essential-360g\/#breadcrumb"},"inLanguage":"en-US","potentialAction":[{"@type":"ReadAction","target":["https:\/\/bioflexnutrition.com.br\/produto\/acai-whey-essential-360g\/"]}]},{"@type":"ImageObject","inLanguage":"en-US","@id":"https:\/\/bioflexnutrition.com.br\/produto\/acai-whey-essential-360g\/#primaryimage","url":"https:\/\/bioflexnutrition.com.br\/wp-content\/uploads\/2025\/06\/15327962333-acai-essential-2.png","contentUrl":"https:\/\/bioflexnutrition.com.br\/wp-content\/uploads\/2025\/06\/15327962333-acai-essential-2.png","width":1500,"height":1500},{"@type":"BreadcrumbList","@id":"https:\/\/bioflexnutrition.com.br\/produto\/acai-whey-essential-360g\/#breadcrumb","itemListElement":[{"@type":"ListItem","position":1,"name":"In\u00edcio","item":"https:\/\/bioflexnutrition.com.br\/"},{"@type":"ListItem","position":2,"name":"Loja","item":"https:\/\/bioflexnutrition.com.br\/todos\/"},{"@type":"ListItem","position":3,"name":"ACAI WHEY ESSENTIAL 360G"}]},{"@type":"WebSite","@id":"https:\/\/bioflexnutrition.com.br\/#website","url":"https:\/\/bioflexnutrition.com.br\/","name":"Bioflex Nutrition","description":"Sua loja online de Nutri\u00e7\u00e3o e Sa\u00fade","publisher":{"@id":"https:\/\/bioflexnutrition.com.br\/#organization"},"potentialAction":[{"@type":"SearchAction","target":{"@type":"EntryPoint","urlTemplate":"https:\/\/bioflexnutrition.com.br\/?s={search_term_string}"},"query-input":{"@type":"PropertyValueSpecification","valueRequired":true,"valueName":"search_term_string"}}],"inLanguage":"en-US"},{"@type":"Organization","@id":"https:\/\/bioflexnutrition.com.br\/#organization","name":"Bioflex Nutrition","url":"https:\/\/bioflexnutrition.com.br\/","logo":{"@type":"ImageObject","inLanguage":"en-US","@id":"https:\/\/bioflexnutrition.com.br\/#\/schema\/logo\/image\/","url":"https:\/\/bioflexnutrition.com.br\/wp-content\/uploads\/2025\/04\/fav.webp","contentUrl":"https:\/\/bioflexnutrition.com.br\/wp-content\/uploads\/2025\/04\/fav.webp","width":1150,"height":1000,"caption":"Bioflex Nutrition"},"image":{"@id":"https:\/\/bioflexnutrition.com.br\/#\/schema\/logo\/image\/"},"sameAs":["https:\/\/www.instagram.com\/bioflexnh\/"]}]}},"_links":{"self":[{"href":"https:\/\/bioflexnutrition.com.br\/en\/wp-json\/wp\/v2\/product\/6773","targetHints":{"allow":["GET"]}}],"collection":[{"href":"https:\/\/bioflexnutrition.com.br\/en\/wp-json\/wp\/v2\/product"}],"about":[{"href":"https:\/\/bioflexnutrition.com.br\/en\/wp-json\/wp\/v2\/types\/product"}],"replies":[{"embeddable":true,"href":"https:\/\/bioflexnutrition.com.br\/en\/wp-json\/wp\/v2\/comments?post=6773"}],"wp:featuredmedia":[{"embeddable":true,"href":"https:\/\/bioflexnutrition.com.br\/en\/wp-json\/wp\/v2\/media\/6769"}],"wp:attachment":[{"href":"https:\/\/bioflexnutrition.com.br\/en\/wp-json\/wp\/v2\/media?parent=6773"}],"wp:term":[{"taxonomy":"product_cat","embeddable":true,"href":"https:\/\/bioflexnutrition.com.br\/en\/wp-json\/wp\/v2\/product_cat?post=6773"},{"taxonomy":"product_tag","embeddable":true,"href":"https:\/\/bioflexnutrition.com.br\/en\/wp-json\/wp\/v2\/product_tag?post=6773"}],"curies":[{"name":"wp","href":"https:\/\/api.w.org\/{rel}","templated":true}]}}