{"id":6784,"date":"2025-06-05T21:16:42","date_gmt":"2025-06-06T00:16:42","guid":{"rendered":"https:\/\/bioflexnutrition.com.br\/produto\/aminolift-tangerina-375g-lata-essential\/"},"modified":"2026-03-31T16:00:36","modified_gmt":"2026-03-31T19:00:36","slug":"aminolift-tangerina-375g-lata-essential","status":"publish","type":"product","link":"https:\/\/bioflexnutrition.com.br\/en\/product\/aminolift-tangerina-375g-lata-essential\/","title":{"rendered":"AMINOLIFT TANGERINA 375G LATA ESSENTIAL"},"content":{"rendered":"<h2>Sua rotina ainda mais funcional<\/h2>\n<p><strong>Aminolift<\/strong> fornece os nove amino\u00e1cidos essenciais, associados ao <strong>magn\u00e9sio<\/strong> e \u00e0 <strong>vitamina B6<\/strong>. A combina\u00e7\u00e3o desses amino\u00e1cidos em sua forma livre e em propor\u00e7\u00f5es adequadas possibilita o m\u00e1ximo aproveitamento no organismo.<\/p>\n<ul>\n<li>9 Amino\u00e1cidos Essenciais &#8211; <strong>5,15g<\/strong><\/li>\n<li><strong>63mg<\/strong> de Magn\u00e9sio<\/li>\n<li><strong>Vitamina B6 Ativa<\/strong><\/li>\n<li><strong>Sabor Tangerina<\/strong><\/li>\n<li><strong>Vegano<\/strong><\/li>\n<li><strong>Zero A\u00e7\u00facar<\/strong><\/li>\n<\/ul>\n<h3>N\u00e3o cont\u00e9m<\/h3>\n<ul>\n<li>A\u00e7\u00facar<\/li>\n<li>Gl\u00faten<\/li>\n<li>Lactose<\/li>\n<li>Conservantes<\/li>\n<li>Ado\u00e7antes artificiais<\/li>\n<li>Aromas artificiais<\/li>\n<li>Corantes artificiais<\/li>\n<li>Poli\u00f3is<\/li>\n<\/ul>\n<h2>Essencial para todos. Essencial para tudo.<\/h2>\n<p>Os amino\u00e1cidos representam cerca de 20% do corpo humano, servindo como material estrutural das nossas c\u00e9lulas, horm\u00f4nios, anticorpos, enzimas e neurotransmissores que apoiam os sistemas vitais do corpo.<\/p>\n<p>Os <strong>9 amino\u00e1cidos essenciais<\/strong> \u2014 aqueles que o nosso corpo n\u00e3o produz \u2014 est\u00e3o combinados na f\u00f3rmula do Aminolift.<\/p>\n<h3>Muito al\u00e9m de m\u00fasculos<\/h3>\n<p>Os amino\u00e1cidos s\u00e3o os blocos que formam as prote\u00ednas. Nossos m\u00fasculos, cabelos, unhas e peles s\u00e3o, assim como nosso sangue e sistema imunol\u00f3gico, essencialmente formados por prote\u00ednas \u2014 ou seja, por combina\u00e7\u00f5es de amino\u00e1cidos.<\/p>\n<h3>Suporte vital para diferentes pessoas<\/h3>\n<ul>\n<li>Atletas e praticantes de atividade f\u00edsica<\/li>\n<li>Idosos com perda de massa muscular<\/li>\n<li>Pessoas com dificuldades na digest\u00e3o ou absor\u00e7\u00e3o de prote\u00ednas<\/li>\n<li>P\u00f3s-cirurgias, inclusive bari\u00e1tricas<\/li>\n<\/ul>\n<h3>Nutri\u00e7\u00e3o para qualquer dieta<\/h3>\n<p>AMINOLIFT \u00e9 um aliado em dietas <strong>cetog\u00eanicas<\/strong>, <strong>low carb<\/strong>, <strong>veganas<\/strong> e <strong>vegetarianas<\/strong>, ajudando a suprir a demanda de amino\u00e1cidos essenciais.<\/p>\n<h3>Absor\u00e7\u00e3o r\u00e1pida e eficiente<\/h3>\n<p>Amino\u00e1cidos em forma livre s\u00e3o rapidamente absorvidos. Combinados em propor\u00e7\u00f5es ideais, s\u00e3o melhor aproveitados pelo corpo.<\/p>\n<h3>Sabor c\u00edtrico e refrescante<\/h3>\n<p>A tangerina em p\u00f3 oferece o frescor da fruta, com conserva\u00e7\u00e3o de sabor e cor por processo suave de secagem.<\/p>\n<h3>Conhe\u00e7a os Amino\u00e1cidos Essenciais (EAAs)<\/h3>\n<ul>\n<li><strong>L-Leucina, L-Isoleucina, L-Valina:<\/strong> BCAAs &#8211; essenciais para prote\u00ednas musculares.<\/li>\n<li><strong>L-Triptofano:<\/strong> precursor da serotonina.<\/li>\n<li><strong>L-Lisina:<\/strong> bioss\u00edntese de estruturas corporais.<\/li>\n<li><strong>L-Histidina:<\/strong> s\u00edntese de prote\u00ednas e enzimas.<\/li>\n<li><strong>L-Metionina:<\/strong> precursora da ciste\u00edna e glutationa.<\/li>\n<li><strong>L-Treonina:<\/strong> presente em tecidos estruturais.<\/li>\n<li><strong>L-Fenilalanina:<\/strong> forma\u00e7\u00e3o de prote\u00ednas diversas.<\/li>\n<\/ul>\n<h3>Nutrientes complementares<\/h3>\n<ul>\n<li><strong>Magn\u00e9sio:<\/strong> equil\u00edbrio de eletr\u00f3litos, fun\u00e7\u00e3o muscular e metabolismo energ\u00e9tico.<\/li>\n<li><strong>Vitamina B6:<\/strong> metabolismo de prote\u00ednas e glicog\u00eanio, forma\u00e7\u00e3o de c\u00e9lulas vermelhas e suporte imunol\u00f3gico.<\/li>\n<\/ul>\n<h2>INFORMA\u00c7\u00c3O NUTRICIONAL<\/h2>\n<p><em>Por\u00e7\u00f5es por embalagem:<\/em> 30 (12,5g por sach\u00ea)<br \/><em>Por\u00e7\u00e3o:<\/em> 12,5g (1 sach\u00ea)<\/p>\n<table border=\"1\" cellpadding=\"6\" cellspacing=\"0\">\n<thead>\n<tr>\n<th>Componente<\/th>\n<th>Quantidade<\/th>\n<th>%VD*<\/th>\n<\/tr>\n<\/thead>\n<tbody>\n<tr>\n<td>Valor energ\u00e9tico (kcal)<\/td>\n<td>14<\/td>\n<td>1<\/td>\n<\/tr>\n<tr>\n<td>Carboidratos (g)<\/td>\n<td>2,9<\/td>\n<td>1<\/td>\n<\/tr>\n<tr>\n<td>A\u00e7\u00facares totais (g)<\/td>\n<td>0<\/td>\n<td>&#8211;<\/td>\n<\/tr>\n<tr>\n<td>A\u00e7\u00facares adicionados (g)<\/td>\n<td>0<\/td>\n<td>0<\/td>\n<\/tr>\n<tr>\n<td>Lactose (g)<\/td>\n<td>0<\/td>\n<td>&#8211;<\/td>\n<\/tr>\n<tr>\n<td>Poli\u00f3is totais (g)<\/td>\n<td>0<\/td>\n<td>&#8211;<\/td>\n<\/tr>\n<tr>\n<td>Prote\u00ednas (g)<\/td>\n<td>0<\/td>\n<td>0<\/td>\n<\/tr>\n<tr>\n<td>L-Leucina (mg)<\/td>\n<td>1140<\/td>\n<td>&#8211;<\/td>\n<\/tr>\n<tr>\n<td>L-Valina (mg)<\/td>\n<td>860<\/td>\n<td>&#8211;<\/td>\n<\/tr>\n<tr>\n<td>L-Isoleucina (mg)<\/td>\n<td>719<\/td>\n<td>&#8211;<\/td>\n<\/tr>\n<tr>\n<td>L-Lisina (mg)<\/td>\n<td>830<\/td>\n<td>&#8211;<\/td>\n<\/tr>\n<tr>\n<td>L-Treonina (mg)<\/td>\n<td>613<\/td>\n<td>&#8211;<\/td>\n<\/tr>\n<tr>\n<td>L-Fenilalanina (mg)<\/td>\n<td>472<\/td>\n<td>&#8211;<\/td>\n<\/tr>\n<tr>\n<td>L-Triptofano (mg)<\/td>\n<td>224<\/td>\n<td>&#8211;<\/td>\n<\/tr>\n<tr>\n<td>L-Metionina (mg)<\/td>\n<td>142<\/td>\n<td>&#8211;<\/td>\n<\/tr>\n<tr>\n<td>L-Histidina (mg)<\/td>\n<td>150<\/td>\n<td>&#8211;<\/td>\n<\/tr>\n<tr>\n<td>Gorduras totais (g)<\/td>\n<td>0<\/td>\n<td>0<\/td>\n<\/tr>\n<tr>\n<td>Gorduras saturadas (g)<\/td>\n<td>0<\/td>\n<td>0<\/td>\n<\/tr>\n<tr>\n<td>Gorduras trans (g)<\/td>\n<td>0<\/td>\n<td>0<\/td>\n<\/tr>\n<tr>\n<td>Fibras alimentares (g)<\/td>\n<td>1,6<\/td>\n<td>6<\/td>\n<\/tr>\n<tr>\n<td>S\u00f3dio (mg)<\/td>\n<td>16<\/td>\n<td>1<\/td>\n<\/tr>\n<tr>\n<td>Vitamina B6 (mg)<\/td>\n<td>10<\/td>\n<td>769<\/td>\n<\/tr>\n<tr>\n<td>Magn\u00e9sio (mg)<\/td>\n<td>63<\/td>\n<td>15<\/td>\n<\/tr>\n<\/tbody>\n<\/table>\n<p><em>*Percentual de valores di\u00e1rios fornecidos pela por\u00e7\u00e3o.<\/em><\/p>\n<h3>Ingredientes<\/h3>\n<p>Blend de amino\u00e1cidos essenciais (L-leucina, cloridrato de L-lisina, L-valina, L-isoleucina, L-treonina, L-fenilalanina, L-triptofano, L-histidina e L-metionina), tangerina em p\u00f3, goma ac\u00e1cia, citrato de magn\u00e9sio, goma guar, urucum, piridoxal-5-fosfato, antioxidante \u00e1cido c\u00edtrico, aromas natural e id\u00eantico ao natural, espessantes gomas xantana e ac\u00e1cia, antiumectante di\u00f3xido de sil\u00edcio, edulcorante glicos\u00eddeos de esteviol (est\u00e9via).<\/p>\n<p><strong>N\u00c3O CONT\u00c9M GL\u00daTEN.<\/strong><\/p>\n<p><strong>AL\u00c9RGICOS:<\/strong> PODE CONTER DERIVADOS DE LEITE*<\/p>\n<p><em>*Pode apresentar tra\u00e7os como consequ\u00eancia da presen\u00e7a n\u00e3o intencional durante alguma etapa da fabrica\u00e7\u00e3o das mat\u00e9rias-primas ou da linha de produ\u00e7\u00e3o.<\/em><\/p>\n<h3>MODO DE PREPARO<\/h3>\n<ul>\n<li>Adicione 12,5g (1 sach\u00ea) em 300ml de \u00e1gua gelada.<\/li>\n<li>Misture bem e consuma imediatamente.<\/li>\n<li>Tamb\u00e9m pode ser adicionado a sucos ou smoothies.<\/li>\n<li>Recomenda-se o uso 1x ao dia ou conforme orienta\u00e7\u00e3o profissional.<\/li>\n<\/ul>\n<p><strong>Advert\u00eancias:<\/strong><\/p>\n<ul>\n<li>Produto recomendado para adultos (\u226519 anos).<\/li>\n<li>N\u00e3o deve ser consumido por gestantes, lactantes e crian\u00e7as.<\/li>\n<li>\u201cEste produto n\u00e3o \u00e9 um medicamento.\u201d<\/li>\n<li>\u201cN\u00e3o exceder a recomenda\u00e7\u00e3o di\u00e1ria de consumo indicada na embalagem.\u201d<\/li>\n<li>\u201cMantenha fora do alcance de crian\u00e7as.\u201d<\/li>\n<\/ul>","protected":false},"excerpt":{"rendered":"<p>Aminolift Vegan<\/p>\n<p>Pool de 9 amino\u00e1cidos essenciais para suprir com equil\u00edbrio suas necessidades di\u00e1rias. Enriquecido com magn\u00e9sio e Vitamina B6. Sabor Tangerina.<\/p>","protected":false},"featured_media":7159,"comment_status":"open","ping_status":"closed","template":"","meta":{"_joinchat":[]},"product_cat":[165,254,248,256,160,199,157,164,198],"product_tag":[],"class_list":{"0":"post-6784","1":"product","2":"type-product","3":"status-publish","4":"has-post-thumbnail","6":"product_cat-alta-performance","7":"product_cat-aminoacidos-categorias-ecommerce","8":"product_cat-categorias-e","9":"product_cat-eaa-categorias-ecommerce","10":"product_cat-essential","11":"product_cat-frete-gratis","12":"product_cat-marcas","13":"product_cat-objetivos-especificos","14":"product_cat-promocoes","16":"first","17":"instock","18":"shipping-taxable","19":"purchasable","20":"product-type-simple","21":"col-xs-6 col-sm-4","22":"col-md-3 col-lg-3","23":"un-4-cols"},"yoast_head":"<!-- This site is optimized with the Yoast SEO plugin v27.3 - https:\/\/yoast.com\/product\/yoast-seo-wordpress\/ -->\n<title>AMINOLIFT TANGERINA 375G LATA ESSENTIAL - Bioflex Nutrition<\/title>\n<meta name=\"robots\" content=\"index, follow, max-snippet:-1, max-image-preview:large, max-video-preview:-1\" \/>\n<link rel=\"canonical\" href=\"https:\/\/bioflexnutrition.com.br\/en\/product\/aminolift-tangerina-375g-lata-essential\/\" \/>\n<meta property=\"og:locale\" content=\"en_US\" \/>\n<meta property=\"og:type\" content=\"article\" \/>\n<meta property=\"og:title\" content=\"AMINOLIFT TANGERINA 375G LATA ESSENTIAL - Bioflex Nutrition\" \/>\n<meta property=\"og:description\" content=\"Aminolift Vegan Pool de 9 amino\u00e1cidos essenciais para suprir com equil\u00edbrio suas necessidades di\u00e1rias. Enriquecido com magn\u00e9sio e Vitamina B6. Sabor Tangerina.\" \/>\n<meta property=\"og:url\" content=\"https:\/\/bioflexnutrition.com.br\/en\/product\/aminolift-tangerina-375g-lata-essential\/\" \/>\n<meta property=\"og:site_name\" content=\"Bioflex Nutrition\" \/>\n<meta property=\"article:modified_time\" content=\"2026-03-31T19:00:36+00:00\" \/>\n<meta property=\"og:image\" content=\"https:\/\/bioflexnutrition.com.br\/wp-content\/uploads\/2025\/06\/aminolift-tangerina-lata7.webp\" \/>\n\t<meta property=\"og:image:width\" content=\"1000\" \/>\n\t<meta property=\"og:image:height\" content=\"1000\" \/>\n\t<meta property=\"og:image:type\" content=\"image\/webp\" \/>\n<meta name=\"twitter:card\" content=\"summary_large_image\" \/>\n<meta name=\"twitter:label1\" content=\"Est. reading time\" \/>\n\t<meta name=\"twitter:data1\" content=\"4 minutes\" \/>\n<script type=\"application\/ld+json\" class=\"yoast-schema-graph\">{\"@context\":\"https:\\\/\\\/schema.org\",\"@graph\":[{\"@type\":[\"WebPage\",\"ItemPage\"],\"@id\":\"https:\\\/\\\/bioflexnutrition.com.br\\\/produto\\\/aminolift-tangerina-375g-lata-essential\\\/\",\"url\":\"https:\\\/\\\/bioflexnutrition.com.br\\\/produto\\\/aminolift-tangerina-375g-lata-essential\\\/\",\"name\":\"AMINOLIFT TANGERINA 375G LATA ESSENTIAL - Bioflex Nutrition\",\"isPartOf\":{\"@id\":\"https:\\\/\\\/bioflexnutrition.com.br\\\/#website\"},\"primaryImageOfPage\":{\"@id\":\"https:\\\/\\\/bioflexnutrition.com.br\\\/produto\\\/aminolift-tangerina-375g-lata-essential\\\/#primaryimage\"},\"image\":{\"@id\":\"https:\\\/\\\/bioflexnutrition.com.br\\\/produto\\\/aminolift-tangerina-375g-lata-essential\\\/#primaryimage\"},\"thumbnailUrl\":\"https:\\\/\\\/bioflexnutrition.com.br\\\/wp-content\\\/uploads\\\/2025\\\/06\\\/aminolift-tangerina-lata7.webp\",\"datePublished\":\"2025-06-06T00:16:42+00:00\",\"dateModified\":\"2026-03-31T19:00:36+00:00\",\"breadcrumb\":{\"@id\":\"https:\\\/\\\/bioflexnutrition.com.br\\\/produto\\\/aminolift-tangerina-375g-lata-essential\\\/#breadcrumb\"},\"inLanguage\":\"en-US\",\"potentialAction\":[{\"@type\":\"ReadAction\",\"target\":[\"https:\\\/\\\/bioflexnutrition.com.br\\\/produto\\\/aminolift-tangerina-375g-lata-essential\\\/\"]}]},{\"@type\":\"ImageObject\",\"inLanguage\":\"en-US\",\"@id\":\"https:\\\/\\\/bioflexnutrition.com.br\\\/produto\\\/aminolift-tangerina-375g-lata-essential\\\/#primaryimage\",\"url\":\"https:\\\/\\\/bioflexnutrition.com.br\\\/wp-content\\\/uploads\\\/2025\\\/06\\\/aminolift-tangerina-lata7.webp\",\"contentUrl\":\"https:\\\/\\\/bioflexnutrition.com.br\\\/wp-content\\\/uploads\\\/2025\\\/06\\\/aminolift-tangerina-lata7.webp\",\"width\":1000,\"height\":1000},{\"@type\":\"BreadcrumbList\",\"@id\":\"https:\\\/\\\/bioflexnutrition.com.br\\\/produto\\\/aminolift-tangerina-375g-lata-essential\\\/#breadcrumb\",\"itemListElement\":[{\"@type\":\"ListItem\",\"position\":1,\"name\":\"In\u00edcio\",\"item\":\"https:\\\/\\\/bioflexnutrition.com.br\\\/\"},{\"@type\":\"ListItem\",\"position\":2,\"name\":\"Loja\",\"item\":\"https:\\\/\\\/bioflexnutrition.com.br\\\/todos\\\/\"},{\"@type\":\"ListItem\",\"position\":3,\"name\":\"AMINOLIFT TANGERINA 375G LATA ESSENTIAL\"}]},{\"@type\":\"WebSite\",\"@id\":\"https:\\\/\\\/bioflexnutrition.com.br\\\/#website\",\"url\":\"https:\\\/\\\/bioflexnutrition.com.br\\\/\",\"name\":\"Bioflex Nutrition\",\"description\":\"Sua loja online de Nutri\u00e7\u00e3o e Sa\u00fade\",\"publisher\":{\"@id\":\"https:\\\/\\\/bioflexnutrition.com.br\\\/#organization\"},\"potentialAction\":[{\"@type\":\"SearchAction\",\"target\":{\"@type\":\"EntryPoint\",\"urlTemplate\":\"https:\\\/\\\/bioflexnutrition.com.br\\\/?s={search_term_string}\"},\"query-input\":{\"@type\":\"PropertyValueSpecification\",\"valueRequired\":true,\"valueName\":\"search_term_string\"}}],\"inLanguage\":\"en-US\"},{\"@type\":\"Organization\",\"@id\":\"https:\\\/\\\/bioflexnutrition.com.br\\\/#organization\",\"name\":\"Bioflex Nutrition\",\"url\":\"https:\\\/\\\/bioflexnutrition.com.br\\\/\",\"logo\":{\"@type\":\"ImageObject\",\"inLanguage\":\"en-US\",\"@id\":\"https:\\\/\\\/bioflexnutrition.com.br\\\/#\\\/schema\\\/logo\\\/image\\\/\",\"url\":\"https:\\\/\\\/bioflexnutrition.com.br\\\/wp-content\\\/uploads\\\/2025\\\/04\\\/fav.webp\",\"contentUrl\":\"https:\\\/\\\/bioflexnutrition.com.br\\\/wp-content\\\/uploads\\\/2025\\\/04\\\/fav.webp\",\"width\":1150,\"height\":1000,\"caption\":\"Bioflex Nutrition\"},\"image\":{\"@id\":\"https:\\\/\\\/bioflexnutrition.com.br\\\/#\\\/schema\\\/logo\\\/image\\\/\"},\"sameAs\":[\"https:\\\/\\\/www.instagram.com\\\/bioflexnh\\\/\"]}]}<\/script>\n<!-- \/ Yoast SEO plugin. -->","yoast_head_json":{"title":"AMINOLIFT TANGERINA 375G LATA ESSENTIAL - Bioflex Nutrition","robots":{"index":"index","follow":"follow","max-snippet":"max-snippet:-1","max-image-preview":"max-image-preview:large","max-video-preview":"max-video-preview:-1"},"canonical":"https:\/\/bioflexnutrition.com.br\/en\/product\/aminolift-tangerina-375g-lata-essential\/","og_locale":"en_US","og_type":"article","og_title":"AMINOLIFT TANGERINA 375G LATA ESSENTIAL - Bioflex Nutrition","og_description":"Aminolift Vegan Pool de 9 amino\u00e1cidos essenciais para suprir com equil\u00edbrio suas necessidades di\u00e1rias. Enriquecido com magn\u00e9sio e Vitamina B6. Sabor Tangerina.","og_url":"https:\/\/bioflexnutrition.com.br\/en\/product\/aminolift-tangerina-375g-lata-essential\/","og_site_name":"Bioflex Nutrition","article_modified_time":"2026-03-31T19:00:36+00:00","og_image":[{"width":1000,"height":1000,"url":"https:\/\/bioflexnutrition.com.br\/wp-content\/uploads\/2025\/06\/aminolift-tangerina-lata7.webp","type":"image\/webp"}],"twitter_card":"summary_large_image","twitter_misc":{"Est. reading time":"4 minutes"},"schema":{"@context":"https:\/\/schema.org","@graph":[{"@type":["WebPage","ItemPage"],"@id":"https:\/\/bioflexnutrition.com.br\/produto\/aminolift-tangerina-375g-lata-essential\/","url":"https:\/\/bioflexnutrition.com.br\/produto\/aminolift-tangerina-375g-lata-essential\/","name":"AMINOLIFT TANGERINA 375G LATA ESSENTIAL - Bioflex Nutrition","isPartOf":{"@id":"https:\/\/bioflexnutrition.com.br\/#website"},"primaryImageOfPage":{"@id":"https:\/\/bioflexnutrition.com.br\/produto\/aminolift-tangerina-375g-lata-essential\/#primaryimage"},"image":{"@id":"https:\/\/bioflexnutrition.com.br\/produto\/aminolift-tangerina-375g-lata-essential\/#primaryimage"},"thumbnailUrl":"https:\/\/bioflexnutrition.com.br\/wp-content\/uploads\/2025\/06\/aminolift-tangerina-lata7.webp","datePublished":"2025-06-06T00:16:42+00:00","dateModified":"2026-03-31T19:00:36+00:00","breadcrumb":{"@id":"https:\/\/bioflexnutrition.com.br\/produto\/aminolift-tangerina-375g-lata-essential\/#breadcrumb"},"inLanguage":"en-US","potentialAction":[{"@type":"ReadAction","target":["https:\/\/bioflexnutrition.com.br\/produto\/aminolift-tangerina-375g-lata-essential\/"]}]},{"@type":"ImageObject","inLanguage":"en-US","@id":"https:\/\/bioflexnutrition.com.br\/produto\/aminolift-tangerina-375g-lata-essential\/#primaryimage","url":"https:\/\/bioflexnutrition.com.br\/wp-content\/uploads\/2025\/06\/aminolift-tangerina-lata7.webp","contentUrl":"https:\/\/bioflexnutrition.com.br\/wp-content\/uploads\/2025\/06\/aminolift-tangerina-lata7.webp","width":1000,"height":1000},{"@type":"BreadcrumbList","@id":"https:\/\/bioflexnutrition.com.br\/produto\/aminolift-tangerina-375g-lata-essential\/#breadcrumb","itemListElement":[{"@type":"ListItem","position":1,"name":"In\u00edcio","item":"https:\/\/bioflexnutrition.com.br\/"},{"@type":"ListItem","position":2,"name":"Loja","item":"https:\/\/bioflexnutrition.com.br\/todos\/"},{"@type":"ListItem","position":3,"name":"AMINOLIFT TANGERINA 375G LATA ESSENTIAL"}]},{"@type":"WebSite","@id":"https:\/\/bioflexnutrition.com.br\/#website","url":"https:\/\/bioflexnutrition.com.br\/","name":"Bioflex Nutrition","description":"Sua loja online de Nutri\u00e7\u00e3o e Sa\u00fade","publisher":{"@id":"https:\/\/bioflexnutrition.com.br\/#organization"},"potentialAction":[{"@type":"SearchAction","target":{"@type":"EntryPoint","urlTemplate":"https:\/\/bioflexnutrition.com.br\/?s={search_term_string}"},"query-input":{"@type":"PropertyValueSpecification","valueRequired":true,"valueName":"search_term_string"}}],"inLanguage":"en-US"},{"@type":"Organization","@id":"https:\/\/bioflexnutrition.com.br\/#organization","name":"Bioflex Nutrition","url":"https:\/\/bioflexnutrition.com.br\/","logo":{"@type":"ImageObject","inLanguage":"en-US","@id":"https:\/\/bioflexnutrition.com.br\/#\/schema\/logo\/image\/","url":"https:\/\/bioflexnutrition.com.br\/wp-content\/uploads\/2025\/04\/fav.webp","contentUrl":"https:\/\/bioflexnutrition.com.br\/wp-content\/uploads\/2025\/04\/fav.webp","width":1150,"height":1000,"caption":"Bioflex Nutrition"},"image":{"@id":"https:\/\/bioflexnutrition.com.br\/#\/schema\/logo\/image\/"},"sameAs":["https:\/\/www.instagram.com\/bioflexnh\/"]}]}},"_links":{"self":[{"href":"https:\/\/bioflexnutrition.com.br\/en\/wp-json\/wp\/v2\/product\/6784","targetHints":{"allow":["GET"]}}],"collection":[{"href":"https:\/\/bioflexnutrition.com.br\/en\/wp-json\/wp\/v2\/product"}],"about":[{"href":"https:\/\/bioflexnutrition.com.br\/en\/wp-json\/wp\/v2\/types\/product"}],"replies":[{"embeddable":true,"href":"https:\/\/bioflexnutrition.com.br\/en\/wp-json\/wp\/v2\/comments?post=6784"}],"wp:featuredmedia":[{"embeddable":true,"href":"https:\/\/bioflexnutrition.com.br\/en\/wp-json\/wp\/v2\/media\/7159"}],"wp:attachment":[{"href":"https:\/\/bioflexnutrition.com.br\/en\/wp-json\/wp\/v2\/media?parent=6784"}],"wp:term":[{"taxonomy":"product_cat","embeddable":true,"href":"https:\/\/bioflexnutrition.com.br\/en\/wp-json\/wp\/v2\/product_cat?post=6784"},{"taxonomy":"product_tag","embeddable":true,"href":"https:\/\/bioflexnutrition.com.br\/en\/wp-json\/wp\/v2\/product_tag?post=6784"}],"curies":[{"name":"wp","href":"https:\/\/api.w.org\/{rel}","templated":true}]}}