{"id":6789,"date":"2025-06-05T21:17:10","date_gmt":"2025-06-06T00:17:10","guid":{"rendered":"https:\/\/bioflexnutrition.com.br\/produto\/collagen-2-joint-limao-siciliano-box-351g-30-saches-essential\/"},"modified":"2026-03-31T16:34:02","modified_gmt":"2026-03-31T19:34:02","slug":"collagen-2-joint-limao-siciliano-box-351g-30-saches-essential","status":"publish","type":"product","link":"https:\/\/bioflexnutrition.com.br\/en\/product\/collagen-2-joint-limao-siciliano-box-351g-30-saches-essential\/","title":{"rendered":"Collagen 2 Joint Lim\u00e3o-siciliano Box 351G\/30 saches Essential"},"content":{"rendered":"<h2>Destaques do Produto<\/h2>\n<ul>\n<li><strong>Col\u00e1geno Tipo I Hidrolisado (Peptan\u00ae):<\/strong> Fornece 9,3\u202fg por por\u00e7\u00e3o, auxiliando na manuten\u00e7\u00e3o da estrutura e integridade dos tecidos conjuntivos.<\/li>\n<li><strong>Col\u00e1geno Tipo II N\u00e3o Desnaturado (UC\u2011II\u00ae):<\/strong> Cont\u00e9m 40\u202fmg por por\u00e7\u00e3o, contribuindo para a manuten\u00e7\u00e3o da fun\u00e7\u00e3o articular.<\/li>\n<li><strong>Vitaminas C, D3 e K2:<\/strong> Nutrientes que desempenham pap\u00e9is fundamentais na forma\u00e7\u00e3o de col\u00e1geno, sa\u00fade \u00f3ssea e fun\u00e7\u00e3o imunol\u00f3gica.<\/li>\n<li><strong>Minerais Biodispon\u00edveis:<\/strong> Inclui magn\u00e9sio, mangan\u00eas e zinco, essenciais para fun\u00e7\u00f5es metab\u00f3licas e manuten\u00e7\u00e3o da sa\u00fade articular.<\/li>\n<\/ul>\n<h2>Benef\u00edcios Adicionais<\/h2>\n<ul>\n<li><strong>Suporte \u00e0 Sa\u00fade Articular:<\/strong> A combina\u00e7\u00e3o de col\u00e1genos e micronutrientes auxilia na manuten\u00e7\u00e3o da fun\u00e7\u00e3o e conforto das articula\u00e7\u00f5es.<\/li>\n<li><strong>F\u00f3rmula Pura e Segura:<\/strong> Livre de gl\u00faten, lactose, conservantes, ado\u00e7antes artificiais, aromas e corantes artificiais, garantindo uma suplementa\u00e7\u00e3o saud\u00e1vel.<\/li>\n<\/ul>\n<h3>N\u00e3o cont\u00e9m:<\/h3>\n<ul>\n<li>Gl\u00faten<\/li>\n<li>Lactose<\/li>\n<li>Conservantes<\/li>\n<li>Ado\u00e7antes artificiais<\/li>\n<li>Aromas artificiais<\/li>\n<li>Corantes artificiais<\/li>\n<li>A\u00e7\u00facar<\/li>\n<\/ul>\n<h3>Informa\u00e7\u00e3o Nutricional<\/h3>\n<p><strong>Por\u00e7\u00f5es por embalagem:<\/strong> 30 (11,7\u202fg cada stick)<br \/><strong>Por\u00e7\u00e3o:<\/strong> 11,7\u202fg (1 stick)<\/p>\n<table border=\"1\" cellpadding=\"6\" cellspacing=\"0\">\n<thead>\n<tr>\n<th>Componente<\/th>\n<th>Por\u00e7\u00e3o\u00a011,7\u202fg<\/th>\n<th>%VD*<\/th>\n<\/tr>\n<\/thead>\n<tbody>\n<tr>\n<td>Valor energ\u00e9tico (kcal)<\/td>\n<td>36<\/td>\n<td>2%<\/td>\n<\/tr>\n<tr>\n<td>Carboidratos (g)<\/td>\n<td>0,7<\/td>\n<td>0%<\/td>\n<\/tr>\n<tr>\n<td>A\u00e7\u00facares totais (g)<\/td>\n<td>0<\/td>\n<td>\u2014<\/td>\n<\/tr>\n<tr>\n<td>A\u00e7\u00facares adicionados (g)<\/td>\n<td>0<\/td>\n<td>0%<\/td>\n<\/tr>\n<tr>\n<td>Lactose (g)<\/td>\n<td>0<\/td>\n<td>\u2014<\/td>\n<\/tr>\n<tr>\n<td>Poli\u00f3is totais (g)<\/td>\n<td>0<\/td>\n<td>\u2014<\/td>\n<\/tr>\n<tr>\n<td>Prote\u00ednas (g)<\/td>\n<td>8,4<\/td>\n<td>17%<\/td>\n<\/tr>\n<tr>\n<td>S\u00f3dio (mg)<\/td>\n<td>45<\/td>\n<td>2%<\/td>\n<\/tr>\n<tr>\n<td>Vitamina D (\u00b5g)<\/td>\n<td>5<\/td>\n<td>33%<\/td>\n<\/tr>\n<tr>\n<td>Vitamina K (\u00b5g)<\/td>\n<td>65<\/td>\n<td>54%<\/td>\n<\/tr>\n<tr>\n<td>Vitamina C (mg)<\/td>\n<td>45<\/td>\n<td>45%<\/td>\n<\/tr>\n<tr>\n<td>Magn\u00e9sio (mg)<\/td>\n<td>75<\/td>\n<td>18%<\/td>\n<\/tr>\n<tr>\n<td>Mangan\u00eas (mg)<\/td>\n<td>0,46<\/td>\n<td>15%<\/td>\n<\/tr>\n<tr>\n<td>Zinco (mg)<\/td>\n<td>5<\/td>\n<td>45%<\/td>\n<\/tr>\n<tr>\n<td>Col\u00e1geno tipo\u00a0II (mg)<\/td>\n<td>40\u00b9<\/td>\n<td>\u2014<\/td>\n<\/tr>\n<\/tbody>\n<\/table>\n<p><em>*Percentual de valores di\u00e1rios fornecidos pela por\u00e7\u00e3o.<br \/>\u00b940\u202fmg de UC\u2011II\u00ae equivalem a 1,2\u202fmg da subst\u00e2ncia bioativa.<\/em><\/p>\n<h3>Ingredientes<\/h3>\n<p>Col\u00e1geno hidrolisado em pept\u00eddeos (Peptan\u00ae); bisglicinato de magn\u00e9sio; ascorbato de s\u00f3dio; bisglicinato de zinco; goma guar; col\u00e1geno tipo\u00a0II n\u00e3o desnaturado (UC\u2011II\u00ae); menaquinona\u20117; fitomenadiona; bisglicinato de mangan\u00eas; colecalciferol; antioxidante \u00e1cido c\u00edtrico; aroma natural; antiumectante di\u00f3xido de sil\u00edcio; edulcorante glicos\u00eddeos de esteviol (est\u00e9via).<\/p>\n<p><strong>N\u00c3O CONT\u00c9M GL\u00daTEN.<\/strong><br \/><strong>AL\u00c9RGICOS:<\/strong> pode conter derivados de leite.*<br \/><em>*Pode apresentar tra\u00e7os devido ao processo de fabrica\u00e7\u00e3o.<\/em><\/p>\n<h3>Modo de Preparo<\/h3>\n<ul>\n<li>Adicione 11,7\u202fg (1 stick) em ~200\u202fml de \u00e1gua e misture at\u00e9 homogeneiza\u00e7\u00e3o.<\/li>\n<li>Beba imediatamente ap\u00f3s o preparo.<\/li>\n<li>Conservar em local fresco, seco e ao abrigo da luz solar.<\/li>\n<li>Consumir imediatamente ap\u00f3s aberto o stick.<\/li>\n<li>Recomendado para adultos (\u2265\u202f19\u202fanos). N\u00e3o indicado para gestantes, lactantes e crian\u00e7as.<\/li>\n<li>\u201cEste produto n\u00e3o \u00e9 um medicamento.\u201d<\/li>\n<li>\u201cN\u00e3o exceder a recomenda\u00e7\u00e3o di\u00e1ria indicada na embalagem.\u201d<\/li>\n<li>\u201cMantenha fora do alcance de crian\u00e7as.\u201d<\/li>\n<\/ul>","protected":false},"excerpt":{"rendered":"<p><span id=\"docs-internal-guid-ffcb9c6f-7fff-60e2-af8a-064a47b02a2a\"><span style=\"font-size: 11pt;font-family: Arial, sans-serif;color: #000000;background-color: transparent;vertical-align: baseline\">Cuide das suas articula\u00e7\u00f5es com o <\/span><span style=\"font-size: 11pt;font-family: Arial, sans-serif;color: #000000;background-color: transparent;font-weight: bold;vertical-align: baseline\">Collagen 2 Joint da Essential Nutrition<\/span><span style=\"font-size: 11pt;font-family: Arial, sans-serif;color: #000000;background-color: transparent;vertical-align: baseline\">, um suplemento premium formulado para fornecer suporte nutricional \u00e0 sa\u00fade articular. Esta f\u00f3rmula exclusiva combina col\u00e1genos tipo I e tipo II n\u00e3o desnaturado (UC-II\u00ae), enriquecidos com vitaminas e minerais essenciais.\u200b<\/span><\/span><\/p>","protected":false},"featured_media":7312,"comment_status":"open","ping_status":"closed","template":"","meta":{"_joinchat":[]},"product_cat":[248,268,160,199,157,164,198,266,230],"product_tag":[],"class_list":{"0":"post-6789","1":"product","2":"type-product","3":"status-publish","4":"has-post-thumbnail","6":"product_cat-categorias-e","7":"product_cat-colageno-proteinas-categorias-ecommerce","8":"product_cat-essential","9":"product_cat-frete-gratis","10":"product_cat-marcas","11":"product_cat-objetivos-especificos","12":"product_cat-promocoes","13":"product_cat-proteinas-categorias-ecommerce","14":"product_cat-saude-e-bem-estar","16":"first","17":"instock","18":"shipping-taxable","19":"purchasable","20":"product-type-simple","21":"col-xs-6 col-sm-4","22":"col-md-3 col-lg-3","23":"un-4-cols"},"yoast_head":"<!-- This site is optimized with the Yoast SEO plugin v27.3 - https:\/\/yoast.com\/product\/yoast-seo-wordpress\/ -->\n<title>Collagen 2 Joint Lim\u00e3o-siciliano Box 351G\/30 saches Essential - Bioflex Nutrition<\/title>\n<meta name=\"robots\" content=\"index, follow, max-snippet:-1, max-image-preview:large, max-video-preview:-1\" \/>\n<link rel=\"canonical\" href=\"https:\/\/bioflexnutrition.com.br\/en\/product\/collagen-2-joint-limao-siciliano-box-351g-30-saches-essential\/\" \/>\n<meta property=\"og:locale\" content=\"en_US\" \/>\n<meta property=\"og:type\" content=\"article\" \/>\n<meta property=\"og:title\" content=\"Collagen 2 Joint Lim\u00e3o-siciliano Box 351G\/30 saches Essential - Bioflex Nutrition\" \/>\n<meta property=\"og:description\" content=\"Cuide das suas articula\u00e7\u00f5es com o Collagen 2 Joint da Essential Nutrition, um suplemento premium formulado para fornecer suporte nutricional \u00e0 sa\u00fade articular. Esta f\u00f3rmula exclusiva combina col\u00e1genos tipo I e tipo II n\u00e3o desnaturado (UC-II\u00ae), enriquecidos com vitaminas e minerais essenciais.\u200b\" \/>\n<meta property=\"og:url\" content=\"https:\/\/bioflexnutrition.com.br\/en\/product\/collagen-2-joint-limao-siciliano-box-351g-30-saches-essential\/\" \/>\n<meta property=\"og:site_name\" content=\"Bioflex Nutrition\" \/>\n<meta property=\"article:modified_time\" content=\"2026-03-31T19:34:02+00:00\" \/>\n<meta property=\"og:image\" content=\"https:\/\/bioflexnutrition.com.br\/wp-content\/uploads\/2025\/06\/produtos-essential3.webp\" \/>\n\t<meta property=\"og:image:width\" content=\"1000\" \/>\n\t<meta property=\"og:image:height\" content=\"1000\" \/>\n\t<meta property=\"og:image:type\" content=\"image\/webp\" \/>\n<meta name=\"twitter:card\" content=\"summary_large_image\" \/>\n<meta name=\"twitter:label1\" content=\"Est. reading time\" \/>\n\t<meta name=\"twitter:data1\" content=\"3 minutes\" \/>\n<script type=\"application\/ld+json\" class=\"yoast-schema-graph\">{\"@context\":\"https:\\\/\\\/schema.org\",\"@graph\":[{\"@type\":[\"WebPage\",\"ItemPage\"],\"@id\":\"https:\\\/\\\/bioflexnutrition.com.br\\\/produto\\\/collagen-2-joint-limao-siciliano-box-351g-30-saches-essential\\\/\",\"url\":\"https:\\\/\\\/bioflexnutrition.com.br\\\/produto\\\/collagen-2-joint-limao-siciliano-box-351g-30-saches-essential\\\/\",\"name\":\"Collagen 2 Joint Lim\u00e3o-siciliano Box 351G\\\/30 saches Essential - Bioflex Nutrition\",\"isPartOf\":{\"@id\":\"https:\\\/\\\/bioflexnutrition.com.br\\\/#website\"},\"primaryImageOfPage\":{\"@id\":\"https:\\\/\\\/bioflexnutrition.com.br\\\/produto\\\/collagen-2-joint-limao-siciliano-box-351g-30-saches-essential\\\/#primaryimage\"},\"image\":{\"@id\":\"https:\\\/\\\/bioflexnutrition.com.br\\\/produto\\\/collagen-2-joint-limao-siciliano-box-351g-30-saches-essential\\\/#primaryimage\"},\"thumbnailUrl\":\"https:\\\/\\\/bioflexnutrition.com.br\\\/wp-content\\\/uploads\\\/2025\\\/06\\\/produtos-essential3.webp\",\"datePublished\":\"2025-06-06T00:17:10+00:00\",\"dateModified\":\"2026-03-31T19:34:02+00:00\",\"breadcrumb\":{\"@id\":\"https:\\\/\\\/bioflexnutrition.com.br\\\/produto\\\/collagen-2-joint-limao-siciliano-box-351g-30-saches-essential\\\/#breadcrumb\"},\"inLanguage\":\"en-US\",\"potentialAction\":[{\"@type\":\"ReadAction\",\"target\":[\"https:\\\/\\\/bioflexnutrition.com.br\\\/produto\\\/collagen-2-joint-limao-siciliano-box-351g-30-saches-essential\\\/\"]}]},{\"@type\":\"ImageObject\",\"inLanguage\":\"en-US\",\"@id\":\"https:\\\/\\\/bioflexnutrition.com.br\\\/produto\\\/collagen-2-joint-limao-siciliano-box-351g-30-saches-essential\\\/#primaryimage\",\"url\":\"https:\\\/\\\/bioflexnutrition.com.br\\\/wp-content\\\/uploads\\\/2025\\\/06\\\/produtos-essential3.webp\",\"contentUrl\":\"https:\\\/\\\/bioflexnutrition.com.br\\\/wp-content\\\/uploads\\\/2025\\\/06\\\/produtos-essential3.webp\",\"width\":1000,\"height\":1000},{\"@type\":\"BreadcrumbList\",\"@id\":\"https:\\\/\\\/bioflexnutrition.com.br\\\/produto\\\/collagen-2-joint-limao-siciliano-box-351g-30-saches-essential\\\/#breadcrumb\",\"itemListElement\":[{\"@type\":\"ListItem\",\"position\":1,\"name\":\"In\u00edcio\",\"item\":\"https:\\\/\\\/bioflexnutrition.com.br\\\/\"},{\"@type\":\"ListItem\",\"position\":2,\"name\":\"Loja\",\"item\":\"https:\\\/\\\/bioflexnutrition.com.br\\\/todos\\\/\"},{\"@type\":\"ListItem\",\"position\":3,\"name\":\"Collagen 2 Joint Lim\u00e3o-siciliano Box 351G\\\/30 saches Essential\"}]},{\"@type\":\"WebSite\",\"@id\":\"https:\\\/\\\/bioflexnutrition.com.br\\\/#website\",\"url\":\"https:\\\/\\\/bioflexnutrition.com.br\\\/\",\"name\":\"Bioflex Nutrition\",\"description\":\"Sua loja online de Nutri\u00e7\u00e3o e Sa\u00fade\",\"publisher\":{\"@id\":\"https:\\\/\\\/bioflexnutrition.com.br\\\/#organization\"},\"potentialAction\":[{\"@type\":\"SearchAction\",\"target\":{\"@type\":\"EntryPoint\",\"urlTemplate\":\"https:\\\/\\\/bioflexnutrition.com.br\\\/?s={search_term_string}\"},\"query-input\":{\"@type\":\"PropertyValueSpecification\",\"valueRequired\":true,\"valueName\":\"search_term_string\"}}],\"inLanguage\":\"en-US\"},{\"@type\":\"Organization\",\"@id\":\"https:\\\/\\\/bioflexnutrition.com.br\\\/#organization\",\"name\":\"Bioflex Nutrition\",\"url\":\"https:\\\/\\\/bioflexnutrition.com.br\\\/\",\"logo\":{\"@type\":\"ImageObject\",\"inLanguage\":\"en-US\",\"@id\":\"https:\\\/\\\/bioflexnutrition.com.br\\\/#\\\/schema\\\/logo\\\/image\\\/\",\"url\":\"https:\\\/\\\/bioflexnutrition.com.br\\\/wp-content\\\/uploads\\\/2025\\\/04\\\/fav.webp\",\"contentUrl\":\"https:\\\/\\\/bioflexnutrition.com.br\\\/wp-content\\\/uploads\\\/2025\\\/04\\\/fav.webp\",\"width\":1150,\"height\":1000,\"caption\":\"Bioflex Nutrition\"},\"image\":{\"@id\":\"https:\\\/\\\/bioflexnutrition.com.br\\\/#\\\/schema\\\/logo\\\/image\\\/\"},\"sameAs\":[\"https:\\\/\\\/www.instagram.com\\\/bioflexnh\\\/\"]}]}<\/script>\n<!-- \/ Yoast SEO plugin. -->","yoast_head_json":{"title":"Collagen 2 Joint Lim\u00e3o-siciliano Box 351G\/30 saches Essential - Bioflex Nutrition","robots":{"index":"index","follow":"follow","max-snippet":"max-snippet:-1","max-image-preview":"max-image-preview:large","max-video-preview":"max-video-preview:-1"},"canonical":"https:\/\/bioflexnutrition.com.br\/en\/product\/collagen-2-joint-limao-siciliano-box-351g-30-saches-essential\/","og_locale":"en_US","og_type":"article","og_title":"Collagen 2 Joint Lim\u00e3o-siciliano Box 351G\/30 saches Essential - Bioflex Nutrition","og_description":"Cuide das suas articula\u00e7\u00f5es com o Collagen 2 Joint da Essential Nutrition, um suplemento premium formulado para fornecer suporte nutricional \u00e0 sa\u00fade articular. Esta f\u00f3rmula exclusiva combina col\u00e1genos tipo I e tipo II n\u00e3o desnaturado (UC-II\u00ae), enriquecidos com vitaminas e minerais essenciais.\u200b","og_url":"https:\/\/bioflexnutrition.com.br\/en\/product\/collagen-2-joint-limao-siciliano-box-351g-30-saches-essential\/","og_site_name":"Bioflex Nutrition","article_modified_time":"2026-03-31T19:34:02+00:00","og_image":[{"width":1000,"height":1000,"url":"https:\/\/bioflexnutrition.com.br\/wp-content\/uploads\/2025\/06\/produtos-essential3.webp","type":"image\/webp"}],"twitter_card":"summary_large_image","twitter_misc":{"Est. reading time":"3 minutes"},"schema":{"@context":"https:\/\/schema.org","@graph":[{"@type":["WebPage","ItemPage"],"@id":"https:\/\/bioflexnutrition.com.br\/produto\/collagen-2-joint-limao-siciliano-box-351g-30-saches-essential\/","url":"https:\/\/bioflexnutrition.com.br\/produto\/collagen-2-joint-limao-siciliano-box-351g-30-saches-essential\/","name":"Collagen 2 Joint Lim\u00e3o-siciliano Box 351G\/30 saches Essential - Bioflex Nutrition","isPartOf":{"@id":"https:\/\/bioflexnutrition.com.br\/#website"},"primaryImageOfPage":{"@id":"https:\/\/bioflexnutrition.com.br\/produto\/collagen-2-joint-limao-siciliano-box-351g-30-saches-essential\/#primaryimage"},"image":{"@id":"https:\/\/bioflexnutrition.com.br\/produto\/collagen-2-joint-limao-siciliano-box-351g-30-saches-essential\/#primaryimage"},"thumbnailUrl":"https:\/\/bioflexnutrition.com.br\/wp-content\/uploads\/2025\/06\/produtos-essential3.webp","datePublished":"2025-06-06T00:17:10+00:00","dateModified":"2026-03-31T19:34:02+00:00","breadcrumb":{"@id":"https:\/\/bioflexnutrition.com.br\/produto\/collagen-2-joint-limao-siciliano-box-351g-30-saches-essential\/#breadcrumb"},"inLanguage":"en-US","potentialAction":[{"@type":"ReadAction","target":["https:\/\/bioflexnutrition.com.br\/produto\/collagen-2-joint-limao-siciliano-box-351g-30-saches-essential\/"]}]},{"@type":"ImageObject","inLanguage":"en-US","@id":"https:\/\/bioflexnutrition.com.br\/produto\/collagen-2-joint-limao-siciliano-box-351g-30-saches-essential\/#primaryimage","url":"https:\/\/bioflexnutrition.com.br\/wp-content\/uploads\/2025\/06\/produtos-essential3.webp","contentUrl":"https:\/\/bioflexnutrition.com.br\/wp-content\/uploads\/2025\/06\/produtos-essential3.webp","width":1000,"height":1000},{"@type":"BreadcrumbList","@id":"https:\/\/bioflexnutrition.com.br\/produto\/collagen-2-joint-limao-siciliano-box-351g-30-saches-essential\/#breadcrumb","itemListElement":[{"@type":"ListItem","position":1,"name":"In\u00edcio","item":"https:\/\/bioflexnutrition.com.br\/"},{"@type":"ListItem","position":2,"name":"Loja","item":"https:\/\/bioflexnutrition.com.br\/todos\/"},{"@type":"ListItem","position":3,"name":"Collagen 2 Joint Lim\u00e3o-siciliano Box 351G\/30 saches Essential"}]},{"@type":"WebSite","@id":"https:\/\/bioflexnutrition.com.br\/#website","url":"https:\/\/bioflexnutrition.com.br\/","name":"Bioflex Nutrition","description":"Sua loja online de Nutri\u00e7\u00e3o e Sa\u00fade","publisher":{"@id":"https:\/\/bioflexnutrition.com.br\/#organization"},"potentialAction":[{"@type":"SearchAction","target":{"@type":"EntryPoint","urlTemplate":"https:\/\/bioflexnutrition.com.br\/?s={search_term_string}"},"query-input":{"@type":"PropertyValueSpecification","valueRequired":true,"valueName":"search_term_string"}}],"inLanguage":"en-US"},{"@type":"Organization","@id":"https:\/\/bioflexnutrition.com.br\/#organization","name":"Bioflex Nutrition","url":"https:\/\/bioflexnutrition.com.br\/","logo":{"@type":"ImageObject","inLanguage":"en-US","@id":"https:\/\/bioflexnutrition.com.br\/#\/schema\/logo\/image\/","url":"https:\/\/bioflexnutrition.com.br\/wp-content\/uploads\/2025\/04\/fav.webp","contentUrl":"https:\/\/bioflexnutrition.com.br\/wp-content\/uploads\/2025\/04\/fav.webp","width":1150,"height":1000,"caption":"Bioflex Nutrition"},"image":{"@id":"https:\/\/bioflexnutrition.com.br\/#\/schema\/logo\/image\/"},"sameAs":["https:\/\/www.instagram.com\/bioflexnh\/"]}]}},"_links":{"self":[{"href":"https:\/\/bioflexnutrition.com.br\/en\/wp-json\/wp\/v2\/product\/6789","targetHints":{"allow":["GET"]}}],"collection":[{"href":"https:\/\/bioflexnutrition.com.br\/en\/wp-json\/wp\/v2\/product"}],"about":[{"href":"https:\/\/bioflexnutrition.com.br\/en\/wp-json\/wp\/v2\/types\/product"}],"replies":[{"embeddable":true,"href":"https:\/\/bioflexnutrition.com.br\/en\/wp-json\/wp\/v2\/comments?post=6789"}],"wp:featuredmedia":[{"embeddable":true,"href":"https:\/\/bioflexnutrition.com.br\/en\/wp-json\/wp\/v2\/media\/7312"}],"wp:attachment":[{"href":"https:\/\/bioflexnutrition.com.br\/en\/wp-json\/wp\/v2\/media?parent=6789"}],"wp:term":[{"taxonomy":"product_cat","embeddable":true,"href":"https:\/\/bioflexnutrition.com.br\/en\/wp-json\/wp\/v2\/product_cat?post=6789"},{"taxonomy":"product_tag","embeddable":true,"href":"https:\/\/bioflexnutrition.com.br\/en\/wp-json\/wp\/v2\/product_tag?post=6789"}],"curies":[{"name":"wp","href":"https:\/\/api.w.org\/{rel}","templated":true}]}}