{"id":6843,"date":"2025-06-06T16:06:33","date_gmt":"2025-06-06T19:06:33","guid":{"rendered":"https:\/\/bioflexnutrition.com.br\/produto\/collagen-resilience-lata-390g-30ds-essential\/"},"modified":"2026-03-31T16:34:12","modified_gmt":"2026-03-31T19:34:12","slug":"collagen-resilience-lata-390g-30ds-essential","status":"publish","type":"product","link":"https:\/\/bioflexnutrition.com.br\/en\/product\/collagen-resilience-lata-390g-30ds-essential\/","title":{"rendered":"Collagen Resilience Lata 390g\/ 30Ds Essential"},"content":{"rendered":"<p>&lt;!&ndash; Conte&uacute;do para o &lt;body&gt; sem usar <\/p>\n<h1> &#8211;&gt;<\/p>\n<h2>BODY &amp; MIND IN HARMONY<\/h2>\n<p>Um corpo relaxado, que consegue se reequilibrar e voltar \u00e0 homeostase, exerce sua fun\u00e7\u00e3o de autorrepara\u00e7\u00e3o com muito mais efici\u00eancia.<\/p>\n<p>Esses momentos preciosos, quando corpo e mente se acalmam e entram em equil\u00edbrio, s\u00e3o fundamentais para enfrentar com mais poder os per\u00edodos de adapta\u00e7\u00e3o. Encontrar formas de dedicar esse tempo e carinho a n\u00f3s mesmos pode fazer muita diferen\u00e7a no nosso bem\u2011estar di\u00e1rio.<\/p>\n<p><strong>COLLAGEN RESILIENCE<\/strong> chega para ser um aliado fundamental da sua pele e do seu corpo. \u00c9 uma f\u00f3rmula inspirada no funcionamento, na beleza e na sabedoria do seu corpo e em como isso se reflete na sua pele, associando de maneira inteligente os melhores ingredientes.<\/p>\n<h2>INGREDIENTES PRINCIPAIS<\/h2>\n<ul>\n<li><strong>100\u202fmg<\/strong> \u00c1cido hialur\u00f4nico<\/li>\n<li><strong>100\u202fmg<\/strong> \u00c1cido ortosil\u00edcico<\/li>\n<li><strong>2,5\u202fg<\/strong> Pept\u00eddeos bioativos de col\u00e1geno (Verisol\u00ae)<\/li>\n<li><strong>7\u202fg<\/strong> Col\u00e1geno hidrolisado<\/li>\n<li><strong>250\u202fmg<\/strong> L\u2011triptofano<\/li>\n<li><strong>600\u202fmg<\/strong> Taurina<\/li>\n<li><strong>2980\u202fmg<\/strong> Glicina<\/li>\n<li><strong>63\u202fmg<\/strong> Magn\u00e9sio<\/li>\n<li><strong>45\u202f\u00b5g<\/strong> Biotina<\/li>\n<li>Vitaminas A, B1, B2, B3, B6, B9, B12, C, E e Biotina<\/li>\n<li><strong>200\u202fmg<\/strong> L\u2011teanina<\/li>\n<li>Sabor: Maracuj\u00e1<\/li>\n<\/ul>\n<h2>N\u00c3O CONT\u00c9M<\/h2>\n<ul>\n<li>A\u00e7\u00facar<\/li>\n<li>Gl\u00faten<\/li>\n<li>Lactose<\/li>\n<li>Conservantes<\/li>\n<li>Ado\u00e7antes artificiais<\/li>\n<li>Aromas artificiais<\/li>\n<li>Corantes artificiais<\/li>\n<\/ul>\n<h2>O PODER DO CORPO RESILIENTE<\/h2>\n<p>O estresse \u00e9 uma resposta h\u00e1bil do nosso organismo, uma rea\u00e7\u00e3o fisiol\u00f3gica \u00e0s demandas da vida. Em muitos casos, pode ser positivo, aumentando o estado de alerta e melhorando o desempenho. Mas \u00e9 essencial que o corpo retorne ao estado natural e relaxado para exercer sua autorregula\u00e7\u00e3o e renova\u00e7\u00e3o celular com mais efici\u00eancia, inclusive favorecendo a produ\u00e7\u00e3o de col\u00e1geno.<\/p>\n<h3>RESILI\u00caNCIA<\/h3>\n<p><em>s.f. | re\u2022si\u2022li\u2022\u00ean\u2022ci\u2022a<\/em><\/p>\n<ol>\n<li>capacidade de uma pessoa ou ecossistema retornar \u00e0 condi\u00e7\u00e3o original de equil\u00edbrio (homeostase) ap\u00f3s estresse ou perturba\u00e7\u00f5es;<\/li>\n<li>o poder de parar, respirar e voltar ao estado humano original e essencial.<\/li>\n<\/ol>\n<h2>QUAL O MELHOR MOMENTO PARA TOMAR?<\/h2>\n<p>Toda vez que seu corpo pedir uma pausa: relaxe, repare e recupere. Pode ser no meio da tarde, na volta para casa ou sempre que quiser desacelerar para otimizar o aproveitamento do col\u00e1geno e nutrir a pele de forma mais efetiva.<\/p>\n<h2>TRIPTOFANO<\/h2>\n<p>250\u202fmg de L\u2011triptofano, amino\u00e1cido essencial e precursor da serotonina, relacionado a prazer, disposi\u00e7\u00e3o e entusiasmo.<\/p>\n<h2>TAURINA<\/h2>\n<p>A taurina \u00e9 um dos amino\u00e1cidos mais abundantes no c\u00e9rebro, atuando diretamente no sistema nervoso central.<\/p>\n<h2>GLICINA<\/h2>\n<p>A glicina faz parte da estrutura do col\u00e1geno e atua como neurotransmissor inibit\u00f3rio, ajudando no relaxamento.<\/p>\n<h2>O QUE S\u00c3O PEPT\u00cdDEOS DE COL\u00c1GENO?<\/h2>\n<p>S\u00e3o col\u00e1geno hidrolisado submetido a uma etapa extra de padroniza\u00e7\u00e3o molecular, resultando em pept\u00eddeos min\u00fasculos (\u223c2\u202fkDa) prontos para r\u00e1pida absor\u00e7\u00e3o e a\u00e7\u00e3o eficaz.<\/p>\n<h2>SUA DOSE DI\u00c1RIA DE \u00c1CIDO HIALUR\u00d4NICO<\/h2>\n<p>100\u202fmg di\u00e1rios: estudos indicam que doses acima de 80\u202fmg oferecem melhores propriedades e efeitos para a pele.<\/p>\n<h2>\u00c1CIDO ORTOSIL\u00cdCICO<\/h2>\n<p>100\u202fmg de sil\u00edcio biodispon\u00edvel, presente em v\u00e1rios tecidos e fundamental para a nutri\u00e7\u00e3o do corpo.<\/p>\n<h2>INFORMA\u00c7\u00c3O NUTRICIONAL<\/h2>\n<p><strong>Por\u00e7\u00e3o:<\/strong> 13\u202fg (1 colher\u2011medida) | <strong>%VD*<\/strong> para adultos.<\/p>\n<table>\n<thead>\n<tr>\n<th>Componente<\/th>\n<th>Quantidade<\/th>\n<th>%VD*<\/th>\n<\/tr>\n<\/thead>\n<tbody>\n<tr>\n<td>Valor energ\u00e9tico (kcal)<\/td>\n<td>32<\/td>\n<td>2%<\/td>\n<\/tr>\n<tr>\n<td>Carboidratos (g)<\/td>\n<td>0,7<\/td>\n<td>0%<\/td>\n<\/tr>\n<tr>\n<td>Prote\u00ednas (g)<\/td>\n<td>7,2<\/td>\n<td>14%<\/td>\n<\/tr>\n<tr>\n<td>Glicina (mg)<\/td>\n<td>2980<\/td>\n<td>\u2014<\/td>\n<\/tr>\n<tr>\n<td>Triptofano (mg)<\/td>\n<td>250<\/td>\n<td>\u2014<\/td>\n<\/tr>\n<tr>\n<td>S\u00f3dio (mg)<\/td>\n<td>60<\/td>\n<td>3%<\/td>\n<\/tr>\n<tr>\n<td>Vitamina A (\u00b5g)<\/td>\n<td>667<\/td>\n<td>83%<\/td>\n<\/tr>\n<tr>\n<td>Vitamina E (mg)<\/td>\n<td>30<\/td>\n<td>200%<\/td>\n<\/tr>\n<tr>\n<td>Vitamina C (mg)<\/td>\n<td>200<\/td>\n<td>200%<\/td>\n<\/tr>\n<tr>\n<td>Vitamina B1 (mg)<\/td>\n<td>1,2<\/td>\n<td>100%<\/td>\n<\/tr>\n<tr>\n<td>Vitamina B2 (mg)<\/td>\n<td>1,6<\/td>\n<td>133%<\/td>\n<\/tr>\n<tr>\n<td>Vitamina B3 (mg)<\/td>\n<td>16<\/td>\n<td>107%<\/td>\n<\/tr>\n<tr>\n<td>Vitamina B6 (mg)<\/td>\n<td>1,3<\/td>\n<td>100%<\/td>\n<\/tr>\n<tr>\n<td>Vitamina B7 (\u00b5g)<\/td>\n<td>45<\/td>\n<td>150%<\/td>\n<\/tr>\n<tr>\n<td>Vitamina B9 (\u00b5g)<\/td>\n<td>240<\/td>\n<td>100%<\/td>\n<\/tr>\n<tr>\n<td>Vitamina B12 (\u00b5g)<\/td>\n<td>2,4<\/td>\n<td>100%<\/td>\n<\/tr>\n<tr>\n<td>Magn\u00e9sio (mg)<\/td>\n<td>63<\/td>\n<td>15%<\/td>\n<\/tr>\n<tr>\n<td>Taurina (mg)<\/td>\n<td>600<\/td>\n<td>\u2014<\/td>\n<\/tr>\n<tr>\n<td>L\u2011teanina (mg)<\/td>\n<td>200<\/td>\n<td>\u2014<\/td>\n<\/tr>\n<tr>\n<td>\u00c1cido hialur\u00f4nico (mg)<\/td>\n<td>100<\/td>\n<td>\u2014<\/td>\n<\/tr>\n<tr>\n<td>\u00c1cido ortosil\u00edcico (mg)<\/td>\n<td>100<\/td>\n<td>\u2014<\/td>\n<\/tr>\n<tr>\n<td>Pept\u00eddeos bioativos de col\u00e1geno (g)<\/td>\n<td>2,5<\/td>\n<td>\u2014<\/td>\n<\/tr>\n<\/tbody>\n<\/table>\n<p class=\"note\">*Percentual de valores di\u00e1rios para adultos.<\/p>\n<h2>INGREDIENTES<\/h2>\n<p>Col\u00e1geno hidrolisado; Verisol\u00ae pept\u00eddeos bioativos (2\u202fkDa); glicina; taurina; maracuj\u00e1 em p\u00f3; L\u2011triptofano; ascorbato de s\u00f3dio; bisglicinato de magn\u00e9sio; L\u2011teanina; \u00e1cido ortosil\u00edcico; hialuronato de s\u00f3dio; mix de tocofer\u00f3is; nicotinamida; acetato de retinol; riboflavina; tiamina; piridoxal\u20115\u2011fosfato; L\u2011metilfolato; biotina; metilcobalamina; aromas id\u00eanticos; antioxidante \u00e1cido c\u00edtrico; antiumectante di\u00f3xido de sil\u00edcio; edulcorante glicos\u00eddeos de esteviol; corante natural urucum.<\/p>\n<h2>AL\u00c9RGICOS<\/h2>\n<p>Pode conter derivados de leite*. *Tra\u00e7os n\u00e3o intencionais.<\/p>\n<h2>MODO DE PREPARO<\/h2>\n<p>Adicione 13\u202fg (1 colher\u2011medida) em 200\u202fml de \u00e1gua e misture at\u00e9 homogeneiza\u00e7\u00e3o. Beba imediatamente. Recomenda-se uso 1x ao dia ou conforme orienta\u00e7\u00e3o profissional.<\/p>\n<h2>RECOMENDA\u00c7\u00d5ES<\/h2>\n<ul>\n<li>Conservar em local fresco, seco e ao abrigo da luz.<\/li>\n<li>Ap\u00f3s aberto, consumir em at\u00e9 60 dias.<\/li>\n<li>Recomendado para adultos (\u2265\u202f19\u202fanos); n\u00e3o indicado para gestantes, lactantes e crian\u00e7as.<\/li>\n<li>\u201cEste produto n\u00e3o \u00e9 um medicamento.\u201d<\/li>\n<li>\u201cN\u00e3o exceder a recomenda\u00e7\u00e3o di\u00e1ria.\u201d<\/li>\n<li>\u201cManter fora do alcance de crian\u00e7as.\u201d<\/li>\n<\/ul>","protected":false},"excerpt":{"rendered":"<p>Collagen Resilience<\/p>\n<p>\u00a0<\/p>\n<p>F\u00f3rmula inovadora com ingredientes que trabalham a favor da sua pele nos momentos de relaxamento, quando o corpo exerce sua fun\u00e7\u00e3o de autorrepara\u00e7\u00e3o com muito mais efici\u00eancia, promovendo o reequil\u00edbrio di\u00e1rio de forma mais efetiva.<\/p>","protected":false},"featured_media":6839,"comment_status":"open","ping_status":"closed","template":"","meta":{"_joinchat":[]},"product_cat":[248,268,160,199,284,157,164,198,266,230,280],"product_tag":[],"class_list":{"0":"post-6843","1":"product","2":"type-product","3":"status-publish","4":"has-post-thumbnail","6":"product_cat-categorias-e","7":"product_cat-colageno-proteinas-categorias-ecommerce","8":"product_cat-essential","9":"product_cat-frete-gratis","10":"product_cat-imunidade","11":"product_cat-marcas","12":"product_cat-objetivos-especificos","13":"product_cat-promocoes","14":"product_cat-proteinas-categorias-ecommerce","15":"product_cat-saude-e-bem-estar","16":"product_cat-vitaminas","18":"first","19":"instock","20":"shipping-taxable","21":"purchasable","22":"product-type-simple","23":"col-xs-6 col-sm-4","24":"col-md-3 col-lg-3","25":"un-4-cols"},"yoast_head":"<!-- This site is optimized with the Yoast SEO plugin v27.3 - https:\/\/yoast.com\/product\/yoast-seo-wordpress\/ -->\n<title>Collagen Resilience Lata 390g\/ 30Ds Essential - Bioflex Nutrition<\/title>\n<meta name=\"robots\" content=\"index, follow, max-snippet:-1, max-image-preview:large, max-video-preview:-1\" \/>\n<link rel=\"canonical\" href=\"https:\/\/bioflexnutrition.com.br\/en\/product\/collagen-resilience-lata-390g-30ds-essential\/\" \/>\n<meta property=\"og:locale\" content=\"en_US\" \/>\n<meta property=\"og:type\" content=\"article\" \/>\n<meta property=\"og:title\" content=\"Collagen Resilience Lata 390g\/ 30Ds Essential - Bioflex Nutrition\" \/>\n<meta property=\"og:description\" content=\"Collagen Resilience \u00a0 F\u00f3rmula inovadora com ingredientes que trabalham a favor da sua pele nos momentos de relaxamento, quando o corpo exerce sua fun\u00e7\u00e3o de autorrepara\u00e7\u00e3o com muito mais efici\u00eancia, promovendo o reequil\u00edbrio di\u00e1rio de forma mais efetiva.\" \/>\n<meta property=\"og:url\" content=\"https:\/\/bioflexnutrition.com.br\/en\/product\/collagen-resilience-lata-390g-30ds-essential\/\" \/>\n<meta property=\"og:site_name\" content=\"Bioflex Nutrition\" \/>\n<meta property=\"article:modified_time\" content=\"2026-03-31T19:34:12+00:00\" \/>\n<meta property=\"og:image\" content=\"https:\/\/bioflexnutrition.com.br\/wp-content\/uploads\/2025\/06\/15348445847-collagen-resilience-maracuja-lata-pequena.jpg\" \/>\n\t<meta property=\"og:image:width\" content=\"1950\" \/>\n\t<meta property=\"og:image:height\" content=\"1950\" \/>\n\t<meta property=\"og:image:type\" content=\"image\/jpeg\" \/>\n<meta name=\"twitter:card\" content=\"summary_large_image\" \/>\n<meta name=\"twitter:label1\" content=\"Est. reading time\" \/>\n\t<meta name=\"twitter:data1\" content=\"5 minutes\" \/>\n<script type=\"application\/ld+json\" class=\"yoast-schema-graph\">{\"@context\":\"https:\\\/\\\/schema.org\",\"@graph\":[{\"@type\":[\"WebPage\",\"ItemPage\"],\"@id\":\"https:\\\/\\\/bioflexnutrition.com.br\\\/produto\\\/collagen-resilience-lata-390g-30ds-essential\\\/\",\"url\":\"https:\\\/\\\/bioflexnutrition.com.br\\\/produto\\\/collagen-resilience-lata-390g-30ds-essential\\\/\",\"name\":\"Collagen Resilience Lata 390g\\\/ 30Ds Essential - Bioflex Nutrition\",\"isPartOf\":{\"@id\":\"https:\\\/\\\/bioflexnutrition.com.br\\\/#website\"},\"primaryImageOfPage\":{\"@id\":\"https:\\\/\\\/bioflexnutrition.com.br\\\/produto\\\/collagen-resilience-lata-390g-30ds-essential\\\/#primaryimage\"},\"image\":{\"@id\":\"https:\\\/\\\/bioflexnutrition.com.br\\\/produto\\\/collagen-resilience-lata-390g-30ds-essential\\\/#primaryimage\"},\"thumbnailUrl\":\"https:\\\/\\\/bioflexnutrition.com.br\\\/wp-content\\\/uploads\\\/2025\\\/06\\\/15348445847-collagen-resilience-maracuja-lata-pequena.jpg\",\"datePublished\":\"2025-06-06T19:06:33+00:00\",\"dateModified\":\"2026-03-31T19:34:12+00:00\",\"breadcrumb\":{\"@id\":\"https:\\\/\\\/bioflexnutrition.com.br\\\/produto\\\/collagen-resilience-lata-390g-30ds-essential\\\/#breadcrumb\"},\"inLanguage\":\"en-US\",\"potentialAction\":[{\"@type\":\"ReadAction\",\"target\":[\"https:\\\/\\\/bioflexnutrition.com.br\\\/produto\\\/collagen-resilience-lata-390g-30ds-essential\\\/\"]}]},{\"@type\":\"ImageObject\",\"inLanguage\":\"en-US\",\"@id\":\"https:\\\/\\\/bioflexnutrition.com.br\\\/produto\\\/collagen-resilience-lata-390g-30ds-essential\\\/#primaryimage\",\"url\":\"https:\\\/\\\/bioflexnutrition.com.br\\\/wp-content\\\/uploads\\\/2025\\\/06\\\/15348445847-collagen-resilience-maracuja-lata-pequena.jpg\",\"contentUrl\":\"https:\\\/\\\/bioflexnutrition.com.br\\\/wp-content\\\/uploads\\\/2025\\\/06\\\/15348445847-collagen-resilience-maracuja-lata-pequena.jpg\",\"width\":1950,\"height\":1950},{\"@type\":\"BreadcrumbList\",\"@id\":\"https:\\\/\\\/bioflexnutrition.com.br\\\/produto\\\/collagen-resilience-lata-390g-30ds-essential\\\/#breadcrumb\",\"itemListElement\":[{\"@type\":\"ListItem\",\"position\":1,\"name\":\"In\u00edcio\",\"item\":\"https:\\\/\\\/bioflexnutrition.com.br\\\/\"},{\"@type\":\"ListItem\",\"position\":2,\"name\":\"Loja\",\"item\":\"https:\\\/\\\/bioflexnutrition.com.br\\\/todos\\\/\"},{\"@type\":\"ListItem\",\"position\":3,\"name\":\"Collagen Resilience Lata 390g\\\/ 30Ds Essential\"}]},{\"@type\":\"WebSite\",\"@id\":\"https:\\\/\\\/bioflexnutrition.com.br\\\/#website\",\"url\":\"https:\\\/\\\/bioflexnutrition.com.br\\\/\",\"name\":\"Bioflex Nutrition\",\"description\":\"Sua loja online de Nutri\u00e7\u00e3o e Sa\u00fade\",\"publisher\":{\"@id\":\"https:\\\/\\\/bioflexnutrition.com.br\\\/#organization\"},\"potentialAction\":[{\"@type\":\"SearchAction\",\"target\":{\"@type\":\"EntryPoint\",\"urlTemplate\":\"https:\\\/\\\/bioflexnutrition.com.br\\\/?s={search_term_string}\"},\"query-input\":{\"@type\":\"PropertyValueSpecification\",\"valueRequired\":true,\"valueName\":\"search_term_string\"}}],\"inLanguage\":\"en-US\"},{\"@type\":\"Organization\",\"@id\":\"https:\\\/\\\/bioflexnutrition.com.br\\\/#organization\",\"name\":\"Bioflex Nutrition\",\"url\":\"https:\\\/\\\/bioflexnutrition.com.br\\\/\",\"logo\":{\"@type\":\"ImageObject\",\"inLanguage\":\"en-US\",\"@id\":\"https:\\\/\\\/bioflexnutrition.com.br\\\/#\\\/schema\\\/logo\\\/image\\\/\",\"url\":\"https:\\\/\\\/bioflexnutrition.com.br\\\/wp-content\\\/uploads\\\/2025\\\/04\\\/fav.webp\",\"contentUrl\":\"https:\\\/\\\/bioflexnutrition.com.br\\\/wp-content\\\/uploads\\\/2025\\\/04\\\/fav.webp\",\"width\":1150,\"height\":1000,\"caption\":\"Bioflex Nutrition\"},\"image\":{\"@id\":\"https:\\\/\\\/bioflexnutrition.com.br\\\/#\\\/schema\\\/logo\\\/image\\\/\"},\"sameAs\":[\"https:\\\/\\\/www.instagram.com\\\/bioflexnh\\\/\"]}]}<\/script>\n<!-- \/ Yoast SEO plugin. -->","yoast_head_json":{"title":"Collagen Resilience Lata 390g\/ 30Ds Essential - Bioflex Nutrition","robots":{"index":"index","follow":"follow","max-snippet":"max-snippet:-1","max-image-preview":"max-image-preview:large","max-video-preview":"max-video-preview:-1"},"canonical":"https:\/\/bioflexnutrition.com.br\/en\/product\/collagen-resilience-lata-390g-30ds-essential\/","og_locale":"en_US","og_type":"article","og_title":"Collagen Resilience Lata 390g\/ 30Ds Essential - Bioflex Nutrition","og_description":"Collagen Resilience \u00a0 F\u00f3rmula inovadora com ingredientes que trabalham a favor da sua pele nos momentos de relaxamento, quando o corpo exerce sua fun\u00e7\u00e3o de autorrepara\u00e7\u00e3o com muito mais efici\u00eancia, promovendo o reequil\u00edbrio di\u00e1rio de forma mais efetiva.","og_url":"https:\/\/bioflexnutrition.com.br\/en\/product\/collagen-resilience-lata-390g-30ds-essential\/","og_site_name":"Bioflex Nutrition","article_modified_time":"2026-03-31T19:34:12+00:00","og_image":[{"width":1950,"height":1950,"url":"https:\/\/bioflexnutrition.com.br\/wp-content\/uploads\/2025\/06\/15348445847-collagen-resilience-maracuja-lata-pequena.jpg","type":"image\/jpeg"}],"twitter_card":"summary_large_image","twitter_misc":{"Est. reading time":"5 minutes"},"schema":{"@context":"https:\/\/schema.org","@graph":[{"@type":["WebPage","ItemPage"],"@id":"https:\/\/bioflexnutrition.com.br\/produto\/collagen-resilience-lata-390g-30ds-essential\/","url":"https:\/\/bioflexnutrition.com.br\/produto\/collagen-resilience-lata-390g-30ds-essential\/","name":"Collagen Resilience Lata 390g\/ 30Ds Essential - Bioflex Nutrition","isPartOf":{"@id":"https:\/\/bioflexnutrition.com.br\/#website"},"primaryImageOfPage":{"@id":"https:\/\/bioflexnutrition.com.br\/produto\/collagen-resilience-lata-390g-30ds-essential\/#primaryimage"},"image":{"@id":"https:\/\/bioflexnutrition.com.br\/produto\/collagen-resilience-lata-390g-30ds-essential\/#primaryimage"},"thumbnailUrl":"https:\/\/bioflexnutrition.com.br\/wp-content\/uploads\/2025\/06\/15348445847-collagen-resilience-maracuja-lata-pequena.jpg","datePublished":"2025-06-06T19:06:33+00:00","dateModified":"2026-03-31T19:34:12+00:00","breadcrumb":{"@id":"https:\/\/bioflexnutrition.com.br\/produto\/collagen-resilience-lata-390g-30ds-essential\/#breadcrumb"},"inLanguage":"en-US","potentialAction":[{"@type":"ReadAction","target":["https:\/\/bioflexnutrition.com.br\/produto\/collagen-resilience-lata-390g-30ds-essential\/"]}]},{"@type":"ImageObject","inLanguage":"en-US","@id":"https:\/\/bioflexnutrition.com.br\/produto\/collagen-resilience-lata-390g-30ds-essential\/#primaryimage","url":"https:\/\/bioflexnutrition.com.br\/wp-content\/uploads\/2025\/06\/15348445847-collagen-resilience-maracuja-lata-pequena.jpg","contentUrl":"https:\/\/bioflexnutrition.com.br\/wp-content\/uploads\/2025\/06\/15348445847-collagen-resilience-maracuja-lata-pequena.jpg","width":1950,"height":1950},{"@type":"BreadcrumbList","@id":"https:\/\/bioflexnutrition.com.br\/produto\/collagen-resilience-lata-390g-30ds-essential\/#breadcrumb","itemListElement":[{"@type":"ListItem","position":1,"name":"In\u00edcio","item":"https:\/\/bioflexnutrition.com.br\/"},{"@type":"ListItem","position":2,"name":"Loja","item":"https:\/\/bioflexnutrition.com.br\/todos\/"},{"@type":"ListItem","position":3,"name":"Collagen Resilience Lata 390g\/ 30Ds Essential"}]},{"@type":"WebSite","@id":"https:\/\/bioflexnutrition.com.br\/#website","url":"https:\/\/bioflexnutrition.com.br\/","name":"Bioflex Nutrition","description":"Sua loja online de Nutri\u00e7\u00e3o e Sa\u00fade","publisher":{"@id":"https:\/\/bioflexnutrition.com.br\/#organization"},"potentialAction":[{"@type":"SearchAction","target":{"@type":"EntryPoint","urlTemplate":"https:\/\/bioflexnutrition.com.br\/?s={search_term_string}"},"query-input":{"@type":"PropertyValueSpecification","valueRequired":true,"valueName":"search_term_string"}}],"inLanguage":"en-US"},{"@type":"Organization","@id":"https:\/\/bioflexnutrition.com.br\/#organization","name":"Bioflex Nutrition","url":"https:\/\/bioflexnutrition.com.br\/","logo":{"@type":"ImageObject","inLanguage":"en-US","@id":"https:\/\/bioflexnutrition.com.br\/#\/schema\/logo\/image\/","url":"https:\/\/bioflexnutrition.com.br\/wp-content\/uploads\/2025\/04\/fav.webp","contentUrl":"https:\/\/bioflexnutrition.com.br\/wp-content\/uploads\/2025\/04\/fav.webp","width":1150,"height":1000,"caption":"Bioflex Nutrition"},"image":{"@id":"https:\/\/bioflexnutrition.com.br\/#\/schema\/logo\/image\/"},"sameAs":["https:\/\/www.instagram.com\/bioflexnh\/"]}]}},"_links":{"self":[{"href":"https:\/\/bioflexnutrition.com.br\/en\/wp-json\/wp\/v2\/product\/6843","targetHints":{"allow":["GET"]}}],"collection":[{"href":"https:\/\/bioflexnutrition.com.br\/en\/wp-json\/wp\/v2\/product"}],"about":[{"href":"https:\/\/bioflexnutrition.com.br\/en\/wp-json\/wp\/v2\/types\/product"}],"replies":[{"embeddable":true,"href":"https:\/\/bioflexnutrition.com.br\/en\/wp-json\/wp\/v2\/comments?post=6843"}],"wp:featuredmedia":[{"embeddable":true,"href":"https:\/\/bioflexnutrition.com.br\/en\/wp-json\/wp\/v2\/media\/6839"}],"wp:attachment":[{"href":"https:\/\/bioflexnutrition.com.br\/en\/wp-json\/wp\/v2\/media?parent=6843"}],"wp:term":[{"taxonomy":"product_cat","embeddable":true,"href":"https:\/\/bioflexnutrition.com.br\/en\/wp-json\/wp\/v2\/product_cat?post=6843"},{"taxonomy":"product_tag","embeddable":true,"href":"https:\/\/bioflexnutrition.com.br\/en\/wp-json\/wp\/v2\/product_tag?post=6843"}],"curies":[{"name":"wp","href":"https:\/\/api.w.org\/{rel}","templated":true}]}}