{"id":6852,"date":"2025-06-06T16:07:20","date_gmt":"2025-06-06T19:07:20","guid":{"rendered":"https:\/\/bioflexnutrition.com.br\/produto\/vitamini-juice-morango-lata-351g-lata-essential\/"},"modified":"2026-04-01T15:17:19","modified_gmt":"2026-04-01T18:17:19","slug":"vitamini-juice-morango-lata-351g-lata-essential","status":"publish","type":"product","link":"https:\/\/bioflexnutrition.com.br\/en\/product\/vitamini-juice-morango-lata-351g-lata-essential\/","title":{"rendered":"Vitamini Juice Morango Lata 276g lata Essential"},"content":{"rendered":"<h2>O que \u00e9 VITAMINI JUICE<\/h2>\n<p>O suco que eles tanto amam agora \u00e9 um aliado poderoso na alimenta\u00e7\u00e3o di\u00e1ria. VITAMINI JUICE \u00e9 uma maneira f\u00e1cil e saborosa de nutrir de forma real quem mais amamos, com uma sele\u00e7\u00e3o especial de vitaminas ativas e minerais quelados. A ideia de um suco delicioso e um multivitam\u00ednico poderoso, ado\u00e7ado com est\u00e9via, \u00e9 uma excelente op\u00e7\u00e3o para substituir bebidas tradicionais com alto teor de a\u00e7\u00facar e pobres em nutrientes. VITAMINI JUICE tamb\u00e9m \u00e9 fonte de fibras prebi\u00f3ticas e seu sabor vem da polpa de fruta e de aromas naturais.<\/p>\n<h3>Por que escolher VITAMINI JUICE?<\/h3>\n<ul>\n<li>Vitaminas A, B6, B12, C, D e \u00e1cido f\u00f3lico, cobre, sel\u00eanio, zinco e ferro auxiliam no funcionamento do sistema imune<\/li>\n<li>Fibras prebi\u00f3ticas Fodmap Friendly auxiliam no funcionamento do intestino<\/li>\n<li>Vitamina D e magn\u00e9sio auxiliam na forma\u00e7\u00e3o de ossos e dentes<\/li>\n<li>Vitamina C auxilia na absor\u00e7\u00e3o de ferro dos alimentos<\/li>\n<li>Magn\u00e9sio auxilia no equil\u00edbrio dos eletr\u00f3litos e no funcionamento neuromuscular<\/li>\n<li>Palatinose\u2122 garante libera\u00e7\u00e3o lenta de energia e baixo \u00edndice glic\u00eamico<\/li>\n<li>Livre de sacarose, ado\u00e7antes, corantes e conservantes artificiais, gl\u00faten, lactose e derivados de soja<\/li>\n<\/ul>\n<h3>Tabela Nutricional<\/h3>\n<p>Por\u00e7\u00f5es por embalagem: 24 (276\u202fg)<br \/>Por\u00e7\u00e3o: 11,5\u202fg (1 colher\u2011medida) \u2014 crian\u00e7as de 4 a 8\u202fanos<\/p>\n<table>\n<thead>\n<tr>\n<th>Nutriente<\/th>\n<th>Por\u00e7\u00e3o: 11,5\u202fg \/ %VD*<\/th>\n<\/tr>\n<\/thead>\n<tbody>\n<tr>\n<td>Valor energ\u00e9tico<\/td>\n<td>31\u202fkcal \/ 2%<\/td>\n<\/tr>\n<tr>\n<td>Carboidratos<\/td>\n<td>5,8\u202fg \/ 3%<\/td>\n<\/tr>\n<tr>\n<td>A\u00e7\u00facares totais<\/td>\n<td>5,4\u202fg<\/td>\n<\/tr>\n<tr>\n<td>A\u00e7\u00facares adicionados<\/td>\n<td>5,3\u202fg \/ 15%<\/td>\n<\/tr>\n<tr>\n<td>Isomaltulose (Palatinose\u2122)<\/td>\n<td>5,3\u202fg<\/td>\n<\/tr>\n<tr>\n<td>Lactose<\/td>\n<td>0\u202fg<\/td>\n<\/tr>\n<tr>\n<td>Poli\u00f3is totais<\/td>\n<td>0\u202fg<\/td>\n<\/tr>\n<tr>\n<td>Fibras alimentares<\/td>\n<td>3,8\u202fg \/ 15%<\/td>\n<\/tr>\n<tr>\n<td>S\u00f3dio<\/td>\n<td>33\u202fmg \/ 2%<\/td>\n<\/tr>\n<tr>\n<td>Vitamina A<\/td>\n<td>165\u202f\u00b5g \/ 41%<\/td>\n<\/tr>\n<tr>\n<td>Vitamina D<\/td>\n<td>5\u202f\u00b5g \/ 33%<\/td>\n<\/tr>\n<tr>\n<td>Vitamina E<\/td>\n<td>7\u202fmg \/ 100%<\/td>\n<\/tr>\n<tr>\n<td>Vitamina K<\/td>\n<td>18\u202f\u00b5g \/ 33%<\/td>\n<\/tr>\n<tr>\n<td>Vitamina C<\/td>\n<td>35\u202fmg \/ 140%<\/td>\n<\/tr>\n<tr>\n<td>Vitamina B1<\/td>\n<td>0,9\u202fmg \/ 150%<\/td>\n<\/tr>\n<tr>\n<td>Vitamina B2<\/td>\n<td>0,9\u202fmg \/ 150%<\/td>\n<\/tr>\n<tr>\n<td>Vitamina B3<\/td>\n<td>12\u202fmg \/ 150%<\/td>\n<\/tr>\n<tr>\n<td>Vitamina B5<\/td>\n<td>4\u202fmg \/ 133%<\/td>\n<\/tr>\n<tr>\n<td>Vitamina B6<\/td>\n<td>1\u202fmg \/ 167%<\/td>\n<\/tr>\n<tr>\n<td>Vitamina B7<\/td>\n<td>18\u202f\u00b5g \/ 150%<\/td>\n<\/tr>\n<tr>\n<td>Vitamina B9<\/td>\n<td>120\u202f\u00b5g \/ 100%<\/td>\n<\/tr>\n<tr>\n<td>Vitamina B12<\/td>\n<td>1,8\u202f\u00b5g \/ 150%<\/td>\n<\/tr>\n<tr>\n<td>Cobre<\/td>\n<td>150\u202f\u00b5g \/ 34%<\/td>\n<\/tr>\n<tr>\n<td>Cromo<\/td>\n<td>6\u202f\u00b5g \/ 40%<\/td>\n<\/tr>\n<tr>\n<td>Ferro<\/td>\n<td>1,5\u202fmg \/ 15%<\/td>\n<\/tr>\n<tr>\n<td>Magn\u00e9sio<\/td>\n<td>63\u202fmg \/ 48%<\/td>\n<\/tr>\n<tr>\n<td>Sel\u00eanio<\/td>\n<td>13\u202f\u00b5g \/ 43%<\/td>\n<\/tr>\n<tr>\n<td>Zinco<\/td>\n<td>3,7\u202fmg \/ 74%<\/td>\n<\/tr>\n<\/tbody>\n<\/table>\n<p><em>*Percentual de valores di\u00e1rios de refer\u00eancia para crian\u00e7as de 4 a 8\u202fanos.<\/em><\/p>\n<h3>Ingredientes<\/h3>\n<p>Isomaltulose (Palatinose\u2122), fibra de ac\u00e1cia, blend de frutas e vegetais (morango, rabanete, ma\u00e7\u00e3 e groselha), citrato de magn\u00e9sio, bisglicinato de magn\u00e9sio, \u00e1cido asc\u00f3rbico revestido (vitamina C), acetato de tocoferol (vitamina E), bisglicinato de zinco, nicotinamida (vitamina B3), glicinato f\u00e9rrico, pantotenato de c\u00e1lcio (vitamina B5), colecalciferol vegano (vitamina D), L-selenometionina, acetato de retinol, cloridrato de tiamina (vitamina B1), piridoxal\u20115\u2011fosfato (vitamina B6), riboflavina\u20115\u2011fosfato (vitamina B2), fitomenadiona (vitamina K1), menaquinona\u20117 (vitamina K2), bisglicinato de cobre, \u00e1cido f\u00f3lico (vitamina B9), L-metilfolato de c\u00e1lcio (vitamina B9), picolinato de cromo, biotina (vitamina B7), metilcobalamina (vitamina B12), cianocobalamina (vitamina B12), antiumectantes (di\u00f3xido de sil\u00edcio, fosfato tric\u00e1lcico), antioxidante \u00e1cido c\u00edtrico, aromas naturais e id\u00eanticos ao natural, espessantes (goma xantana, goma guar), edulcorante glicos\u00eddeos de esteviol (est\u00e9via).<\/p>\n<p><strong>N\u00e3o cont\u00e9m gl\u00faten. Pode conter tra\u00e7os de leite.<\/strong><\/p>\n<h3>Modo de Preparo<\/h3>\n<p>Adicione 11,5\u202fg (1 colher\u2011medida) em 200\u202fml de \u00e1gua, misture at\u00e9 homogeneizar e consuma uma vez ao dia ou conforme orienta\u00e7\u00e3o de m\u00e9dico ou nutricionista.<\/p>\n<p>Manter este produto bem fechado em local fresco, seco e ao abrigo da luz solar.<br \/>Ap\u00f3s aberto, consumir em at\u00e9 60 dias.<br \/>Este produto \u00e9 recomendado para crian\u00e7as de 4 a 8 anos.<br \/>\u201cEste produto n\u00e3o \u00e9 um medicamento.\u201d<br \/>\u201cN\u00e3o exceder a recomenda\u00e7\u00e3o di\u00e1ria de consumo indicada na embalagem.\u201d<br \/>\u201cMantenha fora do alcance de crian\u00e7as.\u201d<\/p>\n<p><!-- Sempre acrescentar este texto ao final --><\/p>\n<p>Manter este produto bem fechado em local fresco, seco e ao abrigo da luz solar.<br \/>Ap\u00f3s aberto, consumir em at\u00e9 90 dias.<br \/>A colora\u00e7\u00e3o da c\u00e1psula pode apresentar varia\u00e7\u00e3o devido \u00e0 presen\u00e7a de ingredientes naturais, sem comprometer a efic\u00e1cia da formula\u00e7\u00e3o.<br \/>Este produto \u00e9 recomendado para adultos (\u226519 anos).<br \/>Este produto n\u00e3o deve ser consumido por gestantes, lactantes e crian\u00e7as.<br \/>\u201cEste produto n\u00e3o \u00e9 um medicamento.\u201d<br \/>\u201cN\u00e3o exceder a recomenda\u00e7\u00e3o di\u00e1ria de consumo indicada na embalagem.\u201d<br \/>\u201cMantenha fora do alcance de crian\u00e7as.\u201d<\/p>","protected":false},"excerpt":{"rendered":"<p>Vitamini Juice Morango<\/p>\n<p>\u00a0<\/p>\n<p>Vegan<\/p>\n<p>Multivitam\u00ednico em forma de suco, uma forma saud\u00e1vel e divertida de suplementar as crian\u00e7as. Formulado com 13 vitaminas, 6 minerais, Palatinose\u2122, fibra ac\u00e1cia, polpa de fruta natural e ado\u00e7ado com est\u00e9via.<\/p>","protected":false},"featured_media":6849,"comment_status":"open","ping_status":"closed","template":"","meta":{"_joinchat":[]},"product_cat":[248,160,284,157,164,230,280],"product_tag":[],"class_list":{"0":"post-6852","1":"product","2":"type-product","3":"status-publish","4":"has-post-thumbnail","6":"product_cat-categorias-e","7":"product_cat-essential","8":"product_cat-imunidade","9":"product_cat-marcas","10":"product_cat-objetivos-especificos","11":"product_cat-saude-e-bem-estar","12":"product_cat-vitaminas","14":"first","15":"instock","16":"shipping-taxable","17":"purchasable","18":"product-type-simple","19":"col-xs-6 col-sm-4","20":"col-md-3 col-lg-3","21":"un-4-cols"},"yoast_head":"<!-- This site is optimized with the Yoast SEO plugin v27.3 - https:\/\/yoast.com\/product\/yoast-seo-wordpress\/ -->\n<title>Vitamini Juice Morango Lata 276g lata Essential - Bioflex Nutrition<\/title>\n<meta name=\"robots\" content=\"index, follow, max-snippet:-1, max-image-preview:large, max-video-preview:-1\" \/>\n<link rel=\"canonical\" href=\"https:\/\/bioflexnutrition.com.br\/en\/product\/vitamini-juice-morango-lata-351g-lata-essential\/\" \/>\n<meta property=\"og:locale\" content=\"en_US\" \/>\n<meta property=\"og:type\" content=\"article\" \/>\n<meta property=\"og:title\" content=\"Vitamini Juice Morango Lata 276g lata Essential - Bioflex Nutrition\" \/>\n<meta property=\"og:description\" content=\"Vitamini Juice Morango \u00a0 Vegan Multivitam\u00ednico em forma de suco, uma forma saud\u00e1vel e divertida de suplementar as crian\u00e7as. Formulado com 13 vitaminas, 6 minerais, Palatinose\u2122, fibra ac\u00e1cia, polpa de fruta natural e ado\u00e7ado com est\u00e9via.\" \/>\n<meta property=\"og:url\" content=\"https:\/\/bioflexnutrition.com.br\/en\/product\/vitamini-juice-morango-lata-351g-lata-essential\/\" \/>\n<meta property=\"og:site_name\" content=\"Bioflex Nutrition\" \/>\n<meta property=\"article:modified_time\" content=\"2026-04-01T18:17:19+00:00\" \/>\n<meta property=\"og:image\" content=\"https:\/\/bioflexnutrition.com.br\/wp-content\/uploads\/2025\/06\/15335619018-morango-capa.png\" \/>\n\t<meta property=\"og:image:width\" content=\"1200\" \/>\n\t<meta property=\"og:image:height\" content=\"1200\" \/>\n\t<meta property=\"og:image:type\" content=\"image\/png\" \/>\n<meta name=\"twitter:card\" content=\"summary_large_image\" \/>\n<meta name=\"twitter:label1\" content=\"Est. reading time\" \/>\n\t<meta name=\"twitter:data1\" content=\"4 minutes\" \/>\n<script type=\"application\/ld+json\" class=\"yoast-schema-graph\">{\"@context\":\"https:\\\/\\\/schema.org\",\"@graph\":[{\"@type\":[\"WebPage\",\"ItemPage\"],\"@id\":\"https:\\\/\\\/bioflexnutrition.com.br\\\/produto\\\/vitamini-juice-morango-lata-351g-lata-essential\\\/\",\"url\":\"https:\\\/\\\/bioflexnutrition.com.br\\\/produto\\\/vitamini-juice-morango-lata-351g-lata-essential\\\/\",\"name\":\"Vitamini Juice Morango Lata 276g lata Essential - Bioflex Nutrition\",\"isPartOf\":{\"@id\":\"https:\\\/\\\/bioflexnutrition.com.br\\\/#website\"},\"primaryImageOfPage\":{\"@id\":\"https:\\\/\\\/bioflexnutrition.com.br\\\/produto\\\/vitamini-juice-morango-lata-351g-lata-essential\\\/#primaryimage\"},\"image\":{\"@id\":\"https:\\\/\\\/bioflexnutrition.com.br\\\/produto\\\/vitamini-juice-morango-lata-351g-lata-essential\\\/#primaryimage\"},\"thumbnailUrl\":\"https:\\\/\\\/bioflexnutrition.com.br\\\/wp-content\\\/uploads\\\/2025\\\/06\\\/15335619018-morango-capa.png\",\"datePublished\":\"2025-06-06T19:07:20+00:00\",\"dateModified\":\"2026-04-01T18:17:19+00:00\",\"breadcrumb\":{\"@id\":\"https:\\\/\\\/bioflexnutrition.com.br\\\/produto\\\/vitamini-juice-morango-lata-351g-lata-essential\\\/#breadcrumb\"},\"inLanguage\":\"en-US\",\"potentialAction\":[{\"@type\":\"ReadAction\",\"target\":[\"https:\\\/\\\/bioflexnutrition.com.br\\\/produto\\\/vitamini-juice-morango-lata-351g-lata-essential\\\/\"]}]},{\"@type\":\"ImageObject\",\"inLanguage\":\"en-US\",\"@id\":\"https:\\\/\\\/bioflexnutrition.com.br\\\/produto\\\/vitamini-juice-morango-lata-351g-lata-essential\\\/#primaryimage\",\"url\":\"https:\\\/\\\/bioflexnutrition.com.br\\\/wp-content\\\/uploads\\\/2025\\\/06\\\/15335619018-morango-capa.png\",\"contentUrl\":\"https:\\\/\\\/bioflexnutrition.com.br\\\/wp-content\\\/uploads\\\/2025\\\/06\\\/15335619018-morango-capa.png\",\"width\":1200,\"height\":1200},{\"@type\":\"BreadcrumbList\",\"@id\":\"https:\\\/\\\/bioflexnutrition.com.br\\\/produto\\\/vitamini-juice-morango-lata-351g-lata-essential\\\/#breadcrumb\",\"itemListElement\":[{\"@type\":\"ListItem\",\"position\":1,\"name\":\"In\u00edcio\",\"item\":\"https:\\\/\\\/bioflexnutrition.com.br\\\/\"},{\"@type\":\"ListItem\",\"position\":2,\"name\":\"Loja\",\"item\":\"https:\\\/\\\/bioflexnutrition.com.br\\\/todos\\\/\"},{\"@type\":\"ListItem\",\"position\":3,\"name\":\"Vitamini Juice Morango Lata 276g lata Essential\"}]},{\"@type\":\"WebSite\",\"@id\":\"https:\\\/\\\/bioflexnutrition.com.br\\\/#website\",\"url\":\"https:\\\/\\\/bioflexnutrition.com.br\\\/\",\"name\":\"Bioflex Nutrition\",\"description\":\"Sua loja online de Nutri\u00e7\u00e3o e Sa\u00fade\",\"publisher\":{\"@id\":\"https:\\\/\\\/bioflexnutrition.com.br\\\/#organization\"},\"potentialAction\":[{\"@type\":\"SearchAction\",\"target\":{\"@type\":\"EntryPoint\",\"urlTemplate\":\"https:\\\/\\\/bioflexnutrition.com.br\\\/?s={search_term_string}\"},\"query-input\":{\"@type\":\"PropertyValueSpecification\",\"valueRequired\":true,\"valueName\":\"search_term_string\"}}],\"inLanguage\":\"en-US\"},{\"@type\":\"Organization\",\"@id\":\"https:\\\/\\\/bioflexnutrition.com.br\\\/#organization\",\"name\":\"Bioflex Nutrition\",\"url\":\"https:\\\/\\\/bioflexnutrition.com.br\\\/\",\"logo\":{\"@type\":\"ImageObject\",\"inLanguage\":\"en-US\",\"@id\":\"https:\\\/\\\/bioflexnutrition.com.br\\\/#\\\/schema\\\/logo\\\/image\\\/\",\"url\":\"https:\\\/\\\/bioflexnutrition.com.br\\\/wp-content\\\/uploads\\\/2025\\\/04\\\/fav.webp\",\"contentUrl\":\"https:\\\/\\\/bioflexnutrition.com.br\\\/wp-content\\\/uploads\\\/2025\\\/04\\\/fav.webp\",\"width\":1150,\"height\":1000,\"caption\":\"Bioflex Nutrition\"},\"image\":{\"@id\":\"https:\\\/\\\/bioflexnutrition.com.br\\\/#\\\/schema\\\/logo\\\/image\\\/\"},\"sameAs\":[\"https:\\\/\\\/www.instagram.com\\\/bioflexnh\\\/\"]}]}<\/script>\n<!-- \/ Yoast SEO plugin. -->","yoast_head_json":{"title":"Vitamini Juice Morango Lata 276g lata Essential - Bioflex Nutrition","robots":{"index":"index","follow":"follow","max-snippet":"max-snippet:-1","max-image-preview":"max-image-preview:large","max-video-preview":"max-video-preview:-1"},"canonical":"https:\/\/bioflexnutrition.com.br\/en\/product\/vitamini-juice-morango-lata-351g-lata-essential\/","og_locale":"en_US","og_type":"article","og_title":"Vitamini Juice Morango Lata 276g lata Essential - Bioflex Nutrition","og_description":"Vitamini Juice Morango \u00a0 Vegan Multivitam\u00ednico em forma de suco, uma forma saud\u00e1vel e divertida de suplementar as crian\u00e7as. Formulado com 13 vitaminas, 6 minerais, Palatinose\u2122, fibra ac\u00e1cia, polpa de fruta natural e ado\u00e7ado com est\u00e9via.","og_url":"https:\/\/bioflexnutrition.com.br\/en\/product\/vitamini-juice-morango-lata-351g-lata-essential\/","og_site_name":"Bioflex Nutrition","article_modified_time":"2026-04-01T18:17:19+00:00","og_image":[{"width":1200,"height":1200,"url":"https:\/\/bioflexnutrition.com.br\/wp-content\/uploads\/2025\/06\/15335619018-morango-capa.png","type":"image\/png"}],"twitter_card":"summary_large_image","twitter_misc":{"Est. reading time":"4 minutes"},"schema":{"@context":"https:\/\/schema.org","@graph":[{"@type":["WebPage","ItemPage"],"@id":"https:\/\/bioflexnutrition.com.br\/produto\/vitamini-juice-morango-lata-351g-lata-essential\/","url":"https:\/\/bioflexnutrition.com.br\/produto\/vitamini-juice-morango-lata-351g-lata-essential\/","name":"Vitamini Juice Morango Lata 276g lata Essential - Bioflex Nutrition","isPartOf":{"@id":"https:\/\/bioflexnutrition.com.br\/#website"},"primaryImageOfPage":{"@id":"https:\/\/bioflexnutrition.com.br\/produto\/vitamini-juice-morango-lata-351g-lata-essential\/#primaryimage"},"image":{"@id":"https:\/\/bioflexnutrition.com.br\/produto\/vitamini-juice-morango-lata-351g-lata-essential\/#primaryimage"},"thumbnailUrl":"https:\/\/bioflexnutrition.com.br\/wp-content\/uploads\/2025\/06\/15335619018-morango-capa.png","datePublished":"2025-06-06T19:07:20+00:00","dateModified":"2026-04-01T18:17:19+00:00","breadcrumb":{"@id":"https:\/\/bioflexnutrition.com.br\/produto\/vitamini-juice-morango-lata-351g-lata-essential\/#breadcrumb"},"inLanguage":"en-US","potentialAction":[{"@type":"ReadAction","target":["https:\/\/bioflexnutrition.com.br\/produto\/vitamini-juice-morango-lata-351g-lata-essential\/"]}]},{"@type":"ImageObject","inLanguage":"en-US","@id":"https:\/\/bioflexnutrition.com.br\/produto\/vitamini-juice-morango-lata-351g-lata-essential\/#primaryimage","url":"https:\/\/bioflexnutrition.com.br\/wp-content\/uploads\/2025\/06\/15335619018-morango-capa.png","contentUrl":"https:\/\/bioflexnutrition.com.br\/wp-content\/uploads\/2025\/06\/15335619018-morango-capa.png","width":1200,"height":1200},{"@type":"BreadcrumbList","@id":"https:\/\/bioflexnutrition.com.br\/produto\/vitamini-juice-morango-lata-351g-lata-essential\/#breadcrumb","itemListElement":[{"@type":"ListItem","position":1,"name":"In\u00edcio","item":"https:\/\/bioflexnutrition.com.br\/"},{"@type":"ListItem","position":2,"name":"Loja","item":"https:\/\/bioflexnutrition.com.br\/todos\/"},{"@type":"ListItem","position":3,"name":"Vitamini Juice Morango Lata 276g lata Essential"}]},{"@type":"WebSite","@id":"https:\/\/bioflexnutrition.com.br\/#website","url":"https:\/\/bioflexnutrition.com.br\/","name":"Bioflex Nutrition","description":"Sua loja online de Nutri\u00e7\u00e3o e Sa\u00fade","publisher":{"@id":"https:\/\/bioflexnutrition.com.br\/#organization"},"potentialAction":[{"@type":"SearchAction","target":{"@type":"EntryPoint","urlTemplate":"https:\/\/bioflexnutrition.com.br\/?s={search_term_string}"},"query-input":{"@type":"PropertyValueSpecification","valueRequired":true,"valueName":"search_term_string"}}],"inLanguage":"en-US"},{"@type":"Organization","@id":"https:\/\/bioflexnutrition.com.br\/#organization","name":"Bioflex Nutrition","url":"https:\/\/bioflexnutrition.com.br\/","logo":{"@type":"ImageObject","inLanguage":"en-US","@id":"https:\/\/bioflexnutrition.com.br\/#\/schema\/logo\/image\/","url":"https:\/\/bioflexnutrition.com.br\/wp-content\/uploads\/2025\/04\/fav.webp","contentUrl":"https:\/\/bioflexnutrition.com.br\/wp-content\/uploads\/2025\/04\/fav.webp","width":1150,"height":1000,"caption":"Bioflex Nutrition"},"image":{"@id":"https:\/\/bioflexnutrition.com.br\/#\/schema\/logo\/image\/"},"sameAs":["https:\/\/www.instagram.com\/bioflexnh\/"]}]}},"_links":{"self":[{"href":"https:\/\/bioflexnutrition.com.br\/en\/wp-json\/wp\/v2\/product\/6852","targetHints":{"allow":["GET"]}}],"collection":[{"href":"https:\/\/bioflexnutrition.com.br\/en\/wp-json\/wp\/v2\/product"}],"about":[{"href":"https:\/\/bioflexnutrition.com.br\/en\/wp-json\/wp\/v2\/types\/product"}],"replies":[{"embeddable":true,"href":"https:\/\/bioflexnutrition.com.br\/en\/wp-json\/wp\/v2\/comments?post=6852"}],"wp:featuredmedia":[{"embeddable":true,"href":"https:\/\/bioflexnutrition.com.br\/en\/wp-json\/wp\/v2\/media\/6849"}],"wp:attachment":[{"href":"https:\/\/bioflexnutrition.com.br\/en\/wp-json\/wp\/v2\/media?parent=6852"}],"wp:term":[{"taxonomy":"product_cat","embeddable":true,"href":"https:\/\/bioflexnutrition.com.br\/en\/wp-json\/wp\/v2\/product_cat?post=6852"},{"taxonomy":"product_tag","embeddable":true,"href":"https:\/\/bioflexnutrition.com.br\/en\/wp-json\/wp\/v2\/product_tag?post=6852"}],"curies":[{"name":"wp","href":"https:\/\/api.w.org\/{rel}","templated":true}]}}