{"id":6859,"date":"2025-06-06T16:08:03","date_gmt":"2025-06-06T19:08:03","guid":{"rendered":"https:\/\/bioflexnutrition.com.br\/produto\/goldenlift-lata-210g-30ds-essential\/"},"modified":"2026-03-31T16:50:25","modified_gmt":"2026-03-31T19:50:25","slug":"goldenlift-lata-210g-30ds-essential","status":"publish","type":"product","link":"https:\/\/bioflexnutrition.com.br\/en\/product\/goldenlift-lata-210g-30ds-essential\/","title":{"rendered":"Goldenlift Lata 210g\/30Ds Essential"},"content":{"rendered":"<h2>GOLDEN LIFT<\/h2>\n<p>Golden Lift \u00e9 uma bebida saborosa e nutritiva que combina especiarias como c\u00farcuma, a\u00e7afr\u00e3o, pimenta\u2011preta, pimenta\u2011vermelha, canela, gengibre e cardamomo com a cremosidade do leite de coco, inspirada na medicina ayurv\u00e9dica.<\/p>\n<h2>CONT\u00c9M<\/h2>\n<ul>\n<li>Leite de coco desidratado<\/li>\n<li>C\u00farcuma longa<\/li>\n<li>A\u00e7afr\u00e3o (fonte de safranal)<\/li>\n<li>Gengibre integral<\/li>\n<li>Extrato de canela\u2011verdadeira<\/li>\n<li>Pimenta\u2011preta e pimenta\u2011vermelha (piperina e capsinoides)<\/li>\n<li>Cardamomo<\/li>\n<li>Ado\u00e7antes naturais NON\u2011GMO (est\u00e9via)<\/li>\n<\/ul>\n<h2>N\u00c3O CONT\u00c9M<\/h2>\n<ul>\n<li>Ado\u00e7antes artificiais<\/li>\n<li>Conservantes<\/li>\n<li>Lactose<\/li>\n<li>Gl\u00faten<\/li>\n<li>Corantes artificiais<\/li>\n<li>Aromas artificiais<\/li>\n<li>Derivados de soja<\/li>\n<li>A\u00e7\u00facar<\/li>\n<\/ul>\n<h2>INFORMA\u00c7\u00c3O NUTRICIONAL<\/h2>\n<p>Confira sempre a lista de ingredientes em ordem decrescente. Produtos Essential s\u00e3o livres de calorias vazias e feitos com ingredientes naturais.<\/p>\n<h2>TABELA NUTRICIONAL<\/h2>\n<table>\n<thead>\n<tr>\n<th>Por\u00e7\u00f5es por embalagem<\/th>\n<td>30 (210\u202fg)<\/td>\n<\/tr>\n<tr>\n<th>Por\u00e7\u00e3o<\/th>\n<td>7\u202fg (1 scoop)<\/td>\n<\/tr>\n<\/thead>\n<tbody>\n<tr>\n<th>Valor energ\u00e9tico<\/th>\n<td>32\u202fkcal\u00a02%<\/td>\n<\/tr>\n<tr>\n<th>Carboidratos<\/th>\n<td>3,4\u202fg\u00a01%<\/td>\n<\/tr>\n<tr>\n<th>\u2013 sacarose<\/th>\n<td>0\u202fg\u00a0**<\/td>\n<\/tr>\n<tr>\n<th>\u2013 glicose<\/th>\n<td>0\u202fg\u00a0**<\/td>\n<\/tr>\n<tr>\n<th>\u2013 lactose<\/th>\n<td>0\u202fg\u00a0**<\/td>\n<\/tr>\n<tr>\n<th>Prote\u00ednas<\/th>\n<td>0\u202fg\u00a00%<\/td>\n<\/tr>\n<tr>\n<th>Gorduras totais<\/th>\n<td>1,8\u202fg\u00a03%<\/td>\n<\/tr>\n<tr>\n<th>Gorduras saturadas<\/th>\n<td>1,8\u202fg\u00a08%<\/td>\n<\/tr>\n<tr>\n<th>Gorduras trans<\/th>\n<td>0\u202fg\u00a0**<\/td>\n<\/tr>\n<tr>\n<th>Fibra alimentar<\/th>\n<td>0\u202fg\u00a00%<\/td>\n<\/tr>\n<tr>\n<th>S\u00f3dio<\/th>\n<td>0\u202fmg\u00a00%<\/td>\n<\/tr>\n<tr>\n<th>Vitamina C<\/th>\n<td>45\u202fmg\u00a0100%<\/td>\n<\/tr>\n<tr>\n<th>Vitamina E<\/th>\n<td>10\u202fmg\u00a0100%<\/td>\n<\/tr>\n<\/tbody>\n<\/table>\n<p>*% Valores di\u00e1rios de refer\u00eancia com base em uma dieta de 2.000\u202fkcal. **Valores di\u00e1rios n\u00e3o estabelecidos.<\/p>\n<h2>INGREDIENTES<\/h2>\n<p>Leite de coco desidratado, c\u00farcuma pura em p\u00f3 (Curcuma longa), canela em p\u00f3 (Cinnamomum cassia), gengibre integral desidratado (Zingiber officinale), a\u00e7afr\u00e3o (Crocus sativus\u202fL.), \u00e1cido asc\u00f3rbico revestido, palmitato de ascorbila, mix de tocofer\u00f3is, cardamomo (Elettaria cardamomum), pimenta\u2011vermelha (Capsicum annuum\u202fL.), pimenta\u2011preta (Piper nigrum\u202fL.), aroma natural de extrato de canela (Cinnamomum verum), goma gelana, edulcorante est\u00e9via.<\/p>\n<p><strong>N\u00e3o cont\u00e9m<\/strong> gl\u00faten.<br \/><strong>Al\u00e9rgicos:<\/strong> pode conter derivados de leite.<\/p>\n<h2>MODO DE PREPARO<\/h2>\n<p>Adicione 7\u202fg (1 scoop) em 200\u202fml de \u00e1gua quente e misture at\u00e9 homogeneizar. Beba imediatamente ap\u00f3s o preparo. Ap\u00f3s aberto, consumir em at\u00e9 60 dias.<\/p>","protected":false},"excerpt":{"rendered":"<p>Golden Lift<\/p>\n<p>Vegan<\/p>\n<p>Desenvolvido a partir da receita origin\u00e1ria da medicina Ayurvedica, que une a c\u00farcuma e o a\u00e7afr\u00e3o com leite de coco e especiarias, como a pimenta-preta e a vermelha, a canela, o gengibre e o cardomomo. Um boost de nutrientes para seu corpo.<\/p>","protected":false},"featured_media":6853,"comment_status":"open","ping_status":"closed","template":"","meta":{"_joinchat":[]},"product_cat":[248,160,199,284,157,164,198,230,280],"product_tag":[],"class_list":{"0":"post-6859","1":"product","2":"type-product","3":"status-publish","4":"has-post-thumbnail","6":"product_cat-categorias-e","7":"product_cat-essential","8":"product_cat-frete-gratis","9":"product_cat-imunidade","10":"product_cat-marcas","11":"product_cat-objetivos-especificos","12":"product_cat-promocoes","13":"product_cat-saude-e-bem-estar","14":"product_cat-vitaminas","16":"first","17":"instock","18":"shipping-taxable","19":"purchasable","20":"product-type-simple","21":"col-xs-6 col-sm-4","22":"col-md-3 col-lg-3","23":"un-4-cols"},"yoast_head":"<!-- This site is optimized with the Yoast SEO plugin v27.4 - https:\/\/yoast.com\/product\/yoast-seo-wordpress\/ -->\n<title>Goldenlift Lata 210g\/30Ds Essential - Bioflex Nutrition<\/title>\n<meta name=\"robots\" content=\"index, follow, max-snippet:-1, max-image-preview:large, max-video-preview:-1\" \/>\n<link rel=\"canonical\" href=\"https:\/\/bioflexnutrition.com.br\/en\/product\/goldenlift-lata-210g-30ds-essential\/\" \/>\n<meta property=\"og:locale\" content=\"en_US\" \/>\n<meta property=\"og:type\" content=\"article\" \/>\n<meta property=\"og:title\" content=\"Goldenlift Lata 210g\/30Ds Essential - Bioflex Nutrition\" \/>\n<meta property=\"og:description\" content=\"Golden Lift Vegan Desenvolvido a partir da receita origin\u00e1ria da medicina Ayurvedica, que une a c\u00farcuma e o a\u00e7afr\u00e3o com leite de coco e especiarias, como a pimenta-preta e a vermelha, a canela, o gengibre e o cardomomo. Um boost de nutrientes para seu corpo.\" \/>\n<meta property=\"og:url\" content=\"https:\/\/bioflexnutrition.com.br\/en\/product\/goldenlift-lata-210g-30ds-essential\/\" \/>\n<meta property=\"og:site_name\" content=\"Bioflex Nutrition\" \/>\n<meta property=\"article:modified_time\" content=\"2026-03-31T19:50:25+00:00\" \/>\n<meta property=\"og:image\" content=\"https:\/\/bioflexnutrition.com.br\/wp-content\/uploads\/2025\/06\/15348384679-goldenlift-lata-pequena-1024x1024.png\" \/>\n\t<meta property=\"og:image:width\" content=\"1024\" \/>\n\t<meta property=\"og:image:height\" content=\"1024\" \/>\n\t<meta property=\"og:image:type\" content=\"image\/png\" \/>\n<meta name=\"twitter:card\" content=\"summary_large_image\" \/>\n<meta name=\"twitter:label1\" content=\"Est. reading time\" \/>\n\t<meta name=\"twitter:data1\" content=\"2 minutes\" \/>\n<script type=\"application\/ld+json\" class=\"yoast-schema-graph\">{\"@context\":\"https:\\\/\\\/schema.org\",\"@graph\":[{\"@type\":[\"WebPage\",\"ItemPage\"],\"@id\":\"https:\\\/\\\/bioflexnutrition.com.br\\\/produto\\\/goldenlift-lata-210g-30ds-essential\\\/\",\"url\":\"https:\\\/\\\/bioflexnutrition.com.br\\\/produto\\\/goldenlift-lata-210g-30ds-essential\\\/\",\"name\":\"Goldenlift Lata 210g\\\/30Ds Essential - Bioflex Nutrition\",\"isPartOf\":{\"@id\":\"https:\\\/\\\/bioflexnutrition.com.br\\\/#website\"},\"primaryImageOfPage\":{\"@id\":\"https:\\\/\\\/bioflexnutrition.com.br\\\/produto\\\/goldenlift-lata-210g-30ds-essential\\\/#primaryimage\"},\"image\":{\"@id\":\"https:\\\/\\\/bioflexnutrition.com.br\\\/produto\\\/goldenlift-lata-210g-30ds-essential\\\/#primaryimage\"},\"thumbnailUrl\":\"https:\\\/\\\/bioflexnutrition.com.br\\\/wp-content\\\/uploads\\\/2025\\\/06\\\/15348384679-goldenlift-lata-pequena.png\",\"datePublished\":\"2025-06-06T19:08:03+00:00\",\"dateModified\":\"2026-03-31T19:50:25+00:00\",\"breadcrumb\":{\"@id\":\"https:\\\/\\\/bioflexnutrition.com.br\\\/produto\\\/goldenlift-lata-210g-30ds-essential\\\/#breadcrumb\"},\"inLanguage\":\"en-US\",\"potentialAction\":[{\"@type\":\"ReadAction\",\"target\":[\"https:\\\/\\\/bioflexnutrition.com.br\\\/produto\\\/goldenlift-lata-210g-30ds-essential\\\/\"]}]},{\"@type\":\"ImageObject\",\"inLanguage\":\"en-US\",\"@id\":\"https:\\\/\\\/bioflexnutrition.com.br\\\/produto\\\/goldenlift-lata-210g-30ds-essential\\\/#primaryimage\",\"url\":\"https:\\\/\\\/bioflexnutrition.com.br\\\/wp-content\\\/uploads\\\/2025\\\/06\\\/15348384679-goldenlift-lata-pequena.png\",\"contentUrl\":\"https:\\\/\\\/bioflexnutrition.com.br\\\/wp-content\\\/uploads\\\/2025\\\/06\\\/15348384679-goldenlift-lata-pequena.png\",\"width\":1800,\"height\":1800},{\"@type\":\"BreadcrumbList\",\"@id\":\"https:\\\/\\\/bioflexnutrition.com.br\\\/produto\\\/goldenlift-lata-210g-30ds-essential\\\/#breadcrumb\",\"itemListElement\":[{\"@type\":\"ListItem\",\"position\":1,\"name\":\"In\u00edcio\",\"item\":\"https:\\\/\\\/bioflexnutrition.com.br\\\/\"},{\"@type\":\"ListItem\",\"position\":2,\"name\":\"Loja\",\"item\":\"https:\\\/\\\/bioflexnutrition.com.br\\\/todos\\\/\"},{\"@type\":\"ListItem\",\"position\":3,\"name\":\"Goldenlift Lata 210g\\\/30Ds Essential\"}]},{\"@type\":\"WebSite\",\"@id\":\"https:\\\/\\\/bioflexnutrition.com.br\\\/#website\",\"url\":\"https:\\\/\\\/bioflexnutrition.com.br\\\/\",\"name\":\"Bioflex Nutrition\",\"description\":\"Sua loja online de Nutri\u00e7\u00e3o e Sa\u00fade\",\"publisher\":{\"@id\":\"https:\\\/\\\/bioflexnutrition.com.br\\\/#organization\"},\"potentialAction\":[{\"@type\":\"SearchAction\",\"target\":{\"@type\":\"EntryPoint\",\"urlTemplate\":\"https:\\\/\\\/bioflexnutrition.com.br\\\/?s={search_term_string}\"},\"query-input\":{\"@type\":\"PropertyValueSpecification\",\"valueRequired\":true,\"valueName\":\"search_term_string\"}}],\"inLanguage\":\"en-US\"},{\"@type\":\"Organization\",\"@id\":\"https:\\\/\\\/bioflexnutrition.com.br\\\/#organization\",\"name\":\"Bioflex Nutrition\",\"url\":\"https:\\\/\\\/bioflexnutrition.com.br\\\/\",\"logo\":{\"@type\":\"ImageObject\",\"inLanguage\":\"en-US\",\"@id\":\"https:\\\/\\\/bioflexnutrition.com.br\\\/#\\\/schema\\\/logo\\\/image\\\/\",\"url\":\"https:\\\/\\\/bioflexnutrition.com.br\\\/wp-content\\\/uploads\\\/2025\\\/04\\\/fav.webp\",\"contentUrl\":\"https:\\\/\\\/bioflexnutrition.com.br\\\/wp-content\\\/uploads\\\/2025\\\/04\\\/fav.webp\",\"width\":1150,\"height\":1000,\"caption\":\"Bioflex Nutrition\"},\"image\":{\"@id\":\"https:\\\/\\\/bioflexnutrition.com.br\\\/#\\\/schema\\\/logo\\\/image\\\/\"},\"sameAs\":[\"https:\\\/\\\/www.instagram.com\\\/bioflexnh\\\/\"]}]}<\/script>\n<!-- \/ Yoast SEO plugin. -->","yoast_head_json":{"title":"Goldenlift Lata 210g\/30Ds Essential - Bioflex Nutrition","robots":{"index":"index","follow":"follow","max-snippet":"max-snippet:-1","max-image-preview":"max-image-preview:large","max-video-preview":"max-video-preview:-1"},"canonical":"https:\/\/bioflexnutrition.com.br\/en\/product\/goldenlift-lata-210g-30ds-essential\/","og_locale":"en_US","og_type":"article","og_title":"Goldenlift Lata 210g\/30Ds Essential - Bioflex Nutrition","og_description":"Golden Lift Vegan Desenvolvido a partir da receita origin\u00e1ria da medicina Ayurvedica, que une a c\u00farcuma e o a\u00e7afr\u00e3o com leite de coco e especiarias, como a pimenta-preta e a vermelha, a canela, o gengibre e o cardomomo. Um boost de nutrientes para seu corpo.","og_url":"https:\/\/bioflexnutrition.com.br\/en\/product\/goldenlift-lata-210g-30ds-essential\/","og_site_name":"Bioflex Nutrition","article_modified_time":"2026-03-31T19:50:25+00:00","og_image":[{"width":1024,"height":1024,"url":"https:\/\/bioflexnutrition.com.br\/wp-content\/uploads\/2025\/06\/15348384679-goldenlift-lata-pequena-1024x1024.png","type":"image\/png"}],"twitter_card":"summary_large_image","twitter_misc":{"Est. reading time":"2 minutes"},"schema":{"@context":"https:\/\/schema.org","@graph":[{"@type":["WebPage","ItemPage"],"@id":"https:\/\/bioflexnutrition.com.br\/produto\/goldenlift-lata-210g-30ds-essential\/","url":"https:\/\/bioflexnutrition.com.br\/produto\/goldenlift-lata-210g-30ds-essential\/","name":"Goldenlift Lata 210g\/30Ds Essential - Bioflex Nutrition","isPartOf":{"@id":"https:\/\/bioflexnutrition.com.br\/#website"},"primaryImageOfPage":{"@id":"https:\/\/bioflexnutrition.com.br\/produto\/goldenlift-lata-210g-30ds-essential\/#primaryimage"},"image":{"@id":"https:\/\/bioflexnutrition.com.br\/produto\/goldenlift-lata-210g-30ds-essential\/#primaryimage"},"thumbnailUrl":"https:\/\/bioflexnutrition.com.br\/wp-content\/uploads\/2025\/06\/15348384679-goldenlift-lata-pequena.png","datePublished":"2025-06-06T19:08:03+00:00","dateModified":"2026-03-31T19:50:25+00:00","breadcrumb":{"@id":"https:\/\/bioflexnutrition.com.br\/produto\/goldenlift-lata-210g-30ds-essential\/#breadcrumb"},"inLanguage":"en-US","potentialAction":[{"@type":"ReadAction","target":["https:\/\/bioflexnutrition.com.br\/produto\/goldenlift-lata-210g-30ds-essential\/"]}]},{"@type":"ImageObject","inLanguage":"en-US","@id":"https:\/\/bioflexnutrition.com.br\/produto\/goldenlift-lata-210g-30ds-essential\/#primaryimage","url":"https:\/\/bioflexnutrition.com.br\/wp-content\/uploads\/2025\/06\/15348384679-goldenlift-lata-pequena.png","contentUrl":"https:\/\/bioflexnutrition.com.br\/wp-content\/uploads\/2025\/06\/15348384679-goldenlift-lata-pequena.png","width":1800,"height":1800},{"@type":"BreadcrumbList","@id":"https:\/\/bioflexnutrition.com.br\/produto\/goldenlift-lata-210g-30ds-essential\/#breadcrumb","itemListElement":[{"@type":"ListItem","position":1,"name":"In\u00edcio","item":"https:\/\/bioflexnutrition.com.br\/"},{"@type":"ListItem","position":2,"name":"Loja","item":"https:\/\/bioflexnutrition.com.br\/todos\/"},{"@type":"ListItem","position":3,"name":"Goldenlift Lata 210g\/30Ds Essential"}]},{"@type":"WebSite","@id":"https:\/\/bioflexnutrition.com.br\/#website","url":"https:\/\/bioflexnutrition.com.br\/","name":"Bioflex Nutrition","description":"Sua loja online de Nutri\u00e7\u00e3o e Sa\u00fade","publisher":{"@id":"https:\/\/bioflexnutrition.com.br\/#organization"},"potentialAction":[{"@type":"SearchAction","target":{"@type":"EntryPoint","urlTemplate":"https:\/\/bioflexnutrition.com.br\/?s={search_term_string}"},"query-input":{"@type":"PropertyValueSpecification","valueRequired":true,"valueName":"search_term_string"}}],"inLanguage":"en-US"},{"@type":"Organization","@id":"https:\/\/bioflexnutrition.com.br\/#organization","name":"Bioflex Nutrition","url":"https:\/\/bioflexnutrition.com.br\/","logo":{"@type":"ImageObject","inLanguage":"en-US","@id":"https:\/\/bioflexnutrition.com.br\/#\/schema\/logo\/image\/","url":"https:\/\/bioflexnutrition.com.br\/wp-content\/uploads\/2025\/04\/fav.webp","contentUrl":"https:\/\/bioflexnutrition.com.br\/wp-content\/uploads\/2025\/04\/fav.webp","width":1150,"height":1000,"caption":"Bioflex Nutrition"},"image":{"@id":"https:\/\/bioflexnutrition.com.br\/#\/schema\/logo\/image\/"},"sameAs":["https:\/\/www.instagram.com\/bioflexnh\/"]}]}},"_links":{"self":[{"href":"https:\/\/bioflexnutrition.com.br\/en\/wp-json\/wp\/v2\/product\/6859","targetHints":{"allow":["GET"]}}],"collection":[{"href":"https:\/\/bioflexnutrition.com.br\/en\/wp-json\/wp\/v2\/product"}],"about":[{"href":"https:\/\/bioflexnutrition.com.br\/en\/wp-json\/wp\/v2\/types\/product"}],"replies":[{"embeddable":true,"href":"https:\/\/bioflexnutrition.com.br\/en\/wp-json\/wp\/v2\/comments?post=6859"}],"wp:featuredmedia":[{"embeddable":true,"href":"https:\/\/bioflexnutrition.com.br\/en\/wp-json\/wp\/v2\/media\/6853"}],"wp:attachment":[{"href":"https:\/\/bioflexnutrition.com.br\/en\/wp-json\/wp\/v2\/media?parent=6859"}],"wp:term":[{"taxonomy":"product_cat","embeddable":true,"href":"https:\/\/bioflexnutrition.com.br\/en\/wp-json\/wp\/v2\/product_cat?post=6859"},{"taxonomy":"product_tag","embeddable":true,"href":"https:\/\/bioflexnutrition.com.br\/en\/wp-json\/wp\/v2\/product_tag?post=6859"}],"curies":[{"name":"wp","href":"https:\/\/api.w.org\/{rel}","templated":true}]}}