{"id":6862,"date":"2025-06-06T16:08:14","date_gmt":"2025-06-06T19:08:14","guid":{"rendered":"https:\/\/bioflexnutrition.com.br\/produto\/omega-vision-60-caps-essential\/"},"modified":"2026-04-01T14:52:24","modified_gmt":"2026-04-01T17:52:24","slug":"omega-vision-60-caps-essential","status":"publish","type":"product","link":"https:\/\/bioflexnutrition.com.br\/en\/product\/omega-vision-60-caps-essential\/","title":{"rendered":"Omega Vision 60 caps Essential"},"content":{"rendered":"<h2>Horizon of possibilities.<\/h2>\n<p>Uma exposi\u00e7\u00e3o constante \u00e0 polui\u00e7\u00e3o, raios solares, bact\u00e9rias e ao excesso de luz azul artificial, emitida por aparelhos eletr\u00f4nicos, pode prejudicar a vis\u00e3o ao longo dos anos. Com <strong>Omega Vision<\/strong> voc\u00ea tem um horizonte de possibilidades no cuidado da sua vis\u00e3o.<\/p>\n<h2>Um novo olhar sobre o \u00f4mega\u20113.<\/h2>\n<p>Os benef\u00edcios do \u00f4mega\u20113 j\u00e1 s\u00e3o bastante conhecidos e comprovados por in\u00fameros estudos cient\u00edficos. Mas quando combinado a diferentes ingredientes, surgem f\u00f3rmulas avan\u00e7adas e com novas possibilidades.<\/p>\n<ul>\n<li><strong>550\u202fmg<\/strong> DHA<\/li>\n<li><strong>200\u202fmg<\/strong> EPA<\/li>\n<li><strong>20\u202fmg<\/strong> LUTE\u00cdNA<\/li>\n<li><strong>2\u202fmg<\/strong> ZEAXANTINA<\/li>\n<li><strong>1\u202fmg<\/strong> ASTAXANTINA<\/li>\n<li><strong>50\u202fmg<\/strong> VITAMINA\u202fE (MIX DE TOCOFER\u00d3IS)<\/li>\n<\/ul>\n<h2>Novas combina\u00e7\u00f5es. Mais benef\u00edcios.<\/h2>\n<p><strong>Omega Vision<\/strong> \u00e9 um suplemento de \u00f4mega\u20113 formulado com \u00f3leo de peixe (TG) e \u00f3leo de krill, com alta concentra\u00e7\u00e3o de DHA, enriquecido com lute\u00edna, zeaxantina e astaxantina, somado aos minerais zinco e cobre e \u00e0s vitaminas A, C e E.<\/p>\n<p>As vitaminas\u202fC e\u202fE e o cobre s\u00e3o antioxidantes que auxiliam na prote\u00e7\u00e3o dos danos causados pelos radicais livres. O zinco e a vitamina\u202fA auxiliam na vis\u00e3o.<\/p>\n<h2>O que esperar da uni\u00e3o Fish Oil + Krill Oil?<\/h2>\n<p>O \u00f4mega\u20113 do \u00f3leo de krill entra de forma mais r\u00e1pida e eficiente nos gl\u00f3bulos vermelhos do sangue. J\u00e1 o \u00f4mega\u20113 do \u00f3leo de peixe tem absor\u00e7\u00e3o mais eficiente em outras c\u00e9lulas do nosso plasma e plaquetas. A combina\u00e7\u00e3o \u00e9 o que h\u00e1 de melhor na suplementa\u00e7\u00e3o de \u00f4mega\u20113 atualmente.<\/p>\n<h2>Pureza como voc\u00ea nunca viu igual.<\/h2>\n<p>\u00d3leo de krill do oceano Ant\u00e1rtico e \u00f3leo de peixe de \u00e1guas profundas do Chile, Peru e norte da \u00c1frica, extra\u00eddos por processos de baixa temperatura e livres de contaminantes.<\/p>\n<h2>INFORMA\u00c7\u00c3O NUTRICIONAL<\/h2>\n<p>Coloque aten\u00e7\u00e3o na lista de ingredientes em ordem decrescente: o que vem em maior quantidade primeiro. Todos os produtos da linha Essential s\u00e3o livres de calorias vazias e feitos com ingredientes naturais.<\/p>\n<table>\n<thead>\n<tr>\n<th>Por\u00e7\u00f5es por embalagem<\/th>\n<td>30 (60\u202fg)<\/td>\n<\/tr>\n<tr>\n<th>Quantidade por por\u00e7\u00e3o<\/th>\n<td>2\u202fg (2 c\u00e1psulas)<\/td>\n<\/tr>\n<\/thead>\n<tbody>\n<tr>\n<th>Valor energ\u00e9tico<\/th>\n<td>10\u202fkcal\u00a01%<\/td>\n<\/tr>\n<tr>\n<th>Gorduras totais<\/th>\n<td>1,1\u202fg\u00a02%<\/td>\n<\/tr>\n<tr>\n<th>Gorduras poli\u2011insaturadas<\/th>\n<td>1,0\u202fg\u00a0**<\/td>\n<\/tr>\n<tr>\n<th>EPA<\/th>\n<td>200\u202fmg\u00a0**<\/td>\n<\/tr>\n<tr>\n<th>DHA<\/th>\n<td>550\u202fmg\u00a0**<\/td>\n<\/tr>\n<tr>\n<th>Vitamina\u202fA<\/th>\n<td>360\u202f\u00b5g\u00a060%<\/td>\n<\/tr>\n<tr>\n<th>Vitamina\u202fC<\/th>\n<td>100\u202fmg\u00a0222%<\/td>\n<\/tr>\n<tr>\n<th>Vitamina\u202fE<\/th>\n<td>50\u202fmg\u00a0500%<\/td>\n<\/tr>\n<tr>\n<th>Cobre<\/th>\n<td>450\u202f\u00b5g\u00a050%<\/td>\n<\/tr>\n<tr>\n<th>Zinco<\/th>\n<td>7\u202fmg\u00a0100%<\/td>\n<\/tr>\n<tr>\n<th>Astaxantina<\/th>\n<td>1\u202fmg\u00a0**<\/td>\n<\/tr>\n<tr>\n<th>Lute\u00edna<\/th>\n<td>20\u202fmg\u00a0**<\/td>\n<\/tr>\n<tr>\n<th>Zeaxantina<\/th>\n<td>2\u202fmg\u00a0**<\/td>\n<\/tr>\n<\/tbody>\n<\/table>\n<p>*% Valores di\u00e1rios por por\u00e7\u00e3o (2\u202fg).<br \/>** Valores di\u00e1rios n\u00e3o estabelecidos.<\/p>\n<h2>Ingredientes<\/h2>\n<p>\u00d3leo de peixe (Pronova Pure\u00ae \u00d4mega\u20113 TG), \u00f3leo de krill (Euphausia superba) (Superba Boost\u2122), \u00e1cido asc\u00f3rbico revestido, \u00e9steres de lute\u00edna da flor de <em>Tagetes erecta<\/em>, mix de tocofer\u00f3is, bisglicinato de zinco, zeaxantina, \u00e9steres de astaxantina de <em>Haematococcus pluvialis<\/em>, bisglicinato de cobre, acetato de retinol e di\u00f3xido de sil\u00edcio. Composi\u00e7\u00e3o da c\u00e1psula: gelatina, \u00e1gua purificada, concentrado de frutas e vegetais, glicerina, sorbitol, cera de abelha, carbonato de c\u00e1lcio e carmim.<\/p>\n<p><strong>N\u00e3o cont\u00e9m<\/strong> gl\u00faten.<br \/><strong>Al\u00e9rgicos:<\/strong> cont\u00e9m derivados de peixe, crust\u00e1ceos e pode conter soja.<\/p>\n<h2>Modo de Uso<\/h2>\n<p>Ingerir 1 c\u00e1psula duas vezes ao dia, com as principais refei\u00e7\u00f5es, ou conforme orienta\u00e7\u00e3o de m\u00e9dico ou nutricionista.<\/p>\n<p>Manter este produto bem fechado em local fresco, seco e ao abrigo da luz solar.<br \/>Ap\u00f3s aberto, consumir em at\u00e9 90 dias.<br \/>A colora\u00e7\u00e3o da c\u00e1psula pode apresentar varia\u00e7\u00e3o devido \u00e0 presen\u00e7a de ingredientes naturais, sem comprometer a efic\u00e1cia da formula\u00e7\u00e3o.<br \/>Este produto \u00e9 recomendado para adultos (\u226519 anos).<br \/>Este produto n\u00e3o deve ser consumido por gestantes, lactantes e crian\u00e7as.<br \/>\u201cEste produto n\u00e3o \u00e9 um medicamento.\u201d<br \/>\u201cN\u00e3o exceder a recomenda\u00e7\u00e3o di\u00e1ria de consumo indicada na embalagem.\u201d<br \/>\u201cMantenha fora do alcance de crian\u00e7as.\u201d<\/p>","protected":false},"excerpt":{"rendered":"<p>Omega Vision<\/p>\n<p>\u00a0<\/p>\n<p>Suplemento de \u00f4mega-3 (TG) que combina o \u00f3leo de peixe e o \u00f3leo de krill com ingredientes que auxiliam na vis\u00e3o e na prote\u00e7\u00e3o contra os radicais livres.<\/p>","protected":false},"featured_media":6857,"comment_status":"open","ping_status":"closed","template":"","meta":{"_joinchat":[]},"product_cat":[248,160,199,157,164,288,198,230,280],"product_tag":[],"class_list":{"0":"post-6862","1":"product","2":"type-product","3":"status-publish","4":"has-post-thumbnail","6":"product_cat-categorias-e","7":"product_cat-essential","8":"product_cat-frete-gratis","9":"product_cat-marcas","10":"product_cat-objetivos-especificos","11":"product_cat-omega-3-vitaminas","12":"product_cat-promocoes","13":"product_cat-saude-e-bem-estar","14":"product_cat-vitaminas","16":"first","17":"instock","18":"shipping-taxable","19":"purchasable","20":"product-type-simple","21":"col-xs-6 col-sm-4","22":"col-md-3 col-lg-3","23":"un-4-cols"},"yoast_head":"<!-- This site is optimized with the Yoast SEO plugin v27.3 - https:\/\/yoast.com\/product\/yoast-seo-wordpress\/ -->\n<title>Omega Vision 60 caps Essential - Bioflex Nutrition<\/title>\n<meta name=\"robots\" content=\"index, follow, max-snippet:-1, max-image-preview:large, max-video-preview:-1\" \/>\n<link rel=\"canonical\" href=\"https:\/\/bioflexnutrition.com.br\/en\/product\/omega-vision-60-caps-essential\/\" \/>\n<meta property=\"og:locale\" content=\"en_US\" \/>\n<meta property=\"og:type\" content=\"article\" \/>\n<meta property=\"og:title\" content=\"Omega Vision 60 caps Essential - Bioflex Nutrition\" \/>\n<meta property=\"og:description\" content=\"Omega Vision \u00a0 Suplemento de \u00f4mega-3 (TG) que combina o \u00f3leo de peixe e o \u00f3leo de krill com ingredientes que auxiliam na vis\u00e3o e na prote\u00e7\u00e3o contra os radicais livres.\" \/>\n<meta property=\"og:url\" content=\"https:\/\/bioflexnutrition.com.br\/en\/product\/omega-vision-60-caps-essential\/\" \/>\n<meta property=\"og:site_name\" content=\"Bioflex Nutrition\" \/>\n<meta property=\"article:modified_time\" content=\"2026-04-01T17:52:24+00:00\" \/>\n<meta property=\"og:image\" content=\"https:\/\/bioflexnutrition.com.br\/wp-content\/uploads\/2025\/06\/15348384845-omega-vision-60caps-pote.jpg\" \/>\n\t<meta property=\"og:image:width\" content=\"1950\" \/>\n\t<meta property=\"og:image:height\" content=\"1950\" \/>\n\t<meta property=\"og:image:type\" content=\"image\/jpeg\" \/>\n<meta name=\"twitter:card\" content=\"summary_large_image\" \/>\n<meta name=\"twitter:label1\" content=\"Est. reading time\" \/>\n\t<meta name=\"twitter:data1\" content=\"4 minutes\" \/>\n<script type=\"application\/ld+json\" class=\"yoast-schema-graph\">{\"@context\":\"https:\\\/\\\/schema.org\",\"@graph\":[{\"@type\":[\"WebPage\",\"ItemPage\"],\"@id\":\"https:\\\/\\\/bioflexnutrition.com.br\\\/produto\\\/omega-vision-60-caps-essential\\\/\",\"url\":\"https:\\\/\\\/bioflexnutrition.com.br\\\/produto\\\/omega-vision-60-caps-essential\\\/\",\"name\":\"Omega Vision 60 caps Essential - Bioflex Nutrition\",\"isPartOf\":{\"@id\":\"https:\\\/\\\/bioflexnutrition.com.br\\\/#website\"},\"primaryImageOfPage\":{\"@id\":\"https:\\\/\\\/bioflexnutrition.com.br\\\/produto\\\/omega-vision-60-caps-essential\\\/#primaryimage\"},\"image\":{\"@id\":\"https:\\\/\\\/bioflexnutrition.com.br\\\/produto\\\/omega-vision-60-caps-essential\\\/#primaryimage\"},\"thumbnailUrl\":\"https:\\\/\\\/bioflexnutrition.com.br\\\/wp-content\\\/uploads\\\/2025\\\/06\\\/15348384845-omega-vision-60caps-pote.jpg\",\"datePublished\":\"2025-06-06T19:08:14+00:00\",\"dateModified\":\"2026-04-01T17:52:24+00:00\",\"breadcrumb\":{\"@id\":\"https:\\\/\\\/bioflexnutrition.com.br\\\/produto\\\/omega-vision-60-caps-essential\\\/#breadcrumb\"},\"inLanguage\":\"en-US\",\"potentialAction\":[{\"@type\":\"ReadAction\",\"target\":[\"https:\\\/\\\/bioflexnutrition.com.br\\\/produto\\\/omega-vision-60-caps-essential\\\/\"]}]},{\"@type\":\"ImageObject\",\"inLanguage\":\"en-US\",\"@id\":\"https:\\\/\\\/bioflexnutrition.com.br\\\/produto\\\/omega-vision-60-caps-essential\\\/#primaryimage\",\"url\":\"https:\\\/\\\/bioflexnutrition.com.br\\\/wp-content\\\/uploads\\\/2025\\\/06\\\/15348384845-omega-vision-60caps-pote.jpg\",\"contentUrl\":\"https:\\\/\\\/bioflexnutrition.com.br\\\/wp-content\\\/uploads\\\/2025\\\/06\\\/15348384845-omega-vision-60caps-pote.jpg\",\"width\":1950,\"height\":1950},{\"@type\":\"BreadcrumbList\",\"@id\":\"https:\\\/\\\/bioflexnutrition.com.br\\\/produto\\\/omega-vision-60-caps-essential\\\/#breadcrumb\",\"itemListElement\":[{\"@type\":\"ListItem\",\"position\":1,\"name\":\"In\u00edcio\",\"item\":\"https:\\\/\\\/bioflexnutrition.com.br\\\/\"},{\"@type\":\"ListItem\",\"position\":2,\"name\":\"Loja\",\"item\":\"https:\\\/\\\/bioflexnutrition.com.br\\\/todos\\\/\"},{\"@type\":\"ListItem\",\"position\":3,\"name\":\"Omega Vision 60 caps Essential\"}]},{\"@type\":\"WebSite\",\"@id\":\"https:\\\/\\\/bioflexnutrition.com.br\\\/#website\",\"url\":\"https:\\\/\\\/bioflexnutrition.com.br\\\/\",\"name\":\"Bioflex Nutrition\",\"description\":\"Sua loja online de Nutri\u00e7\u00e3o e Sa\u00fade\",\"publisher\":{\"@id\":\"https:\\\/\\\/bioflexnutrition.com.br\\\/#organization\"},\"potentialAction\":[{\"@type\":\"SearchAction\",\"target\":{\"@type\":\"EntryPoint\",\"urlTemplate\":\"https:\\\/\\\/bioflexnutrition.com.br\\\/?s={search_term_string}\"},\"query-input\":{\"@type\":\"PropertyValueSpecification\",\"valueRequired\":true,\"valueName\":\"search_term_string\"}}],\"inLanguage\":\"en-US\"},{\"@type\":\"Organization\",\"@id\":\"https:\\\/\\\/bioflexnutrition.com.br\\\/#organization\",\"name\":\"Bioflex Nutrition\",\"url\":\"https:\\\/\\\/bioflexnutrition.com.br\\\/\",\"logo\":{\"@type\":\"ImageObject\",\"inLanguage\":\"en-US\",\"@id\":\"https:\\\/\\\/bioflexnutrition.com.br\\\/#\\\/schema\\\/logo\\\/image\\\/\",\"url\":\"https:\\\/\\\/bioflexnutrition.com.br\\\/wp-content\\\/uploads\\\/2025\\\/04\\\/fav.webp\",\"contentUrl\":\"https:\\\/\\\/bioflexnutrition.com.br\\\/wp-content\\\/uploads\\\/2025\\\/04\\\/fav.webp\",\"width\":1150,\"height\":1000,\"caption\":\"Bioflex Nutrition\"},\"image\":{\"@id\":\"https:\\\/\\\/bioflexnutrition.com.br\\\/#\\\/schema\\\/logo\\\/image\\\/\"},\"sameAs\":[\"https:\\\/\\\/www.instagram.com\\\/bioflexnh\\\/\"]}]}<\/script>\n<!-- \/ Yoast SEO plugin. -->","yoast_head_json":{"title":"Omega Vision 60 caps Essential - Bioflex Nutrition","robots":{"index":"index","follow":"follow","max-snippet":"max-snippet:-1","max-image-preview":"max-image-preview:large","max-video-preview":"max-video-preview:-1"},"canonical":"https:\/\/bioflexnutrition.com.br\/en\/product\/omega-vision-60-caps-essential\/","og_locale":"en_US","og_type":"article","og_title":"Omega Vision 60 caps Essential - Bioflex Nutrition","og_description":"Omega Vision \u00a0 Suplemento de \u00f4mega-3 (TG) que combina o \u00f3leo de peixe e o \u00f3leo de krill com ingredientes que auxiliam na vis\u00e3o e na prote\u00e7\u00e3o contra os radicais livres.","og_url":"https:\/\/bioflexnutrition.com.br\/en\/product\/omega-vision-60-caps-essential\/","og_site_name":"Bioflex Nutrition","article_modified_time":"2026-04-01T17:52:24+00:00","og_image":[{"width":1950,"height":1950,"url":"https:\/\/bioflexnutrition.com.br\/wp-content\/uploads\/2025\/06\/15348384845-omega-vision-60caps-pote.jpg","type":"image\/jpeg"}],"twitter_card":"summary_large_image","twitter_misc":{"Est. reading time":"4 minutes"},"schema":{"@context":"https:\/\/schema.org","@graph":[{"@type":["WebPage","ItemPage"],"@id":"https:\/\/bioflexnutrition.com.br\/produto\/omega-vision-60-caps-essential\/","url":"https:\/\/bioflexnutrition.com.br\/produto\/omega-vision-60-caps-essential\/","name":"Omega Vision 60 caps Essential - Bioflex Nutrition","isPartOf":{"@id":"https:\/\/bioflexnutrition.com.br\/#website"},"primaryImageOfPage":{"@id":"https:\/\/bioflexnutrition.com.br\/produto\/omega-vision-60-caps-essential\/#primaryimage"},"image":{"@id":"https:\/\/bioflexnutrition.com.br\/produto\/omega-vision-60-caps-essential\/#primaryimage"},"thumbnailUrl":"https:\/\/bioflexnutrition.com.br\/wp-content\/uploads\/2025\/06\/15348384845-omega-vision-60caps-pote.jpg","datePublished":"2025-06-06T19:08:14+00:00","dateModified":"2026-04-01T17:52:24+00:00","breadcrumb":{"@id":"https:\/\/bioflexnutrition.com.br\/produto\/omega-vision-60-caps-essential\/#breadcrumb"},"inLanguage":"en-US","potentialAction":[{"@type":"ReadAction","target":["https:\/\/bioflexnutrition.com.br\/produto\/omega-vision-60-caps-essential\/"]}]},{"@type":"ImageObject","inLanguage":"en-US","@id":"https:\/\/bioflexnutrition.com.br\/produto\/omega-vision-60-caps-essential\/#primaryimage","url":"https:\/\/bioflexnutrition.com.br\/wp-content\/uploads\/2025\/06\/15348384845-omega-vision-60caps-pote.jpg","contentUrl":"https:\/\/bioflexnutrition.com.br\/wp-content\/uploads\/2025\/06\/15348384845-omega-vision-60caps-pote.jpg","width":1950,"height":1950},{"@type":"BreadcrumbList","@id":"https:\/\/bioflexnutrition.com.br\/produto\/omega-vision-60-caps-essential\/#breadcrumb","itemListElement":[{"@type":"ListItem","position":1,"name":"In\u00edcio","item":"https:\/\/bioflexnutrition.com.br\/"},{"@type":"ListItem","position":2,"name":"Loja","item":"https:\/\/bioflexnutrition.com.br\/todos\/"},{"@type":"ListItem","position":3,"name":"Omega Vision 60 caps Essential"}]},{"@type":"WebSite","@id":"https:\/\/bioflexnutrition.com.br\/#website","url":"https:\/\/bioflexnutrition.com.br\/","name":"Bioflex Nutrition","description":"Sua loja online de Nutri\u00e7\u00e3o e Sa\u00fade","publisher":{"@id":"https:\/\/bioflexnutrition.com.br\/#organization"},"potentialAction":[{"@type":"SearchAction","target":{"@type":"EntryPoint","urlTemplate":"https:\/\/bioflexnutrition.com.br\/?s={search_term_string}"},"query-input":{"@type":"PropertyValueSpecification","valueRequired":true,"valueName":"search_term_string"}}],"inLanguage":"en-US"},{"@type":"Organization","@id":"https:\/\/bioflexnutrition.com.br\/#organization","name":"Bioflex Nutrition","url":"https:\/\/bioflexnutrition.com.br\/","logo":{"@type":"ImageObject","inLanguage":"en-US","@id":"https:\/\/bioflexnutrition.com.br\/#\/schema\/logo\/image\/","url":"https:\/\/bioflexnutrition.com.br\/wp-content\/uploads\/2025\/04\/fav.webp","contentUrl":"https:\/\/bioflexnutrition.com.br\/wp-content\/uploads\/2025\/04\/fav.webp","width":1150,"height":1000,"caption":"Bioflex Nutrition"},"image":{"@id":"https:\/\/bioflexnutrition.com.br\/#\/schema\/logo\/image\/"},"sameAs":["https:\/\/www.instagram.com\/bioflexnh\/"]}]}},"_links":{"self":[{"href":"https:\/\/bioflexnutrition.com.br\/en\/wp-json\/wp\/v2\/product\/6862","targetHints":{"allow":["GET"]}}],"collection":[{"href":"https:\/\/bioflexnutrition.com.br\/en\/wp-json\/wp\/v2\/product"}],"about":[{"href":"https:\/\/bioflexnutrition.com.br\/en\/wp-json\/wp\/v2\/types\/product"}],"replies":[{"embeddable":true,"href":"https:\/\/bioflexnutrition.com.br\/en\/wp-json\/wp\/v2\/comments?post=6862"}],"wp:featuredmedia":[{"embeddable":true,"href":"https:\/\/bioflexnutrition.com.br\/en\/wp-json\/wp\/v2\/media\/6857"}],"wp:attachment":[{"href":"https:\/\/bioflexnutrition.com.br\/en\/wp-json\/wp\/v2\/media?parent=6862"}],"wp:term":[{"taxonomy":"product_cat","embeddable":true,"href":"https:\/\/bioflexnutrition.com.br\/en\/wp-json\/wp\/v2\/product_cat?post=6862"},{"taxonomy":"product_tag","embeddable":true,"href":"https:\/\/bioflexnutrition.com.br\/en\/wp-json\/wp\/v2\/product_tag?post=6862"}],"curies":[{"name":"wp","href":"https:\/\/api.w.org\/{rel}","templated":true}]}}