{"id":6869,"date":"2025-06-06T16:08:47","date_gmt":"2025-06-06T19:08:47","guid":{"rendered":"https:\/\/bioflexnutrition.com.br\/produto\/super-omega-3-tg-liquid-150ml-20ds-essential\/"},"modified":"2026-04-01T15:17:02","modified_gmt":"2026-04-01T18:17:02","slug":"super-omega-3-tg-liquid-150ml-20ds-essential","status":"publish","type":"product","link":"https:\/\/bioflexnutrition.com.br\/en\/product\/super-omega-3-tg-liquid-150ml-20ds-essential\/","title":{"rendered":"Super Omega 3 TG Liquid 150mL\/20Ds Essential"},"content":{"rendered":"<h2>Liquid Super Omega-3 TG<\/h2>\n<p><strong>O que \u00e9<\/strong><\/p>\n<p>O \u00f4mega-3 \u00e9 amplamente estudado pela ci\u00eancia. Seu consumo auxilia na manuten\u00e7\u00e3o de n\u00edveis saud\u00e1veis de triglicer\u00eddeos, desde que associado a uma alimenta\u00e7\u00e3o equilibrada e h\u00e1bitos de vida saud\u00e1veis. Para que leve somente benef\u00edcios ao organismo, sua <strong>concentra\u00e7\u00e3o<\/strong> e <strong>pureza<\/strong> s\u00e3o essenciais.<\/p>\n<p>O <strong>Liquid Super Omega-3 TG<\/strong> \u00e9 obtido por processo patenteado de destila\u00e7\u00e3o molecular, com padr\u00f5es de pureza extremamente r\u00edgidos em rela\u00e7\u00e3o aos metais pesados e demais contaminantes (PCBs, merc\u00fario e dioxinas). Ideal para quem n\u00e3o consome quantidade suficiente de \u00f4mega-3 atrav\u00e9s da alimenta\u00e7\u00e3o e apresenta dificuldade em aderir \u00e0 suplementa\u00e7\u00e3o em c\u00e1psulas. Vers\u00e3o l\u00edquida com sabor de mix de frutas.<\/p>\n<ul>\n<li><strong>1080 mg EPA por dose*<\/strong><\/li>\n<li><strong>720 mg DHA por dose*<\/strong><\/li>\n<li><strong>93 mg Vitamina E<\/strong><\/li>\n<\/ul>\n<p><em>*1 dose = 7,5 ml<\/em><\/p>\n<h3>Entenda o que \u00e9 \u00d4mega-3<\/h3>\n<p>60% do nosso c\u00e9rebro \u00e9 formado por gorduras e at\u00e9 20% delas correspondem ao DHA, um tipo de \u00e1cido graxo \u00f4mega-3. O \u00f3leo de peixe \u00e9 o 3\u00ba suplemento mais consumido pelos brasileiros, atr\u00e1s apenas dos polivitam\u00ednicos e dos repositores de c\u00e1lcio. A suplementa\u00e7\u00e3o de \u00f4mega-3 tem aumentado significativamente na \u00faltima d\u00e9cada, com in\u00fameros estudos cient\u00edficos comprovando sua import\u00e2ncia.<\/p>\n<h3>Liquid Super Omega-3 TG<\/h3>\n<p>Todos os benef\u00edcios do \u00f4mega-3 em c\u00e1psulas tamb\u00e9m podem ser obtidos na forma l\u00edquida, com sabor agrad\u00e1vel. Solu\u00e7\u00e3o pensada para quem busca os benef\u00edcios do \u00f4mega-3, mas tem dificuldade de aderir \u00e0 vers\u00e3o em c\u00e1psulas.<\/p>\n<h3>O que \u00e9 TG?<\/h3>\n<p>Na natureza, o \u00f4mega-3 do \u00f3leo de peixe apresenta-se na forma de triglicer\u00eddeos (TG). Padronizar o \u00f3leo nessa mesma forma facilita o reconhecimento e o uso pelo organismo, otimizando o aproveitamento.<\/p>\n<p><strong>30% mais absor\u00e7\u00e3o<\/strong><\/p>\n<h3>Como escolher o melhor \u00f4mega-3?<\/h3>\n<p>Observe altas concentra\u00e7\u00f5es de EPA e DHA por por\u00e7\u00e3o (ou c\u00e1psula). Verifique a proced\u00eancia e as certifica\u00e7\u00f5es de pureza. Se algo vai nutrir seu corpo, n\u00e3o deve conter subst\u00e2ncias prejudiciais.<\/p>\n<ul>\n<li>Alta concentra\u00e7\u00e3o<\/li>\n<li>Pureza<\/li>\n<li>Absor\u00e7\u00e3o<\/li>\n<\/ul>\n<h3>Diferen\u00e7a entre Liquid Super Omega-3 TG e Liquid DHA<\/h3>\n<p>Ambos s\u00e3o fontes de \u00f4mega-3 de alta qualidade, proced\u00eancia e absor\u00e7\u00e3o. A diferen\u00e7a est\u00e1 na concentra\u00e7\u00e3o de EPA e DHA e suas indica\u00e7\u00f5es: o <strong>Liquid Super Omega-3 TG<\/strong> fornece 1080 mg de EPA e 720 mg de DHA (7,5 ml), enquanto o <strong>Liquid DHA Essential<\/strong> fornece 1500 mg de DHA e 450 mg de EPA (7,5 ml). A escolha depende das necessidades individuais (consulte m\u00e9dico ou nutricionista).<\/p>\n<h3>Informa\u00e7\u00e3o Nutricional<\/h3>\n<p>Os ingredientes s\u00e3o listados em ordem decrescente de quantidade. A linha \u00e9 livre de \u201ccalorias vazias\u201d e prioriza ingredientes naturais.<\/p>\n<table>\n<thead>\n<tr>\n<th colspan=\"3\">Tabela Nutricional \u2013 Por\u00e7\u00e3o: 7,5 ml (3 colheres-medida) | Por\u00e7\u00f5es por embalagem: 20 (150 ml)<\/th>\n<\/tr>\n<tr>\n<th>Nutriente<\/th>\n<th>Quantidade<\/th>\n<th>%VD*<\/th>\n<\/tr>\n<\/thead>\n<tbody>\n<tr>\n<td>Valor energ\u00e9tico (kcal)<\/td>\n<td>59<\/td>\n<td>3<\/td>\n<\/tr>\n<tr>\n<td>Gorduras totais (g)<\/td>\n<td>6,5<\/td>\n<td>10<\/td>\n<\/tr>\n<tr>\n<td>Gorduras saturadas (g)<\/td>\n<td>3,5<\/td>\n<td>18<\/td>\n<\/tr>\n<tr>\n<td>Gorduras trans (g)<\/td>\n<td>0<\/td>\n<td>0<\/td>\n<\/tr>\n<tr>\n<td>Gorduras poli-insaturadas (g)<\/td>\n<td>2,6<\/td>\n<td>13<\/td>\n<\/tr>\n<tr>\n<td>\u00d4mega 3 total (mg)<\/td>\n<td>1800<\/td>\n<td>45<\/td>\n<\/tr>\n<tr>\n<td>\u00a0\u2014 EPA (mg)<\/td>\n<td>1080<\/td>\n<td>\u2014<\/td>\n<\/tr>\n<tr>\n<td>\u00a0\u2014 DHA (mg)<\/td>\n<td>720<\/td>\n<td>\u2014<\/td>\n<\/tr>\n<tr>\n<td>Vitamina E (mg)<\/td>\n<td>93<\/td>\n<td>620<\/td>\n<\/tr>\n<\/tbody>\n<\/table>\n<p><em>N\u00e3o cont\u00e9m quantidades significativas de carboidratos, a\u00e7\u00facares totais, a\u00e7\u00facares adicionados, prote\u00ednas, fibras alimentares e s\u00f3dio.<\/em><br \/><em>*% Valores Di\u00e1rios de refer\u00eancia com base em uma dieta de 2.000 kcal ou 8.400 kJ.<\/em><\/p>\n<h3>Ingredientes<\/h3>\n<p>Triglicer\u00eddeos de cadeia m\u00e9dia, \u00f3leo de peixe (Pronova Pure\u00ae \u00f4mega-3 TG), mix de tocofer\u00f3is e aromas naturais.<\/p>\n<p><strong>N\u00e3o cont\u00e9m gl\u00faten.<\/strong><br \/><strong>AL\u00c9RGICOS:<\/strong> cont\u00e9m derivados de peixe.<br \/><small>PRONOVA PURE\u00ae is a registered trademark of BASF.<\/small><\/p>\n<h3>Modo de Uso<\/h3>\n<p>Ingerir 2,5 ml (1 colher-medida) tr\u00eas vezes ao dia, ou conforme orienta\u00e7\u00e3o de m\u00e9dico ou nutricionista. Agitar antes de usar. Ap\u00f3s o consumo, higienizar o bico dosador para manter o frescor.<\/p>\n<h3>Armazenamento<\/h3>\n<p>Manter o produto bem fechado em local fresco, seco e ao abrigo da luz solar. Ap\u00f3s aberto, refrigerar e consumir em at\u00e9 60 dias.<\/p>\n<hr \/>\n<p><strong>Avisos Padronizados:<\/strong><br \/>Manter este produto bem fechado em local fresco, seco e ao abrigo da luz solar.<br \/>Ap\u00f3s aberto, consumir em at\u00e9 90 dias.<br \/>A colora\u00e7\u00e3o da c\u00e1psula pode apresentar varia\u00e7\u00e3o devido \u00e0 presen\u00e7a de ingredientes naturais, sem comprometer a efic\u00e1cia da formula\u00e7\u00e3o.<br \/>Este produto \u00e9 recomendado para adultos (\u226519 anos).<br \/>Este produto n\u00e3o deve ser consumido por gestantes, lactantes e crian\u00e7as.<br \/>\u201cEste produto n\u00e3o \u00e9 um medicamento.\u201d<br \/>\u201cN\u00e3o exceder a recomenda\u00e7\u00e3o di\u00e1ria de consumo indicada na embalagem.\u201d<br \/>\u201cMantenha fora do alcance de crian\u00e7as.\u201d<\/p>","protected":false},"excerpt":{"rendered":"<p>Liquid Super Omega-3 TG<\/p>\n<p>\u00a0<\/p>\n<p>Suplemento de \u00f4mega-3 na forma l\u00edquida, com alta concentra\u00e7\u00e3o de EPA e DHA. Um produto com padr\u00f5es de qualidade extremamente r\u00edgidos e que fornece as propriedades do \u00f4mega-3 com sabor de mix de frutas e maior facilidade de ingest\u00e3o.<\/p>","protected":false},"featured_media":6863,"comment_status":"open","ping_status":"closed","template":"","meta":{"_joinchat":[]},"product_cat":[248,160,157,164,288,230,280],"product_tag":[],"class_list":{"0":"post-6869","1":"product","2":"type-product","3":"status-publish","4":"has-post-thumbnail","6":"product_cat-categorias-e","7":"product_cat-essential","8":"product_cat-marcas","9":"product_cat-objetivos-especificos","10":"product_cat-omega-3-vitaminas","11":"product_cat-saude-e-bem-estar","12":"product_cat-vitaminas","14":"first","15":"instock","16":"shipping-taxable","17":"purchasable","18":"product-type-simple","19":"col-xs-6 col-sm-4","20":"col-md-3 col-lg-3","21":"un-4-cols"},"yoast_head":"<!-- This site is optimized with the Yoast SEO plugin v27.3 - https:\/\/yoast.com\/product\/yoast-seo-wordpress\/ -->\n<title>Super Omega 3 TG Liquid 150mL\/20Ds Essential - Bioflex Nutrition<\/title>\n<meta name=\"robots\" content=\"index, follow, max-snippet:-1, max-image-preview:large, max-video-preview:-1\" \/>\n<link rel=\"canonical\" href=\"https:\/\/bioflexnutrition.com.br\/en\/product\/super-omega-3-tg-liquid-150ml-20ds-essential\/\" \/>\n<meta property=\"og:locale\" content=\"en_US\" \/>\n<meta property=\"og:type\" content=\"article\" \/>\n<meta property=\"og:title\" content=\"Super Omega 3 TG Liquid 150mL\/20Ds Essential - Bioflex Nutrition\" \/>\n<meta property=\"og:description\" content=\"Liquid Super Omega-3 TG \u00a0 Suplemento de \u00f4mega-3 na forma l\u00edquida, com alta concentra\u00e7\u00e3o de EPA e DHA. Um produto com padr\u00f5es de qualidade extremamente r\u00edgidos e que fornece as propriedades do \u00f4mega-3 com sabor de mix de frutas e maior facilidade de ingest\u00e3o.\" \/>\n<meta property=\"og:url\" content=\"https:\/\/bioflexnutrition.com.br\/en\/product\/super-omega-3-tg-liquid-150ml-20ds-essential\/\" \/>\n<meta property=\"og:site_name\" content=\"Bioflex Nutrition\" \/>\n<meta property=\"article:modified_time\" content=\"2026-04-01T18:17:02+00:00\" \/>\n<meta property=\"og:image\" content=\"https:\/\/bioflexnutrition.com.br\/wp-content\/uploads\/2025\/06\/15348385041-super-omega3tg-liquid-box.jpg\" \/>\n\t<meta property=\"og:image:width\" content=\"1950\" \/>\n\t<meta property=\"og:image:height\" content=\"1950\" \/>\n\t<meta property=\"og:image:type\" content=\"image\/jpeg\" \/>\n<meta name=\"twitter:card\" content=\"summary_large_image\" \/>\n<meta name=\"twitter:label1\" content=\"Est. reading time\" \/>\n\t<meta name=\"twitter:data1\" content=\"4 minutes\" \/>\n<script type=\"application\/ld+json\" class=\"yoast-schema-graph\">{\"@context\":\"https:\\\/\\\/schema.org\",\"@graph\":[{\"@type\":[\"WebPage\",\"ItemPage\"],\"@id\":\"https:\\\/\\\/bioflexnutrition.com.br\\\/produto\\\/super-omega-3-tg-liquid-150ml-20ds-essential\\\/\",\"url\":\"https:\\\/\\\/bioflexnutrition.com.br\\\/produto\\\/super-omega-3-tg-liquid-150ml-20ds-essential\\\/\",\"name\":\"Super Omega 3 TG Liquid 150mL\\\/20Ds Essential - Bioflex Nutrition\",\"isPartOf\":{\"@id\":\"https:\\\/\\\/bioflexnutrition.com.br\\\/#website\"},\"primaryImageOfPage\":{\"@id\":\"https:\\\/\\\/bioflexnutrition.com.br\\\/produto\\\/super-omega-3-tg-liquid-150ml-20ds-essential\\\/#primaryimage\"},\"image\":{\"@id\":\"https:\\\/\\\/bioflexnutrition.com.br\\\/produto\\\/super-omega-3-tg-liquid-150ml-20ds-essential\\\/#primaryimage\"},\"thumbnailUrl\":\"https:\\\/\\\/bioflexnutrition.com.br\\\/wp-content\\\/uploads\\\/2025\\\/06\\\/15348385041-super-omega3tg-liquid-box.jpg\",\"datePublished\":\"2025-06-06T19:08:47+00:00\",\"dateModified\":\"2026-04-01T18:17:02+00:00\",\"breadcrumb\":{\"@id\":\"https:\\\/\\\/bioflexnutrition.com.br\\\/produto\\\/super-omega-3-tg-liquid-150ml-20ds-essential\\\/#breadcrumb\"},\"inLanguage\":\"en-US\",\"potentialAction\":[{\"@type\":\"ReadAction\",\"target\":[\"https:\\\/\\\/bioflexnutrition.com.br\\\/produto\\\/super-omega-3-tg-liquid-150ml-20ds-essential\\\/\"]}]},{\"@type\":\"ImageObject\",\"inLanguage\":\"en-US\",\"@id\":\"https:\\\/\\\/bioflexnutrition.com.br\\\/produto\\\/super-omega-3-tg-liquid-150ml-20ds-essential\\\/#primaryimage\",\"url\":\"https:\\\/\\\/bioflexnutrition.com.br\\\/wp-content\\\/uploads\\\/2025\\\/06\\\/15348385041-super-omega3tg-liquid-box.jpg\",\"contentUrl\":\"https:\\\/\\\/bioflexnutrition.com.br\\\/wp-content\\\/uploads\\\/2025\\\/06\\\/15348385041-super-omega3tg-liquid-box.jpg\",\"width\":1950,\"height\":1950},{\"@type\":\"BreadcrumbList\",\"@id\":\"https:\\\/\\\/bioflexnutrition.com.br\\\/produto\\\/super-omega-3-tg-liquid-150ml-20ds-essential\\\/#breadcrumb\",\"itemListElement\":[{\"@type\":\"ListItem\",\"position\":1,\"name\":\"In\u00edcio\",\"item\":\"https:\\\/\\\/bioflexnutrition.com.br\\\/\"},{\"@type\":\"ListItem\",\"position\":2,\"name\":\"Loja\",\"item\":\"https:\\\/\\\/bioflexnutrition.com.br\\\/todos\\\/\"},{\"@type\":\"ListItem\",\"position\":3,\"name\":\"Super Omega 3 TG Liquid 150mL\\\/20Ds Essential\"}]},{\"@type\":\"WebSite\",\"@id\":\"https:\\\/\\\/bioflexnutrition.com.br\\\/#website\",\"url\":\"https:\\\/\\\/bioflexnutrition.com.br\\\/\",\"name\":\"Bioflex Nutrition\",\"description\":\"Sua loja online de Nutri\u00e7\u00e3o e Sa\u00fade\",\"publisher\":{\"@id\":\"https:\\\/\\\/bioflexnutrition.com.br\\\/#organization\"},\"potentialAction\":[{\"@type\":\"SearchAction\",\"target\":{\"@type\":\"EntryPoint\",\"urlTemplate\":\"https:\\\/\\\/bioflexnutrition.com.br\\\/?s={search_term_string}\"},\"query-input\":{\"@type\":\"PropertyValueSpecification\",\"valueRequired\":true,\"valueName\":\"search_term_string\"}}],\"inLanguage\":\"en-US\"},{\"@type\":\"Organization\",\"@id\":\"https:\\\/\\\/bioflexnutrition.com.br\\\/#organization\",\"name\":\"Bioflex Nutrition\",\"url\":\"https:\\\/\\\/bioflexnutrition.com.br\\\/\",\"logo\":{\"@type\":\"ImageObject\",\"inLanguage\":\"en-US\",\"@id\":\"https:\\\/\\\/bioflexnutrition.com.br\\\/#\\\/schema\\\/logo\\\/image\\\/\",\"url\":\"https:\\\/\\\/bioflexnutrition.com.br\\\/wp-content\\\/uploads\\\/2025\\\/04\\\/fav.webp\",\"contentUrl\":\"https:\\\/\\\/bioflexnutrition.com.br\\\/wp-content\\\/uploads\\\/2025\\\/04\\\/fav.webp\",\"width\":1150,\"height\":1000,\"caption\":\"Bioflex Nutrition\"},\"image\":{\"@id\":\"https:\\\/\\\/bioflexnutrition.com.br\\\/#\\\/schema\\\/logo\\\/image\\\/\"},\"sameAs\":[\"https:\\\/\\\/www.instagram.com\\\/bioflexnh\\\/\"]}]}<\/script>\n<!-- \/ Yoast SEO plugin. -->","yoast_head_json":{"title":"Super Omega 3 TG Liquid 150mL\/20Ds Essential - Bioflex Nutrition","robots":{"index":"index","follow":"follow","max-snippet":"max-snippet:-1","max-image-preview":"max-image-preview:large","max-video-preview":"max-video-preview:-1"},"canonical":"https:\/\/bioflexnutrition.com.br\/en\/product\/super-omega-3-tg-liquid-150ml-20ds-essential\/","og_locale":"en_US","og_type":"article","og_title":"Super Omega 3 TG Liquid 150mL\/20Ds Essential - Bioflex Nutrition","og_description":"Liquid Super Omega-3 TG \u00a0 Suplemento de \u00f4mega-3 na forma l\u00edquida, com alta concentra\u00e7\u00e3o de EPA e DHA. Um produto com padr\u00f5es de qualidade extremamente r\u00edgidos e que fornece as propriedades do \u00f4mega-3 com sabor de mix de frutas e maior facilidade de ingest\u00e3o.","og_url":"https:\/\/bioflexnutrition.com.br\/en\/product\/super-omega-3-tg-liquid-150ml-20ds-essential\/","og_site_name":"Bioflex Nutrition","article_modified_time":"2026-04-01T18:17:02+00:00","og_image":[{"width":1950,"height":1950,"url":"https:\/\/bioflexnutrition.com.br\/wp-content\/uploads\/2025\/06\/15348385041-super-omega3tg-liquid-box.jpg","type":"image\/jpeg"}],"twitter_card":"summary_large_image","twitter_misc":{"Est. reading time":"4 minutes"},"schema":{"@context":"https:\/\/schema.org","@graph":[{"@type":["WebPage","ItemPage"],"@id":"https:\/\/bioflexnutrition.com.br\/produto\/super-omega-3-tg-liquid-150ml-20ds-essential\/","url":"https:\/\/bioflexnutrition.com.br\/produto\/super-omega-3-tg-liquid-150ml-20ds-essential\/","name":"Super Omega 3 TG Liquid 150mL\/20Ds Essential - Bioflex Nutrition","isPartOf":{"@id":"https:\/\/bioflexnutrition.com.br\/#website"},"primaryImageOfPage":{"@id":"https:\/\/bioflexnutrition.com.br\/produto\/super-omega-3-tg-liquid-150ml-20ds-essential\/#primaryimage"},"image":{"@id":"https:\/\/bioflexnutrition.com.br\/produto\/super-omega-3-tg-liquid-150ml-20ds-essential\/#primaryimage"},"thumbnailUrl":"https:\/\/bioflexnutrition.com.br\/wp-content\/uploads\/2025\/06\/15348385041-super-omega3tg-liquid-box.jpg","datePublished":"2025-06-06T19:08:47+00:00","dateModified":"2026-04-01T18:17:02+00:00","breadcrumb":{"@id":"https:\/\/bioflexnutrition.com.br\/produto\/super-omega-3-tg-liquid-150ml-20ds-essential\/#breadcrumb"},"inLanguage":"en-US","potentialAction":[{"@type":"ReadAction","target":["https:\/\/bioflexnutrition.com.br\/produto\/super-omega-3-tg-liquid-150ml-20ds-essential\/"]}]},{"@type":"ImageObject","inLanguage":"en-US","@id":"https:\/\/bioflexnutrition.com.br\/produto\/super-omega-3-tg-liquid-150ml-20ds-essential\/#primaryimage","url":"https:\/\/bioflexnutrition.com.br\/wp-content\/uploads\/2025\/06\/15348385041-super-omega3tg-liquid-box.jpg","contentUrl":"https:\/\/bioflexnutrition.com.br\/wp-content\/uploads\/2025\/06\/15348385041-super-omega3tg-liquid-box.jpg","width":1950,"height":1950},{"@type":"BreadcrumbList","@id":"https:\/\/bioflexnutrition.com.br\/produto\/super-omega-3-tg-liquid-150ml-20ds-essential\/#breadcrumb","itemListElement":[{"@type":"ListItem","position":1,"name":"In\u00edcio","item":"https:\/\/bioflexnutrition.com.br\/"},{"@type":"ListItem","position":2,"name":"Loja","item":"https:\/\/bioflexnutrition.com.br\/todos\/"},{"@type":"ListItem","position":3,"name":"Super Omega 3 TG Liquid 150mL\/20Ds Essential"}]},{"@type":"WebSite","@id":"https:\/\/bioflexnutrition.com.br\/#website","url":"https:\/\/bioflexnutrition.com.br\/","name":"Bioflex Nutrition","description":"Sua loja online de Nutri\u00e7\u00e3o e Sa\u00fade","publisher":{"@id":"https:\/\/bioflexnutrition.com.br\/#organization"},"potentialAction":[{"@type":"SearchAction","target":{"@type":"EntryPoint","urlTemplate":"https:\/\/bioflexnutrition.com.br\/?s={search_term_string}"},"query-input":{"@type":"PropertyValueSpecification","valueRequired":true,"valueName":"search_term_string"}}],"inLanguage":"en-US"},{"@type":"Organization","@id":"https:\/\/bioflexnutrition.com.br\/#organization","name":"Bioflex Nutrition","url":"https:\/\/bioflexnutrition.com.br\/","logo":{"@type":"ImageObject","inLanguage":"en-US","@id":"https:\/\/bioflexnutrition.com.br\/#\/schema\/logo\/image\/","url":"https:\/\/bioflexnutrition.com.br\/wp-content\/uploads\/2025\/04\/fav.webp","contentUrl":"https:\/\/bioflexnutrition.com.br\/wp-content\/uploads\/2025\/04\/fav.webp","width":1150,"height":1000,"caption":"Bioflex Nutrition"},"image":{"@id":"https:\/\/bioflexnutrition.com.br\/#\/schema\/logo\/image\/"},"sameAs":["https:\/\/www.instagram.com\/bioflexnh\/"]}]}},"_links":{"self":[{"href":"https:\/\/bioflexnutrition.com.br\/en\/wp-json\/wp\/v2\/product\/6869","targetHints":{"allow":["GET"]}}],"collection":[{"href":"https:\/\/bioflexnutrition.com.br\/en\/wp-json\/wp\/v2\/product"}],"about":[{"href":"https:\/\/bioflexnutrition.com.br\/en\/wp-json\/wp\/v2\/types\/product"}],"replies":[{"embeddable":true,"href":"https:\/\/bioflexnutrition.com.br\/en\/wp-json\/wp\/v2\/comments?post=6869"}],"wp:featuredmedia":[{"embeddable":true,"href":"https:\/\/bioflexnutrition.com.br\/en\/wp-json\/wp\/v2\/media\/6863"}],"wp:attachment":[{"href":"https:\/\/bioflexnutrition.com.br\/en\/wp-json\/wp\/v2\/media?parent=6869"}],"wp:term":[{"taxonomy":"product_cat","embeddable":true,"href":"https:\/\/bioflexnutrition.com.br\/en\/wp-json\/wp\/v2\/product_cat?post=6869"},{"taxonomy":"product_tag","embeddable":true,"href":"https:\/\/bioflexnutrition.com.br\/en\/wp-json\/wp\/v2\/product_tag?post=6869"}],"curies":[{"name":"wp","href":"https:\/\/api.w.org\/{rel}","templated":true}]}}