{"id":6874,"date":"2025-06-06T16:09:09","date_gmt":"2025-06-06T19:09:09","guid":{"rendered":"https:\/\/bioflexnutrition.com.br\/produto\/feel-complete-lata-547g-10ds-essential\/"},"modified":"2026-03-31T16:50:19","modified_gmt":"2026-03-31T19:50:19","slug":"feel-complete-lata-547g-10ds-essential","status":"publish","type":"product","link":"https:\/\/bioflexnutrition.com.br\/en\/product\/feel-complete-lata-547g-10ds-essential\/","title":{"rendered":"Feel Complete Lata 547g\/10Ds Essential"},"content":{"rendered":"<h2>FEEL COMPLETE<\/h2>\n<p>Feel Complete \u00e9 um shake nutricionalmente completo, pr\u00e1tico e saboroso. Um grande aliado para adultos em diversos tipos de dieta ou idosos que procuram op\u00e7\u00f5es balanceadas. Sabor chocolate e apenas 177\u202fkcal por dose.<\/p>\n<p>177\u202fkcal | 13\u202fg de prote\u00ednas | 4,3\u202fg de gorduras boas | 20\u202fg de carboidratos complexos | Blend de 10 vegetais e compostos bioativos | 9,1\u202fg de fibras | 23 vitaminas &amp; minerais<\/p>\n<h2>CONT\u00c9M<\/h2>\n<ul>\n<li>Blend de prote\u00ednas (Whey Protein Isolado + Col\u00e1geno em pept\u00eddeos + Prote\u00edna de girassol)<\/li>\n<li>Palatinose\u2122<\/li>\n<li>Fibras prebi\u00f3ticas<\/li>\n<li>Amino\u00e1cidos isolados: fenilalanina, taurina e triptofano<\/li>\n<li>\u00d3leo de abacate e leite de coco<\/li>\n<li>Vitaminas ativas e minerais quelados em doses suplementares<\/li>\n<li>Blend de vegetais: couve, feij\u00e3o branco, cenoura, espinafre, br\u00f3colis, a\u00e7afr\u00e3o e ch\u00e1-verde<\/li>\n<li>Licopeno, lute\u00edna e colina<\/li>\n<li>Cacau puro<\/li>\n<\/ul>\n<h2>N\u00c3O CONT\u00c9M<\/h2>\n<ul>\n<li>Derivados da soja<\/li>\n<li>Maltodextrina<\/li>\n<li>Gl\u00faten e lactose<\/li>\n<li>Conservantes, ado\u00e7antes, aromas e corantes artificiais<\/li>\n<\/ul>\n<h2>FEITO COM ALIMENTOS DE VERDADE<\/h2>\n<p>Blend de vegetais naturalmente ricos em fitonutrientes (couve, cenoura, espinafre, br\u00f3colis, a\u00e7afr\u00e3o, ch\u00e1-verde, feij\u00e3o branco e cacau).<\/p>\n<h2>COMO CONSUMIR FEEL COMPLETE<\/h2>\n<p>Bata 1 dose (2 colheres\u2011medida) com 250\u202fml de \u00e1gua gelada. Para mais cremosidade, adicione gelo e menos \u00e1gua. Tamb\u00e9m pode ser misturado com frutas, \u00e1gua de coco ou bebida vegetal.<\/p>\n<h2>INFORMA\u00c7\u00c3O NUTRICIONAL<\/h2>\n<p>Confira sempre a lista de ingredientes em ordem decrescente. Produtos Essential s\u00e3o livres de calorias vazias e feitos com ingredientes naturais.<\/p>\n<h2>TABELA NUTRICIONAL<\/h2>\n<table>\n<thead>\n<tr>\n<th>Por\u00e7\u00f5es por embalagem<\/th>\n<td>10 (547\u202fg)<\/td>\n<\/tr>\n<tr>\n<th>Por\u00e7\u00e3o<\/th>\n<td>54,7\u202fg (2 colheres\u2011medida)<\/td>\n<\/tr>\n<\/thead>\n<tbody>\n<tr>\n<th>Valor energ\u00e9tico<\/th>\n<td>177\u202fkcal\u00a09%<\/td>\n<\/tr>\n<tr>\n<th>Carboidratos<\/th>\n<td>20\u202fg\u00a07%<\/td>\n<\/tr>\n<tr>\n<th>A\u00e7\u00facares totais<\/th>\n<td>12\u202fg<\/td>\n<\/tr>\n<tr>\n<th>A\u00e7\u00facares adicionados<\/th>\n<td>11\u202fg\u00a022%<\/td>\n<\/tr>\n<tr>\n<th>Isomaltulose<\/th>\n<td>11\u202fg<\/td>\n<\/tr>\n<tr>\n<th>Lactose<\/th>\n<td>0\u202fg<\/td>\n<\/tr>\n<tr>\n<th>Prote\u00ednas<\/th>\n<td>13\u202fg\u00a026%<\/td>\n<\/tr>\n<tr>\n<th>Fenilalanina<\/th>\n<td>1\u202f478\u202fmg<\/td>\n<\/tr>\n<tr>\n<th>Triptofano<\/th>\n<td>385\u202fmg<\/td>\n<\/tr>\n<tr>\n<th>Gorduras totais<\/th>\n<td>4,3\u202fg\u00a07%<\/td>\n<\/tr>\n<tr>\n<th>Gorduras saturadas<\/th>\n<td>1,8\u202fg\u00a09%<\/td>\n<\/tr>\n<tr>\n<th>Gorduras monoinsaturadas<\/th>\n<td>1,8\u202fg\u00a09%<\/td>\n<\/tr>\n<tr>\n<th>Gorduras poli\u2011insaturadas<\/th>\n<td>0,4\u202fg\u00a02%<\/td>\n<\/tr>\n<tr>\n<th>Fibras alimentares<\/th>\n<td>9,1\u202fg\u00a036%<\/td>\n<\/tr>\n<tr>\n<th>S\u00f3dio<\/th>\n<td>156\u202fmg\u00a08%<\/td>\n<\/tr>\n<p><!-- vitamins &amp; minerals rows omitted for brevity --><\/tbody>\n<\/table>\n<p>*% Valores di\u00e1rios por por\u00e7\u00e3o (54,7\u202fg).<\/p>\n<h2>INGREDIENTES<\/h2>\n<p>Blend proteico (Whey Protein Isolado [Provon\u202f292\u00ae], Col\u00e1geno Peptan\u00ae e Prote\u00edna de girassol), Isomaltulose (Palatinose\u2122), \u00d3leo de abacate, Cacau, Blend de vegetais, Leite de coco, Mix de vitaminas e minerais, Goma ac\u00e1cia, Inulina, L\u2011fenilalanina, Taurina, Fibra de aveia, Ch\u00e1-verde, Feij\u00e3o branco, L\u2011triptofano, A\u00e7afr\u00e3o, Licopeno, Lute\u00edna, Aromas, Espessantes, Antiumectante e Edulcorantes.<\/p>\n<p><strong>N\u00e3o cont\u00e9m<\/strong> gl\u00faten.<br \/><strong>Al\u00e9rgicos:<\/strong> cont\u00e9m derivados de aveia, leite e soja (lecitina de soja ~0,05\u202fg\/por\u00e7\u00e3o).<\/p>\n<h2>MODO DE PREPARO<\/h2>\n<p>Adicione 54,7\u202fg (2 colheres\u2011medida) em 250\u202fml de \u00e1gua fria e misture at\u00e9 homogeneizar. Beba imediatamente. Uso di\u00e1rio ou conforme orienta\u00e7\u00e3o de m\u00e9dico\/nutricionista.<\/p>\n<p>Conservar em local fresco, seco e ao abrigo da luz. Ap\u00f3s aberto, consumir em at\u00e9 30\u202fdias. Recomendado para adultos (\u226519\u202fanos). N\u00e3o indicado para gestantes, lactantes e crian\u00e7as.<\/p>\n","protected":false},"excerpt":{"rendered":"<p>Feel Complete<\/p>\n<p>\u00a0<\/p>\n<p>Shake nutricionalmente equilibrado, pr\u00e1tico e saboroso. Recomendado para pessoas que buscam os benef\u00edcios de uma refei\u00e7\u00e3o balanceada, com ingredientes selecionados.<\/p>","protected":false},"featured_media":6870,"comment_status":"open","ping_status":"closed","template":"","meta":{"_joinchat":[]},"product_cat":[249,251,248,160,199,157,164,285,198,230,280],"product_tag":[],"class_list":{"0":"post-6874","1":"product","2":"type-product","3":"status-publish","4":"has-post-thumbnail","6":"product_cat-alimentos-funcionais-categorias-ecommerce","7":"product_cat-alimentos-funcionais-doces","8":"product_cat-categorias-e","9":"product_cat-essential","10":"product_cat-frete-gratis","11":"product_cat-marcas","12":"product_cat-objetivos-especificos","13":"product_cat-outros","14":"product_cat-promocoes","15":"product_cat-saude-e-bem-estar","16":"product_cat-vitaminas","18":"first","19":"instock","20":"shipping-taxable","21":"purchasable","22":"product-type-simple","23":"col-xs-6 col-sm-4","24":"col-md-3 col-lg-3","25":"un-4-cols"},"yoast_head":"<!-- This site is optimized with the Yoast SEO plugin v27.3 - https:\/\/yoast.com\/product\/yoast-seo-wordpress\/ -->\n<title>Feel Complete Lata 547g\/10Ds Essential - Bioflex Nutrition<\/title>\n<meta name=\"robots\" content=\"index, follow, max-snippet:-1, max-image-preview:large, max-video-preview:-1\" \/>\n<link rel=\"canonical\" href=\"https:\/\/bioflexnutrition.com.br\/en\/product\/feel-complete-lata-547g-10ds-essential\/\" \/>\n<meta property=\"og:locale\" content=\"en_US\" \/>\n<meta property=\"og:type\" content=\"article\" \/>\n<meta property=\"og:title\" content=\"Feel Complete Lata 547g\/10Ds Essential - Bioflex Nutrition\" \/>\n<meta property=\"og:description\" content=\"Feel Complete \u00a0 Shake nutricionalmente equilibrado, pr\u00e1tico e saboroso. Recomendado para pessoas que buscam os benef\u00edcios de uma refei\u00e7\u00e3o balanceada, com ingredientes selecionados.\" \/>\n<meta property=\"og:url\" content=\"https:\/\/bioflexnutrition.com.br\/en\/product\/feel-complete-lata-547g-10ds-essential\/\" \/>\n<meta property=\"og:site_name\" content=\"Bioflex Nutrition\" \/>\n<meta property=\"article:modified_time\" content=\"2026-03-31T19:50:19+00:00\" \/>\n<meta property=\"og:image\" content=\"https:\/\/bioflexnutrition.com.br\/wp-content\/uploads\/2025\/06\/15348385237-feel-complete-lata-media.jpg\" \/>\n\t<meta property=\"og:image:width\" content=\"1308\" \/>\n\t<meta property=\"og:image:height\" content=\"1636\" \/>\n\t<meta property=\"og:image:type\" content=\"image\/jpeg\" \/>\n<meta name=\"twitter:card\" content=\"summary_large_image\" \/>\n<meta name=\"twitter:label1\" content=\"Est. reading time\" \/>\n\t<meta name=\"twitter:data1\" content=\"3 minutes\" \/>\n<script type=\"application\/ld+json\" class=\"yoast-schema-graph\">{\"@context\":\"https:\\\/\\\/schema.org\",\"@graph\":[{\"@type\":[\"WebPage\",\"ItemPage\"],\"@id\":\"https:\\\/\\\/bioflexnutrition.com.br\\\/produto\\\/feel-complete-lata-547g-10ds-essential\\\/\",\"url\":\"https:\\\/\\\/bioflexnutrition.com.br\\\/produto\\\/feel-complete-lata-547g-10ds-essential\\\/\",\"name\":\"Feel Complete Lata 547g\\\/10Ds Essential - Bioflex Nutrition\",\"isPartOf\":{\"@id\":\"https:\\\/\\\/bioflexnutrition.com.br\\\/#website\"},\"primaryImageOfPage\":{\"@id\":\"https:\\\/\\\/bioflexnutrition.com.br\\\/produto\\\/feel-complete-lata-547g-10ds-essential\\\/#primaryimage\"},\"image\":{\"@id\":\"https:\\\/\\\/bioflexnutrition.com.br\\\/produto\\\/feel-complete-lata-547g-10ds-essential\\\/#primaryimage\"},\"thumbnailUrl\":\"https:\\\/\\\/bioflexnutrition.com.br\\\/wp-content\\\/uploads\\\/2025\\\/06\\\/15348385237-feel-complete-lata-media.jpg\",\"datePublished\":\"2025-06-06T19:09:09+00:00\",\"dateModified\":\"2026-03-31T19:50:19+00:00\",\"breadcrumb\":{\"@id\":\"https:\\\/\\\/bioflexnutrition.com.br\\\/produto\\\/feel-complete-lata-547g-10ds-essential\\\/#breadcrumb\"},\"inLanguage\":\"en-US\",\"potentialAction\":[{\"@type\":\"ReadAction\",\"target\":[\"https:\\\/\\\/bioflexnutrition.com.br\\\/produto\\\/feel-complete-lata-547g-10ds-essential\\\/\"]}]},{\"@type\":\"ImageObject\",\"inLanguage\":\"en-US\",\"@id\":\"https:\\\/\\\/bioflexnutrition.com.br\\\/produto\\\/feel-complete-lata-547g-10ds-essential\\\/#primaryimage\",\"url\":\"https:\\\/\\\/bioflexnutrition.com.br\\\/wp-content\\\/uploads\\\/2025\\\/06\\\/15348385237-feel-complete-lata-media.jpg\",\"contentUrl\":\"https:\\\/\\\/bioflexnutrition.com.br\\\/wp-content\\\/uploads\\\/2025\\\/06\\\/15348385237-feel-complete-lata-media.jpg\",\"width\":1308,\"height\":1636},{\"@type\":\"BreadcrumbList\",\"@id\":\"https:\\\/\\\/bioflexnutrition.com.br\\\/produto\\\/feel-complete-lata-547g-10ds-essential\\\/#breadcrumb\",\"itemListElement\":[{\"@type\":\"ListItem\",\"position\":1,\"name\":\"In\u00edcio\",\"item\":\"https:\\\/\\\/bioflexnutrition.com.br\\\/\"},{\"@type\":\"ListItem\",\"position\":2,\"name\":\"Loja\",\"item\":\"https:\\\/\\\/bioflexnutrition.com.br\\\/todos\\\/\"},{\"@type\":\"ListItem\",\"position\":3,\"name\":\"Feel Complete Lata 547g\\\/10Ds Essential\"}]},{\"@type\":\"WebSite\",\"@id\":\"https:\\\/\\\/bioflexnutrition.com.br\\\/#website\",\"url\":\"https:\\\/\\\/bioflexnutrition.com.br\\\/\",\"name\":\"Bioflex Nutrition\",\"description\":\"Sua loja online de Nutri\u00e7\u00e3o e Sa\u00fade\",\"publisher\":{\"@id\":\"https:\\\/\\\/bioflexnutrition.com.br\\\/#organization\"},\"potentialAction\":[{\"@type\":\"SearchAction\",\"target\":{\"@type\":\"EntryPoint\",\"urlTemplate\":\"https:\\\/\\\/bioflexnutrition.com.br\\\/?s={search_term_string}\"},\"query-input\":{\"@type\":\"PropertyValueSpecification\",\"valueRequired\":true,\"valueName\":\"search_term_string\"}}],\"inLanguage\":\"en-US\"},{\"@type\":\"Organization\",\"@id\":\"https:\\\/\\\/bioflexnutrition.com.br\\\/#organization\",\"name\":\"Bioflex Nutrition\",\"url\":\"https:\\\/\\\/bioflexnutrition.com.br\\\/\",\"logo\":{\"@type\":\"ImageObject\",\"inLanguage\":\"en-US\",\"@id\":\"https:\\\/\\\/bioflexnutrition.com.br\\\/#\\\/schema\\\/logo\\\/image\\\/\",\"url\":\"https:\\\/\\\/bioflexnutrition.com.br\\\/wp-content\\\/uploads\\\/2025\\\/04\\\/fav.webp\",\"contentUrl\":\"https:\\\/\\\/bioflexnutrition.com.br\\\/wp-content\\\/uploads\\\/2025\\\/04\\\/fav.webp\",\"width\":1150,\"height\":1000,\"caption\":\"Bioflex Nutrition\"},\"image\":{\"@id\":\"https:\\\/\\\/bioflexnutrition.com.br\\\/#\\\/schema\\\/logo\\\/image\\\/\"},\"sameAs\":[\"https:\\\/\\\/www.instagram.com\\\/bioflexnh\\\/\"]}]}<\/script>\n<!-- \/ Yoast SEO plugin. -->","yoast_head_json":{"title":"Feel Complete Lata 547g\/10Ds Essential - Bioflex Nutrition","robots":{"index":"index","follow":"follow","max-snippet":"max-snippet:-1","max-image-preview":"max-image-preview:large","max-video-preview":"max-video-preview:-1"},"canonical":"https:\/\/bioflexnutrition.com.br\/en\/product\/feel-complete-lata-547g-10ds-essential\/","og_locale":"en_US","og_type":"article","og_title":"Feel Complete Lata 547g\/10Ds Essential - Bioflex Nutrition","og_description":"Feel Complete \u00a0 Shake nutricionalmente equilibrado, pr\u00e1tico e saboroso. Recomendado para pessoas que buscam os benef\u00edcios de uma refei\u00e7\u00e3o balanceada, com ingredientes selecionados.","og_url":"https:\/\/bioflexnutrition.com.br\/en\/product\/feel-complete-lata-547g-10ds-essential\/","og_site_name":"Bioflex Nutrition","article_modified_time":"2026-03-31T19:50:19+00:00","og_image":[{"width":1308,"height":1636,"url":"https:\/\/bioflexnutrition.com.br\/wp-content\/uploads\/2025\/06\/15348385237-feel-complete-lata-media.jpg","type":"image\/jpeg"}],"twitter_card":"summary_large_image","twitter_misc":{"Est. reading time":"3 minutes"},"schema":{"@context":"https:\/\/schema.org","@graph":[{"@type":["WebPage","ItemPage"],"@id":"https:\/\/bioflexnutrition.com.br\/produto\/feel-complete-lata-547g-10ds-essential\/","url":"https:\/\/bioflexnutrition.com.br\/produto\/feel-complete-lata-547g-10ds-essential\/","name":"Feel Complete Lata 547g\/10Ds Essential - Bioflex Nutrition","isPartOf":{"@id":"https:\/\/bioflexnutrition.com.br\/#website"},"primaryImageOfPage":{"@id":"https:\/\/bioflexnutrition.com.br\/produto\/feel-complete-lata-547g-10ds-essential\/#primaryimage"},"image":{"@id":"https:\/\/bioflexnutrition.com.br\/produto\/feel-complete-lata-547g-10ds-essential\/#primaryimage"},"thumbnailUrl":"https:\/\/bioflexnutrition.com.br\/wp-content\/uploads\/2025\/06\/15348385237-feel-complete-lata-media.jpg","datePublished":"2025-06-06T19:09:09+00:00","dateModified":"2026-03-31T19:50:19+00:00","breadcrumb":{"@id":"https:\/\/bioflexnutrition.com.br\/produto\/feel-complete-lata-547g-10ds-essential\/#breadcrumb"},"inLanguage":"en-US","potentialAction":[{"@type":"ReadAction","target":["https:\/\/bioflexnutrition.com.br\/produto\/feel-complete-lata-547g-10ds-essential\/"]}]},{"@type":"ImageObject","inLanguage":"en-US","@id":"https:\/\/bioflexnutrition.com.br\/produto\/feel-complete-lata-547g-10ds-essential\/#primaryimage","url":"https:\/\/bioflexnutrition.com.br\/wp-content\/uploads\/2025\/06\/15348385237-feel-complete-lata-media.jpg","contentUrl":"https:\/\/bioflexnutrition.com.br\/wp-content\/uploads\/2025\/06\/15348385237-feel-complete-lata-media.jpg","width":1308,"height":1636},{"@type":"BreadcrumbList","@id":"https:\/\/bioflexnutrition.com.br\/produto\/feel-complete-lata-547g-10ds-essential\/#breadcrumb","itemListElement":[{"@type":"ListItem","position":1,"name":"In\u00edcio","item":"https:\/\/bioflexnutrition.com.br\/"},{"@type":"ListItem","position":2,"name":"Loja","item":"https:\/\/bioflexnutrition.com.br\/todos\/"},{"@type":"ListItem","position":3,"name":"Feel Complete Lata 547g\/10Ds Essential"}]},{"@type":"WebSite","@id":"https:\/\/bioflexnutrition.com.br\/#website","url":"https:\/\/bioflexnutrition.com.br\/","name":"Bioflex Nutrition","description":"Sua loja online de Nutri\u00e7\u00e3o e Sa\u00fade","publisher":{"@id":"https:\/\/bioflexnutrition.com.br\/#organization"},"potentialAction":[{"@type":"SearchAction","target":{"@type":"EntryPoint","urlTemplate":"https:\/\/bioflexnutrition.com.br\/?s={search_term_string}"},"query-input":{"@type":"PropertyValueSpecification","valueRequired":true,"valueName":"search_term_string"}}],"inLanguage":"en-US"},{"@type":"Organization","@id":"https:\/\/bioflexnutrition.com.br\/#organization","name":"Bioflex Nutrition","url":"https:\/\/bioflexnutrition.com.br\/","logo":{"@type":"ImageObject","inLanguage":"en-US","@id":"https:\/\/bioflexnutrition.com.br\/#\/schema\/logo\/image\/","url":"https:\/\/bioflexnutrition.com.br\/wp-content\/uploads\/2025\/04\/fav.webp","contentUrl":"https:\/\/bioflexnutrition.com.br\/wp-content\/uploads\/2025\/04\/fav.webp","width":1150,"height":1000,"caption":"Bioflex Nutrition"},"image":{"@id":"https:\/\/bioflexnutrition.com.br\/#\/schema\/logo\/image\/"},"sameAs":["https:\/\/www.instagram.com\/bioflexnh\/"]}]}},"_links":{"self":[{"href":"https:\/\/bioflexnutrition.com.br\/en\/wp-json\/wp\/v2\/product\/6874","targetHints":{"allow":["GET"]}}],"collection":[{"href":"https:\/\/bioflexnutrition.com.br\/en\/wp-json\/wp\/v2\/product"}],"about":[{"href":"https:\/\/bioflexnutrition.com.br\/en\/wp-json\/wp\/v2\/types\/product"}],"replies":[{"embeddable":true,"href":"https:\/\/bioflexnutrition.com.br\/en\/wp-json\/wp\/v2\/comments?post=6874"}],"wp:featuredmedia":[{"embeddable":true,"href":"https:\/\/bioflexnutrition.com.br\/en\/wp-json\/wp\/v2\/media\/6870"}],"wp:attachment":[{"href":"https:\/\/bioflexnutrition.com.br\/en\/wp-json\/wp\/v2\/media?parent=6874"}],"wp:term":[{"taxonomy":"product_cat","embeddable":true,"href":"https:\/\/bioflexnutrition.com.br\/en\/wp-json\/wp\/v2\/product_cat?post=6874"},{"taxonomy":"product_tag","embeddable":true,"href":"https:\/\/bioflexnutrition.com.br\/en\/wp-json\/wp\/v2\/product_tag?post=6874"}],"curies":[{"name":"wp","href":"https:\/\/api.w.org\/{rel}","templated":true}]}}