{"id":6879,"date":"2025-06-06T16:09:29","date_gmt":"2025-06-06T19:09:29","guid":{"rendered":"https:\/\/bioflexnutrition.com.br\/produto\/immuno-veggie-protein-pro-glutathione-chocolate-lata-5124g-14ds-essential\/"},"modified":"2026-03-31T18:05:48","modified_gmt":"2026-03-31T21:05:48","slug":"immuno-veggie-protein-pro-glutathione-chocolate-lata-5124g-14ds-essential","status":"publish","type":"product","link":"https:\/\/bioflexnutrition.com.br\/en\/product\/immuno-veggie-protein-pro-glutathione-chocolate-lata-5124g-14ds-essential\/","title":{"rendered":"Immuno Veggie Protein Pro-Glutathione Chocolate Lata 512,4g\/14Ds Essential"},"content":{"rendered":"<h2>IMMUNO VEGGIE<\/h2>\n<p>Immuno Veggie \u2013 Pro\u2011Glutathione \u00e9 uma op\u00e7\u00e3o 100% vegana de prote\u00edna vegetal, com blend de arroz org\u00e2nico, ervilha e girassol, enriquecido com amino\u00e1cidos precursores de glutationa, betaglucana de levedura, vitaminas, minerais, cacau puro e \u00f3leo de abacate. Ideal para dietas plant-based e intolerantes a l\u00e1cteos.<\/p>\n<h2>CONT\u00c9M<\/h2>\n<ul>\n<li>Blend de prote\u00ednas vegetais (arroz org\u00e2nico, ervilha e girassol)<\/li>\n<li>Amino\u00e1cidos precursores de glutationa: ciste\u00edna, glicina e glutamina<\/li>\n<li>Betaglucana de levedura (\u03b2\u20111,3\/1,6\u2011glucan)<\/li>\n<li>Vitamina D3 vegana (2\u202f000\u202fUI) e Vitamina B12 (9,9\u202f\u00b5g)<\/li>\n<li>Mix de 13 vitaminas e 9 minerais cofatores na s\u00edntese de glutationa (B2, C, E, Magn\u00e9sio e Sel\u00eanio)<\/li>\n<li>Fontes de boas gorduras: \u00f3leo de abacate e leite de coco (\u00f4megas\u202f3,\u202f6 e\u202f9)<\/li>\n<li>Cacau puro<\/li>\n<li>Edulcorante natural: est\u00e9via<\/li>\n<\/ul>\n<h2>N\u00c3O CONT\u00c9M<\/h2>\n<ul>\n<li>Case\u00edna<\/li>\n<li>A\u00e7\u00facar<\/li>\n<li>Gl\u00faten e lactose<\/li>\n<li>Conservantes<\/li>\n<li>Ado\u00e7antes, aromas e corantes artificiais<\/li>\n<\/ul>\n<h2>PARA QUEM \u00c9<\/h2>\n<p>Indicado para veganos, vegetarianos e pessoas com intoler\u00e2ncia a l\u00e1cteos que buscam um aporte proteico vegetal de alta qualidade, com suporte antioxidante e imune.<\/p>\n<h2>INFORMA\u00c7\u00c3O NUTRICIONAL<\/h2>\n<p>Confira sempre a lista de ingredientes em ordem decrescente. Produtos Essential Enhanced Formulas s\u00e3o livres de calorias vazias e feitos com ingredientes naturais.<\/p>\n<h2>TABELA NUTRICIONAL<\/h2>\n<table>\n<thead>\n<tr>\n<th>Por\u00e7\u00f5es por embalagem<\/th>\n<td>14 (512,4\u202fg)<\/td>\n<\/tr>\n<tr>\n<th>Por\u00e7\u00e3o<\/th>\n<td>36,6\u202fg (1 colher\u2011medida)<\/td>\n<\/tr>\n<\/thead>\n<tbody>\n<tr>\n<th>Valor energ\u00e9tico<\/th>\n<td>127\u202fkcal\u00a06%<\/td>\n<\/tr>\n<tr>\n<th>Carboidratos<\/th>\n<td>3,3\u202fg\u00a01%<\/td>\n<\/tr>\n<tr>\n<th>Prote\u00ednas<\/th>\n<td>22\u202fg\u00a044%<\/td>\n<\/tr>\n<tr>\n<th>Gorduras totais<\/th>\n<td>3,0\u202fg\u00a05%<\/td>\n<\/tr>\n<tr>\n<th>Fibras alimentares<\/th>\n<td>2,8\u202fg\u00a011%<\/td>\n<\/tr>\n<tr>\n<th>S\u00f3dio<\/th>\n<td>127\u202fmg\u00a05%<\/td>\n<\/tr>\n<tr>\n<th>Vitamina\u202fA<\/th>\n<td>302\u202f\u00b5g\u00a050%<\/td>\n<\/tr>\n<tr>\n<th>Vitamina\u202fB2<\/th>\n<td>0,41\u202fmg\u00a032%<\/td>\n<\/tr>\n<tr>\n<th>Vitamina\u202fB12<\/th>\n<td>9,9\u202f\u00b5g\u00a0413%<\/td>\n<\/tr>\n<tr>\n<th>Vitamina\u202fC<\/th>\n<td>270\u202fmg\u00a0600%<\/td>\n<\/tr>\n<tr>\n<th>Vitamina\u202fD<\/th>\n<td>50\u202f\u00b5g\u00a01000%<\/td>\n<\/tr>\n<tr>\n<th>Vitamina\u202fE<\/th>\n<td>50\u202fmg\u00a0500%<\/td>\n<\/tr>\n<tr>\n<th>C\u00e1lcio<\/th>\n<td>209\u202fmg\u00a021%<\/td>\n<\/tr>\n<tr>\n<th>Ferro<\/th>\n<td>4,9\u202fmg\u00a035%<\/td>\n<\/tr>\n<tr>\n<th>Magn\u00e9sio<\/th>\n<td>96\u202fmg\u00a037%<\/td>\n<\/tr>\n<tr>\n<th>Sel\u00eanio<\/th>\n<td>25\u202f\u00b5g\u00a074%<\/td>\n<\/tr>\n<\/tbody>\n<\/table>\n<p>*% Valores di\u00e1rios por por\u00e7\u00e3o (36,6\u202fg).<\/p>\n<h2>INGREDIENTES<\/h2>\n<p>Prote\u00edna de arroz hidrolisada (org\u00e2nica), prote\u00edna de ervilha, prote\u00edna de girassol, cacau alcalino, blend de vitaminas e minerais (bisglicinato de c\u00e1lcio, ascorbato de magn\u00e9sio, mix de tocofer\u00f3is, bisglicinato de magn\u00e9sio, bisglicinato de zinco, cloridrato de piridoxina, bisglicinato ferroso, colecalciferol vegano, nicotinamida, bisglicinato de mangan\u00eas, selenometionina, bisglicinato de cobre, betacaroteno, D\u2011pantotenato de c\u00e1lcio, menaquinona\u20117, molibdato de s\u00f3dio, cloridrato de tiamina, riboflavina, acetato de retinol, picolinato de cromo, \u00e1cido f\u00f3lico, L\u2011metilfolato de c\u00e1lcio, fitomenadiona, D\u2011biotina, hidroxocobalamina, metilcobalamina), leite de coco, glicina, L\u2011glutamina, \u00f3leo de abacate, taurina, L\u2011ciste\u00edna, betaglucana de levedura, goma guar, aromas naturais de chocolate, estabilizante goma xantana e edulcorante glicos\u00eddeos de esteviol.<\/p>\n<p><strong>N\u00e3o cont\u00e9m<\/strong> gl\u00faten.<br \/><strong>Pode conter<\/strong> tra\u00e7os de leite.<\/p>\n<h2>MODO DE PREPARO<\/h2>\n<p>Adicione 36,6\u202fg (1 colher\u2011medida) em aproximadamente 250\u202fml de \u00e1gua, misture at\u00e9 homogeneizar e beba imediatamente. Uso di\u00e1rio ou conforme orienta\u00e7\u00e3o de m\u00e9dico ou nutricionista.<\/p>","protected":false},"excerpt":{"rendered":"<p>Blend de prote\u00ednas vegetais (arroz, ervilha e girassol) com adi\u00e7\u00e3o extra de amino\u00e1cidos e um complexo de nutrientes envolvidos no funcionamento do sistema imune.<\/p>","protected":false},"featured_media":6875,"comment_status":"open","ping_status":"closed","template":"","meta":{"_joinchat":[]},"product_cat":[248,160,199,284,157,164,169,170,198,273,266,230,280],"product_tag":[],"class_list":{"0":"post-6879","1":"product","2":"type-product","3":"status-publish","4":"has-post-thumbnail","6":"product_cat-categorias-e","7":"product_cat-essential","8":"product_cat-frete-gratis","9":"product_cat-imunidade","10":"product_cat-marcas","11":"product_cat-objetivos-especificos","12":"product_cat-para-emagrecimento","13":"product_cat-para-ganho-de-massa","14":"product_cat-promocoes","15":"product_cat-proteina-vegana-proteinas-categorias-ecommerce","16":"product_cat-proteinas-categorias-ecommerce","17":"product_cat-saude-e-bem-estar","18":"product_cat-vitaminas","20":"first","21":"instock","22":"shipping-taxable","23":"purchasable","24":"product-type-simple","25":"col-xs-6 col-sm-4","26":"col-md-3 col-lg-3","27":"un-4-cols"},"yoast_head":"<!-- This site is optimized with the Yoast SEO plugin v27.3 - https:\/\/yoast.com\/product\/yoast-seo-wordpress\/ -->\n<title>Immuno Veggie Protein Pro-Glutathione Chocolate Lata 512,4g\/14Ds Essential - Bioflex Nutrition<\/title>\n<meta name=\"robots\" content=\"index, follow, max-snippet:-1, max-image-preview:large, max-video-preview:-1\" \/>\n<link rel=\"canonical\" href=\"https:\/\/bioflexnutrition.com.br\/en\/product\/immuno-veggie-protein-pro-glutathione-chocolate-lata-5124g-14ds-essential\/\" \/>\n<meta property=\"og:locale\" content=\"en_US\" \/>\n<meta property=\"og:type\" content=\"article\" \/>\n<meta property=\"og:title\" content=\"Immuno Veggie Protein Pro-Glutathione Chocolate Lata 512,4g\/14Ds Essential - Bioflex Nutrition\" \/>\n<meta property=\"og:description\" content=\"Blend de prote\u00ednas vegetais (arroz, ervilha e girassol) com adi\u00e7\u00e3o extra de amino\u00e1cidos e um complexo de nutrientes envolvidos no funcionamento do sistema imune.\" \/>\n<meta property=\"og:url\" content=\"https:\/\/bioflexnutrition.com.br\/en\/product\/immuno-veggie-protein-pro-glutathione-chocolate-lata-5124g-14ds-essential\/\" \/>\n<meta property=\"og:site_name\" content=\"Bioflex Nutrition\" \/>\n<meta property=\"article:modified_time\" content=\"2026-03-31T21:05:48+00:00\" \/>\n<meta property=\"og:image\" content=\"https:\/\/bioflexnutrition.com.br\/wp-content\/uploads\/2025\/06\/15348385461-immuno-veggie-lata-media.jpg\" \/>\n\t<meta property=\"og:image:width\" content=\"1308\" \/>\n\t<meta property=\"og:image:height\" content=\"1636\" \/>\n\t<meta property=\"og:image:type\" content=\"image\/jpeg\" \/>\n<meta name=\"twitter:card\" content=\"summary_large_image\" \/>\n<meta name=\"twitter:label1\" content=\"Est. reading time\" \/>\n\t<meta name=\"twitter:data1\" content=\"3 minutes\" \/>\n<script type=\"application\/ld+json\" class=\"yoast-schema-graph\">{\"@context\":\"https:\\\/\\\/schema.org\",\"@graph\":[{\"@type\":[\"WebPage\",\"ItemPage\"],\"@id\":\"https:\\\/\\\/bioflexnutrition.com.br\\\/produto\\\/immuno-veggie-protein-pro-glutathione-chocolate-lata-5124g-14ds-essential\\\/\",\"url\":\"https:\\\/\\\/bioflexnutrition.com.br\\\/produto\\\/immuno-veggie-protein-pro-glutathione-chocolate-lata-5124g-14ds-essential\\\/\",\"name\":\"Immuno Veggie Protein Pro-Glutathione Chocolate Lata 512,4g\\\/14Ds Essential - Bioflex Nutrition\",\"isPartOf\":{\"@id\":\"https:\\\/\\\/bioflexnutrition.com.br\\\/#website\"},\"primaryImageOfPage\":{\"@id\":\"https:\\\/\\\/bioflexnutrition.com.br\\\/produto\\\/immuno-veggie-protein-pro-glutathione-chocolate-lata-5124g-14ds-essential\\\/#primaryimage\"},\"image\":{\"@id\":\"https:\\\/\\\/bioflexnutrition.com.br\\\/produto\\\/immuno-veggie-protein-pro-glutathione-chocolate-lata-5124g-14ds-essential\\\/#primaryimage\"},\"thumbnailUrl\":\"https:\\\/\\\/bioflexnutrition.com.br\\\/wp-content\\\/uploads\\\/2025\\\/06\\\/15348385461-immuno-veggie-lata-media.jpg\",\"datePublished\":\"2025-06-06T19:09:29+00:00\",\"dateModified\":\"2026-03-31T21:05:48+00:00\",\"breadcrumb\":{\"@id\":\"https:\\\/\\\/bioflexnutrition.com.br\\\/produto\\\/immuno-veggie-protein-pro-glutathione-chocolate-lata-5124g-14ds-essential\\\/#breadcrumb\"},\"inLanguage\":\"en-US\",\"potentialAction\":[{\"@type\":\"ReadAction\",\"target\":[\"https:\\\/\\\/bioflexnutrition.com.br\\\/produto\\\/immuno-veggie-protein-pro-glutathione-chocolate-lata-5124g-14ds-essential\\\/\"]}]},{\"@type\":\"ImageObject\",\"inLanguage\":\"en-US\",\"@id\":\"https:\\\/\\\/bioflexnutrition.com.br\\\/produto\\\/immuno-veggie-protein-pro-glutathione-chocolate-lata-5124g-14ds-essential\\\/#primaryimage\",\"url\":\"https:\\\/\\\/bioflexnutrition.com.br\\\/wp-content\\\/uploads\\\/2025\\\/06\\\/15348385461-immuno-veggie-lata-media.jpg\",\"contentUrl\":\"https:\\\/\\\/bioflexnutrition.com.br\\\/wp-content\\\/uploads\\\/2025\\\/06\\\/15348385461-immuno-veggie-lata-media.jpg\",\"width\":1308,\"height\":1636},{\"@type\":\"BreadcrumbList\",\"@id\":\"https:\\\/\\\/bioflexnutrition.com.br\\\/produto\\\/immuno-veggie-protein-pro-glutathione-chocolate-lata-5124g-14ds-essential\\\/#breadcrumb\",\"itemListElement\":[{\"@type\":\"ListItem\",\"position\":1,\"name\":\"In\u00edcio\",\"item\":\"https:\\\/\\\/bioflexnutrition.com.br\\\/\"},{\"@type\":\"ListItem\",\"position\":2,\"name\":\"Loja\",\"item\":\"https:\\\/\\\/bioflexnutrition.com.br\\\/todos\\\/\"},{\"@type\":\"ListItem\",\"position\":3,\"name\":\"Immuno Veggie Protein Pro-Glutathione Chocolate Lata 512,4g\\\/14Ds Essential\"}]},{\"@type\":\"WebSite\",\"@id\":\"https:\\\/\\\/bioflexnutrition.com.br\\\/#website\",\"url\":\"https:\\\/\\\/bioflexnutrition.com.br\\\/\",\"name\":\"Bioflex Nutrition\",\"description\":\"Sua loja online de Nutri\u00e7\u00e3o e Sa\u00fade\",\"publisher\":{\"@id\":\"https:\\\/\\\/bioflexnutrition.com.br\\\/#organization\"},\"potentialAction\":[{\"@type\":\"SearchAction\",\"target\":{\"@type\":\"EntryPoint\",\"urlTemplate\":\"https:\\\/\\\/bioflexnutrition.com.br\\\/?s={search_term_string}\"},\"query-input\":{\"@type\":\"PropertyValueSpecification\",\"valueRequired\":true,\"valueName\":\"search_term_string\"}}],\"inLanguage\":\"en-US\"},{\"@type\":\"Organization\",\"@id\":\"https:\\\/\\\/bioflexnutrition.com.br\\\/#organization\",\"name\":\"Bioflex Nutrition\",\"url\":\"https:\\\/\\\/bioflexnutrition.com.br\\\/\",\"logo\":{\"@type\":\"ImageObject\",\"inLanguage\":\"en-US\",\"@id\":\"https:\\\/\\\/bioflexnutrition.com.br\\\/#\\\/schema\\\/logo\\\/image\\\/\",\"url\":\"https:\\\/\\\/bioflexnutrition.com.br\\\/wp-content\\\/uploads\\\/2025\\\/04\\\/fav.webp\",\"contentUrl\":\"https:\\\/\\\/bioflexnutrition.com.br\\\/wp-content\\\/uploads\\\/2025\\\/04\\\/fav.webp\",\"width\":1150,\"height\":1000,\"caption\":\"Bioflex Nutrition\"},\"image\":{\"@id\":\"https:\\\/\\\/bioflexnutrition.com.br\\\/#\\\/schema\\\/logo\\\/image\\\/\"},\"sameAs\":[\"https:\\\/\\\/www.instagram.com\\\/bioflexnh\\\/\"]}]}<\/script>\n<!-- \/ Yoast SEO plugin. -->","yoast_head_json":{"title":"Immuno Veggie Protein Pro-Glutathione Chocolate Lata 512,4g\/14Ds Essential - Bioflex Nutrition","robots":{"index":"index","follow":"follow","max-snippet":"max-snippet:-1","max-image-preview":"max-image-preview:large","max-video-preview":"max-video-preview:-1"},"canonical":"https:\/\/bioflexnutrition.com.br\/en\/product\/immuno-veggie-protein-pro-glutathione-chocolate-lata-5124g-14ds-essential\/","og_locale":"en_US","og_type":"article","og_title":"Immuno Veggie Protein Pro-Glutathione Chocolate Lata 512,4g\/14Ds Essential - Bioflex Nutrition","og_description":"Blend de prote\u00ednas vegetais (arroz, ervilha e girassol) com adi\u00e7\u00e3o extra de amino\u00e1cidos e um complexo de nutrientes envolvidos no funcionamento do sistema imune.","og_url":"https:\/\/bioflexnutrition.com.br\/en\/product\/immuno-veggie-protein-pro-glutathione-chocolate-lata-5124g-14ds-essential\/","og_site_name":"Bioflex Nutrition","article_modified_time":"2026-03-31T21:05:48+00:00","og_image":[{"width":1308,"height":1636,"url":"https:\/\/bioflexnutrition.com.br\/wp-content\/uploads\/2025\/06\/15348385461-immuno-veggie-lata-media.jpg","type":"image\/jpeg"}],"twitter_card":"summary_large_image","twitter_misc":{"Est. reading time":"3 minutes"},"schema":{"@context":"https:\/\/schema.org","@graph":[{"@type":["WebPage","ItemPage"],"@id":"https:\/\/bioflexnutrition.com.br\/produto\/immuno-veggie-protein-pro-glutathione-chocolate-lata-5124g-14ds-essential\/","url":"https:\/\/bioflexnutrition.com.br\/produto\/immuno-veggie-protein-pro-glutathione-chocolate-lata-5124g-14ds-essential\/","name":"Immuno Veggie Protein Pro-Glutathione Chocolate Lata 512,4g\/14Ds Essential - Bioflex Nutrition","isPartOf":{"@id":"https:\/\/bioflexnutrition.com.br\/#website"},"primaryImageOfPage":{"@id":"https:\/\/bioflexnutrition.com.br\/produto\/immuno-veggie-protein-pro-glutathione-chocolate-lata-5124g-14ds-essential\/#primaryimage"},"image":{"@id":"https:\/\/bioflexnutrition.com.br\/produto\/immuno-veggie-protein-pro-glutathione-chocolate-lata-5124g-14ds-essential\/#primaryimage"},"thumbnailUrl":"https:\/\/bioflexnutrition.com.br\/wp-content\/uploads\/2025\/06\/15348385461-immuno-veggie-lata-media.jpg","datePublished":"2025-06-06T19:09:29+00:00","dateModified":"2026-03-31T21:05:48+00:00","breadcrumb":{"@id":"https:\/\/bioflexnutrition.com.br\/produto\/immuno-veggie-protein-pro-glutathione-chocolate-lata-5124g-14ds-essential\/#breadcrumb"},"inLanguage":"en-US","potentialAction":[{"@type":"ReadAction","target":["https:\/\/bioflexnutrition.com.br\/produto\/immuno-veggie-protein-pro-glutathione-chocolate-lata-5124g-14ds-essential\/"]}]},{"@type":"ImageObject","inLanguage":"en-US","@id":"https:\/\/bioflexnutrition.com.br\/produto\/immuno-veggie-protein-pro-glutathione-chocolate-lata-5124g-14ds-essential\/#primaryimage","url":"https:\/\/bioflexnutrition.com.br\/wp-content\/uploads\/2025\/06\/15348385461-immuno-veggie-lata-media.jpg","contentUrl":"https:\/\/bioflexnutrition.com.br\/wp-content\/uploads\/2025\/06\/15348385461-immuno-veggie-lata-media.jpg","width":1308,"height":1636},{"@type":"BreadcrumbList","@id":"https:\/\/bioflexnutrition.com.br\/produto\/immuno-veggie-protein-pro-glutathione-chocolate-lata-5124g-14ds-essential\/#breadcrumb","itemListElement":[{"@type":"ListItem","position":1,"name":"In\u00edcio","item":"https:\/\/bioflexnutrition.com.br\/"},{"@type":"ListItem","position":2,"name":"Loja","item":"https:\/\/bioflexnutrition.com.br\/todos\/"},{"@type":"ListItem","position":3,"name":"Immuno Veggie Protein Pro-Glutathione Chocolate Lata 512,4g\/14Ds Essential"}]},{"@type":"WebSite","@id":"https:\/\/bioflexnutrition.com.br\/#website","url":"https:\/\/bioflexnutrition.com.br\/","name":"Bioflex Nutrition","description":"Sua loja online de Nutri\u00e7\u00e3o e Sa\u00fade","publisher":{"@id":"https:\/\/bioflexnutrition.com.br\/#organization"},"potentialAction":[{"@type":"SearchAction","target":{"@type":"EntryPoint","urlTemplate":"https:\/\/bioflexnutrition.com.br\/?s={search_term_string}"},"query-input":{"@type":"PropertyValueSpecification","valueRequired":true,"valueName":"search_term_string"}}],"inLanguage":"en-US"},{"@type":"Organization","@id":"https:\/\/bioflexnutrition.com.br\/#organization","name":"Bioflex Nutrition","url":"https:\/\/bioflexnutrition.com.br\/","logo":{"@type":"ImageObject","inLanguage":"en-US","@id":"https:\/\/bioflexnutrition.com.br\/#\/schema\/logo\/image\/","url":"https:\/\/bioflexnutrition.com.br\/wp-content\/uploads\/2025\/04\/fav.webp","contentUrl":"https:\/\/bioflexnutrition.com.br\/wp-content\/uploads\/2025\/04\/fav.webp","width":1150,"height":1000,"caption":"Bioflex Nutrition"},"image":{"@id":"https:\/\/bioflexnutrition.com.br\/#\/schema\/logo\/image\/"},"sameAs":["https:\/\/www.instagram.com\/bioflexnh\/"]}]}},"_links":{"self":[{"href":"https:\/\/bioflexnutrition.com.br\/en\/wp-json\/wp\/v2\/product\/6879","targetHints":{"allow":["GET"]}}],"collection":[{"href":"https:\/\/bioflexnutrition.com.br\/en\/wp-json\/wp\/v2\/product"}],"about":[{"href":"https:\/\/bioflexnutrition.com.br\/en\/wp-json\/wp\/v2\/types\/product"}],"replies":[{"embeddable":true,"href":"https:\/\/bioflexnutrition.com.br\/en\/wp-json\/wp\/v2\/comments?post=6879"}],"wp:featuredmedia":[{"embeddable":true,"href":"https:\/\/bioflexnutrition.com.br\/en\/wp-json\/wp\/v2\/media\/6875"}],"wp:attachment":[{"href":"https:\/\/bioflexnutrition.com.br\/en\/wp-json\/wp\/v2\/media?parent=6879"}],"wp:term":[{"taxonomy":"product_cat","embeddable":true,"href":"https:\/\/bioflexnutrition.com.br\/en\/wp-json\/wp\/v2\/product_cat?post=6879"},{"taxonomy":"product_tag","embeddable":true,"href":"https:\/\/bioflexnutrition.com.br\/en\/wp-json\/wp\/v2\/product_tag?post=6879"}],"curies":[{"name":"wp","href":"https:\/\/api.w.org\/{rel}","templated":true}]}}