{"id":6889,"date":"2025-06-06T16:10:11","date_gmt":"2025-06-06T19:10:11","guid":{"rendered":"https:\/\/bioflexnutrition.com.br\/produto\/immuno-whey-pro-glutathione-baunilha-lata-375g-15ds-essential\/"},"modified":"2026-04-13T12:54:41","modified_gmt":"2026-04-13T15:54:41","slug":"immuno-whey-pro-glutathione-baunilha-lata-375g-15ds-essential","status":"publish","type":"product","link":"https:\/\/bioflexnutrition.com.br\/en\/product\/immuno-whey-pro-glutathione-baunilha-lata-375g-15ds-essential\/","title":{"rendered":"Immuno Whey Pro Glutathione Baunilha Lata 375g\/15Ds Essential"},"content":{"rendered":"<h2>IMMUNO WHEY BAUNILHA<\/h2>\n<p>Ao Whey Protein Isolado e Hidrolisado, adicionamos os amino\u00e1cidos ciste\u00edna, glicina e glutamina \u2014 precursores da glutationa \u2014, al\u00e9m de vitaminas e minerais cofatores nesse processo, taurina, vitamina\u202fC, mix de tocofer\u00f3is e betaglucana de levedura (\u03b2\u20111,3\/1,6\u2011glucan), potencializando o poder antioxidante da f\u00f3rmula.<\/p>\n<h2>CONT\u00c9M<\/h2>\n<ul>\n<li>Whey Protein Hidrolisado e Isolado (Thermax\u00ae\u202f690 e Provon\u00ae\u202f292)<\/li>\n<li>Amino\u00e1cidos precursores de glutationa (ciste\u00edna, glicina e glutamina)<\/li>\n<li>Vitaminas e minerais cofatores na s\u00edntese de glutationa<\/li>\n<li>Taurina<\/li>\n<li>Purified \u03b2\u20111,3\/1,6\u2011glucan (betaglucana de levedura)<\/li>\n<li>Aroma natural de baunilha<\/li>\n<li>Edulcorante natural: est\u00e9via<\/li>\n<\/ul>\n<h2>N\u00c3O CONT\u00c9M<\/h2>\n<ul>\n<li>Prote\u00ednas concentradas<\/li>\n<li>Case\u00edna<\/li>\n<li>A\u00e7\u00facar<\/li>\n<li>Gl\u00faten e lactose<\/li>\n<li>Conservantes<\/li>\n<li>Ado\u00e7antes, aromas e corantes artificiais<\/li>\n<\/ul>\n<h2>INFORMA\u00c7\u00c3O NUTRICIONAL<\/h2>\n<p>Confira sempre a lista de ingredientes em ordem decrescente. Produtos Essential s\u00e3o livres de calorias vazias e feitos com ingredientes naturais.<\/p>\n<h2>TABELA NUTRICIONAL<\/h2>\n<table>\n<thead>\n<tr>\n<th>Por\u00e7\u00f5es por embalagem<\/th>\n<td>15 (375\u202fg)<\/td>\n<\/tr>\n<tr>\n<th>Por\u00e7\u00e3o<\/th>\n<td>25\u202fg (1 colher\u2011medida)<\/td>\n<\/tr>\n<\/thead>\n<tbody>\n<tr>\n<th>Valor energ\u00e9tico<\/th>\n<td>88\u202fkcal\u00a04%<\/td>\n<\/tr>\n<tr>\n<th>Carboidratos<\/th>\n<td>0\u202fg\u00a00%<\/td>\n<\/tr>\n<tr>\n<th>A\u00e7\u00facares totais<\/th>\n<td>0\u202fg<\/td>\n<\/tr>\n<tr>\n<th>A\u00e7\u00facares adicionados<\/th>\n<td>0\u202fg\u00a00%<\/td>\n<\/tr>\n<tr>\n<th>Poli\u00f3is totais<\/th>\n<td>0\u202fg<\/td>\n<\/tr>\n<tr>\n<th>Prote\u00ednas<\/th>\n<td>22\u202fg\u00a044%<\/td>\n<\/tr>\n<tr>\n<th>Glutamina<\/th>\n<td>1000\u202fmg<\/td>\n<\/tr>\n<tr>\n<th>Glicina<\/th>\n<td>2070\u202fmg<\/td>\n<\/tr>\n<tr>\n<th>Ciste\u00edna<\/th>\n<td>700\u202fmg<\/td>\n<\/tr>\n<tr>\n<th>Gorduras totais<\/th>\n<td>0\u202fg\u00a00%<\/td>\n<\/tr>\n<tr>\n<th>Gorduras saturadas<\/th>\n<td>0\u202fg\u00a00%<\/td>\n<\/tr>\n<tr>\n<th>Gorduras trans<\/th>\n<td>0\u202fg\u00a00%<\/td>\n<\/tr>\n<tr>\n<th>Fibras alimentares<\/th>\n<td>0\u202fg\u00a00%<\/td>\n<\/tr>\n<tr>\n<th>S\u00f3dio<\/th>\n<td>100\u202fmg\u00a05%<\/td>\n<\/tr>\n<tr>\n<th>Vitamina\u202fE<\/th>\n<td>50\u202fmg\u00a0333%<\/td>\n<\/tr>\n<tr>\n<th>Vitamina\u202fC<\/th>\n<td>270\u202fmg\u00a0270%<\/td>\n<\/tr>\n<tr>\n<th>Vitamina\u202fB2<\/th>\n<td>2,7\u202fmg\u00a0225%<\/td>\n<\/tr>\n<tr>\n<th>C\u00e1lcio<\/th>\n<td>85\u202fmg\u00a09%<\/td>\n<\/tr>\n<tr>\n<th>F\u00f3sforo<\/th>\n<td>46\u202fmg\u00a07%<\/td>\n<\/tr>\n<tr>\n<th>Magn\u00e9sio<\/th>\n<td>92\u202fmg\u00a022%<\/td>\n<\/tr>\n<tr>\n<th>Sel\u00eanio<\/th>\n<td>25\u202f\u00b5g\u00a042%<\/td>\n<\/tr>\n<tr>\n<th>Taurina<\/th>\n<td>820\u202fmg<\/td>\n<\/tr>\n<tr>\n<th>Betaglucana de levedura<\/th>\n<td>300\u202fmg<\/td>\n<\/tr>\n<\/tbody>\n<\/table>\n<p>*% Valores di\u00e1rios por por\u00e7\u00e3o (25\u202fg).<\/p>\n<h2>INGREDIENTES<\/h2>\n<p>Prote\u00ednas hidrolisada e isolada do soro de leite (Thermax\u00ae\u202f690 e Provon\u00ae\u202f292), glicina, L\u2011glutamina, taurina, L\u2011ciste\u00edna, betaglucana de levedura (Saccharomyces cerevisiae), ascorbato de magn\u00e9sio, mix de tocofer\u00f3is, bisglicinato de magn\u00e9sio, riboflavina-5-fosfato, L\u2011selenometionina, aroma natural de baunilha, espessante goma xantana e edulcorante glicos\u00eddeos de esteviol (est\u00e9via).<\/p>\n<p><strong>N\u00e3o cont\u00e9m<\/strong> gl\u00faten.<br \/><strong>Al\u00e9rgicos:<\/strong> cont\u00e9m derivados de leite e soja (lecitina ~0,1\u202fg\/por\u00e7\u00e3o).<\/p>\n<h2>MODO DE PREPARO<\/h2>\n<p>Adicione 25\u202fg (1 colher\u2011medida) em aproximadamente 200\u202fml de \u00e1gua e misture at\u00e9 homogeneizar. Beba imediatamente. Uso di\u00e1rio ou conforme orienta\u00e7\u00e3o de m\u00e9dico ou nutricionista.<\/p>","protected":false},"excerpt":{"rendered":"<p>Whey Protein hidrolisado e isolado com adi\u00e7\u00e3o extra de amino\u00e1cidos espec\u00edficos e nutrientes envolvidos no funcionamento do sistema imune.<\/p>","protected":false},"featured_media":6885,"comment_status":"open","ping_status":"closed","template":"","meta":{"_joinchat":[]},"product_cat":[248,160,199,284,157,164,169,170,198,272,266,230,280],"product_tag":[],"class_list":{"0":"post-6889","1":"product","2":"type-product","3":"status-publish","4":"has-post-thumbnail","6":"product_cat-categorias-e","7":"product_cat-essential","8":"product_cat-frete-gratis","9":"product_cat-imunidade","10":"product_cat-marcas","11":"product_cat-objetivos-especificos","12":"product_cat-para-emagrecimento","13":"product_cat-para-ganho-de-massa","14":"product_cat-promocoes","15":"product_cat-proteina-isolada-hidrolisada-whey","16":"product_cat-proteinas-categorias-ecommerce","17":"product_cat-saude-e-bem-estar","18":"product_cat-vitaminas","20":"first","21":"instock","22":"shipping-taxable","23":"purchasable","24":"product-type-simple","25":"col-xs-6 col-sm-4","26":"col-md-3 col-lg-3","27":"un-4-cols"},"yoast_head":"<!-- This site is optimized with the Yoast SEO plugin v27.3 - https:\/\/yoast.com\/product\/yoast-seo-wordpress\/ -->\n<title>Immuno Whey Pro Glutathione Baunilha Lata 375g\/15Ds Essential - Bioflex Nutrition<\/title>\n<meta name=\"robots\" content=\"index, follow, max-snippet:-1, max-image-preview:large, max-video-preview:-1\" \/>\n<link rel=\"canonical\" href=\"https:\/\/bioflexnutrition.com.br\/en\/product\/immuno-whey-pro-glutathione-baunilha-lata-375g-15ds-essential\/\" \/>\n<meta property=\"og:locale\" content=\"en_US\" \/>\n<meta property=\"og:type\" content=\"article\" \/>\n<meta property=\"og:title\" content=\"Immuno Whey Pro Glutathione Baunilha Lata 375g\/15Ds Essential - Bioflex Nutrition\" \/>\n<meta property=\"og:description\" content=\"Whey Protein hidrolisado e isolado com adi\u00e7\u00e3o extra de amino\u00e1cidos espec\u00edficos e nutrientes envolvidos no funcionamento do sistema imune.\" \/>\n<meta property=\"og:url\" content=\"https:\/\/bioflexnutrition.com.br\/en\/product\/immuno-whey-pro-glutathione-baunilha-lata-375g-15ds-essential\/\" \/>\n<meta property=\"og:site_name\" content=\"Bioflex Nutrition\" \/>\n<meta property=\"article:modified_time\" content=\"2026-04-13T15:54:41+00:00\" \/>\n<meta property=\"og:image\" content=\"https:\/\/bioflexnutrition.com.br\/wp-content\/uploads\/2025\/06\/15348385805-immuno-whey-baunilha-lata-media.jpg\" \/>\n\t<meta property=\"og:image:width\" content=\"1308\" \/>\n\t<meta property=\"og:image:height\" content=\"1636\" \/>\n\t<meta property=\"og:image:type\" content=\"image\/jpeg\" \/>\n<meta name=\"twitter:card\" content=\"summary_large_image\" \/>\n<meta name=\"twitter:label1\" content=\"Est. reading time\" \/>\n\t<meta name=\"twitter:data1\" content=\"3 minutes\" \/>\n<script type=\"application\/ld+json\" class=\"yoast-schema-graph\">{\"@context\":\"https:\\\/\\\/schema.org\",\"@graph\":[{\"@type\":[\"WebPage\",\"ItemPage\"],\"@id\":\"https:\\\/\\\/bioflexnutrition.com.br\\\/produto\\\/immuno-whey-pro-glutathione-baunilha-lata-375g-15ds-essential\\\/\",\"url\":\"https:\\\/\\\/bioflexnutrition.com.br\\\/produto\\\/immuno-whey-pro-glutathione-baunilha-lata-375g-15ds-essential\\\/\",\"name\":\"Immuno Whey Pro Glutathione Baunilha Lata 375g\\\/15Ds Essential - Bioflex Nutrition\",\"isPartOf\":{\"@id\":\"https:\\\/\\\/bioflexnutrition.com.br\\\/#website\"},\"primaryImageOfPage\":{\"@id\":\"https:\\\/\\\/bioflexnutrition.com.br\\\/produto\\\/immuno-whey-pro-glutathione-baunilha-lata-375g-15ds-essential\\\/#primaryimage\"},\"image\":{\"@id\":\"https:\\\/\\\/bioflexnutrition.com.br\\\/produto\\\/immuno-whey-pro-glutathione-baunilha-lata-375g-15ds-essential\\\/#primaryimage\"},\"thumbnailUrl\":\"https:\\\/\\\/bioflexnutrition.com.br\\\/wp-content\\\/uploads\\\/2025\\\/06\\\/15348385805-immuno-whey-baunilha-lata-media.jpg\",\"datePublished\":\"2025-06-06T19:10:11+00:00\",\"dateModified\":\"2026-04-13T15:54:41+00:00\",\"breadcrumb\":{\"@id\":\"https:\\\/\\\/bioflexnutrition.com.br\\\/produto\\\/immuno-whey-pro-glutathione-baunilha-lata-375g-15ds-essential\\\/#breadcrumb\"},\"inLanguage\":\"en-US\",\"potentialAction\":[{\"@type\":\"ReadAction\",\"target\":[\"https:\\\/\\\/bioflexnutrition.com.br\\\/produto\\\/immuno-whey-pro-glutathione-baunilha-lata-375g-15ds-essential\\\/\"]}]},{\"@type\":\"ImageObject\",\"inLanguage\":\"en-US\",\"@id\":\"https:\\\/\\\/bioflexnutrition.com.br\\\/produto\\\/immuno-whey-pro-glutathione-baunilha-lata-375g-15ds-essential\\\/#primaryimage\",\"url\":\"https:\\\/\\\/bioflexnutrition.com.br\\\/wp-content\\\/uploads\\\/2025\\\/06\\\/15348385805-immuno-whey-baunilha-lata-media.jpg\",\"contentUrl\":\"https:\\\/\\\/bioflexnutrition.com.br\\\/wp-content\\\/uploads\\\/2025\\\/06\\\/15348385805-immuno-whey-baunilha-lata-media.jpg\",\"width\":1308,\"height\":1636},{\"@type\":\"BreadcrumbList\",\"@id\":\"https:\\\/\\\/bioflexnutrition.com.br\\\/produto\\\/immuno-whey-pro-glutathione-baunilha-lata-375g-15ds-essential\\\/#breadcrumb\",\"itemListElement\":[{\"@type\":\"ListItem\",\"position\":1,\"name\":\"In\u00edcio\",\"item\":\"https:\\\/\\\/bioflexnutrition.com.br\\\/\"},{\"@type\":\"ListItem\",\"position\":2,\"name\":\"Loja\",\"item\":\"https:\\\/\\\/bioflexnutrition.com.br\\\/todos\\\/\"},{\"@type\":\"ListItem\",\"position\":3,\"name\":\"Immuno Whey Pro Glutathione Baunilha Lata 375g\\\/15Ds Essential\"}]},{\"@type\":\"WebSite\",\"@id\":\"https:\\\/\\\/bioflexnutrition.com.br\\\/#website\",\"url\":\"https:\\\/\\\/bioflexnutrition.com.br\\\/\",\"name\":\"Bioflex Nutrition\",\"description\":\"Sua loja online de Nutri\u00e7\u00e3o e Sa\u00fade\",\"publisher\":{\"@id\":\"https:\\\/\\\/bioflexnutrition.com.br\\\/#organization\"},\"potentialAction\":[{\"@type\":\"SearchAction\",\"target\":{\"@type\":\"EntryPoint\",\"urlTemplate\":\"https:\\\/\\\/bioflexnutrition.com.br\\\/?s={search_term_string}\"},\"query-input\":{\"@type\":\"PropertyValueSpecification\",\"valueRequired\":true,\"valueName\":\"search_term_string\"}}],\"inLanguage\":\"en-US\"},{\"@type\":\"Organization\",\"@id\":\"https:\\\/\\\/bioflexnutrition.com.br\\\/#organization\",\"name\":\"Bioflex Nutrition\",\"url\":\"https:\\\/\\\/bioflexnutrition.com.br\\\/\",\"logo\":{\"@type\":\"ImageObject\",\"inLanguage\":\"en-US\",\"@id\":\"https:\\\/\\\/bioflexnutrition.com.br\\\/#\\\/schema\\\/logo\\\/image\\\/\",\"url\":\"https:\\\/\\\/bioflexnutrition.com.br\\\/wp-content\\\/uploads\\\/2025\\\/04\\\/fav.webp\",\"contentUrl\":\"https:\\\/\\\/bioflexnutrition.com.br\\\/wp-content\\\/uploads\\\/2025\\\/04\\\/fav.webp\",\"width\":1150,\"height\":1000,\"caption\":\"Bioflex Nutrition\"},\"image\":{\"@id\":\"https:\\\/\\\/bioflexnutrition.com.br\\\/#\\\/schema\\\/logo\\\/image\\\/\"},\"sameAs\":[\"https:\\\/\\\/www.instagram.com\\\/bioflexnh\\\/\"]}]}<\/script>\n<!-- \/ Yoast SEO plugin. -->","yoast_head_json":{"title":"Immuno Whey Pro Glutathione Baunilha Lata 375g\/15Ds Essential - Bioflex Nutrition","robots":{"index":"index","follow":"follow","max-snippet":"max-snippet:-1","max-image-preview":"max-image-preview:large","max-video-preview":"max-video-preview:-1"},"canonical":"https:\/\/bioflexnutrition.com.br\/en\/product\/immuno-whey-pro-glutathione-baunilha-lata-375g-15ds-essential\/","og_locale":"en_US","og_type":"article","og_title":"Immuno Whey Pro Glutathione Baunilha Lata 375g\/15Ds Essential - Bioflex Nutrition","og_description":"Whey Protein hidrolisado e isolado com adi\u00e7\u00e3o extra de amino\u00e1cidos espec\u00edficos e nutrientes envolvidos no funcionamento do sistema imune.","og_url":"https:\/\/bioflexnutrition.com.br\/en\/product\/immuno-whey-pro-glutathione-baunilha-lata-375g-15ds-essential\/","og_site_name":"Bioflex Nutrition","article_modified_time":"2026-04-13T15:54:41+00:00","og_image":[{"width":1308,"height":1636,"url":"https:\/\/bioflexnutrition.com.br\/wp-content\/uploads\/2025\/06\/15348385805-immuno-whey-baunilha-lata-media.jpg","type":"image\/jpeg"}],"twitter_card":"summary_large_image","twitter_misc":{"Est. reading time":"3 minutes"},"schema":{"@context":"https:\/\/schema.org","@graph":[{"@type":["WebPage","ItemPage"],"@id":"https:\/\/bioflexnutrition.com.br\/produto\/immuno-whey-pro-glutathione-baunilha-lata-375g-15ds-essential\/","url":"https:\/\/bioflexnutrition.com.br\/produto\/immuno-whey-pro-glutathione-baunilha-lata-375g-15ds-essential\/","name":"Immuno Whey Pro Glutathione Baunilha Lata 375g\/15Ds Essential - Bioflex Nutrition","isPartOf":{"@id":"https:\/\/bioflexnutrition.com.br\/#website"},"primaryImageOfPage":{"@id":"https:\/\/bioflexnutrition.com.br\/produto\/immuno-whey-pro-glutathione-baunilha-lata-375g-15ds-essential\/#primaryimage"},"image":{"@id":"https:\/\/bioflexnutrition.com.br\/produto\/immuno-whey-pro-glutathione-baunilha-lata-375g-15ds-essential\/#primaryimage"},"thumbnailUrl":"https:\/\/bioflexnutrition.com.br\/wp-content\/uploads\/2025\/06\/15348385805-immuno-whey-baunilha-lata-media.jpg","datePublished":"2025-06-06T19:10:11+00:00","dateModified":"2026-04-13T15:54:41+00:00","breadcrumb":{"@id":"https:\/\/bioflexnutrition.com.br\/produto\/immuno-whey-pro-glutathione-baunilha-lata-375g-15ds-essential\/#breadcrumb"},"inLanguage":"en-US","potentialAction":[{"@type":"ReadAction","target":["https:\/\/bioflexnutrition.com.br\/produto\/immuno-whey-pro-glutathione-baunilha-lata-375g-15ds-essential\/"]}]},{"@type":"ImageObject","inLanguage":"en-US","@id":"https:\/\/bioflexnutrition.com.br\/produto\/immuno-whey-pro-glutathione-baunilha-lata-375g-15ds-essential\/#primaryimage","url":"https:\/\/bioflexnutrition.com.br\/wp-content\/uploads\/2025\/06\/15348385805-immuno-whey-baunilha-lata-media.jpg","contentUrl":"https:\/\/bioflexnutrition.com.br\/wp-content\/uploads\/2025\/06\/15348385805-immuno-whey-baunilha-lata-media.jpg","width":1308,"height":1636},{"@type":"BreadcrumbList","@id":"https:\/\/bioflexnutrition.com.br\/produto\/immuno-whey-pro-glutathione-baunilha-lata-375g-15ds-essential\/#breadcrumb","itemListElement":[{"@type":"ListItem","position":1,"name":"In\u00edcio","item":"https:\/\/bioflexnutrition.com.br\/"},{"@type":"ListItem","position":2,"name":"Loja","item":"https:\/\/bioflexnutrition.com.br\/todos\/"},{"@type":"ListItem","position":3,"name":"Immuno Whey Pro Glutathione Baunilha Lata 375g\/15Ds Essential"}]},{"@type":"WebSite","@id":"https:\/\/bioflexnutrition.com.br\/#website","url":"https:\/\/bioflexnutrition.com.br\/","name":"Bioflex Nutrition","description":"Sua loja online de Nutri\u00e7\u00e3o e Sa\u00fade","publisher":{"@id":"https:\/\/bioflexnutrition.com.br\/#organization"},"potentialAction":[{"@type":"SearchAction","target":{"@type":"EntryPoint","urlTemplate":"https:\/\/bioflexnutrition.com.br\/?s={search_term_string}"},"query-input":{"@type":"PropertyValueSpecification","valueRequired":true,"valueName":"search_term_string"}}],"inLanguage":"en-US"},{"@type":"Organization","@id":"https:\/\/bioflexnutrition.com.br\/#organization","name":"Bioflex Nutrition","url":"https:\/\/bioflexnutrition.com.br\/","logo":{"@type":"ImageObject","inLanguage":"en-US","@id":"https:\/\/bioflexnutrition.com.br\/#\/schema\/logo\/image\/","url":"https:\/\/bioflexnutrition.com.br\/wp-content\/uploads\/2025\/04\/fav.webp","contentUrl":"https:\/\/bioflexnutrition.com.br\/wp-content\/uploads\/2025\/04\/fav.webp","width":1150,"height":1000,"caption":"Bioflex Nutrition"},"image":{"@id":"https:\/\/bioflexnutrition.com.br\/#\/schema\/logo\/image\/"},"sameAs":["https:\/\/www.instagram.com\/bioflexnh\/"]}]}},"_links":{"self":[{"href":"https:\/\/bioflexnutrition.com.br\/en\/wp-json\/wp\/v2\/product\/6889","targetHints":{"allow":["GET"]}}],"collection":[{"href":"https:\/\/bioflexnutrition.com.br\/en\/wp-json\/wp\/v2\/product"}],"about":[{"href":"https:\/\/bioflexnutrition.com.br\/en\/wp-json\/wp\/v2\/types\/product"}],"replies":[{"embeddable":true,"href":"https:\/\/bioflexnutrition.com.br\/en\/wp-json\/wp\/v2\/comments?post=6889"}],"wp:featuredmedia":[{"embeddable":true,"href":"https:\/\/bioflexnutrition.com.br\/en\/wp-json\/wp\/v2\/media\/6885"}],"wp:attachment":[{"href":"https:\/\/bioflexnutrition.com.br\/en\/wp-json\/wp\/v2\/media?parent=6889"}],"wp:term":[{"taxonomy":"product_cat","embeddable":true,"href":"https:\/\/bioflexnutrition.com.br\/en\/wp-json\/wp\/v2\/product_cat?post=6889"},{"taxonomy":"product_tag","embeddable":true,"href":"https:\/\/bioflexnutrition.com.br\/en\/wp-json\/wp\/v2\/product_tag?post=6889"}],"curies":[{"name":"wp","href":"https:\/\/api.w.org\/{rel}","templated":true}]}}