{"id":6894,"date":"2025-06-06T16:10:32","date_gmt":"2025-06-06T19:10:32","guid":{"rendered":"https:\/\/bioflexnutrition.com.br\/produto\/veggie-protein-banana-com-canela-lata-462g-essential\/"},"modified":"2026-04-01T15:17:10","modified_gmt":"2026-04-01T18:17:10","slug":"veggie-protein-banana-com-canela-lata-462g-essential","status":"publish","type":"product","link":"https:\/\/bioflexnutrition.com.br\/en\/product\/veggie-protein-banana-com-canela-lata-462g-essential\/","title":{"rendered":"Veggie Protein Banana com Canela Lata 462g Essential"},"content":{"rendered":"<h2>O que \u00e9 Veggie Protein Banana com Canela<\/h2>\n<p>Veggie Protein Banana com Canela \u00e9 uma prote\u00edna 100% vegetal, formulada para dietas plant-based. Combina prote\u00edna isolada da ervilha amarela, prote\u00edna da am\u00eandoa, banana liofilizada e extrato de canela, enriquecida com 13 vitaminas e 9 minerais nas suas formas mais biodispon\u00edveis.<\/p>\n<h3>Cont\u00e9m<\/h3>\n<ul>\n<li>Prote\u00edna isolada da ervilha amarela (Canad\u00e1)<\/li>\n<li>Prote\u00edna da am\u00eandoa<\/li>\n<li>BCAA naturalmente presente<\/li>\n<li>Banana liofilizada (7\u00d7 mais concentrada)<\/li>\n<li>Vitamina B12<\/li>\n<li>Vitamina D3 vegana<\/li>\n<li>Extrato natural de canela<\/li>\n<li>Ado\u00e7ado com est\u00e9via<\/li>\n<li>Ingredientes NON\u2011GMO, Kosher e Halal<\/li>\n<\/ul>\n<h3>N\u00e3o cont\u00e9m<\/h3>\n<ul>\n<li>Prote\u00ednas de origem animal<\/li>\n<li>Derivados de soja<\/li>\n<li>Ado\u00e7antes, aromas ou corantes artificiais<\/li>\n<li>Gl\u00faten, lactose e conservantes<\/li>\n<\/ul>\n<h3>Informa\u00e7\u00e3o Nutricional<\/h3>\n<p>Por\u00e7\u00f5es por embalagem: 14 (462\u202fg)<br \/>Por\u00e7\u00e3o: 33\u202fg (1 colher\u2011medida)<\/p>\n<table>\n<thead>\n<tr>\n<th>Componente<\/th>\n<th>33\u202fg<\/th>\n<th>%VD*<\/th>\n<\/tr>\n<\/thead>\n<tbody>\n<tr>\n<td>Valor energ\u00e9tico (kcal)<\/td>\n<td>134<\/td>\n<td>7%<\/td>\n<\/tr>\n<tr>\n<td>Carboidratos (g)<\/td>\n<td>3,6<\/td>\n<td>1%<\/td>\n<\/tr>\n<tr>\n<td>A\u00e7\u00facares totais (g)<\/td>\n<td>2,0<\/td>\n<td>\u2013<\/td>\n<\/tr>\n<tr>\n<td>A\u00e7\u00facares adicionados (g)<\/td>\n<td>0,2<\/td>\n<td>0%<\/td>\n<\/tr>\n<tr>\n<td>Lactose (g)<\/td>\n<td>0<\/td>\n<td>\u2013<\/td>\n<\/tr>\n<tr>\n<td>Prote\u00ednas (g)<\/td>\n<td>22<\/td>\n<td>44%<\/td>\n<\/tr>\n<tr>\n<td>Gorduras totais (g)<\/td>\n<td>3,5<\/td>\n<td>5%<\/td>\n<\/tr>\n<tr>\n<td>Gorduras saturadas (g)<\/td>\n<td>0,5<\/td>\n<td>3%<\/td>\n<\/tr>\n<tr>\n<td>Fibras alimentares (g)<\/td>\n<td>2,1<\/td>\n<td>8%<\/td>\n<\/tr>\n<tr>\n<td>S\u00f3dio (mg)<\/td>\n<td>282<\/td>\n<td>14%<\/td>\n<\/tr>\n<tr>\n<td>Vitamina A (\u03bcg)<\/td>\n<td>300<\/td>\n<td>38%<\/td>\n<\/tr>\n<tr>\n<td>Vitamina D (\u03bcg)<\/td>\n<td>5<\/td>\n<td>33%<\/td>\n<\/tr>\n<tr>\n<td>Vitamina E (mg)<\/td>\n<td>5<\/td>\n<td>33%<\/td>\n<\/tr>\n<tr>\n<td>Vitamina K (\u03bcg)<\/td>\n<td>32<\/td>\n<td>27%<\/td>\n<\/tr>\n<p><!-- demais vitaminas e minerais omitidos por brevidade --><\/tbody>\n<\/table>\n<p><em>*% Valores di\u00e1rios de refer\u00eancia para adultos (\u2265\u202f19\u202fanos).<\/em><\/p>\n<h3>Ingredientes<\/h3>\n<p>Prote\u00edna isolada da ervilha, prote\u00edna da am\u00eandoa, polpa de banana liofilizada, blend de vitaminas e minerais (bisglicinato de c\u00e1lcio, bisglicinato de magn\u00e9sio, \u00e1cido asc\u00f3rbico revestido, betacaroteno, mix de tocofer\u00f3is, bisglicinato de ferro, bisglicinato de zinco, nicotinamida, bisglicinato de mangan\u00eas, colecalciferol vegano, menaquinona\u20117, fitomenadiona, pantotenato de c\u00e1lcio, acetato de retinol, L\u2011selenometionina, bisglicinato de cobre, cloridrato de tiamina, riboflavina\u20115\u2011fosfato, piridoxal\u20115\u2011fosfato, picolinato de cromo, L\u2011metilfolato de c\u00e1lcio, \u00e1cido f\u00f3lico, molibdato de s\u00f3dio, biotina, metilcobalamina), canela em p\u00f3 (Cinnamomum cassia), inulina, aroma natural, espessante goma gelana, edulcorante est\u00e9via, antiumectante di\u00f3xido de sil\u00edcio.<\/p>\n<p><strong>N\u00e3o cont\u00e9m gl\u00faten.<\/strong><br \/><strong>Al\u00e9rgicos:<\/strong> cont\u00e9m derivados de am\u00eandoa. Pode conter tra\u00e7os de leite e soja*.<\/p>\n<h3>Modo de Preparo<\/h3>\n<p>Adicione 33\u202fg (1 colher\u2011medida) em 300\u202fml de \u00e1gua, misture at\u00e9 homogeneiza\u00e7\u00e3o e beba imediatamente. Use uma vez ao dia ou conforme orienta\u00e7\u00e3o de m\u00e9dico ou nutricionista.<\/p>\n<p>Manter este produto bem fechado em local fresco, seco e ao abrigo da luz solar.<br \/>Ap\u00f3s aberto, consumir em at\u00e9 90 dias.<br \/>A colora\u00e7\u00e3o pode variar devido a ingredientes naturais, sem comprometer a efic\u00e1cia.<br \/>Este produto \u00e9 recomendado para adultos (\u2265\u202f19\u202fanos).<br \/>Este produto n\u00e3o deve ser consumido por gestantes, lactantes e crian\u00e7as.<br \/>\u201cEste produto n\u00e3o \u00e9 um medicamento.\u201d<br \/>\u201cN\u00e3o exceder a recomenda\u00e7\u00e3o di\u00e1ria de consumo indicada na embalagem.\u201d<br \/>\u201cMantenha fora do alcance de crian\u00e7as.\u201d<\/p>","protected":false},"excerpt":{"rendered":"<p>Veggie Protein Banana com canela<\/p>\n<p>\u00a0<\/p>\n<p>Vegan<\/p>\n<p>Combina\u00e7\u00e3o da prote\u00edna isolada da ervilha com a prote\u00edna da am\u00eandoa, aliando um excelente perfil de amino\u00e1cidos a uma incr\u00edvel cremosidade, al\u00e9m de banana liofilizada, um toque especial de extrato de canela e um blend de 13 vitaminas e 9 minerais.<\/p>","protected":false},"featured_media":6890,"comment_status":"open","ping_status":"closed","template":"","meta":{"_joinchat":[]},"product_cat":[248,160,199,157,164,169,170,198,273,266],"product_tag":[],"class_list":{"0":"post-6894","1":"product","2":"type-product","3":"status-publish","4":"has-post-thumbnail","6":"product_cat-categorias-e","7":"product_cat-essential","8":"product_cat-frete-gratis","9":"product_cat-marcas","10":"product_cat-objetivos-especificos","11":"product_cat-para-emagrecimento","12":"product_cat-para-ganho-de-massa","13":"product_cat-promocoes","14":"product_cat-proteina-vegana-proteinas-categorias-ecommerce","15":"product_cat-proteinas-categorias-ecommerce","17":"first","18":"instock","19":"shipping-taxable","20":"purchasable","21":"product-type-simple","22":"col-xs-6 col-sm-4","23":"col-md-3 col-lg-3","24":"un-4-cols"},"yoast_head":"<!-- This site is optimized with the Yoast SEO plugin v27.4 - https:\/\/yoast.com\/product\/yoast-seo-wordpress\/ -->\n<title>Veggie Protein Banana com Canela Lata 462g Essential - Bioflex Nutrition<\/title>\n<meta name=\"robots\" content=\"index, follow, max-snippet:-1, max-image-preview:large, max-video-preview:-1\" \/>\n<link rel=\"canonical\" href=\"https:\/\/bioflexnutrition.com.br\/en\/product\/veggie-protein-banana-com-canela-lata-462g-essential\/\" \/>\n<meta property=\"og:locale\" content=\"en_US\" \/>\n<meta property=\"og:type\" content=\"article\" \/>\n<meta property=\"og:title\" content=\"Veggie Protein Banana com Canela Lata 462g Essential - Bioflex Nutrition\" \/>\n<meta property=\"og:description\" content=\"Veggie Protein Banana com canela \u00a0 Vegan Combina\u00e7\u00e3o da prote\u00edna isolada da ervilha com a prote\u00edna da am\u00eandoa, aliando um excelente perfil de amino\u00e1cidos a uma incr\u00edvel cremosidade, al\u00e9m de banana liofilizada, um toque especial de extrato de canela e um blend de 13 vitaminas e 9 minerais.\" \/>\n<meta property=\"og:url\" content=\"https:\/\/bioflexnutrition.com.br\/en\/product\/veggie-protein-banana-com-canela-lata-462g-essential\/\" \/>\n<meta property=\"og:site_name\" content=\"Bioflex Nutrition\" \/>\n<meta property=\"article:modified_time\" content=\"2026-04-01T18:17:10+00:00\" \/>\n<meta property=\"og:image\" content=\"https:\/\/bioflexnutrition.com.br\/wp-content\/uploads\/2025\/06\/15348385962-veggie-protein-banana-lata-media.jpg\" \/>\n\t<meta property=\"og:image:width\" content=\"1950\" \/>\n\t<meta property=\"og:image:height\" content=\"1950\" \/>\n\t<meta property=\"og:image:type\" content=\"image\/jpeg\" \/>\n<meta name=\"twitter:card\" content=\"summary_large_image\" \/>\n<meta name=\"twitter:label1\" content=\"Est. reading time\" \/>\n\t<meta name=\"twitter:data1\" content=\"3 minutes\" \/>\n<script type=\"application\/ld+json\" class=\"yoast-schema-graph\">{\"@context\":\"https:\\\/\\\/schema.org\",\"@graph\":[{\"@type\":[\"WebPage\",\"ItemPage\"],\"@id\":\"https:\\\/\\\/bioflexnutrition.com.br\\\/produto\\\/veggie-protein-banana-com-canela-lata-462g-essential\\\/\",\"url\":\"https:\\\/\\\/bioflexnutrition.com.br\\\/produto\\\/veggie-protein-banana-com-canela-lata-462g-essential\\\/\",\"name\":\"Veggie Protein Banana com Canela Lata 462g Essential - Bioflex Nutrition\",\"isPartOf\":{\"@id\":\"https:\\\/\\\/bioflexnutrition.com.br\\\/#website\"},\"primaryImageOfPage\":{\"@id\":\"https:\\\/\\\/bioflexnutrition.com.br\\\/produto\\\/veggie-protein-banana-com-canela-lata-462g-essential\\\/#primaryimage\"},\"image\":{\"@id\":\"https:\\\/\\\/bioflexnutrition.com.br\\\/produto\\\/veggie-protein-banana-com-canela-lata-462g-essential\\\/#primaryimage\"},\"thumbnailUrl\":\"https:\\\/\\\/bioflexnutrition.com.br\\\/wp-content\\\/uploads\\\/2025\\\/06\\\/15348385962-veggie-protein-banana-lata-media.jpg\",\"datePublished\":\"2025-06-06T19:10:32+00:00\",\"dateModified\":\"2026-04-01T18:17:10+00:00\",\"breadcrumb\":{\"@id\":\"https:\\\/\\\/bioflexnutrition.com.br\\\/produto\\\/veggie-protein-banana-com-canela-lata-462g-essential\\\/#breadcrumb\"},\"inLanguage\":\"en-US\",\"potentialAction\":[{\"@type\":\"ReadAction\",\"target\":[\"https:\\\/\\\/bioflexnutrition.com.br\\\/produto\\\/veggie-protein-banana-com-canela-lata-462g-essential\\\/\"]}]},{\"@type\":\"ImageObject\",\"inLanguage\":\"en-US\",\"@id\":\"https:\\\/\\\/bioflexnutrition.com.br\\\/produto\\\/veggie-protein-banana-com-canela-lata-462g-essential\\\/#primaryimage\",\"url\":\"https:\\\/\\\/bioflexnutrition.com.br\\\/wp-content\\\/uploads\\\/2025\\\/06\\\/15348385962-veggie-protein-banana-lata-media.jpg\",\"contentUrl\":\"https:\\\/\\\/bioflexnutrition.com.br\\\/wp-content\\\/uploads\\\/2025\\\/06\\\/15348385962-veggie-protein-banana-lata-media.jpg\",\"width\":1950,\"height\":1950},{\"@type\":\"BreadcrumbList\",\"@id\":\"https:\\\/\\\/bioflexnutrition.com.br\\\/produto\\\/veggie-protein-banana-com-canela-lata-462g-essential\\\/#breadcrumb\",\"itemListElement\":[{\"@type\":\"ListItem\",\"position\":1,\"name\":\"In\u00edcio\",\"item\":\"https:\\\/\\\/bioflexnutrition.com.br\\\/\"},{\"@type\":\"ListItem\",\"position\":2,\"name\":\"Loja\",\"item\":\"https:\\\/\\\/bioflexnutrition.com.br\\\/todos\\\/\"},{\"@type\":\"ListItem\",\"position\":3,\"name\":\"Veggie Protein Banana com Canela Lata 462g Essential\"}]},{\"@type\":\"WebSite\",\"@id\":\"https:\\\/\\\/bioflexnutrition.com.br\\\/#website\",\"url\":\"https:\\\/\\\/bioflexnutrition.com.br\\\/\",\"name\":\"Bioflex Nutrition\",\"description\":\"Sua loja online de Nutri\u00e7\u00e3o e Sa\u00fade\",\"publisher\":{\"@id\":\"https:\\\/\\\/bioflexnutrition.com.br\\\/#organization\"},\"potentialAction\":[{\"@type\":\"SearchAction\",\"target\":{\"@type\":\"EntryPoint\",\"urlTemplate\":\"https:\\\/\\\/bioflexnutrition.com.br\\\/?s={search_term_string}\"},\"query-input\":{\"@type\":\"PropertyValueSpecification\",\"valueRequired\":true,\"valueName\":\"search_term_string\"}}],\"inLanguage\":\"en-US\"},{\"@type\":\"Organization\",\"@id\":\"https:\\\/\\\/bioflexnutrition.com.br\\\/#organization\",\"name\":\"Bioflex Nutrition\",\"url\":\"https:\\\/\\\/bioflexnutrition.com.br\\\/\",\"logo\":{\"@type\":\"ImageObject\",\"inLanguage\":\"en-US\",\"@id\":\"https:\\\/\\\/bioflexnutrition.com.br\\\/#\\\/schema\\\/logo\\\/image\\\/\",\"url\":\"https:\\\/\\\/bioflexnutrition.com.br\\\/wp-content\\\/uploads\\\/2025\\\/04\\\/fav.webp\",\"contentUrl\":\"https:\\\/\\\/bioflexnutrition.com.br\\\/wp-content\\\/uploads\\\/2025\\\/04\\\/fav.webp\",\"width\":1150,\"height\":1000,\"caption\":\"Bioflex Nutrition\"},\"image\":{\"@id\":\"https:\\\/\\\/bioflexnutrition.com.br\\\/#\\\/schema\\\/logo\\\/image\\\/\"},\"sameAs\":[\"https:\\\/\\\/www.instagram.com\\\/bioflexnh\\\/\"]}]}<\/script>\n<!-- \/ Yoast SEO plugin. -->","yoast_head_json":{"title":"Veggie Protein Banana com Canela Lata 462g Essential - Bioflex Nutrition","robots":{"index":"index","follow":"follow","max-snippet":"max-snippet:-1","max-image-preview":"max-image-preview:large","max-video-preview":"max-video-preview:-1"},"canonical":"https:\/\/bioflexnutrition.com.br\/en\/product\/veggie-protein-banana-com-canela-lata-462g-essential\/","og_locale":"en_US","og_type":"article","og_title":"Veggie Protein Banana com Canela Lata 462g Essential - Bioflex Nutrition","og_description":"Veggie Protein Banana com canela \u00a0 Vegan Combina\u00e7\u00e3o da prote\u00edna isolada da ervilha com a prote\u00edna da am\u00eandoa, aliando um excelente perfil de amino\u00e1cidos a uma incr\u00edvel cremosidade, al\u00e9m de banana liofilizada, um toque especial de extrato de canela e um blend de 13 vitaminas e 9 minerais.","og_url":"https:\/\/bioflexnutrition.com.br\/en\/product\/veggie-protein-banana-com-canela-lata-462g-essential\/","og_site_name":"Bioflex Nutrition","article_modified_time":"2026-04-01T18:17:10+00:00","og_image":[{"width":1950,"height":1950,"url":"https:\/\/bioflexnutrition.com.br\/wp-content\/uploads\/2025\/06\/15348385962-veggie-protein-banana-lata-media.jpg","type":"image\/jpeg"}],"twitter_card":"summary_large_image","twitter_misc":{"Est. reading time":"3 minutes"},"schema":{"@context":"https:\/\/schema.org","@graph":[{"@type":["WebPage","ItemPage"],"@id":"https:\/\/bioflexnutrition.com.br\/produto\/veggie-protein-banana-com-canela-lata-462g-essential\/","url":"https:\/\/bioflexnutrition.com.br\/produto\/veggie-protein-banana-com-canela-lata-462g-essential\/","name":"Veggie Protein Banana com Canela Lata 462g Essential - Bioflex Nutrition","isPartOf":{"@id":"https:\/\/bioflexnutrition.com.br\/#website"},"primaryImageOfPage":{"@id":"https:\/\/bioflexnutrition.com.br\/produto\/veggie-protein-banana-com-canela-lata-462g-essential\/#primaryimage"},"image":{"@id":"https:\/\/bioflexnutrition.com.br\/produto\/veggie-protein-banana-com-canela-lata-462g-essential\/#primaryimage"},"thumbnailUrl":"https:\/\/bioflexnutrition.com.br\/wp-content\/uploads\/2025\/06\/15348385962-veggie-protein-banana-lata-media.jpg","datePublished":"2025-06-06T19:10:32+00:00","dateModified":"2026-04-01T18:17:10+00:00","breadcrumb":{"@id":"https:\/\/bioflexnutrition.com.br\/produto\/veggie-protein-banana-com-canela-lata-462g-essential\/#breadcrumb"},"inLanguage":"en-US","potentialAction":[{"@type":"ReadAction","target":["https:\/\/bioflexnutrition.com.br\/produto\/veggie-protein-banana-com-canela-lata-462g-essential\/"]}]},{"@type":"ImageObject","inLanguage":"en-US","@id":"https:\/\/bioflexnutrition.com.br\/produto\/veggie-protein-banana-com-canela-lata-462g-essential\/#primaryimage","url":"https:\/\/bioflexnutrition.com.br\/wp-content\/uploads\/2025\/06\/15348385962-veggie-protein-banana-lata-media.jpg","contentUrl":"https:\/\/bioflexnutrition.com.br\/wp-content\/uploads\/2025\/06\/15348385962-veggie-protein-banana-lata-media.jpg","width":1950,"height":1950},{"@type":"BreadcrumbList","@id":"https:\/\/bioflexnutrition.com.br\/produto\/veggie-protein-banana-com-canela-lata-462g-essential\/#breadcrumb","itemListElement":[{"@type":"ListItem","position":1,"name":"In\u00edcio","item":"https:\/\/bioflexnutrition.com.br\/"},{"@type":"ListItem","position":2,"name":"Loja","item":"https:\/\/bioflexnutrition.com.br\/todos\/"},{"@type":"ListItem","position":3,"name":"Veggie Protein Banana com Canela Lata 462g Essential"}]},{"@type":"WebSite","@id":"https:\/\/bioflexnutrition.com.br\/#website","url":"https:\/\/bioflexnutrition.com.br\/","name":"Bioflex Nutrition","description":"Sua loja online de Nutri\u00e7\u00e3o e Sa\u00fade","publisher":{"@id":"https:\/\/bioflexnutrition.com.br\/#organization"},"potentialAction":[{"@type":"SearchAction","target":{"@type":"EntryPoint","urlTemplate":"https:\/\/bioflexnutrition.com.br\/?s={search_term_string}"},"query-input":{"@type":"PropertyValueSpecification","valueRequired":true,"valueName":"search_term_string"}}],"inLanguage":"en-US"},{"@type":"Organization","@id":"https:\/\/bioflexnutrition.com.br\/#organization","name":"Bioflex Nutrition","url":"https:\/\/bioflexnutrition.com.br\/","logo":{"@type":"ImageObject","inLanguage":"en-US","@id":"https:\/\/bioflexnutrition.com.br\/#\/schema\/logo\/image\/","url":"https:\/\/bioflexnutrition.com.br\/wp-content\/uploads\/2025\/04\/fav.webp","contentUrl":"https:\/\/bioflexnutrition.com.br\/wp-content\/uploads\/2025\/04\/fav.webp","width":1150,"height":1000,"caption":"Bioflex Nutrition"},"image":{"@id":"https:\/\/bioflexnutrition.com.br\/#\/schema\/logo\/image\/"},"sameAs":["https:\/\/www.instagram.com\/bioflexnh\/"]}]}},"_links":{"self":[{"href":"https:\/\/bioflexnutrition.com.br\/en\/wp-json\/wp\/v2\/product\/6894","targetHints":{"allow":["GET"]}}],"collection":[{"href":"https:\/\/bioflexnutrition.com.br\/en\/wp-json\/wp\/v2\/product"}],"about":[{"href":"https:\/\/bioflexnutrition.com.br\/en\/wp-json\/wp\/v2\/types\/product"}],"replies":[{"embeddable":true,"href":"https:\/\/bioflexnutrition.com.br\/en\/wp-json\/wp\/v2\/comments?post=6894"}],"wp:featuredmedia":[{"embeddable":true,"href":"https:\/\/bioflexnutrition.com.br\/en\/wp-json\/wp\/v2\/media\/6890"}],"wp:attachment":[{"href":"https:\/\/bioflexnutrition.com.br\/en\/wp-json\/wp\/v2\/media?parent=6894"}],"wp:term":[{"taxonomy":"product_cat","embeddable":true,"href":"https:\/\/bioflexnutrition.com.br\/en\/wp-json\/wp\/v2\/product_cat?post=6894"},{"taxonomy":"product_tag","embeddable":true,"href":"https:\/\/bioflexnutrition.com.br\/en\/wp-json\/wp\/v2\/product_tag?post=6894"}],"curies":[{"name":"wp","href":"https:\/\/api.w.org\/{rel}","templated":true}]}}