{"id":6904,"date":"2025-06-06T16:11:14","date_gmt":"2025-06-06T19:11:14","guid":{"rendered":"https:\/\/bioflexnutrition.com.br\/produto\/veggie-protein-neutro-lata-405g-15ds-essential\/"},"modified":"2026-04-01T15:17:12","modified_gmt":"2026-04-01T18:17:12","slug":"veggie-protein-neutro-lata-405g-15ds-essential","status":"publish","type":"product","link":"https:\/\/bioflexnutrition.com.br\/en\/product\/veggie-protein-neutro-lata-405g-15ds-essential\/","title":{"rendered":"Veggie Protein Neutro Lata 405g\/15Ds Essential"},"content":{"rendered":"<h2>O que \u00e9 Veggie Protein Neutro<\/h2>\n<p>Veggie Protein Neutro tem 22\u202fg de prote\u00edna, ZERO carboidrato, \u00e9 100% vegano e combina apenas dois ingredientes: prote\u00edna isolada da ervilha e prote\u00edna da am\u00eandoa. Sem aromas, ado\u00e7antes ou a\u00e7\u00facar, \u00e9 vers\u00e1til para receitas doces, salgadas e bebidas, sem alterar o sabor original.<\/p>\n<h3>Cont\u00e9m<\/h3>\n<ul>\n<li>Prote\u00edna isolada da ervilha amarela (Canad\u00e1)<\/li>\n<li>Prote\u00edna da am\u00eandoa<\/li>\n<li>BCAA naturalmente em sua composi\u00e7\u00e3o<\/li>\n<li>Ingredientes NON\u2011GMO, Kosher e Halal<\/li>\n<\/ul>\n<h3>N\u00e3o Cont\u00e9m<\/h3>\n<ul>\n<li>Aromas<\/li>\n<li>Ado\u00e7antes<\/li>\n<li>A\u00e7\u00facar<\/li>\n<li>Gl\u00faten, lactose e conservantes<\/li>\n<li>Prote\u00ednas de origem animal, prote\u00edna do arroz e derivados de soja<\/li>\n<\/ul>\n<h3>Quem vai amar<\/h3>\n<ul>\n<li><strong>Adeptos da Plant\u2011Based Diet:<\/strong> 44% das necessidades di\u00e1rias de prote\u00edna, excelente perfil de amino\u00e1cidos.<\/li>\n<li><strong>Quem tem restri\u00e7\u00f5es ao consumo de leite:<\/strong> ideal para intolerantes a derivados l\u00e1cteos.<\/li>\n<li><strong>Esportistas e atletas:<\/strong> adiciona 22\u202fg de prote\u00edna a sucos, iogurtes e receitas.<\/li>\n<li><strong>Nutricionistas:<\/strong> sem aromas nem ado\u00e7antes, adapta\u2011se a v\u00e1rios paladares e necessidades.<\/li>\n<li><strong>Chefs:<\/strong> rende receitas mais cremosas e proteicas sem alterar sabor.<\/li>\n<\/ul>\n<h3>Informa\u00e7\u00e3o Nutricional<\/h3>\n<p>Por\u00e7\u00f5es por embalagem: 15 (405\u202fg)<br \/>Por\u00e7\u00e3o: 27\u202fg (1 colher\u2011medida)<\/p>\n<table>\n<thead>\n<tr>\n<th>Componente<\/th>\n<th>27\u202fg<\/th>\n<th>%VD*<\/th>\n<\/tr>\n<\/thead>\n<tbody>\n<tr>\n<td>Valor energ\u00e9tico (kcal)<\/td>\n<td>120<\/td>\n<td>6%<\/td>\n<\/tr>\n<tr>\n<td>Carboidratos (g)<\/td>\n<td>0<\/td>\n<td>0%<\/td>\n<\/tr>\n<tr>\n<td>A\u00e7\u00facares totais (g)<\/td>\n<td>0<\/td>\n<td>\u2013<\/td>\n<\/tr>\n<tr>\n<td>A\u00e7\u00facares adicionados (g)<\/td>\n<td>0<\/td>\n<td>0%<\/td>\n<\/tr>\n<tr>\n<td>Lactose (g)<\/td>\n<td>0<\/td>\n<td>\u2013<\/td>\n<\/tr>\n<tr>\n<td>Poli\u00f3is totais (g)<\/td>\n<td>0<\/td>\n<td>0%<\/td>\n<\/tr>\n<tr>\n<td>Prote\u00ednas (g)<\/td>\n<td>22<\/td>\n<td>44%<\/td>\n<\/tr>\n<tr>\n<td>Gorduras totais (g)<\/td>\n<td>3,5<\/td>\n<td>5%<\/td>\n<\/tr>\n<tr>\n<td>Gorduras saturadas (g)<\/td>\n<td>0,5<\/td>\n<td>3%<\/td>\n<\/tr>\n<tr>\n<td>Gorduras trans (g)<\/td>\n<td>0<\/td>\n<td>0%<\/td>\n<\/tr>\n<tr>\n<td>Fibras alimentares (g)<\/td>\n<td>1,4<\/td>\n<td>6%<\/td>\n<\/tr>\n<tr>\n<td>S\u00f3dio (mg)<\/td>\n<td>282<\/td>\n<td>14%<\/td>\n<\/tr>\n<\/tbody>\n<\/table>\n<p><em>*Percentual de valores di\u00e1rios de refer\u00eancia para adultos (\u2265\u202f19\u202fanos).<\/em><\/p>\n<h3>Ingredientes<\/h3>\n<p>Prote\u00edna isolada da ervilha e prote\u00edna da am\u00eandoa.<\/p>\n<p><strong>N\u00e3o cont\u00e9m gl\u00faten.<\/strong><br \/><strong>Al\u00e9rgicos:<\/strong> cont\u00e9m derivados da am\u00eandoa. Pode conter tra\u00e7os de leite*.<\/p>\n<h3>Modo de Preparo<\/h3>\n<p>Adicione 27\u202fg (1 colher\u2011medida) em aproximadamente 300\u202fml de \u00e1gua ou bebida de sua prefer\u00eancia, misture at\u00e9 homogeneiza\u00e7\u00e3o e beba imediatamente. Recomenda-se uso di\u00e1rio ou conforme orienta\u00e7\u00e3o de m\u00e9dico ou nutricionista. Tamb\u00e9m pode ser usado em receitas doces e salgadas, sem comprometer suas propriedades.<\/p>\n<p>Manter este produto bem fechado em local fresco, seco e ao abrigo da luz solar.<br \/>Ap\u00f3s aberto, consumir em at\u00e9 30 dias.<br \/>Este produto \u00e9 recomendado para adultos (\u2265\u202f19\u202fanos).<br \/>\u201cEste produto n\u00e3o \u00e9 um medicamento.\u201d<br \/>\u201cN\u00e3o exceder a recomenda\u00e7\u00e3o di\u00e1ria de consumo indicada na embalagem.\u201d<br \/>\u201cMantenha fora do alcance de crian\u00e7as.\u201d<\/p>","protected":false},"excerpt":{"rendered":"<p>Veggie Protein Neutro<\/p>\n<p>\u00a0<\/p>\n<p>Vegan<\/p>\n<p>Combina\u00e7\u00e3o da prote\u00edna isolada da ervilha com a prote\u00edna da am\u00eandoa. Sem ado\u00e7antes, a\u00e7\u00facar ou aromas, pode ser facilmente adicionado a receitas doces ou salgadas.<\/p>","protected":false},"featured_media":6900,"comment_status":"open","ping_status":"closed","template":"","meta":{"_joinchat":[]},"product_cat":[248,160,199,157,164,169,170,198,273,266],"product_tag":[],"class_list":{"0":"post-6904","1":"product","2":"type-product","3":"status-publish","4":"has-post-thumbnail","6":"product_cat-categorias-e","7":"product_cat-essential","8":"product_cat-frete-gratis","9":"product_cat-marcas","10":"product_cat-objetivos-especificos","11":"product_cat-para-emagrecimento","12":"product_cat-para-ganho-de-massa","13":"product_cat-promocoes","14":"product_cat-proteina-vegana-proteinas-categorias-ecommerce","15":"product_cat-proteinas-categorias-ecommerce","17":"first","18":"instock","19":"shipping-taxable","20":"purchasable","21":"product-type-simple","22":"col-xs-6 col-sm-4","23":"col-md-3 col-lg-3","24":"un-4-cols"},"yoast_head":"<!-- This site is optimized with the Yoast SEO plugin v27.4 - https:\/\/yoast.com\/product\/yoast-seo-wordpress\/ -->\n<title>Veggie Protein Neutro Lata 405g\/15Ds Essential - Bioflex Nutrition<\/title>\n<meta name=\"robots\" content=\"index, follow, max-snippet:-1, max-image-preview:large, max-video-preview:-1\" \/>\n<link rel=\"canonical\" href=\"https:\/\/bioflexnutrition.com.br\/en\/product\/veggie-protein-neutro-lata-405g-15ds-essential\/\" \/>\n<meta property=\"og:locale\" content=\"en_US\" \/>\n<meta property=\"og:type\" content=\"article\" \/>\n<meta property=\"og:title\" content=\"Veggie Protein Neutro Lata 405g\/15Ds Essential - Bioflex Nutrition\" \/>\n<meta property=\"og:description\" content=\"Veggie Protein Neutro \u00a0 Vegan Combina\u00e7\u00e3o da prote\u00edna isolada da ervilha com a prote\u00edna da am\u00eandoa. Sem ado\u00e7antes, a\u00e7\u00facar ou aromas, pode ser facilmente adicionado a receitas doces ou salgadas.\" \/>\n<meta property=\"og:url\" content=\"https:\/\/bioflexnutrition.com.br\/en\/product\/veggie-protein-neutro-lata-405g-15ds-essential\/\" \/>\n<meta property=\"og:site_name\" content=\"Bioflex Nutrition\" \/>\n<meta property=\"article:modified_time\" content=\"2026-04-01T18:17:12+00:00\" \/>\n<meta property=\"og:image\" content=\"https:\/\/bioflexnutrition.com.br\/wp-content\/uploads\/2025\/06\/15348386446-veggie-protein-neutro-lata-media.jpg\" \/>\n\t<meta property=\"og:image:width\" content=\"1950\" \/>\n\t<meta property=\"og:image:height\" content=\"1950\" \/>\n\t<meta property=\"og:image:type\" content=\"image\/jpeg\" \/>\n<meta name=\"twitter:card\" content=\"summary_large_image\" \/>\n<meta name=\"twitter:label1\" content=\"Est. reading time\" \/>\n\t<meta name=\"twitter:data1\" content=\"3 minutes\" \/>\n<script type=\"application\/ld+json\" class=\"yoast-schema-graph\">{\"@context\":\"https:\\\/\\\/schema.org\",\"@graph\":[{\"@type\":[\"WebPage\",\"ItemPage\"],\"@id\":\"https:\\\/\\\/bioflexnutrition.com.br\\\/produto\\\/veggie-protein-neutro-lata-405g-15ds-essential\\\/\",\"url\":\"https:\\\/\\\/bioflexnutrition.com.br\\\/produto\\\/veggie-protein-neutro-lata-405g-15ds-essential\\\/\",\"name\":\"Veggie Protein Neutro Lata 405g\\\/15Ds Essential - Bioflex Nutrition\",\"isPartOf\":{\"@id\":\"https:\\\/\\\/bioflexnutrition.com.br\\\/#website\"},\"primaryImageOfPage\":{\"@id\":\"https:\\\/\\\/bioflexnutrition.com.br\\\/produto\\\/veggie-protein-neutro-lata-405g-15ds-essential\\\/#primaryimage\"},\"image\":{\"@id\":\"https:\\\/\\\/bioflexnutrition.com.br\\\/produto\\\/veggie-protein-neutro-lata-405g-15ds-essential\\\/#primaryimage\"},\"thumbnailUrl\":\"https:\\\/\\\/bioflexnutrition.com.br\\\/wp-content\\\/uploads\\\/2025\\\/06\\\/15348386446-veggie-protein-neutro-lata-media.jpg\",\"datePublished\":\"2025-06-06T19:11:14+00:00\",\"dateModified\":\"2026-04-01T18:17:12+00:00\",\"breadcrumb\":{\"@id\":\"https:\\\/\\\/bioflexnutrition.com.br\\\/produto\\\/veggie-protein-neutro-lata-405g-15ds-essential\\\/#breadcrumb\"},\"inLanguage\":\"en-US\",\"potentialAction\":[{\"@type\":\"ReadAction\",\"target\":[\"https:\\\/\\\/bioflexnutrition.com.br\\\/produto\\\/veggie-protein-neutro-lata-405g-15ds-essential\\\/\"]}]},{\"@type\":\"ImageObject\",\"inLanguage\":\"en-US\",\"@id\":\"https:\\\/\\\/bioflexnutrition.com.br\\\/produto\\\/veggie-protein-neutro-lata-405g-15ds-essential\\\/#primaryimage\",\"url\":\"https:\\\/\\\/bioflexnutrition.com.br\\\/wp-content\\\/uploads\\\/2025\\\/06\\\/15348386446-veggie-protein-neutro-lata-media.jpg\",\"contentUrl\":\"https:\\\/\\\/bioflexnutrition.com.br\\\/wp-content\\\/uploads\\\/2025\\\/06\\\/15348386446-veggie-protein-neutro-lata-media.jpg\",\"width\":1950,\"height\":1950},{\"@type\":\"BreadcrumbList\",\"@id\":\"https:\\\/\\\/bioflexnutrition.com.br\\\/produto\\\/veggie-protein-neutro-lata-405g-15ds-essential\\\/#breadcrumb\",\"itemListElement\":[{\"@type\":\"ListItem\",\"position\":1,\"name\":\"In\u00edcio\",\"item\":\"https:\\\/\\\/bioflexnutrition.com.br\\\/\"},{\"@type\":\"ListItem\",\"position\":2,\"name\":\"Loja\",\"item\":\"https:\\\/\\\/bioflexnutrition.com.br\\\/todos\\\/\"},{\"@type\":\"ListItem\",\"position\":3,\"name\":\"Veggie Protein Neutro Lata 405g\\\/15Ds Essential\"}]},{\"@type\":\"WebSite\",\"@id\":\"https:\\\/\\\/bioflexnutrition.com.br\\\/#website\",\"url\":\"https:\\\/\\\/bioflexnutrition.com.br\\\/\",\"name\":\"Bioflex Nutrition\",\"description\":\"Sua loja online de Nutri\u00e7\u00e3o e Sa\u00fade\",\"publisher\":{\"@id\":\"https:\\\/\\\/bioflexnutrition.com.br\\\/#organization\"},\"potentialAction\":[{\"@type\":\"SearchAction\",\"target\":{\"@type\":\"EntryPoint\",\"urlTemplate\":\"https:\\\/\\\/bioflexnutrition.com.br\\\/?s={search_term_string}\"},\"query-input\":{\"@type\":\"PropertyValueSpecification\",\"valueRequired\":true,\"valueName\":\"search_term_string\"}}],\"inLanguage\":\"en-US\"},{\"@type\":\"Organization\",\"@id\":\"https:\\\/\\\/bioflexnutrition.com.br\\\/#organization\",\"name\":\"Bioflex Nutrition\",\"url\":\"https:\\\/\\\/bioflexnutrition.com.br\\\/\",\"logo\":{\"@type\":\"ImageObject\",\"inLanguage\":\"en-US\",\"@id\":\"https:\\\/\\\/bioflexnutrition.com.br\\\/#\\\/schema\\\/logo\\\/image\\\/\",\"url\":\"https:\\\/\\\/bioflexnutrition.com.br\\\/wp-content\\\/uploads\\\/2025\\\/04\\\/fav.webp\",\"contentUrl\":\"https:\\\/\\\/bioflexnutrition.com.br\\\/wp-content\\\/uploads\\\/2025\\\/04\\\/fav.webp\",\"width\":1150,\"height\":1000,\"caption\":\"Bioflex Nutrition\"},\"image\":{\"@id\":\"https:\\\/\\\/bioflexnutrition.com.br\\\/#\\\/schema\\\/logo\\\/image\\\/\"},\"sameAs\":[\"https:\\\/\\\/www.instagram.com\\\/bioflexnh\\\/\"]}]}<\/script>\n<!-- \/ Yoast SEO plugin. -->","yoast_head_json":{"title":"Veggie Protein Neutro Lata 405g\/15Ds Essential - Bioflex Nutrition","robots":{"index":"index","follow":"follow","max-snippet":"max-snippet:-1","max-image-preview":"max-image-preview:large","max-video-preview":"max-video-preview:-1"},"canonical":"https:\/\/bioflexnutrition.com.br\/en\/product\/veggie-protein-neutro-lata-405g-15ds-essential\/","og_locale":"en_US","og_type":"article","og_title":"Veggie Protein Neutro Lata 405g\/15Ds Essential - Bioflex Nutrition","og_description":"Veggie Protein Neutro \u00a0 Vegan Combina\u00e7\u00e3o da prote\u00edna isolada da ervilha com a prote\u00edna da am\u00eandoa. Sem ado\u00e7antes, a\u00e7\u00facar ou aromas, pode ser facilmente adicionado a receitas doces ou salgadas.","og_url":"https:\/\/bioflexnutrition.com.br\/en\/product\/veggie-protein-neutro-lata-405g-15ds-essential\/","og_site_name":"Bioflex Nutrition","article_modified_time":"2026-04-01T18:17:12+00:00","og_image":[{"width":1950,"height":1950,"url":"https:\/\/bioflexnutrition.com.br\/wp-content\/uploads\/2025\/06\/15348386446-veggie-protein-neutro-lata-media.jpg","type":"image\/jpeg"}],"twitter_card":"summary_large_image","twitter_misc":{"Est. reading time":"3 minutes"},"schema":{"@context":"https:\/\/schema.org","@graph":[{"@type":["WebPage","ItemPage"],"@id":"https:\/\/bioflexnutrition.com.br\/produto\/veggie-protein-neutro-lata-405g-15ds-essential\/","url":"https:\/\/bioflexnutrition.com.br\/produto\/veggie-protein-neutro-lata-405g-15ds-essential\/","name":"Veggie Protein Neutro Lata 405g\/15Ds Essential - Bioflex Nutrition","isPartOf":{"@id":"https:\/\/bioflexnutrition.com.br\/#website"},"primaryImageOfPage":{"@id":"https:\/\/bioflexnutrition.com.br\/produto\/veggie-protein-neutro-lata-405g-15ds-essential\/#primaryimage"},"image":{"@id":"https:\/\/bioflexnutrition.com.br\/produto\/veggie-protein-neutro-lata-405g-15ds-essential\/#primaryimage"},"thumbnailUrl":"https:\/\/bioflexnutrition.com.br\/wp-content\/uploads\/2025\/06\/15348386446-veggie-protein-neutro-lata-media.jpg","datePublished":"2025-06-06T19:11:14+00:00","dateModified":"2026-04-01T18:17:12+00:00","breadcrumb":{"@id":"https:\/\/bioflexnutrition.com.br\/produto\/veggie-protein-neutro-lata-405g-15ds-essential\/#breadcrumb"},"inLanguage":"en-US","potentialAction":[{"@type":"ReadAction","target":["https:\/\/bioflexnutrition.com.br\/produto\/veggie-protein-neutro-lata-405g-15ds-essential\/"]}]},{"@type":"ImageObject","inLanguage":"en-US","@id":"https:\/\/bioflexnutrition.com.br\/produto\/veggie-protein-neutro-lata-405g-15ds-essential\/#primaryimage","url":"https:\/\/bioflexnutrition.com.br\/wp-content\/uploads\/2025\/06\/15348386446-veggie-protein-neutro-lata-media.jpg","contentUrl":"https:\/\/bioflexnutrition.com.br\/wp-content\/uploads\/2025\/06\/15348386446-veggie-protein-neutro-lata-media.jpg","width":1950,"height":1950},{"@type":"BreadcrumbList","@id":"https:\/\/bioflexnutrition.com.br\/produto\/veggie-protein-neutro-lata-405g-15ds-essential\/#breadcrumb","itemListElement":[{"@type":"ListItem","position":1,"name":"In\u00edcio","item":"https:\/\/bioflexnutrition.com.br\/"},{"@type":"ListItem","position":2,"name":"Loja","item":"https:\/\/bioflexnutrition.com.br\/todos\/"},{"@type":"ListItem","position":3,"name":"Veggie Protein Neutro Lata 405g\/15Ds Essential"}]},{"@type":"WebSite","@id":"https:\/\/bioflexnutrition.com.br\/#website","url":"https:\/\/bioflexnutrition.com.br\/","name":"Bioflex Nutrition","description":"Sua loja online de Nutri\u00e7\u00e3o e Sa\u00fade","publisher":{"@id":"https:\/\/bioflexnutrition.com.br\/#organization"},"potentialAction":[{"@type":"SearchAction","target":{"@type":"EntryPoint","urlTemplate":"https:\/\/bioflexnutrition.com.br\/?s={search_term_string}"},"query-input":{"@type":"PropertyValueSpecification","valueRequired":true,"valueName":"search_term_string"}}],"inLanguage":"en-US"},{"@type":"Organization","@id":"https:\/\/bioflexnutrition.com.br\/#organization","name":"Bioflex Nutrition","url":"https:\/\/bioflexnutrition.com.br\/","logo":{"@type":"ImageObject","inLanguage":"en-US","@id":"https:\/\/bioflexnutrition.com.br\/#\/schema\/logo\/image\/","url":"https:\/\/bioflexnutrition.com.br\/wp-content\/uploads\/2025\/04\/fav.webp","contentUrl":"https:\/\/bioflexnutrition.com.br\/wp-content\/uploads\/2025\/04\/fav.webp","width":1150,"height":1000,"caption":"Bioflex Nutrition"},"image":{"@id":"https:\/\/bioflexnutrition.com.br\/#\/schema\/logo\/image\/"},"sameAs":["https:\/\/www.instagram.com\/bioflexnh\/"]}]}},"_links":{"self":[{"href":"https:\/\/bioflexnutrition.com.br\/en\/wp-json\/wp\/v2\/product\/6904","targetHints":{"allow":["GET"]}}],"collection":[{"href":"https:\/\/bioflexnutrition.com.br\/en\/wp-json\/wp\/v2\/product"}],"about":[{"href":"https:\/\/bioflexnutrition.com.br\/en\/wp-json\/wp\/v2\/types\/product"}],"replies":[{"embeddable":true,"href":"https:\/\/bioflexnutrition.com.br\/en\/wp-json\/wp\/v2\/comments?post=6904"}],"wp:featuredmedia":[{"embeddable":true,"href":"https:\/\/bioflexnutrition.com.br\/en\/wp-json\/wp\/v2\/media\/6900"}],"wp:attachment":[{"href":"https:\/\/bioflexnutrition.com.br\/en\/wp-json\/wp\/v2\/media?parent=6904"}],"wp:term":[{"taxonomy":"product_cat","embeddable":true,"href":"https:\/\/bioflexnutrition.com.br\/en\/wp-json\/wp\/v2\/product_cat?post=6904"},{"taxonomy":"product_tag","embeddable":true,"href":"https:\/\/bioflexnutrition.com.br\/en\/wp-json\/wp\/v2\/product_tag?post=6904"}],"curies":[{"name":"wp","href":"https:\/\/api.w.org\/{rel}","templated":true}]}}