{"id":6928,"date":"2025-06-06T16:12:59","date_gmt":"2025-06-06T19:12:59","guid":{"rendered":"https:\/\/bioflexnutrition.com.br\/produto\/bcaa-lift-8-1-1-limao-210g-essential\/"},"modified":"2026-03-31T16:00:38","modified_gmt":"2026-03-31T19:00:38","slug":"bcaa-lift-8-1-1-limao-210g-essential","status":"publish","type":"product","link":"https:\/\/bioflexnutrition.com.br\/en\/product\/bcaa-lift-8-1-1-limao-210g-essential\/","title":{"rendered":"BCAA LIFT 8\/1\/1 LIMAO 210G ESSENTIAL"},"content":{"rendered":"<h2>BCAA Lift 8:1:1 &#8211; Amino\u00e1cidos em alta performance<\/h2>\n<p><strong>BCAA Lift 8:1:1<\/strong> \u00e9 um suplemento que combina os amino\u00e1cidos essenciais de cadeia ramificada (BCAA) com <strong>vitamina B6 em sua forma ativa<\/strong>. A f\u00f3rmula segue a propor\u00e7\u00e3o de <strong>8:1:1<\/strong>, ou seja, 8 partes de <strong>L-Leucina<\/strong> para 1 parte de <strong>L-Isoleucina<\/strong> e <strong>L-Valina<\/strong>, promovendo maior suporte \u00e0 s\u00edntese muscular.<\/p>\n<h3>Cont\u00e9m:<\/h3>\n<ul>\n<li>Amino\u00e1cidos 100% puros de origem vegetal com certifica\u00e7\u00e3o NON-GMO<\/li>\n<li>Tecnologia japonesa <strong>Ajinomoto<\/strong><\/li>\n<li>Vitamina B6 ativa (piridoxal-5-fosfato)<\/li>\n<li>Alta concentra\u00e7\u00e3o de L-Leucina<\/li>\n<\/ul>\n<h3>N\u00e3o cont\u00e9m:<\/h3>\n<ul>\n<li>Ado\u00e7antes artificiais<\/li>\n<li>Corantes artificiais<\/li>\n<li>A\u00e7\u00facar<\/li>\n<li>Gl\u00faten<\/li>\n<li>Lactose<\/li>\n<li>Conservantes<\/li>\n<\/ul>\n<h3>Entenda os amino\u00e1cidos<\/h3>\n<p>Os amino\u00e1cidos s\u00e3o os \u201ctijolos\u201d que formam as prote\u00ednas e constituem as mais diversas estruturas do corpo humano. <strong>BCAA<\/strong> \u00e9 a sigla para <em>Branched-Chain Amino Acids<\/em>, ou amino\u00e1cidos de cadeia ramificada.<\/p>\n<h4>Tipos de amino\u00e1cidos:<\/h4>\n<ul>\n<li><strong>Essenciais:<\/strong> n\u00e3o s\u00e3o produzidos pelo corpo e devem ser obtidos pela alimenta\u00e7\u00e3o. Ex: leucina, isoleucina, valina, lisina, triptofano.<\/li>\n<li><strong>N\u00e3o essenciais:<\/strong> o corpo \u00e9 capaz de sintetiz\u00e1-los. Ex: alanina, glutamina, prolina, serina.<\/li>\n<\/ul>\n<h3>Vitamina B6 para potencializar os efeitos<\/h3>\n<p>A a\u00e7\u00e3o do BCAA depende diretamente da presen\u00e7a da vitamina B6. A f\u00f3rmula do BCAA Lift 8:1:1 cont\u00e9m <strong>piridoxal-5-fosfato<\/strong>, a forma ativa da vitamina B6, otimizando a sua biodisponibilidade e efic\u00e1cia.<\/p>\n<h2>INFORMA\u00c7\u00c3O NUTRICIONAL<\/h2>\n<p><em>Por\u00e7\u00f5es por embalagem:<\/em> 30 (210g)<br \/><em>Por\u00e7\u00e3o:<\/em> 7g (1 colher-medida conforme marca\u00e7\u00e3o)<\/p>\n<table border=\"1\" cellpadding=\"6\" cellspacing=\"0\">\n<thead>\n<tr>\n<th>Componente<\/th>\n<th>Quantidade por por\u00e7\u00e3o<\/th>\n<th>%VD*<\/th>\n<\/tr>\n<\/thead>\n<tbody>\n<tr>\n<td>Valor energ\u00e9tico<\/td>\n<td>23kcal = 97kJ<\/td>\n<td>1%<\/td>\n<\/tr>\n<tr>\n<td>Carboidratos<\/td>\n<td>3,6g<\/td>\n<td>1%<\/td>\n<\/tr>\n<tr>\n<td>Poli\u00f3is<\/td>\n<td>2,2g<\/td>\n<td>**<\/td>\n<\/tr>\n<tr>\n<td>Sacarose \/ Lactose \/ Glicose<\/td>\n<td>0g<\/td>\n<td>**<\/td>\n<\/tr>\n<tr>\n<td>Prote\u00ednas<\/td>\n<td>3,0g<\/td>\n<td>4%<\/td>\n<\/tr>\n<tr>\n<td>Vitamina B6<\/td>\n<td>1,3mg<\/td>\n<td>100%<\/td>\n<\/tr>\n<tr>\n<td>L-Leucina<\/td>\n<td>2400mg<\/td>\n<td>**<\/td>\n<\/tr>\n<tr>\n<td>L-Isoleucina<\/td>\n<td>300mg<\/td>\n<td>**<\/td>\n<\/tr>\n<tr>\n<td>L-Valina<\/td>\n<td>300mg<\/td>\n<td>**<\/td>\n<\/tr>\n<\/tbody>\n<\/table>\n<p><em>N\u00e3o cont\u00e9m quantidades significativas de gorduras totais, gorduras saturadas, gorduras trans, fibras alimentares e s\u00f3dio.<\/em><br \/><em>* % Valores Di\u00e1rios de refer\u00eancia com base em uma dieta de 2.000 kcal.<\/em><br \/><em>** Valores di\u00e1rios n\u00e3o estabelecidos.<\/em><\/p>\n<h3>Ingredientes<\/h3>\n<p>Amino\u00e1cidos de cadeia ramificada (L-leucina, L-isoleucina e L-valina &#8211; PURE AMINO ACID by Ajinomoto Co), isomaltulose, piridoxal-5-fosfato, waxy maize, edulcorantes xilitol, est\u00e9via e taumatina, aromatizante id\u00eantico ao natural de lim\u00e3o, acidulante \u00e1cido c\u00edtrico, corante natural clorofilina, estabilizante goma xantana.<\/p>\n<p><strong>N\u00c3O CONT\u00c9M GL\u00daTEN.<\/strong><\/p>\n<p><strong>AL\u00c9RGICOS:<\/strong> PODE CONTER DERIVADOS DE LEITE*<\/p>\n<p><em>*Pode apresentar tra\u00e7os devido \u00e0 presen\u00e7a n\u00e3o intencional durante alguma etapa do processo de fabrica\u00e7\u00e3o.<\/em><\/p>\n<h3>Modo de Preparo<\/h3>\n<ul>\n<li>Adicione 7g (1 colher-medida) em aproximadamente 150ml de \u00e1gua.<\/li>\n<li>Misture at\u00e9 total homogeneiza\u00e7\u00e3o.<\/li>\n<li>Beba imediatamente ap\u00f3s o preparo.<\/li>\n<\/ul>\n<h3>Advert\u00eancias<\/h3>\n<ul>\n<li>Ap\u00f3s aberto, consumir em at\u00e9 60 dias.<\/li>\n<li>Produto recomendado para adultos (\u226519 anos).<\/li>\n<li>\u201cEste produto n\u00e3o \u00e9 um medicamento.\u201d<\/li>\n<li>\u201cN\u00e3o exceder a recomenda\u00e7\u00e3o di\u00e1ria de consumo indicada na embalagem.\u201d<\/li>\n<li>\u201cMantenha fora do alcance de crian\u00e7as.\u201d<\/li>\n<\/ul>","protected":false},"excerpt":{"rendered":"<p><span style=\"color: #666666;font-family: proxima-nova, sans-serif\"><span style=\"font-size: 16px\">Suplemento em p\u00f3 \u00e0 base de amino\u00e1cidos de cadeia ramificada na propor\u00e7\u00e3o de 8:1:1 \u2014 8 partes de L-leucina para 1 parte de L-isoleucina e 1 parte de L-valina \u2014 combinados com a vitamina B6 na sua forma ativa. Sabor lim\u00e3o.<\/span><\/span><\/p>","protected":false},"featured_media":7203,"comment_status":"open","ping_status":"closed","template":"","meta":{"_joinchat":[]},"product_cat":[165,254,255,248,160,157,164,170],"product_tag":[],"class_list":{"0":"post-6928","1":"product","2":"type-product","3":"status-publish","4":"has-post-thumbnail","6":"product_cat-alta-performance","7":"product_cat-aminoacidos-categorias-ecommerce","8":"product_cat-bcaa-categorias-ecommerce","9":"product_cat-categorias-e","10":"product_cat-essential","11":"product_cat-marcas","12":"product_cat-objetivos-especificos","13":"product_cat-para-ganho-de-massa","15":"first","16":"instock","17":"shipping-taxable","18":"purchasable","19":"product-type-simple","20":"col-xs-6 col-sm-4","21":"col-md-3 col-lg-3","22":"un-4-cols"},"yoast_head":"<!-- This site is optimized with the Yoast SEO plugin v27.3 - https:\/\/yoast.com\/product\/yoast-seo-wordpress\/ -->\n<title>BCAA LIFT 8\/1\/1 LIMAO 210G ESSENTIAL - Bioflex Nutrition<\/title>\n<meta name=\"robots\" content=\"index, follow, max-snippet:-1, max-image-preview:large, max-video-preview:-1\" \/>\n<link rel=\"canonical\" href=\"https:\/\/bioflexnutrition.com.br\/en\/product\/bcaa-lift-8-1-1-limao-210g-essential\/\" \/>\n<meta property=\"og:locale\" content=\"en_US\" \/>\n<meta property=\"og:type\" content=\"article\" \/>\n<meta property=\"og:title\" content=\"BCAA LIFT 8\/1\/1 LIMAO 210G ESSENTIAL - Bioflex Nutrition\" \/>\n<meta property=\"og:description\" content=\"Suplemento em p\u00f3 \u00e0 base de amino\u00e1cidos de cadeia ramificada na propor\u00e7\u00e3o de 8:1:1 \u2014 8 partes de L-leucina para 1 parte de L-isoleucina e 1 parte de L-valina \u2014 combinados com a vitamina B6 na sua forma ativa. Sabor lim\u00e3o.\" \/>\n<meta property=\"og:url\" content=\"https:\/\/bioflexnutrition.com.br\/en\/product\/bcaa-lift-8-1-1-limao-210g-essential\/\" \/>\n<meta property=\"og:site_name\" content=\"Bioflex Nutrition\" \/>\n<meta property=\"article:modified_time\" content=\"2026-03-31T19:00:38+00:00\" \/>\n<meta property=\"og:image\" content=\"https:\/\/bioflexnutrition.com.br\/wp-content\/uploads\/2025\/06\/bcaalift-limao5.webp\" \/>\n\t<meta property=\"og:image:width\" content=\"1000\" \/>\n\t<meta property=\"og:image:height\" content=\"1000\" \/>\n\t<meta property=\"og:image:type\" content=\"image\/webp\" \/>\n<meta name=\"twitter:card\" content=\"summary_large_image\" \/>\n<meta name=\"twitter:label1\" content=\"Est. reading time\" \/>\n\t<meta name=\"twitter:data1\" content=\"3 minutes\" \/>\n<script type=\"application\/ld+json\" class=\"yoast-schema-graph\">{\"@context\":\"https:\\\/\\\/schema.org\",\"@graph\":[{\"@type\":[\"WebPage\",\"ItemPage\"],\"@id\":\"https:\\\/\\\/bioflexnutrition.com.br\\\/produto\\\/bcaa-lift-8-1-1-limao-210g-essential\\\/\",\"url\":\"https:\\\/\\\/bioflexnutrition.com.br\\\/produto\\\/bcaa-lift-8-1-1-limao-210g-essential\\\/\",\"name\":\"BCAA LIFT 8\\\/1\\\/1 LIMAO 210G ESSENTIAL - Bioflex Nutrition\",\"isPartOf\":{\"@id\":\"https:\\\/\\\/bioflexnutrition.com.br\\\/#website\"},\"primaryImageOfPage\":{\"@id\":\"https:\\\/\\\/bioflexnutrition.com.br\\\/produto\\\/bcaa-lift-8-1-1-limao-210g-essential\\\/#primaryimage\"},\"image\":{\"@id\":\"https:\\\/\\\/bioflexnutrition.com.br\\\/produto\\\/bcaa-lift-8-1-1-limao-210g-essential\\\/#primaryimage\"},\"thumbnailUrl\":\"https:\\\/\\\/bioflexnutrition.com.br\\\/wp-content\\\/uploads\\\/2025\\\/06\\\/bcaalift-limao5.webp\",\"datePublished\":\"2025-06-06T19:12:59+00:00\",\"dateModified\":\"2026-03-31T19:00:38+00:00\",\"breadcrumb\":{\"@id\":\"https:\\\/\\\/bioflexnutrition.com.br\\\/produto\\\/bcaa-lift-8-1-1-limao-210g-essential\\\/#breadcrumb\"},\"inLanguage\":\"en-US\",\"potentialAction\":[{\"@type\":\"ReadAction\",\"target\":[\"https:\\\/\\\/bioflexnutrition.com.br\\\/produto\\\/bcaa-lift-8-1-1-limao-210g-essential\\\/\"]}]},{\"@type\":\"ImageObject\",\"inLanguage\":\"en-US\",\"@id\":\"https:\\\/\\\/bioflexnutrition.com.br\\\/produto\\\/bcaa-lift-8-1-1-limao-210g-essential\\\/#primaryimage\",\"url\":\"https:\\\/\\\/bioflexnutrition.com.br\\\/wp-content\\\/uploads\\\/2025\\\/06\\\/bcaalift-limao5.webp\",\"contentUrl\":\"https:\\\/\\\/bioflexnutrition.com.br\\\/wp-content\\\/uploads\\\/2025\\\/06\\\/bcaalift-limao5.webp\",\"width\":1000,\"height\":1000},{\"@type\":\"BreadcrumbList\",\"@id\":\"https:\\\/\\\/bioflexnutrition.com.br\\\/produto\\\/bcaa-lift-8-1-1-limao-210g-essential\\\/#breadcrumb\",\"itemListElement\":[{\"@type\":\"ListItem\",\"position\":1,\"name\":\"In\u00edcio\",\"item\":\"https:\\\/\\\/bioflexnutrition.com.br\\\/\"},{\"@type\":\"ListItem\",\"position\":2,\"name\":\"Loja\",\"item\":\"https:\\\/\\\/bioflexnutrition.com.br\\\/todos\\\/\"},{\"@type\":\"ListItem\",\"position\":3,\"name\":\"BCAA LIFT 8\\\/1\\\/1 LIMAO 210G ESSENTIAL\"}]},{\"@type\":\"WebSite\",\"@id\":\"https:\\\/\\\/bioflexnutrition.com.br\\\/#website\",\"url\":\"https:\\\/\\\/bioflexnutrition.com.br\\\/\",\"name\":\"Bioflex Nutrition\",\"description\":\"Sua loja online de Nutri\u00e7\u00e3o e Sa\u00fade\",\"publisher\":{\"@id\":\"https:\\\/\\\/bioflexnutrition.com.br\\\/#organization\"},\"potentialAction\":[{\"@type\":\"SearchAction\",\"target\":{\"@type\":\"EntryPoint\",\"urlTemplate\":\"https:\\\/\\\/bioflexnutrition.com.br\\\/?s={search_term_string}\"},\"query-input\":{\"@type\":\"PropertyValueSpecification\",\"valueRequired\":true,\"valueName\":\"search_term_string\"}}],\"inLanguage\":\"en-US\"},{\"@type\":\"Organization\",\"@id\":\"https:\\\/\\\/bioflexnutrition.com.br\\\/#organization\",\"name\":\"Bioflex Nutrition\",\"url\":\"https:\\\/\\\/bioflexnutrition.com.br\\\/\",\"logo\":{\"@type\":\"ImageObject\",\"inLanguage\":\"en-US\",\"@id\":\"https:\\\/\\\/bioflexnutrition.com.br\\\/#\\\/schema\\\/logo\\\/image\\\/\",\"url\":\"https:\\\/\\\/bioflexnutrition.com.br\\\/wp-content\\\/uploads\\\/2025\\\/04\\\/fav.webp\",\"contentUrl\":\"https:\\\/\\\/bioflexnutrition.com.br\\\/wp-content\\\/uploads\\\/2025\\\/04\\\/fav.webp\",\"width\":1150,\"height\":1000,\"caption\":\"Bioflex Nutrition\"},\"image\":{\"@id\":\"https:\\\/\\\/bioflexnutrition.com.br\\\/#\\\/schema\\\/logo\\\/image\\\/\"},\"sameAs\":[\"https:\\\/\\\/www.instagram.com\\\/bioflexnh\\\/\"]}]}<\/script>\n<!-- \/ Yoast SEO plugin. -->","yoast_head_json":{"title":"BCAA LIFT 8\/1\/1 LIMAO 210G ESSENTIAL - Bioflex Nutrition","robots":{"index":"index","follow":"follow","max-snippet":"max-snippet:-1","max-image-preview":"max-image-preview:large","max-video-preview":"max-video-preview:-1"},"canonical":"https:\/\/bioflexnutrition.com.br\/en\/product\/bcaa-lift-8-1-1-limao-210g-essential\/","og_locale":"en_US","og_type":"article","og_title":"BCAA LIFT 8\/1\/1 LIMAO 210G ESSENTIAL - Bioflex Nutrition","og_description":"Suplemento em p\u00f3 \u00e0 base de amino\u00e1cidos de cadeia ramificada na propor\u00e7\u00e3o de 8:1:1 \u2014 8 partes de L-leucina para 1 parte de L-isoleucina e 1 parte de L-valina \u2014 combinados com a vitamina B6 na sua forma ativa. Sabor lim\u00e3o.","og_url":"https:\/\/bioflexnutrition.com.br\/en\/product\/bcaa-lift-8-1-1-limao-210g-essential\/","og_site_name":"Bioflex Nutrition","article_modified_time":"2026-03-31T19:00:38+00:00","og_image":[{"width":1000,"height":1000,"url":"https:\/\/bioflexnutrition.com.br\/wp-content\/uploads\/2025\/06\/bcaalift-limao5.webp","type":"image\/webp"}],"twitter_card":"summary_large_image","twitter_misc":{"Est. reading time":"3 minutes"},"schema":{"@context":"https:\/\/schema.org","@graph":[{"@type":["WebPage","ItemPage"],"@id":"https:\/\/bioflexnutrition.com.br\/produto\/bcaa-lift-8-1-1-limao-210g-essential\/","url":"https:\/\/bioflexnutrition.com.br\/produto\/bcaa-lift-8-1-1-limao-210g-essential\/","name":"BCAA LIFT 8\/1\/1 LIMAO 210G ESSENTIAL - Bioflex Nutrition","isPartOf":{"@id":"https:\/\/bioflexnutrition.com.br\/#website"},"primaryImageOfPage":{"@id":"https:\/\/bioflexnutrition.com.br\/produto\/bcaa-lift-8-1-1-limao-210g-essential\/#primaryimage"},"image":{"@id":"https:\/\/bioflexnutrition.com.br\/produto\/bcaa-lift-8-1-1-limao-210g-essential\/#primaryimage"},"thumbnailUrl":"https:\/\/bioflexnutrition.com.br\/wp-content\/uploads\/2025\/06\/bcaalift-limao5.webp","datePublished":"2025-06-06T19:12:59+00:00","dateModified":"2026-03-31T19:00:38+00:00","breadcrumb":{"@id":"https:\/\/bioflexnutrition.com.br\/produto\/bcaa-lift-8-1-1-limao-210g-essential\/#breadcrumb"},"inLanguage":"en-US","potentialAction":[{"@type":"ReadAction","target":["https:\/\/bioflexnutrition.com.br\/produto\/bcaa-lift-8-1-1-limao-210g-essential\/"]}]},{"@type":"ImageObject","inLanguage":"en-US","@id":"https:\/\/bioflexnutrition.com.br\/produto\/bcaa-lift-8-1-1-limao-210g-essential\/#primaryimage","url":"https:\/\/bioflexnutrition.com.br\/wp-content\/uploads\/2025\/06\/bcaalift-limao5.webp","contentUrl":"https:\/\/bioflexnutrition.com.br\/wp-content\/uploads\/2025\/06\/bcaalift-limao5.webp","width":1000,"height":1000},{"@type":"BreadcrumbList","@id":"https:\/\/bioflexnutrition.com.br\/produto\/bcaa-lift-8-1-1-limao-210g-essential\/#breadcrumb","itemListElement":[{"@type":"ListItem","position":1,"name":"In\u00edcio","item":"https:\/\/bioflexnutrition.com.br\/"},{"@type":"ListItem","position":2,"name":"Loja","item":"https:\/\/bioflexnutrition.com.br\/todos\/"},{"@type":"ListItem","position":3,"name":"BCAA LIFT 8\/1\/1 LIMAO 210G ESSENTIAL"}]},{"@type":"WebSite","@id":"https:\/\/bioflexnutrition.com.br\/#website","url":"https:\/\/bioflexnutrition.com.br\/","name":"Bioflex Nutrition","description":"Sua loja online de Nutri\u00e7\u00e3o e Sa\u00fade","publisher":{"@id":"https:\/\/bioflexnutrition.com.br\/#organization"},"potentialAction":[{"@type":"SearchAction","target":{"@type":"EntryPoint","urlTemplate":"https:\/\/bioflexnutrition.com.br\/?s={search_term_string}"},"query-input":{"@type":"PropertyValueSpecification","valueRequired":true,"valueName":"search_term_string"}}],"inLanguage":"en-US"},{"@type":"Organization","@id":"https:\/\/bioflexnutrition.com.br\/#organization","name":"Bioflex Nutrition","url":"https:\/\/bioflexnutrition.com.br\/","logo":{"@type":"ImageObject","inLanguage":"en-US","@id":"https:\/\/bioflexnutrition.com.br\/#\/schema\/logo\/image\/","url":"https:\/\/bioflexnutrition.com.br\/wp-content\/uploads\/2025\/04\/fav.webp","contentUrl":"https:\/\/bioflexnutrition.com.br\/wp-content\/uploads\/2025\/04\/fav.webp","width":1150,"height":1000,"caption":"Bioflex Nutrition"},"image":{"@id":"https:\/\/bioflexnutrition.com.br\/#\/schema\/logo\/image\/"},"sameAs":["https:\/\/www.instagram.com\/bioflexnh\/"]}]}},"_links":{"self":[{"href":"https:\/\/bioflexnutrition.com.br\/en\/wp-json\/wp\/v2\/product\/6928","targetHints":{"allow":["GET"]}}],"collection":[{"href":"https:\/\/bioflexnutrition.com.br\/en\/wp-json\/wp\/v2\/product"}],"about":[{"href":"https:\/\/bioflexnutrition.com.br\/en\/wp-json\/wp\/v2\/types\/product"}],"replies":[{"embeddable":true,"href":"https:\/\/bioflexnutrition.com.br\/en\/wp-json\/wp\/v2\/comments?post=6928"}],"wp:featuredmedia":[{"embeddable":true,"href":"https:\/\/bioflexnutrition.com.br\/en\/wp-json\/wp\/v2\/media\/7203"}],"wp:attachment":[{"href":"https:\/\/bioflexnutrition.com.br\/en\/wp-json\/wp\/v2\/media?parent=6928"}],"wp:term":[{"taxonomy":"product_cat","embeddable":true,"href":"https:\/\/bioflexnutrition.com.br\/en\/wp-json\/wp\/v2\/product_cat?post=6928"},{"taxonomy":"product_tag","embeddable":true,"href":"https:\/\/bioflexnutrition.com.br\/en\/wp-json\/wp\/v2\/product_tag?post=6928"}],"curies":[{"name":"wp","href":"https:\/\/api.w.org\/{rel}","templated":true}]}}